{"id":9880,"date":"2024-07-02T11:12:52","date_gmt":"2024-07-02T08:12:52","guid":{"rendered":"https:\/\/www.ranoja.ee\/?post_type=product&#038;p=9880"},"modified":"2025-12-12T15:07:49","modified_gmt":"2025-12-12T12:07:49","slug":"cedrus-robotniiduk-c-mow-l16-1600m2","status":"publish","type":"product","link":"https:\/\/ranoja.ee\/en\/toode\/cedrus-robotniiduk-c-mow-l16-1600m2\/","title":{"rendered":"Cedrus robotniiduk C-MOW-L16+ 1600m2 + TRIMMER KAUBA PEALE!"},"content":{"rendered":"<p>Cedrus robotniiduk C-MOW-L16+ 1600m2<br \/>\nMeie uued Cedrus C-MOW seeria automaatniidukid hoolitsevad teie aia eest. Selleks, et niiduk saaks muru niita, on esmalt vaja paigaldada piirdekaabel, mis m\u00e4\u00e4ratleb roboti t\u00f6\u00f6piirkonna. Traat koos pulkadega kuulub komplekti. Seej\u00e4rel tuleks juhe \u00fchendada laadimisjaamaga. J\u00e4rgmine samm on asetada niiduk laadijasse ja l\u00fclitada see sisse. Neile, kes hindavad lihtsust, on C-MOW niidukid eelprogrammeeritud. L\u00fclitage niiduk lihtsalt sisse ja see t\u00f6\u00f6tab vastavalt m\u00e4\u00e4ratud ajakavale.<\/p>\n<p>Kui soovite sisestada oma isiklikud seaded, saate seda teha kahel viisil.<\/p>\n<p>1. Klaviatuuri ja ekraani kasutamine \u2013 vt kasutusjuhendit<\/p>\n<p>2. \u00dchendage niiduk oma nutitelefoniga, kasutades rakendust &#8220;Robotic-Mower Connect&#8221;.<\/p>\n<p>K\u00f5ik meie niidukid on varustatud Bluetoothi \u200b\u200bja WiFi-ga. Kui olete niiduki oma koduse WiFi-v\u00f5rguga \u00fchendanud, saate seda juhtida k\u00f5ikjal maailmas.<\/p>\n<p>Meie niidurobotid on ohutuse tagamiseks varustatud paljude anduritega.<\/p>\n<p>Iga C-MOW automaatne niiduk on standardvarustuses:<br \/>\n&#8211; laadimisjaam<br \/>\n&#8211; laadija<br \/>\n&#8211; piirdekaabel (traadi kogus s\u00f5ltub alast, millega robot hakkama saab)<br \/>\n&#8211; traattihvtid<br \/>\n&#8211; laadimisjaama naelu<br \/>\n&#8211; 6 varutera<br \/>\n&#8211; 6 noa kruvi<\/p>\n<p>C-MOW L-seeria automaatniidukid on lisaks varustatud l\u00e4hedusanduritega, t\u00e4nu millele tuvastavad takistuse enne sellele tabamist, seej\u00e4rel v\u00e4ldivad seda ja j\u00e4tkavad niitmist.<\/p>\n<p>Kuidas C-MOW t\u00f6\u00f6tab<\/p>\n<p>&#8211; t\u00f6\u00f6ala on kaabliga piiratud<\/p>\n<p>&#8211; niiduk t\u00f6\u00f6tab automaatselt vastavalt graafikule<\/p>\n<p>&#8211; naaseb laadimiseks automaatselt baasi<\/p>\n<p>&#8211; sellel on neli l\u00e4htepunkti, mida saab kaardil redigeerida<\/p>\n<p>&#8211; \u00fchendub teie koduv\u00f5rgu ja telefoniga WIFI ja Bluetoothi \u200b\u200bkaudu<\/p>\n<p>&#8211; p\u00e4rast kodu WIFI-ga \u00fchendamist uuendab niiduk automaatselt &#8211; FOTA s\u00fcsteem<\/p>\n<p>&#8211; l\u00f5ikab muru kolme kettale asetatud teraga<\/p>\n<p>&#8211; l\u00f5ikeketas asetatakse hingedele, mis t\u00f5stavad seda, kui see takistust tabab<br \/>\nCedrus robotniiduk C-MOW-L16+ 1600m2<\/p>\n<p>CEDRUS on \u00fcks suurimaid aiandusmasinate, t\u00f6\u00f6riistade ning metsandus tarvikute edasim\u00fc\u00fcjaid Poolas.<br \/>\nMeie eesm\u00e4rk on pakkuda klientidele k\u00f5rgeima kvaliteediga tooteid konkurentsiv\u00f5imeliste hindadega.<br \/>\nAlates 2016. aastast oleme arendanud ka oma kaubam\u00e4rgi all olevat tootesarja Cedrus.<br \/>\nHetkel pakume enam kui 100 t\u00fc\u00fcpi CEDRUS kaubam\u00e4rgi aia- ja ehitusmasinaid, samuti k\u00f5iki hooldustarvikuid ja varuosi.<br \/>\n<img decoding=\"async\" class=\"alignnone size-medium wp-image-5896\" src=\"https:\/\/www.ranoja.ee\/wp-content\/uploads\/2023\/07\/cedrus-logo-vaike-1-300x99.png\" alt=\"\" width=\"300\" height=\"99\" srcset=\"https:\/\/ranoja.ee\/wp-content\/uploads\/2023\/07\/cedrus-logo-vaike-1-300x99.png 300w, https:\/\/ranoja.ee\/wp-content\/uploads\/2023\/07\/cedrus-logo-vaike-1.png 431w\" sizes=\"(max-width: 300px) 100vw, 300px\" \/><\/p>\n","protected":false},"excerpt":{"rendered":"<p>Cedrus robotniiduk C-MOW-L16+ 1600m2<\/p>\n<p>Niiduala: 1600m2<br \/>\nHarjavaba elektrimootor<br \/>\n4 erinevat t\u00f6\u00f6tsooni alguspunkti<br \/>\nSobib kallakutele kuni 35%<br \/>\nKitsaim koht kus robot vabalt niidab 0,8m<br \/>\n<strong>Led valgustus n\u00e4itab roboti toiminguid erinevate v\u00e4rvidega<\/strong><br \/>\nAku Li-Ion 5.0Ah<br \/>\nL\u00f5ikelaius 22cm<br \/>\nL\u00f5ikek\u00f5rgus 20-60mm (9 valikut)<br \/>\nAndurid: Kokkup\u00f5rke andur, kaldeandur, t\u00f5steandur, l\u00e4hendussensor, vihmasensor<br \/>\nHingedel 3 teraga l\u00f5ikes\u00fcsteem mis t\u00f5stab ennast vastavalt maapinnale<br \/>\n<strong>Seade on varustatud l\u00e4hendussensoriga mis avastab objektid ca 20 cm k\u00f5rguselt mida kaabel ei piira (Jalgpall, p\u00f5\u00f5sas, puu, peenrakast jne)<\/strong><br \/>\nKaal 10,4kg<br \/>\n*Pin kood<br \/>\n*bluetooth<br \/>\n*WIFI<br \/>\n*IPx5<br \/>\n*Heli kuni 52db<br \/>\n*Kummist rattad<br \/>\n*Display robotniiduki seadistamiseks<br \/>\n*Seadistatav l\u00e4bi rakenduse:Robotic-Mower Connect<br \/>\n*Led valgustus<\/p>\n<p><strong>T\u00e4iendav spetsifikatsioon<\/strong><br \/>\nMuruniiduki kaitseklass: IPX5<br \/>\nLaadimisjaama kaitseklass: IPX4<br \/>\nToiteallikas: IP67<br \/>\nRakendus: Wi-Fi 2.4G + Bluetooth 4.0<\/p>\n<p><strong>Komplektis kaasas:<\/strong><br \/>\n200m piirdekaablit + kinnitused<br \/>\nLaadija + kinnitused<br \/>\nLisa 6 l\u00f5iketera + poldid<\/p>\n<p><strong>Lisaks on v\u00f5imalik tellida:<\/strong><br \/>\n<a href=\"https:\/\/www.ranoja.ee\/toode\/cedrus-robotniiduki-kaabli-rem-komplekt-cedzn-r\/\">CEDZN-R kaabli rem.komplekt<\/a><br \/>\n<a href=\"https:\/\/www.ranoja.ee\/toode\/cedrus-robotniidukite-paigalduskomplekt-100m-cedzi-s\/\">CEDZI-S lisa paigalduskomplekt 100m<\/a><br \/>\n<a href=\"https:\/\/www.ranoja.ee\/toode\/cedrus-robotniidukite-paigalduskomplekt-200m-cedzi-m\/\">CEDZI-M lisa paigalduskomplekt 200m<\/a><br \/>\n<a href=\"https:\/\/www.ranoja.ee\/toode\/cedrus-c-mow-l-seeria-robotniidukite-jalgimisseade-c-mow-gps-l\/\">GPS j\u00e4lgimisseade<\/a><br \/>\n<a href=\"https:\/\/www.ranoja.ee\/toode\/cedrus-c-mow-l-seeria-laadimisjaama-kate-c-mow-roof-l\/\">Laadimisjaama kate<\/a><\/p>\n<p><span style=\"color: #000000;\"><strong>Garantii 1 aasta (eraisikule 3 aastat)<\/strong><\/span><\/p>\n","protected":false},"featured_media":11463,"template":"","meta":{"inline_featured_image":false},"product_cat":[1079,895,1080],"product_tag":[1149,137,264,1147,1144],"class_list":{"0":"post-9880","1":"product","2":"type-product","3":"status-publish","4":"has-post-thumbnail","6":"product_brand-cedrus","7":"product_cat-aiatehnika-ja-niidutehnika","8":"product_cat-parimad-pakkumised-aiatehnikale-ja-ehitustehnikale","9":"product_cat-robotniidukid","10":"product_tag-c-mow-l-16","11":"product_tag-cedrus","12":"product_tag-muruniiduk","13":"product_tag-robot","14":"product_tag-robotniiduk","16":"first","17":"instock","18":"sale","19":"taxable","20":"shipping-taxable","21":"purchasable","22":"product-type-simple"},"yoast_head":"<!-- This site is optimized with the Yoast SEO plugin v27.4 - https:\/\/yoast.com\/product\/yoast-seo-wordpress\/ -->\n<title>Cedrus robotniiduk C-MOW-L16+ 1600m2<\/title>\n<meta name=\"description\" content=\"Cedrus robotniiduk C-MOW-L16+ 1600m2 L\u00f5ikek\u00f5rgus 20-60mm (9 valikut)Andurid: Kokkup\u00f5rke andur, kaldeandur, t\u00f5steandur, l\u00e4hendussensor, vihmasensor\" \/>\n<meta name=\"robots\" content=\"index, follow, max-snippet:-1, max-image-preview:large, max-video-preview:-1\" \/>\n<link rel=\"canonical\" href=\"https:\/\/ranoja.ee\/toode\/cedrus-robotniiduk-c-mow-l16-1600m2\/\" \/>\n<meta property=\"og:locale\" content=\"en_US\" \/>\n<meta property=\"og:type\" content=\"article\" \/>\n<meta property=\"og:title\" content=\"Cedrus robotniiduk C-MOW-L16+ 1600m2\" \/>\n<meta property=\"og:description\" content=\"Cedrus robotniiduk C-MOW-L16+ 1600m2 L\u00f5ikek\u00f5rgus 20-60mm (9 valikut)Andurid: Kokkup\u00f5rke andur, kaldeandur, t\u00f5steandur, l\u00e4hendussensor, vihmasensor\" \/>\n<meta property=\"og:url\" content=\"https:\/\/ranoja.ee\/toode\/cedrus-robotniiduk-c-mow-l16-1600m2\/\" \/>\n<meta property=\"og:site_name\" content=\"Ranoja\" \/>\n<meta property=\"article:publisher\" content=\"https:\/\/www.facebook.com\/ranoja.ee\" \/>\n<meta property=\"article:modified_time\" content=\"2025-12-12T12:07:49+00:00\" \/>\n<meta property=\"og:image\" content=\"https:\/\/ranoja.ee\/wp-content\/uploads\/2024\/07\/download-1-Copy.jpg\" \/>\n\t<meta property=\"og:image:width\" content=\"1200\" \/>\n\t<meta property=\"og:image:height\" content=\"800\" \/>\n\t<meta property=\"og:image:type\" content=\"image\/jpeg\" \/>\n<meta name=\"twitter:card\" content=\"summary_large_image\" \/>\n<meta name=\"twitter:label1\" content=\"Est. reading time\" \/>\n\t<meta name=\"twitter:data1\" content=\"2 minutes\" \/>\n<script type=\"application\/ld+json\" class=\"yoast-schema-graph\">{\"@context\":\"https:\\\/\\\/schema.org\",\"@graph\":[{\"@type\":\"WebPage\",\"@id\":\"https:\\\/\\\/ranoja.ee\\\/toode\\\/cedrus-robotniiduk-c-mow-l16-1600m2\\\/\",\"url\":\"https:\\\/\\\/ranoja.ee\\\/toode\\\/cedrus-robotniiduk-c-mow-l16-1600m2\\\/\",\"name\":\"Cedrus robotniiduk C-MOW-L16+ 1600m2\",\"isPartOf\":{\"@id\":\"https:\\\/\\\/ranoja.ee\\\/#website\"},\"primaryImageOfPage\":{\"@id\":\"https:\\\/\\\/ranoja.ee\\\/toode\\\/cedrus-robotniiduk-c-mow-l16-1600m2\\\/#primaryimage\"},\"image\":{\"@id\":\"https:\\\/\\\/ranoja.ee\\\/toode\\\/cedrus-robotniiduk-c-mow-l16-1600m2\\\/#primaryimage\"},\"thumbnailUrl\":\"https:\\\/\\\/ranoja.ee\\\/wp-content\\\/uploads\\\/2024\\\/07\\\/download-1-Copy.jpg\",\"datePublished\":\"2024-07-02T08:12:52+00:00\",\"dateModified\":\"2025-12-12T12:07:49+00:00\",\"description\":\"Cedrus robotniiduk C-MOW-L16+ 1600m2 L\u00f5ikek\u00f5rgus 20-60mm (9 valikut)Andurid: Kokkup\u00f5rke andur, kaldeandur, t\u00f5steandur, l\u00e4hendussensor, vihmasensor\",\"breadcrumb\":{\"@id\":\"https:\\\/\\\/ranoja.ee\\\/toode\\\/cedrus-robotniiduk-c-mow-l16-1600m2\\\/#breadcrumb\"},\"inLanguage\":\"en-US\",\"potentialAction\":[{\"@type\":\"ReadAction\",\"target\":[\"https:\\\/\\\/ranoja.ee\\\/toode\\\/cedrus-robotniiduk-c-mow-l16-1600m2\\\/\"]}]},{\"@type\":\"ImageObject\",\"inLanguage\":\"en-US\",\"@id\":\"https:\\\/\\\/ranoja.ee\\\/toode\\\/cedrus-robotniiduk-c-mow-l16-1600m2\\\/#primaryimage\",\"url\":\"https:\\\/\\\/ranoja.ee\\\/wp-content\\\/uploads\\\/2024\\\/07\\\/download-1-Copy.jpg\",\"contentUrl\":\"https:\\\/\\\/ranoja.ee\\\/wp-content\\\/uploads\\\/2024\\\/07\\\/download-1-Copy.jpg\",\"width\":1200,\"height\":800,\"caption\":\"Cedrus robotniiduk C-MOW-L16+ 1600m2\"},{\"@type\":\"BreadcrumbList\",\"@id\":\"https:\\\/\\\/ranoja.ee\\\/toode\\\/cedrus-robotniiduk-c-mow-l16-1600m2\\\/#breadcrumb\",\"itemListElement\":[{\"@type\":\"ListItem\",\"position\":1,\"name\":\"Home\",\"item\":\"https:\\\/\\\/ranoja.ee\\\/\"},{\"@type\":\"ListItem\",\"position\":2,\"name\":\"Shop\",\"item\":\"https:\\\/\\\/ranoja.ee\\\/en\\\/shop\\\/\"},{\"@type\":\"ListItem\",\"position\":3,\"name\":\"Cedrus robotniiduk C-MOW-L16+ 1600m2 + TRIMMER KAUBA PEALE!\"}]},{\"@type\":\"WebSite\",\"@id\":\"https:\\\/\\\/ranoja.ee\\\/#website\",\"url\":\"https:\\\/\\\/ranoja.ee\\\/\",\"name\":\"Ranoja\",\"description\":\"Equipment Shop WooCommerce WordPress Theme for Machine &amp; Tools\",\"publisher\":{\"@id\":\"https:\\\/\\\/ranoja.ee\\\/#organization\"},\"potentialAction\":[{\"@type\":\"SearchAction\",\"target\":{\"@type\":\"EntryPoint\",\"urlTemplate\":\"https:\\\/\\\/ranoja.ee\\\/?s={search_term_string}\"},\"query-input\":{\"@type\":\"PropertyValueSpecification\",\"valueRequired\":true,\"valueName\":\"search_term_string\"}}],\"inLanguage\":\"en-US\"},{\"@type\":\"Organization\",\"@id\":\"https:\\\/\\\/ranoja.ee\\\/#organization\",\"name\":\"Ranoja O\u00dc\",\"url\":\"https:\\\/\\\/ranoja.ee\\\/\",\"logo\":{\"@type\":\"ImageObject\",\"inLanguage\":\"en-US\",\"@id\":\"https:\\\/\\\/ranoja.ee\\\/#\\\/schema\\\/logo\\\/image\\\/\",\"url\":\"https:\\\/\\\/ranoja.ee\\\/wp-content\\\/uploads\\\/2023\\\/11\\\/ranoja-Logo.png\",\"contentUrl\":\"https:\\\/\\\/ranoja.ee\\\/wp-content\\\/uploads\\\/2023\\\/11\\\/ranoja-Logo.png\",\"width\":207,\"height\":58,\"caption\":\"Ranoja O\u00dc\"},\"image\":{\"@id\":\"https:\\\/\\\/ranoja.ee\\\/#\\\/schema\\\/logo\\\/image\\\/\"},\"sameAs\":[\"https:\\\/\\\/www.facebook.com\\\/ranoja.ee\",\"https:\\\/\\\/www.instagram.com\\\/ranoja__\\\/\"]}]}<\/script>\n<!-- \/ Yoast SEO plugin. -->","yoast_head_json":{"title":"Cedrus robotniiduk C-MOW-L16+ 1600m2","description":"Cedrus robotniiduk C-MOW-L16+ 1600m2 L\u00f5ikek\u00f5rgus 20-60mm (9 valikut)Andurid: Kokkup\u00f5rke andur, kaldeandur, t\u00f5steandur, l\u00e4hendussensor, vihmasensor","robots":{"index":"index","follow":"follow","max-snippet":"max-snippet:-1","max-image-preview":"max-image-preview:large","max-video-preview":"max-video-preview:-1"},"canonical":"https:\/\/ranoja.ee\/toode\/cedrus-robotniiduk-c-mow-l16-1600m2\/","og_locale":"en_US","og_type":"article","og_title":"Cedrus robotniiduk C-MOW-L16+ 1600m2","og_description":"Cedrus robotniiduk C-MOW-L16+ 1600m2 L\u00f5ikek\u00f5rgus 20-60mm (9 valikut)Andurid: Kokkup\u00f5rke andur, kaldeandur, t\u00f5steandur, l\u00e4hendussensor, vihmasensor","og_url":"https:\/\/ranoja.ee\/toode\/cedrus-robotniiduk-c-mow-l16-1600m2\/","og_site_name":"Ranoja","article_publisher":"https:\/\/www.facebook.com\/ranoja.ee","article_modified_time":"2025-12-12T12:07:49+00:00","og_image":[{"width":1200,"height":800,"url":"https:\/\/ranoja.ee\/wp-content\/uploads\/2024\/07\/download-1-Copy.jpg","type":"image\/jpeg"}],"twitter_card":"summary_large_image","twitter_misc":{"Est. reading time":"2 minutes"},"schema":{"@context":"https:\/\/schema.org","@graph":[{"@type":"WebPage","@id":"https:\/\/ranoja.ee\/toode\/cedrus-robotniiduk-c-mow-l16-1600m2\/","url":"https:\/\/ranoja.ee\/toode\/cedrus-robotniiduk-c-mow-l16-1600m2\/","name":"Cedrus robotniiduk C-MOW-L16+ 1600m2","isPartOf":{"@id":"https:\/\/ranoja.ee\/#website"},"primaryImageOfPage":{"@id":"https:\/\/ranoja.ee\/toode\/cedrus-robotniiduk-c-mow-l16-1600m2\/#primaryimage"},"image":{"@id":"https:\/\/ranoja.ee\/toode\/cedrus-robotniiduk-c-mow-l16-1600m2\/#primaryimage"},"thumbnailUrl":"https:\/\/ranoja.ee\/wp-content\/uploads\/2024\/07\/download-1-Copy.jpg","datePublished":"2024-07-02T08:12:52+00:00","dateModified":"2025-12-12T12:07:49+00:00","description":"Cedrus robotniiduk C-MOW-L16+ 1600m2 L\u00f5ikek\u00f5rgus 20-60mm (9 valikut)Andurid: Kokkup\u00f5rke andur, kaldeandur, t\u00f5steandur, l\u00e4hendussensor, vihmasensor","breadcrumb":{"@id":"https:\/\/ranoja.ee\/toode\/cedrus-robotniiduk-c-mow-l16-1600m2\/#breadcrumb"},"inLanguage":"en-US","potentialAction":[{"@type":"ReadAction","target":["https:\/\/ranoja.ee\/toode\/cedrus-robotniiduk-c-mow-l16-1600m2\/"]}]},{"@type":"ImageObject","inLanguage":"en-US","@id":"https:\/\/ranoja.ee\/toode\/cedrus-robotniiduk-c-mow-l16-1600m2\/#primaryimage","url":"https:\/\/ranoja.ee\/wp-content\/uploads\/2024\/07\/download-1-Copy.jpg","contentUrl":"https:\/\/ranoja.ee\/wp-content\/uploads\/2024\/07\/download-1-Copy.jpg","width":1200,"height":800,"caption":"Cedrus robotniiduk C-MOW-L16+ 1600m2"},{"@type":"BreadcrumbList","@id":"https:\/\/ranoja.ee\/toode\/cedrus-robotniiduk-c-mow-l16-1600m2\/#breadcrumb","itemListElement":[{"@type":"ListItem","position":1,"name":"Home","item":"https:\/\/ranoja.ee\/"},{"@type":"ListItem","position":2,"name":"Shop","item":"https:\/\/ranoja.ee\/en\/shop\/"},{"@type":"ListItem","position":3,"name":"Cedrus robotniiduk C-MOW-L16+ 1600m2 + TRIMMER KAUBA PEALE!"}]},{"@type":"WebSite","@id":"https:\/\/ranoja.ee\/#website","url":"https:\/\/ranoja.ee\/","name":"Ranoja","description":"Equipment Shop WooCommerce WordPress Theme for Machine &amp; Tools","publisher":{"@id":"https:\/\/ranoja.ee\/#organization"},"potentialAction":[{"@type":"SearchAction","target":{"@type":"EntryPoint","urlTemplate":"https:\/\/ranoja.ee\/?s={search_term_string}"},"query-input":{"@type":"PropertyValueSpecification","valueRequired":true,"valueName":"search_term_string"}}],"inLanguage":"en-US"},{"@type":"Organization","@id":"https:\/\/ranoja.ee\/#organization","name":"Ranoja O\u00dc","url":"https:\/\/ranoja.ee\/","logo":{"@type":"ImageObject","inLanguage":"en-US","@id":"https:\/\/ranoja.ee\/#\/schema\/logo\/image\/","url":"https:\/\/ranoja.ee\/wp-content\/uploads\/2023\/11\/ranoja-Logo.png","contentUrl":"https:\/\/ranoja.ee\/wp-content\/uploads\/2023\/11\/ranoja-Logo.png","width":207,"height":58,"caption":"Ranoja O\u00dc"},"image":{"@id":"https:\/\/ranoja.ee\/#\/schema\/logo\/image\/"},"sameAs":["https:\/\/www.facebook.com\/ranoja.ee","https:\/\/www.instagram.com\/ranoja__\/"]}]}},"_links":{"self":[{"href":"https:\/\/ranoja.ee\/en\/wp-json\/wp\/v2\/product\/9880","targetHints":{"allow":["GET"]}}],"collection":[{"href":"https:\/\/ranoja.ee\/en\/wp-json\/wp\/v2\/product"}],"about":[{"href":"https:\/\/ranoja.ee\/en\/wp-json\/wp\/v2\/types\/product"}],"wp:featuredmedia":[{"embeddable":true,"href":"https:\/\/ranoja.ee\/en\/wp-json\/wp\/v2\/media\/11463"}],"wp:attachment":[{"href":"https:\/\/ranoja.ee\/en\/wp-json\/wp\/v2\/media?parent=9880"}],"wp:term":[{"taxonomy":"product_cat","embeddable":true,"href":"https:\/\/ranoja.ee\/en\/wp-json\/wp\/v2\/product_cat?post=9880"},{"taxonomy":"product_tag","embeddable":true,"href":"https:\/\/ranoja.ee\/en\/wp-json\/wp\/v2\/product_tag?post=9880"}],"curies":[{"name":"wp","href":"https:\/\/api.w.org\/{rel}","templated":true}]}}