{"id":9689,"date":"2024-06-12T14:09:33","date_gmt":"2024-06-12T11:09:33","guid":{"rendered":"https:\/\/www.ranoja.ee\/?post_type=product&#038;p=9689"},"modified":"2025-12-10T13:14:44","modified_gmt":"2025-12-10T10:14:44","slug":"lumag-pinnasetihendaja-rpi38de-diisel-38kn","status":"publish","type":"product","link":"https:\/\/ranoja.ee\/en\/toode\/lumag-pinnasetihendaja-rpi38de-diisel-38kn\/","title":{"rendered":"Lumag pinnasetihendaja RPI38DE diisel (38kN)"},"content":{"rendered":"<p>Lumag pinnasetihendaja RPI38DE diisel (38kN)<\/p>\n<p>Lumag RP-i38DE on v\u00f5imas vibroplaat professionaalseks kasutamiseks keskmise suurusega ehitusplatsidel aia- ja haljastust\u00f6\u00f6del ning vundamentide ja kanalite ehitamisel. Oma \u00f5hukese disaini ja 292 kg kaaluva kaaluga sobib see ideaalselt suuremate alade h\u00f5lpsaks, kiireks ja v\u00f5imsaks t\u00f6\u00f6tlemiseks. <\/p>\n<p>EURO V heitgaasistandardiga v\u00f5imas diiselmootor tagab usaldusv\u00e4\u00e4rse tihendusj\u00f5udluse t\u00f6\u00f6laiusega kuni 83 cm (koos kinnitusplaadiga) ja kuni 90 cm tihenduss\u00fcgavusega. Vibratsiooniplaati on lihtne kasutada ja seda on ohutu kasutada, sellel on tugev teraskorpus ja kokkupandav k\u00e4epide, mis h\u00f5lbustab transportimist. Sellel on h\u00fcdrauliline edasi- ja tagasik\u00e4ik astmeteta kiiruse reguleerimiseks.<\/p>\n<p>Pinnasetihendajad on olulised seadmed, mida kasutatakse pinnase tihendamiseks ja stabiliseerimiseks erinevate ehitusprojektide jaoks. Tihendamine on kriitiline samm, kuna see tagab pinnase piisava tugevuse ja stabiilsuse, mis on vajalik aluse kindluse tagamiseks. Pinnasetihendajaid on mitut t\u00fc\u00fcpi ja neid kasutatakse erinevates t\u00f6\u00f6tingimustes.<\/p>\n<p>Pinnasetihendajate t\u00fc\u00fcbid<br \/>\n1. Vibratsiooniplaadid (plaattihendajad)<br \/>\nVibratsiooniplaadid on laialdaselt kasutatavad tihendajad, mis sobivad erinevateks t\u00f6\u00f6deks, alates aiandusest ja maastikukujundusest kuni v\u00e4iksemate teede ja k\u00f5nniteede ehituseni.<\/p>\n<p>Kasutusalad: V\u00e4iksemad ja keskmise suurusega projektid, asfaldiparandused, sillutuskivide paigaldamine.<br \/>\nEelised: Lihtne kasutada, kergesti transporditav, t\u00f5hus v\u00e4iksematel pindadel.<br \/>\n2. Juhitavad rullid<br \/>\nJuhitavad rullid on suuremad ja raskemad tihendajad, mis sobivad suuremate pindade ja teede tihendamiseks. Need v\u00f5ivad olla \u00fche- v\u00f5i kahe trumliga.<\/p>\n<p>Kasutusalad: Teedeehitus, parklad, lennuv\u00e4ljad, suuremad ehitusplatsid.<br \/>\nEelised: Suurem tihendusj\u00f5ud, efektiivne suurematel pindadel.<br \/>\n3. Jalgadega tampimismasinad<br \/>\nNeed tihendajad, tuntud ka kui h\u00fcppavad jalgpukid, on m\u00f5eldud v\u00e4ikeste ja kitsaste alade tihendamiseks. Nad kasutavad vertikaalset liikumist ja on tavaliselt v\u00e4ga man\u00f6\u00f6verdatavad.<\/p>\n<p>Kasutusalad: Kitsad kaevikud, kraavid, v\u00e4ikesed alad, kus suuremad masinad ei mahu.<br \/>\nEelised: V\u00e4ga man\u00f6\u00f6verdatavad, t\u00f5husad kitsastes kohtades.<br \/>\nLumag pinnasetihendaja RPI38DE diisel (38kN)<\/p>\n","protected":false},"excerpt":{"rendered":"<p>Lumag pinnasetihendaja RPI38DE diisel (38kN)<\/p>\n<p>Mootor: 1 cyl. LC186FD diisel \/ 6.8 kW  \/ 441cc<br \/>\nElektristarteriga<br \/>\nKaal 292kg<br \/>\nAluplaat 830 x 480mm<br \/>\nKoos laiendustega 830 x 680mm<br \/>\nTransportrattad kaasas.<br \/>\nKummimatt kaasas<br \/>\nTihendamiss\u00fcgavus kuni 90cm<br \/>\n<span style=\"color: #000000;\"><strong>Garantii 1 aasta (eraisikule 2 aastat)<\/strong><\/span><br \/>\n<strong>Seadme eeldatav tarneaeg 1-7 t\u00f6\u00f6p\u00e4eva<\/strong><\/p>\n<p>[embed]https:\/\/www.youtube.com\/watch?v=O_Ftkr-dwBg[\/embed]<br \/>\n[embed]https:\/\/www.youtube.com\/watch?v=jqodWqWJas0[\/embed]<\/p>\n","protected":false},"featured_media":9690,"template":"","meta":{"inline_featured_image":false},"product_cat":[1090,96],"product_tag":[1241],"class_list":{"0":"post-9689","1":"product","2":"type-product","3":"status-publish","4":"has-post-thumbnail","6":"product_brand-lumag","7":"product_cat-ehitustehnika","8":"product_cat-pinnasetihendajad","9":"product_tag-rpi38de","11":"first","12":"instock","13":"taxable","14":"shipping-taxable","15":"purchasable","16":"product-type-simple"},"yoast_head":"<!-- This site is optimized with the Yoast SEO plugin v27.4 - https:\/\/yoast.com\/product\/yoast-seo-wordpress\/ -->\n<title>Lumag pinnasetihendaja RPI38DE diisel (38kN)<\/title>\n<meta name=\"description\" content=\"Lumag pinnasetihendaja RPI38DE diisel (38kN) Mootor: 1 cyl. LC186FD diisel \/ 6.8 kW \/ 441cc ElektristarterigaKaal 292kg Koos laiendustega 830 x 680mm\" \/>\n<meta name=\"robots\" content=\"index, follow, max-snippet:-1, max-image-preview:large, max-video-preview:-1\" \/>\n<link rel=\"canonical\" href=\"https:\/\/ranoja.ee\/toode\/lumag-pinnasetihendaja-rpi38de-diisel-38kn\/\" \/>\n<meta property=\"og:locale\" content=\"en_US\" \/>\n<meta property=\"og:type\" content=\"article\" \/>\n<meta property=\"og:title\" content=\"Lumag pinnasetihendaja RPI38DE diisel (38kN)\" \/>\n<meta property=\"og:description\" content=\"Lumag pinnasetihendaja RPI38DE diisel (38kN) Mootor: 1 cyl. LC186FD diisel \/ 6.8 kW \/ 441cc ElektristarterigaKaal 292kg Koos laiendustega 830 x 680mm\" \/>\n<meta property=\"og:url\" content=\"https:\/\/ranoja.ee\/toode\/lumag-pinnasetihendaja-rpi38de-diisel-38kn\/\" \/>\n<meta property=\"og:site_name\" content=\"Ranoja\" \/>\n<meta property=\"article:publisher\" content=\"https:\/\/www.facebook.com\/ranoja.ee\" \/>\n<meta property=\"article:modified_time\" content=\"2025-12-10T10:14:44+00:00\" \/>\n<meta property=\"og:image\" content=\"https:\/\/ranoja.ee\/wp-content\/uploads\/2024\/06\/Lumag-pinnasetihendaja-RPI38DE-diisel-38kN.png\" \/>\n\t<meta property=\"og:image:width\" content=\"1500\" \/>\n\t<meta property=\"og:image:height\" content=\"1500\" \/>\n\t<meta property=\"og:image:type\" content=\"image\/png\" \/>\n<meta name=\"twitter:card\" content=\"summary_large_image\" \/>\n<meta name=\"twitter:label1\" content=\"Est. reading time\" \/>\n\t<meta name=\"twitter:data1\" content=\"2 minutes\" \/>\n<script type=\"application\/ld+json\" class=\"yoast-schema-graph\">{\"@context\":\"https:\\\/\\\/schema.org\",\"@graph\":[{\"@type\":\"WebPage\",\"@id\":\"https:\\\/\\\/ranoja.ee\\\/toode\\\/lumag-pinnasetihendaja-rpi38de-diisel-38kn\\\/\",\"url\":\"https:\\\/\\\/ranoja.ee\\\/toode\\\/lumag-pinnasetihendaja-rpi38de-diisel-38kn\\\/\",\"name\":\"Lumag pinnasetihendaja RPI38DE diisel (38kN)\",\"isPartOf\":{\"@id\":\"https:\\\/\\\/ranoja.ee\\\/#website\"},\"primaryImageOfPage\":{\"@id\":\"https:\\\/\\\/ranoja.ee\\\/toode\\\/lumag-pinnasetihendaja-rpi38de-diisel-38kn\\\/#primaryimage\"},\"image\":{\"@id\":\"https:\\\/\\\/ranoja.ee\\\/toode\\\/lumag-pinnasetihendaja-rpi38de-diisel-38kn\\\/#primaryimage\"},\"thumbnailUrl\":\"https:\\\/\\\/ranoja.ee\\\/wp-content\\\/uploads\\\/2024\\\/06\\\/Lumag-pinnasetihendaja-RPI38DE-diisel-38kN.png\",\"datePublished\":\"2024-06-12T11:09:33+00:00\",\"dateModified\":\"2025-12-10T10:14:44+00:00\",\"description\":\"Lumag pinnasetihendaja RPI38DE diisel (38kN) Mootor: 1 cyl. LC186FD diisel \\\/ 6.8 kW \\\/ 441cc ElektristarterigaKaal 292kg Koos laiendustega 830 x 680mm\",\"breadcrumb\":{\"@id\":\"https:\\\/\\\/ranoja.ee\\\/toode\\\/lumag-pinnasetihendaja-rpi38de-diisel-38kn\\\/#breadcrumb\"},\"inLanguage\":\"en-US\",\"potentialAction\":[{\"@type\":\"ReadAction\",\"target\":[\"https:\\\/\\\/ranoja.ee\\\/toode\\\/lumag-pinnasetihendaja-rpi38de-diisel-38kn\\\/\"]}]},{\"@type\":\"ImageObject\",\"inLanguage\":\"en-US\",\"@id\":\"https:\\\/\\\/ranoja.ee\\\/toode\\\/lumag-pinnasetihendaja-rpi38de-diisel-38kn\\\/#primaryimage\",\"url\":\"https:\\\/\\\/ranoja.ee\\\/wp-content\\\/uploads\\\/2024\\\/06\\\/Lumag-pinnasetihendaja-RPI38DE-diisel-38kN.png\",\"contentUrl\":\"https:\\\/\\\/ranoja.ee\\\/wp-content\\\/uploads\\\/2024\\\/06\\\/Lumag-pinnasetihendaja-RPI38DE-diisel-38kN.png\",\"width\":1500,\"height\":1500,\"caption\":\"Lumag pinnasetihendaja RPI38DE diisel (38kN)\"},{\"@type\":\"BreadcrumbList\",\"@id\":\"https:\\\/\\\/ranoja.ee\\\/toode\\\/lumag-pinnasetihendaja-rpi38de-diisel-38kn\\\/#breadcrumb\",\"itemListElement\":[{\"@type\":\"ListItem\",\"position\":1,\"name\":\"Home\",\"item\":\"https:\\\/\\\/ranoja.ee\\\/\"},{\"@type\":\"ListItem\",\"position\":2,\"name\":\"Shop\",\"item\":\"https:\\\/\\\/ranoja.ee\\\/en\\\/shop\\\/\"},{\"@type\":\"ListItem\",\"position\":3,\"name\":\"Lumag pinnasetihendaja RPI38DE diisel (38kN)\"}]},{\"@type\":\"WebSite\",\"@id\":\"https:\\\/\\\/ranoja.ee\\\/#website\",\"url\":\"https:\\\/\\\/ranoja.ee\\\/\",\"name\":\"Ranoja\",\"description\":\"Equipment Shop WooCommerce WordPress Theme for Machine &amp; Tools\",\"publisher\":{\"@id\":\"https:\\\/\\\/ranoja.ee\\\/#organization\"},\"potentialAction\":[{\"@type\":\"SearchAction\",\"target\":{\"@type\":\"EntryPoint\",\"urlTemplate\":\"https:\\\/\\\/ranoja.ee\\\/?s={search_term_string}\"},\"query-input\":{\"@type\":\"PropertyValueSpecification\",\"valueRequired\":true,\"valueName\":\"search_term_string\"}}],\"inLanguage\":\"en-US\"},{\"@type\":\"Organization\",\"@id\":\"https:\\\/\\\/ranoja.ee\\\/#organization\",\"name\":\"Ranoja O\u00dc\",\"url\":\"https:\\\/\\\/ranoja.ee\\\/\",\"logo\":{\"@type\":\"ImageObject\",\"inLanguage\":\"en-US\",\"@id\":\"https:\\\/\\\/ranoja.ee\\\/#\\\/schema\\\/logo\\\/image\\\/\",\"url\":\"https:\\\/\\\/ranoja.ee\\\/wp-content\\\/uploads\\\/2023\\\/11\\\/ranoja-Logo.png\",\"contentUrl\":\"https:\\\/\\\/ranoja.ee\\\/wp-content\\\/uploads\\\/2023\\\/11\\\/ranoja-Logo.png\",\"width\":207,\"height\":58,\"caption\":\"Ranoja O\u00dc\"},\"image\":{\"@id\":\"https:\\\/\\\/ranoja.ee\\\/#\\\/schema\\\/logo\\\/image\\\/\"},\"sameAs\":[\"https:\\\/\\\/www.facebook.com\\\/ranoja.ee\",\"https:\\\/\\\/www.instagram.com\\\/ranoja__\\\/\"]}]}<\/script>\n<!-- \/ Yoast SEO plugin. -->","yoast_head_json":{"title":"Lumag pinnasetihendaja RPI38DE diisel (38kN)","description":"Lumag pinnasetihendaja RPI38DE diisel (38kN) Mootor: 1 cyl. LC186FD diisel \/ 6.8 kW \/ 441cc ElektristarterigaKaal 292kg Koos laiendustega 830 x 680mm","robots":{"index":"index","follow":"follow","max-snippet":"max-snippet:-1","max-image-preview":"max-image-preview:large","max-video-preview":"max-video-preview:-1"},"canonical":"https:\/\/ranoja.ee\/toode\/lumag-pinnasetihendaja-rpi38de-diisel-38kn\/","og_locale":"en_US","og_type":"article","og_title":"Lumag pinnasetihendaja RPI38DE diisel (38kN)","og_description":"Lumag pinnasetihendaja RPI38DE diisel (38kN) Mootor: 1 cyl. LC186FD diisel \/ 6.8 kW \/ 441cc ElektristarterigaKaal 292kg Koos laiendustega 830 x 680mm","og_url":"https:\/\/ranoja.ee\/toode\/lumag-pinnasetihendaja-rpi38de-diisel-38kn\/","og_site_name":"Ranoja","article_publisher":"https:\/\/www.facebook.com\/ranoja.ee","article_modified_time":"2025-12-10T10:14:44+00:00","og_image":[{"width":1500,"height":1500,"url":"https:\/\/ranoja.ee\/wp-content\/uploads\/2024\/06\/Lumag-pinnasetihendaja-RPI38DE-diisel-38kN.png","type":"image\/png"}],"twitter_card":"summary_large_image","twitter_misc":{"Est. reading time":"2 minutes"},"schema":{"@context":"https:\/\/schema.org","@graph":[{"@type":"WebPage","@id":"https:\/\/ranoja.ee\/toode\/lumag-pinnasetihendaja-rpi38de-diisel-38kn\/","url":"https:\/\/ranoja.ee\/toode\/lumag-pinnasetihendaja-rpi38de-diisel-38kn\/","name":"Lumag pinnasetihendaja RPI38DE diisel (38kN)","isPartOf":{"@id":"https:\/\/ranoja.ee\/#website"},"primaryImageOfPage":{"@id":"https:\/\/ranoja.ee\/toode\/lumag-pinnasetihendaja-rpi38de-diisel-38kn\/#primaryimage"},"image":{"@id":"https:\/\/ranoja.ee\/toode\/lumag-pinnasetihendaja-rpi38de-diisel-38kn\/#primaryimage"},"thumbnailUrl":"https:\/\/ranoja.ee\/wp-content\/uploads\/2024\/06\/Lumag-pinnasetihendaja-RPI38DE-diisel-38kN.png","datePublished":"2024-06-12T11:09:33+00:00","dateModified":"2025-12-10T10:14:44+00:00","description":"Lumag pinnasetihendaja RPI38DE diisel (38kN) Mootor: 1 cyl. LC186FD diisel \/ 6.8 kW \/ 441cc ElektristarterigaKaal 292kg Koos laiendustega 830 x 680mm","breadcrumb":{"@id":"https:\/\/ranoja.ee\/toode\/lumag-pinnasetihendaja-rpi38de-diisel-38kn\/#breadcrumb"},"inLanguage":"en-US","potentialAction":[{"@type":"ReadAction","target":["https:\/\/ranoja.ee\/toode\/lumag-pinnasetihendaja-rpi38de-diisel-38kn\/"]}]},{"@type":"ImageObject","inLanguage":"en-US","@id":"https:\/\/ranoja.ee\/toode\/lumag-pinnasetihendaja-rpi38de-diisel-38kn\/#primaryimage","url":"https:\/\/ranoja.ee\/wp-content\/uploads\/2024\/06\/Lumag-pinnasetihendaja-RPI38DE-diisel-38kN.png","contentUrl":"https:\/\/ranoja.ee\/wp-content\/uploads\/2024\/06\/Lumag-pinnasetihendaja-RPI38DE-diisel-38kN.png","width":1500,"height":1500,"caption":"Lumag pinnasetihendaja RPI38DE diisel (38kN)"},{"@type":"BreadcrumbList","@id":"https:\/\/ranoja.ee\/toode\/lumag-pinnasetihendaja-rpi38de-diisel-38kn\/#breadcrumb","itemListElement":[{"@type":"ListItem","position":1,"name":"Home","item":"https:\/\/ranoja.ee\/"},{"@type":"ListItem","position":2,"name":"Shop","item":"https:\/\/ranoja.ee\/en\/shop\/"},{"@type":"ListItem","position":3,"name":"Lumag pinnasetihendaja RPI38DE diisel (38kN)"}]},{"@type":"WebSite","@id":"https:\/\/ranoja.ee\/#website","url":"https:\/\/ranoja.ee\/","name":"Ranoja","description":"Equipment Shop WooCommerce WordPress Theme for Machine &amp; Tools","publisher":{"@id":"https:\/\/ranoja.ee\/#organization"},"potentialAction":[{"@type":"SearchAction","target":{"@type":"EntryPoint","urlTemplate":"https:\/\/ranoja.ee\/?s={search_term_string}"},"query-input":{"@type":"PropertyValueSpecification","valueRequired":true,"valueName":"search_term_string"}}],"inLanguage":"en-US"},{"@type":"Organization","@id":"https:\/\/ranoja.ee\/#organization","name":"Ranoja O\u00dc","url":"https:\/\/ranoja.ee\/","logo":{"@type":"ImageObject","inLanguage":"en-US","@id":"https:\/\/ranoja.ee\/#\/schema\/logo\/image\/","url":"https:\/\/ranoja.ee\/wp-content\/uploads\/2023\/11\/ranoja-Logo.png","contentUrl":"https:\/\/ranoja.ee\/wp-content\/uploads\/2023\/11\/ranoja-Logo.png","width":207,"height":58,"caption":"Ranoja O\u00dc"},"image":{"@id":"https:\/\/ranoja.ee\/#\/schema\/logo\/image\/"},"sameAs":["https:\/\/www.facebook.com\/ranoja.ee","https:\/\/www.instagram.com\/ranoja__\/"]}]}},"_links":{"self":[{"href":"https:\/\/ranoja.ee\/en\/wp-json\/wp\/v2\/product\/9689","targetHints":{"allow":["GET"]}}],"collection":[{"href":"https:\/\/ranoja.ee\/en\/wp-json\/wp\/v2\/product"}],"about":[{"href":"https:\/\/ranoja.ee\/en\/wp-json\/wp\/v2\/types\/product"}],"wp:featuredmedia":[{"embeddable":true,"href":"https:\/\/ranoja.ee\/en\/wp-json\/wp\/v2\/media\/9690"}],"wp:attachment":[{"href":"https:\/\/ranoja.ee\/en\/wp-json\/wp\/v2\/media?parent=9689"}],"wp:term":[{"taxonomy":"product_cat","embeddable":true,"href":"https:\/\/ranoja.ee\/en\/wp-json\/wp\/v2\/product_cat?post=9689"},{"taxonomy":"product_tag","embeddable":true,"href":"https:\/\/ranoja.ee\/en\/wp-json\/wp\/v2\/product_tag?post=9689"}],"curies":[{"name":"wp","href":"https:\/\/api.w.org\/{rel}","templated":true}]}}