{"id":9675,"date":"2024-06-12T14:04:57","date_gmt":"2024-06-12T11:04:57","guid":{"rendered":"https:\/\/www.ranoja.ee\/?post_type=product&#038;p=9675"},"modified":"2025-12-10T13:14:44","modified_gmt":"2025-12-10T10:14:44","slug":"lumag-pinnasetihendaja-rpi31de-diisel-30-5kn","status":"publish","type":"product","link":"https:\/\/ranoja.ee\/en\/toode\/lumag-pinnasetihendaja-rpi31de-diisel-30-5kn\/","title":{"rendered":"Lumag pinnasetihendaja RPI31DE diisel 30.5KN"},"content":{"rendered":"<p>Lumag pinnasetihendaja RPI31DE diisel 30.5KN<\/p>\n<p>Lumag RPI31DE on v\u00f5imas vibroplaat professionaalseks kasutamiseks keskmistel ja suurtel ehitusplatsidel. 199 kg kaaluva, E-Sart ja EURO V heitgaasistandardiga diiselmootoriga, 360 mm t\u00f6\u00f6laiusega ja kuni 50 cm tihenduss\u00fcgavusega pakub see usaldusv\u00e4\u00e4rset tihendusj\u00f5udlust. <\/p>\n<p>Vibratsiooniplaati on lihtne kasutada ja seda on ohutu kasutada, sellel on tugev teraskorpus ja kokkupandav k\u00e4epide, mis h\u00f5lbustab transportimist. Sellel on h\u00fcdrauliline edasi- ja tagasiliikumine astmeteta kiiruse reguleerimiseks ning see sobib ideaalselt komposiitsillutise tihendamiseks ja k\u00f5nniteede loomiseks.<\/p>\n<p>Lumag RP-i31DE on ideaalne keskklassi mudel era- ja \u00e4ripindade suurtel aladel t\u00f6\u00f6tamiseks. T\u00e4nu \u00f5hukesele disainile on vibratsiooniplaati lihtne man\u00f6\u00f6verdada ka kitsastes kohtades ning see v\u00f5imaldab kiireid ja v\u00f5imsaid t\u00f6\u00f6tulemusi.<br \/>\nTugevdatud alusplaadi t\u00f5mbes\u00fcsteem muudab t\u00f6\u00f6tamise eriti lihtsaks ja vastupidavaks. Maailma \u00fche suurima statsionaarsete mootorite tootja jaapani kuullaagritega Saksa disainiga erguti ja EURO V heitgaasistandardiga diiselmootor garanteerivad masina k\u00f5rge kvaliteedi ja vastupidavuse.<\/p>\n<p>Pinnasetihendajad on olulised seadmed, mida kasutatakse pinnase tihendamiseks ja stabiliseerimiseks erinevate ehitusprojektide jaoks. Tihendamine on kriitiline samm, kuna see tagab pinnase piisava tugevuse ja stabiilsuse, mis on vajalik aluse kindluse tagamiseks. Pinnasetihendajaid on mitut t\u00fc\u00fcpi ja neid kasutatakse erinevates t\u00f6\u00f6tingimustes.<\/p>\n<p>Pinnasetihendajate t\u00fc\u00fcbid<br \/>\n1. Vibratsiooniplaadid (plaattihendajad)<br \/>\nVibratsiooniplaadid on laialdaselt kasutatavad tihendajad, mis sobivad erinevateks t\u00f6\u00f6deks, alates aiandusest ja maastikukujundusest kuni v\u00e4iksemate teede ja k\u00f5nniteede ehituseni.<\/p>\n<p>Kasutusalad: V\u00e4iksemad ja keskmise suurusega projektid, asfaldiparandused, sillutuskivide paigaldamine.<br \/>\nEelised: Lihtne kasutada, kergesti transporditav, t\u00f5hus v\u00e4iksematel pindadel.<br \/>\n2. Juhitavad rullid<br \/>\nJuhitavad rullid on suuremad ja raskemad tihendajad, mis sobivad suuremate pindade ja teede tihendamiseks. Need v\u00f5ivad olla \u00fche- v\u00f5i kahe trumliga.<\/p>\n<p>Kasutusalad: Teedeehitus, parklad, lennuv\u00e4ljad, suuremad ehitusplatsid.<br \/>\nEelised: Suurem tihendusj\u00f5ud, efektiivne suurematel pindadel.<br \/>\n3. Jalgadega tampimismasinad<br \/>\nNeed tihendajad, tuntud ka kui h\u00fcppavad jalgpukid, on m\u00f5eldud v\u00e4ikeste ja kitsaste alade tihendamiseks. Nad kasutavad vertikaalset liikumist ja on tavaliselt v\u00e4ga man\u00f6\u00f6verdatavad.<\/p>\n<p>Kasutusalad: Kitsad kaevikud, kraavid, v\u00e4ikesed alad, kus suuremad masinad ei mahu.<br \/>\nEelised: V\u00e4ga man\u00f6\u00f6verdatavad, t\u00f5husad kitsastes kohtades.<br \/>\nLumag pinnasetihendaja RPI31DE diisel 30.5KN<\/p>\n","protected":false},"excerpt":{"rendered":"<p>Lumag pinnasetihendaja RPI31DE diisel 30.5KN<\/p>\n<p>Mootor: 1 cyl. LC 178FD diisel \/ 4.9 kW  \/ 349cc<br \/>\nKaal 199kg<br \/>\nAluplaat 700 x 360mm<br \/>\nKoos laiendustega 700 x 560mm<br \/>\nTransportrattad kaasas.<br \/>\nKummimatt kaasas<br \/>\nTihendamiss\u00fcgavus kuni 50cm<\/p>\n<p><span style=\"color: #000000;\"><strong>Garantii 1 aasta (eraisikule 2 aastat)<\/strong><\/span><br \/>\n<strong>Seadme eeldatav tarneaeg 2-3 n\u00e4dalat<\/strong><\/p>\n[embed]https:\/\/www.youtube.com\/watch?v=8n97sjmdV4s[\/embed]\n","protected":false},"featured_media":9676,"template":"","meta":{"inline_featured_image":false},"product_cat":[1090,96],"product_tag":[1225],"class_list":{"0":"post-9675","1":"product","2":"type-product","3":"status-publish","4":"has-post-thumbnail","6":"product_brand-lumag","7":"product_cat-ehitustehnika","8":"product_cat-pinnasetihendajad","9":"product_tag-rpi31de","11":"first","12":"instock","13":"taxable","14":"shipping-taxable","15":"purchasable","16":"product-type-simple"},"yoast_head":"<!-- This site is optimized with the Yoast SEO plugin v27.4 - https:\/\/yoast.com\/product\/yoast-seo-wordpress\/ -->\n<title>Lumag pinnasetihendaja RPI31DE diisel 30.5KN<\/title>\n<meta name=\"description\" content=\"Lumag pinnasetihendaja RPI31DE diisel 30.5KN Mootor: 1 cyl. LC 178FD diisel \/ 4.9 kW \/ 349cc Kaal 199kg Aluplaat 700 x 360mm Koos laiendustega 700 x 560mm\" \/>\n<meta name=\"robots\" content=\"index, follow, max-snippet:-1, max-image-preview:large, max-video-preview:-1\" \/>\n<link rel=\"canonical\" href=\"https:\/\/ranoja.ee\/toode\/lumag-pinnasetihendaja-rpi31de-diisel-30-5kn\/\" \/>\n<meta property=\"og:locale\" content=\"en_US\" \/>\n<meta property=\"og:type\" content=\"article\" \/>\n<meta property=\"og:title\" content=\"Lumag pinnasetihendaja RPI31DE diisel 30.5KN\" \/>\n<meta property=\"og:description\" content=\"Lumag pinnasetihendaja RPI31DE diisel 30.5KN Mootor: 1 cyl. LC 178FD diisel \/ 4.9 kW \/ 349cc Kaal 199kg Aluplaat 700 x 360mm Koos laiendustega 700 x 560mm\" \/>\n<meta property=\"og:url\" content=\"https:\/\/ranoja.ee\/toode\/lumag-pinnasetihendaja-rpi31de-diisel-30-5kn\/\" \/>\n<meta property=\"og:site_name\" content=\"Ranoja\" \/>\n<meta property=\"article:publisher\" content=\"https:\/\/www.facebook.com\/ranoja.ee\" \/>\n<meta property=\"article:modified_time\" content=\"2025-12-10T10:14:44+00:00\" \/>\n<meta property=\"og:image\" content=\"https:\/\/ranoja.ee\/wp-content\/uploads\/2024\/06\/Lumag-pinnasetihendaja-RPI31DE-diisel-30.5KN.png\" \/>\n\t<meta property=\"og:image:width\" content=\"1500\" \/>\n\t<meta property=\"og:image:height\" content=\"1500\" \/>\n\t<meta property=\"og:image:type\" content=\"image\/png\" \/>\n<meta name=\"twitter:card\" content=\"summary_large_image\" \/>\n<meta name=\"twitter:label1\" content=\"Est. reading time\" \/>\n\t<meta name=\"twitter:data1\" content=\"2 minutes\" \/>\n<script type=\"application\/ld+json\" class=\"yoast-schema-graph\">{\"@context\":\"https:\\\/\\\/schema.org\",\"@graph\":[{\"@type\":\"WebPage\",\"@id\":\"https:\\\/\\\/ranoja.ee\\\/toode\\\/lumag-pinnasetihendaja-rpi31de-diisel-30-5kn\\\/\",\"url\":\"https:\\\/\\\/ranoja.ee\\\/toode\\\/lumag-pinnasetihendaja-rpi31de-diisel-30-5kn\\\/\",\"name\":\"Lumag pinnasetihendaja RPI31DE diisel 30.5KN\",\"isPartOf\":{\"@id\":\"https:\\\/\\\/ranoja.ee\\\/#website\"},\"primaryImageOfPage\":{\"@id\":\"https:\\\/\\\/ranoja.ee\\\/toode\\\/lumag-pinnasetihendaja-rpi31de-diisel-30-5kn\\\/#primaryimage\"},\"image\":{\"@id\":\"https:\\\/\\\/ranoja.ee\\\/toode\\\/lumag-pinnasetihendaja-rpi31de-diisel-30-5kn\\\/#primaryimage\"},\"thumbnailUrl\":\"https:\\\/\\\/ranoja.ee\\\/wp-content\\\/uploads\\\/2024\\\/06\\\/Lumag-pinnasetihendaja-RPI31DE-diisel-30.5KN.png\",\"datePublished\":\"2024-06-12T11:04:57+00:00\",\"dateModified\":\"2025-12-10T10:14:44+00:00\",\"description\":\"Lumag pinnasetihendaja RPI31DE diisel 30.5KN Mootor: 1 cyl. LC 178FD diisel \\\/ 4.9 kW \\\/ 349cc Kaal 199kg Aluplaat 700 x 360mm Koos laiendustega 700 x 560mm\",\"breadcrumb\":{\"@id\":\"https:\\\/\\\/ranoja.ee\\\/toode\\\/lumag-pinnasetihendaja-rpi31de-diisel-30-5kn\\\/#breadcrumb\"},\"inLanguage\":\"en-US\",\"potentialAction\":[{\"@type\":\"ReadAction\",\"target\":[\"https:\\\/\\\/ranoja.ee\\\/toode\\\/lumag-pinnasetihendaja-rpi31de-diisel-30-5kn\\\/\"]}]},{\"@type\":\"ImageObject\",\"inLanguage\":\"en-US\",\"@id\":\"https:\\\/\\\/ranoja.ee\\\/toode\\\/lumag-pinnasetihendaja-rpi31de-diisel-30-5kn\\\/#primaryimage\",\"url\":\"https:\\\/\\\/ranoja.ee\\\/wp-content\\\/uploads\\\/2024\\\/06\\\/Lumag-pinnasetihendaja-RPI31DE-diisel-30.5KN.png\",\"contentUrl\":\"https:\\\/\\\/ranoja.ee\\\/wp-content\\\/uploads\\\/2024\\\/06\\\/Lumag-pinnasetihendaja-RPI31DE-diisel-30.5KN.png\",\"width\":1500,\"height\":1500,\"caption\":\"Lumag pinnasetihendaja RPI31DE diisel 30.5KN\"},{\"@type\":\"BreadcrumbList\",\"@id\":\"https:\\\/\\\/ranoja.ee\\\/toode\\\/lumag-pinnasetihendaja-rpi31de-diisel-30-5kn\\\/#breadcrumb\",\"itemListElement\":[{\"@type\":\"ListItem\",\"position\":1,\"name\":\"Home\",\"item\":\"https:\\\/\\\/ranoja.ee\\\/\"},{\"@type\":\"ListItem\",\"position\":2,\"name\":\"Shop\",\"item\":\"https:\\\/\\\/ranoja.ee\\\/en\\\/shop\\\/\"},{\"@type\":\"ListItem\",\"position\":3,\"name\":\"Lumag pinnasetihendaja RPI31DE diisel 30.5KN\"}]},{\"@type\":\"WebSite\",\"@id\":\"https:\\\/\\\/ranoja.ee\\\/#website\",\"url\":\"https:\\\/\\\/ranoja.ee\\\/\",\"name\":\"Ranoja\",\"description\":\"Equipment Shop WooCommerce WordPress Theme for Machine &amp; Tools\",\"publisher\":{\"@id\":\"https:\\\/\\\/ranoja.ee\\\/#organization\"},\"potentialAction\":[{\"@type\":\"SearchAction\",\"target\":{\"@type\":\"EntryPoint\",\"urlTemplate\":\"https:\\\/\\\/ranoja.ee\\\/?s={search_term_string}\"},\"query-input\":{\"@type\":\"PropertyValueSpecification\",\"valueRequired\":true,\"valueName\":\"search_term_string\"}}],\"inLanguage\":\"en-US\"},{\"@type\":\"Organization\",\"@id\":\"https:\\\/\\\/ranoja.ee\\\/#organization\",\"name\":\"Ranoja O\u00dc\",\"url\":\"https:\\\/\\\/ranoja.ee\\\/\",\"logo\":{\"@type\":\"ImageObject\",\"inLanguage\":\"en-US\",\"@id\":\"https:\\\/\\\/ranoja.ee\\\/#\\\/schema\\\/logo\\\/image\\\/\",\"url\":\"https:\\\/\\\/ranoja.ee\\\/wp-content\\\/uploads\\\/2023\\\/11\\\/ranoja-Logo.png\",\"contentUrl\":\"https:\\\/\\\/ranoja.ee\\\/wp-content\\\/uploads\\\/2023\\\/11\\\/ranoja-Logo.png\",\"width\":207,\"height\":58,\"caption\":\"Ranoja O\u00dc\"},\"image\":{\"@id\":\"https:\\\/\\\/ranoja.ee\\\/#\\\/schema\\\/logo\\\/image\\\/\"},\"sameAs\":[\"https:\\\/\\\/www.facebook.com\\\/ranoja.ee\",\"https:\\\/\\\/www.instagram.com\\\/ranoja__\\\/\"]}]}<\/script>\n<!-- \/ Yoast SEO plugin. -->","yoast_head_json":{"title":"Lumag pinnasetihendaja RPI31DE diisel 30.5KN","description":"Lumag pinnasetihendaja RPI31DE diisel 30.5KN Mootor: 1 cyl. LC 178FD diisel \/ 4.9 kW \/ 349cc Kaal 199kg Aluplaat 700 x 360mm Koos laiendustega 700 x 560mm","robots":{"index":"index","follow":"follow","max-snippet":"max-snippet:-1","max-image-preview":"max-image-preview:large","max-video-preview":"max-video-preview:-1"},"canonical":"https:\/\/ranoja.ee\/toode\/lumag-pinnasetihendaja-rpi31de-diisel-30-5kn\/","og_locale":"en_US","og_type":"article","og_title":"Lumag pinnasetihendaja RPI31DE diisel 30.5KN","og_description":"Lumag pinnasetihendaja RPI31DE diisel 30.5KN Mootor: 1 cyl. LC 178FD diisel \/ 4.9 kW \/ 349cc Kaal 199kg Aluplaat 700 x 360mm Koos laiendustega 700 x 560mm","og_url":"https:\/\/ranoja.ee\/toode\/lumag-pinnasetihendaja-rpi31de-diisel-30-5kn\/","og_site_name":"Ranoja","article_publisher":"https:\/\/www.facebook.com\/ranoja.ee","article_modified_time":"2025-12-10T10:14:44+00:00","og_image":[{"width":1500,"height":1500,"url":"https:\/\/ranoja.ee\/wp-content\/uploads\/2024\/06\/Lumag-pinnasetihendaja-RPI31DE-diisel-30.5KN.png","type":"image\/png"}],"twitter_card":"summary_large_image","twitter_misc":{"Est. reading time":"2 minutes"},"schema":{"@context":"https:\/\/schema.org","@graph":[{"@type":"WebPage","@id":"https:\/\/ranoja.ee\/toode\/lumag-pinnasetihendaja-rpi31de-diisel-30-5kn\/","url":"https:\/\/ranoja.ee\/toode\/lumag-pinnasetihendaja-rpi31de-diisel-30-5kn\/","name":"Lumag pinnasetihendaja RPI31DE diisel 30.5KN","isPartOf":{"@id":"https:\/\/ranoja.ee\/#website"},"primaryImageOfPage":{"@id":"https:\/\/ranoja.ee\/toode\/lumag-pinnasetihendaja-rpi31de-diisel-30-5kn\/#primaryimage"},"image":{"@id":"https:\/\/ranoja.ee\/toode\/lumag-pinnasetihendaja-rpi31de-diisel-30-5kn\/#primaryimage"},"thumbnailUrl":"https:\/\/ranoja.ee\/wp-content\/uploads\/2024\/06\/Lumag-pinnasetihendaja-RPI31DE-diisel-30.5KN.png","datePublished":"2024-06-12T11:04:57+00:00","dateModified":"2025-12-10T10:14:44+00:00","description":"Lumag pinnasetihendaja RPI31DE diisel 30.5KN Mootor: 1 cyl. LC 178FD diisel \/ 4.9 kW \/ 349cc Kaal 199kg Aluplaat 700 x 360mm Koos laiendustega 700 x 560mm","breadcrumb":{"@id":"https:\/\/ranoja.ee\/toode\/lumag-pinnasetihendaja-rpi31de-diisel-30-5kn\/#breadcrumb"},"inLanguage":"en-US","potentialAction":[{"@type":"ReadAction","target":["https:\/\/ranoja.ee\/toode\/lumag-pinnasetihendaja-rpi31de-diisel-30-5kn\/"]}]},{"@type":"ImageObject","inLanguage":"en-US","@id":"https:\/\/ranoja.ee\/toode\/lumag-pinnasetihendaja-rpi31de-diisel-30-5kn\/#primaryimage","url":"https:\/\/ranoja.ee\/wp-content\/uploads\/2024\/06\/Lumag-pinnasetihendaja-RPI31DE-diisel-30.5KN.png","contentUrl":"https:\/\/ranoja.ee\/wp-content\/uploads\/2024\/06\/Lumag-pinnasetihendaja-RPI31DE-diisel-30.5KN.png","width":1500,"height":1500,"caption":"Lumag pinnasetihendaja RPI31DE diisel 30.5KN"},{"@type":"BreadcrumbList","@id":"https:\/\/ranoja.ee\/toode\/lumag-pinnasetihendaja-rpi31de-diisel-30-5kn\/#breadcrumb","itemListElement":[{"@type":"ListItem","position":1,"name":"Home","item":"https:\/\/ranoja.ee\/"},{"@type":"ListItem","position":2,"name":"Shop","item":"https:\/\/ranoja.ee\/en\/shop\/"},{"@type":"ListItem","position":3,"name":"Lumag pinnasetihendaja RPI31DE diisel 30.5KN"}]},{"@type":"WebSite","@id":"https:\/\/ranoja.ee\/#website","url":"https:\/\/ranoja.ee\/","name":"Ranoja","description":"Equipment Shop WooCommerce WordPress Theme for Machine &amp; Tools","publisher":{"@id":"https:\/\/ranoja.ee\/#organization"},"potentialAction":[{"@type":"SearchAction","target":{"@type":"EntryPoint","urlTemplate":"https:\/\/ranoja.ee\/?s={search_term_string}"},"query-input":{"@type":"PropertyValueSpecification","valueRequired":true,"valueName":"search_term_string"}}],"inLanguage":"en-US"},{"@type":"Organization","@id":"https:\/\/ranoja.ee\/#organization","name":"Ranoja O\u00dc","url":"https:\/\/ranoja.ee\/","logo":{"@type":"ImageObject","inLanguage":"en-US","@id":"https:\/\/ranoja.ee\/#\/schema\/logo\/image\/","url":"https:\/\/ranoja.ee\/wp-content\/uploads\/2023\/11\/ranoja-Logo.png","contentUrl":"https:\/\/ranoja.ee\/wp-content\/uploads\/2023\/11\/ranoja-Logo.png","width":207,"height":58,"caption":"Ranoja O\u00dc"},"image":{"@id":"https:\/\/ranoja.ee\/#\/schema\/logo\/image\/"},"sameAs":["https:\/\/www.facebook.com\/ranoja.ee","https:\/\/www.instagram.com\/ranoja__\/"]}]}},"_links":{"self":[{"href":"https:\/\/ranoja.ee\/en\/wp-json\/wp\/v2\/product\/9675","targetHints":{"allow":["GET"]}}],"collection":[{"href":"https:\/\/ranoja.ee\/en\/wp-json\/wp\/v2\/product"}],"about":[{"href":"https:\/\/ranoja.ee\/en\/wp-json\/wp\/v2\/types\/product"}],"wp:featuredmedia":[{"embeddable":true,"href":"https:\/\/ranoja.ee\/en\/wp-json\/wp\/v2\/media\/9676"}],"wp:attachment":[{"href":"https:\/\/ranoja.ee\/en\/wp-json\/wp\/v2\/media?parent=9675"}],"wp:term":[{"taxonomy":"product_cat","embeddable":true,"href":"https:\/\/ranoja.ee\/en\/wp-json\/wp\/v2\/product_cat?post=9675"},{"taxonomy":"product_tag","embeddable":true,"href":"https:\/\/ranoja.ee\/en\/wp-json\/wp\/v2\/product_tag?post=9675"}],"curies":[{"name":"wp","href":"https:\/\/api.w.org\/{rel}","templated":true}]}}