{"id":9661,"date":"2024-06-12T10:35:37","date_gmt":"2024-06-12T07:35:37","guid":{"rendered":"https:\/\/www.ranoja.ee\/?post_type=product&#038;p=9661"},"modified":"2025-12-10T11:48:34","modified_gmt":"2025-12-10T08:48:34","slug":"lumag-elektrimootoriga-pto-halumasin-ssa500eh-pro-sz","status":"publish","type":"product","link":"https:\/\/ranoja.ee\/en\/toode\/lumag-elektrimootoriga-pto-halumasin-ssa500eh-pro-sz\/","title":{"rendered":"Lumag elektrimootoriga + PTO halumasin SSA500EH-PRO\/SZ"},"content":{"rendered":"<p>Lumag elektrimootoriga + PTO halumasin SSA500EH-PRO\/SZ<\/p>\n<p>Lumagi 400 V elektri- ja j\u00f5uv\u00f5tuv\u00f5lliga t\u00e4ish\u00fcdraulilise kombineeritud sae-l\u00f5hkumismasinaga SSA-500EHPRO\/SZ on isegi suures koguses k\u00fcttepuude valmistamine lapsem\u00e4ng. 2+1 juhtventiilide komplekt tagab lihtsa ja lihtsa t\u00f6\u00f6. Saeketi automaatne ketim\u00e4\u00e4rimine ja palgi t\u00f6\u00f6tlemine saagimise ja l\u00f5hkumisega \u00fche k\u00e4iguga muudavad selle seadmega t\u00f6\u00f6tamise eriti t\u00f5husaks. Kettsaag on varustatud OREGON kaubam\u00e4rgi saeketiga, mis t\u00e4histab k\u00f5rget kvaliteeti ja vastupidavust. <\/p>\n<p>Materjali automaatne eemaldamine lintkonveieri abil muudab t\u00f6\u00f6 veelgi lihtsamaks. Kahe ajamivalikuga: kas v\u00f5imsa 9,5 kW elektrimootori v\u00f5i j\u00f5uv\u00f5tuv\u00f5lliga kiireks t\u00f6\u00f6ks isegi suuremate, kuni 50 cm l\u00e4bim\u00f5\u00f5duga palkidega. H\u00fcdrauliline kettsae ja palgihoidja t\u00f6\u00f6 tagab kiire ja lihtsa t\u00f6\u00f6. Integreeritud h\u00fcdrauliline toiteahel varustab k\u00fcttepuidu t\u00f6\u00f6tlejat materjaliga. Komplekti kuulub nii juhtventiilide komplekt kui ka PARKER pump ja h\u00fcdromootor.<\/p>\n<p>&#8211; Uuenduslik s\u00fcsteem \u0161assii ja 3-punktilise kinnituse kasutamiseks. Ideaalne igaks rakenduseks ilma konversioonita!<br \/>\n&#8211; Kahe ajamivalikuga: kas v\u00f5imsa 9,5 kW elektrimootoriga v\u00f5i j\u00f5uv\u00f5tuv\u00f5lliga<\/p>\n<p>Lumag on tuntud ja usaldusv\u00e4\u00e4rne br\u00e4nd, mis on spetsialiseerunud kvaliteetsete ehitustehnika tarvikute ja seadmete tootmisele. Br\u00e4ndi nimi on saanud tuntuks oma tipptasemel toodete, innovatsiooni ja vastutustundliku \u00e4ritegevuse poolest.<\/p>\n<p>Lumagi tootevalik h\u00f5lmab mitmesuguseid ehitusseadmeid ja tarvikuid, alates k\u00f5rgkvaliteedilistest rasketest masinatest kuni kompaktsete t\u00f6\u00f6riistadeni. Br\u00e4ndi toodete disain on t\u00e4nap\u00e4evane, praktiline ja vastupidav, vastates professionaalsete ehitajate ja kodukasutajate k\u00f5rgeimatele standarditele.<\/p>\n<p>Ettev\u00f5te on tuntud oma tehnoloogilise innovatsiooni poolest, p\u00fc\u00fcdes pidevalt uuendada ja parandada oma tooteid vastavalt turu n\u00f5udmistele. Lumagi insenerid ja disainerid keskenduvad mitte ainult t\u00f5hususele ja vastupidavusele, vaid ka keskkonnas\u00f5bralike lahenduste leidmisele, et v\u00e4hendada \u00f6koloogilist jalaj\u00e4lge.<\/p>\n<p>Lumag on p\u00fchendunud ka klientide rahulolu tagamisele, pakkudes tipptasemel teenindust ja usaldusv\u00e4\u00e4rset tuge. Nende klientideks on nii suured ehitusettev\u00f5tted kui ka v\u00e4iksemad kohalikud ettev\u00f5tted ning kodukasutajad, kes hindavad vastupidavust ja j\u00f5udlust.<br \/>\nLumag elektrimootoriga + PTO halumasin SSA500EH-PRO\/SZ<\/p>\n","protected":false},"excerpt":{"rendered":"<p>Lumag elektrimootoriga + PTO halumasin SSA500EH-PRO\/SZ <\/p>\n<p>Ajam: 400V \/ 50Hz elektrimootor v\u00f5i PTO j\u00f5uv\u00f5tuv\u00f5llilt<br \/>\nElektrimootori v\u00f5imsus: 9.5kW, 18.4A<br \/>\nTraktori min j\u00f5udlus: 20hp<br \/>\nKettsaag: 63cm Lumag<br \/>\nKett = 77 \/ 0.375 \/ 1.6mm<br \/>\nT\u00f6\u00f6kiirus kuni 5cm sekundis<br \/>\nTagastus kiirus kuni 3cm sekundis<br \/>\nHalu pikkus max 550mm, l\u00e4bim\u00f5\u00f5t 100-500mm<br \/>\nAutomaatne keti\u00f5litus<br \/>\nKonveieri m\u00f5\u00f5dud: 3200 x 250 x 2200mm<br \/>\nMasina kaal + konveier: 950kg (835kg + 110kg)<br \/>\nL\u00f5hkumisj\u00f5ud: 15 tonni<br \/>\nKomplekti kuulub: halumasin ise, kettlint etteveoks kuni saeni, 4 teraga kiil ja konveier toodangu edasi liigutamiseks<br \/>\nT\u00e4helepanu! Seade on j\u00e4relveetav kuid ei ole t\u00e4navalegaalne!<\/p>\n<p><strong><span style=\"color: #008000;\">SOOVID ANTUD TOODET ETTEV\u00d5TTELE SOETADA?<\/span><br \/>\n<a href=\"https:\/\/ranoja.ee\/seadmete-rent-kasutusrendi-pohimottel\/\">TUTVU MEIE &#8220;SEADMETE RENT KASUTUSRENDI P\u00d5HIM\u00d5TTEL&#8221; FINANTSEERIMIS LAHENDUSEGA SIIN!<\/a><\/strong><\/p>\n<p><span style=\"color: #000000;\"><strong>Garantii 1 aasta (eraisikule 2 aastat)<\/strong><\/span><br \/>\n<strong>Seadme eeldatav tarneaeg 2-3 n\u00e4dalat<\/strong><\/p>\n[embed]https:\/\/www.youtube.com\/watch?v=3XNY_QWVz1c&#038;t=2s[\/embed]\n","protected":false},"featured_media":10355,"template":"","meta":{"inline_featured_image":false},"product_cat":[92,1087],"product_tag":[134,1451],"class_list":{"0":"post-9661","1":"product","2":"type-product","3":"status-publish","4":"has-post-thumbnail","6":"product_brand-lumag","7":"product_cat-halumasinad","8":"product_cat-metsatehnika","9":"product_tag-lumag","10":"product_tag-ssa500eh-pro-sz","12":"first","13":"instock","14":"taxable","15":"shipping-taxable","16":"purchasable","17":"product-type-simple"},"yoast_head":"<!-- This site is optimized with the Yoast SEO plugin v27.4 - https:\/\/yoast.com\/product\/yoast-seo-wordpress\/ -->\n<title>Lumag elektrimootoriga + PTO halumasin SSA500EH-PRO\/SZ<\/title>\n<meta name=\"description\" content=\"Lumag elektrimootoriga + PTO halumasin SSA500EH-PRO\/SZ Elektrimootor v\u00f5i PTO j\u00f5uv\u00f5tuv\u00f5llilt El. v\u00f5imsus: 9.5kW, 18.4 ATraktori min j\u00f5udlus: 20hp\" \/>\n<meta name=\"robots\" content=\"index, follow, max-snippet:-1, max-image-preview:large, max-video-preview:-1\" \/>\n<link rel=\"canonical\" href=\"https:\/\/ranoja.ee\/toode\/lumag-elektrimootoriga-pto-halumasin-ssa500eh-pro-sz\/\" \/>\n<meta property=\"og:locale\" content=\"en_US\" \/>\n<meta property=\"og:type\" content=\"article\" \/>\n<meta property=\"og:title\" content=\"Lumag elektrimootoriga + PTO halumasin SSA500EH-PRO\/SZ\" \/>\n<meta property=\"og:description\" content=\"Lumag elektrimootoriga + PTO halumasin SSA500EH-PRO\/SZ Elektrimootor v\u00f5i PTO j\u00f5uv\u00f5tuv\u00f5llilt El. v\u00f5imsus: 9.5kW, 18.4 ATraktori min j\u00f5udlus: 20hp\" \/>\n<meta property=\"og:url\" content=\"https:\/\/ranoja.ee\/toode\/lumag-elektrimootoriga-pto-halumasin-ssa500eh-pro-sz\/\" \/>\n<meta property=\"og:site_name\" content=\"Ranoja\" \/>\n<meta property=\"article:publisher\" content=\"https:\/\/www.facebook.com\/ranoja.ee\" \/>\n<meta property=\"article:modified_time\" content=\"2025-12-10T08:48:34+00:00\" \/>\n<meta property=\"og:image\" content=\"https:\/\/ranoja.ee\/wp-content\/uploads\/2024\/06\/zoom_pb_ssa500ehprosz-1.2.png\" \/>\n\t<meta property=\"og:image:width\" content=\"1500\" \/>\n\t<meta property=\"og:image:height\" content=\"1500\" \/>\n\t<meta property=\"og:image:type\" content=\"image\/png\" \/>\n<meta name=\"twitter:card\" content=\"summary_large_image\" \/>\n<meta name=\"twitter:label1\" content=\"Est. reading time\" \/>\n\t<meta name=\"twitter:data1\" content=\"2 minutes\" \/>\n<script type=\"application\/ld+json\" class=\"yoast-schema-graph\">{\"@context\":\"https:\\\/\\\/schema.org\",\"@graph\":[{\"@type\":\"WebPage\",\"@id\":\"https:\\\/\\\/ranoja.ee\\\/toode\\\/lumag-elektrimootoriga-pto-halumasin-ssa500eh-pro-sz\\\/\",\"url\":\"https:\\\/\\\/ranoja.ee\\\/toode\\\/lumag-elektrimootoriga-pto-halumasin-ssa500eh-pro-sz\\\/\",\"name\":\"Lumag elektrimootoriga + PTO halumasin SSA500EH-PRO\\\/SZ\",\"isPartOf\":{\"@id\":\"https:\\\/\\\/ranoja.ee\\\/#website\"},\"primaryImageOfPage\":{\"@id\":\"https:\\\/\\\/ranoja.ee\\\/toode\\\/lumag-elektrimootoriga-pto-halumasin-ssa500eh-pro-sz\\\/#primaryimage\"},\"image\":{\"@id\":\"https:\\\/\\\/ranoja.ee\\\/toode\\\/lumag-elektrimootoriga-pto-halumasin-ssa500eh-pro-sz\\\/#primaryimage\"},\"thumbnailUrl\":\"https:\\\/\\\/ranoja.ee\\\/wp-content\\\/uploads\\\/2024\\\/06\\\/zoom_pb_ssa500ehprosz-1.2.png\",\"datePublished\":\"2024-06-12T07:35:37+00:00\",\"dateModified\":\"2025-12-10T08:48:34+00:00\",\"description\":\"Lumag elektrimootoriga + PTO halumasin SSA500EH-PRO\\\/SZ Elektrimootor v\u00f5i PTO j\u00f5uv\u00f5tuv\u00f5llilt El. v\u00f5imsus: 9.5kW, 18.4 ATraktori min j\u00f5udlus: 20hp\",\"breadcrumb\":{\"@id\":\"https:\\\/\\\/ranoja.ee\\\/toode\\\/lumag-elektrimootoriga-pto-halumasin-ssa500eh-pro-sz\\\/#breadcrumb\"},\"inLanguage\":\"en-US\",\"potentialAction\":[{\"@type\":\"ReadAction\",\"target\":[\"https:\\\/\\\/ranoja.ee\\\/toode\\\/lumag-elektrimootoriga-pto-halumasin-ssa500eh-pro-sz\\\/\"]}]},{\"@type\":\"ImageObject\",\"inLanguage\":\"en-US\",\"@id\":\"https:\\\/\\\/ranoja.ee\\\/toode\\\/lumag-elektrimootoriga-pto-halumasin-ssa500eh-pro-sz\\\/#primaryimage\",\"url\":\"https:\\\/\\\/ranoja.ee\\\/wp-content\\\/uploads\\\/2024\\\/06\\\/zoom_pb_ssa500ehprosz-1.2.png\",\"contentUrl\":\"https:\\\/\\\/ranoja.ee\\\/wp-content\\\/uploads\\\/2024\\\/06\\\/zoom_pb_ssa500ehprosz-1.2.png\",\"width\":1500,\"height\":1500,\"caption\":\"SSA500EH-PRO\\\/SZ elektrimootoriga ja kardaanajamiga halumasin\"},{\"@type\":\"BreadcrumbList\",\"@id\":\"https:\\\/\\\/ranoja.ee\\\/toode\\\/lumag-elektrimootoriga-pto-halumasin-ssa500eh-pro-sz\\\/#breadcrumb\",\"itemListElement\":[{\"@type\":\"ListItem\",\"position\":1,\"name\":\"Home\",\"item\":\"https:\\\/\\\/ranoja.ee\\\/\"},{\"@type\":\"ListItem\",\"position\":2,\"name\":\"Shop\",\"item\":\"https:\\\/\\\/ranoja.ee\\\/en\\\/shop\\\/\"},{\"@type\":\"ListItem\",\"position\":3,\"name\":\"Lumag elektrimootoriga + PTO halumasin SSA500EH-PRO\\\/SZ\"}]},{\"@type\":\"WebSite\",\"@id\":\"https:\\\/\\\/ranoja.ee\\\/#website\",\"url\":\"https:\\\/\\\/ranoja.ee\\\/\",\"name\":\"Ranoja\",\"description\":\"Equipment Shop WooCommerce WordPress Theme for Machine &amp; Tools\",\"publisher\":{\"@id\":\"https:\\\/\\\/ranoja.ee\\\/#organization\"},\"potentialAction\":[{\"@type\":\"SearchAction\",\"target\":{\"@type\":\"EntryPoint\",\"urlTemplate\":\"https:\\\/\\\/ranoja.ee\\\/?s={search_term_string}\"},\"query-input\":{\"@type\":\"PropertyValueSpecification\",\"valueRequired\":true,\"valueName\":\"search_term_string\"}}],\"inLanguage\":\"en-US\"},{\"@type\":\"Organization\",\"@id\":\"https:\\\/\\\/ranoja.ee\\\/#organization\",\"name\":\"Ranoja O\u00dc\",\"url\":\"https:\\\/\\\/ranoja.ee\\\/\",\"logo\":{\"@type\":\"ImageObject\",\"inLanguage\":\"en-US\",\"@id\":\"https:\\\/\\\/ranoja.ee\\\/#\\\/schema\\\/logo\\\/image\\\/\",\"url\":\"https:\\\/\\\/ranoja.ee\\\/wp-content\\\/uploads\\\/2023\\\/11\\\/ranoja-Logo.png\",\"contentUrl\":\"https:\\\/\\\/ranoja.ee\\\/wp-content\\\/uploads\\\/2023\\\/11\\\/ranoja-Logo.png\",\"width\":207,\"height\":58,\"caption\":\"Ranoja O\u00dc\"},\"image\":{\"@id\":\"https:\\\/\\\/ranoja.ee\\\/#\\\/schema\\\/logo\\\/image\\\/\"},\"sameAs\":[\"https:\\\/\\\/www.facebook.com\\\/ranoja.ee\",\"https:\\\/\\\/www.instagram.com\\\/ranoja__\\\/\"]}]}<\/script>\n<!-- \/ Yoast SEO plugin. -->","yoast_head_json":{"title":"Lumag elektrimootoriga + PTO halumasin SSA500EH-PRO\/SZ","description":"Lumag elektrimootoriga + PTO halumasin SSA500EH-PRO\/SZ Elektrimootor v\u00f5i PTO j\u00f5uv\u00f5tuv\u00f5llilt El. v\u00f5imsus: 9.5kW, 18.4 ATraktori min j\u00f5udlus: 20hp","robots":{"index":"index","follow":"follow","max-snippet":"max-snippet:-1","max-image-preview":"max-image-preview:large","max-video-preview":"max-video-preview:-1"},"canonical":"https:\/\/ranoja.ee\/toode\/lumag-elektrimootoriga-pto-halumasin-ssa500eh-pro-sz\/","og_locale":"en_US","og_type":"article","og_title":"Lumag elektrimootoriga + PTO halumasin SSA500EH-PRO\/SZ","og_description":"Lumag elektrimootoriga + PTO halumasin SSA500EH-PRO\/SZ Elektrimootor v\u00f5i PTO j\u00f5uv\u00f5tuv\u00f5llilt El. v\u00f5imsus: 9.5kW, 18.4 ATraktori min j\u00f5udlus: 20hp","og_url":"https:\/\/ranoja.ee\/toode\/lumag-elektrimootoriga-pto-halumasin-ssa500eh-pro-sz\/","og_site_name":"Ranoja","article_publisher":"https:\/\/www.facebook.com\/ranoja.ee","article_modified_time":"2025-12-10T08:48:34+00:00","og_image":[{"width":1500,"height":1500,"url":"https:\/\/ranoja.ee\/wp-content\/uploads\/2024\/06\/zoom_pb_ssa500ehprosz-1.2.png","type":"image\/png"}],"twitter_card":"summary_large_image","twitter_misc":{"Est. reading time":"2 minutes"},"schema":{"@context":"https:\/\/schema.org","@graph":[{"@type":"WebPage","@id":"https:\/\/ranoja.ee\/toode\/lumag-elektrimootoriga-pto-halumasin-ssa500eh-pro-sz\/","url":"https:\/\/ranoja.ee\/toode\/lumag-elektrimootoriga-pto-halumasin-ssa500eh-pro-sz\/","name":"Lumag elektrimootoriga + PTO halumasin SSA500EH-PRO\/SZ","isPartOf":{"@id":"https:\/\/ranoja.ee\/#website"},"primaryImageOfPage":{"@id":"https:\/\/ranoja.ee\/toode\/lumag-elektrimootoriga-pto-halumasin-ssa500eh-pro-sz\/#primaryimage"},"image":{"@id":"https:\/\/ranoja.ee\/toode\/lumag-elektrimootoriga-pto-halumasin-ssa500eh-pro-sz\/#primaryimage"},"thumbnailUrl":"https:\/\/ranoja.ee\/wp-content\/uploads\/2024\/06\/zoom_pb_ssa500ehprosz-1.2.png","datePublished":"2024-06-12T07:35:37+00:00","dateModified":"2025-12-10T08:48:34+00:00","description":"Lumag elektrimootoriga + PTO halumasin SSA500EH-PRO\/SZ Elektrimootor v\u00f5i PTO j\u00f5uv\u00f5tuv\u00f5llilt El. v\u00f5imsus: 9.5kW, 18.4 ATraktori min j\u00f5udlus: 20hp","breadcrumb":{"@id":"https:\/\/ranoja.ee\/toode\/lumag-elektrimootoriga-pto-halumasin-ssa500eh-pro-sz\/#breadcrumb"},"inLanguage":"en-US","potentialAction":[{"@type":"ReadAction","target":["https:\/\/ranoja.ee\/toode\/lumag-elektrimootoriga-pto-halumasin-ssa500eh-pro-sz\/"]}]},{"@type":"ImageObject","inLanguage":"en-US","@id":"https:\/\/ranoja.ee\/toode\/lumag-elektrimootoriga-pto-halumasin-ssa500eh-pro-sz\/#primaryimage","url":"https:\/\/ranoja.ee\/wp-content\/uploads\/2024\/06\/zoom_pb_ssa500ehprosz-1.2.png","contentUrl":"https:\/\/ranoja.ee\/wp-content\/uploads\/2024\/06\/zoom_pb_ssa500ehprosz-1.2.png","width":1500,"height":1500,"caption":"SSA500EH-PRO\/SZ elektrimootoriga ja kardaanajamiga halumasin"},{"@type":"BreadcrumbList","@id":"https:\/\/ranoja.ee\/toode\/lumag-elektrimootoriga-pto-halumasin-ssa500eh-pro-sz\/#breadcrumb","itemListElement":[{"@type":"ListItem","position":1,"name":"Home","item":"https:\/\/ranoja.ee\/"},{"@type":"ListItem","position":2,"name":"Shop","item":"https:\/\/ranoja.ee\/en\/shop\/"},{"@type":"ListItem","position":3,"name":"Lumag elektrimootoriga + PTO halumasin SSA500EH-PRO\/SZ"}]},{"@type":"WebSite","@id":"https:\/\/ranoja.ee\/#website","url":"https:\/\/ranoja.ee\/","name":"Ranoja","description":"Equipment Shop WooCommerce WordPress Theme for Machine &amp; Tools","publisher":{"@id":"https:\/\/ranoja.ee\/#organization"},"potentialAction":[{"@type":"SearchAction","target":{"@type":"EntryPoint","urlTemplate":"https:\/\/ranoja.ee\/?s={search_term_string}"},"query-input":{"@type":"PropertyValueSpecification","valueRequired":true,"valueName":"search_term_string"}}],"inLanguage":"en-US"},{"@type":"Organization","@id":"https:\/\/ranoja.ee\/#organization","name":"Ranoja O\u00dc","url":"https:\/\/ranoja.ee\/","logo":{"@type":"ImageObject","inLanguage":"en-US","@id":"https:\/\/ranoja.ee\/#\/schema\/logo\/image\/","url":"https:\/\/ranoja.ee\/wp-content\/uploads\/2023\/11\/ranoja-Logo.png","contentUrl":"https:\/\/ranoja.ee\/wp-content\/uploads\/2023\/11\/ranoja-Logo.png","width":207,"height":58,"caption":"Ranoja O\u00dc"},"image":{"@id":"https:\/\/ranoja.ee\/#\/schema\/logo\/image\/"},"sameAs":["https:\/\/www.facebook.com\/ranoja.ee","https:\/\/www.instagram.com\/ranoja__\/"]}]}},"_links":{"self":[{"href":"https:\/\/ranoja.ee\/en\/wp-json\/wp\/v2\/product\/9661","targetHints":{"allow":["GET"]}}],"collection":[{"href":"https:\/\/ranoja.ee\/en\/wp-json\/wp\/v2\/product"}],"about":[{"href":"https:\/\/ranoja.ee\/en\/wp-json\/wp\/v2\/types\/product"}],"wp:featuredmedia":[{"embeddable":true,"href":"https:\/\/ranoja.ee\/en\/wp-json\/wp\/v2\/media\/10355"}],"wp:attachment":[{"href":"https:\/\/ranoja.ee\/en\/wp-json\/wp\/v2\/media?parent=9661"}],"wp:term":[{"taxonomy":"product_cat","embeddable":true,"href":"https:\/\/ranoja.ee\/en\/wp-json\/wp\/v2\/product_cat?post=9661"},{"taxonomy":"product_tag","embeddable":true,"href":"https:\/\/ranoja.ee\/en\/wp-json\/wp\/v2\/product_tag?post=9661"}],"curies":[{"name":"wp","href":"https:\/\/api.w.org\/{rel}","templated":true}]}}