{"id":9612,"date":"2024-06-10T22:04:19","date_gmt":"2024-06-10T19:04:19","guid":{"rendered":"https:\/\/www.ranoja.ee\/?post_type=product&#038;p=9612"},"modified":"2026-02-17T16:29:36","modified_gmt":"2026-02-17T13:29:36","slug":"lumag-kardaanajamiga-halumasin-ssa500zh-pro","status":"publish","type":"product","link":"https:\/\/ranoja.ee\/en\/toode\/lumag-kardaanajamiga-halumasin-ssa500zh-pro\/","title":{"rendered":"Lumag kardaanajamiga halumasin SSA500ZH-PRO"},"content":{"rendered":"<p>Lumag kardaanajamiga halumasin SSA500ZH-PRO<\/p>\n<p>Lumagi h\u00fcdrauliline j\u00f5uv\u00f5tuv\u00f5lliga halumasin SSA500ZH-PRO pakub lihtsat ja lihtsat t\u00f6\u00f6d palkide t\u00f6\u00f6tlemiseks saagimise ja poolitamise teel \u00fche t\u00f6\u00f6k\u00e4iguga. Materjali automaatne eemaldamine lintkonveieri abil ning h\u00fcdrauliline kettsae ja palgihoidja t\u00f6\u00f6 v\u00f5imaldavad veelgi v\u00e4simatumat t\u00f6\u00f6d. <\/p>\n<p>Integreeritud h\u00fcdrauliline etteanalihm varustab saagimismasinat materjaliga ja j\u00f5uv\u00f5tuv\u00f5lli ajam v\u00f5imaldab kiiret t\u00f6\u00f6d ka suuremate, kuni 50 cm l\u00e4bim\u00f5\u00f5duga palkidega. Sisaldab 2+1 juhtventiili komplekti, PARKERi pumpa ja h\u00fcdromootorit!<\/p>\n<p>Meie SSA500Z-HPRO sobib ideaalselt suures koguses k\u00fcttepuidu tootmiseks. V\u00e4lja t\u00f6\u00f6tatud ja disainitud Saksamaal, kasutame ainult kvaliteetseid komponente nagu PARKERi pumbad ja ventiilid. Praktilised detailid, nagu automaatne ketim\u00e4\u00e4rimine ja h\u00fcdrauliline etteandrihm, v\u00f5imaldavad kiiret, t\u00f5husat ja ohutut t\u00f6\u00f6d teie traktori j\u00f5uv\u00f5tuv\u00f5lli kaudu<\/p>\n<p>Lumag on tuntud ja usaldusv\u00e4\u00e4rne br\u00e4nd, mis on spetsialiseerunud kvaliteetsete ehitustehnika tarvikute ja seadmete tootmisele. Br\u00e4ndi nimi on saanud tuntuks oma tipptasemel toodete, innovatsiooni ja vastutustundliku \u00e4ritegevuse poolest.<\/p>\n<p>Lumagi tootevalik h\u00f5lmab mitmesuguseid ehitusseadmeid ja tarvikuid, alates k\u00f5rgkvaliteedilistest rasketest masinatest kuni kompaktsete t\u00f6\u00f6riistadeni. Br\u00e4ndi toodete disain on t\u00e4nap\u00e4evane, praktiline ja vastupidav, vastates professionaalsete ehitajate ja kodukasutajate k\u00f5rgeimatele standarditele.<\/p>\n<p>Ettev\u00f5te on tuntud oma tehnoloogilise innovatsiooni poolest, p\u00fc\u00fcdes pidevalt uuendada ja parandada oma tooteid vastavalt turu n\u00f5udmistele. Lumagi insenerid ja disainerid keskenduvad mitte ainult t\u00f5hususele ja vastupidavusele, vaid ka keskkonnas\u00f5bralike lahenduste leidmisele, et v\u00e4hendada \u00f6koloogilist jalaj\u00e4lge.<\/p>\n<p>Lumag kardaanajamiga halumasin SSA500ZH-PRO<\/p>\n","protected":false},"excerpt":{"rendered":"<p>Lumag kardaanajamiga halumasin SSA500ZH-PRO<br \/>\nAjami t\u00fc\u00fcp: Traktori j\u00f5uv\u00f5tuv\u00f5ll (PTO)<br \/>\nTraktori v\u00f5imsusvajadus: Ligikaudu 20 hj<br \/>\nH\u00fcdraulilise kettsae mootori p\u00f6\u00f6rded: Kuni 4500 p\/min<br \/>\nH\u00fcdraulilise konveierimootori p\u00f6\u00f6rded: Kuni 284 p\/min r\u00f5hul 110 bar<br \/>\nH\u00fcdraulilise konveierimootori p\u00f6\u00f6rdemoment: 285 Nm<br \/>\nKettsaag: H\u00fcdrauliline<br \/>\nJuhtplaat: 63 cm<br \/>\nSaekett: OREGON, 77 veol\u00fcli, samm 0.375&#8243;, paksus 1.6 mm<br \/>\nL\u00f5hkumispikkus maksimaalne: 50 cm<br \/>\nL\u00f5hkumisl\u00e4bim\u00f5\u00f5t maksimaalne: 10 \u2013 50 cm<br \/>\nT\u00f6\u00f6kiirus: 15 cm\/s<br \/>\nTagastuskiirus: 18.33 cm\/s<br \/>\nL\u00f5hkumisj\u00f5ud: 15 t<br \/>\nS\u00f6\u00f6tmiskonveieri m\u00f5\u00f5dud P \u00d7 L: 2150 \u00d7 250 mm<br \/>\nV\u00e4ljastuskonveieri m\u00f5\u00f5dud P \u00d7 L \u00d7 K: 3200 \u00d7 250 \u00d7 2200 mm<br \/>\nKonveieri kiirus: 0.5 m\/s<br \/>\nTootja: Lumag<br \/>\nMudel: SSA500ZH-PRO<br \/>\nTootekood: SSA500ZHPRO<br \/>\nMasina kaal koos konveieriga: 700 kg<br \/>\nKomplekti kuulub: Halumasin ise, lint etteveoks kuni saeni,  4 teraga kiil ja konveier toodangu edasi liigutamiseks<br \/>\nT\u00e4helepanu! Seade on j\u00e4relveetav kuid ei ole t\u00e4navalegaalne!<br \/>\n<span style=\"color: #000000;\"><strong>Garantii 1 aasta (eraisikule 2 aastat)<\/strong><\/span><br \/>\n<strong>Seadme eeldatav tarneaeg 2-3 n\u00e4dalat<\/strong><\/p>\n<p><strong><span style=\"color: #008000;\">SOOVID ANTUD TOODET ETTEV\u00d5TTELE SOETADA?<\/span><br \/>\n<a href=\"https:\/\/ranoja.ee\/seadmete-rent-kasutusrendi-pohimottel\/\">TUTVU MEIE &#8220;SEADMETE RENT KASUTUSRENDI P\u00d5HIM\u00d5TTEL&#8221; FINANTSEERIMIS LAHENDUSEGA SIIN!<\/a><\/strong><br \/>\n[embed]https:\/\/youtu.be\/YWOP4LjBduk[\/embed]<\/p>\n","protected":false},"featured_media":9615,"template":"","meta":{"inline_featured_image":false},"product_cat":[92,1087],"product_tag":[470,3597,134,3607,486,3608,3609],"class_list":{"0":"post-9612","1":"product","2":"type-product","3":"status-publish","4":"has-post-thumbnail","6":"product_brand-lumag","7":"product_cat-halumasinad","8":"product_cat-metsatehnika","9":"product_tag-halumasin","10":"product_tag-kardaanajamiga-halumasin","11":"product_tag-lumag","12":"product_tag-lumag-kardaanajamiga-halumasin-ssa500zh-pro","13":"product_tag-pto","14":"product_tag-ssa500zh-pro","15":"product_tag-ssa500zhpro","17":"first","18":"instock","19":"taxable","20":"shipping-taxable","21":"purchasable","22":"product-type-simple"},"yoast_head":"<!-- This site is optimized with the Yoast SEO plugin v27.4 - https:\/\/yoast.com\/product\/yoast-seo-wordpress\/ -->\n<title>Lumag kardaanajamiga halumasin SSA500ZH-PRO<\/title>\n<meta name=\"description\" content=\"Lumag kardaanajamiga halumasin SSA500ZH-PRO Halumasina kardaanajam tagab tugeva ja stabiilse j\u00f5u\u00fclekande ka intensiivse t\u00f6\u00f6 korral.\" \/>\n<meta name=\"robots\" content=\"index, follow, max-snippet:-1, max-image-preview:large, max-video-preview:-1\" \/>\n<link rel=\"canonical\" href=\"https:\/\/ranoja.ee\/toode\/lumag-kardaanajamiga-halumasin-ssa500zh-pro\/\" \/>\n<meta property=\"og:locale\" content=\"en_US\" \/>\n<meta property=\"og:type\" content=\"article\" \/>\n<meta property=\"og:title\" content=\"Lumag kardaanajamiga halumasin SSA500ZH-PRO\" \/>\n<meta property=\"og:description\" content=\"Lumag kardaanajamiga halumasin SSA500ZH-PRO Halumasina kardaanajam tagab tugeva ja stabiilse j\u00f5u\u00fclekande ka intensiivse t\u00f6\u00f6 korral.\" \/>\n<meta property=\"og:url\" content=\"https:\/\/ranoja.ee\/toode\/lumag-kardaanajamiga-halumasin-ssa500zh-pro\/\" \/>\n<meta property=\"og:site_name\" content=\"Ranoja\" \/>\n<meta property=\"article:publisher\" content=\"https:\/\/www.facebook.com\/ranoja.ee\" \/>\n<meta property=\"article:modified_time\" content=\"2026-02-17T13:29:36+00:00\" \/>\n<meta property=\"og:image\" content=\"https:\/\/ranoja.ee\/wp-content\/uploads\/2024\/06\/Lumag-kardaanajamiga-halumasin-SSA500ZH-PRO.png\" \/>\n\t<meta property=\"og:image:width\" content=\"1500\" \/>\n\t<meta property=\"og:image:height\" content=\"1500\" \/>\n\t<meta property=\"og:image:type\" content=\"image\/png\" \/>\n<meta name=\"twitter:card\" content=\"summary_large_image\" \/>\n<meta name=\"twitter:label1\" content=\"Est. reading time\" \/>\n\t<meta name=\"twitter:data1\" content=\"2 minutes\" \/>\n<script type=\"application\/ld+json\" class=\"yoast-schema-graph\">{\"@context\":\"https:\\\/\\\/schema.org\",\"@graph\":[{\"@type\":\"WebPage\",\"@id\":\"https:\\\/\\\/ranoja.ee\\\/toode\\\/lumag-kardaanajamiga-halumasin-ssa500zh-pro\\\/\",\"url\":\"https:\\\/\\\/ranoja.ee\\\/toode\\\/lumag-kardaanajamiga-halumasin-ssa500zh-pro\\\/\",\"name\":\"Lumag kardaanajamiga halumasin SSA500ZH-PRO\",\"isPartOf\":{\"@id\":\"https:\\\/\\\/ranoja.ee\\\/#website\"},\"primaryImageOfPage\":{\"@id\":\"https:\\\/\\\/ranoja.ee\\\/toode\\\/lumag-kardaanajamiga-halumasin-ssa500zh-pro\\\/#primaryimage\"},\"image\":{\"@id\":\"https:\\\/\\\/ranoja.ee\\\/toode\\\/lumag-kardaanajamiga-halumasin-ssa500zh-pro\\\/#primaryimage\"},\"thumbnailUrl\":\"https:\\\/\\\/ranoja.ee\\\/wp-content\\\/uploads\\\/2024\\\/06\\\/Lumag-kardaanajamiga-halumasin-SSA500ZH-PRO.png\",\"datePublished\":\"2024-06-10T19:04:19+00:00\",\"dateModified\":\"2026-02-17T13:29:36+00:00\",\"description\":\"Lumag kardaanajamiga halumasin SSA500ZH-PRO Halumasina kardaanajam tagab tugeva ja stabiilse j\u00f5u\u00fclekande ka intensiivse t\u00f6\u00f6 korral.\",\"breadcrumb\":{\"@id\":\"https:\\\/\\\/ranoja.ee\\\/toode\\\/lumag-kardaanajamiga-halumasin-ssa500zh-pro\\\/#breadcrumb\"},\"inLanguage\":\"en-US\",\"potentialAction\":[{\"@type\":\"ReadAction\",\"target\":[\"https:\\\/\\\/ranoja.ee\\\/toode\\\/lumag-kardaanajamiga-halumasin-ssa500zh-pro\\\/\"]}]},{\"@type\":\"ImageObject\",\"inLanguage\":\"en-US\",\"@id\":\"https:\\\/\\\/ranoja.ee\\\/toode\\\/lumag-kardaanajamiga-halumasin-ssa500zh-pro\\\/#primaryimage\",\"url\":\"https:\\\/\\\/ranoja.ee\\\/wp-content\\\/uploads\\\/2024\\\/06\\\/Lumag-kardaanajamiga-halumasin-SSA500ZH-PRO.png\",\"contentUrl\":\"https:\\\/\\\/ranoja.ee\\\/wp-content\\\/uploads\\\/2024\\\/06\\\/Lumag-kardaanajamiga-halumasin-SSA500ZH-PRO.png\",\"width\":1500,\"height\":1500,\"caption\":\"Lumag kardaanajamiga halumasin SSA500ZH-PRO\"},{\"@type\":\"BreadcrumbList\",\"@id\":\"https:\\\/\\\/ranoja.ee\\\/toode\\\/lumag-kardaanajamiga-halumasin-ssa500zh-pro\\\/#breadcrumb\",\"itemListElement\":[{\"@type\":\"ListItem\",\"position\":1,\"name\":\"Home\",\"item\":\"https:\\\/\\\/ranoja.ee\\\/\"},{\"@type\":\"ListItem\",\"position\":2,\"name\":\"Shop\",\"item\":\"https:\\\/\\\/ranoja.ee\\\/en\\\/shop\\\/\"},{\"@type\":\"ListItem\",\"position\":3,\"name\":\"Lumag kardaanajamiga halumasin SSA500ZH-PRO\"}]},{\"@type\":\"WebSite\",\"@id\":\"https:\\\/\\\/ranoja.ee\\\/#website\",\"url\":\"https:\\\/\\\/ranoja.ee\\\/\",\"name\":\"Ranoja\",\"description\":\"Equipment Shop WooCommerce WordPress Theme for Machine &amp; Tools\",\"publisher\":{\"@id\":\"https:\\\/\\\/ranoja.ee\\\/#organization\"},\"potentialAction\":[{\"@type\":\"SearchAction\",\"target\":{\"@type\":\"EntryPoint\",\"urlTemplate\":\"https:\\\/\\\/ranoja.ee\\\/?s={search_term_string}\"},\"query-input\":{\"@type\":\"PropertyValueSpecification\",\"valueRequired\":true,\"valueName\":\"search_term_string\"}}],\"inLanguage\":\"en-US\"},{\"@type\":\"Organization\",\"@id\":\"https:\\\/\\\/ranoja.ee\\\/#organization\",\"name\":\"Ranoja O\u00dc\",\"url\":\"https:\\\/\\\/ranoja.ee\\\/\",\"logo\":{\"@type\":\"ImageObject\",\"inLanguage\":\"en-US\",\"@id\":\"https:\\\/\\\/ranoja.ee\\\/#\\\/schema\\\/logo\\\/image\\\/\",\"url\":\"https:\\\/\\\/ranoja.ee\\\/wp-content\\\/uploads\\\/2023\\\/11\\\/ranoja-Logo.png\",\"contentUrl\":\"https:\\\/\\\/ranoja.ee\\\/wp-content\\\/uploads\\\/2023\\\/11\\\/ranoja-Logo.png\",\"width\":207,\"height\":58,\"caption\":\"Ranoja O\u00dc\"},\"image\":{\"@id\":\"https:\\\/\\\/ranoja.ee\\\/#\\\/schema\\\/logo\\\/image\\\/\"},\"sameAs\":[\"https:\\\/\\\/www.facebook.com\\\/ranoja.ee\",\"https:\\\/\\\/www.instagram.com\\\/ranoja__\\\/\"]}]}<\/script>\n<!-- \/ Yoast SEO plugin. -->","yoast_head_json":{"title":"Lumag kardaanajamiga halumasin SSA500ZH-PRO","description":"Lumag kardaanajamiga halumasin SSA500ZH-PRO Halumasina kardaanajam tagab tugeva ja stabiilse j\u00f5u\u00fclekande ka intensiivse t\u00f6\u00f6 korral.","robots":{"index":"index","follow":"follow","max-snippet":"max-snippet:-1","max-image-preview":"max-image-preview:large","max-video-preview":"max-video-preview:-1"},"canonical":"https:\/\/ranoja.ee\/toode\/lumag-kardaanajamiga-halumasin-ssa500zh-pro\/","og_locale":"en_US","og_type":"article","og_title":"Lumag kardaanajamiga halumasin SSA500ZH-PRO","og_description":"Lumag kardaanajamiga halumasin SSA500ZH-PRO Halumasina kardaanajam tagab tugeva ja stabiilse j\u00f5u\u00fclekande ka intensiivse t\u00f6\u00f6 korral.","og_url":"https:\/\/ranoja.ee\/toode\/lumag-kardaanajamiga-halumasin-ssa500zh-pro\/","og_site_name":"Ranoja","article_publisher":"https:\/\/www.facebook.com\/ranoja.ee","article_modified_time":"2026-02-17T13:29:36+00:00","og_image":[{"width":1500,"height":1500,"url":"https:\/\/ranoja.ee\/wp-content\/uploads\/2024\/06\/Lumag-kardaanajamiga-halumasin-SSA500ZH-PRO.png","type":"image\/png"}],"twitter_card":"summary_large_image","twitter_misc":{"Est. reading time":"2 minutes"},"schema":{"@context":"https:\/\/schema.org","@graph":[{"@type":"WebPage","@id":"https:\/\/ranoja.ee\/toode\/lumag-kardaanajamiga-halumasin-ssa500zh-pro\/","url":"https:\/\/ranoja.ee\/toode\/lumag-kardaanajamiga-halumasin-ssa500zh-pro\/","name":"Lumag kardaanajamiga halumasin SSA500ZH-PRO","isPartOf":{"@id":"https:\/\/ranoja.ee\/#website"},"primaryImageOfPage":{"@id":"https:\/\/ranoja.ee\/toode\/lumag-kardaanajamiga-halumasin-ssa500zh-pro\/#primaryimage"},"image":{"@id":"https:\/\/ranoja.ee\/toode\/lumag-kardaanajamiga-halumasin-ssa500zh-pro\/#primaryimage"},"thumbnailUrl":"https:\/\/ranoja.ee\/wp-content\/uploads\/2024\/06\/Lumag-kardaanajamiga-halumasin-SSA500ZH-PRO.png","datePublished":"2024-06-10T19:04:19+00:00","dateModified":"2026-02-17T13:29:36+00:00","description":"Lumag kardaanajamiga halumasin SSA500ZH-PRO Halumasina kardaanajam tagab tugeva ja stabiilse j\u00f5u\u00fclekande ka intensiivse t\u00f6\u00f6 korral.","breadcrumb":{"@id":"https:\/\/ranoja.ee\/toode\/lumag-kardaanajamiga-halumasin-ssa500zh-pro\/#breadcrumb"},"inLanguage":"en-US","potentialAction":[{"@type":"ReadAction","target":["https:\/\/ranoja.ee\/toode\/lumag-kardaanajamiga-halumasin-ssa500zh-pro\/"]}]},{"@type":"ImageObject","inLanguage":"en-US","@id":"https:\/\/ranoja.ee\/toode\/lumag-kardaanajamiga-halumasin-ssa500zh-pro\/#primaryimage","url":"https:\/\/ranoja.ee\/wp-content\/uploads\/2024\/06\/Lumag-kardaanajamiga-halumasin-SSA500ZH-PRO.png","contentUrl":"https:\/\/ranoja.ee\/wp-content\/uploads\/2024\/06\/Lumag-kardaanajamiga-halumasin-SSA500ZH-PRO.png","width":1500,"height":1500,"caption":"Lumag kardaanajamiga halumasin SSA500ZH-PRO"},{"@type":"BreadcrumbList","@id":"https:\/\/ranoja.ee\/toode\/lumag-kardaanajamiga-halumasin-ssa500zh-pro\/#breadcrumb","itemListElement":[{"@type":"ListItem","position":1,"name":"Home","item":"https:\/\/ranoja.ee\/"},{"@type":"ListItem","position":2,"name":"Shop","item":"https:\/\/ranoja.ee\/en\/shop\/"},{"@type":"ListItem","position":3,"name":"Lumag kardaanajamiga halumasin SSA500ZH-PRO"}]},{"@type":"WebSite","@id":"https:\/\/ranoja.ee\/#website","url":"https:\/\/ranoja.ee\/","name":"Ranoja","description":"Equipment Shop WooCommerce WordPress Theme for Machine &amp; Tools","publisher":{"@id":"https:\/\/ranoja.ee\/#organization"},"potentialAction":[{"@type":"SearchAction","target":{"@type":"EntryPoint","urlTemplate":"https:\/\/ranoja.ee\/?s={search_term_string}"},"query-input":{"@type":"PropertyValueSpecification","valueRequired":true,"valueName":"search_term_string"}}],"inLanguage":"en-US"},{"@type":"Organization","@id":"https:\/\/ranoja.ee\/#organization","name":"Ranoja O\u00dc","url":"https:\/\/ranoja.ee\/","logo":{"@type":"ImageObject","inLanguage":"en-US","@id":"https:\/\/ranoja.ee\/#\/schema\/logo\/image\/","url":"https:\/\/ranoja.ee\/wp-content\/uploads\/2023\/11\/ranoja-Logo.png","contentUrl":"https:\/\/ranoja.ee\/wp-content\/uploads\/2023\/11\/ranoja-Logo.png","width":207,"height":58,"caption":"Ranoja O\u00dc"},"image":{"@id":"https:\/\/ranoja.ee\/#\/schema\/logo\/image\/"},"sameAs":["https:\/\/www.facebook.com\/ranoja.ee","https:\/\/www.instagram.com\/ranoja__\/"]}]}},"_links":{"self":[{"href":"https:\/\/ranoja.ee\/en\/wp-json\/wp\/v2\/product\/9612","targetHints":{"allow":["GET"]}}],"collection":[{"href":"https:\/\/ranoja.ee\/en\/wp-json\/wp\/v2\/product"}],"about":[{"href":"https:\/\/ranoja.ee\/en\/wp-json\/wp\/v2\/types\/product"}],"wp:featuredmedia":[{"embeddable":true,"href":"https:\/\/ranoja.ee\/en\/wp-json\/wp\/v2\/media\/9615"}],"wp:attachment":[{"href":"https:\/\/ranoja.ee\/en\/wp-json\/wp\/v2\/media?parent=9612"}],"wp:term":[{"taxonomy":"product_cat","embeddable":true,"href":"https:\/\/ranoja.ee\/en\/wp-json\/wp\/v2\/product_cat?post=9612"},{"taxonomy":"product_tag","embeddable":true,"href":"https:\/\/ranoja.ee\/en\/wp-json\/wp\/v2\/product_tag?post=9612"}],"curies":[{"name":"wp","href":"https:\/\/api.w.org\/{rel}","templated":true}]}}