{"id":9538,"date":"2024-06-03T16:16:29","date_gmt":"2024-06-03T13:16:29","guid":{"rendered":"https:\/\/www.ranoja.ee\/?post_type=product&#038;p=9538"},"modified":"2025-12-10T11:48:35","modified_gmt":"2025-12-10T08:48:35","slug":"uniforest-halumasin-titan-43-20-cd","status":"publish","type":"product","link":"https:\/\/ranoja.ee\/en\/toode\/uniforest-halumasin-titan-43-20-cd\/","title":{"rendered":"Uniforest halumasin TITAN 43\/20 CD"},"content":{"rendered":"<p>Uniforest halumasin TITAN 43\/20 CD<br \/>\nMehaanilise juhtimisega standardne k\u00fcttepuidut\u00f6\u00f6tleja TITAN 43\/20 l\u00f5ikab 43 cm l\u00e4bim\u00f5\u00f5duga palke tugeva ja v\u00f5imsa mootorsae latiga ning l\u00f5hkumisj\u00f5uga 20 t.<\/p>\n<p>Kompaktne ja ergonoomilise disainiga k\u00fcttepuude t\u00f6\u00f6tleja TITAN 43\/20 standard on tugeva ja vastupidav.<br \/>\n<strong>Uniforest halumasin TITAN 43\/20 CD t\u00f6\u00f6tab veov\u00f5tuv\u00f5llilt (PTO).<\/strong><\/p>\n<p>*L\u00f5hestusj\u00f5ud 20t<br \/>\n*Mehaaniline<br \/>\n*L\u00f5ikab harvesteri mootorsae latiga<br \/>\n*Kompaktne ja ergonoomiline<br \/>\n*Automaatne keti\u00f5litud<br \/>\n*K\u00f5rge kvaliteediga h\u00fcdros\u00fcsteem ja raamidetailid<br \/>\n*Seade sobib n\u00f5udlikule kodukasutajale v\u00f5i v\u00e4iksemale tootmisele<\/p>\n<p><strong>1. Manomeetrid n\u00e4itavad jaotusr\u00f5hku ja abifunktsioonide s\u00fcsteemi r\u00f5hku.<\/strong><br \/>\n<strong><br \/>\n2. Keti m\u00e4\u00e4rimise reguleerimiss\u00fcsteem.<\/strong><br \/>\n<img fetchpriority=\"high\" decoding=\"async\" class=\"alignnone size-medium wp-image-9539\" src=\"https:\/\/www.ranoja.ee\/wp-content\/uploads\/2024\/06\/Manomeetrid-naitavad-jaotusrohku-ja-abifunktsioonide-susteemi-rohku.maarimise-reguleerimissusteem-300x210.webp\" alt=\"Uniforest metsatehnika\" width=\"300\" height=\"210\" srcset=\"https:\/\/ranoja.ee\/wp-content\/uploads\/2024\/06\/Manomeetrid-naitavad-jaotusrohku-ja-abifunktsioonide-susteemi-rohku.maarimise-reguleerimissusteem-300x210.webp 300w, https:\/\/ranoja.ee\/wp-content\/uploads\/2024\/06\/Manomeetrid-naitavad-jaotusrohku-ja-abifunktsioonide-susteemi-rohku.maarimise-reguleerimissusteem-768x538.webp 768w, https:\/\/ranoja.ee\/wp-content\/uploads\/2024\/06\/Manomeetrid-naitavad-jaotusrohku-ja-abifunktsioonide-susteemi-rohku.maarimise-reguleerimissusteem.webp 800w\" sizes=\"(max-width: 300px) 100vw, 300px\" \/><\/p>\n<p><strong>L\u00f5hkumisnoa h\u00fcdrauliliselt reguleeritav k\u00f5rgus<\/strong><br \/>\n<img decoding=\"async\" class=\"alignnone size-medium wp-image-9541\" src=\"https:\/\/www.ranoja.ee\/wp-content\/uploads\/2024\/06\/lohkumiskiilu-hudrauliliselt-reguleeritav-korgus-300x214.webp\" alt=\"L\u00f5hkumisnoa h\u00fcdrauliliselt reguleeritav k\u00f5rgus\" width=\"300\" height=\"214\" srcset=\"https:\/\/ranoja.ee\/wp-content\/uploads\/2024\/06\/lohkumiskiilu-hudrauliliselt-reguleeritav-korgus-300x214.webp 300w, https:\/\/ranoja.ee\/wp-content\/uploads\/2024\/06\/lohkumiskiilu-hudrauliliselt-reguleeritav-korgus.webp 448w\" sizes=\"(max-width: 300px) 100vw, 300px\" \/><\/p>\n<p><strong>Eraldusgrill enne konveierit<\/strong><br \/>\nEraldab v\u00e4iksemad t\u00fckid, mis tekivad l\u00f5ikamise ja poolitamise k\u00f5rvalm\u00f5juna.<br \/>\n<img decoding=\"async\" class=\"alignnone size-medium wp-image-9543\" src=\"https:\/\/www.ranoja.ee\/wp-content\/uploads\/2024\/06\/eraldusvore-enne-konveierit-300x225.webp\" alt=\"halumasinad j\u00e4rvamaal\" width=\"300\" height=\"225\" srcset=\"https:\/\/ranoja.ee\/wp-content\/uploads\/2024\/06\/eraldusvore-enne-konveierit-300x225.webp 300w, https:\/\/ranoja.ee\/wp-content\/uploads\/2024\/06\/eraldusvore-enne-konveierit.webp 320w\" sizes=\"(max-width: 300px) 100vw, 300px\" \/><\/p>\n<p><strong>Toodangu pikkuse reguleerimine:<\/strong><br \/>\n<img loading=\"lazy\" decoding=\"async\" class=\"alignnone size-medium wp-image-9550\" src=\"https:\/\/www.ranoja.ee\/wp-content\/uploads\/2024\/06\/toodangu-pikkus-300x225.jpg\" alt=\"Uniforest halumasin TITAN 43\/20 CD\" width=\"300\" height=\"225\" srcset=\"https:\/\/ranoja.ee\/wp-content\/uploads\/2024\/06\/toodangu-pikkus-300x225.jpg 300w, https:\/\/ranoja.ee\/wp-content\/uploads\/2024\/06\/toodangu-pikkus.jpg 320w\" sizes=\"(max-width: 300px) 100vw, 300px\" \/><\/p>\n<p><strong>Mootorsae k\u00e4ivtamine:<\/strong><br \/>\n<img loading=\"lazy\" decoding=\"async\" class=\"alignnone size-medium wp-image-9552\" src=\"https:\/\/www.ranoja.ee\/wp-content\/uploads\/2024\/06\/Mootorsae-kaivitamiseks-300x225.png\" alt=\"halumasinate m\u00fc\u00fck\" width=\"300\" height=\"225\" srcset=\"https:\/\/ranoja.ee\/wp-content\/uploads\/2024\/06\/Mootorsae-kaivitamiseks-300x225.png 300w, https:\/\/ranoja.ee\/wp-content\/uploads\/2024\/06\/Mootorsae-kaivitamiseks.png 320w\" sizes=\"(max-width: 300px) 100vw, 300px\" \/><\/p>\n<p><strong>Automaatne keti\u00f5litus ja h\u00fcdropaak:<\/strong><br \/>\n<img loading=\"lazy\" decoding=\"async\" class=\"alignnone size-medium wp-image-9554\" src=\"https:\/\/www.ranoja.ee\/wp-content\/uploads\/2024\/06\/automaatne-ketiolitus-300x225.png\" alt=\"Uniforest halumasin TITAN 43\/20 CD\" width=\"300\" height=\"225\" srcset=\"https:\/\/ranoja.ee\/wp-content\/uploads\/2024\/06\/automaatne-ketiolitus-300x225.png 300w, https:\/\/ranoja.ee\/wp-content\/uploads\/2024\/06\/automaatne-ketiolitus.png 320w\" sizes=\"(max-width: 300px) 100vw, 300px\" \/><\/p>\n<p><strong><span style=\"color: #339966;\">Vaata tootjalehte ja tee ka teiste Uniforest seadmetega <a href=\"https:\/\/uniforest.com\/product\/firewood-processor-titan-43-20\"><span style=\"color: #000000;\">tutvust siin!<\/span><\/a><\/span><\/strong><\/p>\n<p>Halumasinad, tuntud ka kui puul\u00f5hkumismasinad, on seadmed, mida kasutatakse puidu l\u00f5hkumiseks k\u00fcttepuudeks. Need masinad muudavad f\u00fc\u00fcsiliselt n\u00f5udliku ja aegan\u00f5udva t\u00f6\u00f6 palju lihtsamaks ja t\u00f5husamaks. Halumasinad kasutavad mehaanilist j\u00f5udu puupakkude jagamiseks sobivateks halgudeks, mida saab seej\u00e4rel kasutada k\u00fctmiseks<\/p>\n<p>Kasutamise Eelised<br \/>\nT\u00f6\u00f6 kiirus ja t\u00f5husus: Halumasinad v\u00f5imaldavad l\u00f5hkuda suure koguse puid kiiresti ja v\u00e4hese vaevaga.<br \/>\nEnergia s\u00e4\u00e4stmine: F\u00fc\u00fcsilise j\u00f5u kokkuhoid v\u00f5rreldes k\u00e4sitsi l\u00f5hkumisega.<br \/>\nMitmek\u00fclgsus: Saadaval erineva suuruse ja v\u00f5imsusega mudelid, mis sobivad erinevatele vajadustele.<br \/>\nHalumasinad on hindamatud t\u00f6\u00f6riistad neile, kes kasutavad puitu k\u00fctmiseks v\u00f5i kellel on vaja l\u00f5hkuda suuri koguseid puitu. \u00d5ige masina valimine ja ohutusn\u00f5uete j\u00e4rgimine muudab nende kasutamise lihtsaks ja efektiivseks.<\/p>\n","protected":false},"excerpt":{"rendered":"<p>Uniforest halumasin TITAN 43\/20 CD<\/p>\n<p>Ajam: Kardaanajam(PTO)<br \/>\nMax puidu l\u00e4bim\u00f5\u00f5t: 43cm<br \/>\nL\u00f5hkumisj\u00f5ud: 20 ton<br \/>\nTootmise pikkused: 25, 33, 40, 50 (cm)<br \/>\nSoovituslik traktori j\u00f5udlus (kw\/hp)= 60\/80<br \/>\nPTO v\u00f5lli kiirus: 420\u2013460<br \/>\n\u00dchenduvus kategooria: II<br \/>\nS\u00f6\u00f6tmiskonveieri pikkus 2m<br \/>\n\u00c4raveokonveieri pikkus 5m<br \/>\nKaal 1220kg<br \/>\nSTD kaasas 2-4 teraga l\u00f5hkumiskiil<\/p>\n<p><strong>Lisaks saab juurde tellida:<\/strong><br \/>\n2-6 l\u00f5hkumiskiil<br \/>\n2-8 l\u00f5hkumiskiil<br \/>\n2-12 l\u00f5hkumiskiil<br \/>\nK\u00fcsi lisa!<\/p>\n<p><strong><span style=\"color: #008000;\">SOOVID ANTUD TOODET ETTEV\u00d5TTELE SOETADA?<\/span><br \/>\n<a href=\"https:\/\/ranoja.ee\/seadmete-rent-kasutusrendi-pohimottel\/\">TUTVU MEIE &#8220;SEADMETE RENT KASUTUSRENDI P\u00d5HIM\u00d5TTEL&#8221; FINANTSEERIMIS LAHENDUSEGA SIIN!<\/a><\/strong><\/p>\n<p><span style=\"color: #000000;\"><strong>Garantii 2 aastat)<\/strong><\/span><\/p>\n<p><span style=\"color: #339966;\"><strong>K\u00fcsi julgelt parimat hinnapakkumist ja tarneaega enda uuele Uniforest seadmele!<\/strong><\/span><\/p>\n","protected":false},"featured_media":9546,"template":"","meta":{"inline_featured_image":false},"product_cat":[92,1087],"product_tag":[],"class_list":{"0":"post-9538","1":"product","2":"type-product","3":"status-publish","4":"has-post-thumbnail","6":"product_cat-halumasinad","7":"product_cat-metsatehnika","9":"first","10":"outofstock","11":"taxable","12":"shipping-taxable","13":"purchasable","14":"product-type-simple"},"yoast_head":"<!-- This site is optimized with the Yoast SEO plugin v27.4 - https:\/\/yoast.com\/product\/yoast-seo-wordpress\/ -->\n<title>Uniforest halumasin TITAN 43\/20 CD<\/title>\n<meta name=\"description\" content=\"Uniforest halumasin TITAN 43\/20 CD Ajam: Kardaanajam(PTO)Max puidu l\u00e4bim\u00f5\u00f5t: 43cmL\u00f5hkumisj\u00f5ud: 20 ton Uniforest toodab k\u00f5rge kvaliteediga metsatehnikat!\" \/>\n<meta name=\"robots\" content=\"index, follow, max-snippet:-1, max-image-preview:large, max-video-preview:-1\" \/>\n<link rel=\"canonical\" href=\"https:\/\/ranoja.ee\/toode\/uniforest-halumasin-titan-43-20-cd\/\" \/>\n<meta property=\"og:locale\" content=\"en_US\" \/>\n<meta property=\"og:type\" content=\"article\" \/>\n<meta property=\"og:title\" content=\"Uniforest halumasin TITAN 43\/20 CD\" \/>\n<meta property=\"og:description\" content=\"Uniforest halumasin TITAN 43\/20 CD Ajam: Kardaanajam(PTO)Max puidu l\u00e4bim\u00f5\u00f5t: 43cmL\u00f5hkumisj\u00f5ud: 20 ton Uniforest toodab k\u00f5rge kvaliteediga metsatehnikat!\" \/>\n<meta property=\"og:url\" content=\"https:\/\/ranoja.ee\/toode\/uniforest-halumasin-titan-43-20-cd\/\" \/>\n<meta property=\"og:site_name\" content=\"Ranoja\" \/>\n<meta property=\"article:publisher\" content=\"https:\/\/www.facebook.com\/ranoja.ee\" \/>\n<meta property=\"article:modified_time\" content=\"2025-12-10T08:48:35+00:00\" \/>\n<meta property=\"og:image\" content=\"https:\/\/ranoja.ee\/wp-content\/uploads\/2024\/06\/Uniforest-halumasin-TITAN-43-20-CD.webp\" \/>\n\t<meta property=\"og:image:width\" content=\"610\" \/>\n\t<meta property=\"og:image:height\" content=\"431\" \/>\n\t<meta property=\"og:image:type\" content=\"image\/webp\" \/>\n<meta name=\"twitter:card\" content=\"summary_large_image\" \/>\n<meta name=\"twitter:label1\" content=\"Est. reading time\" \/>\n\t<meta name=\"twitter:data1\" content=\"3 minutes\" \/>\n<script type=\"application\/ld+json\" class=\"yoast-schema-graph\">{\"@context\":\"https:\\\/\\\/schema.org\",\"@graph\":[{\"@type\":\"WebPage\",\"@id\":\"https:\\\/\\\/ranoja.ee\\\/toode\\\/uniforest-halumasin-titan-43-20-cd\\\/\",\"url\":\"https:\\\/\\\/ranoja.ee\\\/toode\\\/uniforest-halumasin-titan-43-20-cd\\\/\",\"name\":\"Uniforest halumasin TITAN 43\\\/20 CD\",\"isPartOf\":{\"@id\":\"https:\\\/\\\/ranoja.ee\\\/#website\"},\"primaryImageOfPage\":{\"@id\":\"https:\\\/\\\/ranoja.ee\\\/toode\\\/uniforest-halumasin-titan-43-20-cd\\\/#primaryimage\"},\"image\":{\"@id\":\"https:\\\/\\\/ranoja.ee\\\/toode\\\/uniforest-halumasin-titan-43-20-cd\\\/#primaryimage\"},\"thumbnailUrl\":\"https:\\\/\\\/ranoja.ee\\\/wp-content\\\/uploads\\\/2024\\\/06\\\/Uniforest-halumasin-TITAN-43-20-CD.webp\",\"datePublished\":\"2024-06-03T13:16:29+00:00\",\"dateModified\":\"2025-12-10T08:48:35+00:00\",\"description\":\"Uniforest halumasin TITAN 43\\\/20 CD Ajam: Kardaanajam(PTO)Max puidu l\u00e4bim\u00f5\u00f5t: 43cmL\u00f5hkumisj\u00f5ud: 20 ton Uniforest toodab k\u00f5rge kvaliteediga metsatehnikat!\",\"breadcrumb\":{\"@id\":\"https:\\\/\\\/ranoja.ee\\\/toode\\\/uniforest-halumasin-titan-43-20-cd\\\/#breadcrumb\"},\"inLanguage\":\"en-US\",\"potentialAction\":[{\"@type\":\"ReadAction\",\"target\":[\"https:\\\/\\\/ranoja.ee\\\/toode\\\/uniforest-halumasin-titan-43-20-cd\\\/\"]}]},{\"@type\":\"ImageObject\",\"inLanguage\":\"en-US\",\"@id\":\"https:\\\/\\\/ranoja.ee\\\/toode\\\/uniforest-halumasin-titan-43-20-cd\\\/#primaryimage\",\"url\":\"https:\\\/\\\/ranoja.ee\\\/wp-content\\\/uploads\\\/2024\\\/06\\\/Uniforest-halumasin-TITAN-43-20-CD.webp\",\"contentUrl\":\"https:\\\/\\\/ranoja.ee\\\/wp-content\\\/uploads\\\/2024\\\/06\\\/Uniforest-halumasin-TITAN-43-20-CD.webp\",\"width\":610,\"height\":431,\"caption\":\"Uniforest halumasin TITAN 43\\\/20 CD\"},{\"@type\":\"BreadcrumbList\",\"@id\":\"https:\\\/\\\/ranoja.ee\\\/toode\\\/uniforest-halumasin-titan-43-20-cd\\\/#breadcrumb\",\"itemListElement\":[{\"@type\":\"ListItem\",\"position\":1,\"name\":\"Home\",\"item\":\"https:\\\/\\\/ranoja.ee\\\/\"},{\"@type\":\"ListItem\",\"position\":2,\"name\":\"Shop\",\"item\":\"https:\\\/\\\/ranoja.ee\\\/en\\\/shop\\\/\"},{\"@type\":\"ListItem\",\"position\":3,\"name\":\"Uniforest halumasin TITAN 43\\\/20 CD\"}]},{\"@type\":\"WebSite\",\"@id\":\"https:\\\/\\\/ranoja.ee\\\/#website\",\"url\":\"https:\\\/\\\/ranoja.ee\\\/\",\"name\":\"Ranoja\",\"description\":\"Equipment Shop WooCommerce WordPress Theme for Machine &amp; Tools\",\"publisher\":{\"@id\":\"https:\\\/\\\/ranoja.ee\\\/#organization\"},\"potentialAction\":[{\"@type\":\"SearchAction\",\"target\":{\"@type\":\"EntryPoint\",\"urlTemplate\":\"https:\\\/\\\/ranoja.ee\\\/?s={search_term_string}\"},\"query-input\":{\"@type\":\"PropertyValueSpecification\",\"valueRequired\":true,\"valueName\":\"search_term_string\"}}],\"inLanguage\":\"en-US\"},{\"@type\":\"Organization\",\"@id\":\"https:\\\/\\\/ranoja.ee\\\/#organization\",\"name\":\"Ranoja O\u00dc\",\"url\":\"https:\\\/\\\/ranoja.ee\\\/\",\"logo\":{\"@type\":\"ImageObject\",\"inLanguage\":\"en-US\",\"@id\":\"https:\\\/\\\/ranoja.ee\\\/#\\\/schema\\\/logo\\\/image\\\/\",\"url\":\"https:\\\/\\\/ranoja.ee\\\/wp-content\\\/uploads\\\/2023\\\/11\\\/ranoja-Logo.png\",\"contentUrl\":\"https:\\\/\\\/ranoja.ee\\\/wp-content\\\/uploads\\\/2023\\\/11\\\/ranoja-Logo.png\",\"width\":207,\"height\":58,\"caption\":\"Ranoja O\u00dc\"},\"image\":{\"@id\":\"https:\\\/\\\/ranoja.ee\\\/#\\\/schema\\\/logo\\\/image\\\/\"},\"sameAs\":[\"https:\\\/\\\/www.facebook.com\\\/ranoja.ee\",\"https:\\\/\\\/www.instagram.com\\\/ranoja__\\\/\"]}]}<\/script>\n<!-- \/ Yoast SEO plugin. -->","yoast_head_json":{"title":"Uniforest halumasin TITAN 43\/20 CD","description":"Uniforest halumasin TITAN 43\/20 CD Ajam: Kardaanajam(PTO)Max puidu l\u00e4bim\u00f5\u00f5t: 43cmL\u00f5hkumisj\u00f5ud: 20 ton Uniforest toodab k\u00f5rge kvaliteediga metsatehnikat!","robots":{"index":"index","follow":"follow","max-snippet":"max-snippet:-1","max-image-preview":"max-image-preview:large","max-video-preview":"max-video-preview:-1"},"canonical":"https:\/\/ranoja.ee\/toode\/uniforest-halumasin-titan-43-20-cd\/","og_locale":"en_US","og_type":"article","og_title":"Uniforest halumasin TITAN 43\/20 CD","og_description":"Uniforest halumasin TITAN 43\/20 CD Ajam: Kardaanajam(PTO)Max puidu l\u00e4bim\u00f5\u00f5t: 43cmL\u00f5hkumisj\u00f5ud: 20 ton Uniforest toodab k\u00f5rge kvaliteediga metsatehnikat!","og_url":"https:\/\/ranoja.ee\/toode\/uniforest-halumasin-titan-43-20-cd\/","og_site_name":"Ranoja","article_publisher":"https:\/\/www.facebook.com\/ranoja.ee","article_modified_time":"2025-12-10T08:48:35+00:00","og_image":[{"width":610,"height":431,"url":"https:\/\/ranoja.ee\/wp-content\/uploads\/2024\/06\/Uniforest-halumasin-TITAN-43-20-CD.webp","type":"image\/webp"}],"twitter_card":"summary_large_image","twitter_misc":{"Est. reading time":"3 minutes"},"schema":{"@context":"https:\/\/schema.org","@graph":[{"@type":"WebPage","@id":"https:\/\/ranoja.ee\/toode\/uniforest-halumasin-titan-43-20-cd\/","url":"https:\/\/ranoja.ee\/toode\/uniforest-halumasin-titan-43-20-cd\/","name":"Uniforest halumasin TITAN 43\/20 CD","isPartOf":{"@id":"https:\/\/ranoja.ee\/#website"},"primaryImageOfPage":{"@id":"https:\/\/ranoja.ee\/toode\/uniforest-halumasin-titan-43-20-cd\/#primaryimage"},"image":{"@id":"https:\/\/ranoja.ee\/toode\/uniforest-halumasin-titan-43-20-cd\/#primaryimage"},"thumbnailUrl":"https:\/\/ranoja.ee\/wp-content\/uploads\/2024\/06\/Uniforest-halumasin-TITAN-43-20-CD.webp","datePublished":"2024-06-03T13:16:29+00:00","dateModified":"2025-12-10T08:48:35+00:00","description":"Uniforest halumasin TITAN 43\/20 CD Ajam: Kardaanajam(PTO)Max puidu l\u00e4bim\u00f5\u00f5t: 43cmL\u00f5hkumisj\u00f5ud: 20 ton Uniforest toodab k\u00f5rge kvaliteediga metsatehnikat!","breadcrumb":{"@id":"https:\/\/ranoja.ee\/toode\/uniforest-halumasin-titan-43-20-cd\/#breadcrumb"},"inLanguage":"en-US","potentialAction":[{"@type":"ReadAction","target":["https:\/\/ranoja.ee\/toode\/uniforest-halumasin-titan-43-20-cd\/"]}]},{"@type":"ImageObject","inLanguage":"en-US","@id":"https:\/\/ranoja.ee\/toode\/uniforest-halumasin-titan-43-20-cd\/#primaryimage","url":"https:\/\/ranoja.ee\/wp-content\/uploads\/2024\/06\/Uniforest-halumasin-TITAN-43-20-CD.webp","contentUrl":"https:\/\/ranoja.ee\/wp-content\/uploads\/2024\/06\/Uniforest-halumasin-TITAN-43-20-CD.webp","width":610,"height":431,"caption":"Uniforest halumasin TITAN 43\/20 CD"},{"@type":"BreadcrumbList","@id":"https:\/\/ranoja.ee\/toode\/uniforest-halumasin-titan-43-20-cd\/#breadcrumb","itemListElement":[{"@type":"ListItem","position":1,"name":"Home","item":"https:\/\/ranoja.ee\/"},{"@type":"ListItem","position":2,"name":"Shop","item":"https:\/\/ranoja.ee\/en\/shop\/"},{"@type":"ListItem","position":3,"name":"Uniforest halumasin TITAN 43\/20 CD"}]},{"@type":"WebSite","@id":"https:\/\/ranoja.ee\/#website","url":"https:\/\/ranoja.ee\/","name":"Ranoja","description":"Equipment Shop WooCommerce WordPress Theme for Machine &amp; Tools","publisher":{"@id":"https:\/\/ranoja.ee\/#organization"},"potentialAction":[{"@type":"SearchAction","target":{"@type":"EntryPoint","urlTemplate":"https:\/\/ranoja.ee\/?s={search_term_string}"},"query-input":{"@type":"PropertyValueSpecification","valueRequired":true,"valueName":"search_term_string"}}],"inLanguage":"en-US"},{"@type":"Organization","@id":"https:\/\/ranoja.ee\/#organization","name":"Ranoja O\u00dc","url":"https:\/\/ranoja.ee\/","logo":{"@type":"ImageObject","inLanguage":"en-US","@id":"https:\/\/ranoja.ee\/#\/schema\/logo\/image\/","url":"https:\/\/ranoja.ee\/wp-content\/uploads\/2023\/11\/ranoja-Logo.png","contentUrl":"https:\/\/ranoja.ee\/wp-content\/uploads\/2023\/11\/ranoja-Logo.png","width":207,"height":58,"caption":"Ranoja O\u00dc"},"image":{"@id":"https:\/\/ranoja.ee\/#\/schema\/logo\/image\/"},"sameAs":["https:\/\/www.facebook.com\/ranoja.ee","https:\/\/www.instagram.com\/ranoja__\/"]}]}},"_links":{"self":[{"href":"https:\/\/ranoja.ee\/en\/wp-json\/wp\/v2\/product\/9538","targetHints":{"allow":["GET"]}}],"collection":[{"href":"https:\/\/ranoja.ee\/en\/wp-json\/wp\/v2\/product"}],"about":[{"href":"https:\/\/ranoja.ee\/en\/wp-json\/wp\/v2\/types\/product"}],"wp:featuredmedia":[{"embeddable":true,"href":"https:\/\/ranoja.ee\/en\/wp-json\/wp\/v2\/media\/9546"}],"wp:attachment":[{"href":"https:\/\/ranoja.ee\/en\/wp-json\/wp\/v2\/media?parent=9538"}],"wp:term":[{"taxonomy":"product_cat","embeddable":true,"href":"https:\/\/ranoja.ee\/en\/wp-json\/wp\/v2\/product_cat?post=9538"},{"taxonomy":"product_tag","embeddable":true,"href":"https:\/\/ranoja.ee\/en\/wp-json\/wp\/v2\/product_tag?post=9538"}],"curies":[{"name":"wp","href":"https:\/\/api.w.org\/{rel}","templated":true}]}}