{"id":9481,"date":"2024-05-31T15:04:45","date_gmt":"2024-05-31T12:04:45","guid":{"rendered":"https:\/\/www.ranoja.ee\/?post_type=product&#038;p=9481"},"modified":"2025-12-10T11:41:18","modified_gmt":"2025-12-10T08:41:18","slug":"ketasniiduk-stella-garde-5316slv","status":"publish","type":"product","link":"https:\/\/ranoja.ee\/en\/toode\/ketasniiduk-stella-garde-5316slv\/","title":{"rendered":"Ketasniiduk Stella Garde 5316SLV"},"content":{"rendered":"<p>Ketasniiduk Stella Garde 5316SLV<br \/>\nStella Garden Rato trummelniiduk<br \/>\nRato RV225 mootoriga aiatrummelniiduk Motor Jikov STELLA saavutab s\u00f5idukiiruseks 2,24 km\/h. Mootoriga muruniiduk t\u00f6\u00f6tab h\u00e4sti paksu ja k\u00f5rge rohu ning mitmekesise laigulise taimestiku niitmisel. Seda t\u00fc\u00fcpi trummelniiduk on m\u00f5eldud k\u00f5rge rohu niitmiseks suurtel, hooletusse j\u00e4etud aladel. Masinal on lihtne ja kindel struktuur. Neli kallutatavat nuga on paigaldatud tugevduselementidega trumlile. Spetsiaalselt profileeritud alumine ketas kohandub niidetava maastikuga. Suured t\u00e4ispuhutavad rattad j\u00f5ulupuu turvisega, mis v\u00f5imaldab t\u00f6\u00f6tada kallakul v\u00f5i ebatasasel ja pehmel maastikul. Niidukil on eraldi hoovad ajami ja t\u00f6\u00f6s\u00fcsteemi \u00fchendamiseks, mis v\u00f5imaldab niidukil ohutult liikuda. <\/p>\n<p>Mootor Jikov trummelniidukid<br \/>\nTrummelniidukit saab kasutada ka k\u00f5ikjal, kus on vaja niidetud muru edasiseks kasutamiseks, nt. heinakasvatuses jne. Trummelniiduki j\u00f5uallikaks on tugev ja t\u00f6\u00f6kindel Rato R225 mootor. Lisaks on STELLA Garden trummelniidukit v\u00e4ga lihtne juhtida t\u00e4nu spetsiaalse k\u00e4igu kasutamisele \u00f5livannis, nn vaba ratas v\u00f5imaldab niidukit man\u00f6\u00f6verdada sissel\u00fclitatud ajamiga. Motor Jikov trummelniidukid on lihtsad, kuid v\u00e4ga tugevad masinad, mis on toodetud T\u0161ehhis. Kui vajate k\u00f5rge muru jaoks vastupidavat ja t\u00f6\u00f6kindlat niidukit, on see teile ideaalne valik.<br \/>\nKetasniiduk Stella Garde 5316SLV<\/p>\n<p>Rullniidukid<br \/>\n\u2022 vastupidav, t\u00f5estatud disain<br \/>\n\u2022 sobib k\u00f5rge rohu ja puude juurdekasvu niitmiseks<br \/>\n\u2022 vastupidav tigu\u00fclekanne \u00f5livannis<br \/>\n\u2022 lihtne ja mugav man\u00f6\u00f6verdada<br \/>\n\u2022 v\u00f5imas ja t\u00f6\u00f6kindel mootor<\/p>\n<p>Kasutamine<br \/>\nMuru niitmine: K\u00f5ige levinum kasutusala on muru niitmine koduhoovides, parkides ja spordiv\u00e4ljakutel.<br \/>\nSuurte alade hooldus: Sobivad suuremate pindade niitmiseks t\u00e4nu oma v\u00f5imsusele ja liikuvusele.<br \/>\nEba\u00fchtlased maastikud: V\u00f5imelised t\u00f6\u00f6tama eba\u00fchtlastel pindadel ja kallakutel.<\/p>\n","protected":false},"excerpt":{"rendered":"<p>Ketasniiduk Stella Garde 5316SLV<br \/>\nMootor: Rato RV225, 223 cm\u00b3 4 taktliline bensiinimootor 2,2kW<br \/>\nLiikumiskiirus kuni 2.24 km\/h<br \/>\nSeadme l\u00f5ikek\u00f5rgus on 35mm<br \/>\nL\u00f5ikterasid on 4 tk<br \/>\nL\u00f5ikelaius: 58cm<br \/>\nKaal: 55kg<\/p>\n<p><span style=\"color: #000000;\"><strong>Garantii 1 aasta (eraisikule 2 aastat)<\/strong><\/span><br \/>\n<strong>Seadme eeldatav tarneaeg 1-7 t\u00f6\u00f6p\u00e4eva<\/strong><\/p>\n","protected":false},"featured_media":11961,"template":"","meta":{"inline_featured_image":false},"product_cat":[1079,1086],"product_tag":[],"class_list":{"0":"post-9481","1":"product","2":"type-product","3":"status-publish","4":"has-post-thumbnail","6":"product_brand-cedrus","7":"product_cat-aiatehnika-ja-niidutehnika","8":"product_cat-hooldusniidukid","10":"first","11":"instock","12":"taxable","13":"shipping-taxable","14":"purchasable","15":"product-type-simple"},"yoast_head":"<!-- This site is optimized with the Yoast SEO plugin v27.4 - https:\/\/yoast.com\/product\/yoast-seo-wordpress\/ -->\n<title>Ketasniiduk Stella Garde 5316SLV<\/title>\n<meta name=\"description\" content=\"Ketasniiduk Stella Garde 5316SLV, Rato RV225 mootor, Ketasniiduk t\u00f6\u00f6tab h\u00e4sti paksu ja k\u00f5rge rohu ning mitmekesise laigulise taimestiku niitmisel.K\u00fcsi lisa!\" \/>\n<meta name=\"robots\" content=\"index, follow, max-snippet:-1, max-image-preview:large, max-video-preview:-1\" \/>\n<link rel=\"canonical\" href=\"https:\/\/ranoja.ee\/toode\/ketasniiduk-stella-garde-5316slv\/\" \/>\n<meta property=\"og:locale\" content=\"en_US\" \/>\n<meta property=\"og:type\" content=\"article\" \/>\n<meta property=\"og:title\" content=\"Ketasniiduk Stella Garde 5316SLV\" \/>\n<meta property=\"og:description\" content=\"Ketasniiduk Stella Garde 5316SLV, Rato RV225 mootor, Ketasniiduk t\u00f6\u00f6tab h\u00e4sti paksu ja k\u00f5rge rohu ning mitmekesise laigulise taimestiku niitmisel.K\u00fcsi lisa!\" \/>\n<meta property=\"og:url\" content=\"https:\/\/ranoja.ee\/toode\/ketasniiduk-stella-garde-5316slv\/\" \/>\n<meta property=\"og:site_name\" content=\"Ranoja\" \/>\n<meta property=\"article:publisher\" content=\"https:\/\/www.facebook.com\/ranoja.ee\" \/>\n<meta property=\"article:modified_time\" content=\"2025-12-10T08:41:18+00:00\" \/>\n<meta property=\"og:image\" content=\"https:\/\/ranoja.ee\/wp-content\/uploads\/2024\/05\/Ketasniiduk-Stella-Garde-5316SLV.jpg\" \/>\n\t<meta property=\"og:image:width\" content=\"739\" \/>\n\t<meta property=\"og:image:height\" content=\"800\" \/>\n\t<meta property=\"og:image:type\" content=\"image\/jpeg\" \/>\n<meta name=\"twitter:card\" content=\"summary_large_image\" \/>\n<meta name=\"twitter:label1\" content=\"Est. reading time\" \/>\n\t<meta name=\"twitter:data1\" content=\"2 minutes\" \/>\n<script type=\"application\/ld+json\" class=\"yoast-schema-graph\">{\"@context\":\"https:\\\/\\\/schema.org\",\"@graph\":[{\"@type\":\"WebPage\",\"@id\":\"https:\\\/\\\/ranoja.ee\\\/toode\\\/ketasniiduk-stella-garde-5316slv\\\/\",\"url\":\"https:\\\/\\\/ranoja.ee\\\/toode\\\/ketasniiduk-stella-garde-5316slv\\\/\",\"name\":\"Ketasniiduk Stella Garde 5316SLV\",\"isPartOf\":{\"@id\":\"https:\\\/\\\/ranoja.ee\\\/#website\"},\"primaryImageOfPage\":{\"@id\":\"https:\\\/\\\/ranoja.ee\\\/toode\\\/ketasniiduk-stella-garde-5316slv\\\/#primaryimage\"},\"image\":{\"@id\":\"https:\\\/\\\/ranoja.ee\\\/toode\\\/ketasniiduk-stella-garde-5316slv\\\/#primaryimage\"},\"thumbnailUrl\":\"https:\\\/\\\/ranoja.ee\\\/wp-content\\\/uploads\\\/2024\\\/05\\\/Ketasniiduk-Stella-Garde-5316SLV.jpg\",\"datePublished\":\"2024-05-31T12:04:45+00:00\",\"dateModified\":\"2025-12-10T08:41:18+00:00\",\"description\":\"Ketasniiduk Stella Garde 5316SLV, Rato RV225 mootor, Ketasniiduk t\u00f6\u00f6tab h\u00e4sti paksu ja k\u00f5rge rohu ning mitmekesise laigulise taimestiku niitmisel.K\u00fcsi lisa!\",\"breadcrumb\":{\"@id\":\"https:\\\/\\\/ranoja.ee\\\/toode\\\/ketasniiduk-stella-garde-5316slv\\\/#breadcrumb\"},\"inLanguage\":\"en-US\",\"potentialAction\":[{\"@type\":\"ReadAction\",\"target\":[\"https:\\\/\\\/ranoja.ee\\\/toode\\\/ketasniiduk-stella-garde-5316slv\\\/\"]}]},{\"@type\":\"ImageObject\",\"inLanguage\":\"en-US\",\"@id\":\"https:\\\/\\\/ranoja.ee\\\/toode\\\/ketasniiduk-stella-garde-5316slv\\\/#primaryimage\",\"url\":\"https:\\\/\\\/ranoja.ee\\\/wp-content\\\/uploads\\\/2024\\\/05\\\/Ketasniiduk-Stella-Garde-5316SLV.jpg\",\"contentUrl\":\"https:\\\/\\\/ranoja.ee\\\/wp-content\\\/uploads\\\/2024\\\/05\\\/Ketasniiduk-Stella-Garde-5316SLV.jpg\",\"width\":739,\"height\":800,\"caption\":\"Ketasniiduk Stella Garde 5316SLV\"},{\"@type\":\"BreadcrumbList\",\"@id\":\"https:\\\/\\\/ranoja.ee\\\/toode\\\/ketasniiduk-stella-garde-5316slv\\\/#breadcrumb\",\"itemListElement\":[{\"@type\":\"ListItem\",\"position\":1,\"name\":\"Home\",\"item\":\"https:\\\/\\\/ranoja.ee\\\/\"},{\"@type\":\"ListItem\",\"position\":2,\"name\":\"Shop\",\"item\":\"https:\\\/\\\/ranoja.ee\\\/en\\\/shop\\\/\"},{\"@type\":\"ListItem\",\"position\":3,\"name\":\"Ketasniiduk Stella Garde 5316SLV\"}]},{\"@type\":\"WebSite\",\"@id\":\"https:\\\/\\\/ranoja.ee\\\/#website\",\"url\":\"https:\\\/\\\/ranoja.ee\\\/\",\"name\":\"Ranoja\",\"description\":\"Equipment Shop WooCommerce WordPress Theme for Machine &amp; Tools\",\"publisher\":{\"@id\":\"https:\\\/\\\/ranoja.ee\\\/#organization\"},\"potentialAction\":[{\"@type\":\"SearchAction\",\"target\":{\"@type\":\"EntryPoint\",\"urlTemplate\":\"https:\\\/\\\/ranoja.ee\\\/?s={search_term_string}\"},\"query-input\":{\"@type\":\"PropertyValueSpecification\",\"valueRequired\":true,\"valueName\":\"search_term_string\"}}],\"inLanguage\":\"en-US\"},{\"@type\":\"Organization\",\"@id\":\"https:\\\/\\\/ranoja.ee\\\/#organization\",\"name\":\"Ranoja O\u00dc\",\"url\":\"https:\\\/\\\/ranoja.ee\\\/\",\"logo\":{\"@type\":\"ImageObject\",\"inLanguage\":\"en-US\",\"@id\":\"https:\\\/\\\/ranoja.ee\\\/#\\\/schema\\\/logo\\\/image\\\/\",\"url\":\"https:\\\/\\\/ranoja.ee\\\/wp-content\\\/uploads\\\/2023\\\/11\\\/ranoja-Logo.png\",\"contentUrl\":\"https:\\\/\\\/ranoja.ee\\\/wp-content\\\/uploads\\\/2023\\\/11\\\/ranoja-Logo.png\",\"width\":207,\"height\":58,\"caption\":\"Ranoja O\u00dc\"},\"image\":{\"@id\":\"https:\\\/\\\/ranoja.ee\\\/#\\\/schema\\\/logo\\\/image\\\/\"},\"sameAs\":[\"https:\\\/\\\/www.facebook.com\\\/ranoja.ee\",\"https:\\\/\\\/www.instagram.com\\\/ranoja__\\\/\"]}]}<\/script>\n<!-- \/ Yoast SEO plugin. -->","yoast_head_json":{"title":"Ketasniiduk Stella Garde 5316SLV","description":"Ketasniiduk Stella Garde 5316SLV, Rato RV225 mootor, Ketasniiduk t\u00f6\u00f6tab h\u00e4sti paksu ja k\u00f5rge rohu ning mitmekesise laigulise taimestiku niitmisel.K\u00fcsi lisa!","robots":{"index":"index","follow":"follow","max-snippet":"max-snippet:-1","max-image-preview":"max-image-preview:large","max-video-preview":"max-video-preview:-1"},"canonical":"https:\/\/ranoja.ee\/toode\/ketasniiduk-stella-garde-5316slv\/","og_locale":"en_US","og_type":"article","og_title":"Ketasniiduk Stella Garde 5316SLV","og_description":"Ketasniiduk Stella Garde 5316SLV, Rato RV225 mootor, Ketasniiduk t\u00f6\u00f6tab h\u00e4sti paksu ja k\u00f5rge rohu ning mitmekesise laigulise taimestiku niitmisel.K\u00fcsi lisa!","og_url":"https:\/\/ranoja.ee\/toode\/ketasniiduk-stella-garde-5316slv\/","og_site_name":"Ranoja","article_publisher":"https:\/\/www.facebook.com\/ranoja.ee","article_modified_time":"2025-12-10T08:41:18+00:00","og_image":[{"width":739,"height":800,"url":"https:\/\/ranoja.ee\/wp-content\/uploads\/2024\/05\/Ketasniiduk-Stella-Garde-5316SLV.jpg","type":"image\/jpeg"}],"twitter_card":"summary_large_image","twitter_misc":{"Est. reading time":"2 minutes"},"schema":{"@context":"https:\/\/schema.org","@graph":[{"@type":"WebPage","@id":"https:\/\/ranoja.ee\/toode\/ketasniiduk-stella-garde-5316slv\/","url":"https:\/\/ranoja.ee\/toode\/ketasniiduk-stella-garde-5316slv\/","name":"Ketasniiduk Stella Garde 5316SLV","isPartOf":{"@id":"https:\/\/ranoja.ee\/#website"},"primaryImageOfPage":{"@id":"https:\/\/ranoja.ee\/toode\/ketasniiduk-stella-garde-5316slv\/#primaryimage"},"image":{"@id":"https:\/\/ranoja.ee\/toode\/ketasniiduk-stella-garde-5316slv\/#primaryimage"},"thumbnailUrl":"https:\/\/ranoja.ee\/wp-content\/uploads\/2024\/05\/Ketasniiduk-Stella-Garde-5316SLV.jpg","datePublished":"2024-05-31T12:04:45+00:00","dateModified":"2025-12-10T08:41:18+00:00","description":"Ketasniiduk Stella Garde 5316SLV, Rato RV225 mootor, Ketasniiduk t\u00f6\u00f6tab h\u00e4sti paksu ja k\u00f5rge rohu ning mitmekesise laigulise taimestiku niitmisel.K\u00fcsi lisa!","breadcrumb":{"@id":"https:\/\/ranoja.ee\/toode\/ketasniiduk-stella-garde-5316slv\/#breadcrumb"},"inLanguage":"en-US","potentialAction":[{"@type":"ReadAction","target":["https:\/\/ranoja.ee\/toode\/ketasniiduk-stella-garde-5316slv\/"]}]},{"@type":"ImageObject","inLanguage":"en-US","@id":"https:\/\/ranoja.ee\/toode\/ketasniiduk-stella-garde-5316slv\/#primaryimage","url":"https:\/\/ranoja.ee\/wp-content\/uploads\/2024\/05\/Ketasniiduk-Stella-Garde-5316SLV.jpg","contentUrl":"https:\/\/ranoja.ee\/wp-content\/uploads\/2024\/05\/Ketasniiduk-Stella-Garde-5316SLV.jpg","width":739,"height":800,"caption":"Ketasniiduk Stella Garde 5316SLV"},{"@type":"BreadcrumbList","@id":"https:\/\/ranoja.ee\/toode\/ketasniiduk-stella-garde-5316slv\/#breadcrumb","itemListElement":[{"@type":"ListItem","position":1,"name":"Home","item":"https:\/\/ranoja.ee\/"},{"@type":"ListItem","position":2,"name":"Shop","item":"https:\/\/ranoja.ee\/en\/shop\/"},{"@type":"ListItem","position":3,"name":"Ketasniiduk Stella Garde 5316SLV"}]},{"@type":"WebSite","@id":"https:\/\/ranoja.ee\/#website","url":"https:\/\/ranoja.ee\/","name":"Ranoja","description":"Equipment Shop WooCommerce WordPress Theme for Machine &amp; Tools","publisher":{"@id":"https:\/\/ranoja.ee\/#organization"},"potentialAction":[{"@type":"SearchAction","target":{"@type":"EntryPoint","urlTemplate":"https:\/\/ranoja.ee\/?s={search_term_string}"},"query-input":{"@type":"PropertyValueSpecification","valueRequired":true,"valueName":"search_term_string"}}],"inLanguage":"en-US"},{"@type":"Organization","@id":"https:\/\/ranoja.ee\/#organization","name":"Ranoja O\u00dc","url":"https:\/\/ranoja.ee\/","logo":{"@type":"ImageObject","inLanguage":"en-US","@id":"https:\/\/ranoja.ee\/#\/schema\/logo\/image\/","url":"https:\/\/ranoja.ee\/wp-content\/uploads\/2023\/11\/ranoja-Logo.png","contentUrl":"https:\/\/ranoja.ee\/wp-content\/uploads\/2023\/11\/ranoja-Logo.png","width":207,"height":58,"caption":"Ranoja O\u00dc"},"image":{"@id":"https:\/\/ranoja.ee\/#\/schema\/logo\/image\/"},"sameAs":["https:\/\/www.facebook.com\/ranoja.ee","https:\/\/www.instagram.com\/ranoja__\/"]}]}},"_links":{"self":[{"href":"https:\/\/ranoja.ee\/en\/wp-json\/wp\/v2\/product\/9481","targetHints":{"allow":["GET"]}}],"collection":[{"href":"https:\/\/ranoja.ee\/en\/wp-json\/wp\/v2\/product"}],"about":[{"href":"https:\/\/ranoja.ee\/en\/wp-json\/wp\/v2\/types\/product"}],"wp:featuredmedia":[{"embeddable":true,"href":"https:\/\/ranoja.ee\/en\/wp-json\/wp\/v2\/media\/11961"}],"wp:attachment":[{"href":"https:\/\/ranoja.ee\/en\/wp-json\/wp\/v2\/media?parent=9481"}],"wp:term":[{"taxonomy":"product_cat","embeddable":true,"href":"https:\/\/ranoja.ee\/en\/wp-json\/wp\/v2\/product_cat?post=9481"},{"taxonomy":"product_tag","embeddable":true,"href":"https:\/\/ranoja.ee\/en\/wp-json\/wp\/v2\/product_tag?post=9481"}],"curies":[{"name":"wp","href":"https:\/\/api.w.org\/{rel}","templated":true}]}}