{"id":9269,"date":"2024-05-07T11:32:36","date_gmt":"2024-05-07T08:32:36","guid":{"rendered":"https:\/\/www.ranoja.ee\/?post_type=product&#038;p=9269"},"modified":"2025-12-10T11:48:36","modified_gmt":"2025-12-10T08:48:36","slug":"uniforest-premium-puulohkumismasin-titanium-14cd","status":"publish","type":"product","link":"https:\/\/ranoja.ee\/en\/toode\/uniforest-premium-puulohkumismasin-titanium-14cd\/","title":{"rendered":"Uniforest Premium puul\u00f5hkumismasin Titanium 14CD"},"content":{"rendered":"<p>Uniforest Premium puul\u00f5hkumismasin Titanium 14CD<br \/>\nPalgil\u00f5hkujad Titanium 14 v\u00f5ivad olla traktori (PTO) ajamiga, need v\u00f5ivad olla elektrilised palgil\u00f5hkujad v\u00f5i traktori (PTO) ja elektrimootori ajamiga. Kuna kirves naaseb kiiresti oma algasendisse ja automaatse kiirusega klapp reguleerib kiirust automaatselt, on l\u00f5hkumine ohutu, kiire ja lihtne.<\/p>\n<p>*Kiire ja t\u00f5hus poolitamine<br \/>\n*Automaatne kiirusklapp<br \/>\n*Malmist h\u00fcdropump<br \/>\n*Palju hoidikuid lisavarustuse jaoks<\/p>\n<p>*Malmist h\u00fcdropump tagab puul\u00f5hkuja vaikse t\u00f6\u00f6 ja pika t\u00f6\u00f6ea. &#8211; Standard<br \/>\n<img fetchpriority=\"high\" decoding=\"async\" class=\"alignnone size-medium wp-image-9210\" src=\"https:\/\/www.ranoja.ee\/wp-content\/uploads\/2024\/05\/hudropump-puulohkumismasinale-300x210.webp\" alt=\"h\u00fcdropump puul\u00f5hkumismasinale\" width=\"300\" height=\"210\" srcset=\"https:\/\/ranoja.ee\/wp-content\/uploads\/2024\/05\/hudropump-puulohkumismasinale-300x210.webp 300w, https:\/\/ranoja.ee\/wp-content\/uploads\/2024\/05\/hudropump-puulohkumismasinale-768x538.webp 768w, https:\/\/ranoja.ee\/wp-content\/uploads\/2024\/05\/hudropump-puulohkumismasinale.webp 800w\" sizes=\"(max-width: 300px) 100vw, 300px\" \/><\/p>\n<p>1. Autospeed (AS) ventiil automaatseks kiiruse reguleerimiseks.<br \/>\n2. Topeltp\u00f5hjaga paak, mis takistab \u00f5li lekkimist.<br \/>\n<img decoding=\"async\" class=\"alignnone size-medium wp-image-9272\" src=\"https:\/\/www.ranoja.ee\/wp-content\/uploads\/2024\/05\/Autospeed-ja-topeltpohjaga-paak-300x239.webp\" alt=\"h\u00fcdros\u00fcsteem puul\u00f5hkumismasinatele\" width=\"300\" height=\"239\" srcset=\"https:\/\/ranoja.ee\/wp-content\/uploads\/2024\/05\/Autospeed-ja-topeltpohjaga-paak-300x239.webp 300w, https:\/\/ranoja.ee\/wp-content\/uploads\/2024\/05\/Autospeed-ja-topeltpohjaga-paak.webp 352w\" sizes=\"(max-width: 300px) 100vw, 300px\" \/><\/p>\n<p>L\u00f5hkumiskirve automaatne v\u00e4ljal\u00fclitamine<br \/>\n<img decoding=\"async\" class=\"alignnone size-medium wp-image-9274\" src=\"https:\/\/www.ranoja.ee\/wp-content\/uploads\/2024\/05\/Noa-automaatne-valjalulitamine-300x214.webp\" alt=\"h\u00fcdraulika ja varuosad ranoja o\u00fc\" width=\"300\" height=\"214\" srcset=\"https:\/\/ranoja.ee\/wp-content\/uploads\/2024\/05\/Noa-automaatne-valjalulitamine-300x214.webp 300w, https:\/\/ranoja.ee\/wp-content\/uploads\/2024\/05\/Noa-automaatne-valjalulitamine.webp 448w\" sizes=\"(max-width: 300px) 100vw, 300px\" \/><\/p>\n<p>Palgit\u00f5stja seab palgi t\u00f6\u00f6asendisse<br \/>\n<img loading=\"lazy\" decoding=\"async\" class=\"alignnone size-medium wp-image-9276\" src=\"https:\/\/www.ranoja.ee\/wp-content\/uploads\/2024\/05\/Palgitostja-seab-palgi-tooasendisse-300x225.webp\" alt=\"palgit\u00f5stukid\" width=\"300\" height=\"225\" srcset=\"https:\/\/ranoja.ee\/wp-content\/uploads\/2024\/05\/Palgitostja-seab-palgi-tooasendisse-300x225.webp 300w, https:\/\/ranoja.ee\/wp-content\/uploads\/2024\/05\/Palgitostja-seab-palgi-tooasendisse.webp 320w\" sizes=\"(max-width: 300px) 100vw, 300px\" \/><\/p>\n<p>Mootorsae (1), kirka (2) ja v\u00e4ikese motika (3) hoidikud.<br \/>\n<img loading=\"lazy\" decoding=\"async\" class=\"alignnone size-medium wp-image-9278\" src=\"https:\/\/www.ranoja.ee\/wp-content\/uploads\/2024\/05\/Mootorsae-1-kirka-2-ja-vaikese-motika-3-hoidikud-300x225.webp\" alt=\"Mootorsae (1), kirka (2) ja v\u00e4ikese motika (3) hoidikud.\" width=\"300\" height=\"225\" srcset=\"https:\/\/ranoja.ee\/wp-content\/uploads\/2024\/05\/Mootorsae-1-kirka-2-ja-vaikese-motika-3-hoidikud-300x225.webp 300w, https:\/\/ranoja.ee\/wp-content\/uploads\/2024\/05\/Mootorsae-1-kirka-2-ja-vaikese-motika-3-hoidikud.webp 320w\" sizes=\"(max-width: 300px) 100vw, 300px\" \/><\/p>\n<p>Reguleeritav paagihoidja \u2013 sobib k\u00f5ikidele k\u00fctusepaagit\u00fc\u00fcpidele<br \/>\n<img loading=\"lazy\" decoding=\"async\" class=\"alignnone size-medium wp-image-9280\" src=\"https:\/\/www.ranoja.ee\/wp-content\/uploads\/2024\/05\/Reguleeritav-paagihoidja-\u2013-sobib-koikidele-kutusepaagituupidele-300x225.webp\" alt=\"Reguleeritav paagihoidja \u2013 sobib k\u00f5ikidele k\u00fctusepaagit\u00fc\u00fcpidele\" width=\"300\" height=\"225\" srcset=\"https:\/\/ranoja.ee\/wp-content\/uploads\/2024\/05\/Reguleeritav-paagihoidja-\u2013-sobib-koikidele-kutusepaagituupidele-300x225.webp 300w, https:\/\/ranoja.ee\/wp-content\/uploads\/2024\/05\/Reguleeritav-paagihoidja-\u2013-sobib-koikidele-kutusepaagituupidele.webp 320w\" sizes=\"(max-width: 300px) 100vw, 300px\" \/><\/p>\n<p>Sakiline hoob hoiab palki paigal, et seda oleks lihtne ja t\u00e4pne l\u00f5hkuda.<br \/>\n<img loading=\"lazy\" decoding=\"async\" class=\"alignnone size-medium wp-image-9212\" src=\"https:\/\/www.ranoja.ee\/wp-content\/uploads\/2024\/05\/Hoob-uniforest-300x225.webp\" alt=\"k\u00fcttepuude puul\u00f5hkumismasin\" width=\"300\" height=\"225\" srcset=\"https:\/\/ranoja.ee\/wp-content\/uploads\/2024\/05\/Hoob-uniforest-300x225.webp 300w, https:\/\/ranoja.ee\/wp-content\/uploads\/2024\/05\/Hoob-uniforest.webp 320w\" sizes=\"(max-width: 300px) 100vw, 300px\" \/><br \/>\nUniforest Premium puul\u00f5hkumismasin Titanium 14CD<\/p>\n<p>Uniforest on tuntud ettev\u00f5te, mis toodab metsa- ja p\u00f5llumajandustehnikat, sealhulgas puul\u00f5hkumismasinaid. Nende masinad on saanud positiivset tagasisidet, eriti nende vastupidavuse ja t\u00f6\u00f6kindluse osas. Uniforesti puul\u00f5hkujad on tuntud oma v\u00f5imsuse ja efektiivsuse poolest ning neid kasutatakse laialdaselt nii erametsades kui ka professionaalsetes metsat\u00f6\u00f6de keskkondades.<\/p>\n<p>Puul\u00f5hkumismasinad on seadmed, mis kasutavad j\u00f5udu ja teravaid servi, et l\u00f5hkuda puud t\u00fckkideks, mis on sobivad k\u00fctteks, puidut\u00f6\u00f6stuses kasutamiseks v\u00f5i muul otstarbel. Need on eriti kasulikud puude l\u00f5hkumisel suurtes kogustes, s\u00e4\u00e4stes aega ja vaeva v\u00f5rreldes k\u00e4sitsi l\u00f5hkumisega kirve v\u00f5i saega.<\/p>\n<p>Puul\u00f5hkumismasinad v\u00f5ivad oluliselt h\u00f5lbustada k\u00fcttepuude tootmist, muutes selle protsessi kiiremaks ja v\u00e4hem vaevan\u00f5udvaks v\u00f5rreldes k\u00e4sitsi l\u00f5hkumisega. Oluline on j\u00e4rgida ohutusn\u00f5udeid ja kasutada masinat vastavalt tootja juhistele, et tagada nii teie kui ka teie \u00fcmbruse ohutus.<\/p>\n","protected":false},"excerpt":{"rendered":"<p>Uniforest Premium puul\u00f5hkumismasin Titanium 14CD<\/p>\n<p>Lisainfo:<br \/>\nH1 \u2013 silindri kiire edasiliikumine<br \/>\nH2 \u2013 silindri edasiliikumine<br \/>\nPH \u2013 silindri tagasiliikumine<\/p>\n<p>Ajam: PTO \/ traktorihaakesse<br \/>\nL\u00f5hkumisj\u00f5ud: 13 ton<br \/>\nMax l\u00f5hkumisk\u00f5rgus: 1150mm<br \/>\nN\u00f5utav traktori j\u00f5udlus: 21\/29 (kW\/hp)<br \/>\n\u00dchendamise kategooria: I, II<br \/>\nL\u00f5hestuskiirus H1\/H2\/PH (cm\/s) 29\/15\/29<br \/>\nH\u00fcdro\u00f5li kogus 20L<br \/>\nPikkus 1050(mm)<br \/>\nLaius 824(mm)<br \/>\nK\u00f5rgus transpordiasendis 1850(mm)<br \/>\nK\u00f5rgus t\u00f6\u00f6asendis 2713(mm)<br \/>\nKaal 360(kg)<br \/>\n<strong>*Lisaks v\u00f5imalik tellida k\u00f5rgendusi pakkudele! K\u00fcsi lisa!<br \/>\n*K\u00fctusekanistri hoidik<br \/>\n*Palgivints<br \/>\n*Haarats<\/strong><\/p>\n<p><span style=\"color: #000000;\"><strong>Garantii 1 aasta (eraisikule 2 aastat)<\/strong><\/span><br \/>\n<strong>Seadme eeldatav tarneaeg 1-2 kuud<\/strong><\/p>\n<p><span style=\"color: #339966;\"><strong>K\u00fcsi julgelt parimat hinnapakkumist ja tarneaega enda uuele Uniforest seadmele!<\/strong><\/span><\/p>\n[embed]https:\/\/youtu.be\/OWrCcz8sQ1A[\/embed]\n[embed]https:\/\/www.youtube.com\/watch?v=U9tu9dIm0Gk[\/embed]\n","protected":false},"featured_media":9270,"template":"","meta":{"inline_featured_image":false},"product_cat":[1087,1089],"product_tag":[],"class_list":{"0":"post-9269","1":"product","2":"type-product","3":"status-publish","4":"has-post-thumbnail","6":"product_cat-metsatehnika","7":"product_cat-puulohkumismasinad","9":"first","10":"outofstock","11":"taxable","12":"shipping-taxable","13":"purchasable","14":"product-type-simple"},"yoast_head":"<!-- This site is optimized with the Yoast SEO plugin v27.4 - https:\/\/yoast.com\/product\/yoast-seo-wordpress\/ -->\n<title>Uniforest Premium puul\u00f5hkumismasin Titanium 14CD<\/title>\n<meta name=\"description\" content=\"Uniforest Premium puul\u00f5hkumismasin Titanium 14CD L\u00f5hkumisj\u00f5ud: 13 tonL\u00f5hkumisk\u00f5rgused: 400\/580\/1150mmN\u00f5utav traktori j\u00f5udlus: 21\/29 (kW\/hp)\" \/>\n<meta name=\"robots\" content=\"index, follow, max-snippet:-1, max-image-preview:large, max-video-preview:-1\" \/>\n<link rel=\"canonical\" href=\"https:\/\/ranoja.ee\/toode\/uniforest-premium-puulohkumismasin-titanium-14cd\/\" \/>\n<meta property=\"og:locale\" content=\"en_US\" \/>\n<meta property=\"og:type\" content=\"article\" \/>\n<meta property=\"og:title\" content=\"Uniforest Premium puul\u00f5hkumismasin Titanium 14CD\" \/>\n<meta property=\"og:description\" content=\"Uniforest Premium puul\u00f5hkumismasin Titanium 14CD L\u00f5hkumisj\u00f5ud: 13 tonL\u00f5hkumisk\u00f5rgused: 400\/580\/1150mmN\u00f5utav traktori j\u00f5udlus: 21\/29 (kW\/hp)\" \/>\n<meta property=\"og:url\" content=\"https:\/\/ranoja.ee\/toode\/uniforest-premium-puulohkumismasin-titanium-14cd\/\" \/>\n<meta property=\"og:site_name\" content=\"Ranoja\" \/>\n<meta property=\"article:publisher\" content=\"https:\/\/www.facebook.com\/ranoja.ee\" \/>\n<meta property=\"article:modified_time\" content=\"2025-12-10T08:48:36+00:00\" \/>\n<meta property=\"og:image\" content=\"https:\/\/ranoja.ee\/wp-content\/uploads\/2024\/05\/Puulohkumismasin-uniforest-log-splitter-titanium14.webp\" \/>\n\t<meta property=\"og:image:width\" content=\"535\" \/>\n\t<meta property=\"og:image:height\" content=\"1024\" \/>\n\t<meta property=\"og:image:type\" content=\"image\/webp\" \/>\n<meta name=\"twitter:card\" content=\"summary_large_image\" \/>\n<meta name=\"twitter:label1\" content=\"Est. reading time\" \/>\n\t<meta name=\"twitter:data1\" content=\"3 minutes\" \/>\n<script type=\"application\/ld+json\" class=\"yoast-schema-graph\">{\"@context\":\"https:\\\/\\\/schema.org\",\"@graph\":[{\"@type\":\"WebPage\",\"@id\":\"https:\\\/\\\/ranoja.ee\\\/toode\\\/uniforest-premium-puulohkumismasin-titanium-14cd\\\/\",\"url\":\"https:\\\/\\\/ranoja.ee\\\/toode\\\/uniforest-premium-puulohkumismasin-titanium-14cd\\\/\",\"name\":\"Uniforest Premium puul\u00f5hkumismasin Titanium 14CD\",\"isPartOf\":{\"@id\":\"https:\\\/\\\/ranoja.ee\\\/#website\"},\"primaryImageOfPage\":{\"@id\":\"https:\\\/\\\/ranoja.ee\\\/toode\\\/uniforest-premium-puulohkumismasin-titanium-14cd\\\/#primaryimage\"},\"image\":{\"@id\":\"https:\\\/\\\/ranoja.ee\\\/toode\\\/uniforest-premium-puulohkumismasin-titanium-14cd\\\/#primaryimage\"},\"thumbnailUrl\":\"https:\\\/\\\/ranoja.ee\\\/wp-content\\\/uploads\\\/2024\\\/05\\\/Puulohkumismasin-uniforest-log-splitter-titanium14.webp\",\"datePublished\":\"2024-05-07T08:32:36+00:00\",\"dateModified\":\"2025-12-10T08:48:36+00:00\",\"description\":\"Uniforest Premium puul\u00f5hkumismasin Titanium 14CD L\u00f5hkumisj\u00f5ud: 13 tonL\u00f5hkumisk\u00f5rgused: 400\\\/580\\\/1150mmN\u00f5utav traktori j\u00f5udlus: 21\\\/29 (kW\\\/hp)\",\"breadcrumb\":{\"@id\":\"https:\\\/\\\/ranoja.ee\\\/toode\\\/uniforest-premium-puulohkumismasin-titanium-14cd\\\/#breadcrumb\"},\"inLanguage\":\"en-US\",\"potentialAction\":[{\"@type\":\"ReadAction\",\"target\":[\"https:\\\/\\\/ranoja.ee\\\/toode\\\/uniforest-premium-puulohkumismasin-titanium-14cd\\\/\"]}]},{\"@type\":\"ImageObject\",\"inLanguage\":\"en-US\",\"@id\":\"https:\\\/\\\/ranoja.ee\\\/toode\\\/uniforest-premium-puulohkumismasin-titanium-14cd\\\/#primaryimage\",\"url\":\"https:\\\/\\\/ranoja.ee\\\/wp-content\\\/uploads\\\/2024\\\/05\\\/Puulohkumismasin-uniforest-log-splitter-titanium14.webp\",\"contentUrl\":\"https:\\\/\\\/ranoja.ee\\\/wp-content\\\/uploads\\\/2024\\\/05\\\/Puulohkumismasin-uniforest-log-splitter-titanium14.webp\",\"width\":535,\"height\":1024,\"caption\":\"kvaliteetne puul\u00f5hkumismasin uniforest titanium 14\"},{\"@type\":\"BreadcrumbList\",\"@id\":\"https:\\\/\\\/ranoja.ee\\\/toode\\\/uniforest-premium-puulohkumismasin-titanium-14cd\\\/#breadcrumb\",\"itemListElement\":[{\"@type\":\"ListItem\",\"position\":1,\"name\":\"Home\",\"item\":\"https:\\\/\\\/ranoja.ee\\\/\"},{\"@type\":\"ListItem\",\"position\":2,\"name\":\"Shop\",\"item\":\"https:\\\/\\\/ranoja.ee\\\/en\\\/shop\\\/\"},{\"@type\":\"ListItem\",\"position\":3,\"name\":\"Uniforest Premium puul\u00f5hkumismasin Titanium 14CD\"}]},{\"@type\":\"WebSite\",\"@id\":\"https:\\\/\\\/ranoja.ee\\\/#website\",\"url\":\"https:\\\/\\\/ranoja.ee\\\/\",\"name\":\"Ranoja\",\"description\":\"Equipment Shop WooCommerce WordPress Theme for Machine &amp; Tools\",\"publisher\":{\"@id\":\"https:\\\/\\\/ranoja.ee\\\/#organization\"},\"potentialAction\":[{\"@type\":\"SearchAction\",\"target\":{\"@type\":\"EntryPoint\",\"urlTemplate\":\"https:\\\/\\\/ranoja.ee\\\/?s={search_term_string}\"},\"query-input\":{\"@type\":\"PropertyValueSpecification\",\"valueRequired\":true,\"valueName\":\"search_term_string\"}}],\"inLanguage\":\"en-US\"},{\"@type\":\"Organization\",\"@id\":\"https:\\\/\\\/ranoja.ee\\\/#organization\",\"name\":\"Ranoja O\u00dc\",\"url\":\"https:\\\/\\\/ranoja.ee\\\/\",\"logo\":{\"@type\":\"ImageObject\",\"inLanguage\":\"en-US\",\"@id\":\"https:\\\/\\\/ranoja.ee\\\/#\\\/schema\\\/logo\\\/image\\\/\",\"url\":\"https:\\\/\\\/ranoja.ee\\\/wp-content\\\/uploads\\\/2023\\\/11\\\/ranoja-Logo.png\",\"contentUrl\":\"https:\\\/\\\/ranoja.ee\\\/wp-content\\\/uploads\\\/2023\\\/11\\\/ranoja-Logo.png\",\"width\":207,\"height\":58,\"caption\":\"Ranoja O\u00dc\"},\"image\":{\"@id\":\"https:\\\/\\\/ranoja.ee\\\/#\\\/schema\\\/logo\\\/image\\\/\"},\"sameAs\":[\"https:\\\/\\\/www.facebook.com\\\/ranoja.ee\",\"https:\\\/\\\/www.instagram.com\\\/ranoja__\\\/\"]}]}<\/script>\n<!-- \/ Yoast SEO plugin. -->","yoast_head_json":{"title":"Uniforest Premium puul\u00f5hkumismasin Titanium 14CD","description":"Uniforest Premium puul\u00f5hkumismasin Titanium 14CD L\u00f5hkumisj\u00f5ud: 13 tonL\u00f5hkumisk\u00f5rgused: 400\/580\/1150mmN\u00f5utav traktori j\u00f5udlus: 21\/29 (kW\/hp)","robots":{"index":"index","follow":"follow","max-snippet":"max-snippet:-1","max-image-preview":"max-image-preview:large","max-video-preview":"max-video-preview:-1"},"canonical":"https:\/\/ranoja.ee\/toode\/uniforest-premium-puulohkumismasin-titanium-14cd\/","og_locale":"en_US","og_type":"article","og_title":"Uniforest Premium puul\u00f5hkumismasin Titanium 14CD","og_description":"Uniforest Premium puul\u00f5hkumismasin Titanium 14CD L\u00f5hkumisj\u00f5ud: 13 tonL\u00f5hkumisk\u00f5rgused: 400\/580\/1150mmN\u00f5utav traktori j\u00f5udlus: 21\/29 (kW\/hp)","og_url":"https:\/\/ranoja.ee\/toode\/uniforest-premium-puulohkumismasin-titanium-14cd\/","og_site_name":"Ranoja","article_publisher":"https:\/\/www.facebook.com\/ranoja.ee","article_modified_time":"2025-12-10T08:48:36+00:00","og_image":[{"width":535,"height":1024,"url":"https:\/\/ranoja.ee\/wp-content\/uploads\/2024\/05\/Puulohkumismasin-uniforest-log-splitter-titanium14.webp","type":"image\/webp"}],"twitter_card":"summary_large_image","twitter_misc":{"Est. reading time":"3 minutes"},"schema":{"@context":"https:\/\/schema.org","@graph":[{"@type":"WebPage","@id":"https:\/\/ranoja.ee\/toode\/uniforest-premium-puulohkumismasin-titanium-14cd\/","url":"https:\/\/ranoja.ee\/toode\/uniforest-premium-puulohkumismasin-titanium-14cd\/","name":"Uniforest Premium puul\u00f5hkumismasin Titanium 14CD","isPartOf":{"@id":"https:\/\/ranoja.ee\/#website"},"primaryImageOfPage":{"@id":"https:\/\/ranoja.ee\/toode\/uniforest-premium-puulohkumismasin-titanium-14cd\/#primaryimage"},"image":{"@id":"https:\/\/ranoja.ee\/toode\/uniforest-premium-puulohkumismasin-titanium-14cd\/#primaryimage"},"thumbnailUrl":"https:\/\/ranoja.ee\/wp-content\/uploads\/2024\/05\/Puulohkumismasin-uniforest-log-splitter-titanium14.webp","datePublished":"2024-05-07T08:32:36+00:00","dateModified":"2025-12-10T08:48:36+00:00","description":"Uniforest Premium puul\u00f5hkumismasin Titanium 14CD L\u00f5hkumisj\u00f5ud: 13 tonL\u00f5hkumisk\u00f5rgused: 400\/580\/1150mmN\u00f5utav traktori j\u00f5udlus: 21\/29 (kW\/hp)","breadcrumb":{"@id":"https:\/\/ranoja.ee\/toode\/uniforest-premium-puulohkumismasin-titanium-14cd\/#breadcrumb"},"inLanguage":"en-US","potentialAction":[{"@type":"ReadAction","target":["https:\/\/ranoja.ee\/toode\/uniforest-premium-puulohkumismasin-titanium-14cd\/"]}]},{"@type":"ImageObject","inLanguage":"en-US","@id":"https:\/\/ranoja.ee\/toode\/uniforest-premium-puulohkumismasin-titanium-14cd\/#primaryimage","url":"https:\/\/ranoja.ee\/wp-content\/uploads\/2024\/05\/Puulohkumismasin-uniforest-log-splitter-titanium14.webp","contentUrl":"https:\/\/ranoja.ee\/wp-content\/uploads\/2024\/05\/Puulohkumismasin-uniforest-log-splitter-titanium14.webp","width":535,"height":1024,"caption":"kvaliteetne puul\u00f5hkumismasin uniforest titanium 14"},{"@type":"BreadcrumbList","@id":"https:\/\/ranoja.ee\/toode\/uniforest-premium-puulohkumismasin-titanium-14cd\/#breadcrumb","itemListElement":[{"@type":"ListItem","position":1,"name":"Home","item":"https:\/\/ranoja.ee\/"},{"@type":"ListItem","position":2,"name":"Shop","item":"https:\/\/ranoja.ee\/en\/shop\/"},{"@type":"ListItem","position":3,"name":"Uniforest Premium puul\u00f5hkumismasin Titanium 14CD"}]},{"@type":"WebSite","@id":"https:\/\/ranoja.ee\/#website","url":"https:\/\/ranoja.ee\/","name":"Ranoja","description":"Equipment Shop WooCommerce WordPress Theme for Machine &amp; Tools","publisher":{"@id":"https:\/\/ranoja.ee\/#organization"},"potentialAction":[{"@type":"SearchAction","target":{"@type":"EntryPoint","urlTemplate":"https:\/\/ranoja.ee\/?s={search_term_string}"},"query-input":{"@type":"PropertyValueSpecification","valueRequired":true,"valueName":"search_term_string"}}],"inLanguage":"en-US"},{"@type":"Organization","@id":"https:\/\/ranoja.ee\/#organization","name":"Ranoja O\u00dc","url":"https:\/\/ranoja.ee\/","logo":{"@type":"ImageObject","inLanguage":"en-US","@id":"https:\/\/ranoja.ee\/#\/schema\/logo\/image\/","url":"https:\/\/ranoja.ee\/wp-content\/uploads\/2023\/11\/ranoja-Logo.png","contentUrl":"https:\/\/ranoja.ee\/wp-content\/uploads\/2023\/11\/ranoja-Logo.png","width":207,"height":58,"caption":"Ranoja O\u00dc"},"image":{"@id":"https:\/\/ranoja.ee\/#\/schema\/logo\/image\/"},"sameAs":["https:\/\/www.facebook.com\/ranoja.ee","https:\/\/www.instagram.com\/ranoja__\/"]}]}},"_links":{"self":[{"href":"https:\/\/ranoja.ee\/en\/wp-json\/wp\/v2\/product\/9269","targetHints":{"allow":["GET"]}}],"collection":[{"href":"https:\/\/ranoja.ee\/en\/wp-json\/wp\/v2\/product"}],"about":[{"href":"https:\/\/ranoja.ee\/en\/wp-json\/wp\/v2\/types\/product"}],"wp:featuredmedia":[{"embeddable":true,"href":"https:\/\/ranoja.ee\/en\/wp-json\/wp\/v2\/media\/9270"}],"wp:attachment":[{"href":"https:\/\/ranoja.ee\/en\/wp-json\/wp\/v2\/media?parent=9269"}],"wp:term":[{"taxonomy":"product_cat","embeddable":true,"href":"https:\/\/ranoja.ee\/en\/wp-json\/wp\/v2\/product_cat?post=9269"},{"taxonomy":"product_tag","embeddable":true,"href":"https:\/\/ranoja.ee\/en\/wp-json\/wp\/v2\/product_tag?post=9269"}],"curies":[{"name":"wp","href":"https:\/\/api.w.org\/{rel}","templated":true}]}}