{"id":9239,"date":"2024-05-06T13:11:17","date_gmt":"2024-05-06T10:11:17","guid":{"rendered":"https:\/\/www.ranoja.ee\/?post_type=product&#038;p=9239"},"modified":"2025-12-10T11:48:36","modified_gmt":"2025-12-10T08:48:36","slug":"uniforest-premium-puulohkumismasin-titanium-11cd-e","status":"publish","type":"product","link":"https:\/\/ranoja.ee\/en\/toode\/uniforest-premium-puulohkumismasin-titanium-11cd-e\/","title":{"rendered":"Uniforest Premium puul\u00f5hkumismasin Titanium 11CD + E"},"content":{"rendered":"<p>Uniforest Premium puul\u00f5hkumismasin Titanium 11CD + E on Premium klassi puul\u00f5hkumismasin, mis on toodetud Sloveenias!<\/p>\n<p>Palgil\u00f5hkujad Titanium 11 v\u00f5ivad olla traktori (PTO) ajamiga, need v\u00f5ivad olla elektrilised palgil\u00f5hkujad v\u00f5i traktori (PTO) ja elektrimootori ajamiga. Kuna kirves naaseb kiiresti oma algasendisse ja automaatkiiruse klapp reguleerib kiirust automaatselt, on l\u00f5hkumine ohutu, kiire ja lihtne. v\u00f5i vaikne t\u00f6\u00f6. Malmist h\u00fcdropump tagab puul\u00f5hkuja vaikse t\u00f6\u00f6.<\/p>\n<p>*Malmist h\u00fcdropump tagab puul\u00f5hkuja vaikse t\u00f6\u00f6 ja pika t\u00f6\u00f6ea. &#8211; Standard<br \/>\n<img fetchpriority=\"high\" decoding=\"async\" class=\"alignnone size-medium wp-image-9210\" src=\"https:\/\/www.ranoja.ee\/wp-content\/uploads\/2024\/05\/hudropump-puulohkumismasinale-300x210.webp\" alt=\"h\u00fcdropump puul\u00f5hkumismasinale\" width=\"300\" height=\"210\" srcset=\"https:\/\/ranoja.ee\/wp-content\/uploads\/2024\/05\/hudropump-puulohkumismasinale-300x210.webp 300w, https:\/\/ranoja.ee\/wp-content\/uploads\/2024\/05\/hudropump-puulohkumismasinale-768x538.webp 768w, https:\/\/ranoja.ee\/wp-content\/uploads\/2024\/05\/hudropump-puulohkumismasinale.webp 800w\" sizes=\"(max-width: 300px) 100vw, 300px\" \/><br \/>\n*L\u00f5hkumiskirve automaatne v\u00e4ljal\u00fclitamine &#8211; Kolmeasendiline v\u00e4ljal\u00fclitusl\u00fcliti hoiab \u00e4ra noa ja poolituslaua kahjustamise.<br \/>\n*Pakut\u00f5stuk tagab ohutu ja lihtsama paku l\u00f5hkujale paigaldamise.<br \/>\n*Rattad k\u00e4sitsi transportimiseks (ainult Titanium 11E)<br \/>\n*Sakiline hoob hoiab palki paigal, et seda oleks lihtne ja t\u00e4pne l\u00f5hkuda.<br \/>\n<img decoding=\"async\" class=\"alignnone size-medium wp-image-9212\" src=\"https:\/\/www.ranoja.ee\/wp-content\/uploads\/2024\/05\/Hoob-uniforest-300x225.webp\" alt=\"k\u00fcttepuude puul\u00f5hkumismasin\" width=\"300\" height=\"225\" srcset=\"https:\/\/ranoja.ee\/wp-content\/uploads\/2024\/05\/Hoob-uniforest-300x225.webp 300w, https:\/\/ranoja.ee\/wp-content\/uploads\/2024\/05\/Hoob-uniforest.webp 320w\" sizes=\"(max-width: 300px) 100vw, 300px\" \/><\/p>\n<p>Autospeed ja topeltp\u00f5hjaga paak<br \/>\n1. Autospeed (AS) ventiil automaatseks kiiruse reguleerimiseks.<br \/>\n2. Topeltp\u00f5hjaga paak, mis takistab \u00f5li lekkimist.<\/p>\n<p>Uniforest Premium puul\u00f5hkumismasin Titanium 11CD + E<\/p>\n<p>Puul\u00f5hkumismasinad on seadmed, mis kasutavad j\u00f5udu ja teravaid servi, et l\u00f5hkuda puud t\u00fckkideks, mis on sobivad k\u00fctteks, puidut\u00f6\u00f6stuses kasutamiseks v\u00f5i muul otstarbel. Need on eriti kasulikud puude l\u00f5hkumisel suurtes kogustes, s\u00e4\u00e4stes aega ja vaeva v\u00f5rreldes k\u00e4sitsi l\u00f5hkumisega kirve v\u00f5i saega.<\/p>\n<p>Puul\u00f5hkumismasinad v\u00f5ivad oluliselt h\u00f5lbustada k\u00fcttepuude tootmist, muutes selle protsessi kiiremaks ja v\u00e4hem vaevan\u00f5udvaks v\u00f5rreldes k\u00e4sitsi l\u00f5hkumisega. Oluline on j\u00e4rgida ohutusn\u00f5udeid ja kasutada masinat vastavalt tootja juhistele, et tagada nii teie kui ka teie \u00fcmbruse ohutus.<\/p>\n","protected":false},"excerpt":{"rendered":"<p>Uniforest Premium puul\u00f5hkumismasin Titanium 11CD + E (elektrimootor + PTO kardaanajamiga)<\/p>\n<p>Lisainfo:<br \/>\nH1 \u2013 silindri kiire edasiliikumine<br \/>\nH2 \u2013 silindri edasiliikumine<br \/>\nPH \u2013 silindri tagasiliikumine<\/p>\n<p>Ajam: elektrimootor 4 Kw \/ PTO kardaanajam<br \/>\nL\u00f5hkumisj\u00f5ud: 10 ton<br \/>\nMax l\u00f5hkumisk\u00f5rgus: 1150mm<br \/>\nN\u00f5utav traktori j\u00f5udlus: 15\/20 (kW\/hp)<br \/>\n\u00dchendamise kategooria: I, II<br \/>\nL\u00f5hestuskiirus H1\/H2\/PH (cm\/s) 22\/11\/22<br \/>\nH\u00fcdro\u00f5li kogus 15L<br \/>\nPikkus 900(mm)<br \/>\nLaius 630(mm)<br \/>\nK\u00f5rgus transpordiasendis 1850(mm)<br \/>\nK\u00f5rgus t\u00f6\u00f6asendis 2680 (mm)<br \/>\nKaal 280(kg)<br \/>\n*Lisaks v\u00f5imalik tellida k\u00f5rgendusi pakkudele! K\u00fcsi lisa!<br \/>\n*K\u00fctusekanistri hoidik<\/p>\n<p><span style=\"color: #000000;\"><strong>Garantii 1 aasta (eraisikule 2 aastat)<\/strong><\/span><br \/>\n<strong>Seadme eeldatav tarneaeg 1-2 kuud<\/strong><\/p>\n<p><span style=\"color: #339966;\"><strong>K\u00fcsi julgelt parimat hinnapakkumist ja tarneaega enda uuele Uniforest seadmele!<\/strong><\/span><\/p>\n[embed]https:\/\/www.youtube.com\/watch?v=U9tu9dIm0Gk[\/embed]\n","protected":false},"featured_media":9214,"template":"","meta":{"inline_featured_image":false},"product_cat":[1087,1089],"product_tag":[1433,1407,1432],"class_list":{"0":"post-9239","1":"product","2":"type-product","3":"status-publish","4":"has-post-thumbnail","6":"product_cat-metsatehnika","7":"product_cat-puulohkumismasinad","8":"product_tag-titanium","9":"product_tag-uniforest","10":"product_tag-uniforest-puupohkumismasin-titanium-11e","12":"first","13":"outofstock","14":"taxable","15":"shipping-taxable","16":"purchasable","17":"product-type-simple"},"yoast_head":"<!-- This site is optimized with the Yoast SEO plugin v27.4 - https:\/\/yoast.com\/product\/yoast-seo-wordpress\/ -->\n<title>Uniforest Premium puul\u00f5hkumismasin Titanium 11CD + E<\/title>\n<meta name=\"description\" content=\"Uniforest Premium puul\u00f5hkumismasin Titanium 11CD + E - T\u00f5eline tippkvaliteediga Sloveenias toodetud puup\u00f5hkumismasin mis tagab kvaliteedi ja vastupidavuse!\" \/>\n<meta name=\"robots\" content=\"index, follow, max-snippet:-1, max-image-preview:large, max-video-preview:-1\" \/>\n<link rel=\"canonical\" href=\"https:\/\/ranoja.ee\/toode\/uniforest-premium-puulohkumismasin-titanium-11cd-e\/\" \/>\n<meta property=\"og:locale\" content=\"en_US\" \/>\n<meta property=\"og:type\" content=\"article\" \/>\n<meta property=\"og:title\" content=\"Uniforest Premium puul\u00f5hkumismasin Titanium 11CD + E\" \/>\n<meta property=\"og:description\" content=\"Uniforest Premium puul\u00f5hkumismasin Titanium 11CD + E - T\u00f5eline tippkvaliteediga Sloveenias toodetud puup\u00f5hkumismasin mis tagab kvaliteedi ja vastupidavuse!\" \/>\n<meta property=\"og:url\" content=\"https:\/\/ranoja.ee\/toode\/uniforest-premium-puulohkumismasin-titanium-11cd-e\/\" \/>\n<meta property=\"og:site_name\" content=\"Ranoja\" \/>\n<meta property=\"article:publisher\" content=\"https:\/\/www.facebook.com\/ranoja.ee\" \/>\n<meta property=\"article:modified_time\" content=\"2025-12-10T08:48:36+00:00\" \/>\n<meta property=\"og:image\" content=\"https:\/\/ranoja.ee\/wp-content\/uploads\/2024\/05\/Uniforest-puupohkumismasin-Titanium-11CD-PTO.webp\" \/>\n\t<meta property=\"og:image:width\" content=\"485\" \/>\n\t<meta property=\"og:image:height\" content=\"1024\" \/>\n\t<meta property=\"og:image:type\" content=\"image\/webp\" \/>\n<meta name=\"twitter:card\" content=\"summary_large_image\" \/>\n<meta name=\"twitter:label1\" content=\"Est. reading time\" \/>\n\t<meta name=\"twitter:data1\" content=\"2 minutes\" \/>\n<script type=\"application\/ld+json\" class=\"yoast-schema-graph\">{\"@context\":\"https:\\\/\\\/schema.org\",\"@graph\":[{\"@type\":\"WebPage\",\"@id\":\"https:\\\/\\\/ranoja.ee\\\/toode\\\/uniforest-premium-puulohkumismasin-titanium-11cd-e\\\/\",\"url\":\"https:\\\/\\\/ranoja.ee\\\/toode\\\/uniforest-premium-puulohkumismasin-titanium-11cd-e\\\/\",\"name\":\"Uniforest Premium puul\u00f5hkumismasin Titanium 11CD + E\",\"isPartOf\":{\"@id\":\"https:\\\/\\\/ranoja.ee\\\/#website\"},\"primaryImageOfPage\":{\"@id\":\"https:\\\/\\\/ranoja.ee\\\/toode\\\/uniforest-premium-puulohkumismasin-titanium-11cd-e\\\/#primaryimage\"},\"image\":{\"@id\":\"https:\\\/\\\/ranoja.ee\\\/toode\\\/uniforest-premium-puulohkumismasin-titanium-11cd-e\\\/#primaryimage\"},\"thumbnailUrl\":\"https:\\\/\\\/ranoja.ee\\\/wp-content\\\/uploads\\\/2024\\\/05\\\/Uniforest-puupohkumismasin-Titanium-11CD-PTO.webp\",\"datePublished\":\"2024-05-06T10:11:17+00:00\",\"dateModified\":\"2025-12-10T08:48:36+00:00\",\"description\":\"Uniforest Premium puul\u00f5hkumismasin Titanium 11CD + E - T\u00f5eline tippkvaliteediga Sloveenias toodetud puup\u00f5hkumismasin mis tagab kvaliteedi ja vastupidavuse!\",\"breadcrumb\":{\"@id\":\"https:\\\/\\\/ranoja.ee\\\/toode\\\/uniforest-premium-puulohkumismasin-titanium-11cd-e\\\/#breadcrumb\"},\"inLanguage\":\"en-US\",\"potentialAction\":[{\"@type\":\"ReadAction\",\"target\":[\"https:\\\/\\\/ranoja.ee\\\/toode\\\/uniforest-premium-puulohkumismasin-titanium-11cd-e\\\/\"]}]},{\"@type\":\"ImageObject\",\"inLanguage\":\"en-US\",\"@id\":\"https:\\\/\\\/ranoja.ee\\\/toode\\\/uniforest-premium-puulohkumismasin-titanium-11cd-e\\\/#primaryimage\",\"url\":\"https:\\\/\\\/ranoja.ee\\\/wp-content\\\/uploads\\\/2024\\\/05\\\/Uniforest-puupohkumismasin-Titanium-11CD-PTO.webp\",\"contentUrl\":\"https:\\\/\\\/ranoja.ee\\\/wp-content\\\/uploads\\\/2024\\\/05\\\/Uniforest-puupohkumismasin-Titanium-11CD-PTO.webp\",\"width\":485,\"height\":1024,\"caption\":\"Uniforest Premium puul\u00f5hkumismasin Titanium 11CD PTO\"},{\"@type\":\"BreadcrumbList\",\"@id\":\"https:\\\/\\\/ranoja.ee\\\/toode\\\/uniforest-premium-puulohkumismasin-titanium-11cd-e\\\/#breadcrumb\",\"itemListElement\":[{\"@type\":\"ListItem\",\"position\":1,\"name\":\"Home\",\"item\":\"https:\\\/\\\/ranoja.ee\\\/\"},{\"@type\":\"ListItem\",\"position\":2,\"name\":\"Shop\",\"item\":\"https:\\\/\\\/ranoja.ee\\\/en\\\/shop\\\/\"},{\"@type\":\"ListItem\",\"position\":3,\"name\":\"Uniforest Premium puul\u00f5hkumismasin Titanium 11CD + E\"}]},{\"@type\":\"WebSite\",\"@id\":\"https:\\\/\\\/ranoja.ee\\\/#website\",\"url\":\"https:\\\/\\\/ranoja.ee\\\/\",\"name\":\"Ranoja\",\"description\":\"Equipment Shop WooCommerce WordPress Theme for Machine &amp; Tools\",\"publisher\":{\"@id\":\"https:\\\/\\\/ranoja.ee\\\/#organization\"},\"potentialAction\":[{\"@type\":\"SearchAction\",\"target\":{\"@type\":\"EntryPoint\",\"urlTemplate\":\"https:\\\/\\\/ranoja.ee\\\/?s={search_term_string}\"},\"query-input\":{\"@type\":\"PropertyValueSpecification\",\"valueRequired\":true,\"valueName\":\"search_term_string\"}}],\"inLanguage\":\"en-US\"},{\"@type\":\"Organization\",\"@id\":\"https:\\\/\\\/ranoja.ee\\\/#organization\",\"name\":\"Ranoja O\u00dc\",\"url\":\"https:\\\/\\\/ranoja.ee\\\/\",\"logo\":{\"@type\":\"ImageObject\",\"inLanguage\":\"en-US\",\"@id\":\"https:\\\/\\\/ranoja.ee\\\/#\\\/schema\\\/logo\\\/image\\\/\",\"url\":\"https:\\\/\\\/ranoja.ee\\\/wp-content\\\/uploads\\\/2023\\\/11\\\/ranoja-Logo.png\",\"contentUrl\":\"https:\\\/\\\/ranoja.ee\\\/wp-content\\\/uploads\\\/2023\\\/11\\\/ranoja-Logo.png\",\"width\":207,\"height\":58,\"caption\":\"Ranoja O\u00dc\"},\"image\":{\"@id\":\"https:\\\/\\\/ranoja.ee\\\/#\\\/schema\\\/logo\\\/image\\\/\"},\"sameAs\":[\"https:\\\/\\\/www.facebook.com\\\/ranoja.ee\",\"https:\\\/\\\/www.instagram.com\\\/ranoja__\\\/\"]}]}<\/script>\n<!-- \/ Yoast SEO plugin. -->","yoast_head_json":{"title":"Uniforest Premium puul\u00f5hkumismasin Titanium 11CD + E","description":"Uniforest Premium puul\u00f5hkumismasin Titanium 11CD + E - T\u00f5eline tippkvaliteediga Sloveenias toodetud puup\u00f5hkumismasin mis tagab kvaliteedi ja vastupidavuse!","robots":{"index":"index","follow":"follow","max-snippet":"max-snippet:-1","max-image-preview":"max-image-preview:large","max-video-preview":"max-video-preview:-1"},"canonical":"https:\/\/ranoja.ee\/toode\/uniforest-premium-puulohkumismasin-titanium-11cd-e\/","og_locale":"en_US","og_type":"article","og_title":"Uniforest Premium puul\u00f5hkumismasin Titanium 11CD + E","og_description":"Uniforest Premium puul\u00f5hkumismasin Titanium 11CD + E - T\u00f5eline tippkvaliteediga Sloveenias toodetud puup\u00f5hkumismasin mis tagab kvaliteedi ja vastupidavuse!","og_url":"https:\/\/ranoja.ee\/toode\/uniforest-premium-puulohkumismasin-titanium-11cd-e\/","og_site_name":"Ranoja","article_publisher":"https:\/\/www.facebook.com\/ranoja.ee","article_modified_time":"2025-12-10T08:48:36+00:00","og_image":[{"width":485,"height":1024,"url":"https:\/\/ranoja.ee\/wp-content\/uploads\/2024\/05\/Uniforest-puupohkumismasin-Titanium-11CD-PTO.webp","type":"image\/webp"}],"twitter_card":"summary_large_image","twitter_misc":{"Est. reading time":"2 minutes"},"schema":{"@context":"https:\/\/schema.org","@graph":[{"@type":"WebPage","@id":"https:\/\/ranoja.ee\/toode\/uniforest-premium-puulohkumismasin-titanium-11cd-e\/","url":"https:\/\/ranoja.ee\/toode\/uniforest-premium-puulohkumismasin-titanium-11cd-e\/","name":"Uniforest Premium puul\u00f5hkumismasin Titanium 11CD + E","isPartOf":{"@id":"https:\/\/ranoja.ee\/#website"},"primaryImageOfPage":{"@id":"https:\/\/ranoja.ee\/toode\/uniforest-premium-puulohkumismasin-titanium-11cd-e\/#primaryimage"},"image":{"@id":"https:\/\/ranoja.ee\/toode\/uniforest-premium-puulohkumismasin-titanium-11cd-e\/#primaryimage"},"thumbnailUrl":"https:\/\/ranoja.ee\/wp-content\/uploads\/2024\/05\/Uniforest-puupohkumismasin-Titanium-11CD-PTO.webp","datePublished":"2024-05-06T10:11:17+00:00","dateModified":"2025-12-10T08:48:36+00:00","description":"Uniforest Premium puul\u00f5hkumismasin Titanium 11CD + E - T\u00f5eline tippkvaliteediga Sloveenias toodetud puup\u00f5hkumismasin mis tagab kvaliteedi ja vastupidavuse!","breadcrumb":{"@id":"https:\/\/ranoja.ee\/toode\/uniforest-premium-puulohkumismasin-titanium-11cd-e\/#breadcrumb"},"inLanguage":"en-US","potentialAction":[{"@type":"ReadAction","target":["https:\/\/ranoja.ee\/toode\/uniforest-premium-puulohkumismasin-titanium-11cd-e\/"]}]},{"@type":"ImageObject","inLanguage":"en-US","@id":"https:\/\/ranoja.ee\/toode\/uniforest-premium-puulohkumismasin-titanium-11cd-e\/#primaryimage","url":"https:\/\/ranoja.ee\/wp-content\/uploads\/2024\/05\/Uniforest-puupohkumismasin-Titanium-11CD-PTO.webp","contentUrl":"https:\/\/ranoja.ee\/wp-content\/uploads\/2024\/05\/Uniforest-puupohkumismasin-Titanium-11CD-PTO.webp","width":485,"height":1024,"caption":"Uniforest Premium puul\u00f5hkumismasin Titanium 11CD PTO"},{"@type":"BreadcrumbList","@id":"https:\/\/ranoja.ee\/toode\/uniforest-premium-puulohkumismasin-titanium-11cd-e\/#breadcrumb","itemListElement":[{"@type":"ListItem","position":1,"name":"Home","item":"https:\/\/ranoja.ee\/"},{"@type":"ListItem","position":2,"name":"Shop","item":"https:\/\/ranoja.ee\/en\/shop\/"},{"@type":"ListItem","position":3,"name":"Uniforest Premium puul\u00f5hkumismasin Titanium 11CD + E"}]},{"@type":"WebSite","@id":"https:\/\/ranoja.ee\/#website","url":"https:\/\/ranoja.ee\/","name":"Ranoja","description":"Equipment Shop WooCommerce WordPress Theme for Machine &amp; Tools","publisher":{"@id":"https:\/\/ranoja.ee\/#organization"},"potentialAction":[{"@type":"SearchAction","target":{"@type":"EntryPoint","urlTemplate":"https:\/\/ranoja.ee\/?s={search_term_string}"},"query-input":{"@type":"PropertyValueSpecification","valueRequired":true,"valueName":"search_term_string"}}],"inLanguage":"en-US"},{"@type":"Organization","@id":"https:\/\/ranoja.ee\/#organization","name":"Ranoja O\u00dc","url":"https:\/\/ranoja.ee\/","logo":{"@type":"ImageObject","inLanguage":"en-US","@id":"https:\/\/ranoja.ee\/#\/schema\/logo\/image\/","url":"https:\/\/ranoja.ee\/wp-content\/uploads\/2023\/11\/ranoja-Logo.png","contentUrl":"https:\/\/ranoja.ee\/wp-content\/uploads\/2023\/11\/ranoja-Logo.png","width":207,"height":58,"caption":"Ranoja O\u00dc"},"image":{"@id":"https:\/\/ranoja.ee\/#\/schema\/logo\/image\/"},"sameAs":["https:\/\/www.facebook.com\/ranoja.ee","https:\/\/www.instagram.com\/ranoja__\/"]}]}},"_links":{"self":[{"href":"https:\/\/ranoja.ee\/en\/wp-json\/wp\/v2\/product\/9239","targetHints":{"allow":["GET"]}}],"collection":[{"href":"https:\/\/ranoja.ee\/en\/wp-json\/wp\/v2\/product"}],"about":[{"href":"https:\/\/ranoja.ee\/en\/wp-json\/wp\/v2\/types\/product"}],"wp:featuredmedia":[{"embeddable":true,"href":"https:\/\/ranoja.ee\/en\/wp-json\/wp\/v2\/media\/9214"}],"wp:attachment":[{"href":"https:\/\/ranoja.ee\/en\/wp-json\/wp\/v2\/media?parent=9239"}],"wp:term":[{"taxonomy":"product_cat","embeddable":true,"href":"https:\/\/ranoja.ee\/en\/wp-json\/wp\/v2\/product_cat?post=9239"},{"taxonomy":"product_tag","embeddable":true,"href":"https:\/\/ranoja.ee\/en\/wp-json\/wp\/v2\/product_tag?post=9239"}],"curies":[{"name":"wp","href":"https:\/\/api.w.org\/{rel}","templated":true}]}}