{"id":9127,"date":"2024-04-24T15:17:26","date_gmt":"2024-04-24T12:17:26","guid":{"rendered":"https:\/\/www.ranoja.ee\/?post_type=product&#038;p=9127"},"modified":"2026-01-23T15:32:15","modified_gmt":"2026-01-23T12:32:15","slug":"uniforest-giljotiin-kraanale-rk-250k","status":"publish","type":"product","link":"https:\/\/ranoja.ee\/en\/toode\/uniforest-giljotiin-kraanale-rk-250k\/","title":{"rendered":"Uniforest giljotiin kraanale RK 250K"},"content":{"rendered":"<p>Uniforest giljotiin kraanale RK 250K<\/p>\n<p>Giljotiin \/ Raiepeaga on v\u00e4ikese l\u00e4bim\u00f5\u00f5duga puidu ja v\u00f5sa maharaiumine, j\u00f5ekallaste puhastamine ja j\u00e4rgnev palkidega k\u00e4sitlemine lihtne ja lihtne. Raiep\u00e4id kasutatakse enamasti kommunaalteenuste osutamiseks<\/p>\n<p>Langetuspea RK250 saab kinnitada ekskavaatoritele v\u00f5i kraanadele ning seda saab kasutada suurte pindade puhastamiseks, nt. g. kommunaalteenuste eest. Nuga on valmistatud materjalist Hardox 500.<br \/>\nGiljotiin kraanale RK 250K<\/p>\n<p>V\u00f5sa giljotiine saab metsanduses kasutada mitmel otstarbel, eriti kui on vaja teha raiej\u00e4rgset puhastust v\u00f5i teede rajamist metsaalale. Siin on m\u00f5ned viisid, kuidas v\u00f5sa giljotiine ekskavaatoritel ja kraanadel metsanduses kasutatakse:<\/p>\n<p>P\u00e4rast metsaraieid v\u00f5ivad j\u00e4\u00e4da maha puuv\u00f5rad, v\u00e4ikesed puud ja muu taimestik, mis takistavad uue metsa kasvu v\u00f5i v\u00f5ivad segada metsateede rajamist ja muid metsandusalaseid tegevusi. V\u00f5sa giljotiinid v\u00f5ivad kiiresti ja t\u00f5husalt eemaldada selle taimestiku, et valmistada metsamaad ette uuteks istutusteks v\u00f5i looduslikuks taastumiseks.<\/p>\n<p>Enne metsateede rajamist v\u00f5ib olla vaja eemaldada taimestik teede trassi kohal. V\u00f5sa giljotiinid v\u00f5ivad olla kasulikud selleks, et l\u00f5igata l\u00e4bi p\u00f5\u00f5said, v\u00e4iksemaid puid ja muud taimestikku, mis v\u00f5ivad segada teede ehitust\u00f6id.<br \/>\nM\u00f5nes piirkonnas v\u00f5ib olla vaja s\u00e4ilitada p\u00f5lismetsi v\u00f5i muud taimestikku, mis on muude tegevuste t\u00f5ttu ohustatud. V\u00f5sa giljotiinid v\u00f5ivad olla kasulikud sellise taimestiku hooldamisel, v\u00f5imaldades eemaldada konkurentsi ja v\u00f5imaldades tervislikumal taimestikul edasi kasvada.<\/p>\n<p>Metsades v\u00f5ib tiheda taimestiku olemasolu suurendada tuleohtu. V\u00f5sa giljotiinid v\u00f5ivad aidata eemaldada tuleohtlikku taimestikku, luues tulekaitsekoridore v\u00f5i tulemurde, mis v\u00f5ivad aidata v\u00e4hendada tule leviku riski.<br \/>\nV\u00f5sa giljotiinide kasutamine metsanduses v\u00f5ib suurendada t\u00f6\u00f6 efektiivsust ja v\u00e4hendada vajadust manuaalse t\u00f6\u00f6 j\u00e4rele. Siiski on oluline j\u00e4rgida kohalikke metsandusalaseid eeskirju ja keskkonnaalaseid standardeid. Ning tagada, et t\u00f6\u00f6d tehakse j\u00e4tkusuutlikul ja vastutustundlikul viisil, et s\u00e4ilitada metsade tervis ja \u00f6kos\u00fcsteemi tasakaal. <\/p>\n<p>Uniforest giljotiin kraanale RK 250K<\/p>\n","protected":false},"excerpt":{"rendered":"<p>Uniforest giljotiin kraanale RK 250K<br \/>\nMaksimaalne l\u00f5ikelaius pehme puit: 250 mm<br \/>\nMaksimaalne l\u00f5ikelaius k\u00f5va puit: 200 mm<br \/>\nMaksimaalne avanemine: 1000 mm<br \/>\nMinimaalne materjal: 70 mm<br \/>\nMaksimaalne t\u00f6\u00f6surve: 24 MPa \/ 240 bar<br \/>\n\u00d5livoog: 40\u201380 l\/min<br \/>\nLaius: 800 mm<br \/>\nS\u00fcgavus: 660 mm<br \/>\nK\u00f5rgus: 615 mm<br \/>\nKaal: 220 kg<br \/>\nHardox 500 l\u00f5ikenuga<\/p>\n<p><strong>K\u00fcsi ka lisaseadmeid RK 250K t\u00f6\u00f6organile:<\/strong><br \/>\nAttachment S 40<br \/>\nAttachment S 45<br \/>\nAttachment S 50<br \/>\nAttachment S 60<br \/>\nAttachment MW<br \/>\nAttachment MS 03<br \/>\nMehaaniline Lock valve (RK 250 K) (l\u00fclita v\u00e4lja l\u00f5ikenuga ja kasuta ainult haaratsina)<\/p>\n<p><span style=\"color: #000000;\"><strong>Garantii 1 aasta (eraisikule 2 aastat)<\/strong><\/span><br \/>\n<strong>Seadme eeldatav tarneaeg 1-2 kuud<\/strong><\/p>\n<p><span style=\"color: #339966;\"><strong>K\u00fcsi julgelt parimat hinnapakkumist ja tarneaega enda uuele Uniforest seadmele!<\/strong><\/span><\/p>\n[embed]https:\/\/youtu.be\/Sc0yFYVluU0[\/embed]\n","protected":false},"featured_media":9124,"template":"","meta":{"inline_featured_image":false},"product_cat":[1424,1087],"product_tag":[449,1419,3215,1407,3214],"class_list":{"0":"post-9127","1":"product","2":"type-product","3":"status-publish","4":"has-post-thumbnail","6":"product_brand-uniforest","7":"product_cat-giljotiinid","8":"product_cat-metsatehnika","9":"product_tag-giljotiin","10":"product_tag-metsatehnika","11":"product_tag-rk-250k","12":"product_tag-uniforest","13":"product_tag-uniforest-giljotiin-kraanale-rk-250k","15":"first","16":"outofstock","17":"taxable","18":"shipping-taxable","19":"purchasable","20":"product-type-simple"},"yoast_head":"<!-- This site is optimized with the Yoast SEO plugin v27.4 - https:\/\/yoast.com\/product\/yoast-seo-wordpress\/ -->\n<title>Uniforest giljotiin kraanale RK 250K<\/title>\n<meta name=\"description\" content=\"Uniforest giljotiin kraanale RK 250K V\u00f5sa giljotiinide kasutamine metsanduses v\u00f5ib suurendada t\u00f6\u00f6 efektiivsust ja v\u00e4hendada vajadust manuaalse t\u00f6\u00f6 j\u00e4rele.\" \/>\n<meta name=\"robots\" content=\"index, follow, max-snippet:-1, max-image-preview:large, max-video-preview:-1\" \/>\n<link rel=\"canonical\" href=\"https:\/\/ranoja.ee\/toode\/uniforest-giljotiin-kraanale-rk-250k\/\" \/>\n<meta property=\"og:locale\" content=\"en_US\" \/>\n<meta property=\"og:type\" content=\"article\" \/>\n<meta property=\"og:title\" content=\"Uniforest giljotiin kraanale RK 250K\" \/>\n<meta property=\"og:description\" content=\"Uniforest giljotiin kraanale RK 250K V\u00f5sa giljotiinide kasutamine metsanduses v\u00f5ib suurendada t\u00f6\u00f6 efektiivsust ja v\u00e4hendada vajadust manuaalse t\u00f6\u00f6 j\u00e4rele.\" \/>\n<meta property=\"og:url\" content=\"https:\/\/ranoja.ee\/toode\/uniforest-giljotiin-kraanale-rk-250k\/\" \/>\n<meta property=\"og:site_name\" content=\"Ranoja\" \/>\n<meta property=\"article:publisher\" content=\"https:\/\/www.facebook.com\/ranoja.ee\" \/>\n<meta property=\"article:modified_time\" content=\"2026-01-23T12:32:15+00:00\" \/>\n<meta property=\"og:image\" content=\"https:\/\/ranoja.ee\/wp-content\/uploads\/2024\/04\/Giljotiin-vosa-metsaraie-kraavide-puhastus-metsandus-hooldusraie-unuforest-giljotiinid.webp\" \/>\n\t<meta property=\"og:image:width\" content=\"408\" \/>\n\t<meta property=\"og:image:height\" content=\"539\" \/>\n\t<meta property=\"og:image:type\" content=\"image\/webp\" \/>\n<meta name=\"twitter:card\" content=\"summary_large_image\" \/>\n<meta name=\"twitter:label1\" content=\"Est. reading time\" \/>\n\t<meta name=\"twitter:data1\" content=\"2 minutes\" \/>\n<script type=\"application\/ld+json\" class=\"yoast-schema-graph\">{\"@context\":\"https:\\\/\\\/schema.org\",\"@graph\":[{\"@type\":\"WebPage\",\"@id\":\"https:\\\/\\\/ranoja.ee\\\/toode\\\/uniforest-giljotiin-kraanale-rk-250k\\\/\",\"url\":\"https:\\\/\\\/ranoja.ee\\\/toode\\\/uniforest-giljotiin-kraanale-rk-250k\\\/\",\"name\":\"Uniforest giljotiin kraanale RK 250K\",\"isPartOf\":{\"@id\":\"https:\\\/\\\/ranoja.ee\\\/#website\"},\"primaryImageOfPage\":{\"@id\":\"https:\\\/\\\/ranoja.ee\\\/toode\\\/uniforest-giljotiin-kraanale-rk-250k\\\/#primaryimage\"},\"image\":{\"@id\":\"https:\\\/\\\/ranoja.ee\\\/toode\\\/uniforest-giljotiin-kraanale-rk-250k\\\/#primaryimage\"},\"thumbnailUrl\":\"https:\\\/\\\/ranoja.ee\\\/wp-content\\\/uploads\\\/2024\\\/04\\\/Giljotiin-vosa-metsaraie-kraavide-puhastus-metsandus-hooldusraie-unuforest-giljotiinid.webp\",\"datePublished\":\"2024-04-24T12:17:26+00:00\",\"dateModified\":\"2026-01-23T12:32:15+00:00\",\"description\":\"Uniforest giljotiin kraanale RK 250K V\u00f5sa giljotiinide kasutamine metsanduses v\u00f5ib suurendada t\u00f6\u00f6 efektiivsust ja v\u00e4hendada vajadust manuaalse t\u00f6\u00f6 j\u00e4rele.\",\"breadcrumb\":{\"@id\":\"https:\\\/\\\/ranoja.ee\\\/toode\\\/uniforest-giljotiin-kraanale-rk-250k\\\/#breadcrumb\"},\"inLanguage\":\"en-US\",\"potentialAction\":[{\"@type\":\"ReadAction\",\"target\":[\"https:\\\/\\\/ranoja.ee\\\/toode\\\/uniforest-giljotiin-kraanale-rk-250k\\\/\"]}]},{\"@type\":\"ImageObject\",\"inLanguage\":\"en-US\",\"@id\":\"https:\\\/\\\/ranoja.ee\\\/toode\\\/uniforest-giljotiin-kraanale-rk-250k\\\/#primaryimage\",\"url\":\"https:\\\/\\\/ranoja.ee\\\/wp-content\\\/uploads\\\/2024\\\/04\\\/Giljotiin-vosa-metsaraie-kraavide-puhastus-metsandus-hooldusraie-unuforest-giljotiinid.webp\",\"contentUrl\":\"https:\\\/\\\/ranoja.ee\\\/wp-content\\\/uploads\\\/2024\\\/04\\\/Giljotiin-vosa-metsaraie-kraavide-puhastus-metsandus-hooldusraie-unuforest-giljotiinid.webp\",\"width\":408,\"height\":539,\"caption\":\"giljotiin, metsaraie kraavi\u00e4\u00e4rte puhastus, raie metsandus metsatehnika eksavaatoritele, kraanadele\"},{\"@type\":\"BreadcrumbList\",\"@id\":\"https:\\\/\\\/ranoja.ee\\\/toode\\\/uniforest-giljotiin-kraanale-rk-250k\\\/#breadcrumb\",\"itemListElement\":[{\"@type\":\"ListItem\",\"position\":1,\"name\":\"Home\",\"item\":\"https:\\\/\\\/ranoja.ee\\\/\"},{\"@type\":\"ListItem\",\"position\":2,\"name\":\"Shop\",\"item\":\"https:\\\/\\\/ranoja.ee\\\/en\\\/shop\\\/\"},{\"@type\":\"ListItem\",\"position\":3,\"name\":\"Uniforest giljotiin kraanale RK 250K\"}]},{\"@type\":\"WebSite\",\"@id\":\"https:\\\/\\\/ranoja.ee\\\/#website\",\"url\":\"https:\\\/\\\/ranoja.ee\\\/\",\"name\":\"Ranoja\",\"description\":\"Equipment Shop WooCommerce WordPress Theme for Machine &amp; Tools\",\"publisher\":{\"@id\":\"https:\\\/\\\/ranoja.ee\\\/#organization\"},\"potentialAction\":[{\"@type\":\"SearchAction\",\"target\":{\"@type\":\"EntryPoint\",\"urlTemplate\":\"https:\\\/\\\/ranoja.ee\\\/?s={search_term_string}\"},\"query-input\":{\"@type\":\"PropertyValueSpecification\",\"valueRequired\":true,\"valueName\":\"search_term_string\"}}],\"inLanguage\":\"en-US\"},{\"@type\":\"Organization\",\"@id\":\"https:\\\/\\\/ranoja.ee\\\/#organization\",\"name\":\"Ranoja O\u00dc\",\"url\":\"https:\\\/\\\/ranoja.ee\\\/\",\"logo\":{\"@type\":\"ImageObject\",\"inLanguage\":\"en-US\",\"@id\":\"https:\\\/\\\/ranoja.ee\\\/#\\\/schema\\\/logo\\\/image\\\/\",\"url\":\"https:\\\/\\\/ranoja.ee\\\/wp-content\\\/uploads\\\/2023\\\/11\\\/ranoja-Logo.png\",\"contentUrl\":\"https:\\\/\\\/ranoja.ee\\\/wp-content\\\/uploads\\\/2023\\\/11\\\/ranoja-Logo.png\",\"width\":207,\"height\":58,\"caption\":\"Ranoja O\u00dc\"},\"image\":{\"@id\":\"https:\\\/\\\/ranoja.ee\\\/#\\\/schema\\\/logo\\\/image\\\/\"},\"sameAs\":[\"https:\\\/\\\/www.facebook.com\\\/ranoja.ee\",\"https:\\\/\\\/www.instagram.com\\\/ranoja__\\\/\"]}]}<\/script>\n<!-- \/ Yoast SEO plugin. -->","yoast_head_json":{"title":"Uniforest giljotiin kraanale RK 250K","description":"Uniforest giljotiin kraanale RK 250K V\u00f5sa giljotiinide kasutamine metsanduses v\u00f5ib suurendada t\u00f6\u00f6 efektiivsust ja v\u00e4hendada vajadust manuaalse t\u00f6\u00f6 j\u00e4rele.","robots":{"index":"index","follow":"follow","max-snippet":"max-snippet:-1","max-image-preview":"max-image-preview:large","max-video-preview":"max-video-preview:-1"},"canonical":"https:\/\/ranoja.ee\/toode\/uniforest-giljotiin-kraanale-rk-250k\/","og_locale":"en_US","og_type":"article","og_title":"Uniforest giljotiin kraanale RK 250K","og_description":"Uniforest giljotiin kraanale RK 250K V\u00f5sa giljotiinide kasutamine metsanduses v\u00f5ib suurendada t\u00f6\u00f6 efektiivsust ja v\u00e4hendada vajadust manuaalse t\u00f6\u00f6 j\u00e4rele.","og_url":"https:\/\/ranoja.ee\/toode\/uniforest-giljotiin-kraanale-rk-250k\/","og_site_name":"Ranoja","article_publisher":"https:\/\/www.facebook.com\/ranoja.ee","article_modified_time":"2026-01-23T12:32:15+00:00","og_image":[{"width":408,"height":539,"url":"https:\/\/ranoja.ee\/wp-content\/uploads\/2024\/04\/Giljotiin-vosa-metsaraie-kraavide-puhastus-metsandus-hooldusraie-unuforest-giljotiinid.webp","type":"image\/webp"}],"twitter_card":"summary_large_image","twitter_misc":{"Est. reading time":"2 minutes"},"schema":{"@context":"https:\/\/schema.org","@graph":[{"@type":"WebPage","@id":"https:\/\/ranoja.ee\/toode\/uniforest-giljotiin-kraanale-rk-250k\/","url":"https:\/\/ranoja.ee\/toode\/uniforest-giljotiin-kraanale-rk-250k\/","name":"Uniforest giljotiin kraanale RK 250K","isPartOf":{"@id":"https:\/\/ranoja.ee\/#website"},"primaryImageOfPage":{"@id":"https:\/\/ranoja.ee\/toode\/uniforest-giljotiin-kraanale-rk-250k\/#primaryimage"},"image":{"@id":"https:\/\/ranoja.ee\/toode\/uniforest-giljotiin-kraanale-rk-250k\/#primaryimage"},"thumbnailUrl":"https:\/\/ranoja.ee\/wp-content\/uploads\/2024\/04\/Giljotiin-vosa-metsaraie-kraavide-puhastus-metsandus-hooldusraie-unuforest-giljotiinid.webp","datePublished":"2024-04-24T12:17:26+00:00","dateModified":"2026-01-23T12:32:15+00:00","description":"Uniforest giljotiin kraanale RK 250K V\u00f5sa giljotiinide kasutamine metsanduses v\u00f5ib suurendada t\u00f6\u00f6 efektiivsust ja v\u00e4hendada vajadust manuaalse t\u00f6\u00f6 j\u00e4rele.","breadcrumb":{"@id":"https:\/\/ranoja.ee\/toode\/uniforest-giljotiin-kraanale-rk-250k\/#breadcrumb"},"inLanguage":"en-US","potentialAction":[{"@type":"ReadAction","target":["https:\/\/ranoja.ee\/toode\/uniforest-giljotiin-kraanale-rk-250k\/"]}]},{"@type":"ImageObject","inLanguage":"en-US","@id":"https:\/\/ranoja.ee\/toode\/uniforest-giljotiin-kraanale-rk-250k\/#primaryimage","url":"https:\/\/ranoja.ee\/wp-content\/uploads\/2024\/04\/Giljotiin-vosa-metsaraie-kraavide-puhastus-metsandus-hooldusraie-unuforest-giljotiinid.webp","contentUrl":"https:\/\/ranoja.ee\/wp-content\/uploads\/2024\/04\/Giljotiin-vosa-metsaraie-kraavide-puhastus-metsandus-hooldusraie-unuforest-giljotiinid.webp","width":408,"height":539,"caption":"giljotiin, metsaraie kraavi\u00e4\u00e4rte puhastus, raie metsandus metsatehnika eksavaatoritele, kraanadele"},{"@type":"BreadcrumbList","@id":"https:\/\/ranoja.ee\/toode\/uniforest-giljotiin-kraanale-rk-250k\/#breadcrumb","itemListElement":[{"@type":"ListItem","position":1,"name":"Home","item":"https:\/\/ranoja.ee\/"},{"@type":"ListItem","position":2,"name":"Shop","item":"https:\/\/ranoja.ee\/en\/shop\/"},{"@type":"ListItem","position":3,"name":"Uniforest giljotiin kraanale RK 250K"}]},{"@type":"WebSite","@id":"https:\/\/ranoja.ee\/#website","url":"https:\/\/ranoja.ee\/","name":"Ranoja","description":"Equipment Shop WooCommerce WordPress Theme for Machine &amp; Tools","publisher":{"@id":"https:\/\/ranoja.ee\/#organization"},"potentialAction":[{"@type":"SearchAction","target":{"@type":"EntryPoint","urlTemplate":"https:\/\/ranoja.ee\/?s={search_term_string}"},"query-input":{"@type":"PropertyValueSpecification","valueRequired":true,"valueName":"search_term_string"}}],"inLanguage":"en-US"},{"@type":"Organization","@id":"https:\/\/ranoja.ee\/#organization","name":"Ranoja O\u00dc","url":"https:\/\/ranoja.ee\/","logo":{"@type":"ImageObject","inLanguage":"en-US","@id":"https:\/\/ranoja.ee\/#\/schema\/logo\/image\/","url":"https:\/\/ranoja.ee\/wp-content\/uploads\/2023\/11\/ranoja-Logo.png","contentUrl":"https:\/\/ranoja.ee\/wp-content\/uploads\/2023\/11\/ranoja-Logo.png","width":207,"height":58,"caption":"Ranoja O\u00dc"},"image":{"@id":"https:\/\/ranoja.ee\/#\/schema\/logo\/image\/"},"sameAs":["https:\/\/www.facebook.com\/ranoja.ee","https:\/\/www.instagram.com\/ranoja__\/"]}]}},"_links":{"self":[{"href":"https:\/\/ranoja.ee\/en\/wp-json\/wp\/v2\/product\/9127","targetHints":{"allow":["GET"]}}],"collection":[{"href":"https:\/\/ranoja.ee\/en\/wp-json\/wp\/v2\/product"}],"about":[{"href":"https:\/\/ranoja.ee\/en\/wp-json\/wp\/v2\/types\/product"}],"wp:featuredmedia":[{"embeddable":true,"href":"https:\/\/ranoja.ee\/en\/wp-json\/wp\/v2\/media\/9124"}],"wp:attachment":[{"href":"https:\/\/ranoja.ee\/en\/wp-json\/wp\/v2\/media?parent=9127"}],"wp:term":[{"taxonomy":"product_cat","embeddable":true,"href":"https:\/\/ranoja.ee\/en\/wp-json\/wp\/v2\/product_cat?post=9127"},{"taxonomy":"product_tag","embeddable":true,"href":"https:\/\/ranoja.ee\/en\/wp-json\/wp\/v2\/product_tag?post=9127"}],"curies":[{"name":"wp","href":"https:\/\/api.w.org\/{rel}","templated":true}]}}