{"id":9086,"date":"2024-04-22T13:28:27","date_gmt":"2024-04-22T10:28:27","guid":{"rendered":"https:\/\/www.ranoja.ee\/?post_type=product&#038;p=9086"},"modified":"2025-12-10T11:48:36","modified_gmt":"2025-12-10T08:48:36","slug":"palgivints-traktorile-uniforest-45hpro","status":"publish","type":"product","link":"https:\/\/ranoja.ee\/en\/toode\/palgivints-traktorile-uniforest-45hpro\/","title":{"rendered":"Palgivints traktorile Uniforest 45Hpro"},"content":{"rendered":"<p><strong>Uniforest palgivintsid on unikaalsed ja paljude v\u00f5imalustega. K\u00fclasta ka tootja kodulehte ja leia endale sobiv <a href=\"https:\/\/uniforest.com\/products\/forestry-winches\"><span style=\"color: #008000;\">seade siit!<\/span><\/a><\/strong><\/p>\n<p>Palgivints traktorile Uniforest 45Hpro<br \/>\nH\u00fcdrauliline metsavints 45 Hpro, mille t\u00f5mbej\u00f5ud on 4,5 t, v\u00f5ib olla varustatud lahtikerimisseadmega<\/p>\n<p>T\u00f6\u00f6 toimub juhtkonsooli v\u00f5i puldi kaudu. Kokkupandav aknakaitse muudab transportimise lihtsamaks. \u00c4ratuntav vintsi disain koos vastupidava konstruktsiooni ja kompaktse tagumikuplaadiga hoiab \u00e4ra kulumise ja muudab sellega t\u00f6\u00f6tamise lihtsaks.<br \/>\nTerastrossi paksus vastavalt maksimaalsele trossi pikkusele: 10mm\/70m<br \/>\nPalgivints traktorile Uniforest 45Hpro<\/p>\n<p>Uniforest 45Hprol on HAWE elektromagnetilised juhtventiilid k\u00f5rgsurvefiltriga juhtplokis. H\u00fcdraulilised komponendid on galvaaniliselt korrosioonikaitsega. \u00d5lipaak on valmistatud roostevabast terasest.<\/p>\n<p><strong>Lahtikerimisseade ja automaatne seiskamine<\/strong><br \/>\n<img fetchpriority=\"high\" decoding=\"async\" src=\"https:\/\/www.ranoja.ee\/wp-content\/uploads\/2024\/04\/tagasikerimis-seade-ja-3-in-1-uniforest-metsatehnika-300x210.webp\" alt=\"metsatehnika seadmed\" width=\"300\" height=\"210\" class=\"alignnone size-medium wp-image-9097\" srcset=\"https:\/\/ranoja.ee\/wp-content\/uploads\/2024\/04\/tagasikerimis-seade-ja-3-in-1-uniforest-metsatehnika-300x210.webp 300w, https:\/\/ranoja.ee\/wp-content\/uploads\/2024\/04\/tagasikerimis-seade-ja-3-in-1-uniforest-metsatehnika-768x538.webp 768w, https:\/\/ranoja.ee\/wp-content\/uploads\/2024\/04\/tagasikerimis-seade-ja-3-in-1-uniforest-metsatehnika.webp 800w\" sizes=\"(max-width: 300px) 100vw, 300px\" \/><br \/>\nUniforest 45Hprol on trossi lahtikerimise h\u00f5lbustamiseks integreeritud lahtikerimisseadmega vints. Seda t\u00fc\u00fcpi vints tagab ka trossi pideva pinge lahtikerimise rihmaratta ja trumli vahel, v\u00e4ltides nii trumli v\u00f5i rihmaratta kahjustamist ja v\u00f5imaldades pikemat kasutusiga.<br \/>\nAuto Stop funktsioon (piirl\u00fcliti) peatab automaatselt trossi trumlile kerimise funktsiooni. See funktsioon hoiab \u00e4ra lahtikerimisseadme mehaanilised kahjustused, takerdumise ja trossi kahjustused.<\/p>\n<p>Terra Funk juhtimispult ja smart juhtimine!<br \/>\n<img decoding=\"async\" src=\"https:\/\/www.ranoja.ee\/wp-content\/uploads\/2024\/04\/juhtpult-uniforest-metsatehnikale-300x198.png\" alt=\"\" width=\"300\" height=\"198\" class=\"alignnone size-medium wp-image-9095\" srcset=\"https:\/\/ranoja.ee\/wp-content\/uploads\/2024\/04\/juhtpult-uniforest-metsatehnikale-300x198.png 300w, https:\/\/ranoja.ee\/wp-content\/uploads\/2024\/04\/juhtpult-uniforest-metsatehnikale-768x508.png 768w, https:\/\/ranoja.ee\/wp-content\/uploads\/2024\/04\/juhtpult-uniforest-metsatehnikale-800x529.png 800w, https:\/\/ranoja.ee\/wp-content\/uploads\/2024\/04\/juhtpult-uniforest-metsatehnikale.png 942w\" sizes=\"(max-width: 300px) 100vw, 300px\" \/><br \/>\n<strong>Uniforest 45Hprol on Nutikas 3in1<\/strong><br \/>\n(1) Traktoriga palke vedades v\u00f5ib teel tekkida takistusi (m\u00e4gi, juured jne). Kui traktor ei suuda neid takistusi \u00fcletada, saab lahtikerimisfunktsiooni l\u00fclitada re\u017eiimile ilma lahtikerimisseadme abita ja j\u00e4tkata s\u00f5itu vintsi ja koorma vahel pingul trossiga. (2) Lahtikerimisseadet saab viivituseta sisse ja v\u00e4lja l\u00fclitada (standardmudelil on 1,5 sek viivitus). (3) Funktsioon SMART 3in1 tagab trossi lisapinge lahtikerimisrihmaratta ja trumli vahel.<br \/>\n<img decoding=\"async\" src=\"https:\/\/www.ranoja.ee\/wp-content\/uploads\/2024\/04\/smart-3in1-en-1-300x210.webp\" alt=\"\" width=\"300\" height=\"210\" class=\"alignnone size-medium wp-image-9088\" srcset=\"https:\/\/ranoja.ee\/wp-content\/uploads\/2024\/04\/smart-3in1-en-1-300x210.webp 300w, https:\/\/ranoja.ee\/wp-content\/uploads\/2024\/04\/smart-3in1-en-1-768x538.webp 768w, https:\/\/ranoja.ee\/wp-content\/uploads\/2024\/04\/smart-3in1-en-1.webp 800w\" sizes=\"(max-width: 300px) 100vw, 300px\" \/><\/p>\n","protected":false},"excerpt":{"rendered":"<p>Palgivints traktorile Uniforest 45Hpro<\/p>\n<p>T\u00f5mbej\u00f5ud: 4,5ton \/ 45kN<br \/>\nPidurdusj\u00f5ud 5,6 ton \/ 56 kN<br \/>\nVintsi keskmine t\u00f5mbekiirus: 0,6 m\/s<br \/>\nStandard tross: 70m pikk \/ 10mm l\u00e4bim\u00f5\u00f5duga<br \/>\nSoovituslik traktori j\u00f5udlus: 37\u201350 kw \/ 50\u201368 hp<br \/>\nMax rpm PTO: 540 p\u00f6\u00f6ret\/minutis<br \/>\nHaakimise kategooria: II \/ III<br \/>\nVintsi juhtimine juhtpuldiga (electro-hydraulic)<br \/>\nSeadme m\u00f5\u00f5dud Laius \/ s\u00fcgavus \/ k\u00f5rgus: 1490 \/ 490 \/ 1500mm<br \/>\nK\u00f5rgus koos aknakattega: 2170mm<br \/>\nkaal ca 421kg<br \/>\n<strong>Standardis on kaasas:<\/strong><br \/>\nVolditav aknakaitse<br \/>\nMootorsae hoidik<br \/>\nKirvele hoidik<br \/>\nMadaldatud t\u00f5mberullik<br \/>\nJ\u00e4relveohaagise kinnitus<br \/>\n<strong>Terra FA5-D1P UNI kaugjuhtimispult<\/strong><br \/>\n<strong>3 in 1 vintsimsiss\u00fcsteem<\/strong><br \/>\n<strong>Intregeeritud tagasikerimisseade<\/strong><\/p>\n<p><span style=\"color: #000000;\"><strong>Garantii 1 aasta (eraisikule 2 aastat)<\/strong><\/span><br \/>\n<strong>Seadme eeldatav tarneaeg 1-2 kuud<\/strong><\/p>\n<p><span style=\"color: #339966;\"><strong>K\u00fcsi julgelt parimat hinnapakkumist ja tarneaega enda uuele Uniforest seadmele!<\/strong><\/span><\/p>\n","protected":false},"featured_media":9090,"template":"","meta":{"inline_featured_image":false},"product_cat":[1087,1405],"product_tag":[1421,1408,1407],"class_list":{"0":"post-9086","1":"product","2":"type-product","3":"status-publish","4":"has-post-thumbnail","6":"product_brand-uniforest","7":"product_cat-metsatehnika","8":"product_cat-palgivintsid","9":"product_tag-45h","10":"product_tag-palgivints","11":"product_tag-uniforest","13":"first","14":"outofstock","15":"taxable","16":"shipping-taxable","17":"purchasable","18":"product-type-simple"},"yoast_head":"<!-- This site is optimized with the Yoast SEO plugin v27.4 - https:\/\/yoast.com\/product\/yoast-seo-wordpress\/ -->\n<title>Palgivints traktorile Uniforest 45Hpro<\/title>\n<meta name=\"description\" content=\"Palgivints traktorile Uniforest 45Hpro T\u00f5mbej\u00f5ud: 4,5ton \/ 45kNPidurdusj\u00f5ud 5,6 ton \/ 56 kNVintsi keskmine t\u00f5mbekiirus: 0,6 m\/s. Juhtpuldiga, Smart 3 in 1\" \/>\n<meta name=\"robots\" content=\"index, follow, max-snippet:-1, max-image-preview:large, max-video-preview:-1\" \/>\n<link rel=\"canonical\" href=\"https:\/\/ranoja.ee\/toode\/palgivints-traktorile-uniforest-45hpro\/\" \/>\n<meta property=\"og:locale\" content=\"en_US\" \/>\n<meta property=\"og:type\" content=\"article\" \/>\n<meta property=\"og:title\" content=\"Palgivints traktorile Uniforest 45Hpro\" \/>\n<meta property=\"og:description\" content=\"Palgivints traktorile Uniforest 45Hpro T\u00f5mbej\u00f5ud: 4,5ton \/ 45kNPidurdusj\u00f5ud 5,6 ton \/ 56 kNVintsi keskmine t\u00f5mbekiirus: 0,6 m\/s. Juhtpuldiga, Smart 3 in 1\" \/>\n<meta property=\"og:url\" content=\"https:\/\/ranoja.ee\/toode\/palgivints-traktorile-uniforest-45hpro\/\" \/>\n<meta property=\"og:site_name\" content=\"Ranoja\" \/>\n<meta property=\"article:publisher\" content=\"https:\/\/www.facebook.com\/ranoja.ee\" \/>\n<meta property=\"article:modified_time\" content=\"2025-12-10T08:48:36+00:00\" \/>\n<meta property=\"og:image\" content=\"https:\/\/ranoja.ee\/wp-content\/uploads\/2024\/04\/Palgivints-traktorile-Uniforest-45Hpro-2.webp\" \/>\n\t<meta property=\"og:image:width\" content=\"480\" \/>\n\t<meta property=\"og:image:height\" content=\"651\" \/>\n\t<meta property=\"og:image:type\" content=\"image\/webp\" \/>\n<meta name=\"twitter:card\" content=\"summary_large_image\" \/>\n<meta name=\"twitter:label1\" content=\"Est. reading time\" \/>\n\t<meta name=\"twitter:data1\" content=\"2 minutes\" \/>\n<script type=\"application\/ld+json\" class=\"yoast-schema-graph\">{\"@context\":\"https:\\\/\\\/schema.org\",\"@graph\":[{\"@type\":\"WebPage\",\"@id\":\"https:\\\/\\\/ranoja.ee\\\/toode\\\/palgivints-traktorile-uniforest-45hpro\\\/\",\"url\":\"https:\\\/\\\/ranoja.ee\\\/toode\\\/palgivints-traktorile-uniforest-45hpro\\\/\",\"name\":\"Palgivints traktorile Uniforest 45Hpro\",\"isPartOf\":{\"@id\":\"https:\\\/\\\/ranoja.ee\\\/#website\"},\"primaryImageOfPage\":{\"@id\":\"https:\\\/\\\/ranoja.ee\\\/toode\\\/palgivints-traktorile-uniforest-45hpro\\\/#primaryimage\"},\"image\":{\"@id\":\"https:\\\/\\\/ranoja.ee\\\/toode\\\/palgivints-traktorile-uniforest-45hpro\\\/#primaryimage\"},\"thumbnailUrl\":\"https:\\\/\\\/ranoja.ee\\\/wp-content\\\/uploads\\\/2024\\\/04\\\/Palgivints-traktorile-Uniforest-45Hpro-2.webp\",\"datePublished\":\"2024-04-22T10:28:27+00:00\",\"dateModified\":\"2025-12-10T08:48:36+00:00\",\"description\":\"Palgivints traktorile Uniforest 45Hpro T\u00f5mbej\u00f5ud: 4,5ton \\\/ 45kNPidurdusj\u00f5ud 5,6 ton \\\/ 56 kNVintsi keskmine t\u00f5mbekiirus: 0,6 m\\\/s. Juhtpuldiga, Smart 3 in 1\",\"breadcrumb\":{\"@id\":\"https:\\\/\\\/ranoja.ee\\\/toode\\\/palgivints-traktorile-uniforest-45hpro\\\/#breadcrumb\"},\"inLanguage\":\"en-US\",\"potentialAction\":[{\"@type\":\"ReadAction\",\"target\":[\"https:\\\/\\\/ranoja.ee\\\/toode\\\/palgivints-traktorile-uniforest-45hpro\\\/\"]}]},{\"@type\":\"ImageObject\",\"inLanguage\":\"en-US\",\"@id\":\"https:\\\/\\\/ranoja.ee\\\/toode\\\/palgivints-traktorile-uniforest-45hpro\\\/#primaryimage\",\"url\":\"https:\\\/\\\/ranoja.ee\\\/wp-content\\\/uploads\\\/2024\\\/04\\\/Palgivints-traktorile-Uniforest-45Hpro-2.webp\",\"contentUrl\":\"https:\\\/\\\/ranoja.ee\\\/wp-content\\\/uploads\\\/2024\\\/04\\\/Palgivints-traktorile-Uniforest-45Hpro-2.webp\",\"width\":480,\"height\":651},{\"@type\":\"BreadcrumbList\",\"@id\":\"https:\\\/\\\/ranoja.ee\\\/toode\\\/palgivints-traktorile-uniforest-45hpro\\\/#breadcrumb\",\"itemListElement\":[{\"@type\":\"ListItem\",\"position\":1,\"name\":\"Home\",\"item\":\"https:\\\/\\\/ranoja.ee\\\/\"},{\"@type\":\"ListItem\",\"position\":2,\"name\":\"Shop\",\"item\":\"https:\\\/\\\/ranoja.ee\\\/en\\\/shop\\\/\"},{\"@type\":\"ListItem\",\"position\":3,\"name\":\"Palgivints traktorile Uniforest 45Hpro\"}]},{\"@type\":\"WebSite\",\"@id\":\"https:\\\/\\\/ranoja.ee\\\/#website\",\"url\":\"https:\\\/\\\/ranoja.ee\\\/\",\"name\":\"Ranoja\",\"description\":\"Equipment Shop WooCommerce WordPress Theme for Machine &amp; Tools\",\"publisher\":{\"@id\":\"https:\\\/\\\/ranoja.ee\\\/#organization\"},\"potentialAction\":[{\"@type\":\"SearchAction\",\"target\":{\"@type\":\"EntryPoint\",\"urlTemplate\":\"https:\\\/\\\/ranoja.ee\\\/?s={search_term_string}\"},\"query-input\":{\"@type\":\"PropertyValueSpecification\",\"valueRequired\":true,\"valueName\":\"search_term_string\"}}],\"inLanguage\":\"en-US\"},{\"@type\":\"Organization\",\"@id\":\"https:\\\/\\\/ranoja.ee\\\/#organization\",\"name\":\"Ranoja O\u00dc\",\"url\":\"https:\\\/\\\/ranoja.ee\\\/\",\"logo\":{\"@type\":\"ImageObject\",\"inLanguage\":\"en-US\",\"@id\":\"https:\\\/\\\/ranoja.ee\\\/#\\\/schema\\\/logo\\\/image\\\/\",\"url\":\"https:\\\/\\\/ranoja.ee\\\/wp-content\\\/uploads\\\/2023\\\/11\\\/ranoja-Logo.png\",\"contentUrl\":\"https:\\\/\\\/ranoja.ee\\\/wp-content\\\/uploads\\\/2023\\\/11\\\/ranoja-Logo.png\",\"width\":207,\"height\":58,\"caption\":\"Ranoja O\u00dc\"},\"image\":{\"@id\":\"https:\\\/\\\/ranoja.ee\\\/#\\\/schema\\\/logo\\\/image\\\/\"},\"sameAs\":[\"https:\\\/\\\/www.facebook.com\\\/ranoja.ee\",\"https:\\\/\\\/www.instagram.com\\\/ranoja__\\\/\"]}]}<\/script>\n<!-- \/ Yoast SEO plugin. -->","yoast_head_json":{"title":"Palgivints traktorile Uniforest 45Hpro","description":"Palgivints traktorile Uniforest 45Hpro T\u00f5mbej\u00f5ud: 4,5ton \/ 45kNPidurdusj\u00f5ud 5,6 ton \/ 56 kNVintsi keskmine t\u00f5mbekiirus: 0,6 m\/s. Juhtpuldiga, Smart 3 in 1","robots":{"index":"index","follow":"follow","max-snippet":"max-snippet:-1","max-image-preview":"max-image-preview:large","max-video-preview":"max-video-preview:-1"},"canonical":"https:\/\/ranoja.ee\/toode\/palgivints-traktorile-uniforest-45hpro\/","og_locale":"en_US","og_type":"article","og_title":"Palgivints traktorile Uniforest 45Hpro","og_description":"Palgivints traktorile Uniforest 45Hpro T\u00f5mbej\u00f5ud: 4,5ton \/ 45kNPidurdusj\u00f5ud 5,6 ton \/ 56 kNVintsi keskmine t\u00f5mbekiirus: 0,6 m\/s. Juhtpuldiga, Smart 3 in 1","og_url":"https:\/\/ranoja.ee\/toode\/palgivints-traktorile-uniforest-45hpro\/","og_site_name":"Ranoja","article_publisher":"https:\/\/www.facebook.com\/ranoja.ee","article_modified_time":"2025-12-10T08:48:36+00:00","og_image":[{"width":480,"height":651,"url":"https:\/\/ranoja.ee\/wp-content\/uploads\/2024\/04\/Palgivints-traktorile-Uniforest-45Hpro-2.webp","type":"image\/webp"}],"twitter_card":"summary_large_image","twitter_misc":{"Est. reading time":"2 minutes"},"schema":{"@context":"https:\/\/schema.org","@graph":[{"@type":"WebPage","@id":"https:\/\/ranoja.ee\/toode\/palgivints-traktorile-uniforest-45hpro\/","url":"https:\/\/ranoja.ee\/toode\/palgivints-traktorile-uniforest-45hpro\/","name":"Palgivints traktorile Uniforest 45Hpro","isPartOf":{"@id":"https:\/\/ranoja.ee\/#website"},"primaryImageOfPage":{"@id":"https:\/\/ranoja.ee\/toode\/palgivints-traktorile-uniforest-45hpro\/#primaryimage"},"image":{"@id":"https:\/\/ranoja.ee\/toode\/palgivints-traktorile-uniforest-45hpro\/#primaryimage"},"thumbnailUrl":"https:\/\/ranoja.ee\/wp-content\/uploads\/2024\/04\/Palgivints-traktorile-Uniforest-45Hpro-2.webp","datePublished":"2024-04-22T10:28:27+00:00","dateModified":"2025-12-10T08:48:36+00:00","description":"Palgivints traktorile Uniforest 45Hpro T\u00f5mbej\u00f5ud: 4,5ton \/ 45kNPidurdusj\u00f5ud 5,6 ton \/ 56 kNVintsi keskmine t\u00f5mbekiirus: 0,6 m\/s. Juhtpuldiga, Smart 3 in 1","breadcrumb":{"@id":"https:\/\/ranoja.ee\/toode\/palgivints-traktorile-uniforest-45hpro\/#breadcrumb"},"inLanguage":"en-US","potentialAction":[{"@type":"ReadAction","target":["https:\/\/ranoja.ee\/toode\/palgivints-traktorile-uniforest-45hpro\/"]}]},{"@type":"ImageObject","inLanguage":"en-US","@id":"https:\/\/ranoja.ee\/toode\/palgivints-traktorile-uniforest-45hpro\/#primaryimage","url":"https:\/\/ranoja.ee\/wp-content\/uploads\/2024\/04\/Palgivints-traktorile-Uniforest-45Hpro-2.webp","contentUrl":"https:\/\/ranoja.ee\/wp-content\/uploads\/2024\/04\/Palgivints-traktorile-Uniforest-45Hpro-2.webp","width":480,"height":651},{"@type":"BreadcrumbList","@id":"https:\/\/ranoja.ee\/toode\/palgivints-traktorile-uniforest-45hpro\/#breadcrumb","itemListElement":[{"@type":"ListItem","position":1,"name":"Home","item":"https:\/\/ranoja.ee\/"},{"@type":"ListItem","position":2,"name":"Shop","item":"https:\/\/ranoja.ee\/en\/shop\/"},{"@type":"ListItem","position":3,"name":"Palgivints traktorile Uniforest 45Hpro"}]},{"@type":"WebSite","@id":"https:\/\/ranoja.ee\/#website","url":"https:\/\/ranoja.ee\/","name":"Ranoja","description":"Equipment Shop WooCommerce WordPress Theme for Machine &amp; Tools","publisher":{"@id":"https:\/\/ranoja.ee\/#organization"},"potentialAction":[{"@type":"SearchAction","target":{"@type":"EntryPoint","urlTemplate":"https:\/\/ranoja.ee\/?s={search_term_string}"},"query-input":{"@type":"PropertyValueSpecification","valueRequired":true,"valueName":"search_term_string"}}],"inLanguage":"en-US"},{"@type":"Organization","@id":"https:\/\/ranoja.ee\/#organization","name":"Ranoja O\u00dc","url":"https:\/\/ranoja.ee\/","logo":{"@type":"ImageObject","inLanguage":"en-US","@id":"https:\/\/ranoja.ee\/#\/schema\/logo\/image\/","url":"https:\/\/ranoja.ee\/wp-content\/uploads\/2023\/11\/ranoja-Logo.png","contentUrl":"https:\/\/ranoja.ee\/wp-content\/uploads\/2023\/11\/ranoja-Logo.png","width":207,"height":58,"caption":"Ranoja O\u00dc"},"image":{"@id":"https:\/\/ranoja.ee\/#\/schema\/logo\/image\/"},"sameAs":["https:\/\/www.facebook.com\/ranoja.ee","https:\/\/www.instagram.com\/ranoja__\/"]}]}},"_links":{"self":[{"href":"https:\/\/ranoja.ee\/en\/wp-json\/wp\/v2\/product\/9086","targetHints":{"allow":["GET"]}}],"collection":[{"href":"https:\/\/ranoja.ee\/en\/wp-json\/wp\/v2\/product"}],"about":[{"href":"https:\/\/ranoja.ee\/en\/wp-json\/wp\/v2\/types\/product"}],"wp:featuredmedia":[{"embeddable":true,"href":"https:\/\/ranoja.ee\/en\/wp-json\/wp\/v2\/media\/9090"}],"wp:attachment":[{"href":"https:\/\/ranoja.ee\/en\/wp-json\/wp\/v2\/media?parent=9086"}],"wp:term":[{"taxonomy":"product_cat","embeddable":true,"href":"https:\/\/ranoja.ee\/en\/wp-json\/wp\/v2\/product_cat?post=9086"},{"taxonomy":"product_tag","embeddable":true,"href":"https:\/\/ranoja.ee\/en\/wp-json\/wp\/v2\/product_tag?post=9086"}],"curies":[{"name":"wp","href":"https:\/\/api.w.org\/{rel}","templated":true}]}}