{"id":9056,"date":"2024-04-19T14:12:50","date_gmt":"2024-04-19T11:12:50","guid":{"rendered":"https:\/\/www.ranoja.ee\/?post_type=product&#038;p=9056"},"modified":"2025-12-10T11:48:36","modified_gmt":"2025-12-10T08:48:36","slug":"palgivints-traktorile-uniforest-85mr","status":"publish","type":"product","link":"https:\/\/ranoja.ee\/en\/toode\/palgivints-traktorile-uniforest-85mr\/","title":{"rendered":"Palgivints traktorile Uniforest 85MR"},"content":{"rendered":"<p><strong>Uniforest palgivintsid on unikaalsed ja paljude v\u00f5imalustega. K\u00fclasta ka tootja kodulehte ja leia endale sobiv <a href=\"https:\/\/uniforest.com\/products\/forestry-winches\"><span style=\"color: #008000;\">seade siit!<\/span><\/a><\/strong><\/p>\n<p>Palgivints traktorile Uniforest 85MR<br \/>\nMehaanilisel metsavintsil 85 MR t\u00f5mbej\u00f5uga 8,5 t on vintsi esik\u00fcljel (takkplaadil) suured panipaigad, mis on patenteeritud. Vintsil on integreeritud reduktor, mis v\u00f5imaldab saavutada sama t\u00f5mbej\u00f5udu v\u00e4iksema traktori v\u00f5imsusega ja sellest tulenevalt ka selle kulu. Aknakaitse on kokkupandav, mis muudab transpordi lihtsamaks. \u00c4ratuntav vintsi disain koos vastupidava konstruktsiooni ja kompaktse tagumikuplaadiga hoiab \u00e4ra kulumise ja muudab t\u00f6\u00f6tamise lihtsaks.<\/p>\n<p>Tagumikuplaadi esik\u00fcljel on palju ruumi<br \/>\nKokkupandav tagumikplaat<br \/>\nVastupidav konstruktsioon<br \/>\nSuurep\u00e4rane disain ja ergonoomiline kuju<\/p>\n<p>Ketasvedrud tagavad siduri t\u00e4pse k\u00e4ivitamise ja seiskamise.<\/p>\n<p>K\u00e4e n\u00f6\u00f6r<br \/>\nT\u00f5mbemehhanismi \u00fchendamiseks m\u00f5eldud k\u00e4sin\u00f6\u00f6r on vaid 60 cm pikk. Piduri v\u00e4ljal\u00fclitamiseks v\u00f5i t\u00e4ieliku t\u00f5mbej\u00f5u saavutamiseks on n\u00f6\u00f6ri t\u00f5mbamiseks vaja v\u00e4hem j\u00f5udu.<br \/>\nTihendatud kuullaagrid<br \/>\nM\u00e4\u00e4rdevabad suletud kuullaagrid (FAG) tagavad terastrossi katkematu lahti- ja kerimise; m\u00e4\u00e4rimine pole vajalik.<br \/>\nPalgivints traktorile Uniforest 85MR<\/p>\n<p>Traktorihaakesse paigaldatud palgivintse kasutatakse tavaliselt puude v\u00f5i palgide t\u00f5stmiseks ja teisaldamiseks p\u00f5llumajanduses, metsanduses ja ehitusel. Need v\u00f5ivad olla \u00e4\u00e4rmiselt kasulikud t\u00f6\u00f6riistad, eriti kui tegemist on raskete v\u00f5i k\u00e4sitsi liigutatavate esemete t\u00f5stmisega. Siin on m\u00f5ned olulised punktid traktorihaakesse paigaldatud palgivintside kohta:<\/p>\n<p>Kasutusvaldkonnad: Traktorihaakesse paigaldatud palgivintse kasutatakse laialdaselt metsat\u00f6\u00f6del, p\u00f5llumajanduses ja ehituses. N\u00e4iteks v\u00f5ivad metsaomanikud v\u00f5i metsat\u00f6\u00f6tegijad kasutada neid puude raiumisel, vedamisel v\u00f5i laadimisel. Samuti v\u00f5ivad p\u00f5llumajandustootjad kasutada neid puidust taraehituseks v\u00f5i muudeks sarnasteks projektideks.<\/p>\n<p>Hooldus ja hooldamine: Traktorihaakesse paigaldatud palgivintse tuleb regulaarselt hooldada, et tagada nende n\u00f5uetekohane toimimine ja pikendada nende kasutusiga. See h\u00f5lmab vintsi, trossi v\u00f5i keti kontrollimist, m\u00e4\u00e4rimist, vajadusel osade asendamist ja \u00fcldist s\u00fcsteemi kontrollimist lekete v\u00f5i muude probleemide suhtes.<\/p>\n","protected":false},"excerpt":{"rendered":"<p>Palgivints traktorile Uniforest 85MR (reduktoriga)<\/p>\n<p>T\u00f5mbej\u00f5ud: 8,5ton \/ 85kN<br \/>\nPidurdusj\u00f5ud 10,6 ton \/ 106 kN<br \/>\nVintsi keskmine t\u00f5mbekiirus: 0,6 m\/s<br \/>\nStandard tross: 90m pikk \/ 13mm l\u00e4bim\u00f5\u00f5duga<br \/>\nSoovituslik traktori j\u00f5udlus: 50 kw\/ 68 hp<br \/>\nMax rpm PTO: 540 p\u00f6\u00f6ret\/minutis<br \/>\nHaakimise kategooria: II \/ III<br \/>\nVintsi juhtimine mehaaniliselt<br \/>\nSeadme m\u00f5\u00f5dud Laius \/ s\u00fcgavus \/ k\u00f5rgus: 1890 \/ 780 \/ 1800mm<br \/>\nK\u00f5rgus koos aknakattega: 2300mm<br \/>\nkaal ca 571kg<br \/>\nStandarid on kaasas:<br \/>\nVolditav aknakaitse<br \/>\nMootorsae hoidik<br \/>\nKirvele hoidik<br \/>\nMadaldatud t\u00f5mberullik<br \/>\nJ\u00e4relveohaagise kinnitust<br \/>\nPalgivints traktorile Uniforest 85MR on reduktoriga mudel (reduktor tagab max t\u00f5mbej\u00f5u ka madalamatel p\u00f6\u00f6retel)<\/p>\n<p><span style=\"color: #000000;\"><strong>Garantii 1 aasta (eraisikule 2 aastat)<\/strong><\/span><br \/>\n<strong>Seadme eeldatav tarneaeg 1-2 kuud<\/strong><\/p>\n<p><span style=\"color: #339966;\"><strong>K\u00fcsi julgelt parimat hinnapakkumist ja tarneaega enda uuele Uniforest seadmele!<\/strong><\/span><\/p>\n","protected":false},"featured_media":9057,"template":"","meta":{"inline_featured_image":false},"product_cat":[1087,1405],"product_tag":[1419,1408,1420,734],"class_list":{"0":"post-9056","1":"product","2":"type-product","3":"status-publish","4":"has-post-thumbnail","6":"product_brand-uniforest","7":"product_cat-metsatehnika","8":"product_cat-palgivintsid","9":"product_tag-metsatehnika","10":"product_tag-palgivints","11":"product_tag-palgivints-traktorile-uniforest-85mr","12":"product_tag-vints","14":"first","15":"outofstock","16":"taxable","17":"shipping-taxable","18":"purchasable","19":"product-type-simple"},"yoast_head":"<!-- This site is optimized with the Yoast SEO plugin v27.4 - https:\/\/yoast.com\/product\/yoast-seo-wordpress\/ -->\n<title>Palgivints traktorile Uniforest 85MR<\/title>\n<meta name=\"description\" content=\"Palgivints traktorile Uniforest 85MR Standard tross: 90m pikk \/ 13mm l\u00e4bim\u00f5\u00f5dugaSoovituslik traktori j\u00f5udlus: 50 kw\/ 68 hp metsatehnika vintside m\u00fc\u00fck\" \/>\n<meta name=\"robots\" content=\"index, follow, max-snippet:-1, max-image-preview:large, max-video-preview:-1\" \/>\n<link rel=\"canonical\" href=\"https:\/\/ranoja.ee\/toode\/palgivints-traktorile-uniforest-85mr\/\" \/>\n<meta property=\"og:locale\" content=\"en_US\" \/>\n<meta property=\"og:type\" content=\"article\" \/>\n<meta property=\"og:title\" content=\"Palgivints traktorile Uniforest 85MR\" \/>\n<meta property=\"og:description\" content=\"Palgivints traktorile Uniforest 85MR Standard tross: 90m pikk \/ 13mm l\u00e4bim\u00f5\u00f5dugaSoovituslik traktori j\u00f5udlus: 50 kw\/ 68 hp metsatehnika vintside m\u00fc\u00fck\" \/>\n<meta property=\"og:url\" content=\"https:\/\/ranoja.ee\/toode\/palgivints-traktorile-uniforest-85mr\/\" \/>\n<meta property=\"og:site_name\" content=\"Ranoja\" \/>\n<meta property=\"article:publisher\" content=\"https:\/\/www.facebook.com\/ranoja.ee\" \/>\n<meta property=\"article:modified_time\" content=\"2025-12-10T08:48:36+00:00\" \/>\n<meta property=\"og:image\" content=\"https:\/\/ranoja.ee\/wp-content\/uploads\/2024\/04\/Palgivints-traktorile-Uniforest-85MR.webp\" \/>\n\t<meta property=\"og:image:width\" content=\"986\" \/>\n\t<meta property=\"og:image:height\" content=\"651\" \/>\n\t<meta property=\"og:image:type\" content=\"image\/webp\" \/>\n<meta name=\"twitter:card\" content=\"summary_large_image\" \/>\n<meta name=\"twitter:label1\" content=\"Est. reading time\" \/>\n\t<meta name=\"twitter:data1\" content=\"2 minutes\" \/>\n<script type=\"application\/ld+json\" class=\"yoast-schema-graph\">{\"@context\":\"https:\\\/\\\/schema.org\",\"@graph\":[{\"@type\":\"WebPage\",\"@id\":\"https:\\\/\\\/ranoja.ee\\\/toode\\\/palgivints-traktorile-uniforest-85mr\\\/\",\"url\":\"https:\\\/\\\/ranoja.ee\\\/toode\\\/palgivints-traktorile-uniforest-85mr\\\/\",\"name\":\"Palgivints traktorile Uniforest 85MR\",\"isPartOf\":{\"@id\":\"https:\\\/\\\/ranoja.ee\\\/#website\"},\"primaryImageOfPage\":{\"@id\":\"https:\\\/\\\/ranoja.ee\\\/toode\\\/palgivints-traktorile-uniforest-85mr\\\/#primaryimage\"},\"image\":{\"@id\":\"https:\\\/\\\/ranoja.ee\\\/toode\\\/palgivints-traktorile-uniforest-85mr\\\/#primaryimage\"},\"thumbnailUrl\":\"https:\\\/\\\/ranoja.ee\\\/wp-content\\\/uploads\\\/2024\\\/04\\\/Palgivints-traktorile-Uniforest-85MR.webp\",\"datePublished\":\"2024-04-19T11:12:50+00:00\",\"dateModified\":\"2025-12-10T08:48:36+00:00\",\"description\":\"Palgivints traktorile Uniforest 85MR Standard tross: 90m pikk \\\/ 13mm l\u00e4bim\u00f5\u00f5dugaSoovituslik traktori j\u00f5udlus: 50 kw\\\/ 68 hp metsatehnika vintside m\u00fc\u00fck\",\"breadcrumb\":{\"@id\":\"https:\\\/\\\/ranoja.ee\\\/toode\\\/palgivints-traktorile-uniforest-85mr\\\/#breadcrumb\"},\"inLanguage\":\"en-US\",\"potentialAction\":[{\"@type\":\"ReadAction\",\"target\":[\"https:\\\/\\\/ranoja.ee\\\/toode\\\/palgivints-traktorile-uniforest-85mr\\\/\"]}]},{\"@type\":\"ImageObject\",\"inLanguage\":\"en-US\",\"@id\":\"https:\\\/\\\/ranoja.ee\\\/toode\\\/palgivints-traktorile-uniforest-85mr\\\/#primaryimage\",\"url\":\"https:\\\/\\\/ranoja.ee\\\/wp-content\\\/uploads\\\/2024\\\/04\\\/Palgivints-traktorile-Uniforest-85MR.webp\",\"contentUrl\":\"https:\\\/\\\/ranoja.ee\\\/wp-content\\\/uploads\\\/2024\\\/04\\\/Palgivints-traktorile-Uniforest-85MR.webp\",\"width\":986,\"height\":651,\"caption\":\"palgivints metsatehnikale traktori metsav\u00e4ljaveo traktor\"},{\"@type\":\"BreadcrumbList\",\"@id\":\"https:\\\/\\\/ranoja.ee\\\/toode\\\/palgivints-traktorile-uniforest-85mr\\\/#breadcrumb\",\"itemListElement\":[{\"@type\":\"ListItem\",\"position\":1,\"name\":\"Home\",\"item\":\"https:\\\/\\\/ranoja.ee\\\/\"},{\"@type\":\"ListItem\",\"position\":2,\"name\":\"Shop\",\"item\":\"https:\\\/\\\/ranoja.ee\\\/en\\\/shop\\\/\"},{\"@type\":\"ListItem\",\"position\":3,\"name\":\"Palgivints traktorile Uniforest 85MR\"}]},{\"@type\":\"WebSite\",\"@id\":\"https:\\\/\\\/ranoja.ee\\\/#website\",\"url\":\"https:\\\/\\\/ranoja.ee\\\/\",\"name\":\"Ranoja\",\"description\":\"Equipment Shop WooCommerce WordPress Theme for Machine &amp; Tools\",\"publisher\":{\"@id\":\"https:\\\/\\\/ranoja.ee\\\/#organization\"},\"potentialAction\":[{\"@type\":\"SearchAction\",\"target\":{\"@type\":\"EntryPoint\",\"urlTemplate\":\"https:\\\/\\\/ranoja.ee\\\/?s={search_term_string}\"},\"query-input\":{\"@type\":\"PropertyValueSpecification\",\"valueRequired\":true,\"valueName\":\"search_term_string\"}}],\"inLanguage\":\"en-US\"},{\"@type\":\"Organization\",\"@id\":\"https:\\\/\\\/ranoja.ee\\\/#organization\",\"name\":\"Ranoja O\u00dc\",\"url\":\"https:\\\/\\\/ranoja.ee\\\/\",\"logo\":{\"@type\":\"ImageObject\",\"inLanguage\":\"en-US\",\"@id\":\"https:\\\/\\\/ranoja.ee\\\/#\\\/schema\\\/logo\\\/image\\\/\",\"url\":\"https:\\\/\\\/ranoja.ee\\\/wp-content\\\/uploads\\\/2023\\\/11\\\/ranoja-Logo.png\",\"contentUrl\":\"https:\\\/\\\/ranoja.ee\\\/wp-content\\\/uploads\\\/2023\\\/11\\\/ranoja-Logo.png\",\"width\":207,\"height\":58,\"caption\":\"Ranoja O\u00dc\"},\"image\":{\"@id\":\"https:\\\/\\\/ranoja.ee\\\/#\\\/schema\\\/logo\\\/image\\\/\"},\"sameAs\":[\"https:\\\/\\\/www.facebook.com\\\/ranoja.ee\",\"https:\\\/\\\/www.instagram.com\\\/ranoja__\\\/\"]}]}<\/script>\n<!-- \/ Yoast SEO plugin. -->","yoast_head_json":{"title":"Palgivints traktorile Uniforest 85MR","description":"Palgivints traktorile Uniforest 85MR Standard tross: 90m pikk \/ 13mm l\u00e4bim\u00f5\u00f5dugaSoovituslik traktori j\u00f5udlus: 50 kw\/ 68 hp metsatehnika vintside m\u00fc\u00fck","robots":{"index":"index","follow":"follow","max-snippet":"max-snippet:-1","max-image-preview":"max-image-preview:large","max-video-preview":"max-video-preview:-1"},"canonical":"https:\/\/ranoja.ee\/toode\/palgivints-traktorile-uniforest-85mr\/","og_locale":"en_US","og_type":"article","og_title":"Palgivints traktorile Uniforest 85MR","og_description":"Palgivints traktorile Uniforest 85MR Standard tross: 90m pikk \/ 13mm l\u00e4bim\u00f5\u00f5dugaSoovituslik traktori j\u00f5udlus: 50 kw\/ 68 hp metsatehnika vintside m\u00fc\u00fck","og_url":"https:\/\/ranoja.ee\/toode\/palgivints-traktorile-uniforest-85mr\/","og_site_name":"Ranoja","article_publisher":"https:\/\/www.facebook.com\/ranoja.ee","article_modified_time":"2025-12-10T08:48:36+00:00","og_image":[{"width":986,"height":651,"url":"https:\/\/ranoja.ee\/wp-content\/uploads\/2024\/04\/Palgivints-traktorile-Uniforest-85MR.webp","type":"image\/webp"}],"twitter_card":"summary_large_image","twitter_misc":{"Est. reading time":"2 minutes"},"schema":{"@context":"https:\/\/schema.org","@graph":[{"@type":"WebPage","@id":"https:\/\/ranoja.ee\/toode\/palgivints-traktorile-uniforest-85mr\/","url":"https:\/\/ranoja.ee\/toode\/palgivints-traktorile-uniforest-85mr\/","name":"Palgivints traktorile Uniforest 85MR","isPartOf":{"@id":"https:\/\/ranoja.ee\/#website"},"primaryImageOfPage":{"@id":"https:\/\/ranoja.ee\/toode\/palgivints-traktorile-uniforest-85mr\/#primaryimage"},"image":{"@id":"https:\/\/ranoja.ee\/toode\/palgivints-traktorile-uniforest-85mr\/#primaryimage"},"thumbnailUrl":"https:\/\/ranoja.ee\/wp-content\/uploads\/2024\/04\/Palgivints-traktorile-Uniforest-85MR.webp","datePublished":"2024-04-19T11:12:50+00:00","dateModified":"2025-12-10T08:48:36+00:00","description":"Palgivints traktorile Uniforest 85MR Standard tross: 90m pikk \/ 13mm l\u00e4bim\u00f5\u00f5dugaSoovituslik traktori j\u00f5udlus: 50 kw\/ 68 hp metsatehnika vintside m\u00fc\u00fck","breadcrumb":{"@id":"https:\/\/ranoja.ee\/toode\/palgivints-traktorile-uniforest-85mr\/#breadcrumb"},"inLanguage":"en-US","potentialAction":[{"@type":"ReadAction","target":["https:\/\/ranoja.ee\/toode\/palgivints-traktorile-uniforest-85mr\/"]}]},{"@type":"ImageObject","inLanguage":"en-US","@id":"https:\/\/ranoja.ee\/toode\/palgivints-traktorile-uniforest-85mr\/#primaryimage","url":"https:\/\/ranoja.ee\/wp-content\/uploads\/2024\/04\/Palgivints-traktorile-Uniforest-85MR.webp","contentUrl":"https:\/\/ranoja.ee\/wp-content\/uploads\/2024\/04\/Palgivints-traktorile-Uniforest-85MR.webp","width":986,"height":651,"caption":"palgivints metsatehnikale traktori metsav\u00e4ljaveo traktor"},{"@type":"BreadcrumbList","@id":"https:\/\/ranoja.ee\/toode\/palgivints-traktorile-uniforest-85mr\/#breadcrumb","itemListElement":[{"@type":"ListItem","position":1,"name":"Home","item":"https:\/\/ranoja.ee\/"},{"@type":"ListItem","position":2,"name":"Shop","item":"https:\/\/ranoja.ee\/en\/shop\/"},{"@type":"ListItem","position":3,"name":"Palgivints traktorile Uniforest 85MR"}]},{"@type":"WebSite","@id":"https:\/\/ranoja.ee\/#website","url":"https:\/\/ranoja.ee\/","name":"Ranoja","description":"Equipment Shop WooCommerce WordPress Theme for Machine &amp; Tools","publisher":{"@id":"https:\/\/ranoja.ee\/#organization"},"potentialAction":[{"@type":"SearchAction","target":{"@type":"EntryPoint","urlTemplate":"https:\/\/ranoja.ee\/?s={search_term_string}"},"query-input":{"@type":"PropertyValueSpecification","valueRequired":true,"valueName":"search_term_string"}}],"inLanguage":"en-US"},{"@type":"Organization","@id":"https:\/\/ranoja.ee\/#organization","name":"Ranoja O\u00dc","url":"https:\/\/ranoja.ee\/","logo":{"@type":"ImageObject","inLanguage":"en-US","@id":"https:\/\/ranoja.ee\/#\/schema\/logo\/image\/","url":"https:\/\/ranoja.ee\/wp-content\/uploads\/2023\/11\/ranoja-Logo.png","contentUrl":"https:\/\/ranoja.ee\/wp-content\/uploads\/2023\/11\/ranoja-Logo.png","width":207,"height":58,"caption":"Ranoja O\u00dc"},"image":{"@id":"https:\/\/ranoja.ee\/#\/schema\/logo\/image\/"},"sameAs":["https:\/\/www.facebook.com\/ranoja.ee","https:\/\/www.instagram.com\/ranoja__\/"]}]}},"_links":{"self":[{"href":"https:\/\/ranoja.ee\/en\/wp-json\/wp\/v2\/product\/9056","targetHints":{"allow":["GET"]}}],"collection":[{"href":"https:\/\/ranoja.ee\/en\/wp-json\/wp\/v2\/product"}],"about":[{"href":"https:\/\/ranoja.ee\/en\/wp-json\/wp\/v2\/types\/product"}],"wp:featuredmedia":[{"embeddable":true,"href":"https:\/\/ranoja.ee\/en\/wp-json\/wp\/v2\/media\/9057"}],"wp:attachment":[{"href":"https:\/\/ranoja.ee\/en\/wp-json\/wp\/v2\/media?parent=9056"}],"wp:term":[{"taxonomy":"product_cat","embeddable":true,"href":"https:\/\/ranoja.ee\/en\/wp-json\/wp\/v2\/product_cat?post=9056"},{"taxonomy":"product_tag","embeddable":true,"href":"https:\/\/ranoja.ee\/en\/wp-json\/wp\/v2\/product_tag?post=9056"}],"curies":[{"name":"wp","href":"https:\/\/api.w.org\/{rel}","templated":true}]}}