{"id":9040,"date":"2024-04-18T17:30:51","date_gmt":"2024-04-18T14:30:51","guid":{"rendered":"https:\/\/www.ranoja.ee\/?post_type=product&#038;p=9040"},"modified":"2025-12-10T11:48:36","modified_gmt":"2025-12-10T08:48:36","slug":"palgivints-traktorile-uniforest-45m","status":"publish","type":"product","link":"https:\/\/ranoja.ee\/en\/toode\/palgivints-traktorile-uniforest-45m\/","title":{"rendered":"Palgivints traktorile Uniforest 45M"},"content":{"rendered":"<p><strong>Uniforest palgivintsid on unikaalsed ja paljude v\u00f5imalustega. K\u00fclasta ka tootja kodulehte ja leia endale sobiv <a href=\"https:\/\/uniforest.com\/products\/forestry-winches\"><span style=\"color: #008000;\">seade siit!<\/span><\/a><\/strong><\/p>\n<p>Palgivints traktorile Uniforest 45M4,5-tonnise t\u00f5mbej\u00f5uga 45M \/ MR mehaanilisel metsavintsil on esik\u00fcljel &#8220;Tagumikuplaadil&#8221; suured panipaigad, mis on patenteeritud. MR mudelil on integreeritud reduktor, mis v\u00f5imaldab saavutada sama t\u00f5mbej\u00f5udu v\u00e4iksema traktori v\u00f5imsusega ja sellest tulenevalt ka selle kulu. Aknakaitse on kokkupandav, mis muudab transpordi lihtsamaks. \u00c4ratuntav vintsi disain koos vastupidava konstruktsiooni ja kompaktse tagumikuplaadiga hoiab \u00e4ra kulumise ja v\u00f5imaldab lihtsat t\u00f6\u00f6d.<\/p>\n<p>Tagumikuplaadi esik\u00fcljel on palju ruumi<br \/>\nPaindlik kaitsev\u00f5rk<br \/>\nVastupidav konstruktsioon<br \/>\nSuurep\u00e4rane disain ja ergonoomiline kuju<\/p>\n<p>T\u00f5mbemehhanismi \u00fchendamiseks m\u00f5eldud k\u00e4sin\u00f6\u00f6r on vaid 60 cm pikk.<br \/>\nPiduri v\u00e4ljal\u00fclitamiseks v\u00f5i t\u00e4ieliku t\u00f5mbej\u00f5u saavutamiseks on n\u00f6\u00f6ri t\u00f5mbamiseks vaja v\u00e4hem j\u00f5udu.<\/p>\n<p>Tihendatud kuullaagrid<br \/>\nM\u00e4\u00e4rdevabad suletud kuullaagrid (FAG) tagavad terastrossi katkematu lahti- ja kerimise; m\u00e4\u00e4rimine pole vajalik.<br \/>\nSoovitatav terastrossi paksus vastavalt maksimaalsele trossi pikkusele: 9mm\/70m<br \/>\nTross peab olema standardile vastav, trossi murdej\u00f5ud peab olema v\u00e4hemalt kaks korda suurem kui t\u00f5mbej\u00f5ud.<br \/>\nPalgivints traktorile Uniforest 45M<\/p>\n<p>Traktorihaakesse paigaldatud palgivintse kasutatakse tavaliselt puude v\u00f5i palgide t\u00f5stmiseks ja teisaldamiseks p\u00f5llumajanduses, metsanduses ja ehitusel. Need v\u00f5ivad olla \u00e4\u00e4rmiselt kasulikud t\u00f6\u00f6riistad, eriti kui tegemist on raskete v\u00f5i k\u00e4sitsi liigutatavate esemete t\u00f5stmisega. Siin on m\u00f5ned olulised punktid traktorihaakesse paigaldatud palgivintside kohta:<\/p>\n<p>Kasutusvaldkonnad: Traktorihaakesse paigaldatud palgivintse kasutatakse laialdaselt metsat\u00f6\u00f6del, p\u00f5llumajanduses ja ehituses. N\u00e4iteks v\u00f5ivad metsaomanikud v\u00f5i metsat\u00f6\u00f6tegijad kasutada neid puude raiumisel, vedamisel v\u00f5i laadimisel. Samuti v\u00f5ivad p\u00f5llumajandustootjad kasutada neid puidust taraehituseks v\u00f5i muudeks sarnasteks projektideks.<\/p>\n<p>Ohutusn\u00f5uded: Nagu ka teiste traktorihaaksete puhul, tuleb traktorihaakesse paigaldatud palgivintside kasutamisel j\u00e4rgida k\u00f5iki ohutusn\u00f5udeid. See h\u00f5lmab \u00f5ige kinnitusvahendi valimist vastavalt t\u00f5stetavale koormale, korralikku koolitust ja j\u00e4rgimist tootja juhiseid, et tagada ohutu ja t\u00f5hus kasutamine.<\/p>\n<p>Hooldus ja hooldamine: Traktorihaakesse paigaldatud palgivintse tuleb regulaarselt hooldada, et tagada nende n\u00f5uetekohane toimimine ja pikendada nende kasutusiga. See h\u00f5lmab vintsi, trossi v\u00f5i keti kontrollimist, m\u00e4\u00e4rimist, vajadusel osade asendamist ja \u00fcldist s\u00fcsteemi kontrollimist lekete v\u00f5i muude probleemide suhtes.<\/p>\n","protected":false},"excerpt":{"rendered":"<p>Palgivints traktorile Uniforest 45M<\/p>\n<p>T\u00f5mbej\u00f5ud: 4,5ton \/ 45kN<br \/>\nPidurdusj\u00f5ud 5,6 ton \/ 56 kN<br \/>\nVintsi keskmine t\u00f5mbekiirus: 0,9 m\/s<br \/>\nStandard tross: 70m pikk \/ 9mm l\u00e4bim\u00f5\u00f5duga<br \/>\nSoovituslik traktori j\u00f5udlus: 37\u201350kW \/50\u201368 HP<br \/>\nMax rpm PTO: 540 p\u00f6\u00f6ret\/minutis<br \/>\nVintsi juhtimine mehaaniliselt<br \/>\nSeadme m\u00f5\u00f5dud Laius \/ s\u00fcgavus \/ k\u00f5rgus: 1490 \/ 490 \/ 1400mm<br \/>\nK\u00f5rgus koos aknakattega: 2000mm<br \/>\nkaal ca 361kg<br \/>\nStandarid on kaasas:<br \/>\nVolditav aknakaitse<br \/>\nMootorsae hoidik<br \/>\nKirvele hoidik<br \/>\nMadaldatud t\u00f5mberullik<br \/>\nJ\u00e4relveohaagise kinnitust<br \/>\n<strong>K\u00fcsi pakkumist koos reduktoriga vintsiga masinale 45MR! (reduktor lubab muuta vintsi t\u00f5mbamise kiirust erinevalt traktori p\u00f6\u00f6retest)<\/strong><\/p>\n<p><span style=\"color: #000000;\"><strong>Garantii 1 aasta (eraisikule 2 aastat)<\/strong><\/span><br \/>\n<strong>Seadme eeldatav tarneaeg 1-2 kuud<\/strong><\/p>\n<p><span style=\"color: #339966;\"><strong>K\u00fcsi julgelt parimat hinnapakkumist ja tarneaega enda uuele Uniforest seadmele!<\/strong><\/span><\/p>\n","protected":false},"featured_media":9042,"template":"","meta":{"inline_featured_image":false},"product_cat":[1405],"product_tag":[1423,1419,1422],"class_list":{"0":"post-9040","1":"product","2":"type-product","3":"status-publish","4":"has-post-thumbnail","6":"product_brand-uniforest","7":"product_cat-palgivintsid","8":"product_tag-m45","9":"product_tag-metsatehnika","10":"product_tag-palgivintsid","12":"first","13":"outofstock","14":"taxable","15":"shipping-taxable","16":"purchasable","17":"product-type-simple"},"yoast_head":"<!-- This site is optimized with the Yoast SEO plugin v27.4 - https:\/\/yoast.com\/product\/yoast-seo-wordpress\/ -->\n<title>Palgivints traktorile Uniforest 45M<\/title>\n<meta name=\"description\" content=\"Palgivints traktorile Uniforest 45M T\u00f5mbej\u00f5ud: 4,5ton \/ 45kNPidurdusj\u00f5ud 5,6 ton \/ 56 kNVintsi keskmine t\u00f5mbekiirus: 0,9 m\/s palgivints metsatehnikale\" \/>\n<meta name=\"robots\" content=\"index, follow, max-snippet:-1, max-image-preview:large, max-video-preview:-1\" \/>\n<link rel=\"canonical\" href=\"https:\/\/ranoja.ee\/toode\/palgivints-traktorile-uniforest-45m\/\" \/>\n<meta property=\"og:locale\" content=\"en_US\" \/>\n<meta property=\"og:type\" content=\"article\" \/>\n<meta property=\"og:title\" content=\"Palgivints traktorile Uniforest 45M\" \/>\n<meta property=\"og:description\" content=\"Palgivints traktorile Uniforest 45M T\u00f5mbej\u00f5ud: 4,5ton \/ 45kNPidurdusj\u00f5ud 5,6 ton \/ 56 kNVintsi keskmine t\u00f5mbekiirus: 0,9 m\/s palgivints metsatehnikale\" \/>\n<meta property=\"og:url\" content=\"https:\/\/ranoja.ee\/toode\/palgivints-traktorile-uniforest-45m\/\" \/>\n<meta property=\"og:site_name\" content=\"Ranoja\" \/>\n<meta property=\"article:publisher\" content=\"https:\/\/www.facebook.com\/ranoja.ee\" \/>\n<meta property=\"article:modified_time\" content=\"2025-12-10T08:48:36+00:00\" \/>\n<meta property=\"og:image\" content=\"https:\/\/ranoja.ee\/wp-content\/uploads\/2024\/04\/uniforest-palgivints-winch-45M.webp\" \/>\n\t<meta property=\"og:image:width\" content=\"986\" \/>\n\t<meta property=\"og:image:height\" content=\"651\" \/>\n\t<meta property=\"og:image:type\" content=\"image\/webp\" \/>\n<meta name=\"twitter:card\" content=\"summary_large_image\" \/>\n<meta name=\"twitter:label1\" content=\"Est. reading time\" \/>\n\t<meta name=\"twitter:data1\" content=\"2 minutes\" \/>\n<script type=\"application\/ld+json\" class=\"yoast-schema-graph\">{\"@context\":\"https:\\\/\\\/schema.org\",\"@graph\":[{\"@type\":\"WebPage\",\"@id\":\"https:\\\/\\\/ranoja.ee\\\/toode\\\/palgivints-traktorile-uniforest-45m\\\/\",\"url\":\"https:\\\/\\\/ranoja.ee\\\/toode\\\/palgivints-traktorile-uniforest-45m\\\/\",\"name\":\"Palgivints traktorile Uniforest 45M\",\"isPartOf\":{\"@id\":\"https:\\\/\\\/ranoja.ee\\\/#website\"},\"primaryImageOfPage\":{\"@id\":\"https:\\\/\\\/ranoja.ee\\\/toode\\\/palgivints-traktorile-uniforest-45m\\\/#primaryimage\"},\"image\":{\"@id\":\"https:\\\/\\\/ranoja.ee\\\/toode\\\/palgivints-traktorile-uniforest-45m\\\/#primaryimage\"},\"thumbnailUrl\":\"https:\\\/\\\/ranoja.ee\\\/wp-content\\\/uploads\\\/2024\\\/04\\\/uniforest-palgivints-winch-45M.webp\",\"datePublished\":\"2024-04-18T14:30:51+00:00\",\"dateModified\":\"2025-12-10T08:48:36+00:00\",\"description\":\"Palgivints traktorile Uniforest 45M T\u00f5mbej\u00f5ud: 4,5ton \\\/ 45kNPidurdusj\u00f5ud 5,6 ton \\\/ 56 kNVintsi keskmine t\u00f5mbekiirus: 0,9 m\\\/s palgivints metsatehnikale\",\"breadcrumb\":{\"@id\":\"https:\\\/\\\/ranoja.ee\\\/toode\\\/palgivints-traktorile-uniforest-45m\\\/#breadcrumb\"},\"inLanguage\":\"en-US\",\"potentialAction\":[{\"@type\":\"ReadAction\",\"target\":[\"https:\\\/\\\/ranoja.ee\\\/toode\\\/palgivints-traktorile-uniforest-45m\\\/\"]}]},{\"@type\":\"ImageObject\",\"inLanguage\":\"en-US\",\"@id\":\"https:\\\/\\\/ranoja.ee\\\/toode\\\/palgivints-traktorile-uniforest-45m\\\/#primaryimage\",\"url\":\"https:\\\/\\\/ranoja.ee\\\/wp-content\\\/uploads\\\/2024\\\/04\\\/uniforest-palgivints-winch-45M.webp\",\"contentUrl\":\"https:\\\/\\\/ranoja.ee\\\/wp-content\\\/uploads\\\/2024\\\/04\\\/uniforest-palgivints-winch-45M.webp\",\"width\":986,\"height\":651,\"caption\":\"palgivints metsatehnika, v\u00e4ljavdedu langetuamine tuulemurd metsat\u00f6\u00f6d tehnika\"},{\"@type\":\"BreadcrumbList\",\"@id\":\"https:\\\/\\\/ranoja.ee\\\/toode\\\/palgivints-traktorile-uniforest-45m\\\/#breadcrumb\",\"itemListElement\":[{\"@type\":\"ListItem\",\"position\":1,\"name\":\"Home\",\"item\":\"https:\\\/\\\/ranoja.ee\\\/\"},{\"@type\":\"ListItem\",\"position\":2,\"name\":\"Shop\",\"item\":\"https:\\\/\\\/ranoja.ee\\\/en\\\/shop\\\/\"},{\"@type\":\"ListItem\",\"position\":3,\"name\":\"Palgivints traktorile Uniforest 45M\"}]},{\"@type\":\"WebSite\",\"@id\":\"https:\\\/\\\/ranoja.ee\\\/#website\",\"url\":\"https:\\\/\\\/ranoja.ee\\\/\",\"name\":\"Ranoja\",\"description\":\"Equipment Shop WooCommerce WordPress Theme for Machine &amp; Tools\",\"publisher\":{\"@id\":\"https:\\\/\\\/ranoja.ee\\\/#organization\"},\"potentialAction\":[{\"@type\":\"SearchAction\",\"target\":{\"@type\":\"EntryPoint\",\"urlTemplate\":\"https:\\\/\\\/ranoja.ee\\\/?s={search_term_string}\"},\"query-input\":{\"@type\":\"PropertyValueSpecification\",\"valueRequired\":true,\"valueName\":\"search_term_string\"}}],\"inLanguage\":\"en-US\"},{\"@type\":\"Organization\",\"@id\":\"https:\\\/\\\/ranoja.ee\\\/#organization\",\"name\":\"Ranoja O\u00dc\",\"url\":\"https:\\\/\\\/ranoja.ee\\\/\",\"logo\":{\"@type\":\"ImageObject\",\"inLanguage\":\"en-US\",\"@id\":\"https:\\\/\\\/ranoja.ee\\\/#\\\/schema\\\/logo\\\/image\\\/\",\"url\":\"https:\\\/\\\/ranoja.ee\\\/wp-content\\\/uploads\\\/2023\\\/11\\\/ranoja-Logo.png\",\"contentUrl\":\"https:\\\/\\\/ranoja.ee\\\/wp-content\\\/uploads\\\/2023\\\/11\\\/ranoja-Logo.png\",\"width\":207,\"height\":58,\"caption\":\"Ranoja O\u00dc\"},\"image\":{\"@id\":\"https:\\\/\\\/ranoja.ee\\\/#\\\/schema\\\/logo\\\/image\\\/\"},\"sameAs\":[\"https:\\\/\\\/www.facebook.com\\\/ranoja.ee\",\"https:\\\/\\\/www.instagram.com\\\/ranoja__\\\/\"]}]}<\/script>\n<!-- \/ Yoast SEO plugin. -->","yoast_head_json":{"title":"Palgivints traktorile Uniforest 45M","description":"Palgivints traktorile Uniforest 45M T\u00f5mbej\u00f5ud: 4,5ton \/ 45kNPidurdusj\u00f5ud 5,6 ton \/ 56 kNVintsi keskmine t\u00f5mbekiirus: 0,9 m\/s palgivints metsatehnikale","robots":{"index":"index","follow":"follow","max-snippet":"max-snippet:-1","max-image-preview":"max-image-preview:large","max-video-preview":"max-video-preview:-1"},"canonical":"https:\/\/ranoja.ee\/toode\/palgivints-traktorile-uniforest-45m\/","og_locale":"en_US","og_type":"article","og_title":"Palgivints traktorile Uniforest 45M","og_description":"Palgivints traktorile Uniforest 45M T\u00f5mbej\u00f5ud: 4,5ton \/ 45kNPidurdusj\u00f5ud 5,6 ton \/ 56 kNVintsi keskmine t\u00f5mbekiirus: 0,9 m\/s palgivints metsatehnikale","og_url":"https:\/\/ranoja.ee\/toode\/palgivints-traktorile-uniforest-45m\/","og_site_name":"Ranoja","article_publisher":"https:\/\/www.facebook.com\/ranoja.ee","article_modified_time":"2025-12-10T08:48:36+00:00","og_image":[{"width":986,"height":651,"url":"https:\/\/ranoja.ee\/wp-content\/uploads\/2024\/04\/uniforest-palgivints-winch-45M.webp","type":"image\/webp"}],"twitter_card":"summary_large_image","twitter_misc":{"Est. reading time":"2 minutes"},"schema":{"@context":"https:\/\/schema.org","@graph":[{"@type":"WebPage","@id":"https:\/\/ranoja.ee\/toode\/palgivints-traktorile-uniforest-45m\/","url":"https:\/\/ranoja.ee\/toode\/palgivints-traktorile-uniforest-45m\/","name":"Palgivints traktorile Uniforest 45M","isPartOf":{"@id":"https:\/\/ranoja.ee\/#website"},"primaryImageOfPage":{"@id":"https:\/\/ranoja.ee\/toode\/palgivints-traktorile-uniforest-45m\/#primaryimage"},"image":{"@id":"https:\/\/ranoja.ee\/toode\/palgivints-traktorile-uniforest-45m\/#primaryimage"},"thumbnailUrl":"https:\/\/ranoja.ee\/wp-content\/uploads\/2024\/04\/uniforest-palgivints-winch-45M.webp","datePublished":"2024-04-18T14:30:51+00:00","dateModified":"2025-12-10T08:48:36+00:00","description":"Palgivints traktorile Uniforest 45M T\u00f5mbej\u00f5ud: 4,5ton \/ 45kNPidurdusj\u00f5ud 5,6 ton \/ 56 kNVintsi keskmine t\u00f5mbekiirus: 0,9 m\/s palgivints metsatehnikale","breadcrumb":{"@id":"https:\/\/ranoja.ee\/toode\/palgivints-traktorile-uniforest-45m\/#breadcrumb"},"inLanguage":"en-US","potentialAction":[{"@type":"ReadAction","target":["https:\/\/ranoja.ee\/toode\/palgivints-traktorile-uniforest-45m\/"]}]},{"@type":"ImageObject","inLanguage":"en-US","@id":"https:\/\/ranoja.ee\/toode\/palgivints-traktorile-uniforest-45m\/#primaryimage","url":"https:\/\/ranoja.ee\/wp-content\/uploads\/2024\/04\/uniforest-palgivints-winch-45M.webp","contentUrl":"https:\/\/ranoja.ee\/wp-content\/uploads\/2024\/04\/uniforest-palgivints-winch-45M.webp","width":986,"height":651,"caption":"palgivints metsatehnika, v\u00e4ljavdedu langetuamine tuulemurd metsat\u00f6\u00f6d tehnika"},{"@type":"BreadcrumbList","@id":"https:\/\/ranoja.ee\/toode\/palgivints-traktorile-uniforest-45m\/#breadcrumb","itemListElement":[{"@type":"ListItem","position":1,"name":"Home","item":"https:\/\/ranoja.ee\/"},{"@type":"ListItem","position":2,"name":"Shop","item":"https:\/\/ranoja.ee\/en\/shop\/"},{"@type":"ListItem","position":3,"name":"Palgivints traktorile Uniforest 45M"}]},{"@type":"WebSite","@id":"https:\/\/ranoja.ee\/#website","url":"https:\/\/ranoja.ee\/","name":"Ranoja","description":"Equipment Shop WooCommerce WordPress Theme for Machine &amp; Tools","publisher":{"@id":"https:\/\/ranoja.ee\/#organization"},"potentialAction":[{"@type":"SearchAction","target":{"@type":"EntryPoint","urlTemplate":"https:\/\/ranoja.ee\/?s={search_term_string}"},"query-input":{"@type":"PropertyValueSpecification","valueRequired":true,"valueName":"search_term_string"}}],"inLanguage":"en-US"},{"@type":"Organization","@id":"https:\/\/ranoja.ee\/#organization","name":"Ranoja O\u00dc","url":"https:\/\/ranoja.ee\/","logo":{"@type":"ImageObject","inLanguage":"en-US","@id":"https:\/\/ranoja.ee\/#\/schema\/logo\/image\/","url":"https:\/\/ranoja.ee\/wp-content\/uploads\/2023\/11\/ranoja-Logo.png","contentUrl":"https:\/\/ranoja.ee\/wp-content\/uploads\/2023\/11\/ranoja-Logo.png","width":207,"height":58,"caption":"Ranoja O\u00dc"},"image":{"@id":"https:\/\/ranoja.ee\/#\/schema\/logo\/image\/"},"sameAs":["https:\/\/www.facebook.com\/ranoja.ee","https:\/\/www.instagram.com\/ranoja__\/"]}]}},"_links":{"self":[{"href":"https:\/\/ranoja.ee\/en\/wp-json\/wp\/v2\/product\/9040","targetHints":{"allow":["GET"]}}],"collection":[{"href":"https:\/\/ranoja.ee\/en\/wp-json\/wp\/v2\/product"}],"about":[{"href":"https:\/\/ranoja.ee\/en\/wp-json\/wp\/v2\/types\/product"}],"wp:featuredmedia":[{"embeddable":true,"href":"https:\/\/ranoja.ee\/en\/wp-json\/wp\/v2\/media\/9042"}],"wp:attachment":[{"href":"https:\/\/ranoja.ee\/en\/wp-json\/wp\/v2\/media?parent=9040"}],"wp:term":[{"taxonomy":"product_cat","embeddable":true,"href":"https:\/\/ranoja.ee\/en\/wp-json\/wp\/v2\/product_cat?post=9040"},{"taxonomy":"product_tag","embeddable":true,"href":"https:\/\/ranoja.ee\/en\/wp-json\/wp\/v2\/product_tag?post=9040"}],"curies":[{"name":"wp","href":"https:\/\/api.w.org\/{rel}","templated":true}]}}