{"id":9005,"date":"2024-04-09T11:33:31","date_gmt":"2024-04-09T08:33:31","guid":{"rendered":"https:\/\/www.ranoja.ee\/toode\/cedrus-bensiinimootoriga-oksapurustaja-rb04pro-e\/"},"modified":"2024-04-09T11:33:31","modified_gmt":"2024-04-09T08:33:31","slug":"cedrus-bensiinimootoriga-oksapurustaja-rb04pro-e","status":"publish","type":"product","link":"https:\/\/ranoja.ee\/en\/toode\/cedrus-bensiinimootoriga-oksapurustaja-rb04pro-e\/","title":{"rendered":"Cedrus bensiinimootoriga oksapurustaja RB04PRO-E"},"content":{"rendered":"<p>Cedrus bensiinimootoriga oksapurustaja RB04PRO-E on tuntud oma v\u00f5imsuse poolest, mis v\u00f5imaldab neil t\u00f5husalt purustada erineva diameetriga oksi. Need seadmed on varustatud tugevate mootoritega, mis tagavad suure j\u00f5udluse ja vastupidavuse. Olgu tegemist siis aia p\u00fcgamisj\u00e4\u00e4tmete v\u00f5i puuokste purustamisega, Cedrus oksapurustaja suudab sellega h\u00f5lpsalt toime tulla.<\/p>\n<p>Turvalisus on Cedrus oksapurustajate disainis esmat\u00e4htis. Need on varustatud mitmete turvafunktsioonidega, sealhulgas automaatse peatamise s\u00fcsteemiga, mis k\u00e4ivitub koheselt, kui avatakse juurdep\u00e4\u00e4s purustuskambrile. See tagab kasutaja ohutuse ja v\u00e4hendab \u00f5nnetuste riski.<\/p>\n<p>Lisaks on Cedrus keskkonnas\u00f5bralikud, p\u00f6\u00f6rates t\u00e4helepanu j\u00e4tkusuutlikkusele. Need oksapurustajad mitte ainult ei aita aiat\u00f6id kiirendada, vaid muudavad ka aiaj\u00e4\u00e4tmed kasulikuks mult\u0161iks v\u00f5i kompostiks, toetades seel\u00e4bi \u00f6koloogilist aiat\u00f6\u00f6d.<\/p>\n<p>Cedrus oksapurustajad on t\u00f5husad ja vastupidavad t\u00f6\u00f6riistad, mis muudavad aiat\u00f6\u00f6de tegemise nauditavaks ja tulemuslikuks. Nende usaldusv\u00e4\u00e4rne j\u00f5udlus ja innovatiivne disain muudavad Cedrus oksapurustajad eelistatuks valikuks neile, kes hindavad kvaliteeti ja soovivad investeerida usaldusv\u00e4\u00e4rsetesse aiat\u00f6\u00f6riistadesse.<\/p>\n<p>Aiat\u00f6\u00f6riistu, alates oksapurustajatest ja muruniidukitest kuni trimmerite ja lehepuhuriteni. Iga toode on hoolikalt disainitud, arvestades kasutajate vajadusi ja keskkonnas\u00f5bralikkust.<br \/>\nCedrus panustab j\u00e4tkusuutlikkusse, pakkudes tooteid, mis aitavad v\u00e4hendada aiaj\u00e4\u00e4tmete kogust ja soodustavad taaskasutust. Lisaks on br\u00e4nd tuntud oma klienditeeninduse ja tootekvaliteedi poolest, pakkudes tarbijatele kindlustunnet oma valiku suhtes.<\/p>\n<p>Br\u00e4ndi CEDRUS taga on p\u00fchendunud meeskond, kes usub, et iga aednik peaks saama nautida aiat\u00f6id ilma kompromissideta. Cedrus tooted on loodud selleks, et muuta aiat\u00f6\u00f6d lihtsamaks, t\u00f5husamaks<br \/>\nja nauditavamaks. Olgu tegemist aia korrastamise, rohu niitmise v\u00f5i oksapurustamisega \u2013 Cedrus br\u00e4ndi all leiab iga\u00fcks endale sobiva lahenduse oma aia eest hoolitsemiseks.<\/p>\n","protected":false},"excerpt":{"rendered":"<p>Cedrus bensiinimootoriga oksapurustaja RB04PRO-E<br \/>\nMootor: G420F Loncin 9.0kW \/ 3600 rpm\/min<br \/>\nK\u00fctusepaak 6,5L<br \/>\nK\u00e4sistarter\/ elektristarter<br \/>\nMaterjali max l\u00e4bim\u00f5\u00f5t 150mm<br \/>\nTrummels\u00fcsteemiga l\u00f5ikes\u00fcsteem mis veab oksad ise sisse<br \/>\nL\u00f5iketerad 300mm x2 tera<br \/>\nEeldatav tootlikud okste purustamisel 5 m3\/h \u2013 7 m3\/h<br \/>\nMustriga \u00f5hkrehvid 16\u00d78-7\/ 10&#215;4,1-4<br \/>\nTurval\u00fclitid<br \/>\nJ\u00e4relveetav<br \/>\nKaal 260kg<br \/>\nTunnilugeja<br \/>\nMasina m\u00f5\u00f5tmed: k\u00f5rgus 2000mm, pikkus 1600mm, laius 790mm<br \/>\n<span style=\"color: #000000;\"><strong>Garantii 1 aasta (eraisikule 2 aastat)<\/strong><\/span><\/p>\n<p><strong><span style=\"color: #339966;\">ANTUD TOOTEGA SAAB TUTVUDA MEIE PAIDE ESINDUSES KOHAPEAL!<\/span><\/strong><\/p>\n","protected":false},"featured_media":11816,"template":"","meta":{"inline_featured_image":false},"product_cat":[1386,1383],"product_tag":[1414,1415,1416,1417],"class_list":{"0":"post-9005","1":"product","2":"type-product","3":"status-publish","4":"has-post-thumbnail","6":"product_brand-cedrus","7":"product_cat-branch-breakers","8":"product_cat-forest-technology","9":"product_tag-9kw-en","10":"product_tag-bensiinimootoriga-oksapurustaja-en","11":"product_tag-bensiinimootoriga-oksapurusti-en","12":"product_tag-cedrus-en","14":"first","15":"instock","16":"taxable","17":"shipping-taxable","18":"purchasable","19":"product-type-simple"},"yoast_head":"<!-- This site is optimized with the Yoast SEO plugin v27.4 - https:\/\/yoast.com\/product\/yoast-seo-wordpress\/ -->\n<title>Cedrus bensiinimootoriga oksapurustaja RB04PRO-E - Ranoja<\/title>\n<meta name=\"description\" content=\"Cedrus bensiinimootoriga oksapurustaja RB04PRO-E Mootor 9kw, 420cm3, 3600rpm Max. oksal\u00e4bim\u00f5\u00f5t 150mm, Terade liikumiskiirus 2000rpm\/min Kaal: 260kg\" \/>\n<meta name=\"robots\" content=\"index, follow, max-snippet:-1, max-image-preview:large, max-video-preview:-1\" \/>\n<link rel=\"canonical\" href=\"https:\/\/ranoja.ee\/toode\/cedrus-bensiinimootoriga-oksapurustaja-cedrb04pro-e\/\" \/>\n<meta property=\"og:locale\" content=\"en_US\" \/>\n<meta property=\"og:type\" content=\"article\" \/>\n<meta property=\"og:title\" content=\"Cedrus bensiinimootoriga oksapurustaja RB04PRO-E - Ranoja\" \/>\n<meta property=\"og:description\" content=\"Cedrus bensiinimootoriga oksapurustaja RB04PRO-E Mootor 9kw, 420cm3, 3600rpm Max. oksal\u00e4bim\u00f5\u00f5t 150mm, Terade liikumiskiirus 2000rpm\/min Kaal: 260kg\" \/>\n<meta property=\"og:url\" content=\"https:\/\/ranoja.ee\/toode\/cedrus-bensiinimootoriga-oksapurustaja-cedrb04pro-e\/\" \/>\n<meta property=\"og:site_name\" content=\"Ranoja\" \/>\n<meta property=\"article:publisher\" content=\"https:\/\/www.facebook.com\/ranoja.ee\" \/>\n<meta property=\"og:image\" content=\"https:\/\/ranoja.ee\/wp-content\/uploads\/2024\/04\/Cedrus-bensiinimootoriga-oksapurustaja-CEDRB04PRO-E.jpg\" \/>\n\t<meta property=\"og:image:width\" content=\"1200\" \/>\n\t<meta property=\"og:image:height\" content=\"810\" \/>\n\t<meta property=\"og:image:type\" content=\"image\/jpeg\" \/>\n<meta name=\"twitter:card\" content=\"summary_large_image\" \/>\n<meta name=\"twitter:label1\" content=\"Est. reading time\" \/>\n\t<meta name=\"twitter:data1\" content=\"1 minute\" \/>\n<script type=\"application\/ld+json\" class=\"yoast-schema-graph\">{\"@context\":\"https:\\\/\\\/schema.org\",\"@graph\":[{\"@type\":\"WebPage\",\"@id\":\"https:\\\/\\\/ranoja.ee\\\/toode\\\/cedrus-bensiinimootoriga-oksapurustaja-cedrb04pro-e\\\/\",\"url\":\"https:\\\/\\\/ranoja.ee\\\/toode\\\/cedrus-bensiinimootoriga-oksapurustaja-cedrb04pro-e\\\/\",\"name\":\"Cedrus bensiinimootoriga oksapurustaja RB04PRO-E - Ranoja\",\"isPartOf\":{\"@id\":\"https:\\\/\\\/ranoja.ee\\\/#website\"},\"primaryImageOfPage\":{\"@id\":\"https:\\\/\\\/ranoja.ee\\\/toode\\\/cedrus-bensiinimootoriga-oksapurustaja-cedrb04pro-e\\\/#primaryimage\"},\"image\":{\"@id\":\"https:\\\/\\\/ranoja.ee\\\/toode\\\/cedrus-bensiinimootoriga-oksapurustaja-cedrb04pro-e\\\/#primaryimage\"},\"thumbnailUrl\":\"https:\\\/\\\/ranoja.ee\\\/wp-content\\\/uploads\\\/2024\\\/04\\\/Cedrus-bensiinimootoriga-oksapurustaja-CEDRB04PRO-E.jpg\",\"datePublished\":\"2024-04-09T08:33:31+00:00\",\"description\":\"Cedrus bensiinimootoriga oksapurustaja RB04PRO-E Mootor 9kw, 420cm3, 3600rpm Max. oksal\u00e4bim\u00f5\u00f5t 150mm, Terade liikumiskiirus 2000rpm\\\/min Kaal: 260kg\",\"breadcrumb\":{\"@id\":\"https:\\\/\\\/ranoja.ee\\\/toode\\\/cedrus-bensiinimootoriga-oksapurustaja-cedrb04pro-e\\\/#breadcrumb\"},\"inLanguage\":\"en-US\",\"potentialAction\":[{\"@type\":\"ReadAction\",\"target\":[\"https:\\\/\\\/ranoja.ee\\\/toode\\\/cedrus-bensiinimootoriga-oksapurustaja-cedrb04pro-e\\\/\"]}]},{\"@type\":\"ImageObject\",\"inLanguage\":\"en-US\",\"@id\":\"https:\\\/\\\/ranoja.ee\\\/toode\\\/cedrus-bensiinimootoriga-oksapurustaja-cedrb04pro-e\\\/#primaryimage\",\"url\":\"https:\\\/\\\/ranoja.ee\\\/wp-content\\\/uploads\\\/2024\\\/04\\\/Cedrus-bensiinimootoriga-oksapurustaja-CEDRB04PRO-E.jpg\",\"contentUrl\":\"https:\\\/\\\/ranoja.ee\\\/wp-content\\\/uploads\\\/2024\\\/04\\\/Cedrus-bensiinimootoriga-oksapurustaja-CEDRB04PRO-E.jpg\",\"width\":1200,\"height\":810,\"caption\":\"Cedrus bensiinimootoriga oksapurustaja CEDRB04PRO-E\"},{\"@type\":\"BreadcrumbList\",\"@id\":\"https:\\\/\\\/ranoja.ee\\\/toode\\\/cedrus-bensiinimootoriga-oksapurustaja-cedrb04pro-e\\\/#breadcrumb\",\"itemListElement\":[{\"@type\":\"ListItem\",\"position\":1,\"name\":\"Home\",\"item\":\"https:\\\/\\\/ranoja.ee\\\/\"},{\"@type\":\"ListItem\",\"position\":2,\"name\":\"Shop\",\"item\":\"https:\\\/\\\/ranoja.ee\\\/en\\\/shop\\\/\"},{\"@type\":\"ListItem\",\"position\":3,\"name\":\"Cedrus bensiinimootoriga oksapurustaja RB04PRO-E\"}]},{\"@type\":\"WebSite\",\"@id\":\"https:\\\/\\\/ranoja.ee\\\/#website\",\"url\":\"https:\\\/\\\/ranoja.ee\\\/\",\"name\":\"Ranoja\",\"description\":\"Equipment Shop WooCommerce WordPress Theme for Machine &amp; Tools\",\"publisher\":{\"@id\":\"https:\\\/\\\/ranoja.ee\\\/#organization\"},\"potentialAction\":[{\"@type\":\"SearchAction\",\"target\":{\"@type\":\"EntryPoint\",\"urlTemplate\":\"https:\\\/\\\/ranoja.ee\\\/?s={search_term_string}\"},\"query-input\":{\"@type\":\"PropertyValueSpecification\",\"valueRequired\":true,\"valueName\":\"search_term_string\"}}],\"inLanguage\":\"en-US\"},{\"@type\":\"Organization\",\"@id\":\"https:\\\/\\\/ranoja.ee\\\/#organization\",\"name\":\"Ranoja O\u00dc\",\"url\":\"https:\\\/\\\/ranoja.ee\\\/\",\"logo\":{\"@type\":\"ImageObject\",\"inLanguage\":\"en-US\",\"@id\":\"https:\\\/\\\/ranoja.ee\\\/#\\\/schema\\\/logo\\\/image\\\/\",\"url\":\"https:\\\/\\\/ranoja.ee\\\/wp-content\\\/uploads\\\/2023\\\/11\\\/ranoja-Logo.png\",\"contentUrl\":\"https:\\\/\\\/ranoja.ee\\\/wp-content\\\/uploads\\\/2023\\\/11\\\/ranoja-Logo.png\",\"width\":207,\"height\":58,\"caption\":\"Ranoja O\u00dc\"},\"image\":{\"@id\":\"https:\\\/\\\/ranoja.ee\\\/#\\\/schema\\\/logo\\\/image\\\/\"},\"sameAs\":[\"https:\\\/\\\/www.facebook.com\\\/ranoja.ee\",\"https:\\\/\\\/www.instagram.com\\\/ranoja__\\\/\"]}]}<\/script>\n<!-- \/ Yoast SEO plugin. -->","yoast_head_json":{"title":"Cedrus bensiinimootoriga oksapurustaja RB04PRO-E - Ranoja","description":"Cedrus bensiinimootoriga oksapurustaja RB04PRO-E Mootor 9kw, 420cm3, 3600rpm Max. oksal\u00e4bim\u00f5\u00f5t 150mm, Terade liikumiskiirus 2000rpm\/min Kaal: 260kg","robots":{"index":"index","follow":"follow","max-snippet":"max-snippet:-1","max-image-preview":"max-image-preview:large","max-video-preview":"max-video-preview:-1"},"canonical":"https:\/\/ranoja.ee\/toode\/cedrus-bensiinimootoriga-oksapurustaja-cedrb04pro-e\/","og_locale":"en_US","og_type":"article","og_title":"Cedrus bensiinimootoriga oksapurustaja RB04PRO-E - Ranoja","og_description":"Cedrus bensiinimootoriga oksapurustaja RB04PRO-E Mootor 9kw, 420cm3, 3600rpm Max. oksal\u00e4bim\u00f5\u00f5t 150mm, Terade liikumiskiirus 2000rpm\/min Kaal: 260kg","og_url":"https:\/\/ranoja.ee\/toode\/cedrus-bensiinimootoriga-oksapurustaja-cedrb04pro-e\/","og_site_name":"Ranoja","article_publisher":"https:\/\/www.facebook.com\/ranoja.ee","og_image":[{"width":1200,"height":810,"url":"https:\/\/ranoja.ee\/wp-content\/uploads\/2024\/04\/Cedrus-bensiinimootoriga-oksapurustaja-CEDRB04PRO-E.jpg","type":"image\/jpeg"}],"twitter_card":"summary_large_image","twitter_misc":{"Est. reading time":"1 minute"},"schema":{"@context":"https:\/\/schema.org","@graph":[{"@type":"WebPage","@id":"https:\/\/ranoja.ee\/toode\/cedrus-bensiinimootoriga-oksapurustaja-cedrb04pro-e\/","url":"https:\/\/ranoja.ee\/toode\/cedrus-bensiinimootoriga-oksapurustaja-cedrb04pro-e\/","name":"Cedrus bensiinimootoriga oksapurustaja RB04PRO-E - Ranoja","isPartOf":{"@id":"https:\/\/ranoja.ee\/#website"},"primaryImageOfPage":{"@id":"https:\/\/ranoja.ee\/toode\/cedrus-bensiinimootoriga-oksapurustaja-cedrb04pro-e\/#primaryimage"},"image":{"@id":"https:\/\/ranoja.ee\/toode\/cedrus-bensiinimootoriga-oksapurustaja-cedrb04pro-e\/#primaryimage"},"thumbnailUrl":"https:\/\/ranoja.ee\/wp-content\/uploads\/2024\/04\/Cedrus-bensiinimootoriga-oksapurustaja-CEDRB04PRO-E.jpg","datePublished":"2024-04-09T08:33:31+00:00","description":"Cedrus bensiinimootoriga oksapurustaja RB04PRO-E Mootor 9kw, 420cm3, 3600rpm Max. oksal\u00e4bim\u00f5\u00f5t 150mm, Terade liikumiskiirus 2000rpm\/min Kaal: 260kg","breadcrumb":{"@id":"https:\/\/ranoja.ee\/toode\/cedrus-bensiinimootoriga-oksapurustaja-cedrb04pro-e\/#breadcrumb"},"inLanguage":"en-US","potentialAction":[{"@type":"ReadAction","target":["https:\/\/ranoja.ee\/toode\/cedrus-bensiinimootoriga-oksapurustaja-cedrb04pro-e\/"]}]},{"@type":"ImageObject","inLanguage":"en-US","@id":"https:\/\/ranoja.ee\/toode\/cedrus-bensiinimootoriga-oksapurustaja-cedrb04pro-e\/#primaryimage","url":"https:\/\/ranoja.ee\/wp-content\/uploads\/2024\/04\/Cedrus-bensiinimootoriga-oksapurustaja-CEDRB04PRO-E.jpg","contentUrl":"https:\/\/ranoja.ee\/wp-content\/uploads\/2024\/04\/Cedrus-bensiinimootoriga-oksapurustaja-CEDRB04PRO-E.jpg","width":1200,"height":810,"caption":"Cedrus bensiinimootoriga oksapurustaja CEDRB04PRO-E"},{"@type":"BreadcrumbList","@id":"https:\/\/ranoja.ee\/toode\/cedrus-bensiinimootoriga-oksapurustaja-cedrb04pro-e\/#breadcrumb","itemListElement":[{"@type":"ListItem","position":1,"name":"Home","item":"https:\/\/ranoja.ee\/"},{"@type":"ListItem","position":2,"name":"Shop","item":"https:\/\/ranoja.ee\/en\/shop\/"},{"@type":"ListItem","position":3,"name":"Cedrus bensiinimootoriga oksapurustaja RB04PRO-E"}]},{"@type":"WebSite","@id":"https:\/\/ranoja.ee\/#website","url":"https:\/\/ranoja.ee\/","name":"Ranoja","description":"Equipment Shop WooCommerce WordPress Theme for Machine &amp; Tools","publisher":{"@id":"https:\/\/ranoja.ee\/#organization"},"potentialAction":[{"@type":"SearchAction","target":{"@type":"EntryPoint","urlTemplate":"https:\/\/ranoja.ee\/?s={search_term_string}"},"query-input":{"@type":"PropertyValueSpecification","valueRequired":true,"valueName":"search_term_string"}}],"inLanguage":"en-US"},{"@type":"Organization","@id":"https:\/\/ranoja.ee\/#organization","name":"Ranoja O\u00dc","url":"https:\/\/ranoja.ee\/","logo":{"@type":"ImageObject","inLanguage":"en-US","@id":"https:\/\/ranoja.ee\/#\/schema\/logo\/image\/","url":"https:\/\/ranoja.ee\/wp-content\/uploads\/2023\/11\/ranoja-Logo.png","contentUrl":"https:\/\/ranoja.ee\/wp-content\/uploads\/2023\/11\/ranoja-Logo.png","width":207,"height":58,"caption":"Ranoja O\u00dc"},"image":{"@id":"https:\/\/ranoja.ee\/#\/schema\/logo\/image\/"},"sameAs":["https:\/\/www.facebook.com\/ranoja.ee","https:\/\/www.instagram.com\/ranoja__\/"]}]}},"_links":{"self":[{"href":"https:\/\/ranoja.ee\/en\/wp-json\/wp\/v2\/product\/9005","targetHints":{"allow":["GET"]}}],"collection":[{"href":"https:\/\/ranoja.ee\/en\/wp-json\/wp\/v2\/product"}],"about":[{"href":"https:\/\/ranoja.ee\/en\/wp-json\/wp\/v2\/types\/product"}],"wp:featuredmedia":[{"embeddable":true,"href":"https:\/\/ranoja.ee\/en\/wp-json\/wp\/v2\/media\/11816"}],"wp:attachment":[{"href":"https:\/\/ranoja.ee\/en\/wp-json\/wp\/v2\/media?parent=9005"}],"wp:term":[{"taxonomy":"product_cat","embeddable":true,"href":"https:\/\/ranoja.ee\/en\/wp-json\/wp\/v2\/product_cat?post=9005"},{"taxonomy":"product_tag","embeddable":true,"href":"https:\/\/ranoja.ee\/en\/wp-json\/wp\/v2\/product_tag?post=9005"}],"curies":[{"name":"wp","href":"https:\/\/api.w.org\/{rel}","templated":true}]}}