{"id":8473,"date":"2024-03-15T14:33:39","date_gmt":"2024-03-15T11:33:39","guid":{"rendered":"https:\/\/www.ranoja.ee\/?post_type=product&#038;p=8473"},"modified":"2026-02-23T15:18:24","modified_gmt":"2026-02-23T12:18:24","slug":"cedrus-murutraktor-starjet-uj-102-22h","status":"publish","type":"product","link":"https:\/\/ranoja.ee\/en\/toode\/cedrus-murutraktor-starjet-uj-102-22h\/","title":{"rendered":"Cedrus murutraktor Starjet UJ 102\/22H"},"content":{"rendered":"<p>Cedrus murutraktor Starjet UJ 102\/22H<br \/>\nCedrus Starjet UJ 102\/22H muruniiduk<br \/>\nTraktori ainulaadsed omadused<br \/>\nideaalne keskmise suurusega aedade niitmiseks, ettev\u00f5tete ja spordirajatiste hooldamiseks<br \/>\nv\u00f5imas 22 hj kahesilindriline Loncin mootor tagab v\u00f5imsuse ja t\u00f6\u00f6kindluse<br \/>\n320 L mahutav korv t\u00fchjendatakse operaatorikohalt<br \/>\nniidus\u00fcsteem tuleb h\u00e4sti toime ka paksu m\u00e4rja rohuga<br \/>\nselge paneel<br \/>\nt\u00e4iendavad LED-tuled<br \/>\naastaringseks kasutamiseks koos lisatarvikutega<br \/>\nAiatraktori niiduk Loncini mootoriga<br \/>\nTraktori niiduk Starjet UJ 102 on varustatud kahesilindrilise Loncin LC2P77F mootoriga v\u00f5imsusega 22 hj ja t\u00f6\u00f6mahuga 708 cm3 ning h\u00fcdrostaatilise k\u00e4igukastiga Tuff Torq K46. Ajamis\u00fcsteemi k\u00f5rge kvaliteet tagab seadmete rikke puudumise ja masina olulisemate komponentide pikaajalise v\u00e4ljavahetamise vajaduse. 102 cm l\u00f5ikelaiusega Cedrus Starjet traktor tagab suure niitmisala, mis v\u00e4hendab vajalike l\u00e4bimiste ja muru sissel\u00fclituste arvu, mis v\u00e4ljendub l\u00f5plikus kasuteguris m2 kohta. L\u00f5ikek\u00f5rgus on reguleeritav 7 asendis vahemikus 25 &#8211; 80 mm. Lisatarvikute kasutamisega saab traktorit kasutada aastaringselt. Traktori k\u00fclge saab kinnitada lumesaha ning kombineerituna talverehvi kettidega saab meie masin hakkama libedal, j\u00e4isel pinnal.<\/p>\n<p>Tuff Torq K46 h\u00fcdrostaatilise \u00fclekandega traktor<br \/>\nTraktor UJ 102 on raskem versioon traktorist MJ 102, mis on sama v\u00f5imsusega, kuid varustatud Hydro-Gear T2 h\u00fcdrostaatilise j\u00f5u\u00fclekandega, kaalub 30 kg v\u00e4hem ja millel on veidi v\u00e4iksemad rattad. Tuff Torq K46 h\u00fcdrostaatiline j\u00f5u\u00fclekanne on v\u00e4ga vastupidav disain, mida remonditakse harva. Suure koormusega t\u00f6\u00f6ks m\u00f5eldud k\u00e4igukasti iseloomustab pikk kasutusiga ja suur ajamis\u00fcsteemile edastatav p\u00f6\u00f6rdemoment. Niitmiss\u00fcsteem on varustatud t\u00e4iendavate tugiratastega, et niita muru \u00fchtlaselt igast kohast planeeritud k\u00f5rgusel. Tugirattad juhivad l\u00f5ikeosa \u00fcle murupinna muru kahjustamata. Masin suudab kergesti niita paksu ja m\u00e4rga muru isegi ebatasasel maastikul. Starjet niidukitraktori j\u00f5uallikaks on V-Twin tehnoloogias Loncin mootor, mis on varustatud automaatse t\u00f6\u00f6nugade \u00fcmberl\u00fclituss\u00fcsteemiga ning seda iseloomustab v\u00e4ike p\u00f6\u00f6rderaadius, mis v\u00f5imaldab kiiresti \u00fcmber p\u00f6\u00f6rata ja niitmist j\u00e4tkata ilma pikkade seisakuteta. Traktorile kehtib 3-aastane garantii.<br \/>\nCedrus murutraktor Starjet UJ 102\/22H<\/p>\n","protected":false},"excerpt":{"rendered":"<p>Cedrus murutraktor Starjet UJ 102\/22H<\/p>\n<p>Mootor: Loncin LC2P77F V-TWIN \/ 11,0kW \/ 708cm3<br \/>\nL\u00f5ikelaius: 102cm<br \/>\nL\u00f5ikek\u00f5rgus: 25-80mm<br \/>\nK\u00e4igukast: h\u00fcdrostaatiline Tuff Torq K46<br \/>\nL\u00f5iketerade k\u00e4ivitamine: elektromagneetiline<br \/>\nK\u00fctusepaagi maht: 7L<br \/>\nKoguja maht: 320L<br \/>\nRataste suurused: ees 16&#215;6.5 \/ taga 20&#215;10<br \/>\nEsituled led + halogen<br \/>\nKaal: 276 kg<\/p>\n<p><strong>Lisaseadmed:<\/strong><br \/>\n<a href=\"https:\/\/www.ranoja.ee\/toode\/cedrus-sp22102-murutraktori-jarelhaagis-600kg\/\">Cedrus SP22102 murutraktori j\u00e4relhaagis 600kg<\/a><br \/>\nMultsimise komplekt<br \/>\nSuunaja tagant v\u00e4ljaviskeks<\/p>\n<p><span style=\"color: #000000;\"><strong>Garantii 1 aasta (eraisikule 3 aastat)<\/strong><\/span><br \/>\n<strong>Seadme eeldatav tarneaeg 2-3 n\u00e4dalat<\/strong><\/p>\n","protected":false},"featured_media":8474,"template":"","meta":{"inline_featured_image":false},"product_cat":[1079,1081,895],"product_tag":[137,1298,1300,1299],"class_list":{"0":"post-8473","1":"product","2":"type-product","3":"status-publish","4":"has-post-thumbnail","6":"product_brand-cedrus","7":"product_cat-aiatehnika-ja-niidutehnika","8":"product_cat-murutraktorid","9":"product_cat-parimad-pakkumised-aiatehnikale-ja-ehitustehnikale","10":"product_tag-cedrus","11":"product_tag-murutraktor","12":"product_tag-s536027051732","13":"product_tag-starjet-uj-102-22h","15":"first","16":"instock","17":"sale","18":"taxable","19":"shipping-taxable","20":"purchasable","21":"product-type-simple"},"yoast_head":"<!-- This site is optimized with the Yoast SEO plugin v27.4 - https:\/\/yoast.com\/product\/yoast-seo-wordpress\/ -->\n<title>Cedrus murutraktor Starjet UJ 102\/22H<\/title>\n<meta name=\"description\" content=\"Cedrus murutraktor Starjet UJ 102\/22H Mootor: Loncin V-TWIN 22 HPL\u00f5ikelaius: 102cmL\u00f5ikek\u00f5rgus: 25-80mmK\u00e4igukast: h\u00fcdrostaatiline\" \/>\n<meta name=\"robots\" content=\"index, follow, max-snippet:-1, max-image-preview:large, max-video-preview:-1\" \/>\n<link rel=\"canonical\" href=\"https:\/\/ranoja.ee\/toode\/cedrus-murutraktor-starjet-uj-102-22h\/\" \/>\n<meta property=\"og:locale\" content=\"en_US\" \/>\n<meta property=\"og:type\" content=\"article\" \/>\n<meta property=\"og:title\" content=\"Cedrus murutraktor Starjet UJ 102\/22H\" \/>\n<meta property=\"og:description\" content=\"Cedrus murutraktor Starjet UJ 102\/22H Mootor: Loncin V-TWIN 22 HPL\u00f5ikelaius: 102cmL\u00f5ikek\u00f5rgus: 25-80mmK\u00e4igukast: h\u00fcdrostaatiline\" \/>\n<meta property=\"og:url\" content=\"https:\/\/ranoja.ee\/toode\/cedrus-murutraktor-starjet-uj-102-22h\/\" \/>\n<meta property=\"og:site_name\" content=\"Ranoja\" \/>\n<meta property=\"article:publisher\" content=\"https:\/\/www.facebook.com\/ranoja.ee\" \/>\n<meta property=\"article:modified_time\" content=\"2026-02-23T12:18:24+00:00\" \/>\n<meta property=\"og:image\" content=\"https:\/\/ranoja.ee\/wp-content\/uploads\/2024\/03\/Cedrus-murutraktor-Starjet-UJ-102-22H-scaled.jpg\" \/>\n\t<meta property=\"og:image:width\" content=\"2560\" \/>\n\t<meta property=\"og:image:height\" content=\"1790\" \/>\n\t<meta property=\"og:image:type\" content=\"image\/jpeg\" \/>\n<meta name=\"twitter:card\" content=\"summary_large_image\" \/>\n<meta name=\"twitter:label1\" content=\"Est. reading time\" \/>\n\t<meta name=\"twitter:data1\" content=\"2 minutes\" \/>\n<script type=\"application\/ld+json\" class=\"yoast-schema-graph\">{\"@context\":\"https:\\\/\\\/schema.org\",\"@graph\":[{\"@type\":\"WebPage\",\"@id\":\"https:\\\/\\\/ranoja.ee\\\/toode\\\/cedrus-murutraktor-starjet-uj-102-22h\\\/\",\"url\":\"https:\\\/\\\/ranoja.ee\\\/toode\\\/cedrus-murutraktor-starjet-uj-102-22h\\\/\",\"name\":\"Cedrus murutraktor Starjet UJ 102\\\/22H\",\"isPartOf\":{\"@id\":\"https:\\\/\\\/ranoja.ee\\\/#website\"},\"primaryImageOfPage\":{\"@id\":\"https:\\\/\\\/ranoja.ee\\\/toode\\\/cedrus-murutraktor-starjet-uj-102-22h\\\/#primaryimage\"},\"image\":{\"@id\":\"https:\\\/\\\/ranoja.ee\\\/toode\\\/cedrus-murutraktor-starjet-uj-102-22h\\\/#primaryimage\"},\"thumbnailUrl\":\"https:\\\/\\\/ranoja.ee\\\/wp-content\\\/uploads\\\/2024\\\/03\\\/Cedrus-murutraktor-Starjet-UJ-102-22H-scaled.jpg\",\"datePublished\":\"2024-03-15T11:33:39+00:00\",\"dateModified\":\"2026-02-23T12:18:24+00:00\",\"description\":\"Cedrus murutraktor Starjet UJ 102\\\/22H Mootor: Loncin V-TWIN 22 HPL\u00f5ikelaius: 102cmL\u00f5ikek\u00f5rgus: 25-80mmK\u00e4igukast: h\u00fcdrostaatiline\",\"breadcrumb\":{\"@id\":\"https:\\\/\\\/ranoja.ee\\\/toode\\\/cedrus-murutraktor-starjet-uj-102-22h\\\/#breadcrumb\"},\"inLanguage\":\"en-US\",\"potentialAction\":[{\"@type\":\"ReadAction\",\"target\":[\"https:\\\/\\\/ranoja.ee\\\/toode\\\/cedrus-murutraktor-starjet-uj-102-22h\\\/\"]}]},{\"@type\":\"ImageObject\",\"inLanguage\":\"en-US\",\"@id\":\"https:\\\/\\\/ranoja.ee\\\/toode\\\/cedrus-murutraktor-starjet-uj-102-22h\\\/#primaryimage\",\"url\":\"https:\\\/\\\/ranoja.ee\\\/wp-content\\\/uploads\\\/2024\\\/03\\\/Cedrus-murutraktor-Starjet-UJ-102-22H-scaled.jpg\",\"contentUrl\":\"https:\\\/\\\/ranoja.ee\\\/wp-content\\\/uploads\\\/2024\\\/03\\\/Cedrus-murutraktor-Starjet-UJ-102-22H-scaled.jpg\",\"width\":2560,\"height\":1790,\"caption\":\"Cedrus murutraktor Starjet UJ 102 22H\"},{\"@type\":\"BreadcrumbList\",\"@id\":\"https:\\\/\\\/ranoja.ee\\\/toode\\\/cedrus-murutraktor-starjet-uj-102-22h\\\/#breadcrumb\",\"itemListElement\":[{\"@type\":\"ListItem\",\"position\":1,\"name\":\"Home\",\"item\":\"https:\\\/\\\/ranoja.ee\\\/\"},{\"@type\":\"ListItem\",\"position\":2,\"name\":\"Shop\",\"item\":\"https:\\\/\\\/ranoja.ee\\\/en\\\/shop\\\/\"},{\"@type\":\"ListItem\",\"position\":3,\"name\":\"Cedrus murutraktor Starjet UJ 102\\\/22H\"}]},{\"@type\":\"WebSite\",\"@id\":\"https:\\\/\\\/ranoja.ee\\\/#website\",\"url\":\"https:\\\/\\\/ranoja.ee\\\/\",\"name\":\"Ranoja\",\"description\":\"Equipment Shop WooCommerce WordPress Theme for Machine &amp; Tools\",\"publisher\":{\"@id\":\"https:\\\/\\\/ranoja.ee\\\/#organization\"},\"potentialAction\":[{\"@type\":\"SearchAction\",\"target\":{\"@type\":\"EntryPoint\",\"urlTemplate\":\"https:\\\/\\\/ranoja.ee\\\/?s={search_term_string}\"},\"query-input\":{\"@type\":\"PropertyValueSpecification\",\"valueRequired\":true,\"valueName\":\"search_term_string\"}}],\"inLanguage\":\"en-US\"},{\"@type\":\"Organization\",\"@id\":\"https:\\\/\\\/ranoja.ee\\\/#organization\",\"name\":\"Ranoja O\u00dc\",\"url\":\"https:\\\/\\\/ranoja.ee\\\/\",\"logo\":{\"@type\":\"ImageObject\",\"inLanguage\":\"en-US\",\"@id\":\"https:\\\/\\\/ranoja.ee\\\/#\\\/schema\\\/logo\\\/image\\\/\",\"url\":\"https:\\\/\\\/ranoja.ee\\\/wp-content\\\/uploads\\\/2023\\\/11\\\/ranoja-Logo.png\",\"contentUrl\":\"https:\\\/\\\/ranoja.ee\\\/wp-content\\\/uploads\\\/2023\\\/11\\\/ranoja-Logo.png\",\"width\":207,\"height\":58,\"caption\":\"Ranoja O\u00dc\"},\"image\":{\"@id\":\"https:\\\/\\\/ranoja.ee\\\/#\\\/schema\\\/logo\\\/image\\\/\"},\"sameAs\":[\"https:\\\/\\\/www.facebook.com\\\/ranoja.ee\",\"https:\\\/\\\/www.instagram.com\\\/ranoja__\\\/\"]}]}<\/script>\n<!-- \/ Yoast SEO plugin. -->","yoast_head_json":{"title":"Cedrus murutraktor Starjet UJ 102\/22H","description":"Cedrus murutraktor Starjet UJ 102\/22H Mootor: Loncin V-TWIN 22 HPL\u00f5ikelaius: 102cmL\u00f5ikek\u00f5rgus: 25-80mmK\u00e4igukast: h\u00fcdrostaatiline","robots":{"index":"index","follow":"follow","max-snippet":"max-snippet:-1","max-image-preview":"max-image-preview:large","max-video-preview":"max-video-preview:-1"},"canonical":"https:\/\/ranoja.ee\/toode\/cedrus-murutraktor-starjet-uj-102-22h\/","og_locale":"en_US","og_type":"article","og_title":"Cedrus murutraktor Starjet UJ 102\/22H","og_description":"Cedrus murutraktor Starjet UJ 102\/22H Mootor: Loncin V-TWIN 22 HPL\u00f5ikelaius: 102cmL\u00f5ikek\u00f5rgus: 25-80mmK\u00e4igukast: h\u00fcdrostaatiline","og_url":"https:\/\/ranoja.ee\/toode\/cedrus-murutraktor-starjet-uj-102-22h\/","og_site_name":"Ranoja","article_publisher":"https:\/\/www.facebook.com\/ranoja.ee","article_modified_time":"2026-02-23T12:18:24+00:00","og_image":[{"width":2560,"height":1790,"url":"https:\/\/ranoja.ee\/wp-content\/uploads\/2024\/03\/Cedrus-murutraktor-Starjet-UJ-102-22H-scaled.jpg","type":"image\/jpeg"}],"twitter_card":"summary_large_image","twitter_misc":{"Est. reading time":"2 minutes"},"schema":{"@context":"https:\/\/schema.org","@graph":[{"@type":"WebPage","@id":"https:\/\/ranoja.ee\/toode\/cedrus-murutraktor-starjet-uj-102-22h\/","url":"https:\/\/ranoja.ee\/toode\/cedrus-murutraktor-starjet-uj-102-22h\/","name":"Cedrus murutraktor Starjet UJ 102\/22H","isPartOf":{"@id":"https:\/\/ranoja.ee\/#website"},"primaryImageOfPage":{"@id":"https:\/\/ranoja.ee\/toode\/cedrus-murutraktor-starjet-uj-102-22h\/#primaryimage"},"image":{"@id":"https:\/\/ranoja.ee\/toode\/cedrus-murutraktor-starjet-uj-102-22h\/#primaryimage"},"thumbnailUrl":"https:\/\/ranoja.ee\/wp-content\/uploads\/2024\/03\/Cedrus-murutraktor-Starjet-UJ-102-22H-scaled.jpg","datePublished":"2024-03-15T11:33:39+00:00","dateModified":"2026-02-23T12:18:24+00:00","description":"Cedrus murutraktor Starjet UJ 102\/22H Mootor: Loncin V-TWIN 22 HPL\u00f5ikelaius: 102cmL\u00f5ikek\u00f5rgus: 25-80mmK\u00e4igukast: h\u00fcdrostaatiline","breadcrumb":{"@id":"https:\/\/ranoja.ee\/toode\/cedrus-murutraktor-starjet-uj-102-22h\/#breadcrumb"},"inLanguage":"en-US","potentialAction":[{"@type":"ReadAction","target":["https:\/\/ranoja.ee\/toode\/cedrus-murutraktor-starjet-uj-102-22h\/"]}]},{"@type":"ImageObject","inLanguage":"en-US","@id":"https:\/\/ranoja.ee\/toode\/cedrus-murutraktor-starjet-uj-102-22h\/#primaryimage","url":"https:\/\/ranoja.ee\/wp-content\/uploads\/2024\/03\/Cedrus-murutraktor-Starjet-UJ-102-22H-scaled.jpg","contentUrl":"https:\/\/ranoja.ee\/wp-content\/uploads\/2024\/03\/Cedrus-murutraktor-Starjet-UJ-102-22H-scaled.jpg","width":2560,"height":1790,"caption":"Cedrus murutraktor Starjet UJ 102 22H"},{"@type":"BreadcrumbList","@id":"https:\/\/ranoja.ee\/toode\/cedrus-murutraktor-starjet-uj-102-22h\/#breadcrumb","itemListElement":[{"@type":"ListItem","position":1,"name":"Home","item":"https:\/\/ranoja.ee\/"},{"@type":"ListItem","position":2,"name":"Shop","item":"https:\/\/ranoja.ee\/en\/shop\/"},{"@type":"ListItem","position":3,"name":"Cedrus murutraktor Starjet UJ 102\/22H"}]},{"@type":"WebSite","@id":"https:\/\/ranoja.ee\/#website","url":"https:\/\/ranoja.ee\/","name":"Ranoja","description":"Equipment Shop WooCommerce WordPress Theme for Machine &amp; Tools","publisher":{"@id":"https:\/\/ranoja.ee\/#organization"},"potentialAction":[{"@type":"SearchAction","target":{"@type":"EntryPoint","urlTemplate":"https:\/\/ranoja.ee\/?s={search_term_string}"},"query-input":{"@type":"PropertyValueSpecification","valueRequired":true,"valueName":"search_term_string"}}],"inLanguage":"en-US"},{"@type":"Organization","@id":"https:\/\/ranoja.ee\/#organization","name":"Ranoja O\u00dc","url":"https:\/\/ranoja.ee\/","logo":{"@type":"ImageObject","inLanguage":"en-US","@id":"https:\/\/ranoja.ee\/#\/schema\/logo\/image\/","url":"https:\/\/ranoja.ee\/wp-content\/uploads\/2023\/11\/ranoja-Logo.png","contentUrl":"https:\/\/ranoja.ee\/wp-content\/uploads\/2023\/11\/ranoja-Logo.png","width":207,"height":58,"caption":"Ranoja O\u00dc"},"image":{"@id":"https:\/\/ranoja.ee\/#\/schema\/logo\/image\/"},"sameAs":["https:\/\/www.facebook.com\/ranoja.ee","https:\/\/www.instagram.com\/ranoja__\/"]}]}},"_links":{"self":[{"href":"https:\/\/ranoja.ee\/en\/wp-json\/wp\/v2\/product\/8473","targetHints":{"allow":["GET"]}}],"collection":[{"href":"https:\/\/ranoja.ee\/en\/wp-json\/wp\/v2\/product"}],"about":[{"href":"https:\/\/ranoja.ee\/en\/wp-json\/wp\/v2\/types\/product"}],"wp:featuredmedia":[{"embeddable":true,"href":"https:\/\/ranoja.ee\/en\/wp-json\/wp\/v2\/media\/8474"}],"wp:attachment":[{"href":"https:\/\/ranoja.ee\/en\/wp-json\/wp\/v2\/media?parent=8473"}],"wp:term":[{"taxonomy":"product_cat","embeddable":true,"href":"https:\/\/ranoja.ee\/en\/wp-json\/wp\/v2\/product_cat?post=8473"},{"taxonomy":"product_tag","embeddable":true,"href":"https:\/\/ranoja.ee\/en\/wp-json\/wp\/v2\/product_tag?post=8473"}],"curies":[{"name":"wp","href":"https:\/\/api.w.org\/{rel}","templated":true}]}}