{"id":8468,"date":"2024-03-15T13:51:46","date_gmt":"2024-03-15T10:51:46","guid":{"rendered":"https:\/\/www.ranoja.ee\/?post_type=product&#038;p=8468"},"modified":"2026-02-23T15:18:24","modified_gmt":"2026-02-23T12:18:24","slug":"cedrus-murutraktor-challenge-mj-102-22h","status":"publish","type":"product","link":"https:\/\/ranoja.ee\/en\/toode\/cedrus-murutraktor-challenge-mj-102-22h\/","title":{"rendered":"Cedrus murutraktor Challenge MJ 102\/22H"},"content":{"rendered":"<p>Cedrus murutraktor Challenge MJ 102\/22H<\/p>\n<p>Cedrus Challenge MJ 102\/22H traktori niiduk<br \/>\nAiatraktori ainulaadsed omadused:<br \/>\nkasutajas\u00f5bralik<br \/>\nsuur korv mahuga 300L<br \/>\ntuleb h\u00e4sti toime m\u00e4rja rohuga<br \/>\noma klassi vastupidavaim traktor<br \/>\nloodud n\u00f5udlikele kodukasutajatele<br \/>\naastaringseks kasutamiseks koos lisatarvikutega<br \/>\nNiitmine Challenge aiatraktoriga<br \/>\nAiatraktor muru niitmiseks ja muudeks aiat\u00f6\u00f6deks. Universaalne traktoriniiduk tuleb kindlasti kasuks talvel lume koristamisel v\u00f5i kuivanud lehtede transportimisel ja s\u00fcgisel haagisele lahtipakkimisel. Traktor on varustatud kahesilindrilise v\u00f5imsa Loncin LC2P77F V &#8211; Twin mootoriga v\u00f5imsusega 22 hj ja t\u00f6\u00f6mahuga 708 cm3 ning \u00fclimalt vastupidava Hydro Gear T2 h\u00fcdrostaatilise j\u00f5u\u00fclekandega. V\u00e4ikese, ligikaudu 240 kg kaaluva masinaga tuleb kergesti toime m\u00e4gede ja koormustega, see on varustatud 18 x 8,50 ratastega, 300 L korvi ja lisa LED-valgustusega, mis h\u00f5lbustab h\u00e4maras niitmist. Challenge aiatraktoriga muru niitmine on t\u00e4nu sujuvale s\u00f5idule ja spetsiaalsele tugiratastega niitmiss\u00fcsteemile \u00fclimugav ning mugav edasi- ja tagurpidijuhtimine saavutatakse vastavale pedaalile vajutades.<\/p>\n<p>muruniidukid, aiatraktorid, h\u00fcdrok\u00e4igukast t2 h\u00fcdrostaatiline j\u00f5u\u00fclekanne<\/p>\n<p>Multifunktsionaalne traktor &#8211; niiduk igaks hooajaks<br \/>\nTraktori niidukile saab lisaks varustada muru kogumiskorvi, lumesaha, maastikurehvid, aktiivk\u00fclviku, puisturi, pritsi, kobesti, pressrulli, aeraatoriga rulli ja praktilise haagise. Paljud kasutusv\u00f5imalused t\u00e4hendavad, et traktorit saab kasutada erinevate \u00fclesannete jaoks aastaringselt. Viljapuuaia, kodu juurviljaaia v\u00f5i v\u00e4ga suure aia pidamisel on selline masin asendamatu ja toob omanikule m\u00e4rkimisv\u00e4\u00e4rse kokkuhoiu. Seda t\u00fc\u00fcpi aiatraktori puhul ei ole vaja lisavarustust osta, see asendab mitmeid teisi seadmeid, \u00fchendades k\u00f5ik funktsioonid \u00fches. Mootori k\u00f5rge kasutegur ja tugev j\u00f5u\u00fclekanne tagavad erinevate \u00fclesannete jaoks piisava v\u00f5imsuse ning elektromagnetsidur tagab mugava t\u00f6\u00f6 ja sujuva s\u00f5idu. Multifunktsionaalne Challenge traktor sobib ideaalselt suurte spordirajatiste, suurte muruplatside ja muude haljasalade niitmiseks.<\/p>\n<p>Cedrus Challenge muruniiduki traktorile on v\u00f5imalik kinnitada tagumine rohuv\u00e4ljaviske suunaja ja multsimis komplekt . T\u00e4nu v\u00e4ikesele 242 kg kaalule t\u00f6\u00f6tab traktor v\u00e4ikese koormusega, tagades suure v\u00f5imsuse ja kiire t\u00f6\u00f6 suurtel 18-tollistel ratastel.<br \/>\nCedrus murutraktor Challenge MJ 102\/22H<\/p>\n","protected":false},"excerpt":{"rendered":"<p>Cedrus murutraktor Challenge MJ 102\/22H<\/p>\n<p>Mootor: Loncin V-TWIN 22 HP<br \/>\nL\u00f5ikelaius: 102cm<br \/>\nL\u00f5ikek\u00f5rgus: 25-80mm<br \/>\nK\u00e4igukast: h\u00fcdrostaatiline Hydro Gear T2<br \/>\nL\u00f5iketerade k\u00e4ivitamine: elektromagneetiline<br \/>\nK\u00fctusepaagi maht: 7L<br \/>\nKoguja maht: 300L<br \/>\nRataste suurused: ees 15\u00d76 \/ taga 18\u00d78.5<br \/>\nEsituled<br \/>\nKaal: 242 kg<\/p>\n<p><strong>Lisaseadmed:<\/strong><br \/>\n<a href=\"https:\/\/www.ranoja.ee\/toode\/cedrus-sp22102-murutraktori-jarelhaagis-600kg\/\">Cedrus SP22102 murutraktori j\u00e4relhaagis 600kg<\/a><br \/>\nMultsimise komplekt<br \/>\nSuunaja tagant v\u00e4ljaviskeks<\/p>\n<p><span style=\"color: #000000;\"><strong>Garantii 1 aasta (eraisikule 3 aastat)<\/strong><\/span><br \/>\n<strong>Seadme eeldatav tarneaeg 1-7 t\u00f6\u00f6p\u00e4eva<\/strong><\/p>\n","protected":false},"featured_media":11686,"template":"","meta":{"inline_featured_image":false},"product_cat":[1079,1081,895],"product_tag":[137,1297,1298],"class_list":{"0":"post-8468","1":"product","2":"type-product","3":"status-publish","4":"has-post-thumbnail","6":"product_brand-cedrus","7":"product_cat-aiatehnika-ja-niidutehnika","8":"product_cat-murutraktorid","9":"product_cat-parimad-pakkumised-aiatehnikale-ja-ehitustehnikale","10":"product_tag-cedrus","11":"product_tag-challenge-mj-102-22h","12":"product_tag-murutraktor","14":"first","15":"instock","16":"sale","17":"taxable","18":"shipping-taxable","19":"purchasable","20":"product-type-simple"},"yoast_head":"<!-- This site is optimized with the Yoast SEO plugin v27.4 - https:\/\/yoast.com\/product\/yoast-seo-wordpress\/ -->\n<title>Cedrus murutraktor Challenge MJ 102\/22H<\/title>\n<meta name=\"description\" content=\"Cedrus murutraktor Challenge MJ 102\/22H Mootor: Loncin V-TWIN 22 HP L\u00f5ikelaius: 102cm L\u00f5ikek\u00f5rgus: 25-80mm K\u00e4igukast: h\u00fcdrostaatiline\" \/>\n<meta name=\"robots\" content=\"index, follow, max-snippet:-1, max-image-preview:large, max-video-preview:-1\" \/>\n<link rel=\"canonical\" href=\"https:\/\/ranoja.ee\/toode\/cedrus-murutraktor-challenge-mj-102-22h\/\" \/>\n<meta property=\"og:locale\" content=\"en_US\" \/>\n<meta property=\"og:type\" content=\"article\" \/>\n<meta property=\"og:title\" content=\"Cedrus murutraktor Challenge MJ 102\/22H\" \/>\n<meta property=\"og:description\" content=\"Cedrus murutraktor Challenge MJ 102\/22H Mootor: Loncin V-TWIN 22 HP L\u00f5ikelaius: 102cm L\u00f5ikek\u00f5rgus: 25-80mm K\u00e4igukast: h\u00fcdrostaatiline\" \/>\n<meta property=\"og:url\" content=\"https:\/\/ranoja.ee\/toode\/cedrus-murutraktor-challenge-mj-102-22h\/\" \/>\n<meta property=\"og:site_name\" content=\"Ranoja\" \/>\n<meta property=\"article:publisher\" content=\"https:\/\/www.facebook.com\/ranoja.ee\" \/>\n<meta property=\"article:modified_time\" content=\"2026-02-23T12:18:24+00:00\" \/>\n<meta property=\"og:image\" content=\"https:\/\/ranoja.ee\/wp-content\/uploads\/2024\/03\/Cedrus-murutraktor-Challenge-MJ-10222H.jpg\" \/>\n\t<meta property=\"og:image:width\" content=\"1200\" \/>\n\t<meta property=\"og:image:height\" content=\"800\" \/>\n\t<meta property=\"og:image:type\" content=\"image\/jpeg\" \/>\n<meta name=\"twitter:card\" content=\"summary_large_image\" \/>\n<meta name=\"twitter:label1\" content=\"Est. reading time\" \/>\n\t<meta name=\"twitter:data1\" content=\"2 minutes\" \/>\n<script type=\"application\/ld+json\" class=\"yoast-schema-graph\">{\"@context\":\"https:\\\/\\\/schema.org\",\"@graph\":[{\"@type\":\"WebPage\",\"@id\":\"https:\\\/\\\/ranoja.ee\\\/toode\\\/cedrus-murutraktor-challenge-mj-102-22h\\\/\",\"url\":\"https:\\\/\\\/ranoja.ee\\\/toode\\\/cedrus-murutraktor-challenge-mj-102-22h\\\/\",\"name\":\"Cedrus murutraktor Challenge MJ 102\\\/22H\",\"isPartOf\":{\"@id\":\"https:\\\/\\\/ranoja.ee\\\/#website\"},\"primaryImageOfPage\":{\"@id\":\"https:\\\/\\\/ranoja.ee\\\/toode\\\/cedrus-murutraktor-challenge-mj-102-22h\\\/#primaryimage\"},\"image\":{\"@id\":\"https:\\\/\\\/ranoja.ee\\\/toode\\\/cedrus-murutraktor-challenge-mj-102-22h\\\/#primaryimage\"},\"thumbnailUrl\":\"https:\\\/\\\/ranoja.ee\\\/wp-content\\\/uploads\\\/2024\\\/03\\\/Cedrus-murutraktor-Challenge-MJ-10222H.jpg\",\"datePublished\":\"2024-03-15T10:51:46+00:00\",\"dateModified\":\"2026-02-23T12:18:24+00:00\",\"description\":\"Cedrus murutraktor Challenge MJ 102\\\/22H Mootor: Loncin V-TWIN 22 HP L\u00f5ikelaius: 102cm L\u00f5ikek\u00f5rgus: 25-80mm K\u00e4igukast: h\u00fcdrostaatiline\",\"breadcrumb\":{\"@id\":\"https:\\\/\\\/ranoja.ee\\\/toode\\\/cedrus-murutraktor-challenge-mj-102-22h\\\/#breadcrumb\"},\"inLanguage\":\"en-US\",\"potentialAction\":[{\"@type\":\"ReadAction\",\"target\":[\"https:\\\/\\\/ranoja.ee\\\/toode\\\/cedrus-murutraktor-challenge-mj-102-22h\\\/\"]}]},{\"@type\":\"ImageObject\",\"inLanguage\":\"en-US\",\"@id\":\"https:\\\/\\\/ranoja.ee\\\/toode\\\/cedrus-murutraktor-challenge-mj-102-22h\\\/#primaryimage\",\"url\":\"https:\\\/\\\/ranoja.ee\\\/wp-content\\\/uploads\\\/2024\\\/03\\\/Cedrus-murutraktor-Challenge-MJ-10222H.jpg\",\"contentUrl\":\"https:\\\/\\\/ranoja.ee\\\/wp-content\\\/uploads\\\/2024\\\/03\\\/Cedrus-murutraktor-Challenge-MJ-10222H.jpg\",\"width\":1200,\"height\":800,\"caption\":\"Cedrus murutraktor Challenge MJ 10222H\"},{\"@type\":\"BreadcrumbList\",\"@id\":\"https:\\\/\\\/ranoja.ee\\\/toode\\\/cedrus-murutraktor-challenge-mj-102-22h\\\/#breadcrumb\",\"itemListElement\":[{\"@type\":\"ListItem\",\"position\":1,\"name\":\"Home\",\"item\":\"https:\\\/\\\/ranoja.ee\\\/\"},{\"@type\":\"ListItem\",\"position\":2,\"name\":\"Shop\",\"item\":\"https:\\\/\\\/ranoja.ee\\\/en\\\/shop\\\/\"},{\"@type\":\"ListItem\",\"position\":3,\"name\":\"Cedrus murutraktor Challenge MJ 102\\\/22H\"}]},{\"@type\":\"WebSite\",\"@id\":\"https:\\\/\\\/ranoja.ee\\\/#website\",\"url\":\"https:\\\/\\\/ranoja.ee\\\/\",\"name\":\"Ranoja\",\"description\":\"Equipment Shop WooCommerce WordPress Theme for Machine &amp; Tools\",\"publisher\":{\"@id\":\"https:\\\/\\\/ranoja.ee\\\/#organization\"},\"potentialAction\":[{\"@type\":\"SearchAction\",\"target\":{\"@type\":\"EntryPoint\",\"urlTemplate\":\"https:\\\/\\\/ranoja.ee\\\/?s={search_term_string}\"},\"query-input\":{\"@type\":\"PropertyValueSpecification\",\"valueRequired\":true,\"valueName\":\"search_term_string\"}}],\"inLanguage\":\"en-US\"},{\"@type\":\"Organization\",\"@id\":\"https:\\\/\\\/ranoja.ee\\\/#organization\",\"name\":\"Ranoja O\u00dc\",\"url\":\"https:\\\/\\\/ranoja.ee\\\/\",\"logo\":{\"@type\":\"ImageObject\",\"inLanguage\":\"en-US\",\"@id\":\"https:\\\/\\\/ranoja.ee\\\/#\\\/schema\\\/logo\\\/image\\\/\",\"url\":\"https:\\\/\\\/ranoja.ee\\\/wp-content\\\/uploads\\\/2023\\\/11\\\/ranoja-Logo.png\",\"contentUrl\":\"https:\\\/\\\/ranoja.ee\\\/wp-content\\\/uploads\\\/2023\\\/11\\\/ranoja-Logo.png\",\"width\":207,\"height\":58,\"caption\":\"Ranoja O\u00dc\"},\"image\":{\"@id\":\"https:\\\/\\\/ranoja.ee\\\/#\\\/schema\\\/logo\\\/image\\\/\"},\"sameAs\":[\"https:\\\/\\\/www.facebook.com\\\/ranoja.ee\",\"https:\\\/\\\/www.instagram.com\\\/ranoja__\\\/\"]}]}<\/script>\n<!-- \/ Yoast SEO plugin. -->","yoast_head_json":{"title":"Cedrus murutraktor Challenge MJ 102\/22H","description":"Cedrus murutraktor Challenge MJ 102\/22H Mootor: Loncin V-TWIN 22 HP L\u00f5ikelaius: 102cm L\u00f5ikek\u00f5rgus: 25-80mm K\u00e4igukast: h\u00fcdrostaatiline","robots":{"index":"index","follow":"follow","max-snippet":"max-snippet:-1","max-image-preview":"max-image-preview:large","max-video-preview":"max-video-preview:-1"},"canonical":"https:\/\/ranoja.ee\/toode\/cedrus-murutraktor-challenge-mj-102-22h\/","og_locale":"en_US","og_type":"article","og_title":"Cedrus murutraktor Challenge MJ 102\/22H","og_description":"Cedrus murutraktor Challenge MJ 102\/22H Mootor: Loncin V-TWIN 22 HP L\u00f5ikelaius: 102cm L\u00f5ikek\u00f5rgus: 25-80mm K\u00e4igukast: h\u00fcdrostaatiline","og_url":"https:\/\/ranoja.ee\/toode\/cedrus-murutraktor-challenge-mj-102-22h\/","og_site_name":"Ranoja","article_publisher":"https:\/\/www.facebook.com\/ranoja.ee","article_modified_time":"2026-02-23T12:18:24+00:00","og_image":[{"width":1200,"height":800,"url":"https:\/\/ranoja.ee\/wp-content\/uploads\/2024\/03\/Cedrus-murutraktor-Challenge-MJ-10222H.jpg","type":"image\/jpeg"}],"twitter_card":"summary_large_image","twitter_misc":{"Est. reading time":"2 minutes"},"schema":{"@context":"https:\/\/schema.org","@graph":[{"@type":"WebPage","@id":"https:\/\/ranoja.ee\/toode\/cedrus-murutraktor-challenge-mj-102-22h\/","url":"https:\/\/ranoja.ee\/toode\/cedrus-murutraktor-challenge-mj-102-22h\/","name":"Cedrus murutraktor Challenge MJ 102\/22H","isPartOf":{"@id":"https:\/\/ranoja.ee\/#website"},"primaryImageOfPage":{"@id":"https:\/\/ranoja.ee\/toode\/cedrus-murutraktor-challenge-mj-102-22h\/#primaryimage"},"image":{"@id":"https:\/\/ranoja.ee\/toode\/cedrus-murutraktor-challenge-mj-102-22h\/#primaryimage"},"thumbnailUrl":"https:\/\/ranoja.ee\/wp-content\/uploads\/2024\/03\/Cedrus-murutraktor-Challenge-MJ-10222H.jpg","datePublished":"2024-03-15T10:51:46+00:00","dateModified":"2026-02-23T12:18:24+00:00","description":"Cedrus murutraktor Challenge MJ 102\/22H Mootor: Loncin V-TWIN 22 HP L\u00f5ikelaius: 102cm L\u00f5ikek\u00f5rgus: 25-80mm K\u00e4igukast: h\u00fcdrostaatiline","breadcrumb":{"@id":"https:\/\/ranoja.ee\/toode\/cedrus-murutraktor-challenge-mj-102-22h\/#breadcrumb"},"inLanguage":"en-US","potentialAction":[{"@type":"ReadAction","target":["https:\/\/ranoja.ee\/toode\/cedrus-murutraktor-challenge-mj-102-22h\/"]}]},{"@type":"ImageObject","inLanguage":"en-US","@id":"https:\/\/ranoja.ee\/toode\/cedrus-murutraktor-challenge-mj-102-22h\/#primaryimage","url":"https:\/\/ranoja.ee\/wp-content\/uploads\/2024\/03\/Cedrus-murutraktor-Challenge-MJ-10222H.jpg","contentUrl":"https:\/\/ranoja.ee\/wp-content\/uploads\/2024\/03\/Cedrus-murutraktor-Challenge-MJ-10222H.jpg","width":1200,"height":800,"caption":"Cedrus murutraktor Challenge MJ 10222H"},{"@type":"BreadcrumbList","@id":"https:\/\/ranoja.ee\/toode\/cedrus-murutraktor-challenge-mj-102-22h\/#breadcrumb","itemListElement":[{"@type":"ListItem","position":1,"name":"Home","item":"https:\/\/ranoja.ee\/"},{"@type":"ListItem","position":2,"name":"Shop","item":"https:\/\/ranoja.ee\/en\/shop\/"},{"@type":"ListItem","position":3,"name":"Cedrus murutraktor Challenge MJ 102\/22H"}]},{"@type":"WebSite","@id":"https:\/\/ranoja.ee\/#website","url":"https:\/\/ranoja.ee\/","name":"Ranoja","description":"Equipment Shop WooCommerce WordPress Theme for Machine &amp; Tools","publisher":{"@id":"https:\/\/ranoja.ee\/#organization"},"potentialAction":[{"@type":"SearchAction","target":{"@type":"EntryPoint","urlTemplate":"https:\/\/ranoja.ee\/?s={search_term_string}"},"query-input":{"@type":"PropertyValueSpecification","valueRequired":true,"valueName":"search_term_string"}}],"inLanguage":"en-US"},{"@type":"Organization","@id":"https:\/\/ranoja.ee\/#organization","name":"Ranoja O\u00dc","url":"https:\/\/ranoja.ee\/","logo":{"@type":"ImageObject","inLanguage":"en-US","@id":"https:\/\/ranoja.ee\/#\/schema\/logo\/image\/","url":"https:\/\/ranoja.ee\/wp-content\/uploads\/2023\/11\/ranoja-Logo.png","contentUrl":"https:\/\/ranoja.ee\/wp-content\/uploads\/2023\/11\/ranoja-Logo.png","width":207,"height":58,"caption":"Ranoja O\u00dc"},"image":{"@id":"https:\/\/ranoja.ee\/#\/schema\/logo\/image\/"},"sameAs":["https:\/\/www.facebook.com\/ranoja.ee","https:\/\/www.instagram.com\/ranoja__\/"]}]}},"_links":{"self":[{"href":"https:\/\/ranoja.ee\/en\/wp-json\/wp\/v2\/product\/8468","targetHints":{"allow":["GET"]}}],"collection":[{"href":"https:\/\/ranoja.ee\/en\/wp-json\/wp\/v2\/product"}],"about":[{"href":"https:\/\/ranoja.ee\/en\/wp-json\/wp\/v2\/types\/product"}],"wp:featuredmedia":[{"embeddable":true,"href":"https:\/\/ranoja.ee\/en\/wp-json\/wp\/v2\/media\/11686"}],"wp:attachment":[{"href":"https:\/\/ranoja.ee\/en\/wp-json\/wp\/v2\/media?parent=8468"}],"wp:term":[{"taxonomy":"product_cat","embeddable":true,"href":"https:\/\/ranoja.ee\/en\/wp-json\/wp\/v2\/product_cat?post=8468"},{"taxonomy":"product_tag","embeddable":true,"href":"https:\/\/ranoja.ee\/en\/wp-json\/wp\/v2\/product_tag?post=8468"}],"curies":[{"name":"wp","href":"https:\/\/api.w.org\/{rel}","templated":true}]}}