{"id":8455,"date":"2024-03-15T12:50:30","date_gmt":"2024-03-15T09:50:30","guid":{"rendered":"https:\/\/www.ranoja.ee\/?post_type=product&#038;p=8455"},"modified":"2026-02-23T15:18:24","modified_gmt":"2026-02-23T12:18:24","slug":"cedrus-murutraktor-challenge-aj-92-16h","status":"publish","type":"product","link":"https:\/\/ranoja.ee\/en\/toode\/cedrus-murutraktor-challenge-aj-92-16h\/","title":{"rendered":"Cedrus murutraktor Challenge AJ 92\/16H"},"content":{"rendered":"<p>Cedrus murutraktor Challenge AJ 92\/16H<\/p>\n<p>Traktori ainulaadsed omadused:<br \/>\n*loodud n\u00f5udlikele kodukasutajatele<br \/>\n*tuleb h\u00e4sti toime m\u00e4rja rohuga<br \/>\n*kasutajas\u00f5bralik<br \/>\n*aastaringseks kasutamiseks koos lisatarvikutega<br \/>\n*oma klassi vastupidavaim traktor<br \/>\n*suur korv mahuga 300L<br \/>\n*M\u00e4rja muru niitmine traktoriga<\/p>\n<p>Professionaalne aiatraktor \u00fchesilindrilise Loncin mootoriga v\u00f5imsusega 16 hj ja vastupidava Hydro Gear T2 h\u00fcdrostaatilise j\u00f5u\u00fclekandega. Muruniiduk inimestele, kes otsivad usaldusv\u00e4\u00e4rset masinat k\u00f5ikideks t\u00f6\u00f6deks, mitte ainult aiat\u00f6\u00f6deks. Masin sobib suurep\u00e4raselt ka m\u00e4rja muru niitmiseks, nii et saate niita varahommikul v\u00f5i hilis\u00f5htul, kui murul on kaste v\u00f5i vihmaga ja p\u00e4rast vihma, kui muru on niiskem. Nugade suur p\u00f6\u00f6rlemisv\u00f5imsus tuleb toime isegi paksu ja m\u00e4rja rohuga igas olukorras. Spetsiaalselt disainitud niitmiss\u00fcsteem tagab t\u00f5husa ja t\u00e4pse niitmise igal kiirusel.<\/p>\n<p>Aiatraktor on kohandatud aastaringselt t\u00f6\u00f6tama erinevates tingimustes, t\u00e4nu millele pikeneb selle kasutus. Traktoril on suur, 300L mahutav murukoguja, mis v\u00e4hendab t\u00fchjendamise sagedust. 452 m3 t\u00f6\u00f6mahuga Loncin LC1P92F-1 bensiinimootor on \u00fchesilindriline j\u00f5uallikas, mis tagab pikaajalise ja t\u00f5rgeteta t\u00f6\u00f6 mitmeks aastaks. Traktori kogumass on vaid 226 kg, mis on sobiv kaalu ja v\u00f5imsuse kombinatsioon, t\u00e4nu millele mootor ei koorma \u00fcle, tagab d\u00fcnaamilise t\u00f6\u00f6 ning samas vastab k\u00f5ikidele kvaliteediparameetritele. L\u00f5ikek\u00f5rgus on tsentraalselt reguleeritav 7 asendis vahemikus 30-90 mm. Traktorile saab paigaldada 15 x 6 esirattad ja 18 x 8,50 tagarattad.<br \/>\nCedrus murutraktor Challenge AJ 92\/16H<\/p>\n<p>Murutraktorid on efektiivsed t\u00f6\u00f6riistad suurte murupindade niitmiseks. Need masinad on varustatud mootori, l\u00f5iketerade ja juhtraamiga, mis v\u00f5imaldab neid h\u00f5lpsasti man\u00f6\u00f6verdada. Murutraktorite kasutamine on mugav ja kiire viis suurte muruala hooldamiseks, olgu selleks eraaiad, parkid v\u00f5i spordiv\u00e4ljakud. Enne kasutamist on oluline tagada ohutus, n\u00e4iteks kandma sobivat kaitsevarustust ja j\u00e4lgima \u00fcmbritsevat keskkonda. Murutraktoreid saab kasutada erinevates tingimustes ja nende v\u00f5imsus v\u00f5imaldab t\u00f5husat niitmist ka keerukates oludes. Lisaks regulaarsele niitmisele v\u00f5ivad need masinad olla varustatud ka lisafunktsioonidega, nagu n\u00e4iteks muru kogumine v\u00f5i mult\u0161imine.<\/p>\n","protected":false},"excerpt":{"rendered":"<p>Cedrus murutraktor Challenge AJ 92\/16H<br \/>\nMootor: Loncin LC1P92F1 16 HP<br \/>\nL\u00f5ikelaius: 92cm<br \/>\nL\u00f5ikek\u00f5rgus: 30 &#8211; 90 mm<br \/>\nK\u00e4igukast: H\u00fcdrostaatiline<br \/>\nL\u00f5iketerade k\u00e4ivitamine: Elektromagneetiline<br \/>\nK\u00fctusepaagi maht: 8L<br \/>\nKoguja maht: 300L<br \/>\nRataste suurused: ees 15&#215;6 \/ taga 18&#215;8.5<br \/>\nEsituled<br \/>\nKaal: 226 kg<\/p>\n<p><strong>Lisaseadmed:<\/strong><br \/>\n<a href=\"https:\/\/www.ranoja.ee\/toode\/cedrus-sp22102-murutraktori-jarelhaagis-600kg\/\">Cedrus SP22102 murutraktori j\u00e4relhaagis 600kg<\/a><br \/>\nMultsimise komplekt<br \/>\nSuunaja tagant v\u00e4ljaviskeks<\/p>\n<p><span style=\"color: #000000;\"><strong>Garantii 1 aasta (eraisikule 3 aastat)<\/strong><\/span><br \/>\n<strong>Seadme eeldatav tarneaeg 1-7 t\u00f6\u00f6p\u00e4eva<\/strong><\/p>\n","protected":false},"featured_media":11715,"template":"","meta":{"inline_featured_image":false},"product_cat":[1079,1081,895],"product_tag":[137,1295,1296],"class_list":{"0":"post-8455","1":"product","2":"type-product","3":"status-publish","4":"has-post-thumbnail","6":"product_brand-cedrus","7":"product_cat-aiatehnika-ja-niidutehnika","8":"product_cat-murutraktorid","9":"product_cat-parimad-pakkumised-aiatehnikale-ja-ehitustehnikale","10":"product_tag-cedrus","11":"product_tag-challenge-aj-92-16h","12":"product_tag-s536027047703","14":"first","15":"instock","16":"sale","17":"taxable","18":"shipping-taxable","19":"purchasable","20":"product-type-simple"},"yoast_head":"<!-- This site is optimized with the Yoast SEO plugin v27.4 - https:\/\/yoast.com\/product\/yoast-seo-wordpress\/ -->\n<title>Cedrus murutraktor Challenge AJ 92\/16H<\/title>\n<meta name=\"description\" content=\"Cedrus murutraktor Challenge AJ 92\/16H Mootor: Loncin LC1P92F1 16 HPL\u00f5ikelaius: 92cmL\u00f5ikek\u00f5rgus: 30-90mmK\u00e4igukast: h\u00fcdrostaatiline\" \/>\n<meta name=\"robots\" content=\"index, follow, max-snippet:-1, max-image-preview:large, max-video-preview:-1\" \/>\n<link rel=\"canonical\" href=\"https:\/\/ranoja.ee\/toode\/cedrus-murutraktor-challenge-aj-92-16h\/\" \/>\n<meta property=\"og:locale\" content=\"en_US\" \/>\n<meta property=\"og:type\" content=\"article\" \/>\n<meta property=\"og:title\" content=\"Cedrus murutraktor Challenge AJ 92\/16H\" \/>\n<meta property=\"og:description\" content=\"Cedrus murutraktor Challenge AJ 92\/16H Mootor: Loncin LC1P92F1 16 HPL\u00f5ikelaius: 92cmL\u00f5ikek\u00f5rgus: 30-90mmK\u00e4igukast: h\u00fcdrostaatiline\" \/>\n<meta property=\"og:url\" content=\"https:\/\/ranoja.ee\/toode\/cedrus-murutraktor-challenge-aj-92-16h\/\" \/>\n<meta property=\"og:site_name\" content=\"Ranoja\" \/>\n<meta property=\"article:publisher\" content=\"https:\/\/www.facebook.com\/ranoja.ee\" \/>\n<meta property=\"article:modified_time\" content=\"2026-02-23T12:18:24+00:00\" \/>\n<meta property=\"og:image\" content=\"https:\/\/ranoja.ee\/wp-content\/uploads\/2024\/03\/Cedrus-murutraktor-Challenge-AJ-9216H-scaled.jpg\" \/>\n\t<meta property=\"og:image:width\" content=\"2560\" \/>\n\t<meta property=\"og:image:height\" content=\"1934\" \/>\n\t<meta property=\"og:image:type\" content=\"image\/jpeg\" \/>\n<meta name=\"twitter:card\" content=\"summary_large_image\" \/>\n<meta name=\"twitter:label1\" content=\"Est. reading time\" \/>\n\t<meta name=\"twitter:data1\" content=\"2 minutes\" \/>\n<script type=\"application\/ld+json\" class=\"yoast-schema-graph\">{\"@context\":\"https:\\\/\\\/schema.org\",\"@graph\":[{\"@type\":\"WebPage\",\"@id\":\"https:\\\/\\\/ranoja.ee\\\/toode\\\/cedrus-murutraktor-challenge-aj-92-16h\\\/\",\"url\":\"https:\\\/\\\/ranoja.ee\\\/toode\\\/cedrus-murutraktor-challenge-aj-92-16h\\\/\",\"name\":\"Cedrus murutraktor Challenge AJ 92\\\/16H\",\"isPartOf\":{\"@id\":\"https:\\\/\\\/ranoja.ee\\\/#website\"},\"primaryImageOfPage\":{\"@id\":\"https:\\\/\\\/ranoja.ee\\\/toode\\\/cedrus-murutraktor-challenge-aj-92-16h\\\/#primaryimage\"},\"image\":{\"@id\":\"https:\\\/\\\/ranoja.ee\\\/toode\\\/cedrus-murutraktor-challenge-aj-92-16h\\\/#primaryimage\"},\"thumbnailUrl\":\"https:\\\/\\\/ranoja.ee\\\/wp-content\\\/uploads\\\/2024\\\/03\\\/Cedrus-murutraktor-Challenge-AJ-9216H-scaled.jpg\",\"datePublished\":\"2024-03-15T09:50:30+00:00\",\"dateModified\":\"2026-02-23T12:18:24+00:00\",\"description\":\"Cedrus murutraktor Challenge AJ 92\\\/16H Mootor: Loncin LC1P92F1 16 HPL\u00f5ikelaius: 92cmL\u00f5ikek\u00f5rgus: 30-90mmK\u00e4igukast: h\u00fcdrostaatiline\",\"breadcrumb\":{\"@id\":\"https:\\\/\\\/ranoja.ee\\\/toode\\\/cedrus-murutraktor-challenge-aj-92-16h\\\/#breadcrumb\"},\"inLanguage\":\"en-US\",\"potentialAction\":[{\"@type\":\"ReadAction\",\"target\":[\"https:\\\/\\\/ranoja.ee\\\/toode\\\/cedrus-murutraktor-challenge-aj-92-16h\\\/\"]}]},{\"@type\":\"ImageObject\",\"inLanguage\":\"en-US\",\"@id\":\"https:\\\/\\\/ranoja.ee\\\/toode\\\/cedrus-murutraktor-challenge-aj-92-16h\\\/#primaryimage\",\"url\":\"https:\\\/\\\/ranoja.ee\\\/wp-content\\\/uploads\\\/2024\\\/03\\\/Cedrus-murutraktor-Challenge-AJ-9216H-scaled.jpg\",\"contentUrl\":\"https:\\\/\\\/ranoja.ee\\\/wp-content\\\/uploads\\\/2024\\\/03\\\/Cedrus-murutraktor-Challenge-AJ-9216H-scaled.jpg\",\"width\":2560,\"height\":1934,\"caption\":\"Cedrus murutraktor Challenge AJ 9216H\"},{\"@type\":\"BreadcrumbList\",\"@id\":\"https:\\\/\\\/ranoja.ee\\\/toode\\\/cedrus-murutraktor-challenge-aj-92-16h\\\/#breadcrumb\",\"itemListElement\":[{\"@type\":\"ListItem\",\"position\":1,\"name\":\"Home\",\"item\":\"https:\\\/\\\/ranoja.ee\\\/\"},{\"@type\":\"ListItem\",\"position\":2,\"name\":\"Shop\",\"item\":\"https:\\\/\\\/ranoja.ee\\\/en\\\/shop\\\/\"},{\"@type\":\"ListItem\",\"position\":3,\"name\":\"Cedrus murutraktor Challenge AJ 92\\\/16H\"}]},{\"@type\":\"WebSite\",\"@id\":\"https:\\\/\\\/ranoja.ee\\\/#website\",\"url\":\"https:\\\/\\\/ranoja.ee\\\/\",\"name\":\"Ranoja\",\"description\":\"Equipment Shop WooCommerce WordPress Theme for Machine &amp; Tools\",\"publisher\":{\"@id\":\"https:\\\/\\\/ranoja.ee\\\/#organization\"},\"potentialAction\":[{\"@type\":\"SearchAction\",\"target\":{\"@type\":\"EntryPoint\",\"urlTemplate\":\"https:\\\/\\\/ranoja.ee\\\/?s={search_term_string}\"},\"query-input\":{\"@type\":\"PropertyValueSpecification\",\"valueRequired\":true,\"valueName\":\"search_term_string\"}}],\"inLanguage\":\"en-US\"},{\"@type\":\"Organization\",\"@id\":\"https:\\\/\\\/ranoja.ee\\\/#organization\",\"name\":\"Ranoja O\u00dc\",\"url\":\"https:\\\/\\\/ranoja.ee\\\/\",\"logo\":{\"@type\":\"ImageObject\",\"inLanguage\":\"en-US\",\"@id\":\"https:\\\/\\\/ranoja.ee\\\/#\\\/schema\\\/logo\\\/image\\\/\",\"url\":\"https:\\\/\\\/ranoja.ee\\\/wp-content\\\/uploads\\\/2023\\\/11\\\/ranoja-Logo.png\",\"contentUrl\":\"https:\\\/\\\/ranoja.ee\\\/wp-content\\\/uploads\\\/2023\\\/11\\\/ranoja-Logo.png\",\"width\":207,\"height\":58,\"caption\":\"Ranoja O\u00dc\"},\"image\":{\"@id\":\"https:\\\/\\\/ranoja.ee\\\/#\\\/schema\\\/logo\\\/image\\\/\"},\"sameAs\":[\"https:\\\/\\\/www.facebook.com\\\/ranoja.ee\",\"https:\\\/\\\/www.instagram.com\\\/ranoja__\\\/\"]}]}<\/script>\n<!-- \/ Yoast SEO plugin. -->","yoast_head_json":{"title":"Cedrus murutraktor Challenge AJ 92\/16H","description":"Cedrus murutraktor Challenge AJ 92\/16H Mootor: Loncin LC1P92F1 16 HPL\u00f5ikelaius: 92cmL\u00f5ikek\u00f5rgus: 30-90mmK\u00e4igukast: h\u00fcdrostaatiline","robots":{"index":"index","follow":"follow","max-snippet":"max-snippet:-1","max-image-preview":"max-image-preview:large","max-video-preview":"max-video-preview:-1"},"canonical":"https:\/\/ranoja.ee\/toode\/cedrus-murutraktor-challenge-aj-92-16h\/","og_locale":"en_US","og_type":"article","og_title":"Cedrus murutraktor Challenge AJ 92\/16H","og_description":"Cedrus murutraktor Challenge AJ 92\/16H Mootor: Loncin LC1P92F1 16 HPL\u00f5ikelaius: 92cmL\u00f5ikek\u00f5rgus: 30-90mmK\u00e4igukast: h\u00fcdrostaatiline","og_url":"https:\/\/ranoja.ee\/toode\/cedrus-murutraktor-challenge-aj-92-16h\/","og_site_name":"Ranoja","article_publisher":"https:\/\/www.facebook.com\/ranoja.ee","article_modified_time":"2026-02-23T12:18:24+00:00","og_image":[{"width":2560,"height":1934,"url":"https:\/\/ranoja.ee\/wp-content\/uploads\/2024\/03\/Cedrus-murutraktor-Challenge-AJ-9216H-scaled.jpg","type":"image\/jpeg"}],"twitter_card":"summary_large_image","twitter_misc":{"Est. reading time":"2 minutes"},"schema":{"@context":"https:\/\/schema.org","@graph":[{"@type":"WebPage","@id":"https:\/\/ranoja.ee\/toode\/cedrus-murutraktor-challenge-aj-92-16h\/","url":"https:\/\/ranoja.ee\/toode\/cedrus-murutraktor-challenge-aj-92-16h\/","name":"Cedrus murutraktor Challenge AJ 92\/16H","isPartOf":{"@id":"https:\/\/ranoja.ee\/#website"},"primaryImageOfPage":{"@id":"https:\/\/ranoja.ee\/toode\/cedrus-murutraktor-challenge-aj-92-16h\/#primaryimage"},"image":{"@id":"https:\/\/ranoja.ee\/toode\/cedrus-murutraktor-challenge-aj-92-16h\/#primaryimage"},"thumbnailUrl":"https:\/\/ranoja.ee\/wp-content\/uploads\/2024\/03\/Cedrus-murutraktor-Challenge-AJ-9216H-scaled.jpg","datePublished":"2024-03-15T09:50:30+00:00","dateModified":"2026-02-23T12:18:24+00:00","description":"Cedrus murutraktor Challenge AJ 92\/16H Mootor: Loncin LC1P92F1 16 HPL\u00f5ikelaius: 92cmL\u00f5ikek\u00f5rgus: 30-90mmK\u00e4igukast: h\u00fcdrostaatiline","breadcrumb":{"@id":"https:\/\/ranoja.ee\/toode\/cedrus-murutraktor-challenge-aj-92-16h\/#breadcrumb"},"inLanguage":"en-US","potentialAction":[{"@type":"ReadAction","target":["https:\/\/ranoja.ee\/toode\/cedrus-murutraktor-challenge-aj-92-16h\/"]}]},{"@type":"ImageObject","inLanguage":"en-US","@id":"https:\/\/ranoja.ee\/toode\/cedrus-murutraktor-challenge-aj-92-16h\/#primaryimage","url":"https:\/\/ranoja.ee\/wp-content\/uploads\/2024\/03\/Cedrus-murutraktor-Challenge-AJ-9216H-scaled.jpg","contentUrl":"https:\/\/ranoja.ee\/wp-content\/uploads\/2024\/03\/Cedrus-murutraktor-Challenge-AJ-9216H-scaled.jpg","width":2560,"height":1934,"caption":"Cedrus murutraktor Challenge AJ 9216H"},{"@type":"BreadcrumbList","@id":"https:\/\/ranoja.ee\/toode\/cedrus-murutraktor-challenge-aj-92-16h\/#breadcrumb","itemListElement":[{"@type":"ListItem","position":1,"name":"Home","item":"https:\/\/ranoja.ee\/"},{"@type":"ListItem","position":2,"name":"Shop","item":"https:\/\/ranoja.ee\/en\/shop\/"},{"@type":"ListItem","position":3,"name":"Cedrus murutraktor Challenge AJ 92\/16H"}]},{"@type":"WebSite","@id":"https:\/\/ranoja.ee\/#website","url":"https:\/\/ranoja.ee\/","name":"Ranoja","description":"Equipment Shop WooCommerce WordPress Theme for Machine &amp; Tools","publisher":{"@id":"https:\/\/ranoja.ee\/#organization"},"potentialAction":[{"@type":"SearchAction","target":{"@type":"EntryPoint","urlTemplate":"https:\/\/ranoja.ee\/?s={search_term_string}"},"query-input":{"@type":"PropertyValueSpecification","valueRequired":true,"valueName":"search_term_string"}}],"inLanguage":"en-US"},{"@type":"Organization","@id":"https:\/\/ranoja.ee\/#organization","name":"Ranoja O\u00dc","url":"https:\/\/ranoja.ee\/","logo":{"@type":"ImageObject","inLanguage":"en-US","@id":"https:\/\/ranoja.ee\/#\/schema\/logo\/image\/","url":"https:\/\/ranoja.ee\/wp-content\/uploads\/2023\/11\/ranoja-Logo.png","contentUrl":"https:\/\/ranoja.ee\/wp-content\/uploads\/2023\/11\/ranoja-Logo.png","width":207,"height":58,"caption":"Ranoja O\u00dc"},"image":{"@id":"https:\/\/ranoja.ee\/#\/schema\/logo\/image\/"},"sameAs":["https:\/\/www.facebook.com\/ranoja.ee","https:\/\/www.instagram.com\/ranoja__\/"]}]}},"_links":{"self":[{"href":"https:\/\/ranoja.ee\/en\/wp-json\/wp\/v2\/product\/8455","targetHints":{"allow":["GET"]}}],"collection":[{"href":"https:\/\/ranoja.ee\/en\/wp-json\/wp\/v2\/product"}],"about":[{"href":"https:\/\/ranoja.ee\/en\/wp-json\/wp\/v2\/types\/product"}],"wp:featuredmedia":[{"embeddable":true,"href":"https:\/\/ranoja.ee\/en\/wp-json\/wp\/v2\/media\/11715"}],"wp:attachment":[{"href":"https:\/\/ranoja.ee\/en\/wp-json\/wp\/v2\/media?parent=8455"}],"wp:term":[{"taxonomy":"product_cat","embeddable":true,"href":"https:\/\/ranoja.ee\/en\/wp-json\/wp\/v2\/product_cat?post=8455"},{"taxonomy":"product_tag","embeddable":true,"href":"https:\/\/ranoja.ee\/en\/wp-json\/wp\/v2\/product_tag?post=8455"}],"curies":[{"name":"wp","href":"https:\/\/api.w.org\/{rel}","templated":true}]}}