{"id":8430,"date":"2024-03-04T17:37:49","date_gmt":"2024-03-04T14:37:49","guid":{"rendered":"https:\/\/www.ranoja.ee\/?post_type=product&#038;p=8430"},"modified":"2025-12-10T14:05:05","modified_gmt":"2025-12-10T11:05:05","slug":"jarelhaagis-kallutav-rent","status":"publish","type":"product","link":"https:\/\/ranoja.ee\/en\/toode\/jarelhaagis-kallutav-rent\/","title":{"rendered":"J\u00e4relhaagis kallutav 3 x 1,5m (RENT)"},"content":{"rendered":"<p>J\u00e4relhaagis kallutav (RENT)<br \/>\nKerghaagis on haagis, mis on m\u00f5eldud kergekaaluliste esemete transportimiseks, n\u00e4iteks aiandus- v\u00f5i ehitust\u00f6\u00f6riistad, muruniidukid, jalgrattad jne. Kerghaagised on tavaliselt valmistatud kergest materjalist, nagu n\u00e4iteks alumiinium, ning neil on v\u00e4iksem kandev\u00f5ime v\u00f5rreldes tavap\u00e4raste haagistega.<\/p>\n<p>Kerghaagised on populaarsed eelk\u00f5ige nende mugavuse ja lihtsama man\u00f6\u00f6verdusv\u00f5ime t\u00f5ttu v\u00f5rreldes suuremate haagistega. Need on tavaliselt varustatud \u00fche teljega ja neid saab kergesti vedada s\u00f5iduautoga. Lisaks on paljudel kerghaagistel kokkupandav disain, mis muudab need hoiustamiseks ja transpordiks kompaktsemaks.<\/p>\n<p>Kerghaagiseid kasutatakse mitmesugustes olukordades, sealhulgas:<\/p>\n<p>Hobireisidel: Kerghaagised v\u00f5imaldavad hobireisijatel kaasa v\u00f5tta oma varustust, n\u00e4iteks jalgrattaid, kanuusid v\u00f5i telke.<\/p>\n<p>Aiat\u00f6\u00f6del: Aiat\u00f6\u00f6de tegemisel on kerghaagis mugav vahend muruniidukite, aiat\u00f6\u00f6riistade ja muu sarnase transportimiseks.<\/p>\n<p>Ehitust\u00f6\u00f6del: Kerghaagised v\u00f5ivad olla kasulikud ehitusplatsidel, v\u00f5imaldades t\u00f6\u00f6riistade ja materjalide lihtsat transportimist.<\/p>\n<p>Kaubanduslikel eesm\u00e4rkidel: M\u00f5ned ettev\u00f5tted kasutavad kerghaagiseid kaubavedudeks v\u00f5i kaupade ja teenuste pakkumiseks, n\u00e4iteks mobiilsete toitlustus\u00fcksustena.<\/p>\n<p>\u00dcldiselt v\u00f5ib \u00f6elda, et kerghaagised on mitmek\u00fclgsed ja praktilised vahendid mitmesugustel eesm\u00e4rkidel, eriti kui on vaja transportida suhteliselt kergeid esemeid. Lisaks on kerghaagiseid saadaval erineva suuruse, kuju ja konfiguratsiooniga vastavalt konkreetsetele vajadustele.<br \/>\nJ\u00e4relhaagis kallutav (RENT)<\/p>\n<p>Ranoja O\u00dc pakub enda esidnuses rendiks erinevaid seadmeid.<br \/>\nPinnasetihendajaid, k\u00e4nnufreesi, oksapurustajat, aiatehnikat, v\u00f5sal\u00f5ikurit \/ trimmerit, j\u00e4relhaagist, minikallurit ja halumaisnat.<br \/>\nK\u00fcsi julgelt masinate saadavust telefonis v\u00f5i k\u00fclasta meie esindust.<\/p>\n<p>Ranoja O\u00dc tegeleb paide linnas erineva ehitustehnika m\u00fc\u00fcgi ja rendiga. Tule k\u00fcsi hinnapakkumist!<\/p>\n","protected":false},"excerpt":{"rendered":"<p>J\u00e4relhaagis kallutav 3 x 1,5m (RENT)<br \/>\nM\u00f5\u00f5tmed(P\/L): 3.00 x 1,5m<br \/>\nPortede k\u00f5rgus p\u00f5hjast: 40cm<br \/>\nKandev\u00f5ime: 503kg<br \/>\nT\u00fchimass:247kg<br \/>\nKerghaagis<br \/>\n<span style=\"color: #339966;\"><strong>HELISTA 56986800 v\u00f5i t\u00e4ida all p\u00e4ring!<\/p>\n","protected":false},"featured_media":8431,"template":"","meta":{"inline_featured_image":false},"product_cat":[154],"product_tag":[],"class_list":{"0":"post-8430","1":"product","2":"type-product","3":"status-publish","4":"has-post-thumbnail","6":"product_brand-tiki","7":"product_cat-rent-jarvamaal","9":"first","10":"instock","11":"taxable","12":"shipping-taxable","13":"product-type-simple"},"yoast_head":"<!-- This site is optimized with the Yoast SEO plugin v27.4 - https:\/\/yoast.com\/product\/yoast-seo-wordpress\/ -->\n<title>J\u00e4relhaagis kallutav (RENT)<\/title>\n<meta name=\"description\" content=\"J\u00e4relhaagis kallutav (RENT). Tule rendi Ranojast endale kerghaagis ja haara endale vajalikud seadmed kaasa! Rent j\u00e4rvamaal haagistele!\" \/>\n<meta name=\"robots\" content=\"index, follow, max-snippet:-1, max-image-preview:large, max-video-preview:-1\" \/>\n<link rel=\"canonical\" href=\"https:\/\/ranoja.ee\/toode\/jarelhaagis-kallutav-rent\/\" \/>\n<meta property=\"og:locale\" content=\"en_US\" \/>\n<meta property=\"og:type\" content=\"article\" \/>\n<meta property=\"og:title\" content=\"J\u00e4relhaagis kallutav (RENT)\" \/>\n<meta property=\"og:description\" content=\"J\u00e4relhaagis kallutav (RENT). Tule rendi Ranojast endale kerghaagis ja haara endale vajalikud seadmed kaasa! Rent j\u00e4rvamaal haagistele!\" \/>\n<meta property=\"og:url\" content=\"https:\/\/ranoja.ee\/toode\/jarelhaagis-kallutav-rent\/\" \/>\n<meta property=\"og:site_name\" content=\"Ranoja\" \/>\n<meta property=\"article:publisher\" content=\"https:\/\/www.facebook.com\/ranoja.ee\" \/>\n<meta property=\"article:modified_time\" content=\"2025-12-10T11:05:05+00:00\" \/>\n<meta property=\"og:image\" content=\"https:\/\/ranoja.ee\/wp-content\/uploads\/2024\/03\/Haagise-rent-jarvamaal-paides-2.jpg\" \/>\n\t<meta property=\"og:image:width\" content=\"1200\" \/>\n\t<meta property=\"og:image:height\" content=\"547\" \/>\n\t<meta property=\"og:image:type\" content=\"image\/jpeg\" \/>\n<meta name=\"twitter:card\" content=\"summary_large_image\" \/>\n<meta name=\"twitter:label1\" content=\"Est. reading time\" \/>\n\t<meta name=\"twitter:data1\" content=\"2 minutes\" \/>\n<script type=\"application\/ld+json\" class=\"yoast-schema-graph\">{\"@context\":\"https:\\\/\\\/schema.org\",\"@graph\":[{\"@type\":\"WebPage\",\"@id\":\"https:\\\/\\\/ranoja.ee\\\/toode\\\/jarelhaagis-kallutav-rent\\\/\",\"url\":\"https:\\\/\\\/ranoja.ee\\\/toode\\\/jarelhaagis-kallutav-rent\\\/\",\"name\":\"J\u00e4relhaagis kallutav (RENT)\",\"isPartOf\":{\"@id\":\"https:\\\/\\\/ranoja.ee\\\/#website\"},\"primaryImageOfPage\":{\"@id\":\"https:\\\/\\\/ranoja.ee\\\/toode\\\/jarelhaagis-kallutav-rent\\\/#primaryimage\"},\"image\":{\"@id\":\"https:\\\/\\\/ranoja.ee\\\/toode\\\/jarelhaagis-kallutav-rent\\\/#primaryimage\"},\"thumbnailUrl\":\"https:\\\/\\\/ranoja.ee\\\/wp-content\\\/uploads\\\/2024\\\/03\\\/Haagise-rent-jarvamaal-paides-2.jpg\",\"datePublished\":\"2024-03-04T14:37:49+00:00\",\"dateModified\":\"2025-12-10T11:05:05+00:00\",\"description\":\"J\u00e4relhaagis kallutav (RENT). Tule rendi Ranojast endale kerghaagis ja haara endale vajalikud seadmed kaasa! Rent j\u00e4rvamaal haagistele!\",\"breadcrumb\":{\"@id\":\"https:\\\/\\\/ranoja.ee\\\/toode\\\/jarelhaagis-kallutav-rent\\\/#breadcrumb\"},\"inLanguage\":\"en-US\",\"potentialAction\":[{\"@type\":\"ReadAction\",\"target\":[\"https:\\\/\\\/ranoja.ee\\\/toode\\\/jarelhaagis-kallutav-rent\\\/\"]}]},{\"@type\":\"ImageObject\",\"inLanguage\":\"en-US\",\"@id\":\"https:\\\/\\\/ranoja.ee\\\/toode\\\/jarelhaagis-kallutav-rent\\\/#primaryimage\",\"url\":\"https:\\\/\\\/ranoja.ee\\\/wp-content\\\/uploads\\\/2024\\\/03\\\/Haagise-rent-jarvamaal-paides-2.jpg\",\"contentUrl\":\"https:\\\/\\\/ranoja.ee\\\/wp-content\\\/uploads\\\/2024\\\/03\\\/Haagise-rent-jarvamaal-paides-2.jpg\",\"width\":1200,\"height\":547,\"caption\":\"haagise rent paides J\u00e4relhaagis kallutav (RENT)\"},{\"@type\":\"BreadcrumbList\",\"@id\":\"https:\\\/\\\/ranoja.ee\\\/toode\\\/jarelhaagis-kallutav-rent\\\/#breadcrumb\",\"itemListElement\":[{\"@type\":\"ListItem\",\"position\":1,\"name\":\"Home\",\"item\":\"https:\\\/\\\/ranoja.ee\\\/\"},{\"@type\":\"ListItem\",\"position\":2,\"name\":\"Shop\",\"item\":\"https:\\\/\\\/ranoja.ee\\\/en\\\/shop\\\/\"},{\"@type\":\"ListItem\",\"position\":3,\"name\":\"J\u00e4relhaagis kallutav 3 x 1,5m (RENT)\"}]},{\"@type\":\"WebSite\",\"@id\":\"https:\\\/\\\/ranoja.ee\\\/#website\",\"url\":\"https:\\\/\\\/ranoja.ee\\\/\",\"name\":\"Ranoja\",\"description\":\"Equipment Shop WooCommerce WordPress Theme for Machine &amp; Tools\",\"publisher\":{\"@id\":\"https:\\\/\\\/ranoja.ee\\\/#organization\"},\"potentialAction\":[{\"@type\":\"SearchAction\",\"target\":{\"@type\":\"EntryPoint\",\"urlTemplate\":\"https:\\\/\\\/ranoja.ee\\\/?s={search_term_string}\"},\"query-input\":{\"@type\":\"PropertyValueSpecification\",\"valueRequired\":true,\"valueName\":\"search_term_string\"}}],\"inLanguage\":\"en-US\"},{\"@type\":\"Organization\",\"@id\":\"https:\\\/\\\/ranoja.ee\\\/#organization\",\"name\":\"Ranoja O\u00dc\",\"url\":\"https:\\\/\\\/ranoja.ee\\\/\",\"logo\":{\"@type\":\"ImageObject\",\"inLanguage\":\"en-US\",\"@id\":\"https:\\\/\\\/ranoja.ee\\\/#\\\/schema\\\/logo\\\/image\\\/\",\"url\":\"https:\\\/\\\/ranoja.ee\\\/wp-content\\\/uploads\\\/2023\\\/11\\\/ranoja-Logo.png\",\"contentUrl\":\"https:\\\/\\\/ranoja.ee\\\/wp-content\\\/uploads\\\/2023\\\/11\\\/ranoja-Logo.png\",\"width\":207,\"height\":58,\"caption\":\"Ranoja O\u00dc\"},\"image\":{\"@id\":\"https:\\\/\\\/ranoja.ee\\\/#\\\/schema\\\/logo\\\/image\\\/\"},\"sameAs\":[\"https:\\\/\\\/www.facebook.com\\\/ranoja.ee\",\"https:\\\/\\\/www.instagram.com\\\/ranoja__\\\/\"]}]}<\/script>\n<!-- \/ Yoast SEO plugin. -->","yoast_head_json":{"title":"J\u00e4relhaagis kallutav (RENT)","description":"J\u00e4relhaagis kallutav (RENT). Tule rendi Ranojast endale kerghaagis ja haara endale vajalikud seadmed kaasa! Rent j\u00e4rvamaal haagistele!","robots":{"index":"index","follow":"follow","max-snippet":"max-snippet:-1","max-image-preview":"max-image-preview:large","max-video-preview":"max-video-preview:-1"},"canonical":"https:\/\/ranoja.ee\/toode\/jarelhaagis-kallutav-rent\/","og_locale":"en_US","og_type":"article","og_title":"J\u00e4relhaagis kallutav (RENT)","og_description":"J\u00e4relhaagis kallutav (RENT). Tule rendi Ranojast endale kerghaagis ja haara endale vajalikud seadmed kaasa! Rent j\u00e4rvamaal haagistele!","og_url":"https:\/\/ranoja.ee\/toode\/jarelhaagis-kallutav-rent\/","og_site_name":"Ranoja","article_publisher":"https:\/\/www.facebook.com\/ranoja.ee","article_modified_time":"2025-12-10T11:05:05+00:00","og_image":[{"width":1200,"height":547,"url":"https:\/\/ranoja.ee\/wp-content\/uploads\/2024\/03\/Haagise-rent-jarvamaal-paides-2.jpg","type":"image\/jpeg"}],"twitter_card":"summary_large_image","twitter_misc":{"Est. reading time":"2 minutes"},"schema":{"@context":"https:\/\/schema.org","@graph":[{"@type":"WebPage","@id":"https:\/\/ranoja.ee\/toode\/jarelhaagis-kallutav-rent\/","url":"https:\/\/ranoja.ee\/toode\/jarelhaagis-kallutav-rent\/","name":"J\u00e4relhaagis kallutav (RENT)","isPartOf":{"@id":"https:\/\/ranoja.ee\/#website"},"primaryImageOfPage":{"@id":"https:\/\/ranoja.ee\/toode\/jarelhaagis-kallutav-rent\/#primaryimage"},"image":{"@id":"https:\/\/ranoja.ee\/toode\/jarelhaagis-kallutav-rent\/#primaryimage"},"thumbnailUrl":"https:\/\/ranoja.ee\/wp-content\/uploads\/2024\/03\/Haagise-rent-jarvamaal-paides-2.jpg","datePublished":"2024-03-04T14:37:49+00:00","dateModified":"2025-12-10T11:05:05+00:00","description":"J\u00e4relhaagis kallutav (RENT). Tule rendi Ranojast endale kerghaagis ja haara endale vajalikud seadmed kaasa! Rent j\u00e4rvamaal haagistele!","breadcrumb":{"@id":"https:\/\/ranoja.ee\/toode\/jarelhaagis-kallutav-rent\/#breadcrumb"},"inLanguage":"en-US","potentialAction":[{"@type":"ReadAction","target":["https:\/\/ranoja.ee\/toode\/jarelhaagis-kallutav-rent\/"]}]},{"@type":"ImageObject","inLanguage":"en-US","@id":"https:\/\/ranoja.ee\/toode\/jarelhaagis-kallutav-rent\/#primaryimage","url":"https:\/\/ranoja.ee\/wp-content\/uploads\/2024\/03\/Haagise-rent-jarvamaal-paides-2.jpg","contentUrl":"https:\/\/ranoja.ee\/wp-content\/uploads\/2024\/03\/Haagise-rent-jarvamaal-paides-2.jpg","width":1200,"height":547,"caption":"haagise rent paides J\u00e4relhaagis kallutav (RENT)"},{"@type":"BreadcrumbList","@id":"https:\/\/ranoja.ee\/toode\/jarelhaagis-kallutav-rent\/#breadcrumb","itemListElement":[{"@type":"ListItem","position":1,"name":"Home","item":"https:\/\/ranoja.ee\/"},{"@type":"ListItem","position":2,"name":"Shop","item":"https:\/\/ranoja.ee\/en\/shop\/"},{"@type":"ListItem","position":3,"name":"J\u00e4relhaagis kallutav 3 x 1,5m (RENT)"}]},{"@type":"WebSite","@id":"https:\/\/ranoja.ee\/#website","url":"https:\/\/ranoja.ee\/","name":"Ranoja","description":"Equipment Shop WooCommerce WordPress Theme for Machine &amp; Tools","publisher":{"@id":"https:\/\/ranoja.ee\/#organization"},"potentialAction":[{"@type":"SearchAction","target":{"@type":"EntryPoint","urlTemplate":"https:\/\/ranoja.ee\/?s={search_term_string}"},"query-input":{"@type":"PropertyValueSpecification","valueRequired":true,"valueName":"search_term_string"}}],"inLanguage":"en-US"},{"@type":"Organization","@id":"https:\/\/ranoja.ee\/#organization","name":"Ranoja O\u00dc","url":"https:\/\/ranoja.ee\/","logo":{"@type":"ImageObject","inLanguage":"en-US","@id":"https:\/\/ranoja.ee\/#\/schema\/logo\/image\/","url":"https:\/\/ranoja.ee\/wp-content\/uploads\/2023\/11\/ranoja-Logo.png","contentUrl":"https:\/\/ranoja.ee\/wp-content\/uploads\/2023\/11\/ranoja-Logo.png","width":207,"height":58,"caption":"Ranoja O\u00dc"},"image":{"@id":"https:\/\/ranoja.ee\/#\/schema\/logo\/image\/"},"sameAs":["https:\/\/www.facebook.com\/ranoja.ee","https:\/\/www.instagram.com\/ranoja__\/"]}]}},"_links":{"self":[{"href":"https:\/\/ranoja.ee\/en\/wp-json\/wp\/v2\/product\/8430","targetHints":{"allow":["GET"]}}],"collection":[{"href":"https:\/\/ranoja.ee\/en\/wp-json\/wp\/v2\/product"}],"about":[{"href":"https:\/\/ranoja.ee\/en\/wp-json\/wp\/v2\/types\/product"}],"wp:featuredmedia":[{"embeddable":true,"href":"https:\/\/ranoja.ee\/en\/wp-json\/wp\/v2\/media\/8431"}],"wp:attachment":[{"href":"https:\/\/ranoja.ee\/en\/wp-json\/wp\/v2\/media?parent=8430"}],"wp:term":[{"taxonomy":"product_cat","embeddable":true,"href":"https:\/\/ranoja.ee\/en\/wp-json\/wp\/v2\/product_cat?post=8430"},{"taxonomy":"product_tag","embeddable":true,"href":"https:\/\/ranoja.ee\/en\/wp-json\/wp\/v2\/product_tag?post=8430"}],"curies":[{"name":"wp","href":"https:\/\/api.w.org\/{rel}","templated":true}]}}