{"id":8424,"date":"2024-02-29T15:44:28","date_gmt":"2024-02-29T12:44:28","guid":{"rendered":"https:\/\/www.ranoja.ee\/?post_type=product&#038;p=8424"},"modified":"2025-12-10T16:10:36","modified_gmt":"2025-12-10T13:10:36","slug":"akulaadija-12v-12ah-c-pwr","status":"publish","type":"product","link":"https:\/\/ranoja.ee\/en\/toode\/akulaadija-12v-12ah-c-pwr\/","title":{"rendered":"Akulaadija 12V 12ah C-PWR"},"content":{"rendered":"<p>Akulaadija 12V 12ah C-PWR<br \/>\nAkulaadijad ja kiirlaadijad on seadmed, mida kasutatakse autoakude laadimiseks. Need on olulised vahendid s\u00f5idukite omanikele, eriti juhul kui auto aku on t\u00fchi v\u00f5i n\u00f5rgenenud ning vajab laadimist.<\/p>\n<p>Akulaadijad:<br \/>\nKasutamine: Akulaadijat kasutatakse autoaku laadimiseks, \u00fchendades selle otseselt aku klemmidega. Laadija saab \u00fchendatud tavalisse vooluv\u00f5rku, misj\u00e4rel see hakkab tootma voolu, et laadida aku.<\/p>\n<p>T\u00f6\u00f6p\u00f5him\u00f5te: Akulaadija toimib muundurina, mis muudab vooluallika (nt elektriv\u00f5rgu) alalisvooluks, mis on sobiv autoaku laadimiseks. See vool suunatakse aku klemmide kaudu, kus see laeb aku keemilisi rakke.<\/p>\n<p>Laadimisaeg: Tavaline akulaadija laeb autoakut tavaliselt aeglaselt, v\u00f5ttes mitu tundi v\u00f5i isegi kauem, s\u00f5ltuvalt aku suurusest ja t\u00fchjenemise m\u00e4\u00e4rast.<\/p>\n<p>Kiirlaadijad:<br \/>\nKasutamine: Kiirlaadijaid kasutatakse samuti autoakude laadimiseks, kuid need suudavad laadida aku oluliselt kiiremini kui tavalised akulaadijad. Neid v\u00f5ib leida n\u00e4iteks avalikes laadimispunktides v\u00f5i m\u00f5nel koduses laadimisseadmel.<\/p>\n<p>T\u00f6\u00f6p\u00f5him\u00f5te: Kiirlaadijad kasutavad k\u00f5rgemat laadimisvoolu v\u00f5rreldes tavaliste akulaadijatega, mis v\u00f5imaldab neil laadida aku palju kiiremini. Samuti on need sageli varustatud tehnoloogiatega, mis optimeerivad laadimisprotsessi, et v\u00e4ltida \u00fclekuumenemist v\u00f5i aku kahjustusi.<\/p>\n<p>Laadimisaeg: Kiirlaadijad v\u00f5ivad laadida autoakuid v\u00e4ga kiiresti, m\u00f5nikord isegi vaid m\u00f5ne tunni v\u00f5i veelgi kiiremini, s\u00f5ltuvalt laadimisseadme v\u00f5imsusest ja auto aku mahust.<\/p>\n<p>M\u00f5lemal juhul on oluline j\u00e4rgida tootja juhiseid ja ohutusn\u00f5udeid, et v\u00e4ltida vigastusi v\u00f5i kahjustusi nii laadijale kui ka autole. Lisaks on soovitatav kasutada spetsiaalselt autodele m\u00f5eldud laadimisseadmeid, mis tagavad ohutu ja t\u00f5husa laadimise.<br \/>\nAkulaadija 12V 12ah C-PWR<\/p>\n","protected":false},"excerpt":{"rendered":"<p>Akulaadija 12V 12ah C-PWR<br \/>\nKaal: 4.00kg<br \/>\nPinge: 12V<br \/>\nVoolutugevus: 12A<br \/>\nKirjeldus: Automaatlaadija 12V 12A, 26-200Ah akudele<\/p>\n<p><span style=\"color: #000000;\"><strong>Garantii 1 aasta (eraisikule 2 aastat)<\/strong><\/span><br \/>\n<strong><span style=\"color: #339966;\">Seadme eeldatav tarneaeg 3-4 t\u00f6\u00f6p\u00e4eva<\/span><\/strong><\/p>\n","protected":false},"featured_media":8425,"template":"","meta":{"inline_featured_image":false},"product_cat":[121,1116],"product_tag":[203,1290],"class_list":{"0":"post-8424","1":"product","2":"type-product","3":"status-publish","4":"has-post-thumbnail","6":"product_brand-c-pwr","7":"product_cat-kaivitusakud-ja-laadijad","8":"product_cat-lisaseadmed-ehitusseadmed-led-lisatuled-cb-raadiod-lallar","9":"product_tag-akulaadija","10":"product_tag-kiirlaadija","12":"first","13":"instock","14":"taxable","15":"shipping-taxable","16":"purchasable","17":"product-type-simple"},"yoast_head":"<!-- This site is optimized with the Yoast SEO plugin v27.4 - https:\/\/yoast.com\/product\/yoast-seo-wordpress\/ -->\n<title>Akulaadija 12V 12ah C-PWR<\/title>\n<meta name=\"description\" content=\"Akulaadija 12V 12ah C-PWR Voolutugevus: 12A Kirjeldus: Automaatlaadija 12V 12A, 26-200Ah akudele. K\u00fcsi hinnapakkumist erinevatele akulaadijatele Ranojast!\" \/>\n<meta name=\"robots\" content=\"index, follow, max-snippet:-1, max-image-preview:large, max-video-preview:-1\" \/>\n<link rel=\"canonical\" href=\"https:\/\/ranoja.ee\/toode\/akulaadija-12v-12ah-c-pwr\/\" \/>\n<meta property=\"og:locale\" content=\"en_US\" \/>\n<meta property=\"og:type\" content=\"article\" \/>\n<meta property=\"og:title\" content=\"Akulaadija 12V 12ah C-PWR\" \/>\n<meta property=\"og:description\" content=\"Akulaadija 12V 12ah C-PWR Voolutugevus: 12A Kirjeldus: Automaatlaadija 12V 12A, 26-200Ah akudele. K\u00fcsi hinnapakkumist erinevatele akulaadijatele Ranojast!\" \/>\n<meta property=\"og:url\" content=\"https:\/\/ranoja.ee\/toode\/akulaadija-12v-12ah-c-pwr\/\" \/>\n<meta property=\"og:site_name\" content=\"Ranoja\" \/>\n<meta property=\"article:publisher\" content=\"https:\/\/www.facebook.com\/ranoja.ee\" \/>\n<meta property=\"article:modified_time\" content=\"2025-12-10T13:10:36+00:00\" \/>\n<meta property=\"og:image\" content=\"https:\/\/ranoja.ee\/wp-content\/uploads\/2024\/02\/Akulaadija-12V-12ah-C-PWR-kiirlaadija.jpg\" \/>\n\t<meta property=\"og:image:width\" content=\"400\" \/>\n\t<meta property=\"og:image:height\" content=\"300\" \/>\n\t<meta property=\"og:image:type\" content=\"image\/jpeg\" \/>\n<meta name=\"twitter:card\" content=\"summary_large_image\" \/>\n<meta name=\"twitter:label1\" content=\"Est. reading time\" \/>\n\t<meta name=\"twitter:data1\" content=\"2 minutes\" \/>\n<script type=\"application\/ld+json\" class=\"yoast-schema-graph\">{\"@context\":\"https:\\\/\\\/schema.org\",\"@graph\":[{\"@type\":\"WebPage\",\"@id\":\"https:\\\/\\\/ranoja.ee\\\/toode\\\/akulaadija-12v-12ah-c-pwr\\\/\",\"url\":\"https:\\\/\\\/ranoja.ee\\\/toode\\\/akulaadija-12v-12ah-c-pwr\\\/\",\"name\":\"Akulaadija 12V 12ah C-PWR\",\"isPartOf\":{\"@id\":\"https:\\\/\\\/ranoja.ee\\\/#website\"},\"primaryImageOfPage\":{\"@id\":\"https:\\\/\\\/ranoja.ee\\\/toode\\\/akulaadija-12v-12ah-c-pwr\\\/#primaryimage\"},\"image\":{\"@id\":\"https:\\\/\\\/ranoja.ee\\\/toode\\\/akulaadija-12v-12ah-c-pwr\\\/#primaryimage\"},\"thumbnailUrl\":\"https:\\\/\\\/ranoja.ee\\\/wp-content\\\/uploads\\\/2024\\\/02\\\/Akulaadija-12V-12ah-C-PWR-kiirlaadija.jpg\",\"datePublished\":\"2024-02-29T12:44:28+00:00\",\"dateModified\":\"2025-12-10T13:10:36+00:00\",\"description\":\"Akulaadija 12V 12ah C-PWR Voolutugevus: 12A Kirjeldus: Automaatlaadija 12V 12A, 26-200Ah akudele. K\u00fcsi hinnapakkumist erinevatele akulaadijatele Ranojast!\",\"breadcrumb\":{\"@id\":\"https:\\\/\\\/ranoja.ee\\\/toode\\\/akulaadija-12v-12ah-c-pwr\\\/#breadcrumb\"},\"inLanguage\":\"en-US\",\"potentialAction\":[{\"@type\":\"ReadAction\",\"target\":[\"https:\\\/\\\/ranoja.ee\\\/toode\\\/akulaadija-12v-12ah-c-pwr\\\/\"]}]},{\"@type\":\"ImageObject\",\"inLanguage\":\"en-US\",\"@id\":\"https:\\\/\\\/ranoja.ee\\\/toode\\\/akulaadija-12v-12ah-c-pwr\\\/#primaryimage\",\"url\":\"https:\\\/\\\/ranoja.ee\\\/wp-content\\\/uploads\\\/2024\\\/02\\\/Akulaadija-12V-12ah-C-PWR-kiirlaadija.jpg\",\"contentUrl\":\"https:\\\/\\\/ranoja.ee\\\/wp-content\\\/uploads\\\/2024\\\/02\\\/Akulaadija-12V-12ah-C-PWR-kiirlaadija.jpg\",\"width\":400,\"height\":300,\"caption\":\"Akulaadija 12V 12ah C-PWR kiirlaadija\"},{\"@type\":\"BreadcrumbList\",\"@id\":\"https:\\\/\\\/ranoja.ee\\\/toode\\\/akulaadija-12v-12ah-c-pwr\\\/#breadcrumb\",\"itemListElement\":[{\"@type\":\"ListItem\",\"position\":1,\"name\":\"Home\",\"item\":\"https:\\\/\\\/ranoja.ee\\\/\"},{\"@type\":\"ListItem\",\"position\":2,\"name\":\"Shop\",\"item\":\"https:\\\/\\\/ranoja.ee\\\/en\\\/shop\\\/\"},{\"@type\":\"ListItem\",\"position\":3,\"name\":\"Akulaadija 12V 12ah C-PWR\"}]},{\"@type\":\"WebSite\",\"@id\":\"https:\\\/\\\/ranoja.ee\\\/#website\",\"url\":\"https:\\\/\\\/ranoja.ee\\\/\",\"name\":\"Ranoja\",\"description\":\"Equipment Shop WooCommerce WordPress Theme for Machine &amp; Tools\",\"publisher\":{\"@id\":\"https:\\\/\\\/ranoja.ee\\\/#organization\"},\"potentialAction\":[{\"@type\":\"SearchAction\",\"target\":{\"@type\":\"EntryPoint\",\"urlTemplate\":\"https:\\\/\\\/ranoja.ee\\\/?s={search_term_string}\"},\"query-input\":{\"@type\":\"PropertyValueSpecification\",\"valueRequired\":true,\"valueName\":\"search_term_string\"}}],\"inLanguage\":\"en-US\"},{\"@type\":\"Organization\",\"@id\":\"https:\\\/\\\/ranoja.ee\\\/#organization\",\"name\":\"Ranoja O\u00dc\",\"url\":\"https:\\\/\\\/ranoja.ee\\\/\",\"logo\":{\"@type\":\"ImageObject\",\"inLanguage\":\"en-US\",\"@id\":\"https:\\\/\\\/ranoja.ee\\\/#\\\/schema\\\/logo\\\/image\\\/\",\"url\":\"https:\\\/\\\/ranoja.ee\\\/wp-content\\\/uploads\\\/2023\\\/11\\\/ranoja-Logo.png\",\"contentUrl\":\"https:\\\/\\\/ranoja.ee\\\/wp-content\\\/uploads\\\/2023\\\/11\\\/ranoja-Logo.png\",\"width\":207,\"height\":58,\"caption\":\"Ranoja O\u00dc\"},\"image\":{\"@id\":\"https:\\\/\\\/ranoja.ee\\\/#\\\/schema\\\/logo\\\/image\\\/\"},\"sameAs\":[\"https:\\\/\\\/www.facebook.com\\\/ranoja.ee\",\"https:\\\/\\\/www.instagram.com\\\/ranoja__\\\/\"]}]}<\/script>\n<!-- \/ Yoast SEO plugin. -->","yoast_head_json":{"title":"Akulaadija 12V 12ah C-PWR","description":"Akulaadija 12V 12ah C-PWR Voolutugevus: 12A Kirjeldus: Automaatlaadija 12V 12A, 26-200Ah akudele. K\u00fcsi hinnapakkumist erinevatele akulaadijatele Ranojast!","robots":{"index":"index","follow":"follow","max-snippet":"max-snippet:-1","max-image-preview":"max-image-preview:large","max-video-preview":"max-video-preview:-1"},"canonical":"https:\/\/ranoja.ee\/toode\/akulaadija-12v-12ah-c-pwr\/","og_locale":"en_US","og_type":"article","og_title":"Akulaadija 12V 12ah C-PWR","og_description":"Akulaadija 12V 12ah C-PWR Voolutugevus: 12A Kirjeldus: Automaatlaadija 12V 12A, 26-200Ah akudele. K\u00fcsi hinnapakkumist erinevatele akulaadijatele Ranojast!","og_url":"https:\/\/ranoja.ee\/toode\/akulaadija-12v-12ah-c-pwr\/","og_site_name":"Ranoja","article_publisher":"https:\/\/www.facebook.com\/ranoja.ee","article_modified_time":"2025-12-10T13:10:36+00:00","og_image":[{"width":400,"height":300,"url":"https:\/\/ranoja.ee\/wp-content\/uploads\/2024\/02\/Akulaadija-12V-12ah-C-PWR-kiirlaadija.jpg","type":"image\/jpeg"}],"twitter_card":"summary_large_image","twitter_misc":{"Est. reading time":"2 minutes"},"schema":{"@context":"https:\/\/schema.org","@graph":[{"@type":"WebPage","@id":"https:\/\/ranoja.ee\/toode\/akulaadija-12v-12ah-c-pwr\/","url":"https:\/\/ranoja.ee\/toode\/akulaadija-12v-12ah-c-pwr\/","name":"Akulaadija 12V 12ah C-PWR","isPartOf":{"@id":"https:\/\/ranoja.ee\/#website"},"primaryImageOfPage":{"@id":"https:\/\/ranoja.ee\/toode\/akulaadija-12v-12ah-c-pwr\/#primaryimage"},"image":{"@id":"https:\/\/ranoja.ee\/toode\/akulaadija-12v-12ah-c-pwr\/#primaryimage"},"thumbnailUrl":"https:\/\/ranoja.ee\/wp-content\/uploads\/2024\/02\/Akulaadija-12V-12ah-C-PWR-kiirlaadija.jpg","datePublished":"2024-02-29T12:44:28+00:00","dateModified":"2025-12-10T13:10:36+00:00","description":"Akulaadija 12V 12ah C-PWR Voolutugevus: 12A Kirjeldus: Automaatlaadija 12V 12A, 26-200Ah akudele. K\u00fcsi hinnapakkumist erinevatele akulaadijatele Ranojast!","breadcrumb":{"@id":"https:\/\/ranoja.ee\/toode\/akulaadija-12v-12ah-c-pwr\/#breadcrumb"},"inLanguage":"en-US","potentialAction":[{"@type":"ReadAction","target":["https:\/\/ranoja.ee\/toode\/akulaadija-12v-12ah-c-pwr\/"]}]},{"@type":"ImageObject","inLanguage":"en-US","@id":"https:\/\/ranoja.ee\/toode\/akulaadija-12v-12ah-c-pwr\/#primaryimage","url":"https:\/\/ranoja.ee\/wp-content\/uploads\/2024\/02\/Akulaadija-12V-12ah-C-PWR-kiirlaadija.jpg","contentUrl":"https:\/\/ranoja.ee\/wp-content\/uploads\/2024\/02\/Akulaadija-12V-12ah-C-PWR-kiirlaadija.jpg","width":400,"height":300,"caption":"Akulaadija 12V 12ah C-PWR kiirlaadija"},{"@type":"BreadcrumbList","@id":"https:\/\/ranoja.ee\/toode\/akulaadija-12v-12ah-c-pwr\/#breadcrumb","itemListElement":[{"@type":"ListItem","position":1,"name":"Home","item":"https:\/\/ranoja.ee\/"},{"@type":"ListItem","position":2,"name":"Shop","item":"https:\/\/ranoja.ee\/en\/shop\/"},{"@type":"ListItem","position":3,"name":"Akulaadija 12V 12ah C-PWR"}]},{"@type":"WebSite","@id":"https:\/\/ranoja.ee\/#website","url":"https:\/\/ranoja.ee\/","name":"Ranoja","description":"Equipment Shop WooCommerce WordPress Theme for Machine &amp; Tools","publisher":{"@id":"https:\/\/ranoja.ee\/#organization"},"potentialAction":[{"@type":"SearchAction","target":{"@type":"EntryPoint","urlTemplate":"https:\/\/ranoja.ee\/?s={search_term_string}"},"query-input":{"@type":"PropertyValueSpecification","valueRequired":true,"valueName":"search_term_string"}}],"inLanguage":"en-US"},{"@type":"Organization","@id":"https:\/\/ranoja.ee\/#organization","name":"Ranoja O\u00dc","url":"https:\/\/ranoja.ee\/","logo":{"@type":"ImageObject","inLanguage":"en-US","@id":"https:\/\/ranoja.ee\/#\/schema\/logo\/image\/","url":"https:\/\/ranoja.ee\/wp-content\/uploads\/2023\/11\/ranoja-Logo.png","contentUrl":"https:\/\/ranoja.ee\/wp-content\/uploads\/2023\/11\/ranoja-Logo.png","width":207,"height":58,"caption":"Ranoja O\u00dc"},"image":{"@id":"https:\/\/ranoja.ee\/#\/schema\/logo\/image\/"},"sameAs":["https:\/\/www.facebook.com\/ranoja.ee","https:\/\/www.instagram.com\/ranoja__\/"]}]}},"_links":{"self":[{"href":"https:\/\/ranoja.ee\/en\/wp-json\/wp\/v2\/product\/8424","targetHints":{"allow":["GET"]}}],"collection":[{"href":"https:\/\/ranoja.ee\/en\/wp-json\/wp\/v2\/product"}],"about":[{"href":"https:\/\/ranoja.ee\/en\/wp-json\/wp\/v2\/types\/product"}],"wp:featuredmedia":[{"embeddable":true,"href":"https:\/\/ranoja.ee\/en\/wp-json\/wp\/v2\/media\/8425"}],"wp:attachment":[{"href":"https:\/\/ranoja.ee\/en\/wp-json\/wp\/v2\/media?parent=8424"}],"wp:term":[{"taxonomy":"product_cat","embeddable":true,"href":"https:\/\/ranoja.ee\/en\/wp-json\/wp\/v2\/product_cat?post=8424"},{"taxonomy":"product_tag","embeddable":true,"href":"https:\/\/ranoja.ee\/en\/wp-json\/wp\/v2\/product_tag?post=8424"}],"curies":[{"name":"wp","href":"https:\/\/api.w.org\/{rel}","templated":true}]}}