{"id":8386,"date":"2024-02-28T16:31:33","date_gmt":"2024-02-28T13:31:33","guid":{"rendered":"https:\/\/www.ranoja.ee\/?post_type=product&#038;p=8386"},"modified":"2025-12-10T13:14:44","modified_gmt":"2025-12-10T10:14:44","slug":"lumag-md-500eproh-elektriline-minikallur","status":"publish","type":"product","link":"https:\/\/ranoja.ee\/en\/toode\/lumag-md-500eproh-elektriline-minikallur\/","title":{"rendered":"Lumag MD 500EPROH elektriline minikallur"},"content":{"rendered":"<p>Lumag MD 500EPROH elektriline minikallur<br \/>\nMeie uusim mudel ja ehituse tulevik era- ja \u00e4risektoris. Akutoitega elektriline kallur koos rataste veoga ja 500 kg kandev\u00f5imega ei tekita heitmeid ning seda saab kasutada nii sise- kui ka v\u00e4listingimustes. Lisaks pakub see kallur praktilist h\u00fcdraulilist kallutusfunktsiooni k\u00fcna vaevata t\u00fchjendamiseks. See masin on ideaalne abimees seal, kus ei soovi heitgaase ega m\u00fcra. Ja talvel kasutage oma hoovist v\u00f5i s\u00f5iduteelt lume koristamiseks sobiva lumesaha teraga masinat.<\/p>\n<p>MD500EPRO-H on meie uusim akutoitel elektriliste kallurite mudel. Mudel valmistati Saksa arendust\u00f6\u00f6 j\u00e4rgi ja avaldab muljet oma tugeva disaini ja h\u00f5lpsa kasutamisega. Elektromagnetilised pidurid ja h\u00fcdrauliline kallutusfunktsioon muudavad t\u00f6\u00f6 lihtsaks ja ohutuks.<br \/>\nLumag MD 500EPROH elektriline minikallur<\/p>\n<p>Akutoitel minikallurid on v\u00e4ikesed, kompaktsed ja keskkonnas\u00f5bralikud masinad, mis on muutunud \u00fcha populaarsemaks nii ehitus- kui ka aiandust\u00f6\u00f6del. Siin on m\u00f5ned n\u00e4ited nende kasutamisest:<\/p>\n<p>Ehituses:<br \/>\nMaterjalide transport: Akutoitel minikallurid on ideaalsed materjalide, nagu muld, kruus, liiv, tellised jne, transportimiseks ehitusplatsil. Nende kompaktsus v\u00f5imaldab juurdep\u00e4\u00e4su ka kitsastes ja raskesti ligip\u00e4\u00e4setavates kohtades.<\/p>\n<p>J\u00e4\u00e4tmete ja prahi \u00e4ravedu: Ehitusplatsidel tekib sageli j\u00e4\u00e4tmeid ja pr\u00fcgi, mida tuleb regulaarselt eemaldada. Akutoitel minikallurid v\u00f5imaldavad mugavalt ja kiirelt j\u00e4\u00e4tmete kogumist ja \u00e4ravedu.<\/p>\n<p>Kallutusfunktsiooniga: Paljudel akutoitel minikalluritel on kallutusfunktsioon, mis v\u00f5imaldab kiiret ja lihtsat materjalide mahapanekut v\u00f5i laadimist. See teeb nende kasutamise ehitusplatsil eriti efektiivseks.<\/p>\n<p>Lumag on tuntud ja usaldusv\u00e4\u00e4rne br\u00e4nd, mis on spetsialiseerunud kvaliteetsete ehitustehnika tarvikute ja seadmete tootmisele. Br\u00e4ndi nimi on saanud tuntuks oma tipptasemel toodete, innovatsiooni ja vastutustundliku \u00e4ritegevuse poolest.<\/p>\n<p>Ettev\u00f5te on tuntud oma tehnoloogilise innovatsiooni poolest, p\u00fc\u00fcdes pidevalt uuendada ja parandada oma tooteid vastavalt turu n\u00f5udmistele. Lumagi insenerid ja disainerid keskenduvad mitte ainult t\u00f5hususele ja vastupidavusele, vaid ka keskkonnas\u00f5bralike lahenduste leidmisele, et v\u00e4hendada \u00f6koloogilist jalaj\u00e4lge.<\/p>\n<p>Lumag on p\u00fchendunud ka klientide rahulolu tagamisele, pakkudes tipptasemel teenindust ja usaldusv\u00e4\u00e4rset tuge. Nende klientideks on nii suured ehitusettev\u00f5tted kui ka v\u00e4iksemad kohalikud ettev\u00f5tted ning kodukasutajad, kes hindavad vastupidavust ja j\u00f5udlust.<br \/>\n<img decoding=\"async\" src=\"https:\/\/www.ranoja.ee\/wp-content\/uploads\/2023\/07\/LUMAG_Germany_logo_black-300x105.png\" alt=\"\" width=\"300\" height=\"105\" class=\"alignnone size-medium wp-image-5899\" srcset=\"https:\/\/ranoja.ee\/wp-content\/uploads\/2023\/07\/LUMAG_Germany_logo_black-300x105.png 300w, https:\/\/ranoja.ee\/wp-content\/uploads\/2023\/07\/LUMAG_Germany_logo_black-768x270.png 768w, https:\/\/ranoja.ee\/wp-content\/uploads\/2023\/07\/LUMAG_Germany_logo_black-850x299.png 850w, https:\/\/ranoja.ee\/wp-content\/uploads\/2023\/07\/LUMAG_Germany_logo_black-800x281.png 800w, https:\/\/ranoja.ee\/wp-content\/uploads\/2023\/07\/LUMAG_Germany_logo_black.png 852w\" sizes=\"(max-width: 300px) 100vw, 300px\" \/><\/p>\n","protected":false},"excerpt":{"rendered":"<p>Lumag MD 500EPROH elektriline minikallur<\/p>\n<p>V\u00f5imsus: 750w, 48v<br \/>\nToide: 32ah (4akut iga aku 12v)<br \/>\nKasti m\u00f5\u00f5dud: 1135x820x380mm<br \/>\nKande v\u00f5ime: 500kg<br \/>\n<strong>H\u00fcdrauliline kallutamine!<\/strong><br \/>\nLed valgustus<br \/>\nT\u00f6\u00f6 aeg: 8h<br \/>\nLaadimine: 7h ( juhul kui aku on t\u00e4iesti t\u00fchi)<br \/>\nLiikumine: edasi 5km\/h ja tagasi 2,5km\/h<br \/>\nRehivd: esimesed 6,50-8 tolli\/ tagumised 3,50 \u2013 4 tolli<br \/>\nMasina enda kaal: 178kg<br \/>\nMasina m\u00f5\u00f5dud: P\/L\/K 1660x820x1085mm<\/p>\n<p><span style=\"color: #000000;\"><strong>Garantii 1 aasta (eraisikule 2 aastat)<\/strong><\/span><br \/>\n<strong>Seadme eeldatav tarneaeg 2-3 n\u00e4dalat<\/strong><\/p>\n","protected":false},"featured_media":8387,"template":"","meta":{"inline_featured_image":false},"product_cat":[1090,99],"product_tag":[134,1288,346],"class_list":{"0":"post-8386","1":"product","2":"type-product","3":"status-publish","4":"has-post-thumbnail","6":"product_brand-lumag","7":"product_cat-ehitustehnika","8":"product_cat-minikallurid","9":"product_tag-lumag","10":"product_tag-lumag-md-500eproh","11":"product_tag-minikallur","13":"first","14":"instock","15":"taxable","16":"shipping-taxable","17":"purchasable","18":"product-type-simple"},"yoast_head":"<!-- This site is optimized with the Yoast SEO plugin v27.4 - https:\/\/yoast.com\/product\/yoast-seo-wordpress\/ -->\n<title>Lumag MD 500EPROH elektriline minikallur<\/title>\n<meta name=\"description\" content=\"Lumag MD 500EPROH elektriline minikallur. Lisaks pakub see kallur praktilist h\u00fcdraulilist kallutusfunktsiooni kasti vaevata t\u00fchjendamiseks.\" \/>\n<meta name=\"robots\" content=\"index, follow, max-snippet:-1, max-image-preview:large, max-video-preview:-1\" \/>\n<link rel=\"canonical\" href=\"https:\/\/ranoja.ee\/toode\/lumag-md-500eproh-elektriline-minikallur\/\" \/>\n<meta property=\"og:locale\" content=\"en_US\" \/>\n<meta property=\"og:type\" content=\"article\" \/>\n<meta property=\"og:title\" content=\"Lumag MD 500EPROH elektriline minikallur\" \/>\n<meta property=\"og:description\" content=\"Lumag MD 500EPROH elektriline minikallur. Lisaks pakub see kallur praktilist h\u00fcdraulilist kallutusfunktsiooni kasti vaevata t\u00fchjendamiseks.\" \/>\n<meta property=\"og:url\" content=\"https:\/\/ranoja.ee\/toode\/lumag-md-500eproh-elektriline-minikallur\/\" \/>\n<meta property=\"og:site_name\" content=\"Ranoja\" \/>\n<meta property=\"article:publisher\" content=\"https:\/\/www.facebook.com\/ranoja.ee\" \/>\n<meta property=\"article:modified_time\" content=\"2025-12-10T10:14:44+00:00\" \/>\n<meta property=\"og:image\" content=\"https:\/\/ranoja.ee\/wp-content\/uploads\/2024\/02\/Lumag-MD-500EPROH-elektriline-minikallur-dumper-akutoitel-aiakaru-mootoriga-aiakaru.png\" \/>\n\t<meta property=\"og:image:width\" content=\"1500\" \/>\n\t<meta property=\"og:image:height\" content=\"1500\" \/>\n\t<meta property=\"og:image:type\" content=\"image\/png\" \/>\n<meta name=\"twitter:card\" content=\"summary_large_image\" \/>\n<meta name=\"twitter:label1\" content=\"Est. reading time\" \/>\n\t<meta name=\"twitter:data1\" content=\"1 minute\" \/>\n<script type=\"application\/ld+json\" class=\"yoast-schema-graph\">{\"@context\":\"https:\\\/\\\/schema.org\",\"@graph\":[{\"@type\":\"WebPage\",\"@id\":\"https:\\\/\\\/ranoja.ee\\\/toode\\\/lumag-md-500eproh-elektriline-minikallur\\\/\",\"url\":\"https:\\\/\\\/ranoja.ee\\\/toode\\\/lumag-md-500eproh-elektriline-minikallur\\\/\",\"name\":\"Lumag MD 500EPROH elektriline minikallur\",\"isPartOf\":{\"@id\":\"https:\\\/\\\/ranoja.ee\\\/#website\"},\"primaryImageOfPage\":{\"@id\":\"https:\\\/\\\/ranoja.ee\\\/toode\\\/lumag-md-500eproh-elektriline-minikallur\\\/#primaryimage\"},\"image\":{\"@id\":\"https:\\\/\\\/ranoja.ee\\\/toode\\\/lumag-md-500eproh-elektriline-minikallur\\\/#primaryimage\"},\"thumbnailUrl\":\"https:\\\/\\\/ranoja.ee\\\/wp-content\\\/uploads\\\/2024\\\/02\\\/Lumag-MD-500EPROH-elektriline-minikallur-dumper-akutoitel-aiakaru-mootoriga-aiakaru.png\",\"datePublished\":\"2024-02-28T13:31:33+00:00\",\"dateModified\":\"2025-12-10T10:14:44+00:00\",\"description\":\"Lumag MD 500EPROH elektriline minikallur. Lisaks pakub see kallur praktilist h\u00fcdraulilist kallutusfunktsiooni kasti vaevata t\u00fchjendamiseks.\",\"breadcrumb\":{\"@id\":\"https:\\\/\\\/ranoja.ee\\\/toode\\\/lumag-md-500eproh-elektriline-minikallur\\\/#breadcrumb\"},\"inLanguage\":\"en-US\",\"potentialAction\":[{\"@type\":\"ReadAction\",\"target\":[\"https:\\\/\\\/ranoja.ee\\\/toode\\\/lumag-md-500eproh-elektriline-minikallur\\\/\"]}]},{\"@type\":\"ImageObject\",\"inLanguage\":\"en-US\",\"@id\":\"https:\\\/\\\/ranoja.ee\\\/toode\\\/lumag-md-500eproh-elektriline-minikallur\\\/#primaryimage\",\"url\":\"https:\\\/\\\/ranoja.ee\\\/wp-content\\\/uploads\\\/2024\\\/02\\\/Lumag-MD-500EPROH-elektriline-minikallur-dumper-akutoitel-aiakaru-mootoriga-aiakaru.png\",\"contentUrl\":\"https:\\\/\\\/ranoja.ee\\\/wp-content\\\/uploads\\\/2024\\\/02\\\/Lumag-MD-500EPROH-elektriline-minikallur-dumper-akutoitel-aiakaru-mootoriga-aiakaru.png\",\"width\":1500,\"height\":1500,\"caption\":\"Lumag MD 500EPROH elektriline minikallur dumper akutoitel aiak\u00e4ru mootoriga aiak\u00e4ru\"},{\"@type\":\"BreadcrumbList\",\"@id\":\"https:\\\/\\\/ranoja.ee\\\/toode\\\/lumag-md-500eproh-elektriline-minikallur\\\/#breadcrumb\",\"itemListElement\":[{\"@type\":\"ListItem\",\"position\":1,\"name\":\"Home\",\"item\":\"https:\\\/\\\/ranoja.ee\\\/\"},{\"@type\":\"ListItem\",\"position\":2,\"name\":\"Shop\",\"item\":\"https:\\\/\\\/ranoja.ee\\\/en\\\/shop\\\/\"},{\"@type\":\"ListItem\",\"position\":3,\"name\":\"Lumag MD 500EPROH elektriline minikallur\"}]},{\"@type\":\"WebSite\",\"@id\":\"https:\\\/\\\/ranoja.ee\\\/#website\",\"url\":\"https:\\\/\\\/ranoja.ee\\\/\",\"name\":\"Ranoja\",\"description\":\"Equipment Shop WooCommerce WordPress Theme for Machine &amp; Tools\",\"publisher\":{\"@id\":\"https:\\\/\\\/ranoja.ee\\\/#organization\"},\"potentialAction\":[{\"@type\":\"SearchAction\",\"target\":{\"@type\":\"EntryPoint\",\"urlTemplate\":\"https:\\\/\\\/ranoja.ee\\\/?s={search_term_string}\"},\"query-input\":{\"@type\":\"PropertyValueSpecification\",\"valueRequired\":true,\"valueName\":\"search_term_string\"}}],\"inLanguage\":\"en-US\"},{\"@type\":\"Organization\",\"@id\":\"https:\\\/\\\/ranoja.ee\\\/#organization\",\"name\":\"Ranoja O\u00dc\",\"url\":\"https:\\\/\\\/ranoja.ee\\\/\",\"logo\":{\"@type\":\"ImageObject\",\"inLanguage\":\"en-US\",\"@id\":\"https:\\\/\\\/ranoja.ee\\\/#\\\/schema\\\/logo\\\/image\\\/\",\"url\":\"https:\\\/\\\/ranoja.ee\\\/wp-content\\\/uploads\\\/2023\\\/11\\\/ranoja-Logo.png\",\"contentUrl\":\"https:\\\/\\\/ranoja.ee\\\/wp-content\\\/uploads\\\/2023\\\/11\\\/ranoja-Logo.png\",\"width\":207,\"height\":58,\"caption\":\"Ranoja O\u00dc\"},\"image\":{\"@id\":\"https:\\\/\\\/ranoja.ee\\\/#\\\/schema\\\/logo\\\/image\\\/\"},\"sameAs\":[\"https:\\\/\\\/www.facebook.com\\\/ranoja.ee\",\"https:\\\/\\\/www.instagram.com\\\/ranoja__\\\/\"]}]}<\/script>\n<!-- \/ Yoast SEO plugin. -->","yoast_head_json":{"title":"Lumag MD 500EPROH elektriline minikallur","description":"Lumag MD 500EPROH elektriline minikallur. Lisaks pakub see kallur praktilist h\u00fcdraulilist kallutusfunktsiooni kasti vaevata t\u00fchjendamiseks.","robots":{"index":"index","follow":"follow","max-snippet":"max-snippet:-1","max-image-preview":"max-image-preview:large","max-video-preview":"max-video-preview:-1"},"canonical":"https:\/\/ranoja.ee\/toode\/lumag-md-500eproh-elektriline-minikallur\/","og_locale":"en_US","og_type":"article","og_title":"Lumag MD 500EPROH elektriline minikallur","og_description":"Lumag MD 500EPROH elektriline minikallur. Lisaks pakub see kallur praktilist h\u00fcdraulilist kallutusfunktsiooni kasti vaevata t\u00fchjendamiseks.","og_url":"https:\/\/ranoja.ee\/toode\/lumag-md-500eproh-elektriline-minikallur\/","og_site_name":"Ranoja","article_publisher":"https:\/\/www.facebook.com\/ranoja.ee","article_modified_time":"2025-12-10T10:14:44+00:00","og_image":[{"width":1500,"height":1500,"url":"https:\/\/ranoja.ee\/wp-content\/uploads\/2024\/02\/Lumag-MD-500EPROH-elektriline-minikallur-dumper-akutoitel-aiakaru-mootoriga-aiakaru.png","type":"image\/png"}],"twitter_card":"summary_large_image","twitter_misc":{"Est. reading time":"1 minute"},"schema":{"@context":"https:\/\/schema.org","@graph":[{"@type":"WebPage","@id":"https:\/\/ranoja.ee\/toode\/lumag-md-500eproh-elektriline-minikallur\/","url":"https:\/\/ranoja.ee\/toode\/lumag-md-500eproh-elektriline-minikallur\/","name":"Lumag MD 500EPROH elektriline minikallur","isPartOf":{"@id":"https:\/\/ranoja.ee\/#website"},"primaryImageOfPage":{"@id":"https:\/\/ranoja.ee\/toode\/lumag-md-500eproh-elektriline-minikallur\/#primaryimage"},"image":{"@id":"https:\/\/ranoja.ee\/toode\/lumag-md-500eproh-elektriline-minikallur\/#primaryimage"},"thumbnailUrl":"https:\/\/ranoja.ee\/wp-content\/uploads\/2024\/02\/Lumag-MD-500EPROH-elektriline-minikallur-dumper-akutoitel-aiakaru-mootoriga-aiakaru.png","datePublished":"2024-02-28T13:31:33+00:00","dateModified":"2025-12-10T10:14:44+00:00","description":"Lumag MD 500EPROH elektriline minikallur. Lisaks pakub see kallur praktilist h\u00fcdraulilist kallutusfunktsiooni kasti vaevata t\u00fchjendamiseks.","breadcrumb":{"@id":"https:\/\/ranoja.ee\/toode\/lumag-md-500eproh-elektriline-minikallur\/#breadcrumb"},"inLanguage":"en-US","potentialAction":[{"@type":"ReadAction","target":["https:\/\/ranoja.ee\/toode\/lumag-md-500eproh-elektriline-minikallur\/"]}]},{"@type":"ImageObject","inLanguage":"en-US","@id":"https:\/\/ranoja.ee\/toode\/lumag-md-500eproh-elektriline-minikallur\/#primaryimage","url":"https:\/\/ranoja.ee\/wp-content\/uploads\/2024\/02\/Lumag-MD-500EPROH-elektriline-minikallur-dumper-akutoitel-aiakaru-mootoriga-aiakaru.png","contentUrl":"https:\/\/ranoja.ee\/wp-content\/uploads\/2024\/02\/Lumag-MD-500EPROH-elektriline-minikallur-dumper-akutoitel-aiakaru-mootoriga-aiakaru.png","width":1500,"height":1500,"caption":"Lumag MD 500EPROH elektriline minikallur dumper akutoitel aiak\u00e4ru mootoriga aiak\u00e4ru"},{"@type":"BreadcrumbList","@id":"https:\/\/ranoja.ee\/toode\/lumag-md-500eproh-elektriline-minikallur\/#breadcrumb","itemListElement":[{"@type":"ListItem","position":1,"name":"Home","item":"https:\/\/ranoja.ee\/"},{"@type":"ListItem","position":2,"name":"Shop","item":"https:\/\/ranoja.ee\/en\/shop\/"},{"@type":"ListItem","position":3,"name":"Lumag MD 500EPROH elektriline minikallur"}]},{"@type":"WebSite","@id":"https:\/\/ranoja.ee\/#website","url":"https:\/\/ranoja.ee\/","name":"Ranoja","description":"Equipment Shop WooCommerce WordPress Theme for Machine &amp; Tools","publisher":{"@id":"https:\/\/ranoja.ee\/#organization"},"potentialAction":[{"@type":"SearchAction","target":{"@type":"EntryPoint","urlTemplate":"https:\/\/ranoja.ee\/?s={search_term_string}"},"query-input":{"@type":"PropertyValueSpecification","valueRequired":true,"valueName":"search_term_string"}}],"inLanguage":"en-US"},{"@type":"Organization","@id":"https:\/\/ranoja.ee\/#organization","name":"Ranoja O\u00dc","url":"https:\/\/ranoja.ee\/","logo":{"@type":"ImageObject","inLanguage":"en-US","@id":"https:\/\/ranoja.ee\/#\/schema\/logo\/image\/","url":"https:\/\/ranoja.ee\/wp-content\/uploads\/2023\/11\/ranoja-Logo.png","contentUrl":"https:\/\/ranoja.ee\/wp-content\/uploads\/2023\/11\/ranoja-Logo.png","width":207,"height":58,"caption":"Ranoja O\u00dc"},"image":{"@id":"https:\/\/ranoja.ee\/#\/schema\/logo\/image\/"},"sameAs":["https:\/\/www.facebook.com\/ranoja.ee","https:\/\/www.instagram.com\/ranoja__\/"]}]}},"_links":{"self":[{"href":"https:\/\/ranoja.ee\/en\/wp-json\/wp\/v2\/product\/8386","targetHints":{"allow":["GET"]}}],"collection":[{"href":"https:\/\/ranoja.ee\/en\/wp-json\/wp\/v2\/product"}],"about":[{"href":"https:\/\/ranoja.ee\/en\/wp-json\/wp\/v2\/types\/product"}],"wp:featuredmedia":[{"embeddable":true,"href":"https:\/\/ranoja.ee\/en\/wp-json\/wp\/v2\/media\/8387"}],"wp:attachment":[{"href":"https:\/\/ranoja.ee\/en\/wp-json\/wp\/v2\/media?parent=8386"}],"wp:term":[{"taxonomy":"product_cat","embeddable":true,"href":"https:\/\/ranoja.ee\/en\/wp-json\/wp\/v2\/product_cat?post=8386"},{"taxonomy":"product_tag","embeddable":true,"href":"https:\/\/ranoja.ee\/en\/wp-json\/wp\/v2\/product_tag?post=8386"}],"curies":[{"name":"wp","href":"https:\/\/api.w.org\/{rel}","templated":true}]}}