{"id":8373,"date":"2024-02-28T16:03:11","date_gmt":"2024-02-28T13:03:11","guid":{"rendered":"https:\/\/www.ranoja.ee\/?post_type=product&#038;p=8373"},"modified":"2025-12-10T13:14:44","modified_gmt":"2025-12-10T10:14:44","slug":"lumag-md500epro-elektriline-minikallur","status":"publish","type":"product","link":"https:\/\/ranoja.ee\/en\/toode\/lumag-md500epro-elektriline-minikallur\/","title":{"rendered":"Lumag MD500EPRO elektriline minikallur"},"content":{"rendered":"<p>Lumag MD500EPRO elektriline minikallur<br \/>\nAvastage Lumag MD500 E-Pro \u2013 keskkonnas\u00f5bralik ja v\u00f5imas elektriline kallur, mis aitab teid k\u00f5igis transpordit\u00f6\u00f6des. MD500 E-Pro on t\u00e4iuslik abimees paljudes t\u00f6\u00f6stusharudes ja mitmesuguste tegevuste jaoks. Madala m\u00fcratasemega elektriajamiga veab see vaevata kuni 500 kg kaaluvaid koormaid. <\/p>\n<p>T\u00e4nu \u00f5hukesele disainile ja kompaktsetele m\u00f5\u00f5tmetele on MD500 E-Pro ideaalne kasutamiseks kitsastes kohtades. Kohale p\u00e4\u00e4sete turvaliselt kitsaste v\u00e4ravate ja radade kaudu. Tarnekomplekt sisaldab 48 V laadijat ja akukomplekti (4 x 12 V, 32 Ah), et saaksite kohe alustada.<br \/>\nGaasvedrud muudavad raskete koormate v\u00e4ljakallutamise palju lihtsamaks ja v\u00f5imaldavad h\u00f5lpsat mahalaadimist. Elektrilist kallurit saab kasutada ka siseruumides ilma keskkonda reostamata. Kaasa arvatud LED-valgustus, on MD500 E-Pro igal ajal kasutamiseks valmis, isegi halbades valgustingimustes.<br \/>\nVaadake ise Lumag MD500 E-Pro mitmek\u00fclgseid rakendusv\u00f5imalusi ja j\u00f5udlust. Muutke oma elu lihtsamaks ja t\u00f6\u00f6tage selle v\u00f5imsa abimehega t\u00f5husamalt.<br \/>\nLumag MD500EPRO elektriline minikallur<\/p>\n<p>Ehituses:<br \/>\nMaterjalide transport: Akutoitel minikallurid on ideaalsed materjalide, nagu muld, kruus, liiv, tellised jne, transportimiseks ehitusplatsil. Nende kompaktsus v\u00f5imaldab juurdep\u00e4\u00e4su ka kitsastes ja raskesti ligip\u00e4\u00e4setavates kohtades.<\/p>\n<p>J\u00e4\u00e4tmete ja prahi \u00e4ravedu: Ehitusplatsidel tekib sageli j\u00e4\u00e4tmeid ja pr\u00fcgi, mida tuleb regulaarselt eemaldada. Akutoitel minikallurid v\u00f5imaldavad mugavalt ja kiirelt j\u00e4\u00e4tmete kogumist ja \u00e4ravedu.<\/p>\n<p>Aianduses:<br \/>\nMaterjalide ja istikute transport: Akutoitel minikallurid on kasulikud aiandust\u00f6\u00f6del, aidates transportida materjale nagu muld, kompost, v\u00e4etised ja istikud erinevatesse kohtadesse aias.<\/p>\n<p>Lumag on tuntud ja usaldusv\u00e4\u00e4rne br\u00e4nd, mis on spetsialiseerunud kvaliteetsete ehitustehnika tarvikute ja seadmete tootmisele. Br\u00e4ndi nimi on saanud tuntuks oma tipptasemel toodete, innovatsiooni ja vastutustundliku \u00e4ritegevuse poolest.<\/p>\n<p>Lumag on p\u00fchendunud ka klientide rahulolu tagamisele, pakkudes tipptasemel teenindust ja usaldusv\u00e4\u00e4rset tuge. Nende klientideks on nii suured ehitusettev\u00f5tted kui ka v\u00e4iksemad kohalikud ettev\u00f5tted ning kodukasutajad, kes hindavad vastupidavust ja j\u00f5udlust.<br \/>\n<img decoding=\"async\" src=\"https:\/\/www.ranoja.ee\/wp-content\/uploads\/2023\/07\/LUMAG_Germany_logo_black-300x105.png\" alt=\"\" width=\"300\" height=\"105\" class=\"alignnone size-medium wp-image-5899\" srcset=\"https:\/\/ranoja.ee\/wp-content\/uploads\/2023\/07\/LUMAG_Germany_logo_black-300x105.png 300w, https:\/\/ranoja.ee\/wp-content\/uploads\/2023\/07\/LUMAG_Germany_logo_black-768x270.png 768w, https:\/\/ranoja.ee\/wp-content\/uploads\/2023\/07\/LUMAG_Germany_logo_black-850x299.png 850w, https:\/\/ranoja.ee\/wp-content\/uploads\/2023\/07\/LUMAG_Germany_logo_black-800x281.png 800w, https:\/\/ranoja.ee\/wp-content\/uploads\/2023\/07\/LUMAG_Germany_logo_black.png 852w\" sizes=\"(max-width: 300px) 100vw, 300px\" \/><\/p>\n","protected":false},"excerpt":{"rendered":"<p>Lumag MD500EPRO elektriline minikallur<\/p>\n<p>V\u00f5imsus: 750w, 48v<br \/>\nToide: 32ah (4akut iga aku 12v)<br \/>\nKasti m\u00f5\u00f5dud: 1135x820x380mm<br \/>\nKande v\u00f5ime: 500kg<br \/>\nKallutamine k\u00e4sitsi (gaasiamordi abiga)<br \/>\nLed valgustus<br \/>\nT\u00f6\u00f6 aeg: 8h<br \/>\nLaadimine: 7h ( juhul kui aku on t\u00e4iesti t\u00fchi)<br \/>\nLiikumine: edasi 5km\/h ja tagasi 2,5km\/h<br \/>\nRehivd: esimesed 6,50-8 tolli\/ tagumised 3,50 &#8211; 4 tolli<br \/>\nMasina enda kaal: 178kg<br \/>\nMasina m\u00f5\u00f5dud: P\/L\/K 1660x820x1085mm<\/p>\n<p><span style=\"color: #000000;\"><strong>Garantii 1 aasta (eraisikule 2 aastat)<\/strong><\/span><br \/>\n<strong><span style=\"color: #339966;\">ANTUD TOOTEGA SAAB TUTVUDA MEIE PAIDE ESINDUSES KOHAPEAL!<\/span><\/strong><\/p>\n<p>[embed]https:\/\/youtu.be\/vFMSvOokAR4[\/embed]<br \/>\n[embed]https:\/\/www.youtube.com\/shorts\/9OnjnxGzT_Y[\/embed]<\/p>\n","protected":false},"featured_media":8374,"template":"","meta":{"inline_featured_image":false},"product_cat":[1090,99],"product_tag":[134,356,346,1287],"class_list":{"0":"post-8373","1":"product","2":"type-product","3":"status-publish","4":"has-post-thumbnail","6":"product_brand-lumag","7":"product_cat-ehitustehnika","8":"product_cat-minikallurid","9":"product_tag-lumag","10":"product_tag-minidumper","11":"product_tag-minikallur","12":"product_tag-mootori","14":"first","15":"instock","16":"taxable","17":"shipping-taxable","18":"purchasable","19":"product-type-simple"},"yoast_head":"<!-- This site is optimized with the Yoast SEO plugin v27.4 - https:\/\/yoast.com\/product\/yoast-seo-wordpress\/ -->\n<title>Lumag MD500EPRO elektriline minikallur<\/title>\n<meta name=\"description\" content=\"Lumag MD500EPRO elektriline minikallur. MD500 E-Pro on t\u00e4iuslik abimees paljudes t\u00f6\u00f6stusharudes ja mitmesuguste tegevuste jaoks\" \/>\n<meta name=\"robots\" content=\"index, follow, max-snippet:-1, max-image-preview:large, max-video-preview:-1\" \/>\n<link rel=\"canonical\" href=\"https:\/\/ranoja.ee\/toode\/lumag-md500epro-elektriline-minikallur\/\" \/>\n<meta property=\"og:locale\" content=\"en_US\" \/>\n<meta property=\"og:type\" content=\"article\" \/>\n<meta property=\"og:title\" content=\"Lumag MD500EPRO elektriline minikallur\" \/>\n<meta property=\"og:description\" content=\"Lumag MD500EPRO elektriline minikallur. MD500 E-Pro on t\u00e4iuslik abimees paljudes t\u00f6\u00f6stusharudes ja mitmesuguste tegevuste jaoks\" \/>\n<meta property=\"og:url\" content=\"https:\/\/ranoja.ee\/toode\/lumag-md500epro-elektriline-minikallur\/\" \/>\n<meta property=\"og:site_name\" content=\"Ranoja\" \/>\n<meta property=\"article:publisher\" content=\"https:\/\/www.facebook.com\/ranoja.ee\" \/>\n<meta property=\"article:modified_time\" content=\"2025-12-10T10:14:44+00:00\" \/>\n<meta property=\"og:image\" content=\"https:\/\/ranoja.ee\/wp-content\/uploads\/2024\/02\/Lumag-MD500EPRO-elektriline-minikallur-dumper-aiakaru-MD-500EPRO.png\" \/>\n\t<meta property=\"og:image:width\" content=\"1500\" \/>\n\t<meta property=\"og:image:height\" content=\"1500\" \/>\n\t<meta property=\"og:image:type\" content=\"image\/png\" \/>\n<meta name=\"twitter:card\" content=\"summary_large_image\" \/>\n<meta name=\"twitter:label1\" content=\"Est. reading time\" \/>\n\t<meta name=\"twitter:data1\" content=\"2 minutes\" \/>\n<script type=\"application\/ld+json\" class=\"yoast-schema-graph\">{\"@context\":\"https:\\\/\\\/schema.org\",\"@graph\":[{\"@type\":\"WebPage\",\"@id\":\"https:\\\/\\\/ranoja.ee\\\/toode\\\/lumag-md500epro-elektriline-minikallur\\\/\",\"url\":\"https:\\\/\\\/ranoja.ee\\\/toode\\\/lumag-md500epro-elektriline-minikallur\\\/\",\"name\":\"Lumag MD500EPRO elektriline minikallur\",\"isPartOf\":{\"@id\":\"https:\\\/\\\/ranoja.ee\\\/#website\"},\"primaryImageOfPage\":{\"@id\":\"https:\\\/\\\/ranoja.ee\\\/toode\\\/lumag-md500epro-elektriline-minikallur\\\/#primaryimage\"},\"image\":{\"@id\":\"https:\\\/\\\/ranoja.ee\\\/toode\\\/lumag-md500epro-elektriline-minikallur\\\/#primaryimage\"},\"thumbnailUrl\":\"https:\\\/\\\/ranoja.ee\\\/wp-content\\\/uploads\\\/2024\\\/02\\\/Lumag-MD500EPRO-elektriline-minikallur-dumper-aiakaru-MD-500EPRO.png\",\"datePublished\":\"2024-02-28T13:03:11+00:00\",\"dateModified\":\"2025-12-10T10:14:44+00:00\",\"description\":\"Lumag MD500EPRO elektriline minikallur. MD500 E-Pro on t\u00e4iuslik abimees paljudes t\u00f6\u00f6stusharudes ja mitmesuguste tegevuste jaoks\",\"breadcrumb\":{\"@id\":\"https:\\\/\\\/ranoja.ee\\\/toode\\\/lumag-md500epro-elektriline-minikallur\\\/#breadcrumb\"},\"inLanguage\":\"en-US\",\"potentialAction\":[{\"@type\":\"ReadAction\",\"target\":[\"https:\\\/\\\/ranoja.ee\\\/toode\\\/lumag-md500epro-elektriline-minikallur\\\/\"]}]},{\"@type\":\"ImageObject\",\"inLanguage\":\"en-US\",\"@id\":\"https:\\\/\\\/ranoja.ee\\\/toode\\\/lumag-md500epro-elektriline-minikallur\\\/#primaryimage\",\"url\":\"https:\\\/\\\/ranoja.ee\\\/wp-content\\\/uploads\\\/2024\\\/02\\\/Lumag-MD500EPRO-elektriline-minikallur-dumper-aiakaru-MD-500EPRO.png\",\"contentUrl\":\"https:\\\/\\\/ranoja.ee\\\/wp-content\\\/uploads\\\/2024\\\/02\\\/Lumag-MD500EPRO-elektriline-minikallur-dumper-aiakaru-MD-500EPRO.png\",\"width\":1500,\"height\":1500,\"caption\":\"md 500epro minidumper, akutoitel aiak\u00e4ru\"},{\"@type\":\"BreadcrumbList\",\"@id\":\"https:\\\/\\\/ranoja.ee\\\/toode\\\/lumag-md500epro-elektriline-minikallur\\\/#breadcrumb\",\"itemListElement\":[{\"@type\":\"ListItem\",\"position\":1,\"name\":\"Home\",\"item\":\"https:\\\/\\\/ranoja.ee\\\/\"},{\"@type\":\"ListItem\",\"position\":2,\"name\":\"Shop\",\"item\":\"https:\\\/\\\/ranoja.ee\\\/en\\\/shop\\\/\"},{\"@type\":\"ListItem\",\"position\":3,\"name\":\"Lumag MD500EPRO elektriline minikallur\"}]},{\"@type\":\"WebSite\",\"@id\":\"https:\\\/\\\/ranoja.ee\\\/#website\",\"url\":\"https:\\\/\\\/ranoja.ee\\\/\",\"name\":\"Ranoja\",\"description\":\"Equipment Shop WooCommerce WordPress Theme for Machine &amp; Tools\",\"publisher\":{\"@id\":\"https:\\\/\\\/ranoja.ee\\\/#organization\"},\"potentialAction\":[{\"@type\":\"SearchAction\",\"target\":{\"@type\":\"EntryPoint\",\"urlTemplate\":\"https:\\\/\\\/ranoja.ee\\\/?s={search_term_string}\"},\"query-input\":{\"@type\":\"PropertyValueSpecification\",\"valueRequired\":true,\"valueName\":\"search_term_string\"}}],\"inLanguage\":\"en-US\"},{\"@type\":\"Organization\",\"@id\":\"https:\\\/\\\/ranoja.ee\\\/#organization\",\"name\":\"Ranoja O\u00dc\",\"url\":\"https:\\\/\\\/ranoja.ee\\\/\",\"logo\":{\"@type\":\"ImageObject\",\"inLanguage\":\"en-US\",\"@id\":\"https:\\\/\\\/ranoja.ee\\\/#\\\/schema\\\/logo\\\/image\\\/\",\"url\":\"https:\\\/\\\/ranoja.ee\\\/wp-content\\\/uploads\\\/2023\\\/11\\\/ranoja-Logo.png\",\"contentUrl\":\"https:\\\/\\\/ranoja.ee\\\/wp-content\\\/uploads\\\/2023\\\/11\\\/ranoja-Logo.png\",\"width\":207,\"height\":58,\"caption\":\"Ranoja O\u00dc\"},\"image\":{\"@id\":\"https:\\\/\\\/ranoja.ee\\\/#\\\/schema\\\/logo\\\/image\\\/\"},\"sameAs\":[\"https:\\\/\\\/www.facebook.com\\\/ranoja.ee\",\"https:\\\/\\\/www.instagram.com\\\/ranoja__\\\/\"]}]}<\/script>\n<!-- \/ Yoast SEO plugin. -->","yoast_head_json":{"title":"Lumag MD500EPRO elektriline minikallur","description":"Lumag MD500EPRO elektriline minikallur. MD500 E-Pro on t\u00e4iuslik abimees paljudes t\u00f6\u00f6stusharudes ja mitmesuguste tegevuste jaoks","robots":{"index":"index","follow":"follow","max-snippet":"max-snippet:-1","max-image-preview":"max-image-preview:large","max-video-preview":"max-video-preview:-1"},"canonical":"https:\/\/ranoja.ee\/toode\/lumag-md500epro-elektriline-minikallur\/","og_locale":"en_US","og_type":"article","og_title":"Lumag MD500EPRO elektriline minikallur","og_description":"Lumag MD500EPRO elektriline minikallur. MD500 E-Pro on t\u00e4iuslik abimees paljudes t\u00f6\u00f6stusharudes ja mitmesuguste tegevuste jaoks","og_url":"https:\/\/ranoja.ee\/toode\/lumag-md500epro-elektriline-minikallur\/","og_site_name":"Ranoja","article_publisher":"https:\/\/www.facebook.com\/ranoja.ee","article_modified_time":"2025-12-10T10:14:44+00:00","og_image":[{"width":1500,"height":1500,"url":"https:\/\/ranoja.ee\/wp-content\/uploads\/2024\/02\/Lumag-MD500EPRO-elektriline-minikallur-dumper-aiakaru-MD-500EPRO.png","type":"image\/png"}],"twitter_card":"summary_large_image","twitter_misc":{"Est. reading time":"2 minutes"},"schema":{"@context":"https:\/\/schema.org","@graph":[{"@type":"WebPage","@id":"https:\/\/ranoja.ee\/toode\/lumag-md500epro-elektriline-minikallur\/","url":"https:\/\/ranoja.ee\/toode\/lumag-md500epro-elektriline-minikallur\/","name":"Lumag MD500EPRO elektriline minikallur","isPartOf":{"@id":"https:\/\/ranoja.ee\/#website"},"primaryImageOfPage":{"@id":"https:\/\/ranoja.ee\/toode\/lumag-md500epro-elektriline-minikallur\/#primaryimage"},"image":{"@id":"https:\/\/ranoja.ee\/toode\/lumag-md500epro-elektriline-minikallur\/#primaryimage"},"thumbnailUrl":"https:\/\/ranoja.ee\/wp-content\/uploads\/2024\/02\/Lumag-MD500EPRO-elektriline-minikallur-dumper-aiakaru-MD-500EPRO.png","datePublished":"2024-02-28T13:03:11+00:00","dateModified":"2025-12-10T10:14:44+00:00","description":"Lumag MD500EPRO elektriline minikallur. MD500 E-Pro on t\u00e4iuslik abimees paljudes t\u00f6\u00f6stusharudes ja mitmesuguste tegevuste jaoks","breadcrumb":{"@id":"https:\/\/ranoja.ee\/toode\/lumag-md500epro-elektriline-minikallur\/#breadcrumb"},"inLanguage":"en-US","potentialAction":[{"@type":"ReadAction","target":["https:\/\/ranoja.ee\/toode\/lumag-md500epro-elektriline-minikallur\/"]}]},{"@type":"ImageObject","inLanguage":"en-US","@id":"https:\/\/ranoja.ee\/toode\/lumag-md500epro-elektriline-minikallur\/#primaryimage","url":"https:\/\/ranoja.ee\/wp-content\/uploads\/2024\/02\/Lumag-MD500EPRO-elektriline-minikallur-dumper-aiakaru-MD-500EPRO.png","contentUrl":"https:\/\/ranoja.ee\/wp-content\/uploads\/2024\/02\/Lumag-MD500EPRO-elektriline-minikallur-dumper-aiakaru-MD-500EPRO.png","width":1500,"height":1500,"caption":"md 500epro minidumper, akutoitel aiak\u00e4ru"},{"@type":"BreadcrumbList","@id":"https:\/\/ranoja.ee\/toode\/lumag-md500epro-elektriline-minikallur\/#breadcrumb","itemListElement":[{"@type":"ListItem","position":1,"name":"Home","item":"https:\/\/ranoja.ee\/"},{"@type":"ListItem","position":2,"name":"Shop","item":"https:\/\/ranoja.ee\/en\/shop\/"},{"@type":"ListItem","position":3,"name":"Lumag MD500EPRO elektriline minikallur"}]},{"@type":"WebSite","@id":"https:\/\/ranoja.ee\/#website","url":"https:\/\/ranoja.ee\/","name":"Ranoja","description":"Equipment Shop WooCommerce WordPress Theme for Machine &amp; Tools","publisher":{"@id":"https:\/\/ranoja.ee\/#organization"},"potentialAction":[{"@type":"SearchAction","target":{"@type":"EntryPoint","urlTemplate":"https:\/\/ranoja.ee\/?s={search_term_string}"},"query-input":{"@type":"PropertyValueSpecification","valueRequired":true,"valueName":"search_term_string"}}],"inLanguage":"en-US"},{"@type":"Organization","@id":"https:\/\/ranoja.ee\/#organization","name":"Ranoja O\u00dc","url":"https:\/\/ranoja.ee\/","logo":{"@type":"ImageObject","inLanguage":"en-US","@id":"https:\/\/ranoja.ee\/#\/schema\/logo\/image\/","url":"https:\/\/ranoja.ee\/wp-content\/uploads\/2023\/11\/ranoja-Logo.png","contentUrl":"https:\/\/ranoja.ee\/wp-content\/uploads\/2023\/11\/ranoja-Logo.png","width":207,"height":58,"caption":"Ranoja O\u00dc"},"image":{"@id":"https:\/\/ranoja.ee\/#\/schema\/logo\/image\/"},"sameAs":["https:\/\/www.facebook.com\/ranoja.ee","https:\/\/www.instagram.com\/ranoja__\/"]}]}},"_links":{"self":[{"href":"https:\/\/ranoja.ee\/en\/wp-json\/wp\/v2\/product\/8373","targetHints":{"allow":["GET"]}}],"collection":[{"href":"https:\/\/ranoja.ee\/en\/wp-json\/wp\/v2\/product"}],"about":[{"href":"https:\/\/ranoja.ee\/en\/wp-json\/wp\/v2\/types\/product"}],"wp:featuredmedia":[{"embeddable":true,"href":"https:\/\/ranoja.ee\/en\/wp-json\/wp\/v2\/media\/8374"}],"wp:attachment":[{"href":"https:\/\/ranoja.ee\/en\/wp-json\/wp\/v2\/media?parent=8373"}],"wp:term":[{"taxonomy":"product_cat","embeddable":true,"href":"https:\/\/ranoja.ee\/en\/wp-json\/wp\/v2\/product_cat?post=8373"},{"taxonomy":"product_tag","embeddable":true,"href":"https:\/\/ranoja.ee\/en\/wp-json\/wp\/v2\/product_tag?post=8373"}],"curies":[{"name":"wp","href":"https:\/\/api.w.org\/{rel}","templated":true}]}}