{"id":8349,"date":"2024-02-26T17:28:23","date_gmt":"2024-02-26T14:28:23","guid":{"rendered":"https:\/\/www.ranoja.ee\/?post_type=product&#038;p=8349"},"modified":"2025-12-10T13:14:44","modified_gmt":"2025-12-10T10:14:44","slug":"md-500ek-lumag-elektriline-minikallur","status":"publish","type":"product","link":"https:\/\/ranoja.ee\/en\/toode\/md-500ek-lumag-elektriline-minikallur\/","title":{"rendered":"Lumag MD 500EK elektriline minikallur"},"content":{"rendered":"<p>MD 500EK Lumag elektriline minikallur<br \/>\nAvastage ehituse tulevik mitmek\u00fclgse ja keskkonnas\u00f5braliku elektrikalluriga Lumag MD-500EK! Elektrilise kallutusfunktsiooniga muudab see teie t\u00f6\u00f6 lihtsamaks ja suudab h\u00f5lpsalt transportida kuni 500 kg raskusi \u2013 lisaks on see t\u00e4nu puhtalt elektriajamile t\u00e4iesti vaikne ja heitmevaba! Selle \u00e4\u00e4rmiselt kitsas disain ja kompaktsed m\u00f5\u00f5tmed v\u00f5imaldavad ohutult kasutuskohta tuua ka kitsaste v\u00e4ravate ja radade kaudu.<br \/>\nTarnekomplektis oleva 48 V laadija ja akuga (4 x 12 V, 32 Ah) olete kohe kasutamiseks valmis.<br \/>\nJa mis k\u00f5ige parem: MD-500EK-d saab kasutada ka siseruumides! <\/p>\n<p>Ja see pole veel k\u00f5ik: MD-500EK on n\u00fc\u00fcd varustatud elektromagnetilise piduriga, mis suurendab teie ohutust kasutamise ajal ja muudab kalluri pidurdamise lihtsamaks. Usaldage Lumag MD-500EK elektrikallurit ja muutke oma transport lihtsamaks!<br \/>\nMD 500EK Lumag elektriline minikallur<\/p>\n<p>Akutoitel minikallurid on v\u00e4ikesed, kompaktsed ja keskkonnas\u00f5bralikud masinad, mis on muutunud \u00fcha populaarsemaks nii ehitus- kui ka aiandust\u00f6\u00f6del. Siin on m\u00f5ned n\u00e4ited nende kasutamisest:<\/p>\n<p>Ehituses:<br \/>\nMaterjalide transport: Akutoitel minikallurid on ideaalsed materjalide, nagu muld, kruus, liiv, tellised jne, transportimiseks ehitusplatsil. Nende kompaktsus v\u00f5imaldab juurdep\u00e4\u00e4su ka kitsastes ja raskesti ligip\u00e4\u00e4setavates kohtades.<\/p>\n<p>J\u00e4\u00e4tmete ja prahi \u00e4ravedu: Ehitusplatsidel tekib sageli j\u00e4\u00e4tmeid ja pr\u00fcgi, mida tuleb regulaarselt eemaldada. Akutoitel minikallurid v\u00f5imaldavad mugavalt ja kiirelt j\u00e4\u00e4tmete kogumist ja \u00e4ravedu.<\/p>\n<p>Kallutusfunktsiooniga: Paljudel akutoitel minikalluritel on kallutusfunktsioon, mis v\u00f5imaldab kiiret ja lihtsat materjalide mahapanekut v\u00f5i laadimist. See teeb nende kasutamise ehitusplatsil eriti efektiivseks.<\/p>\n<p>Tasandusmaterjalide ja kivide vedu: Nii nagu elektrilised minidumprid, saavad akutoitel minikallurid aidata ka tasandusmaterjalide, nagu kruus v\u00f5i killustik, ning raskemate materjalide, nagu kivid, vedamisel.<\/p>\n<p>Aianduses:<br \/>\nMaterjalide ja istikute transport: Akutoitel minikallurid on kasulikud aiandust\u00f6\u00f6del, aidates transportida materjale nagu muld, kompost, v\u00e4etised ja istikud erinevatesse kohtadesse aias.<\/p>\n<p>Haljastust\u00f6\u00f6d: Need kallurid v\u00f5ivad aidata ka haljastust\u00f6\u00f6del, n\u00e4iteks kivide, dekoratiivsete kivide v\u00f5i haljastuselementide paigutamisel.<\/p>\n<p>Aiat\u00f6\u00f6d: Akutoitel minikallurid saavad aidata ka aiat\u00f6\u00f6del, nagu k\u00f5nniteede ehitamine, tee korrastamine, murutraktorite transportimine jne.<br \/>\nLumag minikallurid \/ minidumper \/ mootoriga aiak\u00e4rud on kvaliteetsed ja kasutajas\u00f5bralikud.<\/p>\n","protected":false},"excerpt":{"rendered":"<p>MD 500EK Lumag elektriline minikallur<\/p>\n<p>V\u00f5imsus: 1000w, 48v<br \/>\nToide: 32ah (4akut iga aku 12v)<br \/>\nKasti m\u00f5\u00f5dud: 1050x720x400mm<br \/>\nKande v\u00f5ime: 500kg<br \/>\n<strong>H\u00fcdrauliliselt kallutatav kast!<\/strong><br \/>\nT\u00f6\u00f6 aeg: 4h<br \/>\nLaadimine: 12h ( juhul kui aku on t\u00e4iesti t\u00fchi)<br \/>\nLiikumine: edasi 5km\/h ja tagasi 3km\/h<br \/>\nRehivd: esimesed 16&#215;6,50-8 tolli\/ tagumised 13&#215;5- 6 tolli<br \/>\nMasina enda kaal: 215kg<\/p>\n<p><span style=\"color: #000000;\"><strong>Garantii 1 aasta (eraisikule 2 aastat)<\/strong><\/span><br \/>\n<strong>Seadme eeldatav tarneaeg 2-3 n\u00e4dalat<\/strong><\/p>\n","protected":false},"featured_media":8350,"template":"","meta":{"inline_featured_image":false},"product_cat":[1090,99],"product_tag":[347,1286,134],"class_list":{"0":"post-8349","1":"product","2":"type-product","3":"status-publish","4":"has-post-thumbnail","6":"product_brand-lumag","7":"product_cat-ehitustehnika","8":"product_cat-minikallurid","9":"product_tag-dumper","10":"product_tag-elektriline-minikallur","11":"product_tag-lumag","13":"first","14":"instock","15":"taxable","16":"shipping-taxable","17":"purchasable","18":"product-type-simple"},"yoast_head":"<!-- This site is optimized with the Yoast SEO plugin v27.4 - https:\/\/yoast.com\/product\/yoast-seo-wordpress\/ -->\n<title>MD 500EK Lumag elektriline minikallur<\/title>\n<meta name=\"description\" content=\"MD 500EK Lumag elektriline minikallur Elektrilise kallutusfunktsiooniga muudab see teie t\u00f6\u00f6 lihtsamaks ja suudab h\u00f5lpsalt transportida kuni 500 kg raskusi\" \/>\n<meta name=\"robots\" content=\"index, follow, max-snippet:-1, max-image-preview:large, max-video-preview:-1\" \/>\n<link rel=\"canonical\" href=\"https:\/\/ranoja.ee\/toode\/md-500ek-lumag-elektriline-minikallur\/\" \/>\n<meta property=\"og:locale\" content=\"en_US\" \/>\n<meta property=\"og:type\" content=\"article\" \/>\n<meta property=\"og:title\" content=\"MD 500EK Lumag elektriline minikallur\" \/>\n<meta property=\"og:description\" content=\"MD 500EK Lumag elektriline minikallur Elektrilise kallutusfunktsiooniga muudab see teie t\u00f6\u00f6 lihtsamaks ja suudab h\u00f5lpsalt transportida kuni 500 kg raskusi\" \/>\n<meta property=\"og:url\" content=\"https:\/\/ranoja.ee\/toode\/md-500ek-lumag-elektriline-minikallur\/\" \/>\n<meta property=\"og:site_name\" content=\"Ranoja\" \/>\n<meta property=\"article:publisher\" content=\"https:\/\/www.facebook.com\/ranoja.ee\" \/>\n<meta property=\"article:modified_time\" content=\"2025-12-10T10:14:44+00:00\" \/>\n<meta property=\"og:image\" content=\"https:\/\/ranoja.ee\/wp-content\/uploads\/2024\/02\/MD-500EK-Lumag-elektriline-minikallur.png\" \/>\n\t<meta property=\"og:image:width\" content=\"1500\" \/>\n\t<meta property=\"og:image:height\" content=\"1500\" \/>\n\t<meta property=\"og:image:type\" content=\"image\/png\" \/>\n<meta name=\"twitter:card\" content=\"summary_large_image\" \/>\n<meta name=\"twitter:label1\" content=\"Est. reading time\" \/>\n\t<meta name=\"twitter:data1\" content=\"2 minutes\" \/>\n<script type=\"application\/ld+json\" class=\"yoast-schema-graph\">{\"@context\":\"https:\\\/\\\/schema.org\",\"@graph\":[{\"@type\":\"WebPage\",\"@id\":\"https:\\\/\\\/ranoja.ee\\\/toode\\\/md-500ek-lumag-elektriline-minikallur\\\/\",\"url\":\"https:\\\/\\\/ranoja.ee\\\/toode\\\/md-500ek-lumag-elektriline-minikallur\\\/\",\"name\":\"MD 500EK Lumag elektriline minikallur\",\"isPartOf\":{\"@id\":\"https:\\\/\\\/ranoja.ee\\\/#website\"},\"primaryImageOfPage\":{\"@id\":\"https:\\\/\\\/ranoja.ee\\\/toode\\\/md-500ek-lumag-elektriline-minikallur\\\/#primaryimage\"},\"image\":{\"@id\":\"https:\\\/\\\/ranoja.ee\\\/toode\\\/md-500ek-lumag-elektriline-minikallur\\\/#primaryimage\"},\"thumbnailUrl\":\"https:\\\/\\\/ranoja.ee\\\/wp-content\\\/uploads\\\/2024\\\/02\\\/MD-500EK-Lumag-elektriline-minikallur.png\",\"datePublished\":\"2024-02-26T14:28:23+00:00\",\"dateModified\":\"2025-12-10T10:14:44+00:00\",\"description\":\"MD 500EK Lumag elektriline minikallur Elektrilise kallutusfunktsiooniga muudab see teie t\u00f6\u00f6 lihtsamaks ja suudab h\u00f5lpsalt transportida kuni 500 kg raskusi\",\"breadcrumb\":{\"@id\":\"https:\\\/\\\/ranoja.ee\\\/toode\\\/md-500ek-lumag-elektriline-minikallur\\\/#breadcrumb\"},\"inLanguage\":\"en-US\",\"potentialAction\":[{\"@type\":\"ReadAction\",\"target\":[\"https:\\\/\\\/ranoja.ee\\\/toode\\\/md-500ek-lumag-elektriline-minikallur\\\/\"]}]},{\"@type\":\"ImageObject\",\"inLanguage\":\"en-US\",\"@id\":\"https:\\\/\\\/ranoja.ee\\\/toode\\\/md-500ek-lumag-elektriline-minikallur\\\/#primaryimage\",\"url\":\"https:\\\/\\\/ranoja.ee\\\/wp-content\\\/uploads\\\/2024\\\/02\\\/MD-500EK-Lumag-elektriline-minikallur.png\",\"contentUrl\":\"https:\\\/\\\/ranoja.ee\\\/wp-content\\\/uploads\\\/2024\\\/02\\\/MD-500EK-Lumag-elektriline-minikallur.png\",\"width\":1500,\"height\":1500,\"caption\":\"elektriline minikallur, elektriline aiak\u00e4ru\"},{\"@type\":\"BreadcrumbList\",\"@id\":\"https:\\\/\\\/ranoja.ee\\\/toode\\\/md-500ek-lumag-elektriline-minikallur\\\/#breadcrumb\",\"itemListElement\":[{\"@type\":\"ListItem\",\"position\":1,\"name\":\"Home\",\"item\":\"https:\\\/\\\/ranoja.ee\\\/\"},{\"@type\":\"ListItem\",\"position\":2,\"name\":\"Shop\",\"item\":\"https:\\\/\\\/ranoja.ee\\\/en\\\/shop\\\/\"},{\"@type\":\"ListItem\",\"position\":3,\"name\":\"Lumag MD 500EK elektriline minikallur\"}]},{\"@type\":\"WebSite\",\"@id\":\"https:\\\/\\\/ranoja.ee\\\/#website\",\"url\":\"https:\\\/\\\/ranoja.ee\\\/\",\"name\":\"Ranoja\",\"description\":\"Equipment Shop WooCommerce WordPress Theme for Machine &amp; Tools\",\"publisher\":{\"@id\":\"https:\\\/\\\/ranoja.ee\\\/#organization\"},\"potentialAction\":[{\"@type\":\"SearchAction\",\"target\":{\"@type\":\"EntryPoint\",\"urlTemplate\":\"https:\\\/\\\/ranoja.ee\\\/?s={search_term_string}\"},\"query-input\":{\"@type\":\"PropertyValueSpecification\",\"valueRequired\":true,\"valueName\":\"search_term_string\"}}],\"inLanguage\":\"en-US\"},{\"@type\":\"Organization\",\"@id\":\"https:\\\/\\\/ranoja.ee\\\/#organization\",\"name\":\"Ranoja O\u00dc\",\"url\":\"https:\\\/\\\/ranoja.ee\\\/\",\"logo\":{\"@type\":\"ImageObject\",\"inLanguage\":\"en-US\",\"@id\":\"https:\\\/\\\/ranoja.ee\\\/#\\\/schema\\\/logo\\\/image\\\/\",\"url\":\"https:\\\/\\\/ranoja.ee\\\/wp-content\\\/uploads\\\/2023\\\/11\\\/ranoja-Logo.png\",\"contentUrl\":\"https:\\\/\\\/ranoja.ee\\\/wp-content\\\/uploads\\\/2023\\\/11\\\/ranoja-Logo.png\",\"width\":207,\"height\":58,\"caption\":\"Ranoja O\u00dc\"},\"image\":{\"@id\":\"https:\\\/\\\/ranoja.ee\\\/#\\\/schema\\\/logo\\\/image\\\/\"},\"sameAs\":[\"https:\\\/\\\/www.facebook.com\\\/ranoja.ee\",\"https:\\\/\\\/www.instagram.com\\\/ranoja__\\\/\"]}]}<\/script>\n<!-- \/ Yoast SEO plugin. -->","yoast_head_json":{"title":"MD 500EK Lumag elektriline minikallur","description":"MD 500EK Lumag elektriline minikallur Elektrilise kallutusfunktsiooniga muudab see teie t\u00f6\u00f6 lihtsamaks ja suudab h\u00f5lpsalt transportida kuni 500 kg raskusi","robots":{"index":"index","follow":"follow","max-snippet":"max-snippet:-1","max-image-preview":"max-image-preview:large","max-video-preview":"max-video-preview:-1"},"canonical":"https:\/\/ranoja.ee\/toode\/md-500ek-lumag-elektriline-minikallur\/","og_locale":"en_US","og_type":"article","og_title":"MD 500EK Lumag elektriline minikallur","og_description":"MD 500EK Lumag elektriline minikallur Elektrilise kallutusfunktsiooniga muudab see teie t\u00f6\u00f6 lihtsamaks ja suudab h\u00f5lpsalt transportida kuni 500 kg raskusi","og_url":"https:\/\/ranoja.ee\/toode\/md-500ek-lumag-elektriline-minikallur\/","og_site_name":"Ranoja","article_publisher":"https:\/\/www.facebook.com\/ranoja.ee","article_modified_time":"2025-12-10T10:14:44+00:00","og_image":[{"width":1500,"height":1500,"url":"https:\/\/ranoja.ee\/wp-content\/uploads\/2024\/02\/MD-500EK-Lumag-elektriline-minikallur.png","type":"image\/png"}],"twitter_card":"summary_large_image","twitter_misc":{"Est. reading time":"2 minutes"},"schema":{"@context":"https:\/\/schema.org","@graph":[{"@type":"WebPage","@id":"https:\/\/ranoja.ee\/toode\/md-500ek-lumag-elektriline-minikallur\/","url":"https:\/\/ranoja.ee\/toode\/md-500ek-lumag-elektriline-minikallur\/","name":"MD 500EK Lumag elektriline minikallur","isPartOf":{"@id":"https:\/\/ranoja.ee\/#website"},"primaryImageOfPage":{"@id":"https:\/\/ranoja.ee\/toode\/md-500ek-lumag-elektriline-minikallur\/#primaryimage"},"image":{"@id":"https:\/\/ranoja.ee\/toode\/md-500ek-lumag-elektriline-minikallur\/#primaryimage"},"thumbnailUrl":"https:\/\/ranoja.ee\/wp-content\/uploads\/2024\/02\/MD-500EK-Lumag-elektriline-minikallur.png","datePublished":"2024-02-26T14:28:23+00:00","dateModified":"2025-12-10T10:14:44+00:00","description":"MD 500EK Lumag elektriline minikallur Elektrilise kallutusfunktsiooniga muudab see teie t\u00f6\u00f6 lihtsamaks ja suudab h\u00f5lpsalt transportida kuni 500 kg raskusi","breadcrumb":{"@id":"https:\/\/ranoja.ee\/toode\/md-500ek-lumag-elektriline-minikallur\/#breadcrumb"},"inLanguage":"en-US","potentialAction":[{"@type":"ReadAction","target":["https:\/\/ranoja.ee\/toode\/md-500ek-lumag-elektriline-minikallur\/"]}]},{"@type":"ImageObject","inLanguage":"en-US","@id":"https:\/\/ranoja.ee\/toode\/md-500ek-lumag-elektriline-minikallur\/#primaryimage","url":"https:\/\/ranoja.ee\/wp-content\/uploads\/2024\/02\/MD-500EK-Lumag-elektriline-minikallur.png","contentUrl":"https:\/\/ranoja.ee\/wp-content\/uploads\/2024\/02\/MD-500EK-Lumag-elektriline-minikallur.png","width":1500,"height":1500,"caption":"elektriline minikallur, elektriline aiak\u00e4ru"},{"@type":"BreadcrumbList","@id":"https:\/\/ranoja.ee\/toode\/md-500ek-lumag-elektriline-minikallur\/#breadcrumb","itemListElement":[{"@type":"ListItem","position":1,"name":"Home","item":"https:\/\/ranoja.ee\/"},{"@type":"ListItem","position":2,"name":"Shop","item":"https:\/\/ranoja.ee\/en\/shop\/"},{"@type":"ListItem","position":3,"name":"Lumag MD 500EK elektriline minikallur"}]},{"@type":"WebSite","@id":"https:\/\/ranoja.ee\/#website","url":"https:\/\/ranoja.ee\/","name":"Ranoja","description":"Equipment Shop WooCommerce WordPress Theme for Machine &amp; Tools","publisher":{"@id":"https:\/\/ranoja.ee\/#organization"},"potentialAction":[{"@type":"SearchAction","target":{"@type":"EntryPoint","urlTemplate":"https:\/\/ranoja.ee\/?s={search_term_string}"},"query-input":{"@type":"PropertyValueSpecification","valueRequired":true,"valueName":"search_term_string"}}],"inLanguage":"en-US"},{"@type":"Organization","@id":"https:\/\/ranoja.ee\/#organization","name":"Ranoja O\u00dc","url":"https:\/\/ranoja.ee\/","logo":{"@type":"ImageObject","inLanguage":"en-US","@id":"https:\/\/ranoja.ee\/#\/schema\/logo\/image\/","url":"https:\/\/ranoja.ee\/wp-content\/uploads\/2023\/11\/ranoja-Logo.png","contentUrl":"https:\/\/ranoja.ee\/wp-content\/uploads\/2023\/11\/ranoja-Logo.png","width":207,"height":58,"caption":"Ranoja O\u00dc"},"image":{"@id":"https:\/\/ranoja.ee\/#\/schema\/logo\/image\/"},"sameAs":["https:\/\/www.facebook.com\/ranoja.ee","https:\/\/www.instagram.com\/ranoja__\/"]}]}},"_links":{"self":[{"href":"https:\/\/ranoja.ee\/en\/wp-json\/wp\/v2\/product\/8349","targetHints":{"allow":["GET"]}}],"collection":[{"href":"https:\/\/ranoja.ee\/en\/wp-json\/wp\/v2\/product"}],"about":[{"href":"https:\/\/ranoja.ee\/en\/wp-json\/wp\/v2\/types\/product"}],"wp:featuredmedia":[{"embeddable":true,"href":"https:\/\/ranoja.ee\/en\/wp-json\/wp\/v2\/media\/8350"}],"wp:attachment":[{"href":"https:\/\/ranoja.ee\/en\/wp-json\/wp\/v2\/media?parent=8349"}],"wp:term":[{"taxonomy":"product_cat","embeddable":true,"href":"https:\/\/ranoja.ee\/en\/wp-json\/wp\/v2\/product_cat?post=8349"},{"taxonomy":"product_tag","embeddable":true,"href":"https:\/\/ranoja.ee\/en\/wp-json\/wp\/v2\/product_tag?post=8349"}],"curies":[{"name":"wp","href":"https:\/\/api.w.org\/{rel}","templated":true}]}}