{"id":8346,"date":"2024-02-22T17:02:59","date_gmt":"2024-02-22T14:02:59","guid":{"rendered":"https:\/\/www.ranoja.ee\/?post_type=product&#038;p=8346"},"modified":"2025-12-10T16:14:10","modified_gmt":"2025-12-10T13:14:10","slug":"mineraaloli-baasil-xl-laagrimaare-mp","status":"publish","type":"product","link":"https:\/\/ranoja.ee\/en\/toode\/mineraaloli-baasil-xl-laagrimaare-mp\/","title":{"rendered":"Mineraal\u00f5li baasil XL laagrim\u00e4\u00e4re MP"},"content":{"rendered":"<p>Mineraal\u00f5li baasil XL laagrim\u00e4\u00e4re MP on liitiumkompleks m\u00e4\u00e4re suurtel koormustel ja vibratsioonis t\u00f6\u00f6tavatele liug ja veerelaagritele. Valmistatud k\u00f5rgema viskoosusega mineraalsel baas\u00f5lil. Sisaldab EP lisandeid. V\u00e4rvus sinine. Kasutamistemperatuuride vahemik -30&#8230;+160 (l\u00fchiajaliselt kuni 180) NLGI-2.<\/p>\n<p>Masina m\u00e4\u00e4rimine on oluline protsess, mis tagab masinate sujuva t\u00f6\u00f6, v\u00e4hendab kulumist ning pikendab nende eluiga. Selle protseduuri eesm\u00e4rk on v\u00e4hendada h\u00f5\u00f5rdumist ja kulumist, hoides \u00e4ra komponentide kinnij\u00e4\u00e4mise ning ennetades v\u00f5imalikke rikkeid.<\/p>\n<p>Masinate m\u00e4\u00e4rimine on kriitilise t\u00e4htsusega nende t\u00f5hususe ja pikaealisuse tagamisel. H\u00f5\u00f5rdumine on \u00fcks peamisi tegureid, mis m\u00f5jutavad masinate j\u00f5udlust. Kui masinaosad kokku puutuvad, tekib h\u00f5\u00f5rdumine, mis v\u00f5ib p\u00f5hjustada kulumist ja isegi komponentide kahjustamist. \u00d5ige m\u00e4\u00e4rimine v\u00e4hendab h\u00f5\u00f5rdumist, luues libedama pinna, mis v\u00f5imaldab osadel \u00fcksteise suhtes liikuda minimaalse takistusega.<\/p>\n<p>M\u00e4\u00e4rimine aitab ka v\u00e4hendada soojuse teket masinaosades. Kui osad h\u00f5\u00f5rduvad omavahel, eraldub soojus, mis v\u00f5ib p\u00f5hjustada \u00fclekuumenemist ning l\u00fchendada masinate eluiga. \u00d5ige m\u00e4\u00e4rimine aitab hajutada soojuse efektiivselt, v\u00e4hendades seel\u00e4bi \u00fclekuumenemise riski.<\/p>\n<p>Lisaks h\u00f5\u00f5rdumise ja soojuse v\u00e4hendamisele aitab m\u00e4\u00e4rimine ka kaitsta masinaosi korrosiooni eest. \u00d5ige m\u00e4\u00e4rimine loob kaitsva kihi, mis hoiab \u00e4ra niiskuse ja hapniku ligip\u00e4\u00e4su metallpindadele ning seega takistab nende roostetamist ja korrosiooni teket.<\/p>\n<p>Mineraal\u00f5li baasil m\u00e4\u00e4re TOTAL MULTIS MS 2- ga m\u00e4\u00e4rimine ei ole \u00fchekordne protsess, vaid n\u00f5uab regulaarset hooldust. Masinate osad kipuvad kuluma ja m\u00e4\u00e4rimise efektiivsus v\u00f5ib aja jooksul v\u00e4heneda. Seet\u00f5ttu on oluline j\u00e4lgida ja hooldada m\u00e4\u00e4rdeaineid vastavalt tootja soovitustele ning vajadusel neid asendada.<\/p>\n","protected":false},"excerpt":{"rendered":"<p>Mineraal\u00f5li baasil XL laagrim\u00e4\u00e4re MP<br \/>\nSuurtel koormustel ja vibratsioonis t\u00f6\u00f6tavatele liug- ja veerelaagritele<br \/>\nKogus: 0,4kg<br \/>\nTemperatuuri vahemik: -30&#8230;+160 (l\u00fchiajaliselt kuni 180)<br \/>\nSobib ideaalselt oksapurustajate laagrite m\u00e4\u00e4rimiseks<br \/>\nV\u00e4rvus: sinine<br \/>\nNLGI-2<br \/>\n<strong><span style=\"color: #339966;\">Toote eeldatav tarneaeg 1-2 t\u00f6\u00f6p\u00e4eva<\/span><\/strong><\/p>\n","protected":false},"featured_media":8343,"template":"","meta":{"inline_featured_image":false},"product_cat":[1128,1123],"product_tag":[375,1220,390,1059,84],"class_list":{"0":"post-8346","1":"product","2":"type-product","3":"status-publish","4":"has-post-thumbnail","6":"product_brand-xl","7":"product_cat-olid-ja-maarded","8":"product_cat-varuosad","9":"product_tag-bensiinimootoriga-oksapurustaja","10":"product_tag-hooldus","11":"product_tag-hudrauliline-oksapurustaja","12":"product_tag-maarded","13":"product_tag-oksapurustaja","15":"first","16":"instock","17":"taxable","18":"shipping-taxable","19":"purchasable","20":"product-type-simple"},"yoast_head":"<!-- This site is optimized with the Yoast SEO plugin v27.4 - https:\/\/yoast.com\/product\/yoast-seo-wordpress\/ -->\n<title>Mineraal\u00f5li baasil XL laagrim\u00e4\u00e4re MP - Ranoja<\/title>\n<meta name=\"description\" content=\"Mineraal\u00f5li baasil XL laagrim\u00e4\u00e4re MP Tootja: XL Sobib ideaalselt oksapurutajate laagrite m\u00e4\u00e4rimiseks NLGI-2 V\u00e4rvus: sinine\" \/>\n<meta name=\"robots\" content=\"index, follow, max-snippet:-1, max-image-preview:large, max-video-preview:-1\" \/>\n<link rel=\"canonical\" href=\"https:\/\/ranoja.ee\/toode\/mineraaloli-baasil-xl-laagrimaare-mp\/\" \/>\n<meta property=\"og:locale\" content=\"en_US\" \/>\n<meta property=\"og:type\" content=\"article\" \/>\n<meta property=\"og:title\" content=\"Mineraal\u00f5li baasil XL laagrim\u00e4\u00e4re MP - Ranoja\" \/>\n<meta property=\"og:description\" content=\"Mineraal\u00f5li baasil XL laagrim\u00e4\u00e4re MP Tootja: XL Sobib ideaalselt oksapurutajate laagrite m\u00e4\u00e4rimiseks NLGI-2 V\u00e4rvus: sinine\" \/>\n<meta property=\"og:url\" content=\"https:\/\/ranoja.ee\/toode\/mineraaloli-baasil-xl-laagrimaare-mp\/\" \/>\n<meta property=\"og:site_name\" content=\"Ranoja\" \/>\n<meta property=\"article:publisher\" content=\"https:\/\/www.facebook.com\/ranoja.ee\" \/>\n<meta property=\"article:modified_time\" content=\"2025-12-10T13:14:10+00:00\" \/>\n<meta property=\"og:image\" content=\"https:\/\/ranoja.ee\/wp-content\/uploads\/2024\/02\/116-04-EP-e1708608920168.jpg\" \/>\n\t<meta property=\"og:image:width\" content=\"283\" \/>\n\t<meta property=\"og:image:height\" content=\"340\" \/>\n\t<meta property=\"og:image:type\" content=\"image\/jpeg\" \/>\n<meta name=\"twitter:card\" content=\"summary_large_image\" \/>\n<meta name=\"twitter:label1\" content=\"Est. reading time\" \/>\n\t<meta name=\"twitter:data1\" content=\"2 minutes\" \/>\n<script type=\"application\/ld+json\" class=\"yoast-schema-graph\">{\"@context\":\"https:\\\/\\\/schema.org\",\"@graph\":[{\"@type\":\"WebPage\",\"@id\":\"https:\\\/\\\/ranoja.ee\\\/toode\\\/mineraaloli-baasil-xl-laagrimaare-mp\\\/\",\"url\":\"https:\\\/\\\/ranoja.ee\\\/toode\\\/mineraaloli-baasil-xl-laagrimaare-mp\\\/\",\"name\":\"Mineraal\u00f5li baasil XL laagrim\u00e4\u00e4re MP - Ranoja\",\"isPartOf\":{\"@id\":\"https:\\\/\\\/ranoja.ee\\\/#website\"},\"primaryImageOfPage\":{\"@id\":\"https:\\\/\\\/ranoja.ee\\\/toode\\\/mineraaloli-baasil-xl-laagrimaare-mp\\\/#primaryimage\"},\"image\":{\"@id\":\"https:\\\/\\\/ranoja.ee\\\/toode\\\/mineraaloli-baasil-xl-laagrimaare-mp\\\/#primaryimage\"},\"thumbnailUrl\":\"https:\\\/\\\/ranoja.ee\\\/wp-content\\\/uploads\\\/2024\\\/02\\\/116-04-EP-e1708608920168.jpg\",\"datePublished\":\"2024-02-22T14:02:59+00:00\",\"dateModified\":\"2025-12-10T13:14:10+00:00\",\"description\":\"Mineraal\u00f5li baasil XL laagrim\u00e4\u00e4re MP Tootja: XL Sobib ideaalselt oksapurutajate laagrite m\u00e4\u00e4rimiseks NLGI-2 V\u00e4rvus: sinine\",\"breadcrumb\":{\"@id\":\"https:\\\/\\\/ranoja.ee\\\/toode\\\/mineraaloli-baasil-xl-laagrimaare-mp\\\/#breadcrumb\"},\"inLanguage\":\"en-US\",\"potentialAction\":[{\"@type\":\"ReadAction\",\"target\":[\"https:\\\/\\\/ranoja.ee\\\/toode\\\/mineraaloli-baasil-xl-laagrimaare-mp\\\/\"]}]},{\"@type\":\"ImageObject\",\"inLanguage\":\"en-US\",\"@id\":\"https:\\\/\\\/ranoja.ee\\\/toode\\\/mineraaloli-baasil-xl-laagrimaare-mp\\\/#primaryimage\",\"url\":\"https:\\\/\\\/ranoja.ee\\\/wp-content\\\/uploads\\\/2024\\\/02\\\/116-04-EP-e1708608920168.jpg\",\"contentUrl\":\"https:\\\/\\\/ranoja.ee\\\/wp-content\\\/uploads\\\/2024\\\/02\\\/116-04-EP-e1708608920168.jpg\",\"width\":283,\"height\":340,\"caption\":\"Mineraal\u00f5li baasil XL laagrim\u00e4\u00e4re MP\"},{\"@type\":\"BreadcrumbList\",\"@id\":\"https:\\\/\\\/ranoja.ee\\\/toode\\\/mineraaloli-baasil-xl-laagrimaare-mp\\\/#breadcrumb\",\"itemListElement\":[{\"@type\":\"ListItem\",\"position\":1,\"name\":\"Home\",\"item\":\"https:\\\/\\\/ranoja.ee\\\/\"},{\"@type\":\"ListItem\",\"position\":2,\"name\":\"Shop\",\"item\":\"https:\\\/\\\/ranoja.ee\\\/en\\\/shop\\\/\"},{\"@type\":\"ListItem\",\"position\":3,\"name\":\"Mineraal\u00f5li baasil XL laagrim\u00e4\u00e4re MP\"}]},{\"@type\":\"WebSite\",\"@id\":\"https:\\\/\\\/ranoja.ee\\\/#website\",\"url\":\"https:\\\/\\\/ranoja.ee\\\/\",\"name\":\"Ranoja\",\"description\":\"Equipment Shop WooCommerce WordPress Theme for Machine &amp; Tools\",\"publisher\":{\"@id\":\"https:\\\/\\\/ranoja.ee\\\/#organization\"},\"potentialAction\":[{\"@type\":\"SearchAction\",\"target\":{\"@type\":\"EntryPoint\",\"urlTemplate\":\"https:\\\/\\\/ranoja.ee\\\/?s={search_term_string}\"},\"query-input\":{\"@type\":\"PropertyValueSpecification\",\"valueRequired\":true,\"valueName\":\"search_term_string\"}}],\"inLanguage\":\"en-US\"},{\"@type\":\"Organization\",\"@id\":\"https:\\\/\\\/ranoja.ee\\\/#organization\",\"name\":\"Ranoja O\u00dc\",\"url\":\"https:\\\/\\\/ranoja.ee\\\/\",\"logo\":{\"@type\":\"ImageObject\",\"inLanguage\":\"en-US\",\"@id\":\"https:\\\/\\\/ranoja.ee\\\/#\\\/schema\\\/logo\\\/image\\\/\",\"url\":\"https:\\\/\\\/ranoja.ee\\\/wp-content\\\/uploads\\\/2023\\\/11\\\/ranoja-Logo.png\",\"contentUrl\":\"https:\\\/\\\/ranoja.ee\\\/wp-content\\\/uploads\\\/2023\\\/11\\\/ranoja-Logo.png\",\"width\":207,\"height\":58,\"caption\":\"Ranoja O\u00dc\"},\"image\":{\"@id\":\"https:\\\/\\\/ranoja.ee\\\/#\\\/schema\\\/logo\\\/image\\\/\"},\"sameAs\":[\"https:\\\/\\\/www.facebook.com\\\/ranoja.ee\",\"https:\\\/\\\/www.instagram.com\\\/ranoja__\\\/\"]}]}<\/script>\n<!-- \/ Yoast SEO plugin. -->","yoast_head_json":{"title":"Mineraal\u00f5li baasil XL laagrim\u00e4\u00e4re MP - Ranoja","description":"Mineraal\u00f5li baasil XL laagrim\u00e4\u00e4re MP Tootja: XL Sobib ideaalselt oksapurutajate laagrite m\u00e4\u00e4rimiseks NLGI-2 V\u00e4rvus: sinine","robots":{"index":"index","follow":"follow","max-snippet":"max-snippet:-1","max-image-preview":"max-image-preview:large","max-video-preview":"max-video-preview:-1"},"canonical":"https:\/\/ranoja.ee\/toode\/mineraaloli-baasil-xl-laagrimaare-mp\/","og_locale":"en_US","og_type":"article","og_title":"Mineraal\u00f5li baasil XL laagrim\u00e4\u00e4re MP - Ranoja","og_description":"Mineraal\u00f5li baasil XL laagrim\u00e4\u00e4re MP Tootja: XL Sobib ideaalselt oksapurutajate laagrite m\u00e4\u00e4rimiseks NLGI-2 V\u00e4rvus: sinine","og_url":"https:\/\/ranoja.ee\/toode\/mineraaloli-baasil-xl-laagrimaare-mp\/","og_site_name":"Ranoja","article_publisher":"https:\/\/www.facebook.com\/ranoja.ee","article_modified_time":"2025-12-10T13:14:10+00:00","og_image":[{"width":283,"height":340,"url":"https:\/\/ranoja.ee\/wp-content\/uploads\/2024\/02\/116-04-EP-e1708608920168.jpg","type":"image\/jpeg"}],"twitter_card":"summary_large_image","twitter_misc":{"Est. reading time":"2 minutes"},"schema":{"@context":"https:\/\/schema.org","@graph":[{"@type":"WebPage","@id":"https:\/\/ranoja.ee\/toode\/mineraaloli-baasil-xl-laagrimaare-mp\/","url":"https:\/\/ranoja.ee\/toode\/mineraaloli-baasil-xl-laagrimaare-mp\/","name":"Mineraal\u00f5li baasil XL laagrim\u00e4\u00e4re MP - Ranoja","isPartOf":{"@id":"https:\/\/ranoja.ee\/#website"},"primaryImageOfPage":{"@id":"https:\/\/ranoja.ee\/toode\/mineraaloli-baasil-xl-laagrimaare-mp\/#primaryimage"},"image":{"@id":"https:\/\/ranoja.ee\/toode\/mineraaloli-baasil-xl-laagrimaare-mp\/#primaryimage"},"thumbnailUrl":"https:\/\/ranoja.ee\/wp-content\/uploads\/2024\/02\/116-04-EP-e1708608920168.jpg","datePublished":"2024-02-22T14:02:59+00:00","dateModified":"2025-12-10T13:14:10+00:00","description":"Mineraal\u00f5li baasil XL laagrim\u00e4\u00e4re MP Tootja: XL Sobib ideaalselt oksapurutajate laagrite m\u00e4\u00e4rimiseks NLGI-2 V\u00e4rvus: sinine","breadcrumb":{"@id":"https:\/\/ranoja.ee\/toode\/mineraaloli-baasil-xl-laagrimaare-mp\/#breadcrumb"},"inLanguage":"en-US","potentialAction":[{"@type":"ReadAction","target":["https:\/\/ranoja.ee\/toode\/mineraaloli-baasil-xl-laagrimaare-mp\/"]}]},{"@type":"ImageObject","inLanguage":"en-US","@id":"https:\/\/ranoja.ee\/toode\/mineraaloli-baasil-xl-laagrimaare-mp\/#primaryimage","url":"https:\/\/ranoja.ee\/wp-content\/uploads\/2024\/02\/116-04-EP-e1708608920168.jpg","contentUrl":"https:\/\/ranoja.ee\/wp-content\/uploads\/2024\/02\/116-04-EP-e1708608920168.jpg","width":283,"height":340,"caption":"Mineraal\u00f5li baasil XL laagrim\u00e4\u00e4re MP"},{"@type":"BreadcrumbList","@id":"https:\/\/ranoja.ee\/toode\/mineraaloli-baasil-xl-laagrimaare-mp\/#breadcrumb","itemListElement":[{"@type":"ListItem","position":1,"name":"Home","item":"https:\/\/ranoja.ee\/"},{"@type":"ListItem","position":2,"name":"Shop","item":"https:\/\/ranoja.ee\/en\/shop\/"},{"@type":"ListItem","position":3,"name":"Mineraal\u00f5li baasil XL laagrim\u00e4\u00e4re MP"}]},{"@type":"WebSite","@id":"https:\/\/ranoja.ee\/#website","url":"https:\/\/ranoja.ee\/","name":"Ranoja","description":"Equipment Shop WooCommerce WordPress Theme for Machine &amp; Tools","publisher":{"@id":"https:\/\/ranoja.ee\/#organization"},"potentialAction":[{"@type":"SearchAction","target":{"@type":"EntryPoint","urlTemplate":"https:\/\/ranoja.ee\/?s={search_term_string}"},"query-input":{"@type":"PropertyValueSpecification","valueRequired":true,"valueName":"search_term_string"}}],"inLanguage":"en-US"},{"@type":"Organization","@id":"https:\/\/ranoja.ee\/#organization","name":"Ranoja O\u00dc","url":"https:\/\/ranoja.ee\/","logo":{"@type":"ImageObject","inLanguage":"en-US","@id":"https:\/\/ranoja.ee\/#\/schema\/logo\/image\/","url":"https:\/\/ranoja.ee\/wp-content\/uploads\/2023\/11\/ranoja-Logo.png","contentUrl":"https:\/\/ranoja.ee\/wp-content\/uploads\/2023\/11\/ranoja-Logo.png","width":207,"height":58,"caption":"Ranoja O\u00dc"},"image":{"@id":"https:\/\/ranoja.ee\/#\/schema\/logo\/image\/"},"sameAs":["https:\/\/www.facebook.com\/ranoja.ee","https:\/\/www.instagram.com\/ranoja__\/"]}]}},"_links":{"self":[{"href":"https:\/\/ranoja.ee\/en\/wp-json\/wp\/v2\/product\/8346","targetHints":{"allow":["GET"]}}],"collection":[{"href":"https:\/\/ranoja.ee\/en\/wp-json\/wp\/v2\/product"}],"about":[{"href":"https:\/\/ranoja.ee\/en\/wp-json\/wp\/v2\/types\/product"}],"wp:featuredmedia":[{"embeddable":true,"href":"https:\/\/ranoja.ee\/en\/wp-json\/wp\/v2\/media\/8343"}],"wp:attachment":[{"href":"https:\/\/ranoja.ee\/en\/wp-json\/wp\/v2\/media?parent=8346"}],"wp:term":[{"taxonomy":"product_cat","embeddable":true,"href":"https:\/\/ranoja.ee\/en\/wp-json\/wp\/v2\/product_cat?post=8346"},{"taxonomy":"product_tag","embeddable":true,"href":"https:\/\/ranoja.ee\/en\/wp-json\/wp\/v2\/product_tag?post=8346"}],"curies":[{"name":"wp","href":"https:\/\/api.w.org\/{rel}","templated":true}]}}