{"id":8345,"date":"2024-02-22T16:38:33","date_gmt":"2024-02-22T13:38:33","guid":{"rendered":"https:\/\/www.ranoja.ee\/?post_type=product&#038;p=8345"},"modified":"2025-12-10T16:14:10","modified_gmt":"2025-12-10T13:14:10","slug":"liitiumialusel-korgsurvelisandiga-total-ep-2-laagrimaare","status":"publish","type":"product","link":"https:\/\/ranoja.ee\/en\/toode\/liitiumialusel-korgsurvelisandiga-total-ep-2-laagrimaare\/","title":{"rendered":"Liitiumialusel k\u00f5rgsurvelisandiga TOTAL EP 2  laagrim\u00e4\u00e4re"},"content":{"rendered":"<p>Liitiumialusel k\u00f5rgsurvelisandiga TOTAL EP 2  laagrim\u00e4\u00e4re on suurema viskoossusega baas\u00f5lil valmistatud laagrim\u00e4\u00e4re. Sobib eriti suurtel koormustel ja vibratsioonis t\u00f6\u00f6tavatele liug- ja veerelaagritele. V\u00e4rvus pruunikas. Kasutamistemperatuuride vahemik -25&#8230;+120. NLGI-2, ISO 6473-9, L-XBCEB 2, DIN 51 502, KP2K -25.<\/p>\n<p>Masina m\u00e4\u00e4rimine on oluline protsess, liitiumialusel k\u00f5rgsurvelisandiga TOTAL EP 2  laagrim\u00e4\u00e4re tagab masinate sujuva t\u00f6\u00f6, v\u00e4hendab kulumist ning pikendab nende eluiga. Selle protseduuri eesm\u00e4rk on v\u00e4hendada h\u00f5\u00f5rdumist ja kulumist, hoides \u00e4ra komponentide kinnij\u00e4\u00e4mise ning ennetades v\u00f5imalikke rikkeid.<\/p>\n<p>Masinate m\u00e4\u00e4rimine on kriitilise t\u00e4htsusega nende t\u00f5hususe ja pikaealisuse tagamisel. H\u00f5\u00f5rdumine on \u00fcks peamisi tegureid, mis m\u00f5jutavad masinate j\u00f5udlust. Kui masinaosad kokku puutuvad, tekib h\u00f5\u00f5rdumine, mis v\u00f5ib p\u00f5hjustada kulumist ja isegi komponentide kahjustamist. \u00d5ige m\u00e4\u00e4rimine v\u00e4hendab h\u00f5\u00f5rdumist, luues libedama pinna, mis v\u00f5imaldab osadel \u00fcksteise suhtes liikuda minimaalse takistusega.<\/p>\n<p>M\u00e4\u00e4rimine aitab ka v\u00e4hendada soojuse teket masinaosades. Kui osad h\u00f5\u00f5rduvad omavahel, eraldub soojus, mis v\u00f5ib p\u00f5hjustada \u00fclekuumenemist ning l\u00fchendada masinate eluiga. \u00d5ige m\u00e4\u00e4rimine aitab hajutada soojuse efektiivselt, v\u00e4hendades seel\u00e4bi \u00fclekuumenemise riski.<\/p>\n<p>Lisaks h\u00f5\u00f5rdumise ja soojuse v\u00e4hendamisele aitab m\u00e4\u00e4rimine ka kaitsta masinaosi korrosiooni eest. \u00d5ige m\u00e4\u00e4rimine loob kaitsva kihi, mis hoiab \u00e4ra niiskuse ja hapniku ligip\u00e4\u00e4su metallpindadele ning seega takistab nende roostetamist ja korrosiooni teket.<\/p>\n<p>Mineraal\u00f5li baasil m\u00e4\u00e4re TOTAL MULTIS MS 2- ga m\u00e4\u00e4rimine ei ole \u00fchekordne protsess, vaid n\u00f5uab regulaarset hooldust. Masinate osad kipuvad kuluma ja m\u00e4\u00e4rimise efektiivsus v\u00f5ib aja jooksul v\u00e4heneda. Seet\u00f5ttu on oluline j\u00e4lgida ja hooldada m\u00e4\u00e4rdeaineid vastavalt tootja soovitustele ning vajadusel neid asendada.<\/p>\n","protected":false},"excerpt":{"rendered":"<p>K\u00f5rgsurvelisandiga (EP) laagrim\u00e4\u00e4re<br \/>\nTootja: TOTAL<br \/>\nSobib suurtel koormustel ja vibratsioonis t\u00f6\u00f6tavatele liug- ja veerelaagritele<br \/>\nKogus: 0,4kg<br \/>\nTemperatuuri vahemik: -25&#8230;+120<br \/>\nSobib oksapurustajate laagrite m\u00e4\u00e4rimiseks<br \/>\nV\u00e4rvus: pruunikas<br \/>\nNLGI-2, ISO 6473-9, L-XBCEB 2, DIN 51 502, KP2K -25<br \/>\n<strong><span style=\"color: #339966;\">Toote eeldatav tarneaeg 1-2 t\u00f6\u00f6p\u00e4eva<\/span><\/strong><\/p>\n","protected":false},"featured_media":8336,"template":"","meta":{"inline_featured_image":false},"product_cat":[1128,1123],"product_tag":[375,1220,390,1059,84,1283],"class_list":{"0":"post-8345","1":"product","2":"type-product","3":"status-publish","4":"has-post-thumbnail","6":"product_brand-total","7":"product_cat-olid-ja-maarded","8":"product_cat-varuosad","9":"product_tag-bensiinimootoriga-oksapurustaja","10":"product_tag-hooldus","11":"product_tag-hudrauliline-oksapurustaja","12":"product_tag-maarded","13":"product_tag-oksapurustaja","14":"product_tag-total","16":"first","17":"instock","18":"taxable","19":"shipping-taxable","20":"purchasable","21":"product-type-simple"},"yoast_head":"<!-- This site is optimized with the Yoast SEO plugin v27.4 - https:\/\/yoast.com\/product\/yoast-seo-wordpress\/ -->\n<title>Liitiumialusel k\u00f5rgsurvelisandiga TOTAL EP 2 laagrim\u00e4\u00e4re - Ranoja<\/title>\n<meta name=\"description\" content=\"Liitiumialusel k\u00f5rgsurvelisandiga TOTAL EP 2 laagrim\u00e4\u00e4re sobib ideaalselt oksapurustajate laagrite m\u00e4\u00e4rimiseks Tootja: TOTAL\" \/>\n<meta name=\"robots\" content=\"index, follow, max-snippet:-1, max-image-preview:large, max-video-preview:-1\" \/>\n<link rel=\"canonical\" href=\"https:\/\/ranoja.ee\/toode\/liitiumialusel-korgsurvelisandiga-total-ep-2-laagrimaare\/\" \/>\n<meta property=\"og:locale\" content=\"en_US\" \/>\n<meta property=\"og:type\" content=\"article\" \/>\n<meta property=\"og:title\" content=\"Liitiumialusel k\u00f5rgsurvelisandiga TOTAL EP 2 laagrim\u00e4\u00e4re - Ranoja\" \/>\n<meta property=\"og:description\" content=\"Liitiumialusel k\u00f5rgsurvelisandiga TOTAL EP 2 laagrim\u00e4\u00e4re sobib ideaalselt oksapurustajate laagrite m\u00e4\u00e4rimiseks Tootja: TOTAL\" \/>\n<meta property=\"og:url\" content=\"https:\/\/ranoja.ee\/toode\/liitiumialusel-korgsurvelisandiga-total-ep-2-laagrimaare\/\" \/>\n<meta property=\"og:site_name\" content=\"Ranoja\" \/>\n<meta property=\"article:publisher\" content=\"https:\/\/www.facebook.com\/ranoja.ee\" \/>\n<meta property=\"article:modified_time\" content=\"2025-12-10T13:14:10+00:00\" \/>\n<meta property=\"og:image\" content=\"https:\/\/ranoja.ee\/wp-content\/uploads\/2024\/02\/115-TO-04-CE10.jpg\" \/>\n\t<meta property=\"og:image:width\" content=\"400\" \/>\n\t<meta property=\"og:image:height\" content=\"400\" \/>\n\t<meta property=\"og:image:type\" content=\"image\/jpeg\" \/>\n<meta name=\"twitter:card\" content=\"summary_large_image\" \/>\n<meta name=\"twitter:label1\" content=\"Est. reading time\" \/>\n\t<meta name=\"twitter:data1\" content=\"2 minutes\" \/>\n<script type=\"application\/ld+json\" class=\"yoast-schema-graph\">{\"@context\":\"https:\\\/\\\/schema.org\",\"@graph\":[{\"@type\":\"WebPage\",\"@id\":\"https:\\\/\\\/ranoja.ee\\\/toode\\\/liitiumialusel-korgsurvelisandiga-total-ep-2-laagrimaare\\\/\",\"url\":\"https:\\\/\\\/ranoja.ee\\\/toode\\\/liitiumialusel-korgsurvelisandiga-total-ep-2-laagrimaare\\\/\",\"name\":\"Liitiumialusel k\u00f5rgsurvelisandiga TOTAL EP 2 laagrim\u00e4\u00e4re - Ranoja\",\"isPartOf\":{\"@id\":\"https:\\\/\\\/ranoja.ee\\\/#website\"},\"primaryImageOfPage\":{\"@id\":\"https:\\\/\\\/ranoja.ee\\\/toode\\\/liitiumialusel-korgsurvelisandiga-total-ep-2-laagrimaare\\\/#primaryimage\"},\"image\":{\"@id\":\"https:\\\/\\\/ranoja.ee\\\/toode\\\/liitiumialusel-korgsurvelisandiga-total-ep-2-laagrimaare\\\/#primaryimage\"},\"thumbnailUrl\":\"https:\\\/\\\/ranoja.ee\\\/wp-content\\\/uploads\\\/2024\\\/02\\\/115-TO-04-CE10.jpg\",\"datePublished\":\"2024-02-22T13:38:33+00:00\",\"dateModified\":\"2025-12-10T13:14:10+00:00\",\"description\":\"Liitiumialusel k\u00f5rgsurvelisandiga TOTAL EP 2 laagrim\u00e4\u00e4re sobib ideaalselt oksapurustajate laagrite m\u00e4\u00e4rimiseks Tootja: TOTAL\",\"breadcrumb\":{\"@id\":\"https:\\\/\\\/ranoja.ee\\\/toode\\\/liitiumialusel-korgsurvelisandiga-total-ep-2-laagrimaare\\\/#breadcrumb\"},\"inLanguage\":\"en-US\",\"potentialAction\":[{\"@type\":\"ReadAction\",\"target\":[\"https:\\\/\\\/ranoja.ee\\\/toode\\\/liitiumialusel-korgsurvelisandiga-total-ep-2-laagrimaare\\\/\"]}]},{\"@type\":\"ImageObject\",\"inLanguage\":\"en-US\",\"@id\":\"https:\\\/\\\/ranoja.ee\\\/toode\\\/liitiumialusel-korgsurvelisandiga-total-ep-2-laagrimaare\\\/#primaryimage\",\"url\":\"https:\\\/\\\/ranoja.ee\\\/wp-content\\\/uploads\\\/2024\\\/02\\\/115-TO-04-CE10.jpg\",\"contentUrl\":\"https:\\\/\\\/ranoja.ee\\\/wp-content\\\/uploads\\\/2024\\\/02\\\/115-TO-04-CE10.jpg\",\"width\":400,\"height\":400,\"caption\":\"Liitiumialusel k\u00f5rgsurvelisandiga TOTAL EP 2 laagrim\u00e4\u00e4re\"},{\"@type\":\"BreadcrumbList\",\"@id\":\"https:\\\/\\\/ranoja.ee\\\/toode\\\/liitiumialusel-korgsurvelisandiga-total-ep-2-laagrimaare\\\/#breadcrumb\",\"itemListElement\":[{\"@type\":\"ListItem\",\"position\":1,\"name\":\"Home\",\"item\":\"https:\\\/\\\/ranoja.ee\\\/\"},{\"@type\":\"ListItem\",\"position\":2,\"name\":\"Shop\",\"item\":\"https:\\\/\\\/ranoja.ee\\\/en\\\/shop\\\/\"},{\"@type\":\"ListItem\",\"position\":3,\"name\":\"Liitiumialusel k\u00f5rgsurvelisandiga TOTAL EP 2 laagrim\u00e4\u00e4re\"}]},{\"@type\":\"WebSite\",\"@id\":\"https:\\\/\\\/ranoja.ee\\\/#website\",\"url\":\"https:\\\/\\\/ranoja.ee\\\/\",\"name\":\"Ranoja\",\"description\":\"Equipment Shop WooCommerce WordPress Theme for Machine &amp; Tools\",\"publisher\":{\"@id\":\"https:\\\/\\\/ranoja.ee\\\/#organization\"},\"potentialAction\":[{\"@type\":\"SearchAction\",\"target\":{\"@type\":\"EntryPoint\",\"urlTemplate\":\"https:\\\/\\\/ranoja.ee\\\/?s={search_term_string}\"},\"query-input\":{\"@type\":\"PropertyValueSpecification\",\"valueRequired\":true,\"valueName\":\"search_term_string\"}}],\"inLanguage\":\"en-US\"},{\"@type\":\"Organization\",\"@id\":\"https:\\\/\\\/ranoja.ee\\\/#organization\",\"name\":\"Ranoja O\u00dc\",\"url\":\"https:\\\/\\\/ranoja.ee\\\/\",\"logo\":{\"@type\":\"ImageObject\",\"inLanguage\":\"en-US\",\"@id\":\"https:\\\/\\\/ranoja.ee\\\/#\\\/schema\\\/logo\\\/image\\\/\",\"url\":\"https:\\\/\\\/ranoja.ee\\\/wp-content\\\/uploads\\\/2023\\\/11\\\/ranoja-Logo.png\",\"contentUrl\":\"https:\\\/\\\/ranoja.ee\\\/wp-content\\\/uploads\\\/2023\\\/11\\\/ranoja-Logo.png\",\"width\":207,\"height\":58,\"caption\":\"Ranoja O\u00dc\"},\"image\":{\"@id\":\"https:\\\/\\\/ranoja.ee\\\/#\\\/schema\\\/logo\\\/image\\\/\"},\"sameAs\":[\"https:\\\/\\\/www.facebook.com\\\/ranoja.ee\",\"https:\\\/\\\/www.instagram.com\\\/ranoja__\\\/\"]}]}<\/script>\n<!-- \/ Yoast SEO plugin. -->","yoast_head_json":{"title":"Liitiumialusel k\u00f5rgsurvelisandiga TOTAL EP 2 laagrim\u00e4\u00e4re - Ranoja","description":"Liitiumialusel k\u00f5rgsurvelisandiga TOTAL EP 2 laagrim\u00e4\u00e4re sobib ideaalselt oksapurustajate laagrite m\u00e4\u00e4rimiseks Tootja: TOTAL","robots":{"index":"index","follow":"follow","max-snippet":"max-snippet:-1","max-image-preview":"max-image-preview:large","max-video-preview":"max-video-preview:-1"},"canonical":"https:\/\/ranoja.ee\/toode\/liitiumialusel-korgsurvelisandiga-total-ep-2-laagrimaare\/","og_locale":"en_US","og_type":"article","og_title":"Liitiumialusel k\u00f5rgsurvelisandiga TOTAL EP 2 laagrim\u00e4\u00e4re - Ranoja","og_description":"Liitiumialusel k\u00f5rgsurvelisandiga TOTAL EP 2 laagrim\u00e4\u00e4re sobib ideaalselt oksapurustajate laagrite m\u00e4\u00e4rimiseks Tootja: TOTAL","og_url":"https:\/\/ranoja.ee\/toode\/liitiumialusel-korgsurvelisandiga-total-ep-2-laagrimaare\/","og_site_name":"Ranoja","article_publisher":"https:\/\/www.facebook.com\/ranoja.ee","article_modified_time":"2025-12-10T13:14:10+00:00","og_image":[{"width":400,"height":400,"url":"https:\/\/ranoja.ee\/wp-content\/uploads\/2024\/02\/115-TO-04-CE10.jpg","type":"image\/jpeg"}],"twitter_card":"summary_large_image","twitter_misc":{"Est. reading time":"2 minutes"},"schema":{"@context":"https:\/\/schema.org","@graph":[{"@type":"WebPage","@id":"https:\/\/ranoja.ee\/toode\/liitiumialusel-korgsurvelisandiga-total-ep-2-laagrimaare\/","url":"https:\/\/ranoja.ee\/toode\/liitiumialusel-korgsurvelisandiga-total-ep-2-laagrimaare\/","name":"Liitiumialusel k\u00f5rgsurvelisandiga TOTAL EP 2 laagrim\u00e4\u00e4re - Ranoja","isPartOf":{"@id":"https:\/\/ranoja.ee\/#website"},"primaryImageOfPage":{"@id":"https:\/\/ranoja.ee\/toode\/liitiumialusel-korgsurvelisandiga-total-ep-2-laagrimaare\/#primaryimage"},"image":{"@id":"https:\/\/ranoja.ee\/toode\/liitiumialusel-korgsurvelisandiga-total-ep-2-laagrimaare\/#primaryimage"},"thumbnailUrl":"https:\/\/ranoja.ee\/wp-content\/uploads\/2024\/02\/115-TO-04-CE10.jpg","datePublished":"2024-02-22T13:38:33+00:00","dateModified":"2025-12-10T13:14:10+00:00","description":"Liitiumialusel k\u00f5rgsurvelisandiga TOTAL EP 2 laagrim\u00e4\u00e4re sobib ideaalselt oksapurustajate laagrite m\u00e4\u00e4rimiseks Tootja: TOTAL","breadcrumb":{"@id":"https:\/\/ranoja.ee\/toode\/liitiumialusel-korgsurvelisandiga-total-ep-2-laagrimaare\/#breadcrumb"},"inLanguage":"en-US","potentialAction":[{"@type":"ReadAction","target":["https:\/\/ranoja.ee\/toode\/liitiumialusel-korgsurvelisandiga-total-ep-2-laagrimaare\/"]}]},{"@type":"ImageObject","inLanguage":"en-US","@id":"https:\/\/ranoja.ee\/toode\/liitiumialusel-korgsurvelisandiga-total-ep-2-laagrimaare\/#primaryimage","url":"https:\/\/ranoja.ee\/wp-content\/uploads\/2024\/02\/115-TO-04-CE10.jpg","contentUrl":"https:\/\/ranoja.ee\/wp-content\/uploads\/2024\/02\/115-TO-04-CE10.jpg","width":400,"height":400,"caption":"Liitiumialusel k\u00f5rgsurvelisandiga TOTAL EP 2 laagrim\u00e4\u00e4re"},{"@type":"BreadcrumbList","@id":"https:\/\/ranoja.ee\/toode\/liitiumialusel-korgsurvelisandiga-total-ep-2-laagrimaare\/#breadcrumb","itemListElement":[{"@type":"ListItem","position":1,"name":"Home","item":"https:\/\/ranoja.ee\/"},{"@type":"ListItem","position":2,"name":"Shop","item":"https:\/\/ranoja.ee\/en\/shop\/"},{"@type":"ListItem","position":3,"name":"Liitiumialusel k\u00f5rgsurvelisandiga TOTAL EP 2 laagrim\u00e4\u00e4re"}]},{"@type":"WebSite","@id":"https:\/\/ranoja.ee\/#website","url":"https:\/\/ranoja.ee\/","name":"Ranoja","description":"Equipment Shop WooCommerce WordPress Theme for Machine &amp; Tools","publisher":{"@id":"https:\/\/ranoja.ee\/#organization"},"potentialAction":[{"@type":"SearchAction","target":{"@type":"EntryPoint","urlTemplate":"https:\/\/ranoja.ee\/?s={search_term_string}"},"query-input":{"@type":"PropertyValueSpecification","valueRequired":true,"valueName":"search_term_string"}}],"inLanguage":"en-US"},{"@type":"Organization","@id":"https:\/\/ranoja.ee\/#organization","name":"Ranoja O\u00dc","url":"https:\/\/ranoja.ee\/","logo":{"@type":"ImageObject","inLanguage":"en-US","@id":"https:\/\/ranoja.ee\/#\/schema\/logo\/image\/","url":"https:\/\/ranoja.ee\/wp-content\/uploads\/2023\/11\/ranoja-Logo.png","contentUrl":"https:\/\/ranoja.ee\/wp-content\/uploads\/2023\/11\/ranoja-Logo.png","width":207,"height":58,"caption":"Ranoja O\u00dc"},"image":{"@id":"https:\/\/ranoja.ee\/#\/schema\/logo\/image\/"},"sameAs":["https:\/\/www.facebook.com\/ranoja.ee","https:\/\/www.instagram.com\/ranoja__\/"]}]}},"_links":{"self":[{"href":"https:\/\/ranoja.ee\/en\/wp-json\/wp\/v2\/product\/8345","targetHints":{"allow":["GET"]}}],"collection":[{"href":"https:\/\/ranoja.ee\/en\/wp-json\/wp\/v2\/product"}],"about":[{"href":"https:\/\/ranoja.ee\/en\/wp-json\/wp\/v2\/types\/product"}],"wp:featuredmedia":[{"embeddable":true,"href":"https:\/\/ranoja.ee\/en\/wp-json\/wp\/v2\/media\/8336"}],"wp:attachment":[{"href":"https:\/\/ranoja.ee\/en\/wp-json\/wp\/v2\/media?parent=8345"}],"wp:term":[{"taxonomy":"product_cat","embeddable":true,"href":"https:\/\/ranoja.ee\/en\/wp-json\/wp\/v2\/product_cat?post=8345"},{"taxonomy":"product_tag","embeddable":true,"href":"https:\/\/ranoja.ee\/en\/wp-json\/wp\/v2\/product_tag?post=8345"}],"curies":[{"name":"wp","href":"https:\/\/api.w.org\/{rel}","templated":true}]}}