{"id":8145,"date":"2024-02-13T14:08:20","date_gmt":"2024-02-13T11:08:20","guid":{"rendered":"https:\/\/www.ranoja.ee\/?post_type=product&#038;p=8145"},"modified":"2025-12-10T16:14:12","modified_gmt":"2025-12-10T13:14:12","slug":"halumasin-lumag-ssa400-ja-ssa500-lohkumissamba-kaepide","status":"publish","type":"product","link":"https:\/\/ranoja.ee\/en\/toode\/halumasin-lumag-ssa400-ja-ssa500-lohkumissamba-kaepide\/","title":{"rendered":"Halumasin Lumag SSA400 ja SSA500 l\u00f5hkumissamba k\u00e4epide"},"content":{"rendered":"<p>Halumasin Lumag SSA400 ja SSA500 l\u00f5hkumissamba k\u00e4epide on oluline osa masina konstruktsioonist, m\u00e4ngides v\u00f5tmerolli nii t\u00f6\u00f6ohutuse kui ka kasutajamugavuse tagamisel. See k\u00e4epide on tavaliselt paigutatud masina k\u00e4epidemepinnale, kus operaator hoiab ja juhib masinat. Kummist k\u00e4epideme kasutamine on mitmeti p\u00f5hjendatud, toetades nii t\u00f6\u00f6v\u00f5imet kui ka masina t\u00f5husat k\u00e4sitsemist.<\/p>\n<p>Esiteks aitab kummist k\u00e4epide leevendada t\u00f6\u00f6tegija k\u00e4tele ja k\u00e4e-liigestele m\u00f5juvaid vibratsioone ning p\u00f5rutusi. Kui halumasina k\u00e4epide on valmistatud pehmest, ent vastupidavast kummimaterjalist, siis see absorbeerib osa masina t\u00f6\u00f6tamisest tulenevatest l\u00f6\u00f6kidest. See v\u00e4hendab k\u00e4te ja k\u00e4e-liigeste koormust ning aitab ennetada v\u00e4simust ja vigastusi, mis v\u00f5ivad tekkida pikaajalise kasutamise korral.<\/p>\n<p>Halumasin Lumag SSA400 ja SSA500 l\u00f5hkumissamba k\u00e4epide tagab kindla haarde ja kontrolli masina \u00fcle. Kummimaterjal pakub libisemiskindlat pinda, isegi niisketes v\u00f5i \u00f5liseis tingimustes. T\u00e4nu sellele omadusele saab operaator hoida masinat kindlalt k\u00e4es, v\u00e4hendades libisemise ja kukkumise riski. See on oluline ohutusaspekt, eriti kui masinat kasutatakse ebatasasel pinnal v\u00f5i kalletel.<\/p>\n<p>Lisaks on kummist k\u00e4epide vastupidav ja talub h\u00e4sti erinevaid ilmastikutingimusi ning t\u00f6\u00f6keskkonna v\u00e4ljakutseid. Kummimaterjal on vastupidav kulumisele ja korrosioonile, tagades k\u00e4epideme pika eluea ning minimeerides vajadust regulaarseks hoolduseks v\u00f5i asendamiseks.<\/p>\n<p>Kokkuv\u00f5ttes on halumasina kummist k\u00e4epide oluline komponent, mis m\u00f5jutab oluliselt kasutajamugavust ja ohutust. Ergonoomiline disain, vastupidavus ja v\u00f5ime v\u00e4hendada vibratsiooni ja m\u00fcra teevad sellest olulise lisavarustuse, tagades efektiivse ja turvalise masina kasutamise erinevates t\u00f6\u00f6tingimustes.<\/p>\n<p>Lumagi tootevalik h\u00f5lmab mitmesuguseid ehitusseadmeid ja tarvikuid, alates k\u00f5rgkvaliteedilistest rasketest masinatest kuni kompaktsete t\u00f6\u00f6riistadeni. Br\u00e4ndi toodete disain on t\u00e4nap\u00e4evane, praktiline ja vastupidav, vastates professionaalsete ehitajate ja kodukasutajate k\u00f5rgeimatele standarditele.<\/p>\n<p>Lumag on p\u00fchendunud ka klientide rahulolu tagamisele, pakkudes tipptasemel teenindust ja usaldusv\u00e4\u00e4rset tuge. Nende klientideks on nii suured ehitusettev\u00f5tted kui ka v\u00e4iksemad kohalikud ettev\u00f5tted ning kodukasutajad, kes hindavad vastupidavust ja j\u00f5udlust.<br \/>\n<img decoding=\"async\" src=\"https:\/\/www.ranoja.ee\/wp-content\/uploads\/2023\/07\/LUMAG_Germany_logo_black-300x105.png\" alt=\"\" width=\"300\" height=\"105\" class=\"alignnone size-medium wp-image-5899\" srcset=\"https:\/\/ranoja.ee\/wp-content\/uploads\/2023\/07\/LUMAG_Germany_logo_black-300x105.png 300w, https:\/\/ranoja.ee\/wp-content\/uploads\/2023\/07\/LUMAG_Germany_logo_black-768x270.png 768w, https:\/\/ranoja.ee\/wp-content\/uploads\/2023\/07\/LUMAG_Germany_logo_black-850x299.png 850w, https:\/\/ranoja.ee\/wp-content\/uploads\/2023\/07\/LUMAG_Germany_logo_black-800x281.png 800w, https:\/\/ranoja.ee\/wp-content\/uploads\/2023\/07\/LUMAG_Germany_logo_black.png 852w\" sizes=\"(max-width: 300px) 100vw, 300px\" \/><\/p>\n","protected":false},"excerpt":{"rendered":"<p>Sobivad seadmetele:<br \/>\nLumag halumasinad SSA400G\/E\/Z<br \/>\nLumag halumasinad SSA500G\/E\/Z, SSA500GH\/EH\/ZH-PRO<br \/>\n<strong><span style=\"color: #339966;\">ANTUD TOOTEGA SAAB TUTVUDA MEIE PAIDE ESINDUSES KOHAPEAL!<\/span><\/strong><\/p>\n","protected":false},"featured_media":8146,"template":"","meta":{"inline_featured_image":false},"product_cat":[1253,1123],"product_tag":[470,1258,134,1227],"class_list":{"0":"post-8145","1":"product","2":"type-product","3":"status-publish","4":"has-post-thumbnail","6":"product_brand-lumag","7":"product_cat-muud-varuosad","8":"product_cat-varuosad","9":"product_tag-halumasin","10":"product_tag-halumasinate-varuosad","11":"product_tag-lumag","12":"product_tag-lumag-varuosad","14":"first","15":"instock","16":"taxable","17":"shipping-taxable","18":"purchasable","19":"product-type-simple"},"yoast_head":"<!-- This site is optimized with the Yoast SEO plugin v27.4 - https:\/\/yoast.com\/product\/yoast-seo-wordpress\/ -->\n<title>Halumasin Lumag SSA400 ja SSA500 l\u00f5hkumissamba k\u00e4epide - Ranoja<\/title>\n<meta name=\"description\" content=\"Sobivad seadmetele: Lumag halumasinad SSA400G\/E\/Z Lumag halumasinad SSA500G\/E\/Z, SSA500GH\/EH\/ZH-PRO, NING SSA500GH\/EH\/ZH-PRO\/S\" \/>\n<meta name=\"robots\" content=\"index, follow, max-snippet:-1, max-image-preview:large, max-video-preview:-1\" \/>\n<link rel=\"canonical\" href=\"https:\/\/ranoja.ee\/toode\/halumasin-lumag-ssa400-ja-ssa500-lohkumissamba-kaepide\/\" \/>\n<meta property=\"og:locale\" content=\"en_US\" \/>\n<meta property=\"og:type\" content=\"article\" \/>\n<meta property=\"og:title\" content=\"Halumasin Lumag SSA400 ja SSA500 l\u00f5hkumissamba k\u00e4epide - Ranoja\" \/>\n<meta property=\"og:description\" content=\"Sobivad seadmetele: Lumag halumasinad SSA400G\/E\/Z Lumag halumasinad SSA500G\/E\/Z, SSA500GH\/EH\/ZH-PRO, NING SSA500GH\/EH\/ZH-PRO\/S\" \/>\n<meta property=\"og:url\" content=\"https:\/\/ranoja.ee\/toode\/halumasin-lumag-ssa400-ja-ssa500-lohkumissamba-kaepide\/\" \/>\n<meta property=\"og:site_name\" content=\"Ranoja\" \/>\n<meta property=\"article:publisher\" content=\"https:\/\/www.facebook.com\/ranoja.ee\" \/>\n<meta property=\"article:modified_time\" content=\"2025-12-10T13:14:12+00:00\" \/>\n<meta property=\"og:image\" content=\"https:\/\/ranoja.ee\/wp-content\/uploads\/2024\/02\/Kaepide-.png\" \/>\n\t<meta property=\"og:image:width\" content=\"643\" \/>\n\t<meta property=\"og:image:height\" content=\"437\" \/>\n\t<meta property=\"og:image:type\" content=\"image\/png\" \/>\n<meta name=\"twitter:card\" content=\"summary_large_image\" \/>\n<meta name=\"twitter:label1\" content=\"Est. reading time\" \/>\n\t<meta name=\"twitter:data1\" content=\"1 minute\" \/>\n<script type=\"application\/ld+json\" class=\"yoast-schema-graph\">{\"@context\":\"https:\\\/\\\/schema.org\",\"@graph\":[{\"@type\":\"WebPage\",\"@id\":\"https:\\\/\\\/ranoja.ee\\\/toode\\\/halumasin-lumag-ssa400-ja-ssa500-lohkumissamba-kaepide\\\/\",\"url\":\"https:\\\/\\\/ranoja.ee\\\/toode\\\/halumasin-lumag-ssa400-ja-ssa500-lohkumissamba-kaepide\\\/\",\"name\":\"Halumasin Lumag SSA400 ja SSA500 l\u00f5hkumissamba k\u00e4epide - Ranoja\",\"isPartOf\":{\"@id\":\"https:\\\/\\\/ranoja.ee\\\/#website\"},\"primaryImageOfPage\":{\"@id\":\"https:\\\/\\\/ranoja.ee\\\/toode\\\/halumasin-lumag-ssa400-ja-ssa500-lohkumissamba-kaepide\\\/#primaryimage\"},\"image\":{\"@id\":\"https:\\\/\\\/ranoja.ee\\\/toode\\\/halumasin-lumag-ssa400-ja-ssa500-lohkumissamba-kaepide\\\/#primaryimage\"},\"thumbnailUrl\":\"https:\\\/\\\/ranoja.ee\\\/wp-content\\\/uploads\\\/2024\\\/02\\\/Kaepide-.png\",\"datePublished\":\"2024-02-13T11:08:20+00:00\",\"dateModified\":\"2025-12-10T13:14:12+00:00\",\"description\":\"Sobivad seadmetele: Lumag halumasinad SSA400G\\\/E\\\/Z Lumag halumasinad SSA500G\\\/E\\\/Z, SSA500GH\\\/EH\\\/ZH-PRO, NING SSA500GH\\\/EH\\\/ZH-PRO\\\/S\",\"breadcrumb\":{\"@id\":\"https:\\\/\\\/ranoja.ee\\\/toode\\\/halumasin-lumag-ssa400-ja-ssa500-lohkumissamba-kaepide\\\/#breadcrumb\"},\"inLanguage\":\"en-US\",\"potentialAction\":[{\"@type\":\"ReadAction\",\"target\":[\"https:\\\/\\\/ranoja.ee\\\/toode\\\/halumasin-lumag-ssa400-ja-ssa500-lohkumissamba-kaepide\\\/\"]}]},{\"@type\":\"ImageObject\",\"inLanguage\":\"en-US\",\"@id\":\"https:\\\/\\\/ranoja.ee\\\/toode\\\/halumasin-lumag-ssa400-ja-ssa500-lohkumissamba-kaepide\\\/#primaryimage\",\"url\":\"https:\\\/\\\/ranoja.ee\\\/wp-content\\\/uploads\\\/2024\\\/02\\\/Kaepide-.png\",\"contentUrl\":\"https:\\\/\\\/ranoja.ee\\\/wp-content\\\/uploads\\\/2024\\\/02\\\/Kaepide-.png\",\"width\":643,\"height\":437,\"caption\":\"Halumasin Lumag SSA400 ja SSA500 l\u00f5hkumissamba k\u00e4epide\"},{\"@type\":\"BreadcrumbList\",\"@id\":\"https:\\\/\\\/ranoja.ee\\\/toode\\\/halumasin-lumag-ssa400-ja-ssa500-lohkumissamba-kaepide\\\/#breadcrumb\",\"itemListElement\":[{\"@type\":\"ListItem\",\"position\":1,\"name\":\"Home\",\"item\":\"https:\\\/\\\/ranoja.ee\\\/\"},{\"@type\":\"ListItem\",\"position\":2,\"name\":\"Shop\",\"item\":\"https:\\\/\\\/ranoja.ee\\\/en\\\/shop\\\/\"},{\"@type\":\"ListItem\",\"position\":3,\"name\":\"Halumasin Lumag SSA400 ja SSA500 l\u00f5hkumissamba k\u00e4epide\"}]},{\"@type\":\"WebSite\",\"@id\":\"https:\\\/\\\/ranoja.ee\\\/#website\",\"url\":\"https:\\\/\\\/ranoja.ee\\\/\",\"name\":\"Ranoja\",\"description\":\"Equipment Shop WooCommerce WordPress Theme for Machine &amp; Tools\",\"publisher\":{\"@id\":\"https:\\\/\\\/ranoja.ee\\\/#organization\"},\"potentialAction\":[{\"@type\":\"SearchAction\",\"target\":{\"@type\":\"EntryPoint\",\"urlTemplate\":\"https:\\\/\\\/ranoja.ee\\\/?s={search_term_string}\"},\"query-input\":{\"@type\":\"PropertyValueSpecification\",\"valueRequired\":true,\"valueName\":\"search_term_string\"}}],\"inLanguage\":\"en-US\"},{\"@type\":\"Organization\",\"@id\":\"https:\\\/\\\/ranoja.ee\\\/#organization\",\"name\":\"Ranoja O\u00dc\",\"url\":\"https:\\\/\\\/ranoja.ee\\\/\",\"logo\":{\"@type\":\"ImageObject\",\"inLanguage\":\"en-US\",\"@id\":\"https:\\\/\\\/ranoja.ee\\\/#\\\/schema\\\/logo\\\/image\\\/\",\"url\":\"https:\\\/\\\/ranoja.ee\\\/wp-content\\\/uploads\\\/2023\\\/11\\\/ranoja-Logo.png\",\"contentUrl\":\"https:\\\/\\\/ranoja.ee\\\/wp-content\\\/uploads\\\/2023\\\/11\\\/ranoja-Logo.png\",\"width\":207,\"height\":58,\"caption\":\"Ranoja O\u00dc\"},\"image\":{\"@id\":\"https:\\\/\\\/ranoja.ee\\\/#\\\/schema\\\/logo\\\/image\\\/\"},\"sameAs\":[\"https:\\\/\\\/www.facebook.com\\\/ranoja.ee\",\"https:\\\/\\\/www.instagram.com\\\/ranoja__\\\/\"]}]}<\/script>\n<!-- \/ Yoast SEO plugin. -->","yoast_head_json":{"title":"Halumasin Lumag SSA400 ja SSA500 l\u00f5hkumissamba k\u00e4epide - Ranoja","description":"Sobivad seadmetele: Lumag halumasinad SSA400G\/E\/Z Lumag halumasinad SSA500G\/E\/Z, SSA500GH\/EH\/ZH-PRO, NING SSA500GH\/EH\/ZH-PRO\/S","robots":{"index":"index","follow":"follow","max-snippet":"max-snippet:-1","max-image-preview":"max-image-preview:large","max-video-preview":"max-video-preview:-1"},"canonical":"https:\/\/ranoja.ee\/toode\/halumasin-lumag-ssa400-ja-ssa500-lohkumissamba-kaepide\/","og_locale":"en_US","og_type":"article","og_title":"Halumasin Lumag SSA400 ja SSA500 l\u00f5hkumissamba k\u00e4epide - Ranoja","og_description":"Sobivad seadmetele: Lumag halumasinad SSA400G\/E\/Z Lumag halumasinad SSA500G\/E\/Z, SSA500GH\/EH\/ZH-PRO, NING SSA500GH\/EH\/ZH-PRO\/S","og_url":"https:\/\/ranoja.ee\/toode\/halumasin-lumag-ssa400-ja-ssa500-lohkumissamba-kaepide\/","og_site_name":"Ranoja","article_publisher":"https:\/\/www.facebook.com\/ranoja.ee","article_modified_time":"2025-12-10T13:14:12+00:00","og_image":[{"width":643,"height":437,"url":"https:\/\/ranoja.ee\/wp-content\/uploads\/2024\/02\/Kaepide-.png","type":"image\/png"}],"twitter_card":"summary_large_image","twitter_misc":{"Est. reading time":"1 minute"},"schema":{"@context":"https:\/\/schema.org","@graph":[{"@type":"WebPage","@id":"https:\/\/ranoja.ee\/toode\/halumasin-lumag-ssa400-ja-ssa500-lohkumissamba-kaepide\/","url":"https:\/\/ranoja.ee\/toode\/halumasin-lumag-ssa400-ja-ssa500-lohkumissamba-kaepide\/","name":"Halumasin Lumag SSA400 ja SSA500 l\u00f5hkumissamba k\u00e4epide - Ranoja","isPartOf":{"@id":"https:\/\/ranoja.ee\/#website"},"primaryImageOfPage":{"@id":"https:\/\/ranoja.ee\/toode\/halumasin-lumag-ssa400-ja-ssa500-lohkumissamba-kaepide\/#primaryimage"},"image":{"@id":"https:\/\/ranoja.ee\/toode\/halumasin-lumag-ssa400-ja-ssa500-lohkumissamba-kaepide\/#primaryimage"},"thumbnailUrl":"https:\/\/ranoja.ee\/wp-content\/uploads\/2024\/02\/Kaepide-.png","datePublished":"2024-02-13T11:08:20+00:00","dateModified":"2025-12-10T13:14:12+00:00","description":"Sobivad seadmetele: Lumag halumasinad SSA400G\/E\/Z Lumag halumasinad SSA500G\/E\/Z, SSA500GH\/EH\/ZH-PRO, NING SSA500GH\/EH\/ZH-PRO\/S","breadcrumb":{"@id":"https:\/\/ranoja.ee\/toode\/halumasin-lumag-ssa400-ja-ssa500-lohkumissamba-kaepide\/#breadcrumb"},"inLanguage":"en-US","potentialAction":[{"@type":"ReadAction","target":["https:\/\/ranoja.ee\/toode\/halumasin-lumag-ssa400-ja-ssa500-lohkumissamba-kaepide\/"]}]},{"@type":"ImageObject","inLanguage":"en-US","@id":"https:\/\/ranoja.ee\/toode\/halumasin-lumag-ssa400-ja-ssa500-lohkumissamba-kaepide\/#primaryimage","url":"https:\/\/ranoja.ee\/wp-content\/uploads\/2024\/02\/Kaepide-.png","contentUrl":"https:\/\/ranoja.ee\/wp-content\/uploads\/2024\/02\/Kaepide-.png","width":643,"height":437,"caption":"Halumasin Lumag SSA400 ja SSA500 l\u00f5hkumissamba k\u00e4epide"},{"@type":"BreadcrumbList","@id":"https:\/\/ranoja.ee\/toode\/halumasin-lumag-ssa400-ja-ssa500-lohkumissamba-kaepide\/#breadcrumb","itemListElement":[{"@type":"ListItem","position":1,"name":"Home","item":"https:\/\/ranoja.ee\/"},{"@type":"ListItem","position":2,"name":"Shop","item":"https:\/\/ranoja.ee\/en\/shop\/"},{"@type":"ListItem","position":3,"name":"Halumasin Lumag SSA400 ja SSA500 l\u00f5hkumissamba k\u00e4epide"}]},{"@type":"WebSite","@id":"https:\/\/ranoja.ee\/#website","url":"https:\/\/ranoja.ee\/","name":"Ranoja","description":"Equipment Shop WooCommerce WordPress Theme for Machine &amp; Tools","publisher":{"@id":"https:\/\/ranoja.ee\/#organization"},"potentialAction":[{"@type":"SearchAction","target":{"@type":"EntryPoint","urlTemplate":"https:\/\/ranoja.ee\/?s={search_term_string}"},"query-input":{"@type":"PropertyValueSpecification","valueRequired":true,"valueName":"search_term_string"}}],"inLanguage":"en-US"},{"@type":"Organization","@id":"https:\/\/ranoja.ee\/#organization","name":"Ranoja O\u00dc","url":"https:\/\/ranoja.ee\/","logo":{"@type":"ImageObject","inLanguage":"en-US","@id":"https:\/\/ranoja.ee\/#\/schema\/logo\/image\/","url":"https:\/\/ranoja.ee\/wp-content\/uploads\/2023\/11\/ranoja-Logo.png","contentUrl":"https:\/\/ranoja.ee\/wp-content\/uploads\/2023\/11\/ranoja-Logo.png","width":207,"height":58,"caption":"Ranoja O\u00dc"},"image":{"@id":"https:\/\/ranoja.ee\/#\/schema\/logo\/image\/"},"sameAs":["https:\/\/www.facebook.com\/ranoja.ee","https:\/\/www.instagram.com\/ranoja__\/"]}]}},"_links":{"self":[{"href":"https:\/\/ranoja.ee\/en\/wp-json\/wp\/v2\/product\/8145","targetHints":{"allow":["GET"]}}],"collection":[{"href":"https:\/\/ranoja.ee\/en\/wp-json\/wp\/v2\/product"}],"about":[{"href":"https:\/\/ranoja.ee\/en\/wp-json\/wp\/v2\/types\/product"}],"wp:featuredmedia":[{"embeddable":true,"href":"https:\/\/ranoja.ee\/en\/wp-json\/wp\/v2\/media\/8146"}],"wp:attachment":[{"href":"https:\/\/ranoja.ee\/en\/wp-json\/wp\/v2\/media?parent=8145"}],"wp:term":[{"taxonomy":"product_cat","embeddable":true,"href":"https:\/\/ranoja.ee\/en\/wp-json\/wp\/v2\/product_cat?post=8145"},{"taxonomy":"product_tag","embeddable":true,"href":"https:\/\/ranoja.ee\/en\/wp-json\/wp\/v2\/product_tag?post=8145"}],"curies":[{"name":"wp","href":"https:\/\/api.w.org\/{rel}","templated":true}]}}