{"id":8116,"date":"2024-02-12T16:42:10","date_gmt":"2024-02-12T13:42:10","guid":{"rendered":"https:\/\/www.ranoja.ee\/?post_type=product&#038;p=8116"},"modified":"2025-12-10T16:14:12","modified_gmt":"2025-12-10T13:14:12","slug":"ketasloikuri-cedcsb165li-loikeketas","status":"publish","type":"product","link":"https:\/\/ranoja.ee\/en\/toode\/ketasloikuri-cedcsb165li-loikeketas\/","title":{"rendered":"Ketasl\u00f5ikuri CEDCSB165LI l\u00f5ikeketas"},"content":{"rendered":"<p>Ketasl\u00f5ikuri CEDCSB165LI l\u00f5ikeketas on t\u00e4pne ja t\u00f5hus puidu l\u00f5ikamine erinevates ehitus- ja puut\u00f6\u00f6projektides. See on \u00fcks olulisemaid ketassaagide lisavarustusi, millel on spetsiifilised omadused, et tagada sujuv ja t\u00e4pne puidu l\u00f5ikamine erinevate m\u00f5\u00f5tmetega ja tihedusega puitmaterjalides.<\/p>\n<p>L\u00f5ikeketta teravus ja konstruktsioon on v\u00f5tmetegurid selle t\u00f5hususes puidu l\u00f5ikamisel. Tavaliselt on ketassae puidu l\u00f5ikeketta hambad kujundatud nii, et need suudaksid l\u00f5igata puidukiudu ilma l\u00f5hedeta ja vigadeta. Puitu l\u00f5ikavatel ketastel on suured, s\u00fcgavad hambad, mis eemaldavad kiiresti materjali, samal ajal kui peenemate hammastega kettad tagavad t\u00e4psema ja siledama viimistluse.<\/p>\n<p>Ketasl\u00f5ikuri CEDCSB165LI l\u00f5ikeketas on spetsiaalne kate, mis v\u00e4hendab h\u00f5\u00f5rdumist ja kaitseb korrosiooni eest, tagades seel\u00e4bi l\u00f5ikeketta vastupidavuse ja pikaealisuse. M\u00f5ned kvaliteetsed puidu l\u00f5ikekettad v\u00f5ivad olla valmistatud karbiidist, mis on veelgi vastupidavam ja kulumiskindlam materjal, eriti juhul, kui l\u00f5igatakse tihedamaid v\u00f5i k\u00f5vemaid puiduliike.<\/p>\n<p>Ketasl\u00f5ikuri CEDCSB165LI l\u00f5ikeketas on saadaval erinevate l\u00e4bim\u00f5\u00f5tudega, v\u00f5imaldades valida vastavalt konkreetsele rakendusele ja saemudelile. Suurem l\u00e4bim\u00f5\u00f5t v\u00f5imaldab s\u00fcgavamaid l\u00f5ikeid, samas kui v\u00e4iksemad kettad on paremad peente detailide jaoks.<\/p>\n<p>Ohutus on ketassaega t\u00f6\u00f6tamisel esmat\u00e4htis, ja seet\u00f5ttu on puidu l\u00f5ikekettal sageli spetsiaalsed ohutusfunktsioonid, nagu v\u00e4hendatud vibratsioon ja m\u00fcratase. Kasutaja peab j\u00e4rgima k\u00f5iki turvameetmeid, kandes isikukaitsevahendeid, nagu silmakaitse ja kaitseriietus.<\/p>\n<p>Ketassae puidu l\u00f5ikeketas on v\u00e4\u00e4rtuslik t\u00f6\u00f6riist igasuguse puidu l\u00f5ikamiseks, olgu see siis ehitusplatsil, t\u00f6\u00f6kojas v\u00f5i koduse remondiprojekti jaoks. Selle t\u00e4psus, t\u00f5husus ja vastupidavus muudavad selle asendamatuks komponendiks puut\u00f6\u00f6- ja ehitusvaldkonnas.<\/p>\n<p>CEDRUS on \u00fcks suurimaid aiandusmasinate, t\u00f6\u00f6riistade ning metsandus tarvikute edasim\u00fc\u00fcjaid Poolas.<br \/>\nMeie eesm\u00e4rk on pakkuda klientidele k\u00f5rgeima kvaliteediga tooteid konkurentsiv\u00f5imeliste hindadega.<br \/>\nAlates 2016. aastast oleme arendanud ka oma kaubam\u00e4rgi all olevat tootesarja Cedrus.<br \/>\nHetkel pakume enam kui 100 t\u00fc\u00fcpi CEDRUS kaubam\u00e4rgi aia- ja ehitusmasinaid, samuti k\u00f5iki hooldustarvikuid ja varuosi.<br \/>\n<img decoding=\"async\" src=\"https:\/\/www.ranoja.ee\/wp-content\/uploads\/2023\/07\/cedrus-logo-vaike-1-300x99.png\" alt=\"\" width=\"300\" height=\"99\" class=\"alignnone size-medium wp-image-5896\" srcset=\"https:\/\/ranoja.ee\/wp-content\/uploads\/2023\/07\/cedrus-logo-vaike-1-300x99.png 300w, https:\/\/ranoja.ee\/wp-content\/uploads\/2023\/07\/cedrus-logo-vaike-1.png 431w\" sizes=\"(max-width: 300px) 100vw, 300px\" \/><\/p>\n","protected":false},"excerpt":{"rendered":"<p>L\u00f5ikeketta m\u00f5\u00f5t: 165*1,6*20 mm<br \/>\nSobib seadmele CEDCSB165LI puidu l\u00f5ikamiseks<br \/>\n<strong><span style=\"color: #339966;\">ANTUD TOOTEGA SAAB TUTVUDA MEIE PAIDE ESINDUSES KOHAPEAL!<\/span><\/strong><\/p>\n","protected":false},"featured_media":8122,"template":"","meta":{"inline_featured_image":false},"product_cat":[1124,1123],"product_tag":[137,1267,1244,1221],"class_list":{"0":"post-8116","1":"product","2":"type-product","3":"status-publish","4":"has-post-thumbnail","6":"product_brand-cedrus","7":"product_cat-loiketerad","8":"product_cat-varuosad","9":"product_tag-cedrus","10":"product_tag-loikeketas","11":"product_tag-loiketerad","12":"product_tag-varuosad","14":"first","15":"instock","16":"taxable","17":"shipping-taxable","18":"purchasable","19":"product-type-simple"},"yoast_head":"<!-- This site is optimized with the Yoast SEO plugin v27.4 - https:\/\/yoast.com\/product\/yoast-seo-wordpress\/ -->\n<title>Ketasl\u00f5ikuri CEDCSB165LI l\u00f5ikeketas - Ranoja<\/title>\n<meta name=\"description\" content=\"L\u00f5ikeketas WOOD 165*1,6*20mm Sobib seadmele CEDCSB165LI puidu l\u00f5ikamiseks ANTUD TOOTEGA SAAB TUTVUDA MEIE PAIDE ESINDUSES KOHAPEAL!\" \/>\n<meta name=\"robots\" content=\"index, follow, max-snippet:-1, max-image-preview:large, max-video-preview:-1\" \/>\n<link rel=\"canonical\" href=\"https:\/\/ranoja.ee\/toode\/ketasloikuri-cedcsb165li-loikeketas\/\" \/>\n<meta property=\"og:locale\" content=\"en_US\" \/>\n<meta property=\"og:type\" content=\"article\" \/>\n<meta property=\"og:title\" content=\"Ketasl\u00f5ikuri CEDCSB165LI l\u00f5ikeketas - Ranoja\" \/>\n<meta property=\"og:description\" content=\"L\u00f5ikeketas WOOD 165*1,6*20mm Sobib seadmele CEDCSB165LI puidu l\u00f5ikamiseks ANTUD TOOTEGA SAAB TUTVUDA MEIE PAIDE ESINDUSES KOHAPEAL!\" \/>\n<meta property=\"og:url\" content=\"https:\/\/ranoja.ee\/toode\/ketasloikuri-cedcsb165li-loikeketas\/\" \/>\n<meta property=\"og:site_name\" content=\"Ranoja\" \/>\n<meta property=\"article:publisher\" content=\"https:\/\/www.facebook.com\/ranoja.ee\" \/>\n<meta property=\"article:modified_time\" content=\"2025-12-10T13:14:12+00:00\" \/>\n<meta property=\"og:image\" content=\"https:\/\/ranoja.ee\/wp-content\/uploads\/2024\/02\/Loike-ketas-WOOD-165-16-20.png\" \/>\n\t<meta property=\"og:image:width\" content=\"483\" \/>\n\t<meta property=\"og:image:height\" content=\"377\" \/>\n\t<meta property=\"og:image:type\" content=\"image\/png\" \/>\n<meta name=\"twitter:card\" content=\"summary_large_image\" \/>\n<meta name=\"twitter:label1\" content=\"Est. reading time\" \/>\n\t<meta name=\"twitter:data1\" content=\"2 minutes\" \/>\n<script type=\"application\/ld+json\" class=\"yoast-schema-graph\">{\"@context\":\"https:\\\/\\\/schema.org\",\"@graph\":[{\"@type\":\"WebPage\",\"@id\":\"https:\\\/\\\/ranoja.ee\\\/toode\\\/ketasloikuri-cedcsb165li-loikeketas\\\/\",\"url\":\"https:\\\/\\\/ranoja.ee\\\/toode\\\/ketasloikuri-cedcsb165li-loikeketas\\\/\",\"name\":\"Ketasl\u00f5ikuri CEDCSB165LI l\u00f5ikeketas - Ranoja\",\"isPartOf\":{\"@id\":\"https:\\\/\\\/ranoja.ee\\\/#website\"},\"primaryImageOfPage\":{\"@id\":\"https:\\\/\\\/ranoja.ee\\\/toode\\\/ketasloikuri-cedcsb165li-loikeketas\\\/#primaryimage\"},\"image\":{\"@id\":\"https:\\\/\\\/ranoja.ee\\\/toode\\\/ketasloikuri-cedcsb165li-loikeketas\\\/#primaryimage\"},\"thumbnailUrl\":\"https:\\\/\\\/ranoja.ee\\\/wp-content\\\/uploads\\\/2024\\\/02\\\/Loike-ketas-WOOD-165-16-20.png\",\"datePublished\":\"2024-02-12T13:42:10+00:00\",\"dateModified\":\"2025-12-10T13:14:12+00:00\",\"description\":\"L\u00f5ikeketas WOOD 165*1,6*20mm Sobib seadmele CEDCSB165LI puidu l\u00f5ikamiseks ANTUD TOOTEGA SAAB TUTVUDA MEIE PAIDE ESINDUSES KOHAPEAL!\",\"breadcrumb\":{\"@id\":\"https:\\\/\\\/ranoja.ee\\\/toode\\\/ketasloikuri-cedcsb165li-loikeketas\\\/#breadcrumb\"},\"inLanguage\":\"en-US\",\"potentialAction\":[{\"@type\":\"ReadAction\",\"target\":[\"https:\\\/\\\/ranoja.ee\\\/toode\\\/ketasloikuri-cedcsb165li-loikeketas\\\/\"]}]},{\"@type\":\"ImageObject\",\"inLanguage\":\"en-US\",\"@id\":\"https:\\\/\\\/ranoja.ee\\\/toode\\\/ketasloikuri-cedcsb165li-loikeketas\\\/#primaryimage\",\"url\":\"https:\\\/\\\/ranoja.ee\\\/wp-content\\\/uploads\\\/2024\\\/02\\\/Loike-ketas-WOOD-165-16-20.png\",\"contentUrl\":\"https:\\\/\\\/ranoja.ee\\\/wp-content\\\/uploads\\\/2024\\\/02\\\/Loike-ketas-WOOD-165-16-20.png\",\"width\":483,\"height\":377,\"caption\":\"Ketasl\u00f5ikuri CEDCSB165LI l\u00f5ikeketas\"},{\"@type\":\"BreadcrumbList\",\"@id\":\"https:\\\/\\\/ranoja.ee\\\/toode\\\/ketasloikuri-cedcsb165li-loikeketas\\\/#breadcrumb\",\"itemListElement\":[{\"@type\":\"ListItem\",\"position\":1,\"name\":\"Home\",\"item\":\"https:\\\/\\\/ranoja.ee\\\/\"},{\"@type\":\"ListItem\",\"position\":2,\"name\":\"Shop\",\"item\":\"https:\\\/\\\/ranoja.ee\\\/en\\\/shop\\\/\"},{\"@type\":\"ListItem\",\"position\":3,\"name\":\"Ketasl\u00f5ikuri CEDCSB165LI l\u00f5ikeketas\"}]},{\"@type\":\"WebSite\",\"@id\":\"https:\\\/\\\/ranoja.ee\\\/#website\",\"url\":\"https:\\\/\\\/ranoja.ee\\\/\",\"name\":\"Ranoja\",\"description\":\"Equipment Shop WooCommerce WordPress Theme for Machine &amp; Tools\",\"publisher\":{\"@id\":\"https:\\\/\\\/ranoja.ee\\\/#organization\"},\"potentialAction\":[{\"@type\":\"SearchAction\",\"target\":{\"@type\":\"EntryPoint\",\"urlTemplate\":\"https:\\\/\\\/ranoja.ee\\\/?s={search_term_string}\"},\"query-input\":{\"@type\":\"PropertyValueSpecification\",\"valueRequired\":true,\"valueName\":\"search_term_string\"}}],\"inLanguage\":\"en-US\"},{\"@type\":\"Organization\",\"@id\":\"https:\\\/\\\/ranoja.ee\\\/#organization\",\"name\":\"Ranoja O\u00dc\",\"url\":\"https:\\\/\\\/ranoja.ee\\\/\",\"logo\":{\"@type\":\"ImageObject\",\"inLanguage\":\"en-US\",\"@id\":\"https:\\\/\\\/ranoja.ee\\\/#\\\/schema\\\/logo\\\/image\\\/\",\"url\":\"https:\\\/\\\/ranoja.ee\\\/wp-content\\\/uploads\\\/2023\\\/11\\\/ranoja-Logo.png\",\"contentUrl\":\"https:\\\/\\\/ranoja.ee\\\/wp-content\\\/uploads\\\/2023\\\/11\\\/ranoja-Logo.png\",\"width\":207,\"height\":58,\"caption\":\"Ranoja O\u00dc\"},\"image\":{\"@id\":\"https:\\\/\\\/ranoja.ee\\\/#\\\/schema\\\/logo\\\/image\\\/\"},\"sameAs\":[\"https:\\\/\\\/www.facebook.com\\\/ranoja.ee\",\"https:\\\/\\\/www.instagram.com\\\/ranoja__\\\/\"]}]}<\/script>\n<!-- \/ Yoast SEO plugin. -->","yoast_head_json":{"title":"Ketasl\u00f5ikuri CEDCSB165LI l\u00f5ikeketas - Ranoja","description":"L\u00f5ikeketas WOOD 165*1,6*20mm Sobib seadmele CEDCSB165LI puidu l\u00f5ikamiseks ANTUD TOOTEGA SAAB TUTVUDA MEIE PAIDE ESINDUSES KOHAPEAL!","robots":{"index":"index","follow":"follow","max-snippet":"max-snippet:-1","max-image-preview":"max-image-preview:large","max-video-preview":"max-video-preview:-1"},"canonical":"https:\/\/ranoja.ee\/toode\/ketasloikuri-cedcsb165li-loikeketas\/","og_locale":"en_US","og_type":"article","og_title":"Ketasl\u00f5ikuri CEDCSB165LI l\u00f5ikeketas - Ranoja","og_description":"L\u00f5ikeketas WOOD 165*1,6*20mm Sobib seadmele CEDCSB165LI puidu l\u00f5ikamiseks ANTUD TOOTEGA SAAB TUTVUDA MEIE PAIDE ESINDUSES KOHAPEAL!","og_url":"https:\/\/ranoja.ee\/toode\/ketasloikuri-cedcsb165li-loikeketas\/","og_site_name":"Ranoja","article_publisher":"https:\/\/www.facebook.com\/ranoja.ee","article_modified_time":"2025-12-10T13:14:12+00:00","og_image":[{"width":483,"height":377,"url":"https:\/\/ranoja.ee\/wp-content\/uploads\/2024\/02\/Loike-ketas-WOOD-165-16-20.png","type":"image\/png"}],"twitter_card":"summary_large_image","twitter_misc":{"Est. reading time":"2 minutes"},"schema":{"@context":"https:\/\/schema.org","@graph":[{"@type":"WebPage","@id":"https:\/\/ranoja.ee\/toode\/ketasloikuri-cedcsb165li-loikeketas\/","url":"https:\/\/ranoja.ee\/toode\/ketasloikuri-cedcsb165li-loikeketas\/","name":"Ketasl\u00f5ikuri CEDCSB165LI l\u00f5ikeketas - Ranoja","isPartOf":{"@id":"https:\/\/ranoja.ee\/#website"},"primaryImageOfPage":{"@id":"https:\/\/ranoja.ee\/toode\/ketasloikuri-cedcsb165li-loikeketas\/#primaryimage"},"image":{"@id":"https:\/\/ranoja.ee\/toode\/ketasloikuri-cedcsb165li-loikeketas\/#primaryimage"},"thumbnailUrl":"https:\/\/ranoja.ee\/wp-content\/uploads\/2024\/02\/Loike-ketas-WOOD-165-16-20.png","datePublished":"2024-02-12T13:42:10+00:00","dateModified":"2025-12-10T13:14:12+00:00","description":"L\u00f5ikeketas WOOD 165*1,6*20mm Sobib seadmele CEDCSB165LI puidu l\u00f5ikamiseks ANTUD TOOTEGA SAAB TUTVUDA MEIE PAIDE ESINDUSES KOHAPEAL!","breadcrumb":{"@id":"https:\/\/ranoja.ee\/toode\/ketasloikuri-cedcsb165li-loikeketas\/#breadcrumb"},"inLanguage":"en-US","potentialAction":[{"@type":"ReadAction","target":["https:\/\/ranoja.ee\/toode\/ketasloikuri-cedcsb165li-loikeketas\/"]}]},{"@type":"ImageObject","inLanguage":"en-US","@id":"https:\/\/ranoja.ee\/toode\/ketasloikuri-cedcsb165li-loikeketas\/#primaryimage","url":"https:\/\/ranoja.ee\/wp-content\/uploads\/2024\/02\/Loike-ketas-WOOD-165-16-20.png","contentUrl":"https:\/\/ranoja.ee\/wp-content\/uploads\/2024\/02\/Loike-ketas-WOOD-165-16-20.png","width":483,"height":377,"caption":"Ketasl\u00f5ikuri CEDCSB165LI l\u00f5ikeketas"},{"@type":"BreadcrumbList","@id":"https:\/\/ranoja.ee\/toode\/ketasloikuri-cedcsb165li-loikeketas\/#breadcrumb","itemListElement":[{"@type":"ListItem","position":1,"name":"Home","item":"https:\/\/ranoja.ee\/"},{"@type":"ListItem","position":2,"name":"Shop","item":"https:\/\/ranoja.ee\/en\/shop\/"},{"@type":"ListItem","position":3,"name":"Ketasl\u00f5ikuri CEDCSB165LI l\u00f5ikeketas"}]},{"@type":"WebSite","@id":"https:\/\/ranoja.ee\/#website","url":"https:\/\/ranoja.ee\/","name":"Ranoja","description":"Equipment Shop WooCommerce WordPress Theme for Machine &amp; Tools","publisher":{"@id":"https:\/\/ranoja.ee\/#organization"},"potentialAction":[{"@type":"SearchAction","target":{"@type":"EntryPoint","urlTemplate":"https:\/\/ranoja.ee\/?s={search_term_string}"},"query-input":{"@type":"PropertyValueSpecification","valueRequired":true,"valueName":"search_term_string"}}],"inLanguage":"en-US"},{"@type":"Organization","@id":"https:\/\/ranoja.ee\/#organization","name":"Ranoja O\u00dc","url":"https:\/\/ranoja.ee\/","logo":{"@type":"ImageObject","inLanguage":"en-US","@id":"https:\/\/ranoja.ee\/#\/schema\/logo\/image\/","url":"https:\/\/ranoja.ee\/wp-content\/uploads\/2023\/11\/ranoja-Logo.png","contentUrl":"https:\/\/ranoja.ee\/wp-content\/uploads\/2023\/11\/ranoja-Logo.png","width":207,"height":58,"caption":"Ranoja O\u00dc"},"image":{"@id":"https:\/\/ranoja.ee\/#\/schema\/logo\/image\/"},"sameAs":["https:\/\/www.facebook.com\/ranoja.ee","https:\/\/www.instagram.com\/ranoja__\/"]}]}},"_links":{"self":[{"href":"https:\/\/ranoja.ee\/en\/wp-json\/wp\/v2\/product\/8116","targetHints":{"allow":["GET"]}}],"collection":[{"href":"https:\/\/ranoja.ee\/en\/wp-json\/wp\/v2\/product"}],"about":[{"href":"https:\/\/ranoja.ee\/en\/wp-json\/wp\/v2\/types\/product"}],"wp:featuredmedia":[{"embeddable":true,"href":"https:\/\/ranoja.ee\/en\/wp-json\/wp\/v2\/media\/8122"}],"wp:attachment":[{"href":"https:\/\/ranoja.ee\/en\/wp-json\/wp\/v2\/media?parent=8116"}],"wp:term":[{"taxonomy":"product_cat","embeddable":true,"href":"https:\/\/ranoja.ee\/en\/wp-json\/wp\/v2\/product_cat?post=8116"},{"taxonomy":"product_tag","embeddable":true,"href":"https:\/\/ranoja.ee\/en\/wp-json\/wp\/v2\/product_tag?post=8116"}],"curies":[{"name":"wp","href":"https:\/\/api.w.org\/{rel}","templated":true}]}}