{"id":8034,"date":"2024-02-07T08:58:51","date_gmt":"2024-02-07T05:58:51","guid":{"rendered":"https:\/\/www.ranoja.ee\/?post_type=product&#038;p=8034"},"modified":"2026-02-12T17:36:18","modified_gmt":"2026-02-12T14:36:18","slug":"akukasisaag-cedchs150li-set-komplekt","status":"publish","type":"product","link":"https:\/\/ranoja.ee\/en\/toode\/akukasisaag-cedchs150li-set-komplekt\/","title":{"rendered":"Akuk\u00e4sisaag CEDCHS150LI-SET (Komplekt)"},"content":{"rendered":"<p>Akuk\u00e4sisaag CEDCHS150LI-SET (Komplekt)<br \/>\nAkudelt t\u00f6\u00f6tavad oksasaed v\u00f5i oksal\u00f5ikurid on v\u00e4ga mugavad ja kasulikud t\u00f6\u00f6riistad aias v\u00f5i mujal v\u00e4litingimustes. Siin on m\u00f5ned olulised aspektid, mida peaksid teadma akudelt t\u00f6\u00f6tavate oksasaagide kohta:<\/p>\n<p>Juhtmevabad ja liikuvad: Akudelt t\u00f6\u00f6tavate oksasaagide suur eelis on nende juhtmevabadus. Need ei vaja vooluallikana elektrijuhet ega k\u00fctusepaaki, mis muudab need v\u00e4ga liikuvaks ja mugavaks kasutada erinevates kohtades.<\/p>\n<p>Kerge kettsaag okste ja k\u00fcttepuude t\u00e4pseks l\u00f5ikamiseks ning aias v\u00f5i koduses t\u00f6\u00f6kojas koristamiseks. Selle \u00f5huke disain teeb tihedate okste vahel man\u00f6\u00f6verdamise lihtsaks ja t\u00f6\u00f6riistavaba ketipinguti v\u00f5imaldab keti pinget kiiresti reguleerida ilma t\u00f6\u00f6d katkestamata. Automaatne keti m\u00e4\u00e4rimine tagab sujuva ja usaldusv\u00e4\u00e4rse t\u00f6\u00f6. Komplekt sisaldab CEDCHS150LI kettsaagist koos 2,0 Ah aku ja 2,4 A laadijaga. See t\u00e4ielik pakett on kohe karbist v\u00f5ttes kasutusvalmis. \u00dchildub Cedrus Power+ 20V platvormiga.<\/p>\n<p>Tootele kehtib 3-aastane garantii.<br \/>\nAkuk\u00e4sisaag CEDCHS150LI-SET (Komplekt)<\/p>\n","protected":false},"excerpt":{"rendered":"<p><span style=\"color: #000000;\"><strong>Komplektis sisaldub:<\/strong><\/span><\/p>\n<p>1x k\u00e4sisaag CEDCHS150LI<br \/>\n1x Akulaadija CEDFCH2.4<br \/>\n1x Aku 2ah CEDLI-ION 2AH<\/p>\n<p>CEDCHS150LI<br \/>\nAkuk\u00e4sisaag<br \/>\n20V<br \/>\nSaelatt: Oregon 1\/4 , pikkus 15cm<br \/>\nAutomaatne keti\u00f5litus<br \/>\nHarjabava mootor<br \/>\nKaal 1,35kg<br \/>\n<span style=\"color: #000000;\"><strong>Garantii 1 aasta (eraisikule 3 aastat)<\/strong><\/span><br \/>\n<strong><span style=\"color: #339966;\">ANTUD SEADMEGA SAAB TUTVUDA MEIE PAIDE ESINDUSES KOHAPEAL!<\/span><\/strong><\/p>\n<p><span style=\"color: #000000;\"><strong>KASUTA SEDA T\u00d6\u00d6RIISTA OMA MAKITA, BOSCH V\u00d5I DEWALT AKUGA!<\/strong><\/span><br \/>\n<a href=\"https:\/\/www.ranoja.ee\/tootekategooria\/akutooriistad\/vaheadapterid\/\">Leia endale sobiv vaheadapter siit\u2192<\/a><\/p>\n<p><a href=\"https:\/\/www.ranoja.ee\/tootekategooria\/akutooriistad\/akud-ja-laadijad\/\">T\u00f6\u00f6riistale sobivad Cedrus Power + akud ja laadijad leiad siit\u2192<\/a><\/p>\n","protected":false},"featured_media":39885,"template":"","meta":{"inline_featured_image":false},"product_cat":[1094,1170,793],"product_tag":[220,1263,879,242,137,241,227],"class_list":{"0":"post-8034","1":"product","2":"type-product","3":"status-publish","4":"has-post-thumbnail","6":"product_brand-cedrus","7":"product_cat-akutooriistad","8":"product_cat-akutooriistade-combo-komplektid","9":"product_cat-mootorsaed-ja-kettsaed","10":"product_tag-akusaag","11":"product_tag-akutooriistade-combo-komplektid","12":"product_tag-allahindlus","13":"product_tag-cedchs100li","14":"product_tag-cedrus","15":"product_tag-kasissaag","16":"product_tag-kettsaag","18":"first","19":"instock","20":"sale","21":"taxable","22":"shipping-taxable","23":"purchasable","24":"product-type-simple"},"yoast_head":"<!-- This site is optimized with the Yoast SEO plugin v27.4 - https:\/\/yoast.com\/product\/yoast-seo-wordpress\/ -->\n<title>Akuk\u00e4sisaag CEDCHS150LI-SET (Komplekt)<\/title>\n<meta name=\"description\" content=\"Akuk\u00e4sisaag CEDCHS150LI-SET (Komplekt) 20V Saelatt: Oregon 1\/4 , Saelatt: Oregon 1\/4 , pikkus 15cm Ketikiirus 8m\/s Komplektis on kaasas aku ja laadija!\" \/>\n<meta name=\"robots\" content=\"index, follow, max-snippet:-1, max-image-preview:large, max-video-preview:-1\" \/>\n<link rel=\"canonical\" href=\"https:\/\/ranoja.ee\/toode\/akukasisaag-cedchs150li-set-komplekt\/\" \/>\n<meta property=\"og:locale\" content=\"en_US\" \/>\n<meta property=\"og:type\" content=\"article\" \/>\n<meta property=\"og:title\" content=\"Akuk\u00e4sisaag CEDCHS150LI-SET (Komplekt)\" \/>\n<meta property=\"og:description\" content=\"Akuk\u00e4sisaag CEDCHS150LI-SET (Komplekt) 20V Saelatt: Oregon 1\/4 , Saelatt: Oregon 1\/4 , pikkus 15cm Ketikiirus 8m\/s Komplektis on kaasas aku ja laadija!\" \/>\n<meta property=\"og:url\" content=\"https:\/\/ranoja.ee\/toode\/akukasisaag-cedchs150li-set-komplekt\/\" \/>\n<meta property=\"og:site_name\" content=\"Ranoja\" \/>\n<meta property=\"article:publisher\" content=\"https:\/\/www.facebook.com\/ranoja.ee\" \/>\n<meta property=\"article:modified_time\" content=\"2026-02-12T14:36:18+00:00\" \/>\n<meta property=\"og:image\" content=\"https:\/\/ranoja.ee\/wp-content\/uploads\/2024\/02\/Akukasisaag-CEDCHS150LI-SET-Komplekt.jpg\" \/>\n\t<meta property=\"og:image:width\" content=\"800\" \/>\n\t<meta property=\"og:image:height\" content=\"1200\" \/>\n\t<meta property=\"og:image:type\" content=\"image\/jpeg\" \/>\n<meta name=\"twitter:card\" content=\"summary_large_image\" \/>\n<meta name=\"twitter:label1\" content=\"Est. reading time\" \/>\n\t<meta name=\"twitter:data1\" content=\"1 minute\" \/>\n<script type=\"application\/ld+json\" class=\"yoast-schema-graph\">{\"@context\":\"https:\\\/\\\/schema.org\",\"@graph\":[{\"@type\":\"WebPage\",\"@id\":\"https:\\\/\\\/ranoja.ee\\\/toode\\\/akukasisaag-cedchs150li-set-komplekt\\\/\",\"url\":\"https:\\\/\\\/ranoja.ee\\\/toode\\\/akukasisaag-cedchs150li-set-komplekt\\\/\",\"name\":\"Akuk\u00e4sisaag CEDCHS150LI-SET (Komplekt)\",\"isPartOf\":{\"@id\":\"https:\\\/\\\/ranoja.ee\\\/#website\"},\"primaryImageOfPage\":{\"@id\":\"https:\\\/\\\/ranoja.ee\\\/toode\\\/akukasisaag-cedchs150li-set-komplekt\\\/#primaryimage\"},\"image\":{\"@id\":\"https:\\\/\\\/ranoja.ee\\\/toode\\\/akukasisaag-cedchs150li-set-komplekt\\\/#primaryimage\"},\"thumbnailUrl\":\"https:\\\/\\\/ranoja.ee\\\/wp-content\\\/uploads\\\/2024\\\/02\\\/Akukasisaag-CEDCHS150LI-SET-Komplekt.jpg\",\"datePublished\":\"2024-02-07T05:58:51+00:00\",\"dateModified\":\"2026-02-12T14:36:18+00:00\",\"description\":\"Akuk\u00e4sisaag CEDCHS150LI-SET (Komplekt) 20V Saelatt: Oregon 1\\\/4 , Saelatt: Oregon 1\\\/4 , pikkus 15cm Ketikiirus 8m\\\/s Komplektis on kaasas aku ja laadija!\",\"breadcrumb\":{\"@id\":\"https:\\\/\\\/ranoja.ee\\\/toode\\\/akukasisaag-cedchs150li-set-komplekt\\\/#breadcrumb\"},\"inLanguage\":\"en-US\",\"potentialAction\":[{\"@type\":\"ReadAction\",\"target\":[\"https:\\\/\\\/ranoja.ee\\\/toode\\\/akukasisaag-cedchs150li-set-komplekt\\\/\"]}]},{\"@type\":\"ImageObject\",\"inLanguage\":\"en-US\",\"@id\":\"https:\\\/\\\/ranoja.ee\\\/toode\\\/akukasisaag-cedchs150li-set-komplekt\\\/#primaryimage\",\"url\":\"https:\\\/\\\/ranoja.ee\\\/wp-content\\\/uploads\\\/2024\\\/02\\\/Akukasisaag-CEDCHS150LI-SET-Komplekt.jpg\",\"contentUrl\":\"https:\\\/\\\/ranoja.ee\\\/wp-content\\\/uploads\\\/2024\\\/02\\\/Akukasisaag-CEDCHS150LI-SET-Komplekt.jpg\",\"width\":800,\"height\":1200,\"caption\":\"Akuk\u00e4sisaag CEDCHS150LI-SET (Komplekt)\"},{\"@type\":\"BreadcrumbList\",\"@id\":\"https:\\\/\\\/ranoja.ee\\\/toode\\\/akukasisaag-cedchs150li-set-komplekt\\\/#breadcrumb\",\"itemListElement\":[{\"@type\":\"ListItem\",\"position\":1,\"name\":\"Home\",\"item\":\"https:\\\/\\\/ranoja.ee\\\/\"},{\"@type\":\"ListItem\",\"position\":2,\"name\":\"Shop\",\"item\":\"https:\\\/\\\/ranoja.ee\\\/en\\\/shop\\\/\"},{\"@type\":\"ListItem\",\"position\":3,\"name\":\"Akuk\u00e4sisaag CEDCHS150LI-SET (Komplekt)\"}]},{\"@type\":\"WebSite\",\"@id\":\"https:\\\/\\\/ranoja.ee\\\/#website\",\"url\":\"https:\\\/\\\/ranoja.ee\\\/\",\"name\":\"Ranoja\",\"description\":\"Equipment Shop WooCommerce WordPress Theme for Machine &amp; Tools\",\"publisher\":{\"@id\":\"https:\\\/\\\/ranoja.ee\\\/#organization\"},\"potentialAction\":[{\"@type\":\"SearchAction\",\"target\":{\"@type\":\"EntryPoint\",\"urlTemplate\":\"https:\\\/\\\/ranoja.ee\\\/?s={search_term_string}\"},\"query-input\":{\"@type\":\"PropertyValueSpecification\",\"valueRequired\":true,\"valueName\":\"search_term_string\"}}],\"inLanguage\":\"en-US\"},{\"@type\":\"Organization\",\"@id\":\"https:\\\/\\\/ranoja.ee\\\/#organization\",\"name\":\"Ranoja O\u00dc\",\"url\":\"https:\\\/\\\/ranoja.ee\\\/\",\"logo\":{\"@type\":\"ImageObject\",\"inLanguage\":\"en-US\",\"@id\":\"https:\\\/\\\/ranoja.ee\\\/#\\\/schema\\\/logo\\\/image\\\/\",\"url\":\"https:\\\/\\\/ranoja.ee\\\/wp-content\\\/uploads\\\/2023\\\/11\\\/ranoja-Logo.png\",\"contentUrl\":\"https:\\\/\\\/ranoja.ee\\\/wp-content\\\/uploads\\\/2023\\\/11\\\/ranoja-Logo.png\",\"width\":207,\"height\":58,\"caption\":\"Ranoja O\u00dc\"},\"image\":{\"@id\":\"https:\\\/\\\/ranoja.ee\\\/#\\\/schema\\\/logo\\\/image\\\/\"},\"sameAs\":[\"https:\\\/\\\/www.facebook.com\\\/ranoja.ee\",\"https:\\\/\\\/www.instagram.com\\\/ranoja__\\\/\"]}]}<\/script>\n<!-- \/ Yoast SEO plugin. -->","yoast_head_json":{"title":"Akuk\u00e4sisaag CEDCHS150LI-SET (Komplekt)","description":"Akuk\u00e4sisaag CEDCHS150LI-SET (Komplekt) 20V Saelatt: Oregon 1\/4 , Saelatt: Oregon 1\/4 , pikkus 15cm Ketikiirus 8m\/s Komplektis on kaasas aku ja laadija!","robots":{"index":"index","follow":"follow","max-snippet":"max-snippet:-1","max-image-preview":"max-image-preview:large","max-video-preview":"max-video-preview:-1"},"canonical":"https:\/\/ranoja.ee\/toode\/akukasisaag-cedchs150li-set-komplekt\/","og_locale":"en_US","og_type":"article","og_title":"Akuk\u00e4sisaag CEDCHS150LI-SET (Komplekt)","og_description":"Akuk\u00e4sisaag CEDCHS150LI-SET (Komplekt) 20V Saelatt: Oregon 1\/4 , Saelatt: Oregon 1\/4 , pikkus 15cm Ketikiirus 8m\/s Komplektis on kaasas aku ja laadija!","og_url":"https:\/\/ranoja.ee\/toode\/akukasisaag-cedchs150li-set-komplekt\/","og_site_name":"Ranoja","article_publisher":"https:\/\/www.facebook.com\/ranoja.ee","article_modified_time":"2026-02-12T14:36:18+00:00","og_image":[{"width":800,"height":1200,"url":"https:\/\/ranoja.ee\/wp-content\/uploads\/2024\/02\/Akukasisaag-CEDCHS150LI-SET-Komplekt.jpg","type":"image\/jpeg"}],"twitter_card":"summary_large_image","twitter_misc":{"Est. reading time":"1 minute"},"schema":{"@context":"https:\/\/schema.org","@graph":[{"@type":"WebPage","@id":"https:\/\/ranoja.ee\/toode\/akukasisaag-cedchs150li-set-komplekt\/","url":"https:\/\/ranoja.ee\/toode\/akukasisaag-cedchs150li-set-komplekt\/","name":"Akuk\u00e4sisaag CEDCHS150LI-SET (Komplekt)","isPartOf":{"@id":"https:\/\/ranoja.ee\/#website"},"primaryImageOfPage":{"@id":"https:\/\/ranoja.ee\/toode\/akukasisaag-cedchs150li-set-komplekt\/#primaryimage"},"image":{"@id":"https:\/\/ranoja.ee\/toode\/akukasisaag-cedchs150li-set-komplekt\/#primaryimage"},"thumbnailUrl":"https:\/\/ranoja.ee\/wp-content\/uploads\/2024\/02\/Akukasisaag-CEDCHS150LI-SET-Komplekt.jpg","datePublished":"2024-02-07T05:58:51+00:00","dateModified":"2026-02-12T14:36:18+00:00","description":"Akuk\u00e4sisaag CEDCHS150LI-SET (Komplekt) 20V Saelatt: Oregon 1\/4 , Saelatt: Oregon 1\/4 , pikkus 15cm Ketikiirus 8m\/s Komplektis on kaasas aku ja laadija!","breadcrumb":{"@id":"https:\/\/ranoja.ee\/toode\/akukasisaag-cedchs150li-set-komplekt\/#breadcrumb"},"inLanguage":"en-US","potentialAction":[{"@type":"ReadAction","target":["https:\/\/ranoja.ee\/toode\/akukasisaag-cedchs150li-set-komplekt\/"]}]},{"@type":"ImageObject","inLanguage":"en-US","@id":"https:\/\/ranoja.ee\/toode\/akukasisaag-cedchs150li-set-komplekt\/#primaryimage","url":"https:\/\/ranoja.ee\/wp-content\/uploads\/2024\/02\/Akukasisaag-CEDCHS150LI-SET-Komplekt.jpg","contentUrl":"https:\/\/ranoja.ee\/wp-content\/uploads\/2024\/02\/Akukasisaag-CEDCHS150LI-SET-Komplekt.jpg","width":800,"height":1200,"caption":"Akuk\u00e4sisaag CEDCHS150LI-SET (Komplekt)"},{"@type":"BreadcrumbList","@id":"https:\/\/ranoja.ee\/toode\/akukasisaag-cedchs150li-set-komplekt\/#breadcrumb","itemListElement":[{"@type":"ListItem","position":1,"name":"Home","item":"https:\/\/ranoja.ee\/"},{"@type":"ListItem","position":2,"name":"Shop","item":"https:\/\/ranoja.ee\/en\/shop\/"},{"@type":"ListItem","position":3,"name":"Akuk\u00e4sisaag CEDCHS150LI-SET (Komplekt)"}]},{"@type":"WebSite","@id":"https:\/\/ranoja.ee\/#website","url":"https:\/\/ranoja.ee\/","name":"Ranoja","description":"Equipment Shop WooCommerce WordPress Theme for Machine &amp; Tools","publisher":{"@id":"https:\/\/ranoja.ee\/#organization"},"potentialAction":[{"@type":"SearchAction","target":{"@type":"EntryPoint","urlTemplate":"https:\/\/ranoja.ee\/?s={search_term_string}"},"query-input":{"@type":"PropertyValueSpecification","valueRequired":true,"valueName":"search_term_string"}}],"inLanguage":"en-US"},{"@type":"Organization","@id":"https:\/\/ranoja.ee\/#organization","name":"Ranoja O\u00dc","url":"https:\/\/ranoja.ee\/","logo":{"@type":"ImageObject","inLanguage":"en-US","@id":"https:\/\/ranoja.ee\/#\/schema\/logo\/image\/","url":"https:\/\/ranoja.ee\/wp-content\/uploads\/2023\/11\/ranoja-Logo.png","contentUrl":"https:\/\/ranoja.ee\/wp-content\/uploads\/2023\/11\/ranoja-Logo.png","width":207,"height":58,"caption":"Ranoja O\u00dc"},"image":{"@id":"https:\/\/ranoja.ee\/#\/schema\/logo\/image\/"},"sameAs":["https:\/\/www.facebook.com\/ranoja.ee","https:\/\/www.instagram.com\/ranoja__\/"]}]}},"_links":{"self":[{"href":"https:\/\/ranoja.ee\/en\/wp-json\/wp\/v2\/product\/8034","targetHints":{"allow":["GET"]}}],"collection":[{"href":"https:\/\/ranoja.ee\/en\/wp-json\/wp\/v2\/product"}],"about":[{"href":"https:\/\/ranoja.ee\/en\/wp-json\/wp\/v2\/types\/product"}],"wp:featuredmedia":[{"embeddable":true,"href":"https:\/\/ranoja.ee\/en\/wp-json\/wp\/v2\/media\/39885"}],"wp:attachment":[{"href":"https:\/\/ranoja.ee\/en\/wp-json\/wp\/v2\/media?parent=8034"}],"wp:term":[{"taxonomy":"product_cat","embeddable":true,"href":"https:\/\/ranoja.ee\/en\/wp-json\/wp\/v2\/product_cat?post=8034"},{"taxonomy":"product_tag","embeddable":true,"href":"https:\/\/ranoja.ee\/en\/wp-json\/wp\/v2\/product_tag?post=8034"}],"curies":[{"name":"wp","href":"https:\/\/api.w.org\/{rel}","templated":true}]}}