{"id":8032,"date":"2024-02-07T08:39:45","date_gmt":"2024-02-07T05:39:45","guid":{"rendered":"https:\/\/www.ranoja.ee\/?post_type=product&#038;p=8032"},"modified":"2026-03-19T16:47:08","modified_gmt":"2026-03-19T13:47:08","slug":"akuoksakaarid-cedbpb40li-set-komplekt","status":"publish","type":"product","link":"https:\/\/ranoja.ee\/en\/toode\/akuoksakaarid-cedbpb40li-set-komplekt\/","title":{"rendered":"Akuoksak\u00e4\u00e4rid CEDBPB40LI-SET (Komplekt)"},"content":{"rendered":"<p>Akuoksak\u00e4\u00e4rid CEDBPB40LI-SET (Komplekt)<br \/>\nAkutoitel oksak\u00e4\u00e4rid on t\u00f6\u00f6riistad, mida kasutatakse taimede ja p\u00f5\u00f5saste l\u00f5ikamiseks ning hooldamiseks. Need on varustatud akuga, mis annab neile juhtmeta v\u00f5ime, muutes need kasutajas\u00f5bralikuks ja mugavaks t\u00f6\u00f6riistaks aias v\u00f5i haljastuses. Siin on m\u00f5ned olulised aspektid, mida tasub teada akutoitel oksak\u00e4\u00e4ride kohta:<\/p>\n<p>V\u00f5imas oksak\u00e4\u00e4r paksemate okste l\u00f5ikamiseks, mis on loodud intensiivseks kasutamiseks aianduses ja viljapuuaedades. Nelja asendiga l\u00f5ikediameetri reguleerimise abil saate t\u00f6\u00f6riista h\u00f5lpsalt kohandada erinevatele okste t\u00fc\u00fcpidele, s\u00e4ilitades samal ajal t\u00e4psuse ja sujuva t\u00f6\u00f6. Harjadeta mootor tagab suure v\u00f5imsuse ja pika eluea, samas kui kiire teravahetus v\u00f5imaldab teil p\u00f5llul kiiresti t\u00f6\u00f6d j\u00e4tkata. Komplekt sisaldab CEDBPB40LI oksak\u00e4\u00e4ri koos 2,0 Ah aku ja 2,4 A laadijaga. See t\u00e4ielik pakett on kohe karbist v\u00f5ttes kasutusvalmis. \u00dchildub Cedrus Power+ 20V platvormiga.<\/p>\n<p>Tootele kehtib 3-aastane garantii.<\/p>\n<p>Akuoksak\u00e4\u00e4rid CEDBPB40LI-SET (Komplekt)<\/p>\n","protected":false},"excerpt":{"rendered":"<p><span style=\"color: #000000;\"><strong>Komplektis sisaldub<\/strong><\/span>:<br \/>\n<strong>1x CEDBPB40LI<br \/>\n1x Akulaadija CEDFCH2.4<br \/>\n1x Aku 2ah CEDLI-ION 2AH<\/strong><\/p>\n<p>CEDBPB40LI<br \/>\nAkuoksak\u00e4\u00e4rid<br \/>\nHarjadeta mootor<br \/>\n20v<br \/>\n4 erinevat l\u00f5ikeastet!<br \/>\nMaksimaalne l\u00f5ikeulatus: 40mm<br \/>\nL\u00f5ikekiirus ca 1,4 s<br \/>\nKaal 0,95kg<br \/>\n<span style=\"color: #000000;\"><strong>Garantii 1 aasta (eraisikule 3 aastat)<\/strong><\/span><br \/>\n<strong><span style=\"color: #339966;\">ANTUD SEADMEGA SAAB TUTVUDA MEIE PAIDE ESINDUSES KOHAPEAL!<\/span><\/strong><\/p>\n<p><span style=\"color: #000000;\"><strong>KASUTA SEDA T\u00d6\u00d6RIISTA OMA MAKITA, BOSCH V\u00d5I DEWALT AKUGA!<\/strong><\/span><br \/>\n<a href=\"https:\/\/www.ranoja.ee\/tootekategooria\/akutooriistad\/vaheadapterid\/\">Leia endale sobiv vaheadapter siit\u2192<\/a><\/p>\n<p><a href=\"https:\/\/www.ranoja.ee\/tootekategooria\/akutooriistad\/akud-ja-laadijad\/\">T\u00f6\u00f6riistale sobivad Cedrus Power + akud ja laadijad leiad siit\u2192<\/a><\/p>\n","protected":false},"featured_media":39863,"template":"","meta":{"inline_featured_image":false},"product_cat":[1094,1170,1107,895],"product_tag":[243,1263,244,137,245],"class_list":{"0":"post-8032","1":"product","2":"type-product","3":"status-publish","4":"has-post-thumbnail","6":"product_brand-cedrus","7":"product_cat-akutooriistad","8":"product_cat-akutooriistade-combo-komplektid","9":"product_cat-oksakaarid","10":"product_cat-parimad-pakkumised-aiatehnikale-ja-ehitustehnikale","11":"product_tag-akuoksakaarid","12":"product_tag-akutooriistade-combo-komplektid","13":"product_tag-cedbp30li","14":"product_tag-cedrus","15":"product_tag-oksakaarid","17":"first","18":"instock","19":"taxable","20":"shipping-taxable","21":"purchasable","22":"product-type-simple"},"yoast_head":"<!-- This site is optimized with the Yoast SEO plugin v27.4 - https:\/\/yoast.com\/product\/yoast-seo-wordpress\/ -->\n<title>Akuoksak\u00e4\u00e4rid CEDBPB40LI-SET (Komplekt)<\/title>\n<meta name=\"description\" content=\"Akuoksak\u00e4\u00e4rid CEDBPB40LI-SET (Komplekt) Harjadeta mootor 20v 4 erinevat l\u00f5ikeastet!Maksimaalne l\u00f5ikeulatus: 40mmL\u00f5ikekiirus ca 1,4 s\" \/>\n<meta name=\"robots\" content=\"index, follow, max-snippet:-1, max-image-preview:large, max-video-preview:-1\" \/>\n<link rel=\"canonical\" href=\"https:\/\/ranoja.ee\/toode\/akuoksakaarid-cedbpb40li-set-komplekt\/\" \/>\n<meta property=\"og:locale\" content=\"en_US\" \/>\n<meta property=\"og:type\" content=\"article\" \/>\n<meta property=\"og:title\" content=\"Akuoksak\u00e4\u00e4rid CEDBPB40LI-SET (Komplekt)\" \/>\n<meta property=\"og:description\" content=\"Akuoksak\u00e4\u00e4rid CEDBPB40LI-SET (Komplekt) Harjadeta mootor 20v 4 erinevat l\u00f5ikeastet!Maksimaalne l\u00f5ikeulatus: 40mmL\u00f5ikekiirus ca 1,4 s\" \/>\n<meta property=\"og:url\" content=\"https:\/\/ranoja.ee\/toode\/akuoksakaarid-cedbpb40li-set-komplekt\/\" \/>\n<meta property=\"og:site_name\" content=\"Ranoja\" \/>\n<meta property=\"article:publisher\" content=\"https:\/\/www.facebook.com\/ranoja.ee\" \/>\n<meta property=\"article:modified_time\" content=\"2026-03-19T13:47:08+00:00\" \/>\n<meta property=\"og:image\" content=\"https:\/\/ranoja.ee\/wp-content\/uploads\/2024\/02\/Akuoksakaarid-CEDBPB40LI-SET-Komplekt.jpg\" \/>\n\t<meta property=\"og:image:width\" content=\"800\" \/>\n\t<meta property=\"og:image:height\" content=\"1200\" \/>\n\t<meta property=\"og:image:type\" content=\"image\/jpeg\" \/>\n<meta name=\"twitter:card\" content=\"summary_large_image\" \/>\n<meta name=\"twitter:label1\" content=\"Est. reading time\" \/>\n\t<meta name=\"twitter:data1\" content=\"1 minute\" \/>\n<script type=\"application\/ld+json\" class=\"yoast-schema-graph\">{\"@context\":\"https:\\\/\\\/schema.org\",\"@graph\":[{\"@type\":\"WebPage\",\"@id\":\"https:\\\/\\\/ranoja.ee\\\/toode\\\/akuoksakaarid-cedbpb40li-set-komplekt\\\/\",\"url\":\"https:\\\/\\\/ranoja.ee\\\/toode\\\/akuoksakaarid-cedbpb40li-set-komplekt\\\/\",\"name\":\"Akuoksak\u00e4\u00e4rid CEDBPB40LI-SET (Komplekt)\",\"isPartOf\":{\"@id\":\"https:\\\/\\\/ranoja.ee\\\/#website\"},\"primaryImageOfPage\":{\"@id\":\"https:\\\/\\\/ranoja.ee\\\/toode\\\/akuoksakaarid-cedbpb40li-set-komplekt\\\/#primaryimage\"},\"image\":{\"@id\":\"https:\\\/\\\/ranoja.ee\\\/toode\\\/akuoksakaarid-cedbpb40li-set-komplekt\\\/#primaryimage\"},\"thumbnailUrl\":\"https:\\\/\\\/ranoja.ee\\\/wp-content\\\/uploads\\\/2024\\\/02\\\/Akuoksakaarid-CEDBPB40LI-SET-Komplekt.jpg\",\"datePublished\":\"2024-02-07T05:39:45+00:00\",\"dateModified\":\"2026-03-19T13:47:08+00:00\",\"description\":\"Akuoksak\u00e4\u00e4rid CEDBPB40LI-SET (Komplekt) Harjadeta mootor 20v 4 erinevat l\u00f5ikeastet!Maksimaalne l\u00f5ikeulatus: 40mmL\u00f5ikekiirus ca 1,4 s\",\"breadcrumb\":{\"@id\":\"https:\\\/\\\/ranoja.ee\\\/toode\\\/akuoksakaarid-cedbpb40li-set-komplekt\\\/#breadcrumb\"},\"inLanguage\":\"en-US\",\"potentialAction\":[{\"@type\":\"ReadAction\",\"target\":[\"https:\\\/\\\/ranoja.ee\\\/toode\\\/akuoksakaarid-cedbpb40li-set-komplekt\\\/\"]}]},{\"@type\":\"ImageObject\",\"inLanguage\":\"en-US\",\"@id\":\"https:\\\/\\\/ranoja.ee\\\/toode\\\/akuoksakaarid-cedbpb40li-set-komplekt\\\/#primaryimage\",\"url\":\"https:\\\/\\\/ranoja.ee\\\/wp-content\\\/uploads\\\/2024\\\/02\\\/Akuoksakaarid-CEDBPB40LI-SET-Komplekt.jpg\",\"contentUrl\":\"https:\\\/\\\/ranoja.ee\\\/wp-content\\\/uploads\\\/2024\\\/02\\\/Akuoksakaarid-CEDBPB40LI-SET-Komplekt.jpg\",\"width\":800,\"height\":1200,\"caption\":\"4 erinevat l\u00f5ikeastet! Maksimaalne l\u00f5ikeulatus: 40mm L\u00f5ikekiirus ca 1,4 s\"},{\"@type\":\"BreadcrumbList\",\"@id\":\"https:\\\/\\\/ranoja.ee\\\/toode\\\/akuoksakaarid-cedbpb40li-set-komplekt\\\/#breadcrumb\",\"itemListElement\":[{\"@type\":\"ListItem\",\"position\":1,\"name\":\"Home\",\"item\":\"https:\\\/\\\/ranoja.ee\\\/\"},{\"@type\":\"ListItem\",\"position\":2,\"name\":\"Shop\",\"item\":\"https:\\\/\\\/ranoja.ee\\\/en\\\/shop\\\/\"},{\"@type\":\"ListItem\",\"position\":3,\"name\":\"Akuoksak\u00e4\u00e4rid CEDBPB40LI-SET (Komplekt)\"}]},{\"@type\":\"WebSite\",\"@id\":\"https:\\\/\\\/ranoja.ee\\\/#website\",\"url\":\"https:\\\/\\\/ranoja.ee\\\/\",\"name\":\"Ranoja\",\"description\":\"Equipment Shop WooCommerce WordPress Theme for Machine &amp; Tools\",\"publisher\":{\"@id\":\"https:\\\/\\\/ranoja.ee\\\/#organization\"},\"potentialAction\":[{\"@type\":\"SearchAction\",\"target\":{\"@type\":\"EntryPoint\",\"urlTemplate\":\"https:\\\/\\\/ranoja.ee\\\/?s={search_term_string}\"},\"query-input\":{\"@type\":\"PropertyValueSpecification\",\"valueRequired\":true,\"valueName\":\"search_term_string\"}}],\"inLanguage\":\"en-US\"},{\"@type\":\"Organization\",\"@id\":\"https:\\\/\\\/ranoja.ee\\\/#organization\",\"name\":\"Ranoja O\u00dc\",\"url\":\"https:\\\/\\\/ranoja.ee\\\/\",\"logo\":{\"@type\":\"ImageObject\",\"inLanguage\":\"en-US\",\"@id\":\"https:\\\/\\\/ranoja.ee\\\/#\\\/schema\\\/logo\\\/image\\\/\",\"url\":\"https:\\\/\\\/ranoja.ee\\\/wp-content\\\/uploads\\\/2023\\\/11\\\/ranoja-Logo.png\",\"contentUrl\":\"https:\\\/\\\/ranoja.ee\\\/wp-content\\\/uploads\\\/2023\\\/11\\\/ranoja-Logo.png\",\"width\":207,\"height\":58,\"caption\":\"Ranoja O\u00dc\"},\"image\":{\"@id\":\"https:\\\/\\\/ranoja.ee\\\/#\\\/schema\\\/logo\\\/image\\\/\"},\"sameAs\":[\"https:\\\/\\\/www.facebook.com\\\/ranoja.ee\",\"https:\\\/\\\/www.instagram.com\\\/ranoja__\\\/\"]}]}<\/script>\n<!-- \/ Yoast SEO plugin. -->","yoast_head_json":{"title":"Akuoksak\u00e4\u00e4rid CEDBPB40LI-SET (Komplekt)","description":"Akuoksak\u00e4\u00e4rid CEDBPB40LI-SET (Komplekt) Harjadeta mootor 20v 4 erinevat l\u00f5ikeastet!Maksimaalne l\u00f5ikeulatus: 40mmL\u00f5ikekiirus ca 1,4 s","robots":{"index":"index","follow":"follow","max-snippet":"max-snippet:-1","max-image-preview":"max-image-preview:large","max-video-preview":"max-video-preview:-1"},"canonical":"https:\/\/ranoja.ee\/toode\/akuoksakaarid-cedbpb40li-set-komplekt\/","og_locale":"en_US","og_type":"article","og_title":"Akuoksak\u00e4\u00e4rid CEDBPB40LI-SET (Komplekt)","og_description":"Akuoksak\u00e4\u00e4rid CEDBPB40LI-SET (Komplekt) Harjadeta mootor 20v 4 erinevat l\u00f5ikeastet!Maksimaalne l\u00f5ikeulatus: 40mmL\u00f5ikekiirus ca 1,4 s","og_url":"https:\/\/ranoja.ee\/toode\/akuoksakaarid-cedbpb40li-set-komplekt\/","og_site_name":"Ranoja","article_publisher":"https:\/\/www.facebook.com\/ranoja.ee","article_modified_time":"2026-03-19T13:47:08+00:00","og_image":[{"width":800,"height":1200,"url":"https:\/\/ranoja.ee\/wp-content\/uploads\/2024\/02\/Akuoksakaarid-CEDBPB40LI-SET-Komplekt.jpg","type":"image\/jpeg"}],"twitter_card":"summary_large_image","twitter_misc":{"Est. reading time":"1 minute"},"schema":{"@context":"https:\/\/schema.org","@graph":[{"@type":"WebPage","@id":"https:\/\/ranoja.ee\/toode\/akuoksakaarid-cedbpb40li-set-komplekt\/","url":"https:\/\/ranoja.ee\/toode\/akuoksakaarid-cedbpb40li-set-komplekt\/","name":"Akuoksak\u00e4\u00e4rid CEDBPB40LI-SET (Komplekt)","isPartOf":{"@id":"https:\/\/ranoja.ee\/#website"},"primaryImageOfPage":{"@id":"https:\/\/ranoja.ee\/toode\/akuoksakaarid-cedbpb40li-set-komplekt\/#primaryimage"},"image":{"@id":"https:\/\/ranoja.ee\/toode\/akuoksakaarid-cedbpb40li-set-komplekt\/#primaryimage"},"thumbnailUrl":"https:\/\/ranoja.ee\/wp-content\/uploads\/2024\/02\/Akuoksakaarid-CEDBPB40LI-SET-Komplekt.jpg","datePublished":"2024-02-07T05:39:45+00:00","dateModified":"2026-03-19T13:47:08+00:00","description":"Akuoksak\u00e4\u00e4rid CEDBPB40LI-SET (Komplekt) Harjadeta mootor 20v 4 erinevat l\u00f5ikeastet!Maksimaalne l\u00f5ikeulatus: 40mmL\u00f5ikekiirus ca 1,4 s","breadcrumb":{"@id":"https:\/\/ranoja.ee\/toode\/akuoksakaarid-cedbpb40li-set-komplekt\/#breadcrumb"},"inLanguage":"en-US","potentialAction":[{"@type":"ReadAction","target":["https:\/\/ranoja.ee\/toode\/akuoksakaarid-cedbpb40li-set-komplekt\/"]}]},{"@type":"ImageObject","inLanguage":"en-US","@id":"https:\/\/ranoja.ee\/toode\/akuoksakaarid-cedbpb40li-set-komplekt\/#primaryimage","url":"https:\/\/ranoja.ee\/wp-content\/uploads\/2024\/02\/Akuoksakaarid-CEDBPB40LI-SET-Komplekt.jpg","contentUrl":"https:\/\/ranoja.ee\/wp-content\/uploads\/2024\/02\/Akuoksakaarid-CEDBPB40LI-SET-Komplekt.jpg","width":800,"height":1200,"caption":"4 erinevat l\u00f5ikeastet! Maksimaalne l\u00f5ikeulatus: 40mm L\u00f5ikekiirus ca 1,4 s"},{"@type":"BreadcrumbList","@id":"https:\/\/ranoja.ee\/toode\/akuoksakaarid-cedbpb40li-set-komplekt\/#breadcrumb","itemListElement":[{"@type":"ListItem","position":1,"name":"Home","item":"https:\/\/ranoja.ee\/"},{"@type":"ListItem","position":2,"name":"Shop","item":"https:\/\/ranoja.ee\/en\/shop\/"},{"@type":"ListItem","position":3,"name":"Akuoksak\u00e4\u00e4rid CEDBPB40LI-SET (Komplekt)"}]},{"@type":"WebSite","@id":"https:\/\/ranoja.ee\/#website","url":"https:\/\/ranoja.ee\/","name":"Ranoja","description":"Equipment Shop WooCommerce WordPress Theme for Machine &amp; Tools","publisher":{"@id":"https:\/\/ranoja.ee\/#organization"},"potentialAction":[{"@type":"SearchAction","target":{"@type":"EntryPoint","urlTemplate":"https:\/\/ranoja.ee\/?s={search_term_string}"},"query-input":{"@type":"PropertyValueSpecification","valueRequired":true,"valueName":"search_term_string"}}],"inLanguage":"en-US"},{"@type":"Organization","@id":"https:\/\/ranoja.ee\/#organization","name":"Ranoja O\u00dc","url":"https:\/\/ranoja.ee\/","logo":{"@type":"ImageObject","inLanguage":"en-US","@id":"https:\/\/ranoja.ee\/#\/schema\/logo\/image\/","url":"https:\/\/ranoja.ee\/wp-content\/uploads\/2023\/11\/ranoja-Logo.png","contentUrl":"https:\/\/ranoja.ee\/wp-content\/uploads\/2023\/11\/ranoja-Logo.png","width":207,"height":58,"caption":"Ranoja O\u00dc"},"image":{"@id":"https:\/\/ranoja.ee\/#\/schema\/logo\/image\/"},"sameAs":["https:\/\/www.facebook.com\/ranoja.ee","https:\/\/www.instagram.com\/ranoja__\/"]}]}},"_links":{"self":[{"href":"https:\/\/ranoja.ee\/en\/wp-json\/wp\/v2\/product\/8032","targetHints":{"allow":["GET"]}}],"collection":[{"href":"https:\/\/ranoja.ee\/en\/wp-json\/wp\/v2\/product"}],"about":[{"href":"https:\/\/ranoja.ee\/en\/wp-json\/wp\/v2\/types\/product"}],"wp:featuredmedia":[{"embeddable":true,"href":"https:\/\/ranoja.ee\/en\/wp-json\/wp\/v2\/media\/39863"}],"wp:attachment":[{"href":"https:\/\/ranoja.ee\/en\/wp-json\/wp\/v2\/media?parent=8032"}],"wp:term":[{"taxonomy":"product_cat","embeddable":true,"href":"https:\/\/ranoja.ee\/en\/wp-json\/wp\/v2\/product_cat?post=8032"},{"taxonomy":"product_tag","embeddable":true,"href":"https:\/\/ranoja.ee\/en\/wp-json\/wp\/v2\/product_tag?post=8032"}],"curies":[{"name":"wp","href":"https:\/\/api.w.org\/{rel}","templated":true}]}}