{"id":8027,"date":"2024-02-07T07:50:12","date_gmt":"2024-02-07T04:50:12","guid":{"rendered":"https:\/\/www.ranoja.ee\/?post_type=product&#038;p=8027"},"modified":"2025-12-10T13:20:23","modified_gmt":"2025-12-10T10:20:23","slug":"akuprits-cedsc15li-komplekt","status":"publish","type":"product","link":"https:\/\/ranoja.ee\/en\/toode\/akuprits-cedsc15li-komplekt\/","title":{"rendered":"Akuprits CEDSC15LI (Komplekt)"},"content":{"rendered":"<p>Akuprits CEDSC15LI (Komplekt)<br \/>\nAkudelt T\u00f6\u00f6tav K\u00e4siprits: Kaasaskantav ja Keskkonnas\u00f5bralik Taimekaitsevahend<\/p>\n<p>P\u00f5llumajanduses ja aianduses on taimekaitse oluline osa saagikuse ja taimede tervise tagamisel. \u00dcha enam otsitakse aga lahendusi, mis oleksid t\u00f5husad, mugavad ja samal ajal ka keskkonnas\u00f5bralikud. \u00dcks selline innovaatiline lahendus on akudelt t\u00f6\u00f6tav k\u00e4siprits, mis pakub p\u00f5llumajandustootjatele ja aednikele v\u00f5imalust teha taimekaitset\u00f6id mugavalt ja t\u00f5husalt.<\/p>\n<p>Akudelt t\u00f6\u00f6tav k\u00e4siprits on kaasaskantav ja lihtsalt kasutatav seade, mis v\u00f5imaldab p\u00f5llumajandust\u00f6\u00f6tajatel ja aednikel k\u00e4sitsi jaotada taimekaitsevahendeid vastavalt vajadusele. Selle peamine eelis seisneb tema mugavuses ja paindlikkuses &#8211; t\u00e4nu akutoitele ei ole vaja otsida elektrivarustust v\u00f5i vedada kaasa pikkasid voolikuid, vaid saab lihtsalt ja kiiresti teostada taimekaitset\u00f6id k\u00f5ikjal, kus vaja.<\/p>\n<p>\u00dcks oluline aspekt akudelt t\u00f6\u00f6tava k\u00e4sipritsi juures on tema keskkonnas\u00f5bralikkus. Traditsioonilised taimekaitsevahendid v\u00f5ivad sageli olla keskkonnale kahjulikud, kuid see k\u00e4siprits kasutab akutoitel t\u00f6\u00f6tavat doseerimiss\u00fcsteemi, mis v\u00f5imaldab t\u00e4pset ja \u00f6konoomset taimekaitset, minimeerides seel\u00e4bi kemikaalide \u00fclekasutamist ja kahjulikku m\u00f5ju \u00f6kos\u00fcsteemidele.<\/p>\n<p>Kasutamine on ka lihtne ja kasutajas\u00f5bralik. K\u00e4sipritsi ergonoomiline disain muudab selle mugavaks k\u00e4es hoida ja kasutada ning t\u00e4nu lihtsale doseerimiss\u00fcsteemile on seda lihtne reguleerida vastavalt vajadusele. Lisaks on k\u00e4sipritsi hooldamine ja hooldus minimaalne, mis s\u00e4\u00e4stab aega ja ressursse.<\/p>\n<p>Akudelt t\u00f6\u00f6tava k\u00e4sipritsi kasutamine v\u00f5ib olla ka majanduslikult kasulik. T\u00e4nu t\u00e4psele doseerimisele ja efektiivsele taimekaitsele v\u00f5ivad p\u00f5llumajandustootjad v\u00e4hendada taimekaitsevahendite tarbimist ning suurendada saagikust ja taimede tervist, mis omakorda v\u00f5ib suurendada tulu ja kasumlikkust.<\/p>\n<p>Kokkuv\u00f5ttes v\u00f5ib \u00f6elda, et akudelt t\u00f6\u00f6tav k\u00e4siprits on mitmek\u00fclgne ja kasulik t\u00f6\u00f6riist p\u00f5llumajandustootjatele ja aednikele, kes otsivad mugavat, t\u00f5husat ja keskkonnas\u00f5bralikku lahendust taimekaitsevaldkonnas. See pakub paindlikkust ja<br \/>\nAkuprits CEDSC15LI (Komplekt)<\/p>\n<p>CEDRUS on \u00fcks suurimaid aiandusmasinate, t\u00f6\u00f6riistade ning metsandus tarvikute edasim\u00fc\u00fcjaid Poolas.<br \/>\nMeie eesm\u00e4rk on pakkuda klientidele k\u00f5rgeima kvaliteediga tooteid konkurentsiv\u00f5imeliste hindadega.<br \/>\nAlates 2016. aastast oleme arendanud ka oma kaubam\u00e4rgi all olevat tootesarja Cedrus.<br \/>\nHetkel pakume enam kui 100 t\u00fc\u00fcpi CEDRUS kaubam\u00e4rgi aia- ja ehitusmasinaid, samuti k\u00f5iki hooldustarvikuid ja varuosi.<br \/>\n<img decoding=\"async\" src=\"https:\/\/www.ranoja.ee\/wp-content\/uploads\/2023\/07\/cedrus-logo-vaike-1-300x99.png\" alt=\"\" width=\"300\" height=\"99\" class=\"alignnone size-medium wp-image-5896\" srcset=\"https:\/\/ranoja.ee\/wp-content\/uploads\/2023\/07\/cedrus-logo-vaike-1-300x99.png 300w, https:\/\/ranoja.ee\/wp-content\/uploads\/2023\/07\/cedrus-logo-vaike-1.png 431w\" sizes=\"(max-width: 300px) 100vw, 300px\" \/><\/p>\n","protected":false},"excerpt":{"rendered":"<p>Akuprits CEDSC15LI (Komplekt)<br \/>\n<span style=\"color: #000000;\"><strong>Komplektis sisaldub:<\/strong><\/span><br \/>\n<strong>1x Akuprits CEDSC15LI<br \/>\n1x Akulaadija CEDFCH2.4<br \/>\n1x Aku 4ah CEDLI-ION 4AH<\/strong><\/p>\n<p>Prits CEDSC15LI<br \/>\n20V<br \/>\nPaak = 15L<br \/>\nTootlikus 1,3l\/m , surve 0,3MPa<br \/>\nT\u00f6\u00f6varras 800mm pikk<br \/>\nOtsiku ava 1,6mm<br \/>\nKaal 4,5kg<br \/>\nKaasas erinevad otsikud<br \/>\n<span style=\"color: #000000;\"><strong>Garantii 1 aasta (eraisikule 3 aastat)<\/strong><\/span><br \/>\n<strong><span style=\"color: #339966;\">ANTUD SEADMEGA SAAB TUTVUDA MEIE PAIDE ESINDUSES KOHAPEAL!<\/span><\/strong><\/p>\n<p><a href=\"https:\/\/www.ranoja.ee\/tootekategooria\/akutooriistad\/akud-ja-laadijad\/\">T\u00f6\u00f6riistale sobivad Cedrus Power + akud ja laadijad leiad siit\u2192<\/a><\/p>\n","protected":false},"featured_media":3380,"template":"","meta":{"inline_featured_image":false},"product_cat":[1094,1170],"product_tag":[303,1263,137,304],"class_list":{"0":"post-8027","1":"product","2":"type-product","3":"status-publish","4":"has-post-thumbnail","6":"product_brand-cedrus","7":"product_cat-akutooriistad","8":"product_cat-akutooriistade-combo-komplektid","9":"product_tag-akuprits","10":"product_tag-akutooriistade-combo-komplektid","11":"product_tag-cedrus","12":"product_tag-prits","14":"first","15":"instock","16":"taxable","17":"shipping-taxable","18":"purchasable","19":"product-type-simple"},"yoast_head":"<!-- This site is optimized with the Yoast SEO plugin v27.4 - https:\/\/yoast.com\/product\/yoast-seo-wordpress\/ -->\n<title>Akuprits CEDSC15LI (Komplekt)<\/title>\n<meta name=\"description\" content=\"Akuprits CEDSC15LI (Komplekt) 20VPaak = 15L Tootlikus 1,3l\/m , surve 0,3MPa akuprits-cedsc15li-ilma-aku-laadijata T\u00f6\u00f6varras 800mm pikk Otsiku ava 1,6mm\" \/>\n<meta name=\"robots\" content=\"index, follow, max-snippet:-1, max-image-preview:large, max-video-preview:-1\" \/>\n<link rel=\"canonical\" href=\"https:\/\/ranoja.ee\/toode\/akuprits-cedsc15li-komplekt\/\" \/>\n<meta property=\"og:locale\" content=\"en_US\" \/>\n<meta property=\"og:type\" content=\"article\" \/>\n<meta property=\"og:title\" content=\"Akuprits CEDSC15LI (Komplekt)\" \/>\n<meta property=\"og:description\" content=\"Akuprits CEDSC15LI (Komplekt) 20VPaak = 15L Tootlikus 1,3l\/m , surve 0,3MPa akuprits-cedsc15li-ilma-aku-laadijata T\u00f6\u00f6varras 800mm pikk Otsiku ava 1,6mm\" \/>\n<meta property=\"og:url\" content=\"https:\/\/ranoja.ee\/toode\/akuprits-cedsc15li-komplekt\/\" \/>\n<meta property=\"og:site_name\" content=\"Ranoja\" \/>\n<meta property=\"article:publisher\" content=\"https:\/\/www.facebook.com\/ranoja.ee\" \/>\n<meta property=\"article:modified_time\" content=\"2025-12-10T10:20:23+00:00\" \/>\n<meta property=\"og:image\" content=\"https:\/\/ranoja.ee\/wp-content\/uploads\/2023\/07\/Akuprits-CEDSC15LI.png\" \/>\n\t<meta property=\"og:image:width\" content=\"376\" \/>\n\t<meta property=\"og:image:height\" content=\"800\" \/>\n\t<meta property=\"og:image:type\" content=\"image\/png\" \/>\n<meta name=\"twitter:card\" content=\"summary_large_image\" \/>\n<meta name=\"twitter:label1\" content=\"Est. reading time\" \/>\n\t<meta name=\"twitter:data1\" content=\"2 minutes\" \/>\n<script type=\"application\/ld+json\" class=\"yoast-schema-graph\">{\"@context\":\"https:\\\/\\\/schema.org\",\"@graph\":[{\"@type\":\"WebPage\",\"@id\":\"https:\\\/\\\/ranoja.ee\\\/toode\\\/akuprits-cedsc15li-komplekt\\\/\",\"url\":\"https:\\\/\\\/ranoja.ee\\\/toode\\\/akuprits-cedsc15li-komplekt\\\/\",\"name\":\"Akuprits CEDSC15LI (Komplekt)\",\"isPartOf\":{\"@id\":\"https:\\\/\\\/ranoja.ee\\\/#website\"},\"primaryImageOfPage\":{\"@id\":\"https:\\\/\\\/ranoja.ee\\\/toode\\\/akuprits-cedsc15li-komplekt\\\/#primaryimage\"},\"image\":{\"@id\":\"https:\\\/\\\/ranoja.ee\\\/toode\\\/akuprits-cedsc15li-komplekt\\\/#primaryimage\"},\"thumbnailUrl\":\"https:\\\/\\\/ranoja.ee\\\/wp-content\\\/uploads\\\/2023\\\/07\\\/Akuprits-CEDSC15LI.png\",\"datePublished\":\"2024-02-07T04:50:12+00:00\",\"dateModified\":\"2025-12-10T10:20:23+00:00\",\"description\":\"Akuprits CEDSC15LI (Komplekt) 20VPaak = 15L Tootlikus 1,3l\\\/m , surve 0,3MPa akuprits-cedsc15li-ilma-aku-laadijata T\u00f6\u00f6varras 800mm pikk Otsiku ava 1,6mm\",\"breadcrumb\":{\"@id\":\"https:\\\/\\\/ranoja.ee\\\/toode\\\/akuprits-cedsc15li-komplekt\\\/#breadcrumb\"},\"inLanguage\":\"en-US\",\"potentialAction\":[{\"@type\":\"ReadAction\",\"target\":[\"https:\\\/\\\/ranoja.ee\\\/toode\\\/akuprits-cedsc15li-komplekt\\\/\"]}]},{\"@type\":\"ImageObject\",\"inLanguage\":\"en-US\",\"@id\":\"https:\\\/\\\/ranoja.ee\\\/toode\\\/akuprits-cedsc15li-komplekt\\\/#primaryimage\",\"url\":\"https:\\\/\\\/ranoja.ee\\\/wp-content\\\/uploads\\\/2023\\\/07\\\/Akuprits-CEDSC15LI.png\",\"contentUrl\":\"https:\\\/\\\/ranoja.ee\\\/wp-content\\\/uploads\\\/2023\\\/07\\\/Akuprits-CEDSC15LI.png\",\"width\":376,\"height\":800,\"caption\":\"Akuprits CEDSC15LI k\u00e4siprits akutoitel taimekaitseprits\"},{\"@type\":\"BreadcrumbList\",\"@id\":\"https:\\\/\\\/ranoja.ee\\\/toode\\\/akuprits-cedsc15li-komplekt\\\/#breadcrumb\",\"itemListElement\":[{\"@type\":\"ListItem\",\"position\":1,\"name\":\"Home\",\"item\":\"https:\\\/\\\/ranoja.ee\\\/\"},{\"@type\":\"ListItem\",\"position\":2,\"name\":\"Shop\",\"item\":\"https:\\\/\\\/ranoja.ee\\\/en\\\/shop\\\/\"},{\"@type\":\"ListItem\",\"position\":3,\"name\":\"Akuprits CEDSC15LI (Komplekt)\"}]},{\"@type\":\"WebSite\",\"@id\":\"https:\\\/\\\/ranoja.ee\\\/#website\",\"url\":\"https:\\\/\\\/ranoja.ee\\\/\",\"name\":\"Ranoja\",\"description\":\"Equipment Shop WooCommerce WordPress Theme for Machine &amp; Tools\",\"publisher\":{\"@id\":\"https:\\\/\\\/ranoja.ee\\\/#organization\"},\"potentialAction\":[{\"@type\":\"SearchAction\",\"target\":{\"@type\":\"EntryPoint\",\"urlTemplate\":\"https:\\\/\\\/ranoja.ee\\\/?s={search_term_string}\"},\"query-input\":{\"@type\":\"PropertyValueSpecification\",\"valueRequired\":true,\"valueName\":\"search_term_string\"}}],\"inLanguage\":\"en-US\"},{\"@type\":\"Organization\",\"@id\":\"https:\\\/\\\/ranoja.ee\\\/#organization\",\"name\":\"Ranoja O\u00dc\",\"url\":\"https:\\\/\\\/ranoja.ee\\\/\",\"logo\":{\"@type\":\"ImageObject\",\"inLanguage\":\"en-US\",\"@id\":\"https:\\\/\\\/ranoja.ee\\\/#\\\/schema\\\/logo\\\/image\\\/\",\"url\":\"https:\\\/\\\/ranoja.ee\\\/wp-content\\\/uploads\\\/2023\\\/11\\\/ranoja-Logo.png\",\"contentUrl\":\"https:\\\/\\\/ranoja.ee\\\/wp-content\\\/uploads\\\/2023\\\/11\\\/ranoja-Logo.png\",\"width\":207,\"height\":58,\"caption\":\"Ranoja O\u00dc\"},\"image\":{\"@id\":\"https:\\\/\\\/ranoja.ee\\\/#\\\/schema\\\/logo\\\/image\\\/\"},\"sameAs\":[\"https:\\\/\\\/www.facebook.com\\\/ranoja.ee\",\"https:\\\/\\\/www.instagram.com\\\/ranoja__\\\/\"]}]}<\/script>\n<!-- \/ Yoast SEO plugin. -->","yoast_head_json":{"title":"Akuprits CEDSC15LI (Komplekt)","description":"Akuprits CEDSC15LI (Komplekt) 20VPaak = 15L Tootlikus 1,3l\/m , surve 0,3MPa akuprits-cedsc15li-ilma-aku-laadijata T\u00f6\u00f6varras 800mm pikk Otsiku ava 1,6mm","robots":{"index":"index","follow":"follow","max-snippet":"max-snippet:-1","max-image-preview":"max-image-preview:large","max-video-preview":"max-video-preview:-1"},"canonical":"https:\/\/ranoja.ee\/toode\/akuprits-cedsc15li-komplekt\/","og_locale":"en_US","og_type":"article","og_title":"Akuprits CEDSC15LI (Komplekt)","og_description":"Akuprits CEDSC15LI (Komplekt) 20VPaak = 15L Tootlikus 1,3l\/m , surve 0,3MPa akuprits-cedsc15li-ilma-aku-laadijata T\u00f6\u00f6varras 800mm pikk Otsiku ava 1,6mm","og_url":"https:\/\/ranoja.ee\/toode\/akuprits-cedsc15li-komplekt\/","og_site_name":"Ranoja","article_publisher":"https:\/\/www.facebook.com\/ranoja.ee","article_modified_time":"2025-12-10T10:20:23+00:00","og_image":[{"width":376,"height":800,"url":"https:\/\/ranoja.ee\/wp-content\/uploads\/2023\/07\/Akuprits-CEDSC15LI.png","type":"image\/png"}],"twitter_card":"summary_large_image","twitter_misc":{"Est. reading time":"2 minutes"},"schema":{"@context":"https:\/\/schema.org","@graph":[{"@type":"WebPage","@id":"https:\/\/ranoja.ee\/toode\/akuprits-cedsc15li-komplekt\/","url":"https:\/\/ranoja.ee\/toode\/akuprits-cedsc15li-komplekt\/","name":"Akuprits CEDSC15LI (Komplekt)","isPartOf":{"@id":"https:\/\/ranoja.ee\/#website"},"primaryImageOfPage":{"@id":"https:\/\/ranoja.ee\/toode\/akuprits-cedsc15li-komplekt\/#primaryimage"},"image":{"@id":"https:\/\/ranoja.ee\/toode\/akuprits-cedsc15li-komplekt\/#primaryimage"},"thumbnailUrl":"https:\/\/ranoja.ee\/wp-content\/uploads\/2023\/07\/Akuprits-CEDSC15LI.png","datePublished":"2024-02-07T04:50:12+00:00","dateModified":"2025-12-10T10:20:23+00:00","description":"Akuprits CEDSC15LI (Komplekt) 20VPaak = 15L Tootlikus 1,3l\/m , surve 0,3MPa akuprits-cedsc15li-ilma-aku-laadijata T\u00f6\u00f6varras 800mm pikk Otsiku ava 1,6mm","breadcrumb":{"@id":"https:\/\/ranoja.ee\/toode\/akuprits-cedsc15li-komplekt\/#breadcrumb"},"inLanguage":"en-US","potentialAction":[{"@type":"ReadAction","target":["https:\/\/ranoja.ee\/toode\/akuprits-cedsc15li-komplekt\/"]}]},{"@type":"ImageObject","inLanguage":"en-US","@id":"https:\/\/ranoja.ee\/toode\/akuprits-cedsc15li-komplekt\/#primaryimage","url":"https:\/\/ranoja.ee\/wp-content\/uploads\/2023\/07\/Akuprits-CEDSC15LI.png","contentUrl":"https:\/\/ranoja.ee\/wp-content\/uploads\/2023\/07\/Akuprits-CEDSC15LI.png","width":376,"height":800,"caption":"Akuprits CEDSC15LI k\u00e4siprits akutoitel taimekaitseprits"},{"@type":"BreadcrumbList","@id":"https:\/\/ranoja.ee\/toode\/akuprits-cedsc15li-komplekt\/#breadcrumb","itemListElement":[{"@type":"ListItem","position":1,"name":"Home","item":"https:\/\/ranoja.ee\/"},{"@type":"ListItem","position":2,"name":"Shop","item":"https:\/\/ranoja.ee\/en\/shop\/"},{"@type":"ListItem","position":3,"name":"Akuprits CEDSC15LI (Komplekt)"}]},{"@type":"WebSite","@id":"https:\/\/ranoja.ee\/#website","url":"https:\/\/ranoja.ee\/","name":"Ranoja","description":"Equipment Shop WooCommerce WordPress Theme for Machine &amp; Tools","publisher":{"@id":"https:\/\/ranoja.ee\/#organization"},"potentialAction":[{"@type":"SearchAction","target":{"@type":"EntryPoint","urlTemplate":"https:\/\/ranoja.ee\/?s={search_term_string}"},"query-input":{"@type":"PropertyValueSpecification","valueRequired":true,"valueName":"search_term_string"}}],"inLanguage":"en-US"},{"@type":"Organization","@id":"https:\/\/ranoja.ee\/#organization","name":"Ranoja O\u00dc","url":"https:\/\/ranoja.ee\/","logo":{"@type":"ImageObject","inLanguage":"en-US","@id":"https:\/\/ranoja.ee\/#\/schema\/logo\/image\/","url":"https:\/\/ranoja.ee\/wp-content\/uploads\/2023\/11\/ranoja-Logo.png","contentUrl":"https:\/\/ranoja.ee\/wp-content\/uploads\/2023\/11\/ranoja-Logo.png","width":207,"height":58,"caption":"Ranoja O\u00dc"},"image":{"@id":"https:\/\/ranoja.ee\/#\/schema\/logo\/image\/"},"sameAs":["https:\/\/www.facebook.com\/ranoja.ee","https:\/\/www.instagram.com\/ranoja__\/"]}]}},"_links":{"self":[{"href":"https:\/\/ranoja.ee\/en\/wp-json\/wp\/v2\/product\/8027","targetHints":{"allow":["GET"]}}],"collection":[{"href":"https:\/\/ranoja.ee\/en\/wp-json\/wp\/v2\/product"}],"about":[{"href":"https:\/\/ranoja.ee\/en\/wp-json\/wp\/v2\/types\/product"}],"wp:featuredmedia":[{"embeddable":true,"href":"https:\/\/ranoja.ee\/en\/wp-json\/wp\/v2\/media\/3380"}],"wp:attachment":[{"href":"https:\/\/ranoja.ee\/en\/wp-json\/wp\/v2\/media?parent=8027"}],"wp:term":[{"taxonomy":"product_cat","embeddable":true,"href":"https:\/\/ranoja.ee\/en\/wp-json\/wp\/v2\/product_cat?post=8027"},{"taxonomy":"product_tag","embeddable":true,"href":"https:\/\/ranoja.ee\/en\/wp-json\/wp\/v2\/product_tag?post=8027"}],"curies":[{"name":"wp","href":"https:\/\/api.w.org\/{rel}","templated":true}]}}