{"id":7777,"date":"2024-02-01T16:45:08","date_gmt":"2024-02-01T13:45:08","guid":{"rendered":"https:\/\/www.ranoja.ee\/?post_type=product&#038;p=7777"},"modified":"2025-11-25T17:30:24","modified_gmt":"2025-11-25T14:30:24","slug":"kannufreesi-cedfr01-loiketera","status":"publish","type":"product","link":"https:\/\/ranoja.ee\/en\/toode\/kannufreesi-cedfr01-loiketera\/","title":{"rendered":"K\u00e4nnufreesi CEDFR01 l\u00f5iketera (sirge)"},"content":{"rendered":"<p>K\u00e4nnufreesi CEDFR01 l\u00f5iketera  on spetsiaalselt kavandatud ja konstrueeritud, et tagada t\u00f5hus juurte ja k\u00e4ndude eemaldamine maapinnast. See konkreetne l\u00f5iketera on m\u00f5eldud kasutamiseks CEDFR01 t\u00fc\u00fcpi k\u00e4nnufreesides, pakkudes t\u00e4psust, vastupidavust ja t\u00f5husust maastiku korrastamiseks.<\/p>\n<p>K\u00e4nnufreesi CEDFR01 l\u00f5iketera valmistatakse k\u00f5rgekvaliteedilisest terasest, mis on tuntud oma vastupidavuse ja kulumiskindluse poolest. Teras peab taluma suurt survet ja vastu pidama kokkupuutele erinevate pinnase- ja juurestruktuuridega. Kvaliteetne materjal tagab, et tera suudab s\u00e4ilitada oma teravuse ja vastupidavuse isegi rasketes t\u00f6\u00f6tingimustes.<\/p>\n<p>L\u00f5iketera disain on hoolikalt v\u00e4lja t\u00f6\u00f6tatud, v\u00f5ttes arvesse k\u00e4nnufreesi spetsiifikat ja n\u00f5udeid. Hammaste paigutus, teritus ja geomeetria on kohandatud optimaalseks l\u00f5iketulemuseks. Terade struktuur v\u00f5imaldab neil t\u00f5husalt purustada puujuured ja k\u00e4nnud, muutes k\u00e4nnufreesi t\u00f5husaks vahendiks maastiku kujundamisel ja puude eemaldamisel. Lisaks aitab terade korralik disain v\u00e4hendada vibratsiooni, tagades stabiilse ja ohutu k\u00e4itamise.<\/p>\n<p>L\u00f5iketera hooldus on oluline aspekt selle t\u00f5hususe tagamisel. Regulaarne teritamine, puhastamine ja vajadusel terade asendamine on osa k\u00e4nnufreesi hooldusrutiinist, mis tagab l\u00f5iketera pika kasutusea ja optimaalse j\u00f5udluse.<\/p>\n<p>Cedrus on p\u00fchendunud innovatsioonile ja tehnoloogilisele arengule, tagades, et nende tooted vastaksid t\u00e4nap\u00e4evastele n\u00f5udmistele ja vajadustele. Br\u00e4ndi tootevalik h\u00f5lmab mitmesuguseid aiat\u00f6\u00f6riistu, alates oksapurustajatest ja muruniidukitest kuni trimmerite ja lehepuhuriteni. Iga toode on hoolikalt disainitud, arvestades kasutajate vajadusi ja keskkonnas\u00f5bralikkust.<\/p>\n<p>Cedrus panustab j\u00e4tkusuutlikkusse, pakkudes tooteid, mis aitavad v\u00e4hendada aiaj\u00e4\u00e4tmete kogust ja soodustavad taaskasutust. Lisaks on br\u00e4nd tuntud oma klienditeeninduse ja tootekvaliteedi poolest, pakkudes tarbijatele kindlustunnet oma valiku suhtes.<br \/>\nBr\u00e4ndi CEDRUS taga on p\u00fchendunud meeskond, kes usub, et iga aednik peaks saama nautida aiat\u00f6id ilma kompromissideta. Cedrus tooted on loodud selleks, et muuta aiat\u00f6\u00f6d lihtsamaks, t\u00f5husamaks ja nauditavamaks. Olgu tegemist aia korrastamise, rohu niitmise v\u00f5i oksapurustamisega \u2013 Cedrus br\u00e4ndi all leiab iga\u00fcks endale sobiva lahenduse oma aia eest hoolitsemiseks.<br \/>\n<img decoding=\"async\" src=\"https:\/\/www.ranoja.ee\/wp-content\/uploads\/2023\/07\/cedrus-logo-vaike-1-300x99.png\" alt=\"\" width=\"300\" height=\"99\" class=\"alignnone size-medium wp-image-5896\" srcset=\"https:\/\/ranoja.ee\/wp-content\/uploads\/2023\/07\/cedrus-logo-vaike-1-300x99.png 300w, https:\/\/ranoja.ee\/wp-content\/uploads\/2023\/07\/cedrus-logo-vaike-1.png 431w\" sizes=\"(max-width: 300px) 100vw, 300px\" \/><\/p>\n","protected":false},"excerpt":{"rendered":"<p>K\u00e4nnufreesi tera (keskmine tera)<br \/>\nSobib seadmetele k\u00e4nnufrees CEDRUS CEDFR01<br \/>\nTootekood: 500302<br \/>\nANTUD TOOTEGA SAAB TUTVUDA MEIE PAIDE ESINDUSES KOHAPEAL!<\/p>\n","protected":false},"featured_media":7778,"template":"","meta":{"inline_featured_image":false},"product_cat":[1124],"product_tag":[137,467,1244],"class_list":{"0":"post-7777","1":"product","2":"type-product","3":"status-publish","4":"has-post-thumbnail","6":"product_brand-cedrus","7":"product_cat-loiketerad","8":"product_tag-cedrus","9":"product_tag-cedrus-kannufrees-fr01","10":"product_tag-loiketerad","12":"first","13":"instock","14":"sale","15":"taxable","16":"shipping-taxable","17":"purchasable","18":"product-type-simple"},"yoast_head":"<!-- This site is optimized with the Yoast SEO plugin v27.4 - https:\/\/yoast.com\/product\/yoast-seo-wordpress\/ -->\n<title>K\u00e4nnufreesi CEDFR01 l\u00f5iketera (sirge) - Ranoja<\/title>\n<meta name=\"description\" content=\"K\u00e4nnufreesi tera (keskmine tera) Sobib seadmetele k\u00e4nnufrees CEDFR01 Tootekood: 500302 ANTUD TOOTEGA SAAB TUTVUDA MEIE PAIDE ESINDUSES KOHAPEAL!\" \/>\n<meta name=\"robots\" content=\"index, follow, max-snippet:-1, max-image-preview:large, max-video-preview:-1\" \/>\n<link rel=\"canonical\" href=\"https:\/\/ranoja.ee\/toode\/kannufreesi-cedfr01-loiketera\/\" \/>\n<meta property=\"og:locale\" content=\"en_US\" \/>\n<meta property=\"og:type\" content=\"article\" \/>\n<meta property=\"og:title\" content=\"K\u00e4nnufreesi CEDFR01 l\u00f5iketera (sirge) - Ranoja\" \/>\n<meta property=\"og:description\" content=\"K\u00e4nnufreesi tera (keskmine tera) Sobib seadmetele k\u00e4nnufrees CEDFR01 Tootekood: 500302 ANTUD TOOTEGA SAAB TUTVUDA MEIE PAIDE ESINDUSES KOHAPEAL!\" \/>\n<meta property=\"og:url\" content=\"https:\/\/ranoja.ee\/toode\/kannufreesi-cedfr01-loiketera\/\" \/>\n<meta property=\"og:site_name\" content=\"Ranoja\" \/>\n<meta property=\"article:publisher\" content=\"https:\/\/www.facebook.com\/ranoja.ee\" \/>\n<meta property=\"article:modified_time\" content=\"2025-11-25T14:30:24+00:00\" \/>\n<meta property=\"og:image\" content=\"https:\/\/ranoja.ee\/wp-content\/uploads\/2024\/02\/Kannufreesi-tera-keskmine-VO3515.png\" \/>\n\t<meta property=\"og:image:width\" content=\"617\" \/>\n\t<meta property=\"og:image:height\" content=\"646\" \/>\n\t<meta property=\"og:image:type\" content=\"image\/png\" \/>\n<meta name=\"twitter:card\" content=\"summary_large_image\" \/>\n<meta name=\"twitter:label1\" content=\"Est. reading time\" \/>\n\t<meta name=\"twitter:data1\" content=\"2 minutes\" \/>\n<script type=\"application\/ld+json\" class=\"yoast-schema-graph\">{\"@context\":\"https:\\\/\\\/schema.org\",\"@graph\":[{\"@type\":\"WebPage\",\"@id\":\"https:\\\/\\\/ranoja.ee\\\/toode\\\/kannufreesi-cedfr01-loiketera\\\/\",\"url\":\"https:\\\/\\\/ranoja.ee\\\/toode\\\/kannufreesi-cedfr01-loiketera\\\/\",\"name\":\"K\u00e4nnufreesi CEDFR01 l\u00f5iketera (sirge) - Ranoja\",\"isPartOf\":{\"@id\":\"https:\\\/\\\/ranoja.ee\\\/#website\"},\"primaryImageOfPage\":{\"@id\":\"https:\\\/\\\/ranoja.ee\\\/toode\\\/kannufreesi-cedfr01-loiketera\\\/#primaryimage\"},\"image\":{\"@id\":\"https:\\\/\\\/ranoja.ee\\\/toode\\\/kannufreesi-cedfr01-loiketera\\\/#primaryimage\"},\"thumbnailUrl\":\"https:\\\/\\\/ranoja.ee\\\/wp-content\\\/uploads\\\/2024\\\/02\\\/Kannufreesi-tera-keskmine-VO3515.png\",\"datePublished\":\"2024-02-01T13:45:08+00:00\",\"dateModified\":\"2025-11-25T14:30:24+00:00\",\"description\":\"K\u00e4nnufreesi tera (keskmine tera) Sobib seadmetele k\u00e4nnufrees CEDFR01 Tootekood: 500302 ANTUD TOOTEGA SAAB TUTVUDA MEIE PAIDE ESINDUSES KOHAPEAL!\",\"breadcrumb\":{\"@id\":\"https:\\\/\\\/ranoja.ee\\\/toode\\\/kannufreesi-cedfr01-loiketera\\\/#breadcrumb\"},\"inLanguage\":\"en-US\",\"potentialAction\":[{\"@type\":\"ReadAction\",\"target\":[\"https:\\\/\\\/ranoja.ee\\\/toode\\\/kannufreesi-cedfr01-loiketera\\\/\"]}]},{\"@type\":\"ImageObject\",\"inLanguage\":\"en-US\",\"@id\":\"https:\\\/\\\/ranoja.ee\\\/toode\\\/kannufreesi-cedfr01-loiketera\\\/#primaryimage\",\"url\":\"https:\\\/\\\/ranoja.ee\\\/wp-content\\\/uploads\\\/2024\\\/02\\\/Kannufreesi-tera-keskmine-VO3515.png\",\"contentUrl\":\"https:\\\/\\\/ranoja.ee\\\/wp-content\\\/uploads\\\/2024\\\/02\\\/Kannufreesi-tera-keskmine-VO3515.png\",\"width\":617,\"height\":646,\"caption\":\"K\u00e4nnufreesi CEDFR01 l\u00f5iketera\"},{\"@type\":\"BreadcrumbList\",\"@id\":\"https:\\\/\\\/ranoja.ee\\\/toode\\\/kannufreesi-cedfr01-loiketera\\\/#breadcrumb\",\"itemListElement\":[{\"@type\":\"ListItem\",\"position\":1,\"name\":\"Home\",\"item\":\"https:\\\/\\\/ranoja.ee\\\/\"},{\"@type\":\"ListItem\",\"position\":2,\"name\":\"Shop\",\"item\":\"https:\\\/\\\/ranoja.ee\\\/en\\\/shop\\\/\"},{\"@type\":\"ListItem\",\"position\":3,\"name\":\"K\u00e4nnufreesi CEDFR01 l\u00f5iketera (sirge)\"}]},{\"@type\":\"WebSite\",\"@id\":\"https:\\\/\\\/ranoja.ee\\\/#website\",\"url\":\"https:\\\/\\\/ranoja.ee\\\/\",\"name\":\"Ranoja\",\"description\":\"Equipment Shop WooCommerce WordPress Theme for Machine &amp; Tools\",\"publisher\":{\"@id\":\"https:\\\/\\\/ranoja.ee\\\/#organization\"},\"potentialAction\":[{\"@type\":\"SearchAction\",\"target\":{\"@type\":\"EntryPoint\",\"urlTemplate\":\"https:\\\/\\\/ranoja.ee\\\/?s={search_term_string}\"},\"query-input\":{\"@type\":\"PropertyValueSpecification\",\"valueRequired\":true,\"valueName\":\"search_term_string\"}}],\"inLanguage\":\"en-US\"},{\"@type\":\"Organization\",\"@id\":\"https:\\\/\\\/ranoja.ee\\\/#organization\",\"name\":\"Ranoja O\u00dc\",\"url\":\"https:\\\/\\\/ranoja.ee\\\/\",\"logo\":{\"@type\":\"ImageObject\",\"inLanguage\":\"en-US\",\"@id\":\"https:\\\/\\\/ranoja.ee\\\/#\\\/schema\\\/logo\\\/image\\\/\",\"url\":\"https:\\\/\\\/ranoja.ee\\\/wp-content\\\/uploads\\\/2023\\\/11\\\/ranoja-Logo.png\",\"contentUrl\":\"https:\\\/\\\/ranoja.ee\\\/wp-content\\\/uploads\\\/2023\\\/11\\\/ranoja-Logo.png\",\"width\":207,\"height\":58,\"caption\":\"Ranoja O\u00dc\"},\"image\":{\"@id\":\"https:\\\/\\\/ranoja.ee\\\/#\\\/schema\\\/logo\\\/image\\\/\"},\"sameAs\":[\"https:\\\/\\\/www.facebook.com\\\/ranoja.ee\",\"https:\\\/\\\/www.instagram.com\\\/ranoja__\\\/\"]}]}<\/script>\n<!-- \/ Yoast SEO plugin. -->","yoast_head_json":{"title":"K\u00e4nnufreesi CEDFR01 l\u00f5iketera (sirge) - Ranoja","description":"K\u00e4nnufreesi tera (keskmine tera) Sobib seadmetele k\u00e4nnufrees CEDFR01 Tootekood: 500302 ANTUD TOOTEGA SAAB TUTVUDA MEIE PAIDE ESINDUSES KOHAPEAL!","robots":{"index":"index","follow":"follow","max-snippet":"max-snippet:-1","max-image-preview":"max-image-preview:large","max-video-preview":"max-video-preview:-1"},"canonical":"https:\/\/ranoja.ee\/toode\/kannufreesi-cedfr01-loiketera\/","og_locale":"en_US","og_type":"article","og_title":"K\u00e4nnufreesi CEDFR01 l\u00f5iketera (sirge) - Ranoja","og_description":"K\u00e4nnufreesi tera (keskmine tera) Sobib seadmetele k\u00e4nnufrees CEDFR01 Tootekood: 500302 ANTUD TOOTEGA SAAB TUTVUDA MEIE PAIDE ESINDUSES KOHAPEAL!","og_url":"https:\/\/ranoja.ee\/toode\/kannufreesi-cedfr01-loiketera\/","og_site_name":"Ranoja","article_publisher":"https:\/\/www.facebook.com\/ranoja.ee","article_modified_time":"2025-11-25T14:30:24+00:00","og_image":[{"width":617,"height":646,"url":"https:\/\/ranoja.ee\/wp-content\/uploads\/2024\/02\/Kannufreesi-tera-keskmine-VO3515.png","type":"image\/png"}],"twitter_card":"summary_large_image","twitter_misc":{"Est. reading time":"2 minutes"},"schema":{"@context":"https:\/\/schema.org","@graph":[{"@type":"WebPage","@id":"https:\/\/ranoja.ee\/toode\/kannufreesi-cedfr01-loiketera\/","url":"https:\/\/ranoja.ee\/toode\/kannufreesi-cedfr01-loiketera\/","name":"K\u00e4nnufreesi CEDFR01 l\u00f5iketera (sirge) - Ranoja","isPartOf":{"@id":"https:\/\/ranoja.ee\/#website"},"primaryImageOfPage":{"@id":"https:\/\/ranoja.ee\/toode\/kannufreesi-cedfr01-loiketera\/#primaryimage"},"image":{"@id":"https:\/\/ranoja.ee\/toode\/kannufreesi-cedfr01-loiketera\/#primaryimage"},"thumbnailUrl":"https:\/\/ranoja.ee\/wp-content\/uploads\/2024\/02\/Kannufreesi-tera-keskmine-VO3515.png","datePublished":"2024-02-01T13:45:08+00:00","dateModified":"2025-11-25T14:30:24+00:00","description":"K\u00e4nnufreesi tera (keskmine tera) Sobib seadmetele k\u00e4nnufrees CEDFR01 Tootekood: 500302 ANTUD TOOTEGA SAAB TUTVUDA MEIE PAIDE ESINDUSES KOHAPEAL!","breadcrumb":{"@id":"https:\/\/ranoja.ee\/toode\/kannufreesi-cedfr01-loiketera\/#breadcrumb"},"inLanguage":"en-US","potentialAction":[{"@type":"ReadAction","target":["https:\/\/ranoja.ee\/toode\/kannufreesi-cedfr01-loiketera\/"]}]},{"@type":"ImageObject","inLanguage":"en-US","@id":"https:\/\/ranoja.ee\/toode\/kannufreesi-cedfr01-loiketera\/#primaryimage","url":"https:\/\/ranoja.ee\/wp-content\/uploads\/2024\/02\/Kannufreesi-tera-keskmine-VO3515.png","contentUrl":"https:\/\/ranoja.ee\/wp-content\/uploads\/2024\/02\/Kannufreesi-tera-keskmine-VO3515.png","width":617,"height":646,"caption":"K\u00e4nnufreesi CEDFR01 l\u00f5iketera"},{"@type":"BreadcrumbList","@id":"https:\/\/ranoja.ee\/toode\/kannufreesi-cedfr01-loiketera\/#breadcrumb","itemListElement":[{"@type":"ListItem","position":1,"name":"Home","item":"https:\/\/ranoja.ee\/"},{"@type":"ListItem","position":2,"name":"Shop","item":"https:\/\/ranoja.ee\/en\/shop\/"},{"@type":"ListItem","position":3,"name":"K\u00e4nnufreesi CEDFR01 l\u00f5iketera (sirge)"}]},{"@type":"WebSite","@id":"https:\/\/ranoja.ee\/#website","url":"https:\/\/ranoja.ee\/","name":"Ranoja","description":"Equipment Shop WooCommerce WordPress Theme for Machine &amp; Tools","publisher":{"@id":"https:\/\/ranoja.ee\/#organization"},"potentialAction":[{"@type":"SearchAction","target":{"@type":"EntryPoint","urlTemplate":"https:\/\/ranoja.ee\/?s={search_term_string}"},"query-input":{"@type":"PropertyValueSpecification","valueRequired":true,"valueName":"search_term_string"}}],"inLanguage":"en-US"},{"@type":"Organization","@id":"https:\/\/ranoja.ee\/#organization","name":"Ranoja O\u00dc","url":"https:\/\/ranoja.ee\/","logo":{"@type":"ImageObject","inLanguage":"en-US","@id":"https:\/\/ranoja.ee\/#\/schema\/logo\/image\/","url":"https:\/\/ranoja.ee\/wp-content\/uploads\/2023\/11\/ranoja-Logo.png","contentUrl":"https:\/\/ranoja.ee\/wp-content\/uploads\/2023\/11\/ranoja-Logo.png","width":207,"height":58,"caption":"Ranoja O\u00dc"},"image":{"@id":"https:\/\/ranoja.ee\/#\/schema\/logo\/image\/"},"sameAs":["https:\/\/www.facebook.com\/ranoja.ee","https:\/\/www.instagram.com\/ranoja__\/"]}]}},"_links":{"self":[{"href":"https:\/\/ranoja.ee\/en\/wp-json\/wp\/v2\/product\/7777","targetHints":{"allow":["GET"]}}],"collection":[{"href":"https:\/\/ranoja.ee\/en\/wp-json\/wp\/v2\/product"}],"about":[{"href":"https:\/\/ranoja.ee\/en\/wp-json\/wp\/v2\/types\/product"}],"wp:featuredmedia":[{"embeddable":true,"href":"https:\/\/ranoja.ee\/en\/wp-json\/wp\/v2\/media\/7778"}],"wp:attachment":[{"href":"https:\/\/ranoja.ee\/en\/wp-json\/wp\/v2\/media?parent=7777"}],"wp:term":[{"taxonomy":"product_cat","embeddable":true,"href":"https:\/\/ranoja.ee\/en\/wp-json\/wp\/v2\/product_cat?post=7777"},{"taxonomy":"product_tag","embeddable":true,"href":"https:\/\/ranoja.ee\/en\/wp-json\/wp\/v2\/product_tag?post=7777"}],"curies":[{"name":"wp","href":"https:\/\/api.w.org\/{rel}","templated":true}]}}