{"id":7743,"date":"2024-01-31T13:49:25","date_gmt":"2024-01-31T10:49:25","guid":{"rendered":"https:\/\/www.ranoja.ee\/?post_type=product&#038;p=7743"},"modified":"2025-11-25T17:31:52","modified_gmt":"2025-11-25T14:31:52","slug":"kasistarter-pinnasetihendajale-lumag-rpi38de","status":"publish","type":"product","link":"https:\/\/ranoja.ee\/en\/toode\/kasistarter-pinnasetihendajale-lumag-rpi38de\/","title":{"rendered":"K\u00e4sistarter pinnasetihendajale Lumag RPI38DE"},"content":{"rendered":"<p>Kirjeldus:<br \/>\nK\u00e4sistarter pinnasetihendajale Lumag RPI38DE on tehniline seade, mis v\u00f5imaldab mootori k\u00e4sitsi k\u00e4ivitamist. See on levinud v\u00e4ikestes mootorites, nagu pinnasetihendaja, oksapurustaja ja aiat\u00f6\u00f6riistade mootorid, kus puudub v\u00f5i on piiratud elektritoide. K\u00e4sistarter on oluline komponent, mis annab kasutajale v\u00f5imaluse mootorit k\u00e4sitsi k\u00e4ivitada, tagades seel\u00e4bi s\u00f5ltumatuse elektri\u00fchendusest.<\/p>\n<p>K\u00e4sistarter pinnasetihendajale Lumag RPI38DE koosneb k\u00e4epidemest, t\u00f5mben\u00f6\u00f6rist ja k\u00e4ivitusmehhanismist. K\u00e4epide on tavaliselt kinnitatud mootori k\u00fclge ja selle abil saab kasutaja t\u00f5mmates n\u00f6\u00f6rist mootorit k\u00e4ivitada. Sidur \u00fchendab k\u00e4sistarteri mootoriga, lubades mootori k\u00e4ivitamise ajal mootori p\u00f6\u00f6rlemist. K\u00e4ivitusmehhanism sisaldab vedrude ja hammasrattaid, mis muundavad k\u00e4epideme p\u00f6\u00f6rleva liikumise mootori k\u00e4ivitamiseks vajalikuks p\u00f6\u00f6rlemiseks.<\/p>\n<p>K\u00e4sistarter on eriti oluline olukordades, kus elektrit ei ole k\u00e4ttesaadav v\u00f5i on piiratud. N\u00e4iteks aiatraktorid, muruniidukid ja kettsaed kasutavad sageli k\u00e4sistarterit, et tagada k\u00e4ivitus ka kaugemates v\u00f5i elektriv\u00f5rgu puudumise kohtades. <\/p>\n<p>RPI38DE k\u00e4sistarterid on tuntud oma lihtsuse ja vastupidavuse poolest. Neil on sageli v\u00e4he liikuvaid osi, mis v\u00e4hendab hooldusvajadust ja muudab nad usaldusv\u00e4\u00e4rseteks k\u00e4ivitusseadmeteks.<\/p>\n<p>Lumag on tuntud ja usaldusv\u00e4\u00e4rne br\u00e4nd, mis on spetsialiseerunud kvaliteetsete ehitustehnika tarvikute ja seadmete tootmisele. Br\u00e4ndi nimi on saanud tuntuks oma tipptasemel toodete, innovatsiooni ja vastutustundliku \u00e4ritegevuse poolest.<\/p>\n<p>Lumagi tootevalik h\u00f5lmab mitmesuguseid ehitusseadmeid ja tarvikuid, alates k\u00f5rgkvaliteedilistest rasketest masinatest kuni kompaktsete t\u00f6\u00f6riistadeni. Br\u00e4ndi toodete disain on t\u00e4nap\u00e4evane, praktiline ja vastupidav, vastates professionaalsete ehitajate ja kodukasutajate k\u00f5rgeimatele standarditele.<\/p>\n<p>Ettev\u00f5te on tuntud oma tehnoloogilise innovatsiooni poolest, p\u00fc\u00fcdes pidevalt uuendada ja parandada oma tooteid vastavalt turu n\u00f5udmistele. Lumagi insenerid ja disainerid keskenduvad mitte ainult t\u00f5hususele ja vastupidavusele, vaid ka keskkonnas\u00f5bralike lahenduste leidmisele, et v\u00e4hendada \u00f6koloogilist jalaj\u00e4lge.<\/p>\n<p>Lumag on p\u00fchendunud ka klientide rahulolu tagamisele, pakkudes tipptasemel teenindust ja usaldusv\u00e4\u00e4rset tuge. Nende klientideks on nii suured ehitusettev\u00f5tted kui ka v\u00e4iksemad kohalikud ettev\u00f5tted ning kodukasutajad, kes hindavad vastupidavust ja j\u00f5udlust.<br \/>\n<img decoding=\"async\" src=\"https:\/\/www.ranoja.ee\/wp-content\/uploads\/2023\/07\/LUMAG_Germany_logo_black-300x105.png\" alt=\"\" width=\"300\" height=\"105\" class=\"alignnone size-medium wp-image-5899\" srcset=\"https:\/\/ranoja.ee\/wp-content\/uploads\/2023\/07\/LUMAG_Germany_logo_black-300x105.png 300w, https:\/\/ranoja.ee\/wp-content\/uploads\/2023\/07\/LUMAG_Germany_logo_black-768x270.png 768w, https:\/\/ranoja.ee\/wp-content\/uploads\/2023\/07\/LUMAG_Germany_logo_black-850x299.png 850w, https:\/\/ranoja.ee\/wp-content\/uploads\/2023\/07\/LUMAG_Germany_logo_black-800x281.png 800w, https:\/\/ranoja.ee\/wp-content\/uploads\/2023\/07\/LUMAG_Germany_logo_black.png 852w\" sizes=\"(max-width: 300px) 100vw, 300px\" \/><\/p>\n","protected":false},"excerpt":{"rendered":"<p>Sobib seadmetele:<br \/>\nPinnasetihendaja Lumag RPI38DE<br \/>\nTootekood:3D178FD1<br \/>\n<strong><span style=\"color: #339966;\">ANTUD TOOTEGA SAAB TUTVUDA MEIE PAIDE ESINDUSES KOHAPEAL!<\/span><\/strong><\/p>\n","protected":false},"featured_media":7744,"template":"","meta":{"inline_featured_image":false},"product_cat":[1235,1123],"product_tag":[134,161,1241],"class_list":{"0":"post-7743","1":"product","2":"type-product","3":"status-publish","4":"has-post-thumbnail","6":"product_brand-lumag","7":"product_cat-starterid-ja-suutekuunlad","8":"product_cat-varuosad","9":"product_tag-lumag","10":"product_tag-pinnasetihendaja","11":"product_tag-rpi38de","13":"first","14":"instock","15":"sale","16":"taxable","17":"shipping-taxable","18":"purchasable","19":"product-type-simple"},"yoast_head":"<!-- This site is optimized with the Yoast SEO plugin v27.4 - https:\/\/yoast.com\/product\/yoast-seo-wordpress\/ -->\n<title>K\u00e4sistarter pinnasetihendajale Lumag RPI38DE - Ranoja<\/title>\n<meta name=\"description\" content=\"K\u00e4sistarter pinnasetihendajale Lumag RPI38DE Tootekood: 3D178FD1 Sobib seadmele: Lumag RPI38DE ANTUD TOOTEGA SAAB TUTVUDA MEIE ESINDUSES KOHAPEAL!\" \/>\n<meta name=\"robots\" content=\"index, follow, max-snippet:-1, max-image-preview:large, max-video-preview:-1\" \/>\n<link rel=\"canonical\" href=\"https:\/\/ranoja.ee\/toode\/kasistarter-pinnasetihendajale-lumag-rpi38de\/\" \/>\n<meta property=\"og:locale\" content=\"en_US\" \/>\n<meta property=\"og:type\" content=\"article\" \/>\n<meta property=\"og:title\" content=\"K\u00e4sistarter pinnasetihendajale Lumag RPI38DE - Ranoja\" \/>\n<meta property=\"og:description\" content=\"K\u00e4sistarter pinnasetihendajale Lumag RPI38DE Tootekood: 3D178FD1 Sobib seadmele: Lumag RPI38DE ANTUD TOOTEGA SAAB TUTVUDA MEIE ESINDUSES KOHAPEAL!\" \/>\n<meta property=\"og:url\" content=\"https:\/\/ranoja.ee\/toode\/kasistarter-pinnasetihendajale-lumag-rpi38de\/\" \/>\n<meta property=\"og:site_name\" content=\"Ranoja\" \/>\n<meta property=\"article:publisher\" content=\"https:\/\/www.facebook.com\/ranoja.ee\" \/>\n<meta property=\"article:modified_time\" content=\"2025-11-25T14:31:52+00:00\" \/>\n<meta property=\"og:image\" content=\"https:\/\/ranoja.ee\/wp-content\/uploads\/2024\/01\/Kasistarter-RPI38DE.png\" \/>\n\t<meta property=\"og:image:width\" content=\"382\" \/>\n\t<meta property=\"og:image:height\" content=\"261\" \/>\n\t<meta property=\"og:image:type\" content=\"image\/png\" \/>\n<meta name=\"twitter:card\" content=\"summary_large_image\" \/>\n<meta name=\"twitter:label1\" content=\"Est. reading time\" \/>\n\t<meta name=\"twitter:data1\" content=\"2 minutes\" \/>\n<script type=\"application\/ld+json\" class=\"yoast-schema-graph\">{\"@context\":\"https:\\\/\\\/schema.org\",\"@graph\":[{\"@type\":\"WebPage\",\"@id\":\"https:\\\/\\\/ranoja.ee\\\/toode\\\/kasistarter-pinnasetihendajale-lumag-rpi38de\\\/\",\"url\":\"https:\\\/\\\/ranoja.ee\\\/toode\\\/kasistarter-pinnasetihendajale-lumag-rpi38de\\\/\",\"name\":\"K\u00e4sistarter pinnasetihendajale Lumag RPI38DE - Ranoja\",\"isPartOf\":{\"@id\":\"https:\\\/\\\/ranoja.ee\\\/#website\"},\"primaryImageOfPage\":{\"@id\":\"https:\\\/\\\/ranoja.ee\\\/toode\\\/kasistarter-pinnasetihendajale-lumag-rpi38de\\\/#primaryimage\"},\"image\":{\"@id\":\"https:\\\/\\\/ranoja.ee\\\/toode\\\/kasistarter-pinnasetihendajale-lumag-rpi38de\\\/#primaryimage\"},\"thumbnailUrl\":\"https:\\\/\\\/ranoja.ee\\\/wp-content\\\/uploads\\\/2024\\\/01\\\/Kasistarter-RPI38DE.png\",\"datePublished\":\"2024-01-31T10:49:25+00:00\",\"dateModified\":\"2025-11-25T14:31:52+00:00\",\"description\":\"K\u00e4sistarter pinnasetihendajale Lumag RPI38DE Tootekood: 3D178FD1 Sobib seadmele: Lumag RPI38DE ANTUD TOOTEGA SAAB TUTVUDA MEIE ESINDUSES KOHAPEAL!\",\"breadcrumb\":{\"@id\":\"https:\\\/\\\/ranoja.ee\\\/toode\\\/kasistarter-pinnasetihendajale-lumag-rpi38de\\\/#breadcrumb\"},\"inLanguage\":\"en-US\",\"potentialAction\":[{\"@type\":\"ReadAction\",\"target\":[\"https:\\\/\\\/ranoja.ee\\\/toode\\\/kasistarter-pinnasetihendajale-lumag-rpi38de\\\/\"]}]},{\"@type\":\"ImageObject\",\"inLanguage\":\"en-US\",\"@id\":\"https:\\\/\\\/ranoja.ee\\\/toode\\\/kasistarter-pinnasetihendajale-lumag-rpi38de\\\/#primaryimage\",\"url\":\"https:\\\/\\\/ranoja.ee\\\/wp-content\\\/uploads\\\/2024\\\/01\\\/Kasistarter-RPI38DE.png\",\"contentUrl\":\"https:\\\/\\\/ranoja.ee\\\/wp-content\\\/uploads\\\/2024\\\/01\\\/Kasistarter-RPI38DE.png\",\"width\":382,\"height\":261,\"caption\":\"K\u00e4sistarter Lumag RPI38DE\"},{\"@type\":\"BreadcrumbList\",\"@id\":\"https:\\\/\\\/ranoja.ee\\\/toode\\\/kasistarter-pinnasetihendajale-lumag-rpi38de\\\/#breadcrumb\",\"itemListElement\":[{\"@type\":\"ListItem\",\"position\":1,\"name\":\"Home\",\"item\":\"https:\\\/\\\/ranoja.ee\\\/\"},{\"@type\":\"ListItem\",\"position\":2,\"name\":\"Shop\",\"item\":\"https:\\\/\\\/ranoja.ee\\\/en\\\/shop\\\/\"},{\"@type\":\"ListItem\",\"position\":3,\"name\":\"K\u00e4sistarter pinnasetihendajale Lumag RPI38DE\"}]},{\"@type\":\"WebSite\",\"@id\":\"https:\\\/\\\/ranoja.ee\\\/#website\",\"url\":\"https:\\\/\\\/ranoja.ee\\\/\",\"name\":\"Ranoja\",\"description\":\"Equipment Shop WooCommerce WordPress Theme for Machine &amp; Tools\",\"publisher\":{\"@id\":\"https:\\\/\\\/ranoja.ee\\\/#organization\"},\"potentialAction\":[{\"@type\":\"SearchAction\",\"target\":{\"@type\":\"EntryPoint\",\"urlTemplate\":\"https:\\\/\\\/ranoja.ee\\\/?s={search_term_string}\"},\"query-input\":{\"@type\":\"PropertyValueSpecification\",\"valueRequired\":true,\"valueName\":\"search_term_string\"}}],\"inLanguage\":\"en-US\"},{\"@type\":\"Organization\",\"@id\":\"https:\\\/\\\/ranoja.ee\\\/#organization\",\"name\":\"Ranoja O\u00dc\",\"url\":\"https:\\\/\\\/ranoja.ee\\\/\",\"logo\":{\"@type\":\"ImageObject\",\"inLanguage\":\"en-US\",\"@id\":\"https:\\\/\\\/ranoja.ee\\\/#\\\/schema\\\/logo\\\/image\\\/\",\"url\":\"https:\\\/\\\/ranoja.ee\\\/wp-content\\\/uploads\\\/2023\\\/11\\\/ranoja-Logo.png\",\"contentUrl\":\"https:\\\/\\\/ranoja.ee\\\/wp-content\\\/uploads\\\/2023\\\/11\\\/ranoja-Logo.png\",\"width\":207,\"height\":58,\"caption\":\"Ranoja O\u00dc\"},\"image\":{\"@id\":\"https:\\\/\\\/ranoja.ee\\\/#\\\/schema\\\/logo\\\/image\\\/\"},\"sameAs\":[\"https:\\\/\\\/www.facebook.com\\\/ranoja.ee\",\"https:\\\/\\\/www.instagram.com\\\/ranoja__\\\/\"]}]}<\/script>\n<!-- \/ Yoast SEO plugin. -->","yoast_head_json":{"title":"K\u00e4sistarter pinnasetihendajale Lumag RPI38DE - Ranoja","description":"K\u00e4sistarter pinnasetihendajale Lumag RPI38DE Tootekood: 3D178FD1 Sobib seadmele: Lumag RPI38DE ANTUD TOOTEGA SAAB TUTVUDA MEIE ESINDUSES KOHAPEAL!","robots":{"index":"index","follow":"follow","max-snippet":"max-snippet:-1","max-image-preview":"max-image-preview:large","max-video-preview":"max-video-preview:-1"},"canonical":"https:\/\/ranoja.ee\/toode\/kasistarter-pinnasetihendajale-lumag-rpi38de\/","og_locale":"en_US","og_type":"article","og_title":"K\u00e4sistarter pinnasetihendajale Lumag RPI38DE - Ranoja","og_description":"K\u00e4sistarter pinnasetihendajale Lumag RPI38DE Tootekood: 3D178FD1 Sobib seadmele: Lumag RPI38DE ANTUD TOOTEGA SAAB TUTVUDA MEIE ESINDUSES KOHAPEAL!","og_url":"https:\/\/ranoja.ee\/toode\/kasistarter-pinnasetihendajale-lumag-rpi38de\/","og_site_name":"Ranoja","article_publisher":"https:\/\/www.facebook.com\/ranoja.ee","article_modified_time":"2025-11-25T14:31:52+00:00","og_image":[{"width":382,"height":261,"url":"https:\/\/ranoja.ee\/wp-content\/uploads\/2024\/01\/Kasistarter-RPI38DE.png","type":"image\/png"}],"twitter_card":"summary_large_image","twitter_misc":{"Est. reading time":"2 minutes"},"schema":{"@context":"https:\/\/schema.org","@graph":[{"@type":"WebPage","@id":"https:\/\/ranoja.ee\/toode\/kasistarter-pinnasetihendajale-lumag-rpi38de\/","url":"https:\/\/ranoja.ee\/toode\/kasistarter-pinnasetihendajale-lumag-rpi38de\/","name":"K\u00e4sistarter pinnasetihendajale Lumag RPI38DE - Ranoja","isPartOf":{"@id":"https:\/\/ranoja.ee\/#website"},"primaryImageOfPage":{"@id":"https:\/\/ranoja.ee\/toode\/kasistarter-pinnasetihendajale-lumag-rpi38de\/#primaryimage"},"image":{"@id":"https:\/\/ranoja.ee\/toode\/kasistarter-pinnasetihendajale-lumag-rpi38de\/#primaryimage"},"thumbnailUrl":"https:\/\/ranoja.ee\/wp-content\/uploads\/2024\/01\/Kasistarter-RPI38DE.png","datePublished":"2024-01-31T10:49:25+00:00","dateModified":"2025-11-25T14:31:52+00:00","description":"K\u00e4sistarter pinnasetihendajale Lumag RPI38DE Tootekood: 3D178FD1 Sobib seadmele: Lumag RPI38DE ANTUD TOOTEGA SAAB TUTVUDA MEIE ESINDUSES KOHAPEAL!","breadcrumb":{"@id":"https:\/\/ranoja.ee\/toode\/kasistarter-pinnasetihendajale-lumag-rpi38de\/#breadcrumb"},"inLanguage":"en-US","potentialAction":[{"@type":"ReadAction","target":["https:\/\/ranoja.ee\/toode\/kasistarter-pinnasetihendajale-lumag-rpi38de\/"]}]},{"@type":"ImageObject","inLanguage":"en-US","@id":"https:\/\/ranoja.ee\/toode\/kasistarter-pinnasetihendajale-lumag-rpi38de\/#primaryimage","url":"https:\/\/ranoja.ee\/wp-content\/uploads\/2024\/01\/Kasistarter-RPI38DE.png","contentUrl":"https:\/\/ranoja.ee\/wp-content\/uploads\/2024\/01\/Kasistarter-RPI38DE.png","width":382,"height":261,"caption":"K\u00e4sistarter Lumag RPI38DE"},{"@type":"BreadcrumbList","@id":"https:\/\/ranoja.ee\/toode\/kasistarter-pinnasetihendajale-lumag-rpi38de\/#breadcrumb","itemListElement":[{"@type":"ListItem","position":1,"name":"Home","item":"https:\/\/ranoja.ee\/"},{"@type":"ListItem","position":2,"name":"Shop","item":"https:\/\/ranoja.ee\/en\/shop\/"},{"@type":"ListItem","position":3,"name":"K\u00e4sistarter pinnasetihendajale Lumag RPI38DE"}]},{"@type":"WebSite","@id":"https:\/\/ranoja.ee\/#website","url":"https:\/\/ranoja.ee\/","name":"Ranoja","description":"Equipment Shop WooCommerce WordPress Theme for Machine &amp; Tools","publisher":{"@id":"https:\/\/ranoja.ee\/#organization"},"potentialAction":[{"@type":"SearchAction","target":{"@type":"EntryPoint","urlTemplate":"https:\/\/ranoja.ee\/?s={search_term_string}"},"query-input":{"@type":"PropertyValueSpecification","valueRequired":true,"valueName":"search_term_string"}}],"inLanguage":"en-US"},{"@type":"Organization","@id":"https:\/\/ranoja.ee\/#organization","name":"Ranoja O\u00dc","url":"https:\/\/ranoja.ee\/","logo":{"@type":"ImageObject","inLanguage":"en-US","@id":"https:\/\/ranoja.ee\/#\/schema\/logo\/image\/","url":"https:\/\/ranoja.ee\/wp-content\/uploads\/2023\/11\/ranoja-Logo.png","contentUrl":"https:\/\/ranoja.ee\/wp-content\/uploads\/2023\/11\/ranoja-Logo.png","width":207,"height":58,"caption":"Ranoja O\u00dc"},"image":{"@id":"https:\/\/ranoja.ee\/#\/schema\/logo\/image\/"},"sameAs":["https:\/\/www.facebook.com\/ranoja.ee","https:\/\/www.instagram.com\/ranoja__\/"]}]}},"_links":{"self":[{"href":"https:\/\/ranoja.ee\/en\/wp-json\/wp\/v2\/product\/7743","targetHints":{"allow":["GET"]}}],"collection":[{"href":"https:\/\/ranoja.ee\/en\/wp-json\/wp\/v2\/product"}],"about":[{"href":"https:\/\/ranoja.ee\/en\/wp-json\/wp\/v2\/types\/product"}],"wp:featuredmedia":[{"embeddable":true,"href":"https:\/\/ranoja.ee\/en\/wp-json\/wp\/v2\/media\/7744"}],"wp:attachment":[{"href":"https:\/\/ranoja.ee\/en\/wp-json\/wp\/v2\/media?parent=7743"}],"wp:term":[{"taxonomy":"product_cat","embeddable":true,"href":"https:\/\/ranoja.ee\/en\/wp-json\/wp\/v2\/product_cat?post=7743"},{"taxonomy":"product_tag","embeddable":true,"href":"https:\/\/ranoja.ee\/en\/wp-json\/wp\/v2\/product_tag?post=7743"}],"curies":[{"name":"wp","href":"https:\/\/api.w.org\/{rel}","templated":true}]}}