{"id":7645,"date":"2024-01-17T15:00:24","date_gmt":"2024-01-17T12:00:24","guid":{"rendered":"https:\/\/www.ranoja.ee\/?post_type=product&#038;p=7645"},"modified":"2025-11-25T17:31:53","modified_gmt":"2025-11-25T14:31:53","slug":"kutusefilter-pinnasetihendajale-rp160-hpc","status":"publish","type":"product","link":"https:\/\/ranoja.ee\/en\/toode\/kutusefilter-pinnasetihendajale-rp160-hpc\/","title":{"rendered":"K\u00fctusefilter pinnasetihendajale RP160 HPC"},"content":{"rendered":"<p>Kirjeldus:<br \/>\nV\u00e4ike ehitustehnika K\u00fctusefilter pinnasetihendajale RP160 HPC SL1821F on oluline komponent, mis tagab k\u00fctusepuhtuse ja maksimeerib ehitustehnika j\u00f5udlust. See filtri mudel on spetsiaalselt loodud vastu pidama ehituskeskkonna v\u00e4ljakutsetele ja tagama mootorite optimaalse toimimise. SL1821F k\u00fctusefilter kaitseb ehitustehnika k\u00fctuses\u00fcsteemi t\u00f5husalt, filtreerides v\u00e4lja kahjulikud osakesed, veesette ja muud saasteained, mis v\u00f5ivad kahjustada mootoreid ja v\u00e4hendada nende t\u00f6\u00f6iga. Filtri mitmekihiline struktuur tagab efektiivse filtreerimise, kinni pidades isegi mikroskoopilisi osakesi, mis v\u00f5ivad p\u00f5hjustada kahjustusi s\u00fcsteemis. SL1821F k\u00fctusefilter on vastupidav ja loodud vastu pidama k\u00fctusega seotud ekstreemsetele tingimustele, nagu vibratsioon ja k\u00f5rge r\u00f5hk. <\/p>\n<p>Selle paigaldamine on lihtne ja see sobib mitmesuguste ehitustehnika mudelitega, nagu miniekskavaatorid, bobcat&#8217;id, generaatorid ja muud sarnased masinad. Regulaarne k\u00fctusefiltri vahetamine on oluline osa masinate hooldusest, kuna see tagab mootorite sujuva toimimise, parandab k\u00fctuseefektiivsust ja v\u00e4hendab hoolduskulusid. K\u00fctusefilter pinnasetihendajale RP160 HPC SL1821F on usaldusv\u00e4\u00e4rne lahendus ehitust\u00f6\u00f6dele, kus n\u00f5udetakse vastupidavust, t\u00f5husust ja pikaajalist kaitset ehitustehnika k\u00fctuses\u00fcsteemile. Erinevad filtrid sobivad erinevale tehnikale. Soovitame omalt poolt, et k\u00fcsi kindlasti lisainfot meie esinduse t\u00f6\u00f6tajtelt. Omame kogemust varuosadega juba pikki aastaid ning seadmete hooldus ja varuosad on meie tugev k\u00fclg. Kvaliteetsed varuosad ja pidev laoseisu parendamine viivad meid pidevalt edasi parema tulemuseni.<\/p>\n<p>Lumag on tuntud ja usaldusv\u00e4\u00e4rne br\u00e4nd, mis on spetsialiseerunud kvaliteetsete ehitustehnika tarvikute ja seadmete tootmisele. Br\u00e4ndi nimi on saanud tuntuks oma tipptasemel toodete, innovatsiooni ja vastutustundliku \u00e4ritegevuse poolest.<\/p>\n<p>Lumagi tootevalik h\u00f5lmab mitmesuguseid ehitusseadmeid ja tarvikuid, alates k\u00f5rgkvaliteedilistest rasketest masinatest kuni kompaktsete t\u00f6\u00f6riistadeni. Br\u00e4ndi toodete disain on t\u00e4nap\u00e4evane, praktiline ja vastupidav, vastates professionaalsete ehitajate ja kodukasutajate k\u00f5rgeimatele standarditele.<\/p>\n<p>Ettev\u00f5te on tuntud oma tehnoloogilise innovatsiooni poolest, p\u00fc\u00fcdes pidevalt uuendada ja parandada oma tooteid vastavalt turu n\u00f5udmistele. Lumagi insenerid ja disainerid keskenduvad mitte ainult t\u00f5hususele ja vastupidavusele, vaid ka keskkonnas\u00f5bralike lahenduste leidmisele, et v\u00e4hendada \u00f6koloogilist jalaj\u00e4lge.<\/p>\n","protected":false},"excerpt":{"rendered":"<p>K\u00fctusefilter RP160 HPC<br \/>\nSobib seadmele pinnasetihendaja RP160 HPC<br \/>\nTootekood: BE4018<br \/>\n<strong><span style=\"color: #339966;\">ANTUD TOOTEGA SAAB TUTVUDA MEIE PAIDE ESINDUSES KOHAPEAL!<\/span><\/strong><\/p>\n","protected":false},"featured_media":7646,"template":"","meta":{"inline_featured_image":false},"product_cat":[1125,1123],"product_tag":[1212,1220,1229,1233,134,1232,1153,1234],"class_list":{"0":"post-7645","1":"product","2":"type-product","3":"status-publish","4":"has-post-thumbnail","6":"product_brand-lumag","7":"product_cat-filtrid","8":"product_cat-varuosad","9":"product_tag-filter","10":"product_tag-hooldus","11":"product_tag-kutusefilter","12":"product_tag-kutusefilter-rp160-hpc","13":"product_tag-lumag","14":"product_tag-pinnasetihendajad","15":"product_tag-remont","16":"product_tag-rp160-hpc","18":"first","19":"instock","20":"sale","21":"taxable","22":"shipping-taxable","23":"purchasable","24":"product-type-simple"},"yoast_head":"<!-- This site is optimized with the Yoast SEO plugin v27.4 - https:\/\/yoast.com\/product\/yoast-seo-wordpress\/ -->\n<title>K\u00fctusefilter pinnasetihendajale RP160 HPC<\/title>\n<meta name=\"description\" content=\"Loncin bensiinimootoriga pinasetihendaja 160kg hooldustarvik. K\u00fctusefilter pinnasetihendajale RP160 HPC varuosad, hooldus, remont.\" \/>\n<meta name=\"robots\" content=\"index, follow, max-snippet:-1, max-image-preview:large, max-video-preview:-1\" \/>\n<link rel=\"canonical\" href=\"https:\/\/ranoja.ee\/toode\/kutusefilter-pinnasetihendajale-rp160-hpc\/\" \/>\n<meta property=\"og:locale\" content=\"en_US\" \/>\n<meta property=\"og:type\" content=\"article\" \/>\n<meta property=\"og:title\" content=\"K\u00fctusefilter pinnasetihendajale RP160 HPC\" \/>\n<meta property=\"og:description\" content=\"Loncin bensiinimootoriga pinasetihendaja 160kg hooldustarvik. K\u00fctusefilter pinnasetihendajale RP160 HPC varuosad, hooldus, remont.\" \/>\n<meta property=\"og:url\" content=\"https:\/\/ranoja.ee\/toode\/kutusefilter-pinnasetihendajale-rp160-hpc\/\" \/>\n<meta property=\"og:site_name\" content=\"Ranoja\" \/>\n<meta property=\"article:publisher\" content=\"https:\/\/www.facebook.com\/ranoja.ee\" \/>\n<meta property=\"article:modified_time\" content=\"2025-11-25T14:31:53+00:00\" \/>\n<meta property=\"og:image\" content=\"https:\/\/ranoja.ee\/wp-content\/uploads\/2024\/01\/Kutusefilter-RP160-HPC-.png\" \/>\n\t<meta property=\"og:image:width\" content=\"612\" \/>\n\t<meta property=\"og:image:height\" content=\"502\" \/>\n\t<meta property=\"og:image:type\" content=\"image\/png\" \/>\n<meta name=\"twitter:card\" content=\"summary_large_image\" \/>\n<meta name=\"twitter:label1\" content=\"Est. reading time\" \/>\n\t<meta name=\"twitter:data1\" content=\"3 minutes\" \/>\n<script type=\"application\/ld+json\" class=\"yoast-schema-graph\">{\"@context\":\"https:\\\/\\\/schema.org\",\"@graph\":[{\"@type\":\"WebPage\",\"@id\":\"https:\\\/\\\/ranoja.ee\\\/toode\\\/kutusefilter-pinnasetihendajale-rp160-hpc\\\/\",\"url\":\"https:\\\/\\\/ranoja.ee\\\/toode\\\/kutusefilter-pinnasetihendajale-rp160-hpc\\\/\",\"name\":\"K\u00fctusefilter pinnasetihendajale RP160 HPC\",\"isPartOf\":{\"@id\":\"https:\\\/\\\/ranoja.ee\\\/#website\"},\"primaryImageOfPage\":{\"@id\":\"https:\\\/\\\/ranoja.ee\\\/toode\\\/kutusefilter-pinnasetihendajale-rp160-hpc\\\/#primaryimage\"},\"image\":{\"@id\":\"https:\\\/\\\/ranoja.ee\\\/toode\\\/kutusefilter-pinnasetihendajale-rp160-hpc\\\/#primaryimage\"},\"thumbnailUrl\":\"https:\\\/\\\/ranoja.ee\\\/wp-content\\\/uploads\\\/2024\\\/01\\\/Kutusefilter-RP160-HPC-.png\",\"datePublished\":\"2024-01-17T12:00:24+00:00\",\"dateModified\":\"2025-11-25T14:31:53+00:00\",\"description\":\"Loncin bensiinimootoriga pinasetihendaja 160kg hooldustarvik. K\u00fctusefilter pinnasetihendajale RP160 HPC varuosad, hooldus, remont.\",\"breadcrumb\":{\"@id\":\"https:\\\/\\\/ranoja.ee\\\/toode\\\/kutusefilter-pinnasetihendajale-rp160-hpc\\\/#breadcrumb\"},\"inLanguage\":\"en-US\",\"potentialAction\":[{\"@type\":\"ReadAction\",\"target\":[\"https:\\\/\\\/ranoja.ee\\\/toode\\\/kutusefilter-pinnasetihendajale-rp160-hpc\\\/\"]}]},{\"@type\":\"ImageObject\",\"inLanguage\":\"en-US\",\"@id\":\"https:\\\/\\\/ranoja.ee\\\/toode\\\/kutusefilter-pinnasetihendajale-rp160-hpc\\\/#primaryimage\",\"url\":\"https:\\\/\\\/ranoja.ee\\\/wp-content\\\/uploads\\\/2024\\\/01\\\/Kutusefilter-RP160-HPC-.png\",\"contentUrl\":\"https:\\\/\\\/ranoja.ee\\\/wp-content\\\/uploads\\\/2024\\\/01\\\/Kutusefilter-RP160-HPC-.png\",\"width\":612,\"height\":502,\"caption\":\"K\u00fctusefilter pinnasetihendajale RP160 HPC\"},{\"@type\":\"BreadcrumbList\",\"@id\":\"https:\\\/\\\/ranoja.ee\\\/toode\\\/kutusefilter-pinnasetihendajale-rp160-hpc\\\/#breadcrumb\",\"itemListElement\":[{\"@type\":\"ListItem\",\"position\":1,\"name\":\"Home\",\"item\":\"https:\\\/\\\/ranoja.ee\\\/\"},{\"@type\":\"ListItem\",\"position\":2,\"name\":\"Shop\",\"item\":\"https:\\\/\\\/ranoja.ee\\\/en\\\/shop\\\/\"},{\"@type\":\"ListItem\",\"position\":3,\"name\":\"K\u00fctusefilter pinnasetihendajale RP160 HPC\"}]},{\"@type\":\"WebSite\",\"@id\":\"https:\\\/\\\/ranoja.ee\\\/#website\",\"url\":\"https:\\\/\\\/ranoja.ee\\\/\",\"name\":\"Ranoja\",\"description\":\"Equipment Shop WooCommerce WordPress Theme for Machine &amp; Tools\",\"publisher\":{\"@id\":\"https:\\\/\\\/ranoja.ee\\\/#organization\"},\"potentialAction\":[{\"@type\":\"SearchAction\",\"target\":{\"@type\":\"EntryPoint\",\"urlTemplate\":\"https:\\\/\\\/ranoja.ee\\\/?s={search_term_string}\"},\"query-input\":{\"@type\":\"PropertyValueSpecification\",\"valueRequired\":true,\"valueName\":\"search_term_string\"}}],\"inLanguage\":\"en-US\"},{\"@type\":\"Organization\",\"@id\":\"https:\\\/\\\/ranoja.ee\\\/#organization\",\"name\":\"Ranoja O\u00dc\",\"url\":\"https:\\\/\\\/ranoja.ee\\\/\",\"logo\":{\"@type\":\"ImageObject\",\"inLanguage\":\"en-US\",\"@id\":\"https:\\\/\\\/ranoja.ee\\\/#\\\/schema\\\/logo\\\/image\\\/\",\"url\":\"https:\\\/\\\/ranoja.ee\\\/wp-content\\\/uploads\\\/2023\\\/11\\\/ranoja-Logo.png\",\"contentUrl\":\"https:\\\/\\\/ranoja.ee\\\/wp-content\\\/uploads\\\/2023\\\/11\\\/ranoja-Logo.png\",\"width\":207,\"height\":58,\"caption\":\"Ranoja O\u00dc\"},\"image\":{\"@id\":\"https:\\\/\\\/ranoja.ee\\\/#\\\/schema\\\/logo\\\/image\\\/\"},\"sameAs\":[\"https:\\\/\\\/www.facebook.com\\\/ranoja.ee\",\"https:\\\/\\\/www.instagram.com\\\/ranoja__\\\/\"]}]}<\/script>\n<!-- \/ Yoast SEO plugin. -->","yoast_head_json":{"title":"K\u00fctusefilter pinnasetihendajale RP160 HPC","description":"Loncin bensiinimootoriga pinasetihendaja 160kg hooldustarvik. K\u00fctusefilter pinnasetihendajale RP160 HPC varuosad, hooldus, remont.","robots":{"index":"index","follow":"follow","max-snippet":"max-snippet:-1","max-image-preview":"max-image-preview:large","max-video-preview":"max-video-preview:-1"},"canonical":"https:\/\/ranoja.ee\/toode\/kutusefilter-pinnasetihendajale-rp160-hpc\/","og_locale":"en_US","og_type":"article","og_title":"K\u00fctusefilter pinnasetihendajale RP160 HPC","og_description":"Loncin bensiinimootoriga pinasetihendaja 160kg hooldustarvik. K\u00fctusefilter pinnasetihendajale RP160 HPC varuosad, hooldus, remont.","og_url":"https:\/\/ranoja.ee\/toode\/kutusefilter-pinnasetihendajale-rp160-hpc\/","og_site_name":"Ranoja","article_publisher":"https:\/\/www.facebook.com\/ranoja.ee","article_modified_time":"2025-11-25T14:31:53+00:00","og_image":[{"width":612,"height":502,"url":"https:\/\/ranoja.ee\/wp-content\/uploads\/2024\/01\/Kutusefilter-RP160-HPC-.png","type":"image\/png"}],"twitter_card":"summary_large_image","twitter_misc":{"Est. reading time":"3 minutes"},"schema":{"@context":"https:\/\/schema.org","@graph":[{"@type":"WebPage","@id":"https:\/\/ranoja.ee\/toode\/kutusefilter-pinnasetihendajale-rp160-hpc\/","url":"https:\/\/ranoja.ee\/toode\/kutusefilter-pinnasetihendajale-rp160-hpc\/","name":"K\u00fctusefilter pinnasetihendajale RP160 HPC","isPartOf":{"@id":"https:\/\/ranoja.ee\/#website"},"primaryImageOfPage":{"@id":"https:\/\/ranoja.ee\/toode\/kutusefilter-pinnasetihendajale-rp160-hpc\/#primaryimage"},"image":{"@id":"https:\/\/ranoja.ee\/toode\/kutusefilter-pinnasetihendajale-rp160-hpc\/#primaryimage"},"thumbnailUrl":"https:\/\/ranoja.ee\/wp-content\/uploads\/2024\/01\/Kutusefilter-RP160-HPC-.png","datePublished":"2024-01-17T12:00:24+00:00","dateModified":"2025-11-25T14:31:53+00:00","description":"Loncin bensiinimootoriga pinasetihendaja 160kg hooldustarvik. K\u00fctusefilter pinnasetihendajale RP160 HPC varuosad, hooldus, remont.","breadcrumb":{"@id":"https:\/\/ranoja.ee\/toode\/kutusefilter-pinnasetihendajale-rp160-hpc\/#breadcrumb"},"inLanguage":"en-US","potentialAction":[{"@type":"ReadAction","target":["https:\/\/ranoja.ee\/toode\/kutusefilter-pinnasetihendajale-rp160-hpc\/"]}]},{"@type":"ImageObject","inLanguage":"en-US","@id":"https:\/\/ranoja.ee\/toode\/kutusefilter-pinnasetihendajale-rp160-hpc\/#primaryimage","url":"https:\/\/ranoja.ee\/wp-content\/uploads\/2024\/01\/Kutusefilter-RP160-HPC-.png","contentUrl":"https:\/\/ranoja.ee\/wp-content\/uploads\/2024\/01\/Kutusefilter-RP160-HPC-.png","width":612,"height":502,"caption":"K\u00fctusefilter pinnasetihendajale RP160 HPC"},{"@type":"BreadcrumbList","@id":"https:\/\/ranoja.ee\/toode\/kutusefilter-pinnasetihendajale-rp160-hpc\/#breadcrumb","itemListElement":[{"@type":"ListItem","position":1,"name":"Home","item":"https:\/\/ranoja.ee\/"},{"@type":"ListItem","position":2,"name":"Shop","item":"https:\/\/ranoja.ee\/en\/shop\/"},{"@type":"ListItem","position":3,"name":"K\u00fctusefilter pinnasetihendajale RP160 HPC"}]},{"@type":"WebSite","@id":"https:\/\/ranoja.ee\/#website","url":"https:\/\/ranoja.ee\/","name":"Ranoja","description":"Equipment Shop WooCommerce WordPress Theme for Machine &amp; Tools","publisher":{"@id":"https:\/\/ranoja.ee\/#organization"},"potentialAction":[{"@type":"SearchAction","target":{"@type":"EntryPoint","urlTemplate":"https:\/\/ranoja.ee\/?s={search_term_string}"},"query-input":{"@type":"PropertyValueSpecification","valueRequired":true,"valueName":"search_term_string"}}],"inLanguage":"en-US"},{"@type":"Organization","@id":"https:\/\/ranoja.ee\/#organization","name":"Ranoja O\u00dc","url":"https:\/\/ranoja.ee\/","logo":{"@type":"ImageObject","inLanguage":"en-US","@id":"https:\/\/ranoja.ee\/#\/schema\/logo\/image\/","url":"https:\/\/ranoja.ee\/wp-content\/uploads\/2023\/11\/ranoja-Logo.png","contentUrl":"https:\/\/ranoja.ee\/wp-content\/uploads\/2023\/11\/ranoja-Logo.png","width":207,"height":58,"caption":"Ranoja O\u00dc"},"image":{"@id":"https:\/\/ranoja.ee\/#\/schema\/logo\/image\/"},"sameAs":["https:\/\/www.facebook.com\/ranoja.ee","https:\/\/www.instagram.com\/ranoja__\/"]}]}},"_links":{"self":[{"href":"https:\/\/ranoja.ee\/en\/wp-json\/wp\/v2\/product\/7645","targetHints":{"allow":["GET"]}}],"collection":[{"href":"https:\/\/ranoja.ee\/en\/wp-json\/wp\/v2\/product"}],"about":[{"href":"https:\/\/ranoja.ee\/en\/wp-json\/wp\/v2\/types\/product"}],"wp:featuredmedia":[{"embeddable":true,"href":"https:\/\/ranoja.ee\/en\/wp-json\/wp\/v2\/media\/7646"}],"wp:attachment":[{"href":"https:\/\/ranoja.ee\/en\/wp-json\/wp\/v2\/media?parent=7645"}],"wp:term":[{"taxonomy":"product_cat","embeddable":true,"href":"https:\/\/ranoja.ee\/en\/wp-json\/wp\/v2\/product_cat?post=7645"},{"taxonomy":"product_tag","embeddable":true,"href":"https:\/\/ranoja.ee\/en\/wp-json\/wp\/v2\/product_tag?post=7645"}],"curies":[{"name":"wp","href":"https:\/\/api.w.org\/{rel}","templated":true}]}}