{"id":7632,"date":"2024-01-17T12:29:29","date_gmt":"2024-01-17T09:29:29","guid":{"rendered":"https:\/\/www.ranoja.ee\/?post_type=product&#038;p=7632"},"modified":"2026-03-13T11:23:21","modified_gmt":"2026-03-13T08:23:21","slug":"ohufilter-pinnasetihendajale-rpi25n","status":"publish","type":"product","link":"https:\/\/ranoja.ee\/en\/toode\/ohufilter-pinnasetihendajale-rpi25n\/","title":{"rendered":"\u00d5hufilter pinnasetihendajale RPi25N"},"content":{"rendered":"<p>Kirjeldus:<br \/>\n\u00d5hufilter pinnasetihendajale RPi25N SL1821F on v\u00e4ikeste ehitusseadmete \u00f5hufilter, mis on spetsiaalselt v\u00e4lja t\u00f6\u00f6tatud tagamaks optimaalset j\u00f5udlust ja t\u00f6\u00f6kindlust ehitust\u00f6\u00f6del. See filter on loodud kaitseks ehitusseadmetes kasutatavatele tundlikele komponentidele, hoides neid puhtana tolmu, j\u00e4meda prahti ja muude saasteainete eest, mis v\u00f5ivad muidu p\u00f5hjustada kulumist ja rikkeid.<\/p>\n<p>SL1821F filtri k\u00f5rge efektiivsusega mitmekihiline struktuur suudab t\u00f5husalt peatada suurema osa ehituskeskkonnas leiduvatest osakestest, aidates seel\u00e4bi v\u00e4hendada seadmete kulumist ja pikendada nende kasutusiga. See filtri mudel on kavandatud vastu pidama ebasoodsatele t\u00f6\u00f6tingimustele, olles vastupidav vibratsioonile, niiskusele ja muudele ehituskeskkonna v\u00e4ljakutsetele.<\/p>\n<p>\u00d5hufilter pinnasetihendajale RPi25N SL1821F paigaldamine on lihtne ja see sobib erinevatele v\u00e4ikestele ehitusseadmetele, n\u00e4iteks suru\u00f5hukompressoritele, generaatoritele, pinnasetihendajatele ja muudele sarnastele seadmetele. Filtri regulaarne vahetamine on oluline osa hooldusrutiinist, tagades seel\u00e4bi seadmete sujuva toimimise ja minimeerides ootamatuid seisakuid.<\/p>\n<p>See \u00f5hufilter on usaldusv\u00e4\u00e4rne partner ehitust\u00f6\u00f6del, pakkudes kaitset ja j\u00f5udlust ka k\u00f5ige n\u00f5udlikumates tingimustes. SL1821F aitab s\u00e4ilitada seadmete efektiivsust ning v\u00e4hendada hooldus- ja remondikulusid, muutes selle oluliseks lisandiks iga ehitusmeeskonna varustuses.<\/p>\n<p>Lumag on tuntud ja usaldusv\u00e4\u00e4rne br\u00e4nd, mis on spetsialiseerunud kvaliteetsete ehitustehnika tarvikute ja seadmete tootmisele. Br\u00e4ndi nimi on saanud tuntuks oma tipptasemel toodete, innovatsiooni ja vastutustundliku \u00e4ritegevuse poolest.<\/p>\n<p>Lumagi tootevalik h\u00f5lmab mitmesuguseid ehitusseadmeid ja tarvikuid, alates k\u00f5rgkvaliteedilistest rasketest masinatest kuni kompaktsete t\u00f6\u00f6riistadeni. Br\u00e4ndi toodete disain on t\u00e4nap\u00e4evane, praktiline ja vastupidav, vastates professionaalsete ehitajate ja kodukasutajate k\u00f5rgeimatele standarditele.<\/p>\n<p>Ettev\u00f5te on tuntud oma tehnoloogilise innovatsiooni poolest, p\u00fc\u00fcdes pidevalt uuendada ja parandada oma tooteid vastavalt turu n\u00f5udmistele. Lumagi insenerid ja disainerid keskenduvad mitte ainult t\u00f5hususele ja vastupidavusele, vaid ka keskkonnas\u00f5bralike lahenduste leidmisele, et v\u00e4hendada \u00f6koloogilist jalaj\u00e4lge.<\/p>\n<p>Lumag on p\u00fchendunud ka klientide rahulolu tagamisele, pakkudes tipptasemel teenindust ja usaldusv\u00e4\u00e4rset tuge. Nende klientideks on nii suured ehitusettev\u00f5tted kui ka v\u00e4iksemad kohalikud ettev\u00f5tted ning kodukasutajad, kes hindavad vastupidavust ja j\u00f5udlust.<br \/>\n<img decoding=\"async\" src=\"https:\/\/www.ranoja.ee\/wp-content\/uploads\/2023\/07\/LUMAG_Germany_logo_black-300x105.png\" alt=\"\" width=\"300\" height=\"105\" class=\"alignnone size-medium wp-image-5899\" srcset=\"https:\/\/ranoja.ee\/wp-content\/uploads\/2023\/07\/LUMAG_Germany_logo_black-300x105.png 300w, https:\/\/ranoja.ee\/wp-content\/uploads\/2023\/07\/LUMAG_Germany_logo_black-768x270.png 768w, https:\/\/ranoja.ee\/wp-content\/uploads\/2023\/07\/LUMAG_Germany_logo_black-850x299.png 850w, https:\/\/ranoja.ee\/wp-content\/uploads\/2023\/07\/LUMAG_Germany_logo_black-800x281.png 800w, https:\/\/ranoja.ee\/wp-content\/uploads\/2023\/07\/LUMAG_Germany_logo_black.png 852w\" sizes=\"(max-width: 300px) 100vw, 300px\" \/><\/p>\n","protected":false},"excerpt":{"rendered":"<p>\u00d5hufilter RPi25N<br \/>\nSobib seadmetele pinnasetihendaja RPi25N<br \/>\nTootekood: SL1821F<br \/>\n<strong><span style=\"color: #339966;\">ANTUD TOOTEGA SAAB TUTVUDA MEIE PAIDE ESINDUSES KOHAPEAL!<\/span><\/strong><\/p>\n","protected":false},"featured_media":7633,"template":"","meta":{"inline_featured_image":false},"product_cat":[1125,1123],"product_tag":[1212,4792,134,1217,328,1221,1226],"class_list":{"0":"post-7632","1":"product","2":"type-product","3":"status-publish","4":"has-post-thumbnail","6":"product_brand-lumag","7":"product_cat-filtrid","8":"product_cat-varuosad","9":"product_tag-filter","10":"product_tag-filtrid","11":"product_tag-lumag","12":"product_tag-ohufilter","13":"product_tag-rpi25n","14":"product_tag-varuosad","15":"product_tag-varuosad-ehitustehnikale","17":"first","18":"instock","19":"sale","20":"taxable","21":"shipping-taxable","22":"purchasable","23":"product-type-simple"},"yoast_head":"<!-- This site is optimized with the Yoast SEO plugin v27.4 - https:\/\/yoast.com\/product\/yoast-seo-wordpress\/ -->\n<title>\u00d5hufilter pinnasetihendajale RPi25N<\/title>\n<meta name=\"description\" content=\"\u00d5hufilter pinnasetihendajale RPi25N lumag pinnasetihendajate seeria varusa. Ehitusthenika hooldus, remont ja varuosad Lumag maatihendaja\" \/>\n<meta name=\"robots\" content=\"index, follow, max-snippet:-1, max-image-preview:large, max-video-preview:-1\" \/>\n<link rel=\"canonical\" href=\"https:\/\/ranoja.ee\/toode\/ohufilter-pinnasetihendajale-rpi25n\/\" \/>\n<meta property=\"og:locale\" content=\"en_US\" \/>\n<meta property=\"og:type\" content=\"article\" \/>\n<meta property=\"og:title\" content=\"\u00d5hufilter pinnasetihendajale RPi25N\" \/>\n<meta property=\"og:description\" content=\"\u00d5hufilter pinnasetihendajale RPi25N lumag pinnasetihendajate seeria varusa. Ehitusthenika hooldus, remont ja varuosad Lumag maatihendaja\" \/>\n<meta property=\"og:url\" content=\"https:\/\/ranoja.ee\/toode\/ohufilter-pinnasetihendajale-rpi25n\/\" \/>\n<meta property=\"og:site_name\" content=\"Ranoja\" \/>\n<meta property=\"article:publisher\" content=\"https:\/\/www.facebook.com\/ranoja.ee\" \/>\n<meta property=\"article:modified_time\" content=\"2026-03-13T08:23:21+00:00\" \/>\n<meta property=\"og:image\" content=\"https:\/\/ranoja.ee\/wp-content\/uploads\/2024\/01\/Ohufilter-RPi25N-.png\" \/>\n\t<meta property=\"og:image:width\" content=\"642\" \/>\n\t<meta property=\"og:image:height\" content=\"621\" \/>\n\t<meta property=\"og:image:type\" content=\"image\/png\" \/>\n<meta name=\"twitter:card\" content=\"summary_large_image\" \/>\n<meta name=\"twitter:label1\" content=\"Est. reading time\" \/>\n\t<meta name=\"twitter:data1\" content=\"1 minute\" \/>\n<script type=\"application\/ld+json\" class=\"yoast-schema-graph\">{\"@context\":\"https:\\\/\\\/schema.org\",\"@graph\":[{\"@type\":\"WebPage\",\"@id\":\"https:\\\/\\\/ranoja.ee\\\/toode\\\/ohufilter-pinnasetihendajale-rpi25n\\\/\",\"url\":\"https:\\\/\\\/ranoja.ee\\\/toode\\\/ohufilter-pinnasetihendajale-rpi25n\\\/\",\"name\":\"\u00d5hufilter pinnasetihendajale RPi25N\",\"isPartOf\":{\"@id\":\"https:\\\/\\\/ranoja.ee\\\/#website\"},\"primaryImageOfPage\":{\"@id\":\"https:\\\/\\\/ranoja.ee\\\/toode\\\/ohufilter-pinnasetihendajale-rpi25n\\\/#primaryimage\"},\"image\":{\"@id\":\"https:\\\/\\\/ranoja.ee\\\/toode\\\/ohufilter-pinnasetihendajale-rpi25n\\\/#primaryimage\"},\"thumbnailUrl\":\"https:\\\/\\\/ranoja.ee\\\/wp-content\\\/uploads\\\/2024\\\/01\\\/Ohufilter-RPi25N-.png\",\"datePublished\":\"2024-01-17T09:29:29+00:00\",\"dateModified\":\"2026-03-13T08:23:21+00:00\",\"description\":\"\u00d5hufilter pinnasetihendajale RPi25N lumag pinnasetihendajate seeria varusa. Ehitusthenika hooldus, remont ja varuosad Lumag maatihendaja\",\"breadcrumb\":{\"@id\":\"https:\\\/\\\/ranoja.ee\\\/toode\\\/ohufilter-pinnasetihendajale-rpi25n\\\/#breadcrumb\"},\"inLanguage\":\"en-US\",\"potentialAction\":[{\"@type\":\"ReadAction\",\"target\":[\"https:\\\/\\\/ranoja.ee\\\/toode\\\/ohufilter-pinnasetihendajale-rpi25n\\\/\"]}]},{\"@type\":\"ImageObject\",\"inLanguage\":\"en-US\",\"@id\":\"https:\\\/\\\/ranoja.ee\\\/toode\\\/ohufilter-pinnasetihendajale-rpi25n\\\/#primaryimage\",\"url\":\"https:\\\/\\\/ranoja.ee\\\/wp-content\\\/uploads\\\/2024\\\/01\\\/Ohufilter-RPi25N-.png\",\"contentUrl\":\"https:\\\/\\\/ranoja.ee\\\/wp-content\\\/uploads\\\/2024\\\/01\\\/Ohufilter-RPi25N-.png\",\"width\":642,\"height\":621,\"caption\":\"\u00d5hufilter pinnasetihendajale RPi25N\"},{\"@type\":\"BreadcrumbList\",\"@id\":\"https:\\\/\\\/ranoja.ee\\\/toode\\\/ohufilter-pinnasetihendajale-rpi25n\\\/#breadcrumb\",\"itemListElement\":[{\"@type\":\"ListItem\",\"position\":1,\"name\":\"Home\",\"item\":\"https:\\\/\\\/ranoja.ee\\\/\"},{\"@type\":\"ListItem\",\"position\":2,\"name\":\"Shop\",\"item\":\"https:\\\/\\\/ranoja.ee\\\/en\\\/shop\\\/\"},{\"@type\":\"ListItem\",\"position\":3,\"name\":\"\u00d5hufilter pinnasetihendajale RPi25N\"}]},{\"@type\":\"WebSite\",\"@id\":\"https:\\\/\\\/ranoja.ee\\\/#website\",\"url\":\"https:\\\/\\\/ranoja.ee\\\/\",\"name\":\"Ranoja\",\"description\":\"Equipment Shop WooCommerce WordPress Theme for Machine &amp; Tools\",\"publisher\":{\"@id\":\"https:\\\/\\\/ranoja.ee\\\/#organization\"},\"potentialAction\":[{\"@type\":\"SearchAction\",\"target\":{\"@type\":\"EntryPoint\",\"urlTemplate\":\"https:\\\/\\\/ranoja.ee\\\/?s={search_term_string}\"},\"query-input\":{\"@type\":\"PropertyValueSpecification\",\"valueRequired\":true,\"valueName\":\"search_term_string\"}}],\"inLanguage\":\"en-US\"},{\"@type\":\"Organization\",\"@id\":\"https:\\\/\\\/ranoja.ee\\\/#organization\",\"name\":\"Ranoja O\u00dc\",\"url\":\"https:\\\/\\\/ranoja.ee\\\/\",\"logo\":{\"@type\":\"ImageObject\",\"inLanguage\":\"en-US\",\"@id\":\"https:\\\/\\\/ranoja.ee\\\/#\\\/schema\\\/logo\\\/image\\\/\",\"url\":\"https:\\\/\\\/ranoja.ee\\\/wp-content\\\/uploads\\\/2023\\\/11\\\/ranoja-Logo.png\",\"contentUrl\":\"https:\\\/\\\/ranoja.ee\\\/wp-content\\\/uploads\\\/2023\\\/11\\\/ranoja-Logo.png\",\"width\":207,\"height\":58,\"caption\":\"Ranoja O\u00dc\"},\"image\":{\"@id\":\"https:\\\/\\\/ranoja.ee\\\/#\\\/schema\\\/logo\\\/image\\\/\"},\"sameAs\":[\"https:\\\/\\\/www.facebook.com\\\/ranoja.ee\",\"https:\\\/\\\/www.instagram.com\\\/ranoja__\\\/\"]}]}<\/script>\n<!-- \/ Yoast SEO plugin. -->","yoast_head_json":{"title":"\u00d5hufilter pinnasetihendajale RPi25N","description":"\u00d5hufilter pinnasetihendajale RPi25N lumag pinnasetihendajate seeria varusa. Ehitusthenika hooldus, remont ja varuosad Lumag maatihendaja","robots":{"index":"index","follow":"follow","max-snippet":"max-snippet:-1","max-image-preview":"max-image-preview:large","max-video-preview":"max-video-preview:-1"},"canonical":"https:\/\/ranoja.ee\/toode\/ohufilter-pinnasetihendajale-rpi25n\/","og_locale":"en_US","og_type":"article","og_title":"\u00d5hufilter pinnasetihendajale RPi25N","og_description":"\u00d5hufilter pinnasetihendajale RPi25N lumag pinnasetihendajate seeria varusa. Ehitusthenika hooldus, remont ja varuosad Lumag maatihendaja","og_url":"https:\/\/ranoja.ee\/toode\/ohufilter-pinnasetihendajale-rpi25n\/","og_site_name":"Ranoja","article_publisher":"https:\/\/www.facebook.com\/ranoja.ee","article_modified_time":"2026-03-13T08:23:21+00:00","og_image":[{"width":642,"height":621,"url":"https:\/\/ranoja.ee\/wp-content\/uploads\/2024\/01\/Ohufilter-RPi25N-.png","type":"image\/png"}],"twitter_card":"summary_large_image","twitter_misc":{"Est. reading time":"1 minute"},"schema":{"@context":"https:\/\/schema.org","@graph":[{"@type":"WebPage","@id":"https:\/\/ranoja.ee\/toode\/ohufilter-pinnasetihendajale-rpi25n\/","url":"https:\/\/ranoja.ee\/toode\/ohufilter-pinnasetihendajale-rpi25n\/","name":"\u00d5hufilter pinnasetihendajale RPi25N","isPartOf":{"@id":"https:\/\/ranoja.ee\/#website"},"primaryImageOfPage":{"@id":"https:\/\/ranoja.ee\/toode\/ohufilter-pinnasetihendajale-rpi25n\/#primaryimage"},"image":{"@id":"https:\/\/ranoja.ee\/toode\/ohufilter-pinnasetihendajale-rpi25n\/#primaryimage"},"thumbnailUrl":"https:\/\/ranoja.ee\/wp-content\/uploads\/2024\/01\/Ohufilter-RPi25N-.png","datePublished":"2024-01-17T09:29:29+00:00","dateModified":"2026-03-13T08:23:21+00:00","description":"\u00d5hufilter pinnasetihendajale RPi25N lumag pinnasetihendajate seeria varusa. Ehitusthenika hooldus, remont ja varuosad Lumag maatihendaja","breadcrumb":{"@id":"https:\/\/ranoja.ee\/toode\/ohufilter-pinnasetihendajale-rpi25n\/#breadcrumb"},"inLanguage":"en-US","potentialAction":[{"@type":"ReadAction","target":["https:\/\/ranoja.ee\/toode\/ohufilter-pinnasetihendajale-rpi25n\/"]}]},{"@type":"ImageObject","inLanguage":"en-US","@id":"https:\/\/ranoja.ee\/toode\/ohufilter-pinnasetihendajale-rpi25n\/#primaryimage","url":"https:\/\/ranoja.ee\/wp-content\/uploads\/2024\/01\/Ohufilter-RPi25N-.png","contentUrl":"https:\/\/ranoja.ee\/wp-content\/uploads\/2024\/01\/Ohufilter-RPi25N-.png","width":642,"height":621,"caption":"\u00d5hufilter pinnasetihendajale RPi25N"},{"@type":"BreadcrumbList","@id":"https:\/\/ranoja.ee\/toode\/ohufilter-pinnasetihendajale-rpi25n\/#breadcrumb","itemListElement":[{"@type":"ListItem","position":1,"name":"Home","item":"https:\/\/ranoja.ee\/"},{"@type":"ListItem","position":2,"name":"Shop","item":"https:\/\/ranoja.ee\/en\/shop\/"},{"@type":"ListItem","position":3,"name":"\u00d5hufilter pinnasetihendajale RPi25N"}]},{"@type":"WebSite","@id":"https:\/\/ranoja.ee\/#website","url":"https:\/\/ranoja.ee\/","name":"Ranoja","description":"Equipment Shop WooCommerce WordPress Theme for Machine &amp; Tools","publisher":{"@id":"https:\/\/ranoja.ee\/#organization"},"potentialAction":[{"@type":"SearchAction","target":{"@type":"EntryPoint","urlTemplate":"https:\/\/ranoja.ee\/?s={search_term_string}"},"query-input":{"@type":"PropertyValueSpecification","valueRequired":true,"valueName":"search_term_string"}}],"inLanguage":"en-US"},{"@type":"Organization","@id":"https:\/\/ranoja.ee\/#organization","name":"Ranoja O\u00dc","url":"https:\/\/ranoja.ee\/","logo":{"@type":"ImageObject","inLanguage":"en-US","@id":"https:\/\/ranoja.ee\/#\/schema\/logo\/image\/","url":"https:\/\/ranoja.ee\/wp-content\/uploads\/2023\/11\/ranoja-Logo.png","contentUrl":"https:\/\/ranoja.ee\/wp-content\/uploads\/2023\/11\/ranoja-Logo.png","width":207,"height":58,"caption":"Ranoja O\u00dc"},"image":{"@id":"https:\/\/ranoja.ee\/#\/schema\/logo\/image\/"},"sameAs":["https:\/\/www.facebook.com\/ranoja.ee","https:\/\/www.instagram.com\/ranoja__\/"]}]}},"_links":{"self":[{"href":"https:\/\/ranoja.ee\/en\/wp-json\/wp\/v2\/product\/7632","targetHints":{"allow":["GET"]}}],"collection":[{"href":"https:\/\/ranoja.ee\/en\/wp-json\/wp\/v2\/product"}],"about":[{"href":"https:\/\/ranoja.ee\/en\/wp-json\/wp\/v2\/types\/product"}],"wp:featuredmedia":[{"embeddable":true,"href":"https:\/\/ranoja.ee\/en\/wp-json\/wp\/v2\/media\/7633"}],"wp:attachment":[{"href":"https:\/\/ranoja.ee\/en\/wp-json\/wp\/v2\/media?parent=7632"}],"wp:term":[{"taxonomy":"product_cat","embeddable":true,"href":"https:\/\/ranoja.ee\/en\/wp-json\/wp\/v2\/product_cat?post=7632"},{"taxonomy":"product_tag","embeddable":true,"href":"https:\/\/ranoja.ee\/en\/wp-json\/wp\/v2\/product_tag?post=7632"}],"curies":[{"name":"wp","href":"https:\/\/api.w.org\/{rel}","templated":true}]}}