{"id":7576,"date":"2024-01-15T18:16:07","date_gmt":"2024-01-15T15:16:07","guid":{"rendered":"https:\/\/www.ranoja.ee\/?post_type=product&#038;p=7576"},"modified":"2026-03-13T11:19:07","modified_gmt":"2026-03-13T08:19:07","slug":"hudrofilter-f-b-n-sobib-seadmele-minidumper-vh500","status":"publish","type":"product","link":"https:\/\/ranoja.ee\/en\/toode\/hudrofilter-f-b-n-sobib-seadmele-minidumper-vh500\/","title":{"rendered":"H\u00fcdrofilter F\/B\/N"},"content":{"rendered":"<p>FXR.A3M30C h\u00fcdro\u00f5lifilter on tipptasemel seade, mille eesm\u00e4rk on tagada h\u00fcdrauliliste s\u00fcsteemide sujuv toimimine, kaitstes neid kahjulike osakeste ja saasteainete eest. Selle seadme disain on kombineeritud kvaliteetsete materjalide ja t\u00e4pse tehnoloogiaga, et tagada maksimaalne efektiivsus ja vastupidavus.<\/p>\n<p>H\u00fcdro\u00f5lifiltrid on h\u00e4davajalikud insenerilahendused, mis parandavad masinate j\u00f5udlust ja pikendavad nende eluiga. FXR.A3M30C filter suudab efektiivselt eemaldada mikroskoopilised osakesed, setted ja muud lisandid h\u00fcdraulilistest \u00f5lidest, mis v\u00f5ivad kahjustada seadmeid ja p\u00f5hjustada s\u00fcsteemih\u00e4ireid.<\/p>\n<p>Selle h\u00fcdro\u00f5lifiltri kasutamine on mitmek\u00fclgne, leides rakendust alates t\u00f6\u00f6stuslikest seadmetest kuni ehitusmasinate ja muude h\u00fcdraulikas\u00fcsteemidega varustatud masinateni. FXR.A3M30C filtri k\u00f5rge l\u00e4bilaskev\u00f5ime ja t\u00f5husus aitavad s\u00e4ilitada optimaalse \u00f5li puhtuse, tagades seel\u00e4bi s\u00fcsteemi sujuva t\u00f6\u00f6 ja v\u00e4hendades hoolduskulusid.<\/p>\n<p>Oluline on mainida selle h\u00fcdro\u00f5lifiltri kasutusmugavust. See on kompaktne, kergesti paigaldatav ja hooldatav, pakkudes kasutajale mugavust ja aja kokkuhoidu. Automaatne puhastuss\u00fcsteem suurendab filtri eluiga ja v\u00e4hendab vajadust regulaarse hoolduse j\u00e4rele.<\/p>\n<p>FXR.A3M30C h\u00fcdro\u00f5lifilter on t\u00f5hus ja \u00f6konoomne lahendus, mis mitte ainult ei kaitse h\u00fcdraulikas\u00fcsteeme, vaid aitab kaasa ka nende optimaalsele toimimisele. See seade on suurep\u00e4rane valik inseneridele, kes otsivad usaldusv\u00e4\u00e4rset ja vastupidavat filtrilahendust oma h\u00fcdraulikas\u00fcsteemidele.<\/p>\n","protected":false},"excerpt":{"rendered":"<p>H\u00fcdrofilter F\/B\/N<br \/>\nSobib seadmele Minidumper VH500<br \/>\nH\u00fcdrofilter<br \/>\n<strong><span style=\"color: #339966;\">ANTUD TOOTEGA SAAB TUTVUDA MEIE PAIDE ESINDUSES KOHAPEAL!<\/span><\/strong><\/p>\n","protected":false},"featured_media":7579,"template":"","meta":{"inline_featured_image":false},"product_cat":[1125,1123],"product_tag":[1212,4792,1213,1211,134,1214,1217,1221,1215,1216],"class_list":{"0":"post-7576","1":"product","2":"type-product","3":"status-publish","4":"has-post-thumbnail","6":"product_cat-filtrid","7":"product_cat-varuosad","8":"product_tag-filter","9":"product_tag-filtrid","10":"product_tag-hudraulika","11":"product_tag-hudrofilter","12":"product_tag-lumag","13":"product_tag-minidumper-vh500","14":"product_tag-ohufilter","15":"product_tag-varuosad","16":"product_tag-vh500","17":"product_tag-vh500-hudrofilter","19":"first","20":"instock","21":"sale","22":"taxable","23":"shipping-taxable","24":"purchasable","25":"product-type-simple"},"yoast_head":"<!-- This site is optimized with the Yoast SEO plugin v27.4 - https:\/\/yoast.com\/product\/yoast-seo-wordpress\/ -->\n<title>hudrofilter-f-b-n Sobib seadmele Minidumper VH500<\/title>\n<meta name=\"description\" content=\"FXR.A3M30C mille eesm\u00e4rk on tagada h\u00fcdrauliliste s\u00fcsteemide sujuv toimimine, kaitstes neid kahjulike osakeste ja saasteainete eest.\" \/>\n<meta name=\"robots\" content=\"index, follow, max-snippet:-1, max-image-preview:large, max-video-preview:-1\" \/>\n<link rel=\"canonical\" href=\"https:\/\/ranoja.ee\/toode\/hudrofilter-f-b-n-sobib-seadmele-minidumper-vh500\/\" \/>\n<meta property=\"og:locale\" content=\"en_US\" \/>\n<meta property=\"og:type\" content=\"article\" \/>\n<meta property=\"og:title\" content=\"hudrofilter-f-b-n Sobib seadmele Minidumper VH500\" \/>\n<meta property=\"og:description\" content=\"FXR.A3M30C mille eesm\u00e4rk on tagada h\u00fcdrauliliste s\u00fcsteemide sujuv toimimine, kaitstes neid kahjulike osakeste ja saasteainete eest.\" \/>\n<meta property=\"og:url\" content=\"https:\/\/ranoja.ee\/toode\/hudrofilter-f-b-n-sobib-seadmele-minidumper-vh500\/\" \/>\n<meta property=\"og:site_name\" content=\"Ranoja\" \/>\n<meta property=\"article:publisher\" content=\"https:\/\/www.facebook.com\/ranoja.ee\" \/>\n<meta property=\"article:modified_time\" content=\"2026-03-13T08:19:07+00:00\" \/>\n<meta property=\"og:image\" content=\"https:\/\/ranoja.ee\/wp-content\/uploads\/2024\/01\/Hudrofilter-MD500.png\" \/>\n\t<meta property=\"og:image:width\" content=\"662\" \/>\n\t<meta property=\"og:image:height\" content=\"472\" \/>\n\t<meta property=\"og:image:type\" content=\"image\/png\" \/>\n<meta name=\"twitter:card\" content=\"summary_large_image\" \/>\n<meta name=\"twitter:label1\" content=\"Est. reading time\" \/>\n\t<meta name=\"twitter:data1\" content=\"1 minute\" \/>\n<script type=\"application\/ld+json\" class=\"yoast-schema-graph\">{\"@context\":\"https:\\\/\\\/schema.org\",\"@graph\":[{\"@type\":\"WebPage\",\"@id\":\"https:\\\/\\\/ranoja.ee\\\/toode\\\/hudrofilter-f-b-n-sobib-seadmele-minidumper-vh500\\\/\",\"url\":\"https:\\\/\\\/ranoja.ee\\\/toode\\\/hudrofilter-f-b-n-sobib-seadmele-minidumper-vh500\\\/\",\"name\":\"hudrofilter-f-b-n Sobib seadmele Minidumper VH500\",\"isPartOf\":{\"@id\":\"https:\\\/\\\/ranoja.ee\\\/#website\"},\"primaryImageOfPage\":{\"@id\":\"https:\\\/\\\/ranoja.ee\\\/toode\\\/hudrofilter-f-b-n-sobib-seadmele-minidumper-vh500\\\/#primaryimage\"},\"image\":{\"@id\":\"https:\\\/\\\/ranoja.ee\\\/toode\\\/hudrofilter-f-b-n-sobib-seadmele-minidumper-vh500\\\/#primaryimage\"},\"thumbnailUrl\":\"https:\\\/\\\/ranoja.ee\\\/wp-content\\\/uploads\\\/2024\\\/01\\\/Hudrofilter-MD500.png\",\"datePublished\":\"2024-01-15T15:16:07+00:00\",\"dateModified\":\"2026-03-13T08:19:07+00:00\",\"description\":\"FXR.A3M30C mille eesm\u00e4rk on tagada h\u00fcdrauliliste s\u00fcsteemide sujuv toimimine, kaitstes neid kahjulike osakeste ja saasteainete eest.\",\"breadcrumb\":{\"@id\":\"https:\\\/\\\/ranoja.ee\\\/toode\\\/hudrofilter-f-b-n-sobib-seadmele-minidumper-vh500\\\/#breadcrumb\"},\"inLanguage\":\"en-US\",\"potentialAction\":[{\"@type\":\"ReadAction\",\"target\":[\"https:\\\/\\\/ranoja.ee\\\/toode\\\/hudrofilter-f-b-n-sobib-seadmele-minidumper-vh500\\\/\"]}]},{\"@type\":\"ImageObject\",\"inLanguage\":\"en-US\",\"@id\":\"https:\\\/\\\/ranoja.ee\\\/toode\\\/hudrofilter-f-b-n-sobib-seadmele-minidumper-vh500\\\/#primaryimage\",\"url\":\"https:\\\/\\\/ranoja.ee\\\/wp-content\\\/uploads\\\/2024\\\/01\\\/Hudrofilter-MD500.png\",\"contentUrl\":\"https:\\\/\\\/ranoja.ee\\\/wp-content\\\/uploads\\\/2024\\\/01\\\/Hudrofilter-MD500.png\",\"width\":662,\"height\":472},{\"@type\":\"BreadcrumbList\",\"@id\":\"https:\\\/\\\/ranoja.ee\\\/toode\\\/hudrofilter-f-b-n-sobib-seadmele-minidumper-vh500\\\/#breadcrumb\",\"itemListElement\":[{\"@type\":\"ListItem\",\"position\":1,\"name\":\"Home\",\"item\":\"https:\\\/\\\/ranoja.ee\\\/\"},{\"@type\":\"ListItem\",\"position\":2,\"name\":\"Shop\",\"item\":\"https:\\\/\\\/ranoja.ee\\\/en\\\/shop\\\/\"},{\"@type\":\"ListItem\",\"position\":3,\"name\":\"H\u00fcdrofilter F\\\/B\\\/N\"}]},{\"@type\":\"WebSite\",\"@id\":\"https:\\\/\\\/ranoja.ee\\\/#website\",\"url\":\"https:\\\/\\\/ranoja.ee\\\/\",\"name\":\"Ranoja\",\"description\":\"Equipment Shop WooCommerce WordPress Theme for Machine &amp; Tools\",\"publisher\":{\"@id\":\"https:\\\/\\\/ranoja.ee\\\/#organization\"},\"potentialAction\":[{\"@type\":\"SearchAction\",\"target\":{\"@type\":\"EntryPoint\",\"urlTemplate\":\"https:\\\/\\\/ranoja.ee\\\/?s={search_term_string}\"},\"query-input\":{\"@type\":\"PropertyValueSpecification\",\"valueRequired\":true,\"valueName\":\"search_term_string\"}}],\"inLanguage\":\"en-US\"},{\"@type\":\"Organization\",\"@id\":\"https:\\\/\\\/ranoja.ee\\\/#organization\",\"name\":\"Ranoja O\u00dc\",\"url\":\"https:\\\/\\\/ranoja.ee\\\/\",\"logo\":{\"@type\":\"ImageObject\",\"inLanguage\":\"en-US\",\"@id\":\"https:\\\/\\\/ranoja.ee\\\/#\\\/schema\\\/logo\\\/image\\\/\",\"url\":\"https:\\\/\\\/ranoja.ee\\\/wp-content\\\/uploads\\\/2023\\\/11\\\/ranoja-Logo.png\",\"contentUrl\":\"https:\\\/\\\/ranoja.ee\\\/wp-content\\\/uploads\\\/2023\\\/11\\\/ranoja-Logo.png\",\"width\":207,\"height\":58,\"caption\":\"Ranoja O\u00dc\"},\"image\":{\"@id\":\"https:\\\/\\\/ranoja.ee\\\/#\\\/schema\\\/logo\\\/image\\\/\"},\"sameAs\":[\"https:\\\/\\\/www.facebook.com\\\/ranoja.ee\",\"https:\\\/\\\/www.instagram.com\\\/ranoja__\\\/\"]}]}<\/script>\n<!-- \/ Yoast SEO plugin. -->","yoast_head_json":{"title":"hudrofilter-f-b-n Sobib seadmele Minidumper VH500","description":"FXR.A3M30C mille eesm\u00e4rk on tagada h\u00fcdrauliliste s\u00fcsteemide sujuv toimimine, kaitstes neid kahjulike osakeste ja saasteainete eest.","robots":{"index":"index","follow":"follow","max-snippet":"max-snippet:-1","max-image-preview":"max-image-preview:large","max-video-preview":"max-video-preview:-1"},"canonical":"https:\/\/ranoja.ee\/toode\/hudrofilter-f-b-n-sobib-seadmele-minidumper-vh500\/","og_locale":"en_US","og_type":"article","og_title":"hudrofilter-f-b-n Sobib seadmele Minidumper VH500","og_description":"FXR.A3M30C mille eesm\u00e4rk on tagada h\u00fcdrauliliste s\u00fcsteemide sujuv toimimine, kaitstes neid kahjulike osakeste ja saasteainete eest.","og_url":"https:\/\/ranoja.ee\/toode\/hudrofilter-f-b-n-sobib-seadmele-minidumper-vh500\/","og_site_name":"Ranoja","article_publisher":"https:\/\/www.facebook.com\/ranoja.ee","article_modified_time":"2026-03-13T08:19:07+00:00","og_image":[{"width":662,"height":472,"url":"https:\/\/ranoja.ee\/wp-content\/uploads\/2024\/01\/Hudrofilter-MD500.png","type":"image\/png"}],"twitter_card":"summary_large_image","twitter_misc":{"Est. reading time":"1 minute"},"schema":{"@context":"https:\/\/schema.org","@graph":[{"@type":"WebPage","@id":"https:\/\/ranoja.ee\/toode\/hudrofilter-f-b-n-sobib-seadmele-minidumper-vh500\/","url":"https:\/\/ranoja.ee\/toode\/hudrofilter-f-b-n-sobib-seadmele-minidumper-vh500\/","name":"hudrofilter-f-b-n Sobib seadmele Minidumper VH500","isPartOf":{"@id":"https:\/\/ranoja.ee\/#website"},"primaryImageOfPage":{"@id":"https:\/\/ranoja.ee\/toode\/hudrofilter-f-b-n-sobib-seadmele-minidumper-vh500\/#primaryimage"},"image":{"@id":"https:\/\/ranoja.ee\/toode\/hudrofilter-f-b-n-sobib-seadmele-minidumper-vh500\/#primaryimage"},"thumbnailUrl":"https:\/\/ranoja.ee\/wp-content\/uploads\/2024\/01\/Hudrofilter-MD500.png","datePublished":"2024-01-15T15:16:07+00:00","dateModified":"2026-03-13T08:19:07+00:00","description":"FXR.A3M30C mille eesm\u00e4rk on tagada h\u00fcdrauliliste s\u00fcsteemide sujuv toimimine, kaitstes neid kahjulike osakeste ja saasteainete eest.","breadcrumb":{"@id":"https:\/\/ranoja.ee\/toode\/hudrofilter-f-b-n-sobib-seadmele-minidumper-vh500\/#breadcrumb"},"inLanguage":"en-US","potentialAction":[{"@type":"ReadAction","target":["https:\/\/ranoja.ee\/toode\/hudrofilter-f-b-n-sobib-seadmele-minidumper-vh500\/"]}]},{"@type":"ImageObject","inLanguage":"en-US","@id":"https:\/\/ranoja.ee\/toode\/hudrofilter-f-b-n-sobib-seadmele-minidumper-vh500\/#primaryimage","url":"https:\/\/ranoja.ee\/wp-content\/uploads\/2024\/01\/Hudrofilter-MD500.png","contentUrl":"https:\/\/ranoja.ee\/wp-content\/uploads\/2024\/01\/Hudrofilter-MD500.png","width":662,"height":472},{"@type":"BreadcrumbList","@id":"https:\/\/ranoja.ee\/toode\/hudrofilter-f-b-n-sobib-seadmele-minidumper-vh500\/#breadcrumb","itemListElement":[{"@type":"ListItem","position":1,"name":"Home","item":"https:\/\/ranoja.ee\/"},{"@type":"ListItem","position":2,"name":"Shop","item":"https:\/\/ranoja.ee\/en\/shop\/"},{"@type":"ListItem","position":3,"name":"H\u00fcdrofilter F\/B\/N"}]},{"@type":"WebSite","@id":"https:\/\/ranoja.ee\/#website","url":"https:\/\/ranoja.ee\/","name":"Ranoja","description":"Equipment Shop WooCommerce WordPress Theme for Machine &amp; Tools","publisher":{"@id":"https:\/\/ranoja.ee\/#organization"},"potentialAction":[{"@type":"SearchAction","target":{"@type":"EntryPoint","urlTemplate":"https:\/\/ranoja.ee\/?s={search_term_string}"},"query-input":{"@type":"PropertyValueSpecification","valueRequired":true,"valueName":"search_term_string"}}],"inLanguage":"en-US"},{"@type":"Organization","@id":"https:\/\/ranoja.ee\/#organization","name":"Ranoja O\u00dc","url":"https:\/\/ranoja.ee\/","logo":{"@type":"ImageObject","inLanguage":"en-US","@id":"https:\/\/ranoja.ee\/#\/schema\/logo\/image\/","url":"https:\/\/ranoja.ee\/wp-content\/uploads\/2023\/11\/ranoja-Logo.png","contentUrl":"https:\/\/ranoja.ee\/wp-content\/uploads\/2023\/11\/ranoja-Logo.png","width":207,"height":58,"caption":"Ranoja O\u00dc"},"image":{"@id":"https:\/\/ranoja.ee\/#\/schema\/logo\/image\/"},"sameAs":["https:\/\/www.facebook.com\/ranoja.ee","https:\/\/www.instagram.com\/ranoja__\/"]}]}},"_links":{"self":[{"href":"https:\/\/ranoja.ee\/en\/wp-json\/wp\/v2\/product\/7576","targetHints":{"allow":["GET"]}}],"collection":[{"href":"https:\/\/ranoja.ee\/en\/wp-json\/wp\/v2\/product"}],"about":[{"href":"https:\/\/ranoja.ee\/en\/wp-json\/wp\/v2\/types\/product"}],"wp:featuredmedia":[{"embeddable":true,"href":"https:\/\/ranoja.ee\/en\/wp-json\/wp\/v2\/media\/7579"}],"wp:attachment":[{"href":"https:\/\/ranoja.ee\/en\/wp-json\/wp\/v2\/media?parent=7576"}],"wp:term":[{"taxonomy":"product_cat","embeddable":true,"href":"https:\/\/ranoja.ee\/en\/wp-json\/wp\/v2\/product_cat?post=7576"},{"taxonomy":"product_tag","embeddable":true,"href":"https:\/\/ranoja.ee\/en\/wp-json\/wp\/v2\/product_tag?post=7576"}],"curies":[{"name":"wp","href":"https:\/\/api.w.org\/{rel}","templated":true}]}}