{"id":7522,"date":"2023-12-21T16:48:26","date_gmt":"2023-12-21T13:48:26","guid":{"rendered":"https:\/\/www.ranoja.ee\/?post_type=product&#038;p=7522"},"modified":"2026-04-14T11:59:27","modified_gmt":"2026-04-14T08:59:27","slug":"cedrus-generaator-ceddg8-5e-3f-diisel","status":"publish","type":"product","link":"https:\/\/ranoja.ee\/en\/toode\/cedrus-generaator-ceddg8-5e-3f-diisel\/","title":{"rendered":"Cedrus Generaator  CEDDG8.5E-3F Diisel 8,5kw"},"content":{"rendered":"<p>Cedrus Generaator  CEDDG8.5E-3F Diisel 8,5kw on kodumajapidamises eriti kasulik varustus, kuna tagab elektrikatkestuste ajal pideva energiavarustuse. Eestis v\u00f5ib katkestusi p\u00f5hjustada n\u00e4iteks \u00e4ikesetorm, tugev lumesadu v\u00f5i tehnilised probleemid elektriv\u00f5rgus, mis v\u00f5ivad kestma j\u00e4\u00e4da tundideks v\u00f5i isegi p\u00e4evadeks. Generaatori olemasolu hoiab t\u00f6\u00f6s olulised seadmed nagu k\u00fclmkapp, s\u00fcgavk\u00fclmik, k\u00fctteseadmed ja valgustus. See on elut\u00e4htis toidu s\u00e4ilitamiseks ja mugavuse tagamiseks, eriti talvisel ajal, kui k\u00fcttepuudumine v\u00f5ib kiiresti kodu k\u00fclmaks muuta. Lisaks on generaator kasulik ka kaugemates piirkondades, kus elektrikatkestused on sagedasemad v\u00f5i ligip\u00e4\u00e4s elektriv\u00f5rgule piiratud.<\/p>\n<p>Mugavamad ja uuemad generaatorid on vaiksed ja kergesti kasutatavad ning k\u00e4ivituvad automaatselt, kui vool katkeb. See v\u00e4hendab muret ja vajadust pidevalt kodus viibida, kui elektrikatkestuse oht on k\u00f5rge. Samuti pakuvad m\u00f5ned generaatorid USB ja muude seadmete laadimisv\u00f5imalust, mis on mugav nutiseadmete jaoks. L\u00fchidalt \u00f6eldes lisab generaator kodumajapidamisse nii turvalisust kui ka meelerahu, tagades eluks vajalikud funktsioonid ja aitades v\u00e4ltida ootamatuid kulutusi, mis v\u00f5ivad kaasneda voolukatkestustega seotud rikete v\u00f5i kahjustustega.Cedrus Generaator  CEDDG8.5E-3F Diisel 8,5kw <\/p>\n<p>CEDRUS on \u00fcks suurimaid aiandusmasinate, t\u00f6\u00f6riistade ning metsandus tarvikute edasim\u00fc\u00fcjaid Poolas.<br \/>\nMeie eesm\u00e4rk on pakkuda klientidele k\u00f5rgeima kvaliteediga tooteid konkurentsiv\u00f5imeliste hindadega.<br \/>\nAlates 2016. aastast oleme arendanud ka oma kaubam\u00e4rgi all olevat tootesarja Cedrus.<br \/>\nHetkel pakume enam kui 100 t\u00fc\u00fcpi CEDRUS kaubam\u00e4rgi aia- ja ehitusmasinaid, samuti k\u00f5iki hooldustarvikuid ja varuosi.<br \/>\n<img decoding=\"async\" src=\"https:\/\/www.ranoja.ee\/wp-content\/uploads\/2023\/07\/cedrus-logo-vaike-1-300x99.png\" alt=\"\" width=\"300\" height=\"99\" class=\"alignnone size-medium wp-image-5896\" srcset=\"https:\/\/ranoja.ee\/wp-content\/uploads\/2023\/07\/cedrus-logo-vaike-1-300x99.png 300w, https:\/\/ranoja.ee\/wp-content\/uploads\/2023\/07\/cedrus-logo-vaike-1.png 431w\" sizes=\"(max-width: 300px) 100vw, 300px\" \/><\/p>\n","protected":false},"excerpt":{"rendered":"<p>Cedrus Generaator  CEDDG8.5E-3F Diesel AVR (silent\/vaikne)<br \/>\nDiiselmootor (euro v) KD1100F 1 silindriga 667 cm3<br \/>\nV\u00e4ljundid  1x230V 1x400V 50Hz<br \/>\nV\u00f5imsus nominaal 8000w\/Max 8500kw<br \/>\nMax (3F) 8.5 kW<br \/>\nNorm (3F) 8.0kW<br \/>\nMax (1F) 7.7 kW<br \/>\nNorm (1F) 7.2 kW<br \/>\n\u00dclekoormus kaitse<br \/>\n\u00d5hkjahutusega<br \/>\nK\u00fctusekulu: 1.37L\/tunnis 1\/2 koormusel; 2,75L\/tunnis max koormusel<br \/>\nEl.starter<br \/>\nAVR<br \/>\nK\u00fctusepaak 26L<br \/>\nM\u00f5\u00f5tmed(P\/L\/K) 1140*735*880<br \/>\nKaal 210 kg<br \/>\nOsta juurde: <a href=\"https:\/\/ranoja.ee\/toode\/cedrus-ats-dg1-ats-generaatori-umberluliti\/\">Cedrus ATS-DG1 ATS generaatori \u00fcmberl\u00fcliti<\/a><br \/>\n<strong>Seadme eeldatav tarneaeg 1-7 t\u00f6\u00f6p\u00e4eva<\/strong> <\/p>\n","protected":false},"featured_media":14017,"template":"","meta":{"inline_featured_image":false},"product_cat":[1090,102],"product_tag":[1204,137,442,373,421,1200,1201],"class_list":{"0":"post-7522","1":"product","2":"type-product","3":"status-publish","4":"has-post-thumbnail","6":"product_brand-cedrus","7":"product_cat-ehitustehnika","8":"product_cat-generaatorid-ja-inverterid","9":"product_tag-ceddg8-5e-3f","10":"product_tag-cedrus","11":"product_tag-diiselgeneraator","12":"product_tag-diiselmootor","13":"product_tag-generaator","14":"product_tag-voolujaam","15":"product_tag-voolukatkestused","17":"first","18":"instock","19":"taxable","20":"shipping-taxable","21":"purchasable","22":"product-type-simple"},"yoast_head":"<!-- This site is optimized with the Yoast SEO plugin v27.4 - https:\/\/yoast.com\/product\/yoast-seo-wordpress\/ -->\n<title>Cedrus Generaator CEDDG8.5E-3F Diisel 8,5kw<\/title>\n<meta name=\"description\" content=\"Cedrus Generaator CEDDG8.5E-3F Diisel 8,5kw AVR, Diiselmootor (euro v) KD1100F 1 silindriga 667 cm3, k\u00fctusepaak 26l, V\u00f5imalik juurde lisada ATS.\" \/>\n<meta name=\"robots\" content=\"index, follow, max-snippet:-1, max-image-preview:large, max-video-preview:-1\" \/>\n<link rel=\"canonical\" href=\"https:\/\/ranoja.ee\/toode\/cedrus-generaator-ceddg8-5e-3f-diisel\/\" \/>\n<meta property=\"og:locale\" content=\"en_US\" \/>\n<meta property=\"og:type\" content=\"article\" \/>\n<meta property=\"og:title\" content=\"Cedrus Generaator CEDDG8.5E-3F Diisel 8,5kw\" \/>\n<meta property=\"og:description\" content=\"Cedrus Generaator CEDDG8.5E-3F Diisel 8,5kw AVR, Diiselmootor (euro v) KD1100F 1 silindriga 667 cm3, k\u00fctusepaak 26l, V\u00f5imalik juurde lisada ATS.\" \/>\n<meta property=\"og:url\" content=\"https:\/\/ranoja.ee\/toode\/cedrus-generaator-ceddg8-5e-3f-diisel\/\" \/>\n<meta property=\"og:site_name\" content=\"Ranoja\" \/>\n<meta property=\"article:publisher\" content=\"https:\/\/www.facebook.com\/ranoja.ee\" \/>\n<meta property=\"article:modified_time\" content=\"2026-04-14T08:59:27+00:00\" \/>\n<meta property=\"og:image\" content=\"https:\/\/ranoja.ee\/wp-content\/uploads\/2023\/12\/Cedrus-Generaator-CEDDG8.5E-3F-Diisel-85kw.jpg\" \/>\n\t<meta property=\"og:image:width\" content=\"800\" \/>\n\t<meta property=\"og:image:height\" content=\"606\" \/>\n\t<meta property=\"og:image:type\" content=\"image\/jpeg\" \/>\n<meta name=\"twitter:card\" content=\"summary_large_image\" \/>\n<meta name=\"twitter:label1\" content=\"Est. reading time\" \/>\n\t<meta name=\"twitter:data1\" content=\"2 minutes\" \/>\n<script type=\"application\/ld+json\" class=\"yoast-schema-graph\">{\"@context\":\"https:\\\/\\\/schema.org\",\"@graph\":[{\"@type\":\"WebPage\",\"@id\":\"https:\\\/\\\/ranoja.ee\\\/toode\\\/cedrus-generaator-ceddg8-5e-3f-diisel\\\/\",\"url\":\"https:\\\/\\\/ranoja.ee\\\/toode\\\/cedrus-generaator-ceddg8-5e-3f-diisel\\\/\",\"name\":\"Cedrus Generaator CEDDG8.5E-3F Diisel 8,5kw\",\"isPartOf\":{\"@id\":\"https:\\\/\\\/ranoja.ee\\\/#website\"},\"primaryImageOfPage\":{\"@id\":\"https:\\\/\\\/ranoja.ee\\\/toode\\\/cedrus-generaator-ceddg8-5e-3f-diisel\\\/#primaryimage\"},\"image\":{\"@id\":\"https:\\\/\\\/ranoja.ee\\\/toode\\\/cedrus-generaator-ceddg8-5e-3f-diisel\\\/#primaryimage\"},\"thumbnailUrl\":\"https:\\\/\\\/ranoja.ee\\\/wp-content\\\/uploads\\\/2023\\\/12\\\/Cedrus-Generaator-CEDDG8.5E-3F-Diisel-85kw.jpg\",\"datePublished\":\"2023-12-21T13:48:26+00:00\",\"dateModified\":\"2026-04-14T08:59:27+00:00\",\"description\":\"Cedrus Generaator CEDDG8.5E-3F Diisel 8,5kw AVR, Diiselmootor (euro v) KD1100F 1 silindriga 667 cm3, k\u00fctusepaak 26l, V\u00f5imalik juurde lisada ATS.\",\"breadcrumb\":{\"@id\":\"https:\\\/\\\/ranoja.ee\\\/toode\\\/cedrus-generaator-ceddg8-5e-3f-diisel\\\/#breadcrumb\"},\"inLanguage\":\"en-US\",\"potentialAction\":[{\"@type\":\"ReadAction\",\"target\":[\"https:\\\/\\\/ranoja.ee\\\/toode\\\/cedrus-generaator-ceddg8-5e-3f-diisel\\\/\"]}]},{\"@type\":\"ImageObject\",\"inLanguage\":\"en-US\",\"@id\":\"https:\\\/\\\/ranoja.ee\\\/toode\\\/cedrus-generaator-ceddg8-5e-3f-diisel\\\/#primaryimage\",\"url\":\"https:\\\/\\\/ranoja.ee\\\/wp-content\\\/uploads\\\/2023\\\/12\\\/Cedrus-Generaator-CEDDG8.5E-3F-Diisel-85kw.jpg\",\"contentUrl\":\"https:\\\/\\\/ranoja.ee\\\/wp-content\\\/uploads\\\/2023\\\/12\\\/Cedrus-Generaator-CEDDG8.5E-3F-Diisel-85kw.jpg\",\"width\":800,\"height\":606,\"caption\":\"Cedrus Generaator CEDDG8.5E-3F Diisel 8,5kw\"},{\"@type\":\"BreadcrumbList\",\"@id\":\"https:\\\/\\\/ranoja.ee\\\/toode\\\/cedrus-generaator-ceddg8-5e-3f-diisel\\\/#breadcrumb\",\"itemListElement\":[{\"@type\":\"ListItem\",\"position\":1,\"name\":\"Home\",\"item\":\"https:\\\/\\\/ranoja.ee\\\/\"},{\"@type\":\"ListItem\",\"position\":2,\"name\":\"Shop\",\"item\":\"https:\\\/\\\/ranoja.ee\\\/en\\\/shop\\\/\"},{\"@type\":\"ListItem\",\"position\":3,\"name\":\"Cedrus Generaator CEDDG8.5E-3F Diisel 8,5kw\"}]},{\"@type\":\"WebSite\",\"@id\":\"https:\\\/\\\/ranoja.ee\\\/#website\",\"url\":\"https:\\\/\\\/ranoja.ee\\\/\",\"name\":\"Ranoja\",\"description\":\"Equipment Shop WooCommerce WordPress Theme for Machine &amp; Tools\",\"publisher\":{\"@id\":\"https:\\\/\\\/ranoja.ee\\\/#organization\"},\"potentialAction\":[{\"@type\":\"SearchAction\",\"target\":{\"@type\":\"EntryPoint\",\"urlTemplate\":\"https:\\\/\\\/ranoja.ee\\\/?s={search_term_string}\"},\"query-input\":{\"@type\":\"PropertyValueSpecification\",\"valueRequired\":true,\"valueName\":\"search_term_string\"}}],\"inLanguage\":\"en-US\"},{\"@type\":\"Organization\",\"@id\":\"https:\\\/\\\/ranoja.ee\\\/#organization\",\"name\":\"Ranoja O\u00dc\",\"url\":\"https:\\\/\\\/ranoja.ee\\\/\",\"logo\":{\"@type\":\"ImageObject\",\"inLanguage\":\"en-US\",\"@id\":\"https:\\\/\\\/ranoja.ee\\\/#\\\/schema\\\/logo\\\/image\\\/\",\"url\":\"https:\\\/\\\/ranoja.ee\\\/wp-content\\\/uploads\\\/2023\\\/11\\\/ranoja-Logo.png\",\"contentUrl\":\"https:\\\/\\\/ranoja.ee\\\/wp-content\\\/uploads\\\/2023\\\/11\\\/ranoja-Logo.png\",\"width\":207,\"height\":58,\"caption\":\"Ranoja O\u00dc\"},\"image\":{\"@id\":\"https:\\\/\\\/ranoja.ee\\\/#\\\/schema\\\/logo\\\/image\\\/\"},\"sameAs\":[\"https:\\\/\\\/www.facebook.com\\\/ranoja.ee\",\"https:\\\/\\\/www.instagram.com\\\/ranoja__\\\/\"]}]}<\/script>\n<!-- \/ Yoast SEO plugin. -->","yoast_head_json":{"title":"Cedrus Generaator CEDDG8.5E-3F Diisel 8,5kw","description":"Cedrus Generaator CEDDG8.5E-3F Diisel 8,5kw AVR, Diiselmootor (euro v) KD1100F 1 silindriga 667 cm3, k\u00fctusepaak 26l, V\u00f5imalik juurde lisada ATS.","robots":{"index":"index","follow":"follow","max-snippet":"max-snippet:-1","max-image-preview":"max-image-preview:large","max-video-preview":"max-video-preview:-1"},"canonical":"https:\/\/ranoja.ee\/toode\/cedrus-generaator-ceddg8-5e-3f-diisel\/","og_locale":"en_US","og_type":"article","og_title":"Cedrus Generaator CEDDG8.5E-3F Diisel 8,5kw","og_description":"Cedrus Generaator CEDDG8.5E-3F Diisel 8,5kw AVR, Diiselmootor (euro v) KD1100F 1 silindriga 667 cm3, k\u00fctusepaak 26l, V\u00f5imalik juurde lisada ATS.","og_url":"https:\/\/ranoja.ee\/toode\/cedrus-generaator-ceddg8-5e-3f-diisel\/","og_site_name":"Ranoja","article_publisher":"https:\/\/www.facebook.com\/ranoja.ee","article_modified_time":"2026-04-14T08:59:27+00:00","og_image":[{"width":800,"height":606,"url":"https:\/\/ranoja.ee\/wp-content\/uploads\/2023\/12\/Cedrus-Generaator-CEDDG8.5E-3F-Diisel-85kw.jpg","type":"image\/jpeg"}],"twitter_card":"summary_large_image","twitter_misc":{"Est. reading time":"2 minutes"},"schema":{"@context":"https:\/\/schema.org","@graph":[{"@type":"WebPage","@id":"https:\/\/ranoja.ee\/toode\/cedrus-generaator-ceddg8-5e-3f-diisel\/","url":"https:\/\/ranoja.ee\/toode\/cedrus-generaator-ceddg8-5e-3f-diisel\/","name":"Cedrus Generaator CEDDG8.5E-3F Diisel 8,5kw","isPartOf":{"@id":"https:\/\/ranoja.ee\/#website"},"primaryImageOfPage":{"@id":"https:\/\/ranoja.ee\/toode\/cedrus-generaator-ceddg8-5e-3f-diisel\/#primaryimage"},"image":{"@id":"https:\/\/ranoja.ee\/toode\/cedrus-generaator-ceddg8-5e-3f-diisel\/#primaryimage"},"thumbnailUrl":"https:\/\/ranoja.ee\/wp-content\/uploads\/2023\/12\/Cedrus-Generaator-CEDDG8.5E-3F-Diisel-85kw.jpg","datePublished":"2023-12-21T13:48:26+00:00","dateModified":"2026-04-14T08:59:27+00:00","description":"Cedrus Generaator CEDDG8.5E-3F Diisel 8,5kw AVR, Diiselmootor (euro v) KD1100F 1 silindriga 667 cm3, k\u00fctusepaak 26l, V\u00f5imalik juurde lisada ATS.","breadcrumb":{"@id":"https:\/\/ranoja.ee\/toode\/cedrus-generaator-ceddg8-5e-3f-diisel\/#breadcrumb"},"inLanguage":"en-US","potentialAction":[{"@type":"ReadAction","target":["https:\/\/ranoja.ee\/toode\/cedrus-generaator-ceddg8-5e-3f-diisel\/"]}]},{"@type":"ImageObject","inLanguage":"en-US","@id":"https:\/\/ranoja.ee\/toode\/cedrus-generaator-ceddg8-5e-3f-diisel\/#primaryimage","url":"https:\/\/ranoja.ee\/wp-content\/uploads\/2023\/12\/Cedrus-Generaator-CEDDG8.5E-3F-Diisel-85kw.jpg","contentUrl":"https:\/\/ranoja.ee\/wp-content\/uploads\/2023\/12\/Cedrus-Generaator-CEDDG8.5E-3F-Diisel-85kw.jpg","width":800,"height":606,"caption":"Cedrus Generaator CEDDG8.5E-3F Diisel 8,5kw"},{"@type":"BreadcrumbList","@id":"https:\/\/ranoja.ee\/toode\/cedrus-generaator-ceddg8-5e-3f-diisel\/#breadcrumb","itemListElement":[{"@type":"ListItem","position":1,"name":"Home","item":"https:\/\/ranoja.ee\/"},{"@type":"ListItem","position":2,"name":"Shop","item":"https:\/\/ranoja.ee\/en\/shop\/"},{"@type":"ListItem","position":3,"name":"Cedrus Generaator CEDDG8.5E-3F Diisel 8,5kw"}]},{"@type":"WebSite","@id":"https:\/\/ranoja.ee\/#website","url":"https:\/\/ranoja.ee\/","name":"Ranoja","description":"Equipment Shop WooCommerce WordPress Theme for Machine &amp; Tools","publisher":{"@id":"https:\/\/ranoja.ee\/#organization"},"potentialAction":[{"@type":"SearchAction","target":{"@type":"EntryPoint","urlTemplate":"https:\/\/ranoja.ee\/?s={search_term_string}"},"query-input":{"@type":"PropertyValueSpecification","valueRequired":true,"valueName":"search_term_string"}}],"inLanguage":"en-US"},{"@type":"Organization","@id":"https:\/\/ranoja.ee\/#organization","name":"Ranoja O\u00dc","url":"https:\/\/ranoja.ee\/","logo":{"@type":"ImageObject","inLanguage":"en-US","@id":"https:\/\/ranoja.ee\/#\/schema\/logo\/image\/","url":"https:\/\/ranoja.ee\/wp-content\/uploads\/2023\/11\/ranoja-Logo.png","contentUrl":"https:\/\/ranoja.ee\/wp-content\/uploads\/2023\/11\/ranoja-Logo.png","width":207,"height":58,"caption":"Ranoja O\u00dc"},"image":{"@id":"https:\/\/ranoja.ee\/#\/schema\/logo\/image\/"},"sameAs":["https:\/\/www.facebook.com\/ranoja.ee","https:\/\/www.instagram.com\/ranoja__\/"]}]}},"_links":{"self":[{"href":"https:\/\/ranoja.ee\/en\/wp-json\/wp\/v2\/product\/7522","targetHints":{"allow":["GET"]}}],"collection":[{"href":"https:\/\/ranoja.ee\/en\/wp-json\/wp\/v2\/product"}],"about":[{"href":"https:\/\/ranoja.ee\/en\/wp-json\/wp\/v2\/types\/product"}],"wp:featuredmedia":[{"embeddable":true,"href":"https:\/\/ranoja.ee\/en\/wp-json\/wp\/v2\/media\/14017"}],"wp:attachment":[{"href":"https:\/\/ranoja.ee\/en\/wp-json\/wp\/v2\/media?parent=7522"}],"wp:term":[{"taxonomy":"product_cat","embeddable":true,"href":"https:\/\/ranoja.ee\/en\/wp-json\/wp\/v2\/product_cat?post=7522"},{"taxonomy":"product_tag","embeddable":true,"href":"https:\/\/ranoja.ee\/en\/wp-json\/wp\/v2\/product_tag?post=7522"}],"curies":[{"name":"wp","href":"https:\/\/api.w.org\/{rel}","templated":true}]}}