{"id":7317,"date":"2023-12-05T15:30:35","date_gmt":"2023-12-05T12:30:35","guid":{"rendered":"https:\/\/www.ranoja.ee\/?post_type=product&#038;p=7317"},"modified":"2025-12-10T13:20:24","modified_gmt":"2025-12-10T10:20:24","slug":"tooriistade-combo-perenaine","status":"publish","type":"product","link":"https:\/\/ranoja.ee\/en\/toode\/tooriistade-combo-perenaine\/","title":{"rendered":"T\u00f6\u00f6riistade COMBO &#8220;Perenaine&#8221;"},"content":{"rendered":"<p>T\u00f6\u00f6riistade COMBO &#8220;Perenaine&#8221;<br \/>\nAkutoitel aiat\u00f6\u00f6riistad on suurep\u00e4rane valik koduseks aiat\u00f6\u00f6ks, pakkudes mugavust, vaikset t\u00f6\u00f6d ja keskkonnas\u00f5bralikkust. Siin on m\u00f5ned levinumad akutoitel aiat\u00f6\u00f6riistad ning nende kasutamine koduses majapidamises:<\/p>\n<p>Murutrimmerid: Akutoitel murutrimmerid on ideaalsed t\u00f6\u00f6riistad muru servade l\u00f5ikamiseks, haljastuse \u00fcmber l\u00f5ikamiseks ja raskesti ligip\u00e4\u00e4setavate alade puhastamiseks. Need on tavaliselt kerged ja k\u00e4sitsetavad ning v\u00f5imaldavad t\u00e4pset ja efektiivset l\u00f5ikamist.<br \/>\nMuruniidukid: Akutoitel muruniidukid pakuvad mugavat alternatiivi traditsioonilistele bensiini- v\u00f5i elektrimuruniidukitele. Need on vaiksemad, keskkonnas\u00f5bralikumad ja v\u00e4hem hooldust vajavad. Akutoitel muruniidukid sobivad eriti h\u00e4sti v\u00e4iksematele murualadele.<br \/>\nHekitrimmerid: Akutoitel hekitrimmerid on suurep\u00e4rased vahendid hekkide ja p\u00f5\u00f5saste korrastamiseks. Need v\u00f5imaldavad t\u00e4pset ja kontrollitud l\u00f5ikamist ning on kasutajas\u00f5bralikud ja mugavad.<br \/>\nLehepuhurid: Nagu varem mainitud, akutoitel lehepuhurid pakuvad v\u00f5imalust lehtede ja prahi kiireks puhastamiseks aias ja \u00f5uealal. Need on vaiksed, mugavad ja v\u00e4hem keskkonnakahjulikud kui bensiinimootoriga puhurid.<br \/>\nOksal\u00f5ikurid: Akutoitel oksal\u00f5ikurid v\u00f5imaldavad l\u00f5igata oksi ja harusid aias ilma juhtmete v\u00f5i bensiini kasutamise vajaduseta. Need on kerged, k\u00e4sitsetavad ja sobivad erinevate suuruste ja t\u00fc\u00fcpide oksade l\u00f5ikamiseks.<br \/>\nOluline on meeles pidada, et enne uue akutoitel aiat\u00f6\u00f6riista ostmist tasub kaaluda oma konkreetseid vajadusi ja eelistusi ning uurida erinevate mudelite v\u00f5imalusi ja omadusi. Lisaks on oluline j\u00e4rgida tootja juhiseid ja hooldusn\u00f5udeid, et tagada t\u00f6\u00f6riista pikaajaline ja t\u00f5hus kasutamine.<br \/>\nT\u00f6\u00f6riistade COMBO &#8220;Perenaine&#8221;<\/p>\n<p>CEDRUS on \u00fcks suurimaid aiandusmasinate, t\u00f6\u00f6riistade ning metsandus tarvikute edasim\u00fc\u00fcjaid Poolas.<br \/>\nMeie eesm\u00e4rk on pakkuda klientidele k\u00f5rgeima kvaliteediga tooteid konkurentsiv\u00f5imeliste hindadega.<br \/>\nAlates 2016. aastast oleme arendanud ka oma kaubam\u00e4rgi all olevat tootesarja Cedrus.<br \/>\nHetkel pakume enam kui 100 t\u00fc\u00fcpi CEDRUS kaubam\u00e4rgi aia- ja ehitusmasinaid, samuti k\u00f5iki hooldustarvikuid ja varuosi.<br \/>\n<img decoding=\"async\" src=\"https:\/\/www.ranoja.ee\/wp-content\/uploads\/2023\/07\/cedrus-logo-vaike-1-300x99.png\" alt=\"\" width=\"300\" height=\"99\" class=\"alignnone size-medium wp-image-5896\" srcset=\"https:\/\/ranoja.ee\/wp-content\/uploads\/2023\/07\/cedrus-logo-vaike-1-300x99.png 300w, https:\/\/ranoja.ee\/wp-content\/uploads\/2023\/07\/cedrus-logo-vaike-1.png 431w\" sizes=\"(max-width: 300px) 100vw, 300px\" \/><\/p>\n","protected":false},"excerpt":{"rendered":"<p>T\u00f6\u00f6riistade COMBO &#8220;Perenaine&#8221; on sobilik igale endast lugupidavale perenaisele.<br \/>\nSuurep\u00e4rane valik erinevaid t\u00f6\u00f6riistu vaid 1 akuga t\u00f6\u00f6tamiseks!<\/p>\n<p>T\u00f6\u00f6riistade COMBO &#8220;Perenaine&#8221; sisaldab:<br \/>\n<a href=\"https:\/\/www.ranoja.ee\/toode\/akumurukaarid-3-in-1-cedgs100li-ilma-aku-laadijata\/\">Muruk\u00e4\u00e4rid 3 in 1<\/a><br \/>\n<a href=\"https:\/\/www.ranoja.ee\/toode\/akuoksakaarid-cedbp30li-ilma-aku-laadijata\/\">Mugavad oksak\u00e4\u00e4rid<\/a><br \/>\n<a href=\"https:\/\/www.ranoja.ee\/toode\/akutrimmer-cedst280li-ilma-aku-laadijata\/\">Akutrimmer<\/a><br \/>\n<a href=\"https:\/\/www.ranoja.ee\/toode\/akuliimipuss-cedcg3li-ilma-aku-laadijata\/\">Liimip\u00fcstol<\/a><br \/>\n<a href=\"https:\/\/www.ranoja.ee\/toode\/akutolmuimeja-cedvc5li-ilma-aku-laadijata\/\">K\u00e4sitolmuimeja<\/a><br \/>\n<a href=\"https:\/\/www.ranoja.ee\/toode\/cedli-ion-4ah-aku\/\">2 x 4Ah aku<\/a><br \/>\n<a href=\"https:\/\/www.ranoja.ee\/toode\/ceddch3-0-akulaadija\/\">Kahene laadija<\/a><br \/>\n<a href=\"https:\/\/www.ranoja.ee\/toode\/cedrus-tooriistakott-cedtb\/\">Cedrus t\u00f6\u00f6riistakott<\/a><\/p>\n<p><span style=\"color: #000000;\"><strong>Garantii 1 aasta (eraisikule 3 aastat)<\/strong><\/span><br \/>\n<strong><span style=\"color: #339966;\">Seadme eeldatav tarneaeg 3-4 t\u00f6\u00f6p\u00e4eva<\/span><\/strong><\/p>\n<p><span style=\"color: #000000;\"><strong>KASUTA SEDA T\u00d6\u00d6RIISTA OMA <span style=\"color: #339966;\">18V &#8211; MAKITA<\/span>, <span style=\"color: #339966;\">BOSCH<\/span> V\u00d5I <span style=\"color: #339966;\">DEWALT<\/span> AKUGA!<\/strong><\/span><\/p>\n<p><a href=\"https:\/\/www.ranoja.ee\/tootekategooria\/akutooriistad\/vaheadapterid\/\"><img decoding=\"async\" class=\"alignnone wp-image-8608\" src=\"https:\/\/www.ranoja.ee\/wp-content\/uploads\/2024\/04\/Vaheadapter-makita-tooriistadele-300x200.jpg\" alt=\"Vaheadapter cedrus akut\u00f6\u00f6riistadele CEDRAD C-M (Makita)\" width=\"200\" height=\"133\" srcset=\"https:\/\/ranoja.ee\/wp-content\/uploads\/2024\/04\/Vaheadapter-makita-tooriistadele-300x200.jpg 300w, https:\/\/ranoja.ee\/wp-content\/uploads\/2024\/04\/Vaheadapter-makita-tooriistadele-1024x683.jpg 1024w, https:\/\/ranoja.ee\/wp-content\/uploads\/2024\/04\/Vaheadapter-makita-tooriistadele-768x512.jpg 768w, https:\/\/ranoja.ee\/wp-content\/uploads\/2024\/04\/Vaheadapter-makita-tooriistadele-800x533.jpg 800w, https:\/\/ranoja.ee\/wp-content\/uploads\/2024\/04\/Vaheadapter-makita-tooriistadele.jpg 1200w\" sizes=\"(max-width: 200px) 100vw, 200px\" \/><\/a><br \/>\n<span style=\"color: #000000;\"><strong><a style=\"color: #000000;\" href=\"https:\/\/www.ranoja.ee\/tootekategooria\/akutooriistad\/vaheadapterid\/\">Leia endale <span style=\"color: #339966;\">sobiv vaheadapter siit\u2192<\/span><\/a><\/strong><\/span><\/p>\n<p><strong><a href=\"https:\/\/www.ranoja.ee\/tootekategooria\/akutooriistad\/akud-ja-laadijad\/\">T\u00f6\u00f6riistale sobivad <span style=\"color: #339966;\">Cedrus Power + akud ja laadijad leiad siit\u2192<\/span><\/a><\/strong><\/p>\n","protected":false},"featured_media":7318,"template":"","meta":{"inline_featured_image":false},"product_cat":[1094,1170],"product_tag":[198,244,275,202,250,194,261,312,281,1172,1173],"class_list":{"0":"post-7317","1":"product","2":"type-product","3":"status-publish","4":"has-post-thumbnail","6":"product_brand-cedrus","7":"product_cat-akutooriistad","8":"product_cat-akutooriistade-combo-komplektid","9":"product_tag-akutooriistad","10":"product_tag-cedbp30li","11":"product_tag-cedcg3li","12":"product_tag-ceddch3-0","13":"product_tag-cedgs100li","14":"product_tag-cedli-ion-4ah","15":"product_tag-cedst280li","16":"product_tag-cedtb","17":"product_tag-cedvc5li","18":"product_tag-combo-tooriistakomplekt","19":"product_tag-perenaise-combo","21":"first","22":"instock","23":"taxable","24":"shipping-taxable","25":"purchasable","26":"product-type-simple"},"yoast_head":"<!-- This site is optimized with the Yoast SEO plugin v27.4 - https:\/\/yoast.com\/product\/yoast-seo-wordpress\/ -->\n<title>T\u00f6\u00f6riistade COMBO &quot;Perenaine&quot;<\/title>\n<meta name=\"description\" content=\"T\u00f6\u00f6riistade COMBO &quot;Perenaine&quot; on sobilik igale vahvale persenaisele! Lisaks t\u00f6\u00f6tavad Cedrus akut\u00f6\u00f6riistad ka teiste tootjate akudega! UURI L\u00c4HEMALT SIIT!\" \/>\n<meta name=\"robots\" content=\"index, follow, max-snippet:-1, max-image-preview:large, max-video-preview:-1\" \/>\n<link rel=\"canonical\" href=\"https:\/\/ranoja.ee\/toode\/tooriistade-combo-perenaine\/\" \/>\n<meta property=\"og:locale\" content=\"en_US\" \/>\n<meta property=\"og:type\" content=\"article\" \/>\n<meta property=\"og:title\" content=\"T\u00f6\u00f6riistade COMBO &quot;Perenaine&quot;\" \/>\n<meta property=\"og:description\" content=\"T\u00f6\u00f6riistade COMBO &quot;Perenaine&quot; on sobilik igale vahvale persenaisele! Lisaks t\u00f6\u00f6tavad Cedrus akut\u00f6\u00f6riistad ka teiste tootjate akudega! UURI L\u00c4HEMALT SIIT!\" \/>\n<meta property=\"og:url\" content=\"https:\/\/ranoja.ee\/toode\/tooriistade-combo-perenaine\/\" \/>\n<meta property=\"og:site_name\" content=\"Ranoja\" \/>\n<meta property=\"article:publisher\" content=\"https:\/\/www.facebook.com\/ranoja.ee\" \/>\n<meta property=\"article:modified_time\" content=\"2025-12-10T10:20:24+00:00\" \/>\n<meta property=\"og:image\" content=\"https:\/\/ranoja.ee\/wp-content\/uploads\/2023\/12\/CEDRUS-COMBO-SET-PERENAINE.png\" \/>\n\t<meta property=\"og:image:width\" content=\"1920\" \/>\n\t<meta property=\"og:image:height\" content=\"1080\" \/>\n\t<meta property=\"og:image:type\" content=\"image\/png\" \/>\n<meta name=\"twitter:card\" content=\"summary_large_image\" \/>\n<meta name=\"twitter:label1\" content=\"Est. reading time\" \/>\n\t<meta name=\"twitter:data1\" content=\"1 minute\" \/>\n<script type=\"application\/ld+json\" class=\"yoast-schema-graph\">{\"@context\":\"https:\\\/\\\/schema.org\",\"@graph\":[{\"@type\":\"WebPage\",\"@id\":\"https:\\\/\\\/ranoja.ee\\\/toode\\\/tooriistade-combo-perenaine\\\/\",\"url\":\"https:\\\/\\\/ranoja.ee\\\/toode\\\/tooriistade-combo-perenaine\\\/\",\"name\":\"T\u00f6\u00f6riistade COMBO \\\"Perenaine\\\"\",\"isPartOf\":{\"@id\":\"https:\\\/\\\/ranoja.ee\\\/#website\"},\"primaryImageOfPage\":{\"@id\":\"https:\\\/\\\/ranoja.ee\\\/toode\\\/tooriistade-combo-perenaine\\\/#primaryimage\"},\"image\":{\"@id\":\"https:\\\/\\\/ranoja.ee\\\/toode\\\/tooriistade-combo-perenaine\\\/#primaryimage\"},\"thumbnailUrl\":\"https:\\\/\\\/ranoja.ee\\\/wp-content\\\/uploads\\\/2023\\\/12\\\/CEDRUS-COMBO-SET-PERENAINE.png\",\"datePublished\":\"2023-12-05T12:30:35+00:00\",\"dateModified\":\"2025-12-10T10:20:24+00:00\",\"description\":\"T\u00f6\u00f6riistade COMBO \\\"Perenaine\\\" on sobilik igale vahvale persenaisele! Lisaks t\u00f6\u00f6tavad Cedrus akut\u00f6\u00f6riistad ka teiste tootjate akudega! UURI L\u00c4HEMALT SIIT!\",\"breadcrumb\":{\"@id\":\"https:\\\/\\\/ranoja.ee\\\/toode\\\/tooriistade-combo-perenaine\\\/#breadcrumb\"},\"inLanguage\":\"en-US\",\"potentialAction\":[{\"@type\":\"ReadAction\",\"target\":[\"https:\\\/\\\/ranoja.ee\\\/toode\\\/tooriistade-combo-perenaine\\\/\"]}]},{\"@type\":\"ImageObject\",\"inLanguage\":\"en-US\",\"@id\":\"https:\\\/\\\/ranoja.ee\\\/toode\\\/tooriistade-combo-perenaine\\\/#primaryimage\",\"url\":\"https:\\\/\\\/ranoja.ee\\\/wp-content\\\/uploads\\\/2023\\\/12\\\/CEDRUS-COMBO-SET-PERENAINE.png\",\"contentUrl\":\"https:\\\/\\\/ranoja.ee\\\/wp-content\\\/uploads\\\/2023\\\/12\\\/CEDRUS-COMBO-SET-PERENAINE.png\",\"width\":1920,\"height\":1080,\"caption\":\"Lisaks t\u00f6\u00f6tavad Cedrus akut\u00f6\u00f6riistad ka teiste tootjate akudega! UURI L\u00c4HEMALT SIIT! akut\u00f6\u00f6ristade combo\"},{\"@type\":\"BreadcrumbList\",\"@id\":\"https:\\\/\\\/ranoja.ee\\\/toode\\\/tooriistade-combo-perenaine\\\/#breadcrumb\",\"itemListElement\":[{\"@type\":\"ListItem\",\"position\":1,\"name\":\"Home\",\"item\":\"https:\\\/\\\/ranoja.ee\\\/\"},{\"@type\":\"ListItem\",\"position\":2,\"name\":\"Shop\",\"item\":\"https:\\\/\\\/ranoja.ee\\\/en\\\/shop\\\/\"},{\"@type\":\"ListItem\",\"position\":3,\"name\":\"T\u00f6\u00f6riistade COMBO &#8220;Perenaine&#8221;\"}]},{\"@type\":\"WebSite\",\"@id\":\"https:\\\/\\\/ranoja.ee\\\/#website\",\"url\":\"https:\\\/\\\/ranoja.ee\\\/\",\"name\":\"Ranoja\",\"description\":\"Equipment Shop WooCommerce WordPress Theme for Machine &amp; Tools\",\"publisher\":{\"@id\":\"https:\\\/\\\/ranoja.ee\\\/#organization\"},\"potentialAction\":[{\"@type\":\"SearchAction\",\"target\":{\"@type\":\"EntryPoint\",\"urlTemplate\":\"https:\\\/\\\/ranoja.ee\\\/?s={search_term_string}\"},\"query-input\":{\"@type\":\"PropertyValueSpecification\",\"valueRequired\":true,\"valueName\":\"search_term_string\"}}],\"inLanguage\":\"en-US\"},{\"@type\":\"Organization\",\"@id\":\"https:\\\/\\\/ranoja.ee\\\/#organization\",\"name\":\"Ranoja O\u00dc\",\"url\":\"https:\\\/\\\/ranoja.ee\\\/\",\"logo\":{\"@type\":\"ImageObject\",\"inLanguage\":\"en-US\",\"@id\":\"https:\\\/\\\/ranoja.ee\\\/#\\\/schema\\\/logo\\\/image\\\/\",\"url\":\"https:\\\/\\\/ranoja.ee\\\/wp-content\\\/uploads\\\/2023\\\/11\\\/ranoja-Logo.png\",\"contentUrl\":\"https:\\\/\\\/ranoja.ee\\\/wp-content\\\/uploads\\\/2023\\\/11\\\/ranoja-Logo.png\",\"width\":207,\"height\":58,\"caption\":\"Ranoja O\u00dc\"},\"image\":{\"@id\":\"https:\\\/\\\/ranoja.ee\\\/#\\\/schema\\\/logo\\\/image\\\/\"},\"sameAs\":[\"https:\\\/\\\/www.facebook.com\\\/ranoja.ee\",\"https:\\\/\\\/www.instagram.com\\\/ranoja__\\\/\"]}]}<\/script>\n<!-- \/ Yoast SEO plugin. -->","yoast_head_json":{"title":"T\u00f6\u00f6riistade COMBO \"Perenaine\"","description":"T\u00f6\u00f6riistade COMBO \"Perenaine\" on sobilik igale vahvale persenaisele! Lisaks t\u00f6\u00f6tavad Cedrus akut\u00f6\u00f6riistad ka teiste tootjate akudega! UURI L\u00c4HEMALT SIIT!","robots":{"index":"index","follow":"follow","max-snippet":"max-snippet:-1","max-image-preview":"max-image-preview:large","max-video-preview":"max-video-preview:-1"},"canonical":"https:\/\/ranoja.ee\/toode\/tooriistade-combo-perenaine\/","og_locale":"en_US","og_type":"article","og_title":"T\u00f6\u00f6riistade COMBO \"Perenaine\"","og_description":"T\u00f6\u00f6riistade COMBO \"Perenaine\" on sobilik igale vahvale persenaisele! Lisaks t\u00f6\u00f6tavad Cedrus akut\u00f6\u00f6riistad ka teiste tootjate akudega! UURI L\u00c4HEMALT SIIT!","og_url":"https:\/\/ranoja.ee\/toode\/tooriistade-combo-perenaine\/","og_site_name":"Ranoja","article_publisher":"https:\/\/www.facebook.com\/ranoja.ee","article_modified_time":"2025-12-10T10:20:24+00:00","og_image":[{"width":1920,"height":1080,"url":"https:\/\/ranoja.ee\/wp-content\/uploads\/2023\/12\/CEDRUS-COMBO-SET-PERENAINE.png","type":"image\/png"}],"twitter_card":"summary_large_image","twitter_misc":{"Est. reading time":"1 minute"},"schema":{"@context":"https:\/\/schema.org","@graph":[{"@type":"WebPage","@id":"https:\/\/ranoja.ee\/toode\/tooriistade-combo-perenaine\/","url":"https:\/\/ranoja.ee\/toode\/tooriistade-combo-perenaine\/","name":"T\u00f6\u00f6riistade COMBO \"Perenaine\"","isPartOf":{"@id":"https:\/\/ranoja.ee\/#website"},"primaryImageOfPage":{"@id":"https:\/\/ranoja.ee\/toode\/tooriistade-combo-perenaine\/#primaryimage"},"image":{"@id":"https:\/\/ranoja.ee\/toode\/tooriistade-combo-perenaine\/#primaryimage"},"thumbnailUrl":"https:\/\/ranoja.ee\/wp-content\/uploads\/2023\/12\/CEDRUS-COMBO-SET-PERENAINE.png","datePublished":"2023-12-05T12:30:35+00:00","dateModified":"2025-12-10T10:20:24+00:00","description":"T\u00f6\u00f6riistade COMBO \"Perenaine\" on sobilik igale vahvale persenaisele! Lisaks t\u00f6\u00f6tavad Cedrus akut\u00f6\u00f6riistad ka teiste tootjate akudega! UURI L\u00c4HEMALT SIIT!","breadcrumb":{"@id":"https:\/\/ranoja.ee\/toode\/tooriistade-combo-perenaine\/#breadcrumb"},"inLanguage":"en-US","potentialAction":[{"@type":"ReadAction","target":["https:\/\/ranoja.ee\/toode\/tooriistade-combo-perenaine\/"]}]},{"@type":"ImageObject","inLanguage":"en-US","@id":"https:\/\/ranoja.ee\/toode\/tooriistade-combo-perenaine\/#primaryimage","url":"https:\/\/ranoja.ee\/wp-content\/uploads\/2023\/12\/CEDRUS-COMBO-SET-PERENAINE.png","contentUrl":"https:\/\/ranoja.ee\/wp-content\/uploads\/2023\/12\/CEDRUS-COMBO-SET-PERENAINE.png","width":1920,"height":1080,"caption":"Lisaks t\u00f6\u00f6tavad Cedrus akut\u00f6\u00f6riistad ka teiste tootjate akudega! UURI L\u00c4HEMALT SIIT! akut\u00f6\u00f6ristade combo"},{"@type":"BreadcrumbList","@id":"https:\/\/ranoja.ee\/toode\/tooriistade-combo-perenaine\/#breadcrumb","itemListElement":[{"@type":"ListItem","position":1,"name":"Home","item":"https:\/\/ranoja.ee\/"},{"@type":"ListItem","position":2,"name":"Shop","item":"https:\/\/ranoja.ee\/en\/shop\/"},{"@type":"ListItem","position":3,"name":"T\u00f6\u00f6riistade COMBO &#8220;Perenaine&#8221;"}]},{"@type":"WebSite","@id":"https:\/\/ranoja.ee\/#website","url":"https:\/\/ranoja.ee\/","name":"Ranoja","description":"Equipment Shop WooCommerce WordPress Theme for Machine &amp; Tools","publisher":{"@id":"https:\/\/ranoja.ee\/#organization"},"potentialAction":[{"@type":"SearchAction","target":{"@type":"EntryPoint","urlTemplate":"https:\/\/ranoja.ee\/?s={search_term_string}"},"query-input":{"@type":"PropertyValueSpecification","valueRequired":true,"valueName":"search_term_string"}}],"inLanguage":"en-US"},{"@type":"Organization","@id":"https:\/\/ranoja.ee\/#organization","name":"Ranoja O\u00dc","url":"https:\/\/ranoja.ee\/","logo":{"@type":"ImageObject","inLanguage":"en-US","@id":"https:\/\/ranoja.ee\/#\/schema\/logo\/image\/","url":"https:\/\/ranoja.ee\/wp-content\/uploads\/2023\/11\/ranoja-Logo.png","contentUrl":"https:\/\/ranoja.ee\/wp-content\/uploads\/2023\/11\/ranoja-Logo.png","width":207,"height":58,"caption":"Ranoja O\u00dc"},"image":{"@id":"https:\/\/ranoja.ee\/#\/schema\/logo\/image\/"},"sameAs":["https:\/\/www.facebook.com\/ranoja.ee","https:\/\/www.instagram.com\/ranoja__\/"]}]}},"_links":{"self":[{"href":"https:\/\/ranoja.ee\/en\/wp-json\/wp\/v2\/product\/7317","targetHints":{"allow":["GET"]}}],"collection":[{"href":"https:\/\/ranoja.ee\/en\/wp-json\/wp\/v2\/product"}],"about":[{"href":"https:\/\/ranoja.ee\/en\/wp-json\/wp\/v2\/types\/product"}],"wp:featuredmedia":[{"embeddable":true,"href":"https:\/\/ranoja.ee\/en\/wp-json\/wp\/v2\/media\/7318"}],"wp:attachment":[{"href":"https:\/\/ranoja.ee\/en\/wp-json\/wp\/v2\/media?parent=7317"}],"wp:term":[{"taxonomy":"product_cat","embeddable":true,"href":"https:\/\/ranoja.ee\/en\/wp-json\/wp\/v2\/product_cat?post=7317"},{"taxonomy":"product_tag","embeddable":true,"href":"https:\/\/ranoja.ee\/en\/wp-json\/wp\/v2\/product_tag?post=7317"}],"curies":[{"name":"wp","href":"https:\/\/api.w.org\/{rel}","templated":true}]}}