{"id":7209,"date":"2023-11-30T11:42:02","date_gmt":"2023-11-30T08:42:02","guid":{"rendered":"https:\/\/www.ranoja.ee\/?post_type=product&#038;p=7209"},"modified":"2025-12-10T11:43:34","modified_gmt":"2025-12-10T08:43:34","slug":"cedrus-c-mow-l-seeria-robotniidukite-jalgimisseade-gps","status":"publish","type":"product","link":"https:\/\/ranoja.ee\/en\/toode\/cedrus-c-mow-l-seeria-robotniidukite-jalgimisseade-gps\/","title":{"rendered":"Cedrus C-MOW-L seeria robotniidukite j\u00e4lgimisseade GPS"},"content":{"rendered":"<p>Mururobotite j\u00e4lgimine on oluline aspekt, mis tagab seadme t\u00f5husa ja ohutu kasutamise. Kuna mururobotid t\u00f6\u00f6tavad iseseisvalt, ilma inimese pideva j\u00e4relevalveta, v\u00f5ib tekkida olukordi, kus nende j\u00e4lgimine on h\u00e4davajalik nii kasutusmugavuse, t\u00f6\u00f6kindluse kui ka turvalisuse seisukohast.Cedrus C-MOW-L seeria robotniidukite j\u00e4lgimisseade GPS<\/p>\n<p>Esiteks, mururobotite j\u00e4lgimine v\u00f5imaldab optimeerida t\u00f6\u00f6protsessi. J\u00e4lgimiss\u00fcsteemi abil saab robotit reaalajas kontrollida ning n\u00e4ha, millised alad on juba niidetud ja millised veel vajavad hooldust. See aitab ennetada vigu, n\u00e4iteks olukordi, kus m\u00f5ni ala j\u00e4\u00e4b niitmata v\u00f5i robot t\u00f6\u00f6tab samal alal korduvalt.<\/p>\n<p>Cedrus C-MOW-L seeria robotniidukite j\u00e4lgimisseade GPS on oluline turvalisuse tagamiseks. Kuna mururobotid on v\u00e4\u00e4rtuslikud seadmed, esineb nende vargusoht. GPS-j\u00e4lgimiss\u00fcsteem v\u00f5imaldab omanikel roboti asukohta reaalajas j\u00e4lgida ja selle kadumise v\u00f5i varguse korral kiiresti reageerida. Kui robot eksib niidualast v\u00e4lja v\u00f5i satub takistustesse, saab j\u00e4lgimiss\u00fcsteem teavitada omanikku ja v\u00e4ltida roboti kahjustumist.<\/p>\n<p>Kolmandaks, j\u00e4lgimine aitab hoida seadme t\u00f6\u00f6d efektiivsena. N\u00e4iteks kui robotil tekib tehniline rike v\u00f5i aku hakkab t\u00fchjenema, saadab j\u00e4lgimiss\u00fcsteem vastava teate, v\u00f5imaldades kiiret sekkumist. See v\u00e4hendab seisakuid ja pikendab roboti kasutusiga.<\/p>\n<p>Kokkuv\u00f5ttes on mururobotite j\u00e4lgimine vajalik nii t\u00f6\u00f6protsessi optimeerimiseks, turvalisuse tagamiseks kui ka seadme \u00fcldise kasutusmugavuse ja eluea pikendamiseks.<\/p>\n<p>CEDRUS on \u00fcks suurimaid aiandusmasinate, t\u00f6\u00f6riistade ning metsandus tarvikute edasim\u00fc\u00fcjaid Poolas.<br \/>\nMeie eesm\u00e4rk on pakkuda klientidele k\u00f5rgeima kvaliteediga tooteid konkurentsiv\u00f5imeliste hindadega.<br \/>\nAlates 2016. aastast oleme arendanud ka oma kaubam\u00e4rgi all olevat tootesarja Cedrus.<br \/>\nHetkel pakume enam kui 100 t\u00fc\u00fcpi CEDRUS kaubam\u00e4rgi aia- ja ehitusmasinaid, samuti k\u00f5iki hooldustarvikuid ja varuosi.<br \/>\n<img decoding=\"async\" src=\"https:\/\/www.ranoja.ee\/wp-content\/uploads\/2023\/07\/cedrus-logo-vaike-1-300x99.png\" alt=\"\" width=\"300\" height=\"99\" class=\"alignnone size-medium wp-image-5896\" srcset=\"https:\/\/ranoja.ee\/wp-content\/uploads\/2023\/07\/cedrus-logo-vaike-1-300x99.png 300w, https:\/\/ranoja.ee\/wp-content\/uploads\/2023\/07\/cedrus-logo-vaike-1.png 431w\" sizes=\"(max-width: 300px) 100vw, 300px\" \/><\/p>\n","protected":false},"excerpt":{"rendered":"<p>Cedrus C-MOW-L seeria robotniidukite j\u00e4lgimisseade GPS<br \/>\nC-MOW-GPS-L moodul j\u00e4lgib robotniidukit reaalajas.<br \/>\nInfo kuvatakse nutitelefoni.<br \/>\nLisaks teavitab teid koheselt kui robotniiduk on liigutatud enda t\u00f6\u00f6tsoonist eemale.<br \/>\n<strong>Sobib robotniidukitele:<\/strong><br \/>\n<a href=\"https:\/\/www.ranoja.ee\/toode\/cedrus-robotniiduk-c-mow-l-16\/\">C-MOW-L16<\/a><br \/>\n<a href=\"https:\/\/www.ranoja.ee\/toode\/cedrus-robotniiduk-c-mow-l20-2000m2\/\">C-MOW-L20<\/a><\/p>\n<p><strong>Seadme eeldatav tarneaeg 1-7 t\u00f6\u00f6p\u00e4eva<\/strong><\/p>\n","protected":false},"featured_media":11556,"template":"","meta":{"inline_featured_image":false},"product_cat":[1079,1080],"product_tag":[137,1163,1164,1165,1150,567,1144],"class_list":{"0":"post-7209","1":"product","2":"type-product","3":"status-publish","4":"has-post-thumbnail","6":"product_brand-cedrus","7":"product_cat-aiatehnika-ja-niidutehnika","8":"product_cat-robotniidukid","9":"product_tag-cedrus","10":"product_tag-gps","11":"product_tag-jalgimissusteem","12":"product_tag-l-seeria","13":"product_tag-mururobot","14":"product_tag-niiduk","15":"product_tag-robotniiduk","17":"first","18":"instock","19":"taxable","20":"shipping-taxable","21":"purchasable","22":"product-type-simple"},"yoast_head":"<!-- This site is optimized with the Yoast SEO plugin v27.4 - https:\/\/yoast.com\/product\/yoast-seo-wordpress\/ -->\n<title>Cedrus C-MOW-L seeria robotniidukite j\u00e4lgimisseade GPS<\/title>\n<meta name=\"description\" content=\"Cedrus C-MOW-L seeria robotniidukite j\u00e4lgimisseade GPS moodul j\u00e4lgib robotniidukit reaalajas. Info kuvatakse nutitelefoni mis teavitab teid koheselt.\" \/>\n<meta name=\"robots\" content=\"index, follow, max-snippet:-1, max-image-preview:large, max-video-preview:-1\" \/>\n<link rel=\"canonical\" href=\"https:\/\/ranoja.ee\/toode\/cedrus-c-mow-l-seeria-robotniidukite-jalgimisseade-gps\/\" \/>\n<meta property=\"og:locale\" content=\"en_US\" \/>\n<meta property=\"og:type\" content=\"article\" \/>\n<meta property=\"og:title\" content=\"Cedrus C-MOW-L seeria robotniidukite j\u00e4lgimisseade GPS\" \/>\n<meta property=\"og:description\" content=\"Cedrus C-MOW-L seeria robotniidukite j\u00e4lgimisseade GPS moodul j\u00e4lgib robotniidukit reaalajas. Info kuvatakse nutitelefoni mis teavitab teid koheselt.\" \/>\n<meta property=\"og:url\" content=\"https:\/\/ranoja.ee\/toode\/cedrus-c-mow-l-seeria-robotniidukite-jalgimisseade-gps\/\" \/>\n<meta property=\"og:site_name\" content=\"Ranoja\" \/>\n<meta property=\"article:publisher\" content=\"https:\/\/www.facebook.com\/ranoja.ee\" \/>\n<meta property=\"article:modified_time\" content=\"2025-12-10T08:43:34+00:00\" \/>\n<meta property=\"og:image\" content=\"https:\/\/ranoja.ee\/wp-content\/uploads\/2023\/11\/Cedrus-C-MOW-L-seeria-robotniidukite-jalgimisseade-C-MOW-GPS-L.jpg\" \/>\n\t<meta property=\"og:image:width\" content=\"1200\" \/>\n\t<meta property=\"og:image:height\" content=\"1134\" \/>\n\t<meta property=\"og:image:type\" content=\"image\/jpeg\" \/>\n<meta name=\"twitter:card\" content=\"summary_large_image\" \/>\n<meta name=\"twitter:label1\" content=\"Est. reading time\" \/>\n\t<meta name=\"twitter:data1\" content=\"1 minute\" \/>\n<script type=\"application\/ld+json\" class=\"yoast-schema-graph\">{\"@context\":\"https:\\\/\\\/schema.org\",\"@graph\":[{\"@type\":\"WebPage\",\"@id\":\"https:\\\/\\\/ranoja.ee\\\/toode\\\/cedrus-c-mow-l-seeria-robotniidukite-jalgimisseade-gps\\\/\",\"url\":\"https:\\\/\\\/ranoja.ee\\\/toode\\\/cedrus-c-mow-l-seeria-robotniidukite-jalgimisseade-gps\\\/\",\"name\":\"Cedrus C-MOW-L seeria robotniidukite j\u00e4lgimisseade GPS\",\"isPartOf\":{\"@id\":\"https:\\\/\\\/ranoja.ee\\\/#website\"},\"primaryImageOfPage\":{\"@id\":\"https:\\\/\\\/ranoja.ee\\\/toode\\\/cedrus-c-mow-l-seeria-robotniidukite-jalgimisseade-gps\\\/#primaryimage\"},\"image\":{\"@id\":\"https:\\\/\\\/ranoja.ee\\\/toode\\\/cedrus-c-mow-l-seeria-robotniidukite-jalgimisseade-gps\\\/#primaryimage\"},\"thumbnailUrl\":\"https:\\\/\\\/ranoja.ee\\\/wp-content\\\/uploads\\\/2023\\\/11\\\/Cedrus-C-MOW-L-seeria-robotniidukite-jalgimisseade-C-MOW-GPS-L.jpg\",\"datePublished\":\"2023-11-30T08:42:02+00:00\",\"dateModified\":\"2025-12-10T08:43:34+00:00\",\"description\":\"Cedrus C-MOW-L seeria robotniidukite j\u00e4lgimisseade GPS moodul j\u00e4lgib robotniidukit reaalajas. Info kuvatakse nutitelefoni mis teavitab teid koheselt.\",\"breadcrumb\":{\"@id\":\"https:\\\/\\\/ranoja.ee\\\/toode\\\/cedrus-c-mow-l-seeria-robotniidukite-jalgimisseade-gps\\\/#breadcrumb\"},\"inLanguage\":\"en-US\",\"potentialAction\":[{\"@type\":\"ReadAction\",\"target\":[\"https:\\\/\\\/ranoja.ee\\\/toode\\\/cedrus-c-mow-l-seeria-robotniidukite-jalgimisseade-gps\\\/\"]}]},{\"@type\":\"ImageObject\",\"inLanguage\":\"en-US\",\"@id\":\"https:\\\/\\\/ranoja.ee\\\/toode\\\/cedrus-c-mow-l-seeria-robotniidukite-jalgimisseade-gps\\\/#primaryimage\",\"url\":\"https:\\\/\\\/ranoja.ee\\\/wp-content\\\/uploads\\\/2023\\\/11\\\/Cedrus-C-MOW-L-seeria-robotniidukite-jalgimisseade-C-MOW-GPS-L.jpg\",\"contentUrl\":\"https:\\\/\\\/ranoja.ee\\\/wp-content\\\/uploads\\\/2023\\\/11\\\/Cedrus-C-MOW-L-seeria-robotniidukite-jalgimisseade-C-MOW-GPS-L.jpg\",\"width\":1200,\"height\":1134,\"caption\":\"Cedrus C-MOW-L seeria robotniidukite j\u00e4lgimisseade GPS\"},{\"@type\":\"BreadcrumbList\",\"@id\":\"https:\\\/\\\/ranoja.ee\\\/toode\\\/cedrus-c-mow-l-seeria-robotniidukite-jalgimisseade-gps\\\/#breadcrumb\",\"itemListElement\":[{\"@type\":\"ListItem\",\"position\":1,\"name\":\"Home\",\"item\":\"https:\\\/\\\/ranoja.ee\\\/\"},{\"@type\":\"ListItem\",\"position\":2,\"name\":\"Shop\",\"item\":\"https:\\\/\\\/ranoja.ee\\\/en\\\/shop\\\/\"},{\"@type\":\"ListItem\",\"position\":3,\"name\":\"Cedrus C-MOW-L seeria robotniidukite j\u00e4lgimisseade GPS\"}]},{\"@type\":\"WebSite\",\"@id\":\"https:\\\/\\\/ranoja.ee\\\/#website\",\"url\":\"https:\\\/\\\/ranoja.ee\\\/\",\"name\":\"Ranoja\",\"description\":\"Equipment Shop WooCommerce WordPress Theme for Machine &amp; Tools\",\"publisher\":{\"@id\":\"https:\\\/\\\/ranoja.ee\\\/#organization\"},\"potentialAction\":[{\"@type\":\"SearchAction\",\"target\":{\"@type\":\"EntryPoint\",\"urlTemplate\":\"https:\\\/\\\/ranoja.ee\\\/?s={search_term_string}\"},\"query-input\":{\"@type\":\"PropertyValueSpecification\",\"valueRequired\":true,\"valueName\":\"search_term_string\"}}],\"inLanguage\":\"en-US\"},{\"@type\":\"Organization\",\"@id\":\"https:\\\/\\\/ranoja.ee\\\/#organization\",\"name\":\"Ranoja O\u00dc\",\"url\":\"https:\\\/\\\/ranoja.ee\\\/\",\"logo\":{\"@type\":\"ImageObject\",\"inLanguage\":\"en-US\",\"@id\":\"https:\\\/\\\/ranoja.ee\\\/#\\\/schema\\\/logo\\\/image\\\/\",\"url\":\"https:\\\/\\\/ranoja.ee\\\/wp-content\\\/uploads\\\/2023\\\/11\\\/ranoja-Logo.png\",\"contentUrl\":\"https:\\\/\\\/ranoja.ee\\\/wp-content\\\/uploads\\\/2023\\\/11\\\/ranoja-Logo.png\",\"width\":207,\"height\":58,\"caption\":\"Ranoja O\u00dc\"},\"image\":{\"@id\":\"https:\\\/\\\/ranoja.ee\\\/#\\\/schema\\\/logo\\\/image\\\/\"},\"sameAs\":[\"https:\\\/\\\/www.facebook.com\\\/ranoja.ee\",\"https:\\\/\\\/www.instagram.com\\\/ranoja__\\\/\"]}]}<\/script>\n<!-- \/ Yoast SEO plugin. -->","yoast_head_json":{"title":"Cedrus C-MOW-L seeria robotniidukite j\u00e4lgimisseade GPS","description":"Cedrus C-MOW-L seeria robotniidukite j\u00e4lgimisseade GPS moodul j\u00e4lgib robotniidukit reaalajas. Info kuvatakse nutitelefoni mis teavitab teid koheselt.","robots":{"index":"index","follow":"follow","max-snippet":"max-snippet:-1","max-image-preview":"max-image-preview:large","max-video-preview":"max-video-preview:-1"},"canonical":"https:\/\/ranoja.ee\/toode\/cedrus-c-mow-l-seeria-robotniidukite-jalgimisseade-gps\/","og_locale":"en_US","og_type":"article","og_title":"Cedrus C-MOW-L seeria robotniidukite j\u00e4lgimisseade GPS","og_description":"Cedrus C-MOW-L seeria robotniidukite j\u00e4lgimisseade GPS moodul j\u00e4lgib robotniidukit reaalajas. Info kuvatakse nutitelefoni mis teavitab teid koheselt.","og_url":"https:\/\/ranoja.ee\/toode\/cedrus-c-mow-l-seeria-robotniidukite-jalgimisseade-gps\/","og_site_name":"Ranoja","article_publisher":"https:\/\/www.facebook.com\/ranoja.ee","article_modified_time":"2025-12-10T08:43:34+00:00","og_image":[{"width":1200,"height":1134,"url":"https:\/\/ranoja.ee\/wp-content\/uploads\/2023\/11\/Cedrus-C-MOW-L-seeria-robotniidukite-jalgimisseade-C-MOW-GPS-L.jpg","type":"image\/jpeg"}],"twitter_card":"summary_large_image","twitter_misc":{"Est. reading time":"1 minute"},"schema":{"@context":"https:\/\/schema.org","@graph":[{"@type":"WebPage","@id":"https:\/\/ranoja.ee\/toode\/cedrus-c-mow-l-seeria-robotniidukite-jalgimisseade-gps\/","url":"https:\/\/ranoja.ee\/toode\/cedrus-c-mow-l-seeria-robotniidukite-jalgimisseade-gps\/","name":"Cedrus C-MOW-L seeria robotniidukite j\u00e4lgimisseade GPS","isPartOf":{"@id":"https:\/\/ranoja.ee\/#website"},"primaryImageOfPage":{"@id":"https:\/\/ranoja.ee\/toode\/cedrus-c-mow-l-seeria-robotniidukite-jalgimisseade-gps\/#primaryimage"},"image":{"@id":"https:\/\/ranoja.ee\/toode\/cedrus-c-mow-l-seeria-robotniidukite-jalgimisseade-gps\/#primaryimage"},"thumbnailUrl":"https:\/\/ranoja.ee\/wp-content\/uploads\/2023\/11\/Cedrus-C-MOW-L-seeria-robotniidukite-jalgimisseade-C-MOW-GPS-L.jpg","datePublished":"2023-11-30T08:42:02+00:00","dateModified":"2025-12-10T08:43:34+00:00","description":"Cedrus C-MOW-L seeria robotniidukite j\u00e4lgimisseade GPS moodul j\u00e4lgib robotniidukit reaalajas. Info kuvatakse nutitelefoni mis teavitab teid koheselt.","breadcrumb":{"@id":"https:\/\/ranoja.ee\/toode\/cedrus-c-mow-l-seeria-robotniidukite-jalgimisseade-gps\/#breadcrumb"},"inLanguage":"en-US","potentialAction":[{"@type":"ReadAction","target":["https:\/\/ranoja.ee\/toode\/cedrus-c-mow-l-seeria-robotniidukite-jalgimisseade-gps\/"]}]},{"@type":"ImageObject","inLanguage":"en-US","@id":"https:\/\/ranoja.ee\/toode\/cedrus-c-mow-l-seeria-robotniidukite-jalgimisseade-gps\/#primaryimage","url":"https:\/\/ranoja.ee\/wp-content\/uploads\/2023\/11\/Cedrus-C-MOW-L-seeria-robotniidukite-jalgimisseade-C-MOW-GPS-L.jpg","contentUrl":"https:\/\/ranoja.ee\/wp-content\/uploads\/2023\/11\/Cedrus-C-MOW-L-seeria-robotniidukite-jalgimisseade-C-MOW-GPS-L.jpg","width":1200,"height":1134,"caption":"Cedrus C-MOW-L seeria robotniidukite j\u00e4lgimisseade GPS"},{"@type":"BreadcrumbList","@id":"https:\/\/ranoja.ee\/toode\/cedrus-c-mow-l-seeria-robotniidukite-jalgimisseade-gps\/#breadcrumb","itemListElement":[{"@type":"ListItem","position":1,"name":"Home","item":"https:\/\/ranoja.ee\/"},{"@type":"ListItem","position":2,"name":"Shop","item":"https:\/\/ranoja.ee\/en\/shop\/"},{"@type":"ListItem","position":3,"name":"Cedrus C-MOW-L seeria robotniidukite j\u00e4lgimisseade GPS"}]},{"@type":"WebSite","@id":"https:\/\/ranoja.ee\/#website","url":"https:\/\/ranoja.ee\/","name":"Ranoja","description":"Equipment Shop WooCommerce WordPress Theme for Machine &amp; Tools","publisher":{"@id":"https:\/\/ranoja.ee\/#organization"},"potentialAction":[{"@type":"SearchAction","target":{"@type":"EntryPoint","urlTemplate":"https:\/\/ranoja.ee\/?s={search_term_string}"},"query-input":{"@type":"PropertyValueSpecification","valueRequired":true,"valueName":"search_term_string"}}],"inLanguage":"en-US"},{"@type":"Organization","@id":"https:\/\/ranoja.ee\/#organization","name":"Ranoja O\u00dc","url":"https:\/\/ranoja.ee\/","logo":{"@type":"ImageObject","inLanguage":"en-US","@id":"https:\/\/ranoja.ee\/#\/schema\/logo\/image\/","url":"https:\/\/ranoja.ee\/wp-content\/uploads\/2023\/11\/ranoja-Logo.png","contentUrl":"https:\/\/ranoja.ee\/wp-content\/uploads\/2023\/11\/ranoja-Logo.png","width":207,"height":58,"caption":"Ranoja O\u00dc"},"image":{"@id":"https:\/\/ranoja.ee\/#\/schema\/logo\/image\/"},"sameAs":["https:\/\/www.facebook.com\/ranoja.ee","https:\/\/www.instagram.com\/ranoja__\/"]}]}},"_links":{"self":[{"href":"https:\/\/ranoja.ee\/en\/wp-json\/wp\/v2\/product\/7209","targetHints":{"allow":["GET"]}}],"collection":[{"href":"https:\/\/ranoja.ee\/en\/wp-json\/wp\/v2\/product"}],"about":[{"href":"https:\/\/ranoja.ee\/en\/wp-json\/wp\/v2\/types\/product"}],"wp:featuredmedia":[{"embeddable":true,"href":"https:\/\/ranoja.ee\/en\/wp-json\/wp\/v2\/media\/11556"}],"wp:attachment":[{"href":"https:\/\/ranoja.ee\/en\/wp-json\/wp\/v2\/media?parent=7209"}],"wp:term":[{"taxonomy":"product_cat","embeddable":true,"href":"https:\/\/ranoja.ee\/en\/wp-json\/wp\/v2\/product_cat?post=7209"},{"taxonomy":"product_tag","embeddable":true,"href":"https:\/\/ranoja.ee\/en\/wp-json\/wp\/v2\/product_tag?post=7209"}],"curies":[{"name":"wp","href":"https:\/\/api.w.org\/{rel}","templated":true}]}}