{"id":7203,"date":"2023-11-30T10:53:08","date_gmt":"2023-11-30T07:53:08","guid":{"rendered":"https:\/\/www.ranoja.ee\/?post_type=product&#038;p=7203"},"modified":"2025-12-10T11:43:34","modified_gmt":"2025-12-10T08:43:34","slug":"robotniidukite-paigalduskomplekt-100m","status":"publish","type":"product","link":"https:\/\/ranoja.ee\/en\/toode\/robotniidukite-paigalduskomplekt-100m\/","title":{"rendered":"Robotniidukite paigalduskomplekt 100m"},"content":{"rendered":"<p>Robotniidukite paigalduskomplekt 100m on h\u00e4davajalik, et tagada roboti korrektne ja t\u00f5hus t\u00f6\u00f6 m\u00e4\u00e4ratud niidualal. Enamik mururoboteid kasutab piirdekaablit, mis paigaldatakse \u00fcmber niidetava ala ja m\u00e4\u00e4ratleb t\u00e4pselt, kus robot v\u00f5ib liikuda. Kaablipaigalduskomplekt h\u00f5lmab kaablit ennast, kinnitustarvikuid ja m\u00f5nikord spetsiaalseid t\u00f6\u00f6riistu kaabli korrektseks paigaldamiseks.<\/p>\n<p>Esimene ja k\u00f5ige olulisem p\u00f5hjus kaablipaigalduskomplekti vajalikkuseks on selgete piirete loomine. Kaabel toimib virtuaalse t\u00f5kkena, mis tagab, et mururobot ei lahkuks m\u00e4\u00e4ratud t\u00f6\u00f6piirkonnast ega niidaks seal, kus pole vaja, n\u00e4iteks lillepeenardes, k\u00f5nniteedel v\u00f5i tiigi l\u00e4heduses. Kaabel saadab robotile pidevalt signaali, mis hoiab teda soovitud alal.<\/p>\n<p>Teiseks aitab kaabel v\u00e4ltida takistusi. Piirdekaabel v\u00f5imaldab robotil teada, kus asuvad objektid, mida tuleks v\u00e4ltida, n\u00e4iteks puud, aiapostid v\u00f5i aiakaunistused. See muudab roboti liikumise sujuvamaks ja v\u00e4hendab kokkup\u00f5rkeid v\u00f5i v\u00f5imalikke kahjustusi nii robotile kui ka \u00fcmbritsevatele objektidele.<\/p>\n<p>Lisaks on kaablipaigalduskomplekt oluline kohandatud niidualade loomiseks. N\u00e4iteks saab kaabli abil teha t\u00e4pseid tsoone, kus robot t\u00f6\u00f6tab rohkem v\u00f5i kus on teatud piirangud, n\u00e4iteks kitsad alad v\u00f5i alad, kus niitmine pole soovitav.<\/p>\n<p>Kokkuv\u00f5ttes tagab mururoboti kaablipaigalduskomplekt muru niitmise t\u00e4psuse, turvalisuse ja t\u00f5hususe. \u00d5igesti paigaldatud kaabel v\u00f5imaldab robotil t\u00f6\u00f6tada sujuvalt, v\u00e4ltides alasid, kus niitmine pole vajalik, ning kaitstes samal ajal niidukit ja \u00fcmbritsevat keskkonda.<\/p>\n<p>CEDRUS on \u00fcks suurimaid aiandusmasinate, t\u00f6\u00f6riistade ning metsandus tarvikute edasim\u00fc\u00fcjaid Poolas.<br \/>\nMeie eesm\u00e4rk on pakkuda klientidele k\u00f5rgeima kvaliteediga tooteid konkurentsiv\u00f5imeliste hindadega.<br \/>\nAlates 2016. aastast oleme arendanud ka oma kaubam\u00e4rgi all olevat tootesarja Cedrus.<br \/>\nHetkel pakume enam kui 100 t\u00fc\u00fcpi CEDRUS kaubam\u00e4rgi aia- ja ehitusmasinaid, samuti k\u00f5iki hooldustarvikuid ja varuosi.<br \/>\n<img decoding=\"async\" src=\"https:\/\/www.ranoja.ee\/wp-content\/uploads\/2023\/07\/cedrus-logo-vaike-1-300x99.png\" alt=\"\" width=\"300\" height=\"99\" class=\"alignnone size-medium wp-image-5896\" srcset=\"https:\/\/ranoja.ee\/wp-content\/uploads\/2023\/07\/cedrus-logo-vaike-1-300x99.png 300w, https:\/\/ranoja.ee\/wp-content\/uploads\/2023\/07\/cedrus-logo-vaike-1.png 431w\" sizes=\"(max-width: 300px) 100vw, 300px\" \/><\/p>\n","protected":false},"excerpt":{"rendered":"<p>Robotniidukite paigalduskomplekt 100m<br \/>\nKomplekt sisaldab:<br \/>\nKaabel: 100m \/ 2.7 mm<br \/>\nKaablipaigaldus kinnitused: 100tk<br \/>\nKaabli\u00fchendus otsikud: 6tk<br \/>\nKaabli\u00fchendus otsikud laadijasse: 4tk<br \/>\n<strong>Sobib j\u00e4rgmistele seadmetele:<\/strong><br \/>\n<a href=\"https:\/\/www.ranoja.ee\/toode\/cedrus-mururobot-c-mow-m5-500m2\/\">C-MOW-M5<\/a><br \/>\n<a href=\"https:\/\/www.ranoja.ee\/toode\/cedrus-robotniiduk-c-mow-m10-1000m2\/\">C-MOW-M10<\/a><br \/>\n<a href=\"https:\/\/www.ranoja.ee\/toode\/cedrus-robotniiduk-c-mow-l-16\/\">C-MOW-L16<\/a><br \/>\n<a href=\"https:\/\/www.ranoja.ee\/toode\/cedrus-robotniiduk-c-mow-l20-2000m2\/\">C-MOW-L20<\/a><\/p>\n<p><strong>Seadme eeldatav tarneaeg 1-7 t\u00f6\u00f6p\u00e4eva<\/strong><\/p>\n","protected":false},"featured_media":11577,"template":"","meta":{"inline_featured_image":false},"product_cat":[1079,1080],"product_tag":[1158,1155,1151,1148,1146,137,1150,1157,1144],"class_list":{"0":"post-7203","1":"product","2":"type-product","3":"status-publish","4":"has-post-thumbnail","6":"product_brand-cedrus","7":"product_cat-aiatehnika-ja-niidutehnika","8":"product_cat-robotniidukid","9":"product_tag-100m","10":"product_tag-c-mow-l16","11":"product_tag-c-mow-l20","12":"product_tag-c-mow-m10","13":"product_tag-c-mow-m5","14":"product_tag-cedrus","15":"product_tag-mururobot","16":"product_tag-paigalduskomplekt","17":"product_tag-robotniiduk","19":"first","20":"instock","21":"taxable","22":"shipping-taxable","23":"purchasable","24":"product-type-simple"},"yoast_head":"<!-- This site is optimized with the Yoast SEO plugin v27.4 - https:\/\/yoast.com\/product\/yoast-seo-wordpress\/ -->\n<title>Robotniidukite paigalduskomplekt 100m - Ranoja<\/title>\n<meta name=\"description\" content=\"Robotniidukite paigalduskomplekt 100m Komplekt sisaldab: Kaabel: 100m \/ 2.7 mm Kaablipaigaldus kinnitused: 100tk Kaabli\u00fchendus otsikud: 6tk.\" \/>\n<meta name=\"robots\" content=\"index, follow, max-snippet:-1, max-image-preview:large, max-video-preview:-1\" \/>\n<link rel=\"canonical\" href=\"https:\/\/ranoja.ee\/toode\/robotniidukite-paigalduskomplekt-100m\/\" \/>\n<meta property=\"og:locale\" content=\"en_US\" \/>\n<meta property=\"og:type\" content=\"article\" \/>\n<meta property=\"og:title\" content=\"Robotniidukite paigalduskomplekt 100m - Ranoja\" \/>\n<meta property=\"og:description\" content=\"Robotniidukite paigalduskomplekt 100m Komplekt sisaldab: Kaabel: 100m \/ 2.7 mm Kaablipaigaldus kinnitused: 100tk Kaabli\u00fchendus otsikud: 6tk.\" \/>\n<meta property=\"og:url\" content=\"https:\/\/ranoja.ee\/toode\/robotniidukite-paigalduskomplekt-100m\/\" \/>\n<meta property=\"og:site_name\" content=\"Ranoja\" \/>\n<meta property=\"article:publisher\" content=\"https:\/\/www.facebook.com\/ranoja.ee\" \/>\n<meta property=\"article:modified_time\" content=\"2025-12-10T08:43:34+00:00\" \/>\n<meta property=\"og:image\" content=\"https:\/\/ranoja.ee\/wp-content\/uploads\/2023\/11\/Robotniidukite-paigalduskomplekt-100m.jpg\" \/>\n\t<meta property=\"og:image:width\" content=\"800\" \/>\n\t<meta property=\"og:image:height\" content=\"636\" \/>\n\t<meta property=\"og:image:type\" content=\"image\/jpeg\" \/>\n<meta name=\"twitter:card\" content=\"summary_large_image\" \/>\n<meta name=\"twitter:label1\" content=\"Est. reading time\" \/>\n\t<meta name=\"twitter:data1\" content=\"1 minute\" \/>\n<script type=\"application\/ld+json\" class=\"yoast-schema-graph\">{\"@context\":\"https:\\\/\\\/schema.org\",\"@graph\":[{\"@type\":\"WebPage\",\"@id\":\"https:\\\/\\\/ranoja.ee\\\/toode\\\/robotniidukite-paigalduskomplekt-100m\\\/\",\"url\":\"https:\\\/\\\/ranoja.ee\\\/toode\\\/robotniidukite-paigalduskomplekt-100m\\\/\",\"name\":\"Robotniidukite paigalduskomplekt 100m - Ranoja\",\"isPartOf\":{\"@id\":\"https:\\\/\\\/ranoja.ee\\\/#website\"},\"primaryImageOfPage\":{\"@id\":\"https:\\\/\\\/ranoja.ee\\\/toode\\\/robotniidukite-paigalduskomplekt-100m\\\/#primaryimage\"},\"image\":{\"@id\":\"https:\\\/\\\/ranoja.ee\\\/toode\\\/robotniidukite-paigalduskomplekt-100m\\\/#primaryimage\"},\"thumbnailUrl\":\"https:\\\/\\\/ranoja.ee\\\/wp-content\\\/uploads\\\/2023\\\/11\\\/Robotniidukite-paigalduskomplekt-100m.jpg\",\"datePublished\":\"2023-11-30T07:53:08+00:00\",\"dateModified\":\"2025-12-10T08:43:34+00:00\",\"description\":\"Robotniidukite paigalduskomplekt 100m Komplekt sisaldab: Kaabel: 100m \\\/ 2.7 mm Kaablipaigaldus kinnitused: 100tk Kaabli\u00fchendus otsikud: 6tk.\",\"breadcrumb\":{\"@id\":\"https:\\\/\\\/ranoja.ee\\\/toode\\\/robotniidukite-paigalduskomplekt-100m\\\/#breadcrumb\"},\"inLanguage\":\"en-US\",\"potentialAction\":[{\"@type\":\"ReadAction\",\"target\":[\"https:\\\/\\\/ranoja.ee\\\/toode\\\/robotniidukite-paigalduskomplekt-100m\\\/\"]}]},{\"@type\":\"ImageObject\",\"inLanguage\":\"en-US\",\"@id\":\"https:\\\/\\\/ranoja.ee\\\/toode\\\/robotniidukite-paigalduskomplekt-100m\\\/#primaryimage\",\"url\":\"https:\\\/\\\/ranoja.ee\\\/wp-content\\\/uploads\\\/2023\\\/11\\\/Robotniidukite-paigalduskomplekt-100m.jpg\",\"contentUrl\":\"https:\\\/\\\/ranoja.ee\\\/wp-content\\\/uploads\\\/2023\\\/11\\\/Robotniidukite-paigalduskomplekt-100m.jpg\",\"width\":800,\"height\":636,\"caption\":\"Robotniidukite paigalduskomplekt 100m\"},{\"@type\":\"BreadcrumbList\",\"@id\":\"https:\\\/\\\/ranoja.ee\\\/toode\\\/robotniidukite-paigalduskomplekt-100m\\\/#breadcrumb\",\"itemListElement\":[{\"@type\":\"ListItem\",\"position\":1,\"name\":\"Home\",\"item\":\"https:\\\/\\\/ranoja.ee\\\/\"},{\"@type\":\"ListItem\",\"position\":2,\"name\":\"Shop\",\"item\":\"https:\\\/\\\/ranoja.ee\\\/en\\\/shop\\\/\"},{\"@type\":\"ListItem\",\"position\":3,\"name\":\"Robotniidukite paigalduskomplekt 100m\"}]},{\"@type\":\"WebSite\",\"@id\":\"https:\\\/\\\/ranoja.ee\\\/#website\",\"url\":\"https:\\\/\\\/ranoja.ee\\\/\",\"name\":\"Ranoja\",\"description\":\"Equipment Shop WooCommerce WordPress Theme for Machine &amp; Tools\",\"publisher\":{\"@id\":\"https:\\\/\\\/ranoja.ee\\\/#organization\"},\"potentialAction\":[{\"@type\":\"SearchAction\",\"target\":{\"@type\":\"EntryPoint\",\"urlTemplate\":\"https:\\\/\\\/ranoja.ee\\\/?s={search_term_string}\"},\"query-input\":{\"@type\":\"PropertyValueSpecification\",\"valueRequired\":true,\"valueName\":\"search_term_string\"}}],\"inLanguage\":\"en-US\"},{\"@type\":\"Organization\",\"@id\":\"https:\\\/\\\/ranoja.ee\\\/#organization\",\"name\":\"Ranoja O\u00dc\",\"url\":\"https:\\\/\\\/ranoja.ee\\\/\",\"logo\":{\"@type\":\"ImageObject\",\"inLanguage\":\"en-US\",\"@id\":\"https:\\\/\\\/ranoja.ee\\\/#\\\/schema\\\/logo\\\/image\\\/\",\"url\":\"https:\\\/\\\/ranoja.ee\\\/wp-content\\\/uploads\\\/2023\\\/11\\\/ranoja-Logo.png\",\"contentUrl\":\"https:\\\/\\\/ranoja.ee\\\/wp-content\\\/uploads\\\/2023\\\/11\\\/ranoja-Logo.png\",\"width\":207,\"height\":58,\"caption\":\"Ranoja O\u00dc\"},\"image\":{\"@id\":\"https:\\\/\\\/ranoja.ee\\\/#\\\/schema\\\/logo\\\/image\\\/\"},\"sameAs\":[\"https:\\\/\\\/www.facebook.com\\\/ranoja.ee\",\"https:\\\/\\\/www.instagram.com\\\/ranoja__\\\/\"]}]}<\/script>\n<!-- \/ Yoast SEO plugin. -->","yoast_head_json":{"title":"Robotniidukite paigalduskomplekt 100m - Ranoja","description":"Robotniidukite paigalduskomplekt 100m Komplekt sisaldab: Kaabel: 100m \/ 2.7 mm Kaablipaigaldus kinnitused: 100tk Kaabli\u00fchendus otsikud: 6tk.","robots":{"index":"index","follow":"follow","max-snippet":"max-snippet:-1","max-image-preview":"max-image-preview:large","max-video-preview":"max-video-preview:-1"},"canonical":"https:\/\/ranoja.ee\/toode\/robotniidukite-paigalduskomplekt-100m\/","og_locale":"en_US","og_type":"article","og_title":"Robotniidukite paigalduskomplekt 100m - Ranoja","og_description":"Robotniidukite paigalduskomplekt 100m Komplekt sisaldab: Kaabel: 100m \/ 2.7 mm Kaablipaigaldus kinnitused: 100tk Kaabli\u00fchendus otsikud: 6tk.","og_url":"https:\/\/ranoja.ee\/toode\/robotniidukite-paigalduskomplekt-100m\/","og_site_name":"Ranoja","article_publisher":"https:\/\/www.facebook.com\/ranoja.ee","article_modified_time":"2025-12-10T08:43:34+00:00","og_image":[{"width":800,"height":636,"url":"https:\/\/ranoja.ee\/wp-content\/uploads\/2023\/11\/Robotniidukite-paigalduskomplekt-100m.jpg","type":"image\/jpeg"}],"twitter_card":"summary_large_image","twitter_misc":{"Est. reading time":"1 minute"},"schema":{"@context":"https:\/\/schema.org","@graph":[{"@type":"WebPage","@id":"https:\/\/ranoja.ee\/toode\/robotniidukite-paigalduskomplekt-100m\/","url":"https:\/\/ranoja.ee\/toode\/robotniidukite-paigalduskomplekt-100m\/","name":"Robotniidukite paigalduskomplekt 100m - Ranoja","isPartOf":{"@id":"https:\/\/ranoja.ee\/#website"},"primaryImageOfPage":{"@id":"https:\/\/ranoja.ee\/toode\/robotniidukite-paigalduskomplekt-100m\/#primaryimage"},"image":{"@id":"https:\/\/ranoja.ee\/toode\/robotniidukite-paigalduskomplekt-100m\/#primaryimage"},"thumbnailUrl":"https:\/\/ranoja.ee\/wp-content\/uploads\/2023\/11\/Robotniidukite-paigalduskomplekt-100m.jpg","datePublished":"2023-11-30T07:53:08+00:00","dateModified":"2025-12-10T08:43:34+00:00","description":"Robotniidukite paigalduskomplekt 100m Komplekt sisaldab: Kaabel: 100m \/ 2.7 mm Kaablipaigaldus kinnitused: 100tk Kaabli\u00fchendus otsikud: 6tk.","breadcrumb":{"@id":"https:\/\/ranoja.ee\/toode\/robotniidukite-paigalduskomplekt-100m\/#breadcrumb"},"inLanguage":"en-US","potentialAction":[{"@type":"ReadAction","target":["https:\/\/ranoja.ee\/toode\/robotniidukite-paigalduskomplekt-100m\/"]}]},{"@type":"ImageObject","inLanguage":"en-US","@id":"https:\/\/ranoja.ee\/toode\/robotniidukite-paigalduskomplekt-100m\/#primaryimage","url":"https:\/\/ranoja.ee\/wp-content\/uploads\/2023\/11\/Robotniidukite-paigalduskomplekt-100m.jpg","contentUrl":"https:\/\/ranoja.ee\/wp-content\/uploads\/2023\/11\/Robotniidukite-paigalduskomplekt-100m.jpg","width":800,"height":636,"caption":"Robotniidukite paigalduskomplekt 100m"},{"@type":"BreadcrumbList","@id":"https:\/\/ranoja.ee\/toode\/robotniidukite-paigalduskomplekt-100m\/#breadcrumb","itemListElement":[{"@type":"ListItem","position":1,"name":"Home","item":"https:\/\/ranoja.ee\/"},{"@type":"ListItem","position":2,"name":"Shop","item":"https:\/\/ranoja.ee\/en\/shop\/"},{"@type":"ListItem","position":3,"name":"Robotniidukite paigalduskomplekt 100m"}]},{"@type":"WebSite","@id":"https:\/\/ranoja.ee\/#website","url":"https:\/\/ranoja.ee\/","name":"Ranoja","description":"Equipment Shop WooCommerce WordPress Theme for Machine &amp; Tools","publisher":{"@id":"https:\/\/ranoja.ee\/#organization"},"potentialAction":[{"@type":"SearchAction","target":{"@type":"EntryPoint","urlTemplate":"https:\/\/ranoja.ee\/?s={search_term_string}"},"query-input":{"@type":"PropertyValueSpecification","valueRequired":true,"valueName":"search_term_string"}}],"inLanguage":"en-US"},{"@type":"Organization","@id":"https:\/\/ranoja.ee\/#organization","name":"Ranoja O\u00dc","url":"https:\/\/ranoja.ee\/","logo":{"@type":"ImageObject","inLanguage":"en-US","@id":"https:\/\/ranoja.ee\/#\/schema\/logo\/image\/","url":"https:\/\/ranoja.ee\/wp-content\/uploads\/2023\/11\/ranoja-Logo.png","contentUrl":"https:\/\/ranoja.ee\/wp-content\/uploads\/2023\/11\/ranoja-Logo.png","width":207,"height":58,"caption":"Ranoja O\u00dc"},"image":{"@id":"https:\/\/ranoja.ee\/#\/schema\/logo\/image\/"},"sameAs":["https:\/\/www.facebook.com\/ranoja.ee","https:\/\/www.instagram.com\/ranoja__\/"]}]}},"_links":{"self":[{"href":"https:\/\/ranoja.ee\/en\/wp-json\/wp\/v2\/product\/7203","targetHints":{"allow":["GET"]}}],"collection":[{"href":"https:\/\/ranoja.ee\/en\/wp-json\/wp\/v2\/product"}],"about":[{"href":"https:\/\/ranoja.ee\/en\/wp-json\/wp\/v2\/types\/product"}],"wp:featuredmedia":[{"embeddable":true,"href":"https:\/\/ranoja.ee\/en\/wp-json\/wp\/v2\/media\/11577"}],"wp:attachment":[{"href":"https:\/\/ranoja.ee\/en\/wp-json\/wp\/v2\/media?parent=7203"}],"wp:term":[{"taxonomy":"product_cat","embeddable":true,"href":"https:\/\/ranoja.ee\/en\/wp-json\/wp\/v2\/product_cat?post=7203"},{"taxonomy":"product_tag","embeddable":true,"href":"https:\/\/ranoja.ee\/en\/wp-json\/wp\/v2\/product_tag?post=7203"}],"curies":[{"name":"wp","href":"https:\/\/api.w.org\/{rel}","templated":true}]}}