{"id":6780,"date":"2023-11-01T12:47:18","date_gmt":"2023-11-01T09:47:18","guid":{"rendered":"https:\/\/www.ranoja.ee\/?post_type=product&#038;p=6780"},"modified":"2025-12-10T13:14:45","modified_gmt":"2025-12-10T10:14:45","slug":"cedrus-bensiinimootoriga-betooniloikur-cedpc400","status":"publish","type":"product","link":"https:\/\/ranoja.ee\/en\/toode\/cedrus-bensiinimootoriga-betooniloikur-cedpc400\/","title":{"rendered":"Cedrus bensiinimootoriga betoonil\u00f5ikur CEDPC400"},"content":{"rendered":"<p>Cedrus bensiinimootoriga betoonil\u00f5ikur CEDPC400 on ehitust\u00f6\u00f6del asendamatu t\u00f6\u00f6riist, mida kasutatakse betooni, asfaldi, kivi ja muude tahkete materjalide t\u00e4pseks l\u00f5ikamiseks. See on vajalik erinevates ehitusetappides, alates vundamentide rajamisest kuni remondi- ja renoveerimist\u00f6\u00f6deni.<\/p>\n<p>\u00dcks peamisi betoonil\u00f5ikuri kasutusvaldkondi on teede ja platside rajamine, kus tuleb teha t\u00e4pseid l\u00f5ikeid n\u00e4iteks dilatatsioonivuukide jaoks, mis aitavad v\u00e4ltida betooni pragunemist. Samuti kasutatakse betoonil\u00f5ikurit vanade struktuuride, n\u00e4iteks seinte v\u00f5i p\u00f5randate, eemaldamiseks v\u00f5i osaliseks kohandamiseks, et rajada uusi avasid torustikele, elektrijuhtmetele v\u00f5i ustele ja akendele.<\/p>\n<p>Betoonil\u00f5ikuri valik s\u00f5ltub projekti vajadustest: elektrilised ja bensiinimootoriga mudelid pakuvad erinevaid v\u00f5imsuse ja liikuvuse tasemeid. Bensiinimootoriga betoonil\u00f5ikurid on eriti kasulikud v\u00e4litingimustes v\u00f5i kohtades, kus elektri\u00fchendus puudub. Seadme l\u00f5ikekettad on loodud taluma k\u00f5rgeid koormusi, tagades puhta ja t\u00e4pse l\u00f5ike ka paksudes ja tugevates materjalides.<\/p>\n<p>Cedrus bensiinimootoriga betoonil\u00f5ikur CEDPC400 kasutamine suurendab t\u00f6\u00f6 efektiivsust ja t\u00e4psust, v\u00e4hendades k\u00e4sitsi t\u00f6\u00f6 tegemise aega ja vaeva. See v\u00f5imaldab saavutada professionaalseid tulemusi, v\u00e4hendades vigade ja materjali raiskamise ohtu. Lisaks parandab t\u00f6\u00f6riista v\u00f5ime l\u00f5igata erinevaid nurki ja kujusid ehitusprojekti paindlikkust ja kvaliteeti.<\/p>\n<p>Kokkuv\u00f5ttes on betoonil\u00f5ikur h\u00e4davajalik, et tagada ehitust\u00f6\u00f6de kiirus, t\u00e4psus ja k\u00f5rge kvaliteet, eriti keerukate ja mahukate projektide puhul.<\/p>\n<p>CEDRUS on \u00fcks suurimaid aiandusmasinate, t\u00f6\u00f6riistade ning metsandus tarvikute edasim\u00fc\u00fcjaid Poolas.<br \/>\nMeie eesm\u00e4rk on pakkuda klientidele k\u00f5rgeima kvaliteediga tooteid konkurentsiv\u00f5imeliste hindadega.<br \/>\nAlates 2016. aastast oleme arendanud ka oma kaubam\u00e4rgi all olevat tootesarja Cedrus.<br \/>\nHetkel pakume enam kui 100 t\u00fc\u00fcpi CEDRUS kaubam\u00e4rgi aia- ja ehitusmasinaid, samuti k\u00f5iki hooldustarvikuid ja varuosi.<br \/>\n<img decoding=\"async\" src=\"https:\/\/www.ranoja.ee\/wp-content\/uploads\/2023\/07\/cedrus-logo-vaike-1-300x99.png\" alt=\"\" width=\"300\" height=\"99\" class=\"alignnone size-medium wp-image-5896\" srcset=\"https:\/\/ranoja.ee\/wp-content\/uploads\/2023\/07\/cedrus-logo-vaike-1-300x99.png 300w, https:\/\/ranoja.ee\/wp-content\/uploads\/2023\/07\/cedrus-logo-vaike-1.png 431w\" sizes=\"(max-width: 300px) 100vw, 300px\" \/><\/p>\n","protected":false},"excerpt":{"rendered":"<p>Cedrus bensiinimootoriga betoonil\u00f5ikur CEDPC400<br \/>\nMootor: Kahetaktiline Cedrus bensiinimootor<br \/>\nV\u00f5imsus:3.5 kW \/ 74 cm3 \/ 8500 rpm<br \/>\nK\u00fctusepaak: 1,1L<br \/>\nMax l\u00f5ikes\u00fcgavus: 125mm<br \/>\nKetta l\u00e4bim\u00f5\u00f5t: 400mm<br \/>\nKetta l\u00f5ikekiirus: 4800 rpm<br \/>\nL\u00f5ikeketta keskava: 25,4mm<br \/>\nKaal 10,2 kg<\/p>\n<p><strong>Seadme eeldatav tarneaeg 1-7 t\u00f6\u00f6p\u00e4eva<\/strong><\/p>\n","protected":false},"featured_media":14342,"template":"","meta":{"inline_featured_image":false},"product_cat":[1131,1090],"product_tag":[1073,1070,1072,137,216,1071],"class_list":{"0":"post-6780","1":"product","2":"type-product","3":"status-publish","4":"has-post-thumbnail","6":"product_brand-cedrus","7":"product_cat-betooniloikurid","8":"product_cat-ehitustehnika","9":"product_tag-400mm","10":"product_tag-bensiinimootoriga-betooniloikur","11":"product_tag-cedpc400","12":"product_tag-cedrus","13":"product_tag-ketas","14":"product_tag-ketasloikur","16":"first","17":"instock","18":"taxable","19":"shipping-taxable","20":"purchasable","21":"product-type-simple"},"yoast_head":"<!-- This site is optimized with the Yoast SEO plugin v27.4 - https:\/\/yoast.com\/product\/yoast-seo-wordpress\/ -->\n<title>Cedrus bensiinimootoriga betoonil\u00f5ikur CEDPC400 - Ranoja<\/title>\n<meta name=\"description\" content=\"Cedrus bensiinimootoriga betoonil\u00f5ikur CEDPC400 Mootor: Kahetaktiline Cedrus bensiinimootor V\u00f5imsus: 3.5 kW \/ 74 cm3 \/ 8500 rpm K\u00fctusepaak: 1,1L\" \/>\n<meta name=\"robots\" content=\"index, follow, max-snippet:-1, max-image-preview:large, max-video-preview:-1\" \/>\n<link rel=\"canonical\" href=\"https:\/\/ranoja.ee\/toode\/cedrus-bensiinimootoriga-betooniloikur-cedpc400\/\" \/>\n<meta property=\"og:locale\" content=\"en_US\" \/>\n<meta property=\"og:type\" content=\"article\" \/>\n<meta property=\"og:title\" content=\"Cedrus bensiinimootoriga betoonil\u00f5ikur CEDPC400 - Ranoja\" \/>\n<meta property=\"og:description\" content=\"Cedrus bensiinimootoriga betoonil\u00f5ikur CEDPC400 Mootor: Kahetaktiline Cedrus bensiinimootor V\u00f5imsus: 3.5 kW \/ 74 cm3 \/ 8500 rpm K\u00fctusepaak: 1,1L\" \/>\n<meta property=\"og:url\" content=\"https:\/\/ranoja.ee\/toode\/cedrus-bensiinimootoriga-betooniloikur-cedpc400\/\" \/>\n<meta property=\"og:site_name\" content=\"Ranoja\" \/>\n<meta property=\"article:publisher\" content=\"https:\/\/www.facebook.com\/ranoja.ee\" \/>\n<meta property=\"article:modified_time\" content=\"2025-12-10T10:14:45+00:00\" \/>\n<meta property=\"og:image\" content=\"https:\/\/ranoja.ee\/wp-content\/uploads\/2023\/11\/Cedrus-bensiinimootoriga-betooniloikur-CEDPC400.jpg\" \/>\n\t<meta property=\"og:image:width\" content=\"1200\" \/>\n\t<meta property=\"og:image:height\" content=\"802\" \/>\n\t<meta property=\"og:image:type\" content=\"image\/jpeg\" \/>\n<meta name=\"twitter:card\" content=\"summary_large_image\" \/>\n<meta name=\"twitter:label1\" content=\"Est. reading time\" \/>\n\t<meta name=\"twitter:data1\" content=\"1 minute\" \/>\n<script type=\"application\/ld+json\" class=\"yoast-schema-graph\">{\"@context\":\"https:\\\/\\\/schema.org\",\"@graph\":[{\"@type\":\"WebPage\",\"@id\":\"https:\\\/\\\/ranoja.ee\\\/toode\\\/cedrus-bensiinimootoriga-betooniloikur-cedpc400\\\/\",\"url\":\"https:\\\/\\\/ranoja.ee\\\/toode\\\/cedrus-bensiinimootoriga-betooniloikur-cedpc400\\\/\",\"name\":\"Cedrus bensiinimootoriga betoonil\u00f5ikur CEDPC400 - Ranoja\",\"isPartOf\":{\"@id\":\"https:\\\/\\\/ranoja.ee\\\/#website\"},\"primaryImageOfPage\":{\"@id\":\"https:\\\/\\\/ranoja.ee\\\/toode\\\/cedrus-bensiinimootoriga-betooniloikur-cedpc400\\\/#primaryimage\"},\"image\":{\"@id\":\"https:\\\/\\\/ranoja.ee\\\/toode\\\/cedrus-bensiinimootoriga-betooniloikur-cedpc400\\\/#primaryimage\"},\"thumbnailUrl\":\"https:\\\/\\\/ranoja.ee\\\/wp-content\\\/uploads\\\/2023\\\/11\\\/Cedrus-bensiinimootoriga-betooniloikur-CEDPC400.jpg\",\"datePublished\":\"2023-11-01T09:47:18+00:00\",\"dateModified\":\"2025-12-10T10:14:45+00:00\",\"description\":\"Cedrus bensiinimootoriga betoonil\u00f5ikur CEDPC400 Mootor: Kahetaktiline Cedrus bensiinimootor V\u00f5imsus: 3.5 kW \\\/ 74 cm3 \\\/ 8500 rpm K\u00fctusepaak: 1,1L\",\"breadcrumb\":{\"@id\":\"https:\\\/\\\/ranoja.ee\\\/toode\\\/cedrus-bensiinimootoriga-betooniloikur-cedpc400\\\/#breadcrumb\"},\"inLanguage\":\"en-US\",\"potentialAction\":[{\"@type\":\"ReadAction\",\"target\":[\"https:\\\/\\\/ranoja.ee\\\/toode\\\/cedrus-bensiinimootoriga-betooniloikur-cedpc400\\\/\"]}]},{\"@type\":\"ImageObject\",\"inLanguage\":\"en-US\",\"@id\":\"https:\\\/\\\/ranoja.ee\\\/toode\\\/cedrus-bensiinimootoriga-betooniloikur-cedpc400\\\/#primaryimage\",\"url\":\"https:\\\/\\\/ranoja.ee\\\/wp-content\\\/uploads\\\/2023\\\/11\\\/Cedrus-bensiinimootoriga-betooniloikur-CEDPC400.jpg\",\"contentUrl\":\"https:\\\/\\\/ranoja.ee\\\/wp-content\\\/uploads\\\/2023\\\/11\\\/Cedrus-bensiinimootoriga-betooniloikur-CEDPC400.jpg\",\"width\":1200,\"height\":802,\"caption\":\"Cedrus bensiinimootoriga betoonil\u00f5ikur CEDPC400\"},{\"@type\":\"BreadcrumbList\",\"@id\":\"https:\\\/\\\/ranoja.ee\\\/toode\\\/cedrus-bensiinimootoriga-betooniloikur-cedpc400\\\/#breadcrumb\",\"itemListElement\":[{\"@type\":\"ListItem\",\"position\":1,\"name\":\"Home\",\"item\":\"https:\\\/\\\/ranoja.ee\\\/\"},{\"@type\":\"ListItem\",\"position\":2,\"name\":\"Shop\",\"item\":\"https:\\\/\\\/ranoja.ee\\\/en\\\/shop\\\/\"},{\"@type\":\"ListItem\",\"position\":3,\"name\":\"Cedrus bensiinimootoriga betoonil\u00f5ikur CEDPC400\"}]},{\"@type\":\"WebSite\",\"@id\":\"https:\\\/\\\/ranoja.ee\\\/#website\",\"url\":\"https:\\\/\\\/ranoja.ee\\\/\",\"name\":\"Ranoja\",\"description\":\"Equipment Shop WooCommerce WordPress Theme for Machine &amp; Tools\",\"publisher\":{\"@id\":\"https:\\\/\\\/ranoja.ee\\\/#organization\"},\"potentialAction\":[{\"@type\":\"SearchAction\",\"target\":{\"@type\":\"EntryPoint\",\"urlTemplate\":\"https:\\\/\\\/ranoja.ee\\\/?s={search_term_string}\"},\"query-input\":{\"@type\":\"PropertyValueSpecification\",\"valueRequired\":true,\"valueName\":\"search_term_string\"}}],\"inLanguage\":\"en-US\"},{\"@type\":\"Organization\",\"@id\":\"https:\\\/\\\/ranoja.ee\\\/#organization\",\"name\":\"Ranoja O\u00dc\",\"url\":\"https:\\\/\\\/ranoja.ee\\\/\",\"logo\":{\"@type\":\"ImageObject\",\"inLanguage\":\"en-US\",\"@id\":\"https:\\\/\\\/ranoja.ee\\\/#\\\/schema\\\/logo\\\/image\\\/\",\"url\":\"https:\\\/\\\/ranoja.ee\\\/wp-content\\\/uploads\\\/2023\\\/11\\\/ranoja-Logo.png\",\"contentUrl\":\"https:\\\/\\\/ranoja.ee\\\/wp-content\\\/uploads\\\/2023\\\/11\\\/ranoja-Logo.png\",\"width\":207,\"height\":58,\"caption\":\"Ranoja O\u00dc\"},\"image\":{\"@id\":\"https:\\\/\\\/ranoja.ee\\\/#\\\/schema\\\/logo\\\/image\\\/\"},\"sameAs\":[\"https:\\\/\\\/www.facebook.com\\\/ranoja.ee\",\"https:\\\/\\\/www.instagram.com\\\/ranoja__\\\/\"]}]}<\/script>\n<!-- \/ Yoast SEO plugin. -->","yoast_head_json":{"title":"Cedrus bensiinimootoriga betoonil\u00f5ikur CEDPC400 - Ranoja","description":"Cedrus bensiinimootoriga betoonil\u00f5ikur CEDPC400 Mootor: Kahetaktiline Cedrus bensiinimootor V\u00f5imsus: 3.5 kW \/ 74 cm3 \/ 8500 rpm K\u00fctusepaak: 1,1L","robots":{"index":"index","follow":"follow","max-snippet":"max-snippet:-1","max-image-preview":"max-image-preview:large","max-video-preview":"max-video-preview:-1"},"canonical":"https:\/\/ranoja.ee\/toode\/cedrus-bensiinimootoriga-betooniloikur-cedpc400\/","og_locale":"en_US","og_type":"article","og_title":"Cedrus bensiinimootoriga betoonil\u00f5ikur CEDPC400 - Ranoja","og_description":"Cedrus bensiinimootoriga betoonil\u00f5ikur CEDPC400 Mootor: Kahetaktiline Cedrus bensiinimootor V\u00f5imsus: 3.5 kW \/ 74 cm3 \/ 8500 rpm K\u00fctusepaak: 1,1L","og_url":"https:\/\/ranoja.ee\/toode\/cedrus-bensiinimootoriga-betooniloikur-cedpc400\/","og_site_name":"Ranoja","article_publisher":"https:\/\/www.facebook.com\/ranoja.ee","article_modified_time":"2025-12-10T10:14:45+00:00","og_image":[{"width":1200,"height":802,"url":"https:\/\/ranoja.ee\/wp-content\/uploads\/2023\/11\/Cedrus-bensiinimootoriga-betooniloikur-CEDPC400.jpg","type":"image\/jpeg"}],"twitter_card":"summary_large_image","twitter_misc":{"Est. reading time":"1 minute"},"schema":{"@context":"https:\/\/schema.org","@graph":[{"@type":"WebPage","@id":"https:\/\/ranoja.ee\/toode\/cedrus-bensiinimootoriga-betooniloikur-cedpc400\/","url":"https:\/\/ranoja.ee\/toode\/cedrus-bensiinimootoriga-betooniloikur-cedpc400\/","name":"Cedrus bensiinimootoriga betoonil\u00f5ikur CEDPC400 - Ranoja","isPartOf":{"@id":"https:\/\/ranoja.ee\/#website"},"primaryImageOfPage":{"@id":"https:\/\/ranoja.ee\/toode\/cedrus-bensiinimootoriga-betooniloikur-cedpc400\/#primaryimage"},"image":{"@id":"https:\/\/ranoja.ee\/toode\/cedrus-bensiinimootoriga-betooniloikur-cedpc400\/#primaryimage"},"thumbnailUrl":"https:\/\/ranoja.ee\/wp-content\/uploads\/2023\/11\/Cedrus-bensiinimootoriga-betooniloikur-CEDPC400.jpg","datePublished":"2023-11-01T09:47:18+00:00","dateModified":"2025-12-10T10:14:45+00:00","description":"Cedrus bensiinimootoriga betoonil\u00f5ikur CEDPC400 Mootor: Kahetaktiline Cedrus bensiinimootor V\u00f5imsus: 3.5 kW \/ 74 cm3 \/ 8500 rpm K\u00fctusepaak: 1,1L","breadcrumb":{"@id":"https:\/\/ranoja.ee\/toode\/cedrus-bensiinimootoriga-betooniloikur-cedpc400\/#breadcrumb"},"inLanguage":"en-US","potentialAction":[{"@type":"ReadAction","target":["https:\/\/ranoja.ee\/toode\/cedrus-bensiinimootoriga-betooniloikur-cedpc400\/"]}]},{"@type":"ImageObject","inLanguage":"en-US","@id":"https:\/\/ranoja.ee\/toode\/cedrus-bensiinimootoriga-betooniloikur-cedpc400\/#primaryimage","url":"https:\/\/ranoja.ee\/wp-content\/uploads\/2023\/11\/Cedrus-bensiinimootoriga-betooniloikur-CEDPC400.jpg","contentUrl":"https:\/\/ranoja.ee\/wp-content\/uploads\/2023\/11\/Cedrus-bensiinimootoriga-betooniloikur-CEDPC400.jpg","width":1200,"height":802,"caption":"Cedrus bensiinimootoriga betoonil\u00f5ikur CEDPC400"},{"@type":"BreadcrumbList","@id":"https:\/\/ranoja.ee\/toode\/cedrus-bensiinimootoriga-betooniloikur-cedpc400\/#breadcrumb","itemListElement":[{"@type":"ListItem","position":1,"name":"Home","item":"https:\/\/ranoja.ee\/"},{"@type":"ListItem","position":2,"name":"Shop","item":"https:\/\/ranoja.ee\/en\/shop\/"},{"@type":"ListItem","position":3,"name":"Cedrus bensiinimootoriga betoonil\u00f5ikur CEDPC400"}]},{"@type":"WebSite","@id":"https:\/\/ranoja.ee\/#website","url":"https:\/\/ranoja.ee\/","name":"Ranoja","description":"Equipment Shop WooCommerce WordPress Theme for Machine &amp; Tools","publisher":{"@id":"https:\/\/ranoja.ee\/#organization"},"potentialAction":[{"@type":"SearchAction","target":{"@type":"EntryPoint","urlTemplate":"https:\/\/ranoja.ee\/?s={search_term_string}"},"query-input":{"@type":"PropertyValueSpecification","valueRequired":true,"valueName":"search_term_string"}}],"inLanguage":"en-US"},{"@type":"Organization","@id":"https:\/\/ranoja.ee\/#organization","name":"Ranoja O\u00dc","url":"https:\/\/ranoja.ee\/","logo":{"@type":"ImageObject","inLanguage":"en-US","@id":"https:\/\/ranoja.ee\/#\/schema\/logo\/image\/","url":"https:\/\/ranoja.ee\/wp-content\/uploads\/2023\/11\/ranoja-Logo.png","contentUrl":"https:\/\/ranoja.ee\/wp-content\/uploads\/2023\/11\/ranoja-Logo.png","width":207,"height":58,"caption":"Ranoja O\u00dc"},"image":{"@id":"https:\/\/ranoja.ee\/#\/schema\/logo\/image\/"},"sameAs":["https:\/\/www.facebook.com\/ranoja.ee","https:\/\/www.instagram.com\/ranoja__\/"]}]}},"_links":{"self":[{"href":"https:\/\/ranoja.ee\/en\/wp-json\/wp\/v2\/product\/6780","targetHints":{"allow":["GET"]}}],"collection":[{"href":"https:\/\/ranoja.ee\/en\/wp-json\/wp\/v2\/product"}],"about":[{"href":"https:\/\/ranoja.ee\/en\/wp-json\/wp\/v2\/types\/product"}],"wp:featuredmedia":[{"embeddable":true,"href":"https:\/\/ranoja.ee\/en\/wp-json\/wp\/v2\/media\/14342"}],"wp:attachment":[{"href":"https:\/\/ranoja.ee\/en\/wp-json\/wp\/v2\/media?parent=6780"}],"wp:term":[{"taxonomy":"product_cat","embeddable":true,"href":"https:\/\/ranoja.ee\/en\/wp-json\/wp\/v2\/product_cat?post=6780"},{"taxonomy":"product_tag","embeddable":true,"href":"https:\/\/ranoja.ee\/en\/wp-json\/wp\/v2\/product_tag?post=6780"}],"curies":[{"name":"wp","href":"https:\/\/api.w.org\/{rel}","templated":true}]}}