{"id":6746,"date":"2023-11-01T11:26:52","date_gmt":"2023-11-01T08:26:52","guid":{"rendered":"https:\/\/www.ranoja.ee\/?post_type=product&#038;p=6746"},"modified":"2025-12-10T13:14:45","modified_gmt":"2025-12-10T10:14:45","slug":"cedrus-lumesahk-cedrtr02","status":"publish","type":"product","link":"https:\/\/ranoja.ee\/en\/toode\/cedrus-lumesahk-cedrtr02\/","title":{"rendered":"Cedrus lumesahk CEDRTR02"},"content":{"rendered":"<p>Cedrus lumesahk CEDRTR02 minikallurile on h\u00e4davajalik talviste teehoiut\u00f6\u00f6de ja kinnistute hoolduse t\u00f5hustamiseks. Minikallur on oma kompaktsuse ja man\u00f6\u00f6verdusv\u00f5ime t\u00f5ttu ideaalne kitsastes oludes, n\u00e4iteks v\u00e4iksematel parklatel, k\u00f5nniteedel ja kitsastel teedel lume eemaldamiseks. Lumesahk t\u00e4iendab seda funktsionaalsust, muutes minikalluri multifunktsionaalseks t\u00f6\u00f6vahendiks, mis suudab kiiresti ja t\u00f5husalt teostada lumekoristust\u00f6id.<\/p>\n<p>Tavap\u00e4rased suuremad lumesahad ei p\u00e4\u00e4se sageli kitsamatesse kohtadesse v\u00f5i v\u00f5ivad kahjustada teepinda v\u00f5i \u00e4\u00e4rekive. Minikallur koos lumesahaga v\u00f5imaldab t\u00e4pset ja delikaatset t\u00f6\u00f6tamist, v\u00e4hendades kahjude riski. Lisaks v\u00f5imaldab sahk suunata lume konkreetsetesse kohtadesse, h\u00f5lbustades selle edasist koristust v\u00f5i \u00e4ravedu.<\/p>\n<p>Lumesaha vajadus on eriti oluline regioonides, kus talviti on tihedad lumesajud. Lumesaha kasutamine aitab v\u00e4hendada manuaalset t\u00f6\u00f6d, kiirendades protsessi ning suurendades t\u00f6\u00f6efektiivsust. Samuti tagab see ohutuma liiklemise, hoides teed ja parkimisalad vabad lumest ja j\u00e4itest.<\/p>\n<p>Minikallurile kinnitatav lumesahk peaks olema vastupidav, reguleeritava kaldenurgaga ja lihtsalt eemaldatav, et v\u00f5imaldada kalluri muud otstarbelist kasutust. Investeerimine lumesahka ei ole pelgalt kulutus, vaid m\u00e4rkimisv\u00e4\u00e4rne samm t\u00f5husama ja mitmek\u00fclgsema masinapargi suunas. See lahendus v\u00e4hendab t\u00f6\u00f6aega ja t\u00f6\u00f6j\u00f5ukulusid ning tagab sujuvama talvise hooldustegevuse.Cedrus lumesahk CEDRTR02<\/p>\n<p>CEDRUS on \u00fcks suurimaid aiandusmasinate, t\u00f6\u00f6riistade ning metsandus tarvikute edasim\u00fc\u00fcjaid Poolas.<br \/>\nMeie eesm\u00e4rk on pakkuda klientidele k\u00f5rgeima kvaliteediga tooteid konkurentsiv\u00f5imeliste hindadega.<br \/>\nAlates 2016. aastast oleme arendanud ka oma kaubam\u00e4rgi all olevat tootesarja Cedrus.<br \/>\nHetkel pakume enam kui 100 t\u00fc\u00fcpi CEDRUS kaubam\u00e4rgi aia- ja ehitusmasinaid, samuti k\u00f5iki hooldustarvikuid ja varuosi.<br \/>\n<img decoding=\"async\" src=\"https:\/\/www.ranoja.ee\/wp-content\/uploads\/2023\/07\/cedrus-logo-vaike-1-300x99.png\" alt=\"\" width=\"300\" height=\"99\" class=\"alignnone size-medium wp-image-5896\" srcset=\"https:\/\/ranoja.ee\/wp-content\/uploads\/2023\/07\/cedrus-logo-vaike-1-300x99.png 300w, https:\/\/ranoja.ee\/wp-content\/uploads\/2023\/07\/cedrus-logo-vaike-1.png 431w\" sizes=\"(max-width: 300px) 100vw, 300px\" \/><\/p>\n","protected":false},"excerpt":{"rendered":"<p>Cedrus lumesahk CEDRTR02<br \/>\nSahk sobib seadmele: Minikallur CEDTR300G<br \/>\n<a href=\"https:\/\/www.ranoja.ee\/toode\/cedrus-minikallur-cedtr300g\/\">Cedrus minikallur CEDTR300G<\/a><\/p>\n<p><strong>Seadme eeldatav tarneaeg 1-7 t\u00f6\u00f6p\u00e4eva<\/strong><\/p>\n","protected":false},"featured_media":13565,"template":"","meta":{"inline_featured_image":false},"product_cat":[1090,99],"product_tag":[1067,351,574,346],"class_list":{"0":"post-6746","1":"product","2":"type-product","3":"status-publish","4":"has-post-thumbnail","6":"product_brand-cedrus","7":"product_cat-ehitustehnika","8":"product_cat-minikallurid","9":"product_tag-cedrtr02","10":"product_tag-cedtr300g","11":"product_tag-lumesahk","12":"product_tag-minikallur","14":"first","15":"instock","16":"taxable","17":"shipping-taxable","18":"purchasable","19":"product-type-simple"},"yoast_head":"<!-- This site is optimized with the Yoast SEO plugin v27.4 - https:\/\/yoast.com\/product\/yoast-seo-wordpress\/ -->\n<title>Cedrus lumesahk CEDRTR02<\/title>\n<meta name=\"description\" content=\"Sobib seadmele Cedrus minikallur CEDTR300G. Lumesahk muudab minikalluri mitmek\u00fclgsemaks ja laiendab tema kasutamis v\u00f5imalusi.\" \/>\n<meta name=\"robots\" content=\"index, follow, max-snippet:-1, max-image-preview:large, max-video-preview:-1\" \/>\n<link rel=\"canonical\" href=\"https:\/\/ranoja.ee\/toode\/cedrus-lumesahk-cedrtr02\/\" \/>\n<meta property=\"og:locale\" content=\"en_US\" \/>\n<meta property=\"og:type\" content=\"article\" \/>\n<meta property=\"og:title\" content=\"Cedrus lumesahk CEDRTR02\" \/>\n<meta property=\"og:description\" content=\"Sobib seadmele Cedrus minikallur CEDTR300G. Lumesahk muudab minikalluri mitmek\u00fclgsemaks ja laiendab tema kasutamis v\u00f5imalusi.\" \/>\n<meta property=\"og:url\" content=\"https:\/\/ranoja.ee\/toode\/cedrus-lumesahk-cedrtr02\/\" \/>\n<meta property=\"og:site_name\" content=\"Ranoja\" \/>\n<meta property=\"article:publisher\" content=\"https:\/\/www.facebook.com\/ranoja.ee\" \/>\n<meta property=\"article:modified_time\" content=\"2025-12-10T10:14:45+00:00\" \/>\n<meta property=\"og:image\" content=\"https:\/\/ranoja.ee\/wp-content\/uploads\/2023\/11\/Cedrus-lumesahk-CEDRTR02-2-1.jpg\" \/>\n\t<meta property=\"og:image:width\" content=\"800\" \/>\n\t<meta property=\"og:image:height\" content=\"587\" \/>\n\t<meta property=\"og:image:type\" content=\"image\/jpeg\" \/>\n<meta name=\"twitter:card\" content=\"summary_large_image\" \/>\n<meta name=\"twitter:label1\" content=\"Est. reading time\" \/>\n\t<meta name=\"twitter:data1\" content=\"1 minute\" \/>\n<script type=\"application\/ld+json\" class=\"yoast-schema-graph\">{\"@context\":\"https:\\\/\\\/schema.org\",\"@graph\":[{\"@type\":\"WebPage\",\"@id\":\"https:\\\/\\\/ranoja.ee\\\/toode\\\/cedrus-lumesahk-cedrtr02\\\/\",\"url\":\"https:\\\/\\\/ranoja.ee\\\/toode\\\/cedrus-lumesahk-cedrtr02\\\/\",\"name\":\"Cedrus lumesahk CEDRTR02\",\"isPartOf\":{\"@id\":\"https:\\\/\\\/ranoja.ee\\\/#website\"},\"primaryImageOfPage\":{\"@id\":\"https:\\\/\\\/ranoja.ee\\\/toode\\\/cedrus-lumesahk-cedrtr02\\\/#primaryimage\"},\"image\":{\"@id\":\"https:\\\/\\\/ranoja.ee\\\/toode\\\/cedrus-lumesahk-cedrtr02\\\/#primaryimage\"},\"thumbnailUrl\":\"https:\\\/\\\/ranoja.ee\\\/wp-content\\\/uploads\\\/2023\\\/11\\\/Cedrus-lumesahk-CEDRTR02-2-1.jpg\",\"datePublished\":\"2023-11-01T08:26:52+00:00\",\"dateModified\":\"2025-12-10T10:14:45+00:00\",\"description\":\"Sobib seadmele Cedrus minikallur CEDTR300G. Lumesahk muudab minikalluri mitmek\u00fclgsemaks ja laiendab tema kasutamis v\u00f5imalusi.\",\"breadcrumb\":{\"@id\":\"https:\\\/\\\/ranoja.ee\\\/toode\\\/cedrus-lumesahk-cedrtr02\\\/#breadcrumb\"},\"inLanguage\":\"en-US\",\"potentialAction\":[{\"@type\":\"ReadAction\",\"target\":[\"https:\\\/\\\/ranoja.ee\\\/toode\\\/cedrus-lumesahk-cedrtr02\\\/\"]}]},{\"@type\":\"ImageObject\",\"inLanguage\":\"en-US\",\"@id\":\"https:\\\/\\\/ranoja.ee\\\/toode\\\/cedrus-lumesahk-cedrtr02\\\/#primaryimage\",\"url\":\"https:\\\/\\\/ranoja.ee\\\/wp-content\\\/uploads\\\/2023\\\/11\\\/Cedrus-lumesahk-CEDRTR02-2-1.jpg\",\"contentUrl\":\"https:\\\/\\\/ranoja.ee\\\/wp-content\\\/uploads\\\/2023\\\/11\\\/Cedrus-lumesahk-CEDRTR02-2-1.jpg\",\"width\":800,\"height\":587,\"caption\":\"Cedrus lumesahk CEDRTR02\"},{\"@type\":\"BreadcrumbList\",\"@id\":\"https:\\\/\\\/ranoja.ee\\\/toode\\\/cedrus-lumesahk-cedrtr02\\\/#breadcrumb\",\"itemListElement\":[{\"@type\":\"ListItem\",\"position\":1,\"name\":\"Home\",\"item\":\"https:\\\/\\\/ranoja.ee\\\/\"},{\"@type\":\"ListItem\",\"position\":2,\"name\":\"Shop\",\"item\":\"https:\\\/\\\/ranoja.ee\\\/en\\\/shop\\\/\"},{\"@type\":\"ListItem\",\"position\":3,\"name\":\"Cedrus lumesahk CEDRTR02\"}]},{\"@type\":\"WebSite\",\"@id\":\"https:\\\/\\\/ranoja.ee\\\/#website\",\"url\":\"https:\\\/\\\/ranoja.ee\\\/\",\"name\":\"Ranoja\",\"description\":\"Equipment Shop WooCommerce WordPress Theme for Machine &amp; Tools\",\"publisher\":{\"@id\":\"https:\\\/\\\/ranoja.ee\\\/#organization\"},\"potentialAction\":[{\"@type\":\"SearchAction\",\"target\":{\"@type\":\"EntryPoint\",\"urlTemplate\":\"https:\\\/\\\/ranoja.ee\\\/?s={search_term_string}\"},\"query-input\":{\"@type\":\"PropertyValueSpecification\",\"valueRequired\":true,\"valueName\":\"search_term_string\"}}],\"inLanguage\":\"en-US\"},{\"@type\":\"Organization\",\"@id\":\"https:\\\/\\\/ranoja.ee\\\/#organization\",\"name\":\"Ranoja O\u00dc\",\"url\":\"https:\\\/\\\/ranoja.ee\\\/\",\"logo\":{\"@type\":\"ImageObject\",\"inLanguage\":\"en-US\",\"@id\":\"https:\\\/\\\/ranoja.ee\\\/#\\\/schema\\\/logo\\\/image\\\/\",\"url\":\"https:\\\/\\\/ranoja.ee\\\/wp-content\\\/uploads\\\/2023\\\/11\\\/ranoja-Logo.png\",\"contentUrl\":\"https:\\\/\\\/ranoja.ee\\\/wp-content\\\/uploads\\\/2023\\\/11\\\/ranoja-Logo.png\",\"width\":207,\"height\":58,\"caption\":\"Ranoja O\u00dc\"},\"image\":{\"@id\":\"https:\\\/\\\/ranoja.ee\\\/#\\\/schema\\\/logo\\\/image\\\/\"},\"sameAs\":[\"https:\\\/\\\/www.facebook.com\\\/ranoja.ee\",\"https:\\\/\\\/www.instagram.com\\\/ranoja__\\\/\"]}]}<\/script>\n<!-- \/ Yoast SEO plugin. -->","yoast_head_json":{"title":"Cedrus lumesahk CEDRTR02","description":"Sobib seadmele Cedrus minikallur CEDTR300G. Lumesahk muudab minikalluri mitmek\u00fclgsemaks ja laiendab tema kasutamis v\u00f5imalusi.","robots":{"index":"index","follow":"follow","max-snippet":"max-snippet:-1","max-image-preview":"max-image-preview:large","max-video-preview":"max-video-preview:-1"},"canonical":"https:\/\/ranoja.ee\/toode\/cedrus-lumesahk-cedrtr02\/","og_locale":"en_US","og_type":"article","og_title":"Cedrus lumesahk CEDRTR02","og_description":"Sobib seadmele Cedrus minikallur CEDTR300G. Lumesahk muudab minikalluri mitmek\u00fclgsemaks ja laiendab tema kasutamis v\u00f5imalusi.","og_url":"https:\/\/ranoja.ee\/toode\/cedrus-lumesahk-cedrtr02\/","og_site_name":"Ranoja","article_publisher":"https:\/\/www.facebook.com\/ranoja.ee","article_modified_time":"2025-12-10T10:14:45+00:00","og_image":[{"width":800,"height":587,"url":"https:\/\/ranoja.ee\/wp-content\/uploads\/2023\/11\/Cedrus-lumesahk-CEDRTR02-2-1.jpg","type":"image\/jpeg"}],"twitter_card":"summary_large_image","twitter_misc":{"Est. reading time":"1 minute"},"schema":{"@context":"https:\/\/schema.org","@graph":[{"@type":"WebPage","@id":"https:\/\/ranoja.ee\/toode\/cedrus-lumesahk-cedrtr02\/","url":"https:\/\/ranoja.ee\/toode\/cedrus-lumesahk-cedrtr02\/","name":"Cedrus lumesahk CEDRTR02","isPartOf":{"@id":"https:\/\/ranoja.ee\/#website"},"primaryImageOfPage":{"@id":"https:\/\/ranoja.ee\/toode\/cedrus-lumesahk-cedrtr02\/#primaryimage"},"image":{"@id":"https:\/\/ranoja.ee\/toode\/cedrus-lumesahk-cedrtr02\/#primaryimage"},"thumbnailUrl":"https:\/\/ranoja.ee\/wp-content\/uploads\/2023\/11\/Cedrus-lumesahk-CEDRTR02-2-1.jpg","datePublished":"2023-11-01T08:26:52+00:00","dateModified":"2025-12-10T10:14:45+00:00","description":"Sobib seadmele Cedrus minikallur CEDTR300G. Lumesahk muudab minikalluri mitmek\u00fclgsemaks ja laiendab tema kasutamis v\u00f5imalusi.","breadcrumb":{"@id":"https:\/\/ranoja.ee\/toode\/cedrus-lumesahk-cedrtr02\/#breadcrumb"},"inLanguage":"en-US","potentialAction":[{"@type":"ReadAction","target":["https:\/\/ranoja.ee\/toode\/cedrus-lumesahk-cedrtr02\/"]}]},{"@type":"ImageObject","inLanguage":"en-US","@id":"https:\/\/ranoja.ee\/toode\/cedrus-lumesahk-cedrtr02\/#primaryimage","url":"https:\/\/ranoja.ee\/wp-content\/uploads\/2023\/11\/Cedrus-lumesahk-CEDRTR02-2-1.jpg","contentUrl":"https:\/\/ranoja.ee\/wp-content\/uploads\/2023\/11\/Cedrus-lumesahk-CEDRTR02-2-1.jpg","width":800,"height":587,"caption":"Cedrus lumesahk CEDRTR02"},{"@type":"BreadcrumbList","@id":"https:\/\/ranoja.ee\/toode\/cedrus-lumesahk-cedrtr02\/#breadcrumb","itemListElement":[{"@type":"ListItem","position":1,"name":"Home","item":"https:\/\/ranoja.ee\/"},{"@type":"ListItem","position":2,"name":"Shop","item":"https:\/\/ranoja.ee\/en\/shop\/"},{"@type":"ListItem","position":3,"name":"Cedrus lumesahk CEDRTR02"}]},{"@type":"WebSite","@id":"https:\/\/ranoja.ee\/#website","url":"https:\/\/ranoja.ee\/","name":"Ranoja","description":"Equipment Shop WooCommerce WordPress Theme for Machine &amp; Tools","publisher":{"@id":"https:\/\/ranoja.ee\/#organization"},"potentialAction":[{"@type":"SearchAction","target":{"@type":"EntryPoint","urlTemplate":"https:\/\/ranoja.ee\/?s={search_term_string}"},"query-input":{"@type":"PropertyValueSpecification","valueRequired":true,"valueName":"search_term_string"}}],"inLanguage":"en-US"},{"@type":"Organization","@id":"https:\/\/ranoja.ee\/#organization","name":"Ranoja O\u00dc","url":"https:\/\/ranoja.ee\/","logo":{"@type":"ImageObject","inLanguage":"en-US","@id":"https:\/\/ranoja.ee\/#\/schema\/logo\/image\/","url":"https:\/\/ranoja.ee\/wp-content\/uploads\/2023\/11\/ranoja-Logo.png","contentUrl":"https:\/\/ranoja.ee\/wp-content\/uploads\/2023\/11\/ranoja-Logo.png","width":207,"height":58,"caption":"Ranoja O\u00dc"},"image":{"@id":"https:\/\/ranoja.ee\/#\/schema\/logo\/image\/"},"sameAs":["https:\/\/www.facebook.com\/ranoja.ee","https:\/\/www.instagram.com\/ranoja__\/"]}]}},"_links":{"self":[{"href":"https:\/\/ranoja.ee\/en\/wp-json\/wp\/v2\/product\/6746","targetHints":{"allow":["GET"]}}],"collection":[{"href":"https:\/\/ranoja.ee\/en\/wp-json\/wp\/v2\/product"}],"about":[{"href":"https:\/\/ranoja.ee\/en\/wp-json\/wp\/v2\/types\/product"}],"wp:featuredmedia":[{"embeddable":true,"href":"https:\/\/ranoja.ee\/en\/wp-json\/wp\/v2\/media\/13565"}],"wp:attachment":[{"href":"https:\/\/ranoja.ee\/en\/wp-json\/wp\/v2\/media?parent=6746"}],"wp:term":[{"taxonomy":"product_cat","embeddable":true,"href":"https:\/\/ranoja.ee\/en\/wp-json\/wp\/v2\/product_cat?post=6746"},{"taxonomy":"product_tag","embeddable":true,"href":"https:\/\/ranoja.ee\/en\/wp-json\/wp\/v2\/product_tag?post=6746"}],"curies":[{"name":"wp","href":"https:\/\/api.w.org\/{rel}","templated":true}]}}