{"id":6706,"date":"2023-10-28T10:33:16","date_gmt":"2023-10-28T07:33:16","guid":{"rendered":"https:\/\/www.ranoja.ee\/?post_type=product&#038;p=6706"},"modified":"2025-12-12T14:50:31","modified_gmt":"2025-12-12T11:50:31","slug":"cedrus-4-in-1-aiatooriist-cedlv58s","status":"publish","type":"product","link":"https:\/\/ranoja.ee\/en\/toode\/cedrus-4-in-1-aiatooriist-cedlv58s\/","title":{"rendered":"Cedrus 4 in 1 Aiat\u00f6\u00f6riist CEDLV58S"},"content":{"rendered":"<p>Cedrus 4 in 1 Aiat\u00f6\u00f6riist CEDLV58S<br \/>\nKevad on hea aeg sambaeemaldajaga t\u00f6\u00f6tamiseks, et eemaldada talve jooksul tekkinud sammal murult ja parandada muru seisundit. Siin on m\u00f5ned sammud, mida v\u00f5iksite j\u00e4rgida kevadiste t\u00f6\u00f6de tegemisel sambaeemaldajaga:<\/p>\n<p>Muru ettevalmistamine: Enne sambaeemaldaja kasutamist tuleks muru puhastada lehtedest, oksadest ja muust prahtimaterjalist. Kindlasti tuleks muru ka korralikult niita, et sambaeemaldaja saaks t\u00f5husalt muru pinna k\u00e4tte.<\/p>\n<p>Sambaeemaldaja seadistamine: Seadistage sambaeemaldaja vastavalt tootja juhistele, et tagada optimaalne j\u00f5udlus ja tulemused. Veenduge, et t\u00f6\u00f6riist oleks korralikult hooldatud ja et terad oleksid piisavalt teravad.<\/p>\n<p>T\u00f6\u00f6 l\u00e4biviimine: Alustage sambaeemaldajaga \u00fchtlasel ja j\u00e4rjekindlal liikumisel \u00fcle muru. Veenduge, et te ei l\u00e4heks liiga kiiresti \u00fcle muru, et sambaeemaldaja saaks piisavalt aega sammalde eemaldamiseks.<\/p>\n<p>Korrake vajadusel: Kui murul on palju sammalt v\u00f5i kui sammaleemaldus ei andnud soovitud tulemusi, v\u00f5ite vajadusel protsessi korrata. Oluline on teha kindlaks, et muru ei saaks liiga palju kahjustada.<\/p>\n<p>J\u00e4relhooldus: P\u00e4rast sambaeemaldajaga t\u00f6\u00f6tamist v\u00f5ib olla kasulik muru kergelt kasta, et aidata taastumist ja muru kasvu. Samuti v\u00f5ib olla hea aeg lisada v\u00e4etist, et toetada muru tervislikku kasvu ja v\u00e4ltida sammalde tagasikasvu.<\/p>\n<p>Oluline on j\u00e4rgida tootja juhiseid ja kasutada sambaeemaldajat ohutult ning vastavalt selle otstarbele. Kui teil on kahtlusi v\u00f5i k\u00fcsimusi, v\u00f5ite alati p\u00f6\u00f6rduda spetsialisti v\u00f5i kogenud aedniku poole abi saamiseks.<br \/>\nCedrus 4 in 1 Aiat\u00f6\u00f6riist CEDLV58S<\/p>\n<p>CEDRUS on \u00fcks suurimaid aiandusmasinate, t\u00f6\u00f6riistade ning metsandus tarvikute edasim\u00fc\u00fcjaid Poolas.<br \/>\nMeie eesm\u00e4rk on pakkuda klientidele k\u00f5rgeima kvaliteediga tooteid konkurentsiv\u00f5imeliste hindadega.<br \/>\nAlates 2016. aastast oleme arendanud ka oma kaubam\u00e4rgi all olevat tootesarja Cedrus.<br \/>\nHetkel pakume enam kui 100 t\u00fc\u00fcpi CEDRUS kaubam\u00e4rgi aia- ja ehitusmasinaid, samuti k\u00f5iki hooldustarvikuid ja varuosi.<br \/>\n<img decoding=\"async\" src=\"https:\/\/www.ranoja.ee\/wp-content\/uploads\/2023\/07\/cedrus-logo-vaike-1-300x99.png\" alt=\"\" width=\"300\" height=\"99\" class=\"alignnone size-medium wp-image-5896\" srcset=\"https:\/\/ranoja.ee\/wp-content\/uploads\/2023\/07\/cedrus-logo-vaike-1-300x99.png 300w, https:\/\/ranoja.ee\/wp-content\/uploads\/2023\/07\/cedrus-logo-vaike-1.png 431w\" sizes=\"(max-width: 300px) 100vw, 300px\" \/><\/p>\n","protected":false},"excerpt":{"rendered":"<p>Cedrus 4 in 1 Aiat\u00f6\u00f6riist CEDLV58S<br \/>\n<strong>Seadme funktsioonid: Leheimur voolikuga, leheimur, harjas, muru\u00f5hutamine<\/strong><br \/>\nMootor LC1P65FC 4 taklitile bensiinimootor 159cm 3<br \/>\nT\u00f6\u00f6laius: 580mm<br \/>\nT\u00f6\u00f6k\u00f5rgus:  15-60mm<br \/>\nMax \u00f5hukiirus: 270km\/h<br \/>\nMax \u00f5hukogus: 18m\u00b3\/min<br \/>\nKoguja: 150L<br \/>\nEsirattad \/ tagarattad: 7.5&#8243; \/ 10.5&#8243;<br \/>\n<strong>Seade on isevedav!<\/strong><br \/>\nKaal: 46kg<\/p>\n<p><span style=\"color: #000000;\"><strong>Garantii 1 aasta (eraisikule 3 aastat)<\/strong><\/span><br \/>\n<strong>Seadme eeldatav tarneaeg 1-7 t\u00f6\u00f6p\u00e4eva<\/strong><\/p>\n","protected":false},"featured_media":12027,"template":"","meta":{"inline_featured_image":false},"product_cat":[1079,903,1083],"product_tag":[581,1063,1064,137,810,1062,558],"class_list":{"0":"post-6706","1":"product","2":"type-product","3":"status-publish","4":"has-post-thumbnail","6":"product_brand-cedrus","7":"product_cat-aiatehnika-ja-niidutehnika","8":"product_cat-lehepuhurid-ja-imurid","9":"product_cat-muruohutajad","10":"product_tag-aeraator","11":"product_tag-aiahooldus","12":"product_tag-cedlv58s","13":"product_tag-cedrus","14":"product_tag-imur","15":"product_tag-leheimur","16":"product_tag-tanavahari","18":"first","19":"instock","20":"taxable","21":"shipping-taxable","22":"purchasable","23":"product-type-simple"},"yoast_head":"<!-- This site is optimized with the Yoast SEO plugin v27.4 - https:\/\/yoast.com\/product\/yoast-seo-wordpress\/ -->\n<title>Cedrus 4 in 1 Aiat\u00f6\u00f6riist CEDLV58S<\/title>\n<meta name=\"description\" content=\"Seadme funktsioonid: Leheimur voolikuga, leheimur, harjas, muru\u00f5hutamine Mootor LC1P65FC Cedrus 4 in 1 Aiat\u00f6\u00f6riist CEDLV58S\" \/>\n<meta name=\"robots\" content=\"index, follow, max-snippet:-1, max-image-preview:large, max-video-preview:-1\" \/>\n<link rel=\"canonical\" href=\"https:\/\/ranoja.ee\/toode\/cedrus-4-in-1-aiatooriist-cedlv58s\/\" \/>\n<meta property=\"og:locale\" content=\"en_US\" \/>\n<meta property=\"og:type\" content=\"article\" \/>\n<meta property=\"og:title\" content=\"Cedrus 4 in 1 Aiat\u00f6\u00f6riist CEDLV58S\" \/>\n<meta property=\"og:description\" content=\"Seadme funktsioonid: Leheimur voolikuga, leheimur, harjas, muru\u00f5hutamine Mootor LC1P65FC Cedrus 4 in 1 Aiat\u00f6\u00f6riist CEDLV58S\" \/>\n<meta property=\"og:url\" content=\"https:\/\/ranoja.ee\/toode\/cedrus-4-in-1-aiatooriist-cedlv58s\/\" \/>\n<meta property=\"og:site_name\" content=\"Ranoja\" \/>\n<meta property=\"article:publisher\" content=\"https:\/\/www.facebook.com\/ranoja.ee\" \/>\n<meta property=\"article:modified_time\" content=\"2025-12-12T11:50:31+00:00\" \/>\n<meta property=\"og:image\" content=\"https:\/\/ranoja.ee\/wp-content\/uploads\/2023\/10\/Cedrus-4-in-1-Aiatooriist-CEDLV58S.jpg\" \/>\n\t<meta property=\"og:image:width\" content=\"800\" \/>\n\t<meta property=\"og:image:height\" content=\"800\" \/>\n\t<meta property=\"og:image:type\" content=\"image\/jpeg\" \/>\n<meta name=\"twitter:card\" content=\"summary_large_image\" \/>\n<meta name=\"twitter:label1\" content=\"Est. reading time\" \/>\n\t<meta name=\"twitter:data1\" content=\"2 minutes\" \/>\n<script type=\"application\/ld+json\" class=\"yoast-schema-graph\">{\"@context\":\"https:\\\/\\\/schema.org\",\"@graph\":[{\"@type\":\"WebPage\",\"@id\":\"https:\\\/\\\/ranoja.ee\\\/toode\\\/cedrus-4-in-1-aiatooriist-cedlv58s\\\/\",\"url\":\"https:\\\/\\\/ranoja.ee\\\/toode\\\/cedrus-4-in-1-aiatooriist-cedlv58s\\\/\",\"name\":\"Cedrus 4 in 1 Aiat\u00f6\u00f6riist CEDLV58S\",\"isPartOf\":{\"@id\":\"https:\\\/\\\/ranoja.ee\\\/#website\"},\"primaryImageOfPage\":{\"@id\":\"https:\\\/\\\/ranoja.ee\\\/toode\\\/cedrus-4-in-1-aiatooriist-cedlv58s\\\/#primaryimage\"},\"image\":{\"@id\":\"https:\\\/\\\/ranoja.ee\\\/toode\\\/cedrus-4-in-1-aiatooriist-cedlv58s\\\/#primaryimage\"},\"thumbnailUrl\":\"https:\\\/\\\/ranoja.ee\\\/wp-content\\\/uploads\\\/2023\\\/10\\\/Cedrus-4-in-1-Aiatooriist-CEDLV58S.jpg\",\"datePublished\":\"2023-10-28T07:33:16+00:00\",\"dateModified\":\"2025-12-12T11:50:31+00:00\",\"description\":\"Seadme funktsioonid: Leheimur voolikuga, leheimur, harjas, muru\u00f5hutamine Mootor LC1P65FC Cedrus 4 in 1 Aiat\u00f6\u00f6riist CEDLV58S\",\"breadcrumb\":{\"@id\":\"https:\\\/\\\/ranoja.ee\\\/toode\\\/cedrus-4-in-1-aiatooriist-cedlv58s\\\/#breadcrumb\"},\"inLanguage\":\"en-US\",\"potentialAction\":[{\"@type\":\"ReadAction\",\"target\":[\"https:\\\/\\\/ranoja.ee\\\/toode\\\/cedrus-4-in-1-aiatooriist-cedlv58s\\\/\"]}]},{\"@type\":\"ImageObject\",\"inLanguage\":\"en-US\",\"@id\":\"https:\\\/\\\/ranoja.ee\\\/toode\\\/cedrus-4-in-1-aiatooriist-cedlv58s\\\/#primaryimage\",\"url\":\"https:\\\/\\\/ranoja.ee\\\/wp-content\\\/uploads\\\/2023\\\/10\\\/Cedrus-4-in-1-Aiatooriist-CEDLV58S.jpg\",\"contentUrl\":\"https:\\\/\\\/ranoja.ee\\\/wp-content\\\/uploads\\\/2023\\\/10\\\/Cedrus-4-in-1-Aiatooriist-CEDLV58S.jpg\",\"width\":800,\"height\":800,\"caption\":\"Cedrus 4 in 1 Aiat\u00f6\u00f6riist CEDLV58S\"},{\"@type\":\"BreadcrumbList\",\"@id\":\"https:\\\/\\\/ranoja.ee\\\/toode\\\/cedrus-4-in-1-aiatooriist-cedlv58s\\\/#breadcrumb\",\"itemListElement\":[{\"@type\":\"ListItem\",\"position\":1,\"name\":\"Home\",\"item\":\"https:\\\/\\\/ranoja.ee\\\/\"},{\"@type\":\"ListItem\",\"position\":2,\"name\":\"Shop\",\"item\":\"https:\\\/\\\/ranoja.ee\\\/en\\\/shop\\\/\"},{\"@type\":\"ListItem\",\"position\":3,\"name\":\"Cedrus 4 in 1 Aiat\u00f6\u00f6riist CEDLV58S\"}]},{\"@type\":\"WebSite\",\"@id\":\"https:\\\/\\\/ranoja.ee\\\/#website\",\"url\":\"https:\\\/\\\/ranoja.ee\\\/\",\"name\":\"Ranoja\",\"description\":\"Equipment Shop WooCommerce WordPress Theme for Machine &amp; Tools\",\"publisher\":{\"@id\":\"https:\\\/\\\/ranoja.ee\\\/#organization\"},\"potentialAction\":[{\"@type\":\"SearchAction\",\"target\":{\"@type\":\"EntryPoint\",\"urlTemplate\":\"https:\\\/\\\/ranoja.ee\\\/?s={search_term_string}\"},\"query-input\":{\"@type\":\"PropertyValueSpecification\",\"valueRequired\":true,\"valueName\":\"search_term_string\"}}],\"inLanguage\":\"en-US\"},{\"@type\":\"Organization\",\"@id\":\"https:\\\/\\\/ranoja.ee\\\/#organization\",\"name\":\"Ranoja O\u00dc\",\"url\":\"https:\\\/\\\/ranoja.ee\\\/\",\"logo\":{\"@type\":\"ImageObject\",\"inLanguage\":\"en-US\",\"@id\":\"https:\\\/\\\/ranoja.ee\\\/#\\\/schema\\\/logo\\\/image\\\/\",\"url\":\"https:\\\/\\\/ranoja.ee\\\/wp-content\\\/uploads\\\/2023\\\/11\\\/ranoja-Logo.png\",\"contentUrl\":\"https:\\\/\\\/ranoja.ee\\\/wp-content\\\/uploads\\\/2023\\\/11\\\/ranoja-Logo.png\",\"width\":207,\"height\":58,\"caption\":\"Ranoja O\u00dc\"},\"image\":{\"@id\":\"https:\\\/\\\/ranoja.ee\\\/#\\\/schema\\\/logo\\\/image\\\/\"},\"sameAs\":[\"https:\\\/\\\/www.facebook.com\\\/ranoja.ee\",\"https:\\\/\\\/www.instagram.com\\\/ranoja__\\\/\"]}]}<\/script>\n<!-- \/ Yoast SEO plugin. -->","yoast_head_json":{"title":"Cedrus 4 in 1 Aiat\u00f6\u00f6riist CEDLV58S","description":"Seadme funktsioonid: Leheimur voolikuga, leheimur, harjas, muru\u00f5hutamine Mootor LC1P65FC Cedrus 4 in 1 Aiat\u00f6\u00f6riist CEDLV58S","robots":{"index":"index","follow":"follow","max-snippet":"max-snippet:-1","max-image-preview":"max-image-preview:large","max-video-preview":"max-video-preview:-1"},"canonical":"https:\/\/ranoja.ee\/toode\/cedrus-4-in-1-aiatooriist-cedlv58s\/","og_locale":"en_US","og_type":"article","og_title":"Cedrus 4 in 1 Aiat\u00f6\u00f6riist CEDLV58S","og_description":"Seadme funktsioonid: Leheimur voolikuga, leheimur, harjas, muru\u00f5hutamine Mootor LC1P65FC Cedrus 4 in 1 Aiat\u00f6\u00f6riist CEDLV58S","og_url":"https:\/\/ranoja.ee\/toode\/cedrus-4-in-1-aiatooriist-cedlv58s\/","og_site_name":"Ranoja","article_publisher":"https:\/\/www.facebook.com\/ranoja.ee","article_modified_time":"2025-12-12T11:50:31+00:00","og_image":[{"width":800,"height":800,"url":"https:\/\/ranoja.ee\/wp-content\/uploads\/2023\/10\/Cedrus-4-in-1-Aiatooriist-CEDLV58S.jpg","type":"image\/jpeg"}],"twitter_card":"summary_large_image","twitter_misc":{"Est. reading time":"2 minutes"},"schema":{"@context":"https:\/\/schema.org","@graph":[{"@type":"WebPage","@id":"https:\/\/ranoja.ee\/toode\/cedrus-4-in-1-aiatooriist-cedlv58s\/","url":"https:\/\/ranoja.ee\/toode\/cedrus-4-in-1-aiatooriist-cedlv58s\/","name":"Cedrus 4 in 1 Aiat\u00f6\u00f6riist CEDLV58S","isPartOf":{"@id":"https:\/\/ranoja.ee\/#website"},"primaryImageOfPage":{"@id":"https:\/\/ranoja.ee\/toode\/cedrus-4-in-1-aiatooriist-cedlv58s\/#primaryimage"},"image":{"@id":"https:\/\/ranoja.ee\/toode\/cedrus-4-in-1-aiatooriist-cedlv58s\/#primaryimage"},"thumbnailUrl":"https:\/\/ranoja.ee\/wp-content\/uploads\/2023\/10\/Cedrus-4-in-1-Aiatooriist-CEDLV58S.jpg","datePublished":"2023-10-28T07:33:16+00:00","dateModified":"2025-12-12T11:50:31+00:00","description":"Seadme funktsioonid: Leheimur voolikuga, leheimur, harjas, muru\u00f5hutamine Mootor LC1P65FC Cedrus 4 in 1 Aiat\u00f6\u00f6riist CEDLV58S","breadcrumb":{"@id":"https:\/\/ranoja.ee\/toode\/cedrus-4-in-1-aiatooriist-cedlv58s\/#breadcrumb"},"inLanguage":"en-US","potentialAction":[{"@type":"ReadAction","target":["https:\/\/ranoja.ee\/toode\/cedrus-4-in-1-aiatooriist-cedlv58s\/"]}]},{"@type":"ImageObject","inLanguage":"en-US","@id":"https:\/\/ranoja.ee\/toode\/cedrus-4-in-1-aiatooriist-cedlv58s\/#primaryimage","url":"https:\/\/ranoja.ee\/wp-content\/uploads\/2023\/10\/Cedrus-4-in-1-Aiatooriist-CEDLV58S.jpg","contentUrl":"https:\/\/ranoja.ee\/wp-content\/uploads\/2023\/10\/Cedrus-4-in-1-Aiatooriist-CEDLV58S.jpg","width":800,"height":800,"caption":"Cedrus 4 in 1 Aiat\u00f6\u00f6riist CEDLV58S"},{"@type":"BreadcrumbList","@id":"https:\/\/ranoja.ee\/toode\/cedrus-4-in-1-aiatooriist-cedlv58s\/#breadcrumb","itemListElement":[{"@type":"ListItem","position":1,"name":"Home","item":"https:\/\/ranoja.ee\/"},{"@type":"ListItem","position":2,"name":"Shop","item":"https:\/\/ranoja.ee\/en\/shop\/"},{"@type":"ListItem","position":3,"name":"Cedrus 4 in 1 Aiat\u00f6\u00f6riist CEDLV58S"}]},{"@type":"WebSite","@id":"https:\/\/ranoja.ee\/#website","url":"https:\/\/ranoja.ee\/","name":"Ranoja","description":"Equipment Shop WooCommerce WordPress Theme for Machine &amp; Tools","publisher":{"@id":"https:\/\/ranoja.ee\/#organization"},"potentialAction":[{"@type":"SearchAction","target":{"@type":"EntryPoint","urlTemplate":"https:\/\/ranoja.ee\/?s={search_term_string}"},"query-input":{"@type":"PropertyValueSpecification","valueRequired":true,"valueName":"search_term_string"}}],"inLanguage":"en-US"},{"@type":"Organization","@id":"https:\/\/ranoja.ee\/#organization","name":"Ranoja O\u00dc","url":"https:\/\/ranoja.ee\/","logo":{"@type":"ImageObject","inLanguage":"en-US","@id":"https:\/\/ranoja.ee\/#\/schema\/logo\/image\/","url":"https:\/\/ranoja.ee\/wp-content\/uploads\/2023\/11\/ranoja-Logo.png","contentUrl":"https:\/\/ranoja.ee\/wp-content\/uploads\/2023\/11\/ranoja-Logo.png","width":207,"height":58,"caption":"Ranoja O\u00dc"},"image":{"@id":"https:\/\/ranoja.ee\/#\/schema\/logo\/image\/"},"sameAs":["https:\/\/www.facebook.com\/ranoja.ee","https:\/\/www.instagram.com\/ranoja__\/"]}]}},"_links":{"self":[{"href":"https:\/\/ranoja.ee\/en\/wp-json\/wp\/v2\/product\/6706","targetHints":{"allow":["GET"]}}],"collection":[{"href":"https:\/\/ranoja.ee\/en\/wp-json\/wp\/v2\/product"}],"about":[{"href":"https:\/\/ranoja.ee\/en\/wp-json\/wp\/v2\/types\/product"}],"wp:featuredmedia":[{"embeddable":true,"href":"https:\/\/ranoja.ee\/en\/wp-json\/wp\/v2\/media\/12027"}],"wp:attachment":[{"href":"https:\/\/ranoja.ee\/en\/wp-json\/wp\/v2\/media?parent=6706"}],"wp:term":[{"taxonomy":"product_cat","embeddable":true,"href":"https:\/\/ranoja.ee\/en\/wp-json\/wp\/v2\/product_cat?post=6706"},{"taxonomy":"product_tag","embeddable":true,"href":"https:\/\/ranoja.ee\/en\/wp-json\/wp\/v2\/product_tag?post=6706"}],"curies":[{"name":"wp","href":"https:\/\/api.w.org\/{rel}","templated":true}]}}