{"id":6696,"date":"2023-10-28T08:55:52","date_gmt":"2023-10-28T05:55:52","guid":{"rendered":"https:\/\/www.ranoja.ee\/?post_type=product&#038;p=6696"},"modified":"2025-11-25T17:30:22","modified_gmt":"2025-11-25T14:30:22","slug":"cedrus-10w30-mootorioli-0-6-l","status":"publish","type":"product","link":"https:\/\/ranoja.ee\/en\/toode\/cedrus-10w30-mootorioli-0-6-l\/","title":{"rendered":"CEDRUS 10W30 MOOTORI\u00d5LI 0.6 L"},"content":{"rendered":"<p>CEDRUS 10W30 MOOTORI\u00d5LI 0.6 L on h\u00e4davajalik komponent sisep\u00f5lemismootori toimimiseks ja kestvuse tagamiseks. Mootori\u00f5li esmane \u00fclesanne on m\u00e4\u00e4rida mootori liikuvad osad, v\u00e4hendades nende omavahelist h\u00f5\u00f5rdumist. H\u00f5\u00f5rdumise v\u00e4hendamine on kriitiline, sest k\u00f5rge h\u00f5\u00f5rdumine p\u00f5hjustab kiiret kulumist ja suurendab mootori t\u00f6\u00f6tamise ajal tekkivat kuumust. M\u00e4\u00e4rimine aitab ka s\u00e4\u00e4sta k\u00fctust, kuna mootori t\u00f6\u00f6 muutub sujuvamaks ja t\u00f5husamaks.<\/p>\n<p>Lisaks m\u00e4\u00e4rimisele t\u00e4idab mootori\u00f5li ka muid olulisi rolle. \u00dcheks neist on mootori jahutamine. Kuigi p\u00f5hiline jahutus toimub jahutuss\u00fcsteemi kaudu, aitab ka \u00f5li juhtida soojust liikuvatest osadest eemale, hoides temperatuuri kontrolli all ja v\u00e4ltides \u00fclekuumenemist. Samuti aitab \u00f5li hoida mootori puhtana, eemaldades p\u00f5lemisel tekkinud j\u00e4\u00e4kained ja pisiosakesed. See on oluline, sest ladestunud mustus ja tahm v\u00f5ivad ummistada \u00f5hufiltri ja kahjustada mootori komponente.<\/p>\n<p>CEDRUS 10W30 MOOTORI\u00d5LI 0.6 L t\u00e4idab ka tihendamise funktsiooni, luues mootori kolbide ja silindrite vahele \u00f5hukese \u00f5likile, mis tagab parema tihenduse ning v\u00e4hendab surve lekkimist. \u00d5li korrosioonikaitse aitab v\u00e4ltida niiskuse ja muude kahjulike ainete p\u00f5hjustatud korrosiooni, pikendades mootori eluiga.<\/p>\n<p>Kokkuv\u00f5ttes on mootori\u00f5li kasutamine vajalik, et tagada mootori sujuv t\u00f6\u00f6, t\u00f5hus j\u00f5udlus ning kaitse liigse kulumise, \u00fclekuumenemise ja korrosiooni eest. Korrap\u00e4rane \u00f5livahetus on h\u00e4davajalik, et \u00f5li s\u00e4ilitaks k\u00f5ik need omadused ja kaitseks mootorit t\u00f5husalt.<\/p>\n<p>CEDRUS on \u00fcks suurimaid aiandusmasinate, t\u00f6\u00f6riistade ning metsandus tarvikute edasim\u00fc\u00fcjaid Poolas.<br \/>\nMeie eesm\u00e4rk on pakkuda klientidele k\u00f5rgeima kvaliteediga tooteid konkurentsiv\u00f5imeliste hindadega.<br \/>\nAlates 2016. aastast oleme arendanud ka oma kaubam\u00e4rgi all olevat tootesarja Cedrus.<br \/>\nHetkel pakume enam kui 100 t\u00fc\u00fcpi CEDRUS kaubam\u00e4rgi aia- ja ehitusmasinaid, samuti k\u00f5iki hooldustarvikuid ja varuosi.<br \/>\n<img decoding=\"async\" src=\"https:\/\/www.ranoja.ee\/wp-content\/uploads\/2023\/07\/cedrus-logo-vaike-1-300x99.png\" alt=\"\" width=\"300\" height=\"99\" class=\"alignnone size-medium wp-image-5896\" srcset=\"https:\/\/ranoja.ee\/wp-content\/uploads\/2023\/07\/cedrus-logo-vaike-1-300x99.png 300w, https:\/\/ranoja.ee\/wp-content\/uploads\/2023\/07\/cedrus-logo-vaike-1.png 431w\" sizes=\"(max-width: 300px) 100vw, 300px\" \/><\/p>\n","protected":false},"excerpt":{"rendered":"<p>CEDRUS MOOTORI\u00d5LI 10W30 0.6L<br \/>\nLoncin Oil SG\/CD 10W30<br \/>\nK\u00f5rge kvaliteediga originaal Loncin mootori\u00f5li 4 taktiliste mootoritele.<br \/>\nAiatehnika ja ehitustehnika mootoritele<br \/>\nKogus 0,6L<br \/>\n<strong>Seadme eeldatav tarneaeg 1-7 t\u00f6\u00f6p\u00e4eva<\/strong><\/p>\n","protected":false},"featured_media":13243,"template":"","meta":{"inline_featured_image":false},"product_cat":[1128,1123],"product_tag":[1058,863,1057,137,862],"class_list":{"0":"post-6696","1":"product","2":"type-product","3":"status-publish","4":"has-post-thumbnail","6":"product_brand-cedrus","7":"product_cat-olid-ja-maarded","8":"product_cat-varuosad","9":"product_tag-1058","10":"product_tag-10w30","11":"product_tag-aiatehnika-mootorioli","12":"product_tag-cedrus","13":"product_tag-mootorioli","15":"first","16":"instock","17":"sale","18":"taxable","19":"shipping-taxable","20":"purchasable","21":"product-type-simple"},"yoast_head":"<!-- This site is optimized with the Yoast SEO plugin v27.4 - https:\/\/yoast.com\/product\/yoast-seo-wordpress\/ -->\n<title>CEDRUS 10W30 MOOTORI\u00d5LI 0.6 L<\/title>\n<meta name=\"description\" content=\"Loncin Oil SG\/CD 10W30 0,6l, K\u00f5rge kvaliteediga originaal Loncin mootori\u00f5li 4 taktiliste mootoritele, Sobib eelk\u00f5ige aiatehnika ja ehitustehnika mootoritele\" \/>\n<meta name=\"robots\" content=\"index, follow, max-snippet:-1, max-image-preview:large, max-video-preview:-1\" \/>\n<link rel=\"canonical\" href=\"https:\/\/ranoja.ee\/toode\/cedrus-10w30-mootorioli-0-6-l\/\" \/>\n<meta property=\"og:locale\" content=\"en_US\" \/>\n<meta property=\"og:type\" content=\"article\" \/>\n<meta property=\"og:title\" content=\"CEDRUS 10W30 MOOTORI\u00d5LI 0.6 L\" \/>\n<meta property=\"og:description\" content=\"Loncin Oil SG\/CD 10W30 0,6l, K\u00f5rge kvaliteediga originaal Loncin mootori\u00f5li 4 taktiliste mootoritele, Sobib eelk\u00f5ige aiatehnika ja ehitustehnika mootoritele\" \/>\n<meta property=\"og:url\" content=\"https:\/\/ranoja.ee\/toode\/cedrus-10w30-mootorioli-0-6-l\/\" \/>\n<meta property=\"og:site_name\" content=\"Ranoja\" \/>\n<meta property=\"article:publisher\" content=\"https:\/\/www.facebook.com\/ranoja.ee\" \/>\n<meta property=\"article:modified_time\" content=\"2025-11-25T14:30:22+00:00\" \/>\n<meta property=\"og:image\" content=\"https:\/\/ranoja.ee\/wp-content\/uploads\/2023\/10\/CEDRUS-10W30-MOOTORIOLI-0.6-L.jpg\" \/>\n\t<meta property=\"og:image:width\" content=\"663\" \/>\n\t<meta property=\"og:image:height\" content=\"1200\" \/>\n\t<meta property=\"og:image:type\" content=\"image\/jpeg\" \/>\n<meta name=\"twitter:card\" content=\"summary_large_image\" \/>\n<meta name=\"twitter:label1\" content=\"Est. reading time\" \/>\n\t<meta name=\"twitter:data1\" content=\"1 minute\" \/>\n<script type=\"application\/ld+json\" class=\"yoast-schema-graph\">{\"@context\":\"https:\\\/\\\/schema.org\",\"@graph\":[{\"@type\":\"WebPage\",\"@id\":\"https:\\\/\\\/ranoja.ee\\\/toode\\\/cedrus-10w30-mootorioli-0-6-l\\\/\",\"url\":\"https:\\\/\\\/ranoja.ee\\\/toode\\\/cedrus-10w30-mootorioli-0-6-l\\\/\",\"name\":\"CEDRUS 10W30 MOOTORI\u00d5LI 0.6 L\",\"isPartOf\":{\"@id\":\"https:\\\/\\\/ranoja.ee\\\/#website\"},\"primaryImageOfPage\":{\"@id\":\"https:\\\/\\\/ranoja.ee\\\/toode\\\/cedrus-10w30-mootorioli-0-6-l\\\/#primaryimage\"},\"image\":{\"@id\":\"https:\\\/\\\/ranoja.ee\\\/toode\\\/cedrus-10w30-mootorioli-0-6-l\\\/#primaryimage\"},\"thumbnailUrl\":\"https:\\\/\\\/ranoja.ee\\\/wp-content\\\/uploads\\\/2023\\\/10\\\/CEDRUS-10W30-MOOTORIOLI-0.6-L.jpg\",\"datePublished\":\"2023-10-28T05:55:52+00:00\",\"dateModified\":\"2025-11-25T14:30:22+00:00\",\"description\":\"Loncin Oil SG\\\/CD 10W30 0,6l, K\u00f5rge kvaliteediga originaal Loncin mootori\u00f5li 4 taktiliste mootoritele, Sobib eelk\u00f5ige aiatehnika ja ehitustehnika mootoritele\",\"breadcrumb\":{\"@id\":\"https:\\\/\\\/ranoja.ee\\\/toode\\\/cedrus-10w30-mootorioli-0-6-l\\\/#breadcrumb\"},\"inLanguage\":\"en-US\",\"potentialAction\":[{\"@type\":\"ReadAction\",\"target\":[\"https:\\\/\\\/ranoja.ee\\\/toode\\\/cedrus-10w30-mootorioli-0-6-l\\\/\"]}]},{\"@type\":\"ImageObject\",\"inLanguage\":\"en-US\",\"@id\":\"https:\\\/\\\/ranoja.ee\\\/toode\\\/cedrus-10w30-mootorioli-0-6-l\\\/#primaryimage\",\"url\":\"https:\\\/\\\/ranoja.ee\\\/wp-content\\\/uploads\\\/2023\\\/10\\\/CEDRUS-10W30-MOOTORIOLI-0.6-L.jpg\",\"contentUrl\":\"https:\\\/\\\/ranoja.ee\\\/wp-content\\\/uploads\\\/2023\\\/10\\\/CEDRUS-10W30-MOOTORIOLI-0.6-L.jpg\",\"width\":663,\"height\":1200,\"caption\":\"CEDRUS 10W30 MOOTORI\u00d5LI 0.6 L\"},{\"@type\":\"BreadcrumbList\",\"@id\":\"https:\\\/\\\/ranoja.ee\\\/toode\\\/cedrus-10w30-mootorioli-0-6-l\\\/#breadcrumb\",\"itemListElement\":[{\"@type\":\"ListItem\",\"position\":1,\"name\":\"Home\",\"item\":\"https:\\\/\\\/ranoja.ee\\\/\"},{\"@type\":\"ListItem\",\"position\":2,\"name\":\"Shop\",\"item\":\"https:\\\/\\\/ranoja.ee\\\/en\\\/shop\\\/\"},{\"@type\":\"ListItem\",\"position\":3,\"name\":\"CEDRUS 10W30 MOOTORI\u00d5LI 0.6 L\"}]},{\"@type\":\"WebSite\",\"@id\":\"https:\\\/\\\/ranoja.ee\\\/#website\",\"url\":\"https:\\\/\\\/ranoja.ee\\\/\",\"name\":\"Ranoja\",\"description\":\"Equipment Shop WooCommerce WordPress Theme for Machine &amp; Tools\",\"publisher\":{\"@id\":\"https:\\\/\\\/ranoja.ee\\\/#organization\"},\"potentialAction\":[{\"@type\":\"SearchAction\",\"target\":{\"@type\":\"EntryPoint\",\"urlTemplate\":\"https:\\\/\\\/ranoja.ee\\\/?s={search_term_string}\"},\"query-input\":{\"@type\":\"PropertyValueSpecification\",\"valueRequired\":true,\"valueName\":\"search_term_string\"}}],\"inLanguage\":\"en-US\"},{\"@type\":\"Organization\",\"@id\":\"https:\\\/\\\/ranoja.ee\\\/#organization\",\"name\":\"Ranoja O\u00dc\",\"url\":\"https:\\\/\\\/ranoja.ee\\\/\",\"logo\":{\"@type\":\"ImageObject\",\"inLanguage\":\"en-US\",\"@id\":\"https:\\\/\\\/ranoja.ee\\\/#\\\/schema\\\/logo\\\/image\\\/\",\"url\":\"https:\\\/\\\/ranoja.ee\\\/wp-content\\\/uploads\\\/2023\\\/11\\\/ranoja-Logo.png\",\"contentUrl\":\"https:\\\/\\\/ranoja.ee\\\/wp-content\\\/uploads\\\/2023\\\/11\\\/ranoja-Logo.png\",\"width\":207,\"height\":58,\"caption\":\"Ranoja O\u00dc\"},\"image\":{\"@id\":\"https:\\\/\\\/ranoja.ee\\\/#\\\/schema\\\/logo\\\/image\\\/\"},\"sameAs\":[\"https:\\\/\\\/www.facebook.com\\\/ranoja.ee\",\"https:\\\/\\\/www.instagram.com\\\/ranoja__\\\/\"]}]}<\/script>\n<!-- \/ Yoast SEO plugin. -->","yoast_head_json":{"title":"CEDRUS 10W30 MOOTORI\u00d5LI 0.6 L","description":"Loncin Oil SG\/CD 10W30 0,6l, K\u00f5rge kvaliteediga originaal Loncin mootori\u00f5li 4 taktiliste mootoritele, Sobib eelk\u00f5ige aiatehnika ja ehitustehnika mootoritele","robots":{"index":"index","follow":"follow","max-snippet":"max-snippet:-1","max-image-preview":"max-image-preview:large","max-video-preview":"max-video-preview:-1"},"canonical":"https:\/\/ranoja.ee\/toode\/cedrus-10w30-mootorioli-0-6-l\/","og_locale":"en_US","og_type":"article","og_title":"CEDRUS 10W30 MOOTORI\u00d5LI 0.6 L","og_description":"Loncin Oil SG\/CD 10W30 0,6l, K\u00f5rge kvaliteediga originaal Loncin mootori\u00f5li 4 taktiliste mootoritele, Sobib eelk\u00f5ige aiatehnika ja ehitustehnika mootoritele","og_url":"https:\/\/ranoja.ee\/toode\/cedrus-10w30-mootorioli-0-6-l\/","og_site_name":"Ranoja","article_publisher":"https:\/\/www.facebook.com\/ranoja.ee","article_modified_time":"2025-11-25T14:30:22+00:00","og_image":[{"width":663,"height":1200,"url":"https:\/\/ranoja.ee\/wp-content\/uploads\/2023\/10\/CEDRUS-10W30-MOOTORIOLI-0.6-L.jpg","type":"image\/jpeg"}],"twitter_card":"summary_large_image","twitter_misc":{"Est. reading time":"1 minute"},"schema":{"@context":"https:\/\/schema.org","@graph":[{"@type":"WebPage","@id":"https:\/\/ranoja.ee\/toode\/cedrus-10w30-mootorioli-0-6-l\/","url":"https:\/\/ranoja.ee\/toode\/cedrus-10w30-mootorioli-0-6-l\/","name":"CEDRUS 10W30 MOOTORI\u00d5LI 0.6 L","isPartOf":{"@id":"https:\/\/ranoja.ee\/#website"},"primaryImageOfPage":{"@id":"https:\/\/ranoja.ee\/toode\/cedrus-10w30-mootorioli-0-6-l\/#primaryimage"},"image":{"@id":"https:\/\/ranoja.ee\/toode\/cedrus-10w30-mootorioli-0-6-l\/#primaryimage"},"thumbnailUrl":"https:\/\/ranoja.ee\/wp-content\/uploads\/2023\/10\/CEDRUS-10W30-MOOTORIOLI-0.6-L.jpg","datePublished":"2023-10-28T05:55:52+00:00","dateModified":"2025-11-25T14:30:22+00:00","description":"Loncin Oil SG\/CD 10W30 0,6l, K\u00f5rge kvaliteediga originaal Loncin mootori\u00f5li 4 taktiliste mootoritele, Sobib eelk\u00f5ige aiatehnika ja ehitustehnika mootoritele","breadcrumb":{"@id":"https:\/\/ranoja.ee\/toode\/cedrus-10w30-mootorioli-0-6-l\/#breadcrumb"},"inLanguage":"en-US","potentialAction":[{"@type":"ReadAction","target":["https:\/\/ranoja.ee\/toode\/cedrus-10w30-mootorioli-0-6-l\/"]}]},{"@type":"ImageObject","inLanguage":"en-US","@id":"https:\/\/ranoja.ee\/toode\/cedrus-10w30-mootorioli-0-6-l\/#primaryimage","url":"https:\/\/ranoja.ee\/wp-content\/uploads\/2023\/10\/CEDRUS-10W30-MOOTORIOLI-0.6-L.jpg","contentUrl":"https:\/\/ranoja.ee\/wp-content\/uploads\/2023\/10\/CEDRUS-10W30-MOOTORIOLI-0.6-L.jpg","width":663,"height":1200,"caption":"CEDRUS 10W30 MOOTORI\u00d5LI 0.6 L"},{"@type":"BreadcrumbList","@id":"https:\/\/ranoja.ee\/toode\/cedrus-10w30-mootorioli-0-6-l\/#breadcrumb","itemListElement":[{"@type":"ListItem","position":1,"name":"Home","item":"https:\/\/ranoja.ee\/"},{"@type":"ListItem","position":2,"name":"Shop","item":"https:\/\/ranoja.ee\/en\/shop\/"},{"@type":"ListItem","position":3,"name":"CEDRUS 10W30 MOOTORI\u00d5LI 0.6 L"}]},{"@type":"WebSite","@id":"https:\/\/ranoja.ee\/#website","url":"https:\/\/ranoja.ee\/","name":"Ranoja","description":"Equipment Shop WooCommerce WordPress Theme for Machine &amp; Tools","publisher":{"@id":"https:\/\/ranoja.ee\/#organization"},"potentialAction":[{"@type":"SearchAction","target":{"@type":"EntryPoint","urlTemplate":"https:\/\/ranoja.ee\/?s={search_term_string}"},"query-input":{"@type":"PropertyValueSpecification","valueRequired":true,"valueName":"search_term_string"}}],"inLanguage":"en-US"},{"@type":"Organization","@id":"https:\/\/ranoja.ee\/#organization","name":"Ranoja O\u00dc","url":"https:\/\/ranoja.ee\/","logo":{"@type":"ImageObject","inLanguage":"en-US","@id":"https:\/\/ranoja.ee\/#\/schema\/logo\/image\/","url":"https:\/\/ranoja.ee\/wp-content\/uploads\/2023\/11\/ranoja-Logo.png","contentUrl":"https:\/\/ranoja.ee\/wp-content\/uploads\/2023\/11\/ranoja-Logo.png","width":207,"height":58,"caption":"Ranoja O\u00dc"},"image":{"@id":"https:\/\/ranoja.ee\/#\/schema\/logo\/image\/"},"sameAs":["https:\/\/www.facebook.com\/ranoja.ee","https:\/\/www.instagram.com\/ranoja__\/"]}]}},"_links":{"self":[{"href":"https:\/\/ranoja.ee\/en\/wp-json\/wp\/v2\/product\/6696","targetHints":{"allow":["GET"]}}],"collection":[{"href":"https:\/\/ranoja.ee\/en\/wp-json\/wp\/v2\/product"}],"about":[{"href":"https:\/\/ranoja.ee\/en\/wp-json\/wp\/v2\/types\/product"}],"wp:featuredmedia":[{"embeddable":true,"href":"https:\/\/ranoja.ee\/en\/wp-json\/wp\/v2\/media\/13243"}],"wp:attachment":[{"href":"https:\/\/ranoja.ee\/en\/wp-json\/wp\/v2\/media?parent=6696"}],"wp:term":[{"taxonomy":"product_cat","embeddable":true,"href":"https:\/\/ranoja.ee\/en\/wp-json\/wp\/v2\/product_cat?post=6696"},{"taxonomy":"product_tag","embeddable":true,"href":"https:\/\/ranoja.ee\/en\/wp-json\/wp\/v2\/product_tag?post=6696"}],"curies":[{"name":"wp","href":"https:\/\/api.w.org\/{rel}","templated":true}]}}