{"id":6689,"date":"2023-10-28T08:43:48","date_gmt":"2023-10-28T05:43:48","guid":{"rendered":"https:\/\/www.ranoja.ee\/?post_type=product&#038;p=6689"},"modified":"2025-12-10T13:14:45","modified_gmt":"2025-12-10T10:14:45","slug":"cedrus-550w-sukelpump-cedpz500","status":"publish","type":"product","link":"https:\/\/ranoja.ee\/en\/toode\/cedrus-550w-sukelpump-cedpz500\/","title":{"rendered":"Cedrus 550W sukelpump CEDPZ500"},"content":{"rendered":"<p>Sukelpump on ehitust\u00f6\u00f6de jaoks oluline t\u00f6\u00f6riist, mis v\u00f5imaldab vett t\u00f5husalt eemaldada aladelt, kus liigne niiskus v\u00f5i vesi v\u00f5ib t\u00f6\u00f6d takistada v\u00f5i ohustada. Selle pumba vajalikkus tuleneb peamiselt t\u00f6\u00f6ohutuse, t\u00f6\u00f6 efektiivsuse ja ehitusprojekti kvaliteedi tagamise vajadusest.<\/p>\n<p>Vee eemaldamine ehitusplatsilt<br \/>\nEhitusaladel, nagu kaevamised, vundamendi rajamine v\u00f5i kaevandused, v\u00f5ib koguneda vihmavesi v\u00f5i p\u00f5hjavesi. Sukelpump suudab sellised alad kiiresti kuivatada, hoides \u00e4ra t\u00f6\u00f6de viibimise ja parandades t\u00f6\u00f6tingimusi. Cedrus 550W sukelpump CEDPZ500 <\/p>\n<p>Niiskuskahjustuste ennetamine<br \/>\nLiigne vesi v\u00f5ib kahjustada ehitusmaterjale ja -seadmeid. N\u00e4iteks betooni valamisel on oluline, et t\u00f6\u00f6ala oleks kuiv, et tagada betooni kvaliteet ja vastupidavus. Sukelpumbad hoiavad \u00e4ra liigse niiskuse p\u00f5hjustatud kahjustused ja kindlustavad konstruktsioonide pikaajalise kestvuse.<\/p>\n<p>T\u00f6\u00f6t\u00f5hususe parandamine<br \/>\nSukelpumbad on v\u00f5imelised t\u00f6\u00f6tama automaatselt ja t\u00f5husalt ka rasketes tingimustes, nagu muda, liiv ja ehitusj\u00e4\u00e4tmed. See s\u00e4\u00e4stab t\u00f6\u00f6j\u00f5udu ja v\u00e4hendab t\u00f6\u00f6aega v\u00f5rreldes k\u00e4sitsi vee eemaldamisega. Cedrus 550W sukelpump CEDPZ500 <\/p>\n<p>Paindlikkus ja mitmek\u00fclgsus<br \/>\nErineva suuruse ja v\u00f5imsusega sukelpumbad sobivad nii v\u00e4iksematele projektidele kui ka suurtele ehitusplatsidele. Need on kerged, kergesti teisaldatavad ja lihtsalt kasutatavad.<\/p>\n<p>Seega on sukelpump ehitust\u00f6\u00f6del h\u00e4davajalik seade, mis tagab t\u00f6\u00f6protsessi sujuvuse, materjalide kaitse ja kvaliteedi, pakkudes efektiivset lahendust vee ja niiskuse probleemidele.<\/p>\n<p>CEDRUS on \u00fcks suurimaid aiandusmasinate, t\u00f6\u00f6riistade ning metsandus tarvikute edasim\u00fc\u00fcjaid Poolas.<br \/>\nMeie eesm\u00e4rk on pakkuda klientidele k\u00f5rgeima kvaliteediga tooteid konkurentsiv\u00f5imeliste hindadega.<br \/>\nAlates 2016. aastast oleme arendanud ka oma kaubam\u00e4rgi all olevat tootesarja Cedrus.<br \/>\nHetkel pakume enam kui 100 t\u00fc\u00fcpi CEDRUS kaubam\u00e4rgi aia- ja ehitusmasinaid, samuti k\u00f5iki hooldustarvikuid ja varuosi.<br \/>\n<img decoding=\"async\" src=\"https:\/\/www.ranoja.ee\/wp-content\/uploads\/2023\/07\/cedrus-logo-vaike-1-300x99.png\" alt=\"\" width=\"300\" height=\"99\" class=\"alignnone size-medium wp-image-5896\" srcset=\"https:\/\/ranoja.ee\/wp-content\/uploads\/2023\/07\/cedrus-logo-vaike-1-300x99.png 300w, https:\/\/ranoja.ee\/wp-content\/uploads\/2023\/07\/cedrus-logo-vaike-1.png 431w\" sizes=\"(max-width: 300px) 100vw, 300px\" \/><\/p>\n","protected":false},"excerpt":{"rendered":"<p>Cedrus 550W sukeplump CEDPZ500<br \/>\nToide: 230V\/50Hz<br \/>\nV\u00f5imsus: 550W<br \/>\nJ\u00f5udlus: 13500l\/h<br \/>\nMax. imik\u00f5rgus: 7m<br \/>\nMax. t\u00f5stek\u00f5rgus: 7m<br \/>\n\u00dchendus: G1-1\/4&#8243;<br \/>\nKaabli pikkus: 10m<br \/>\nIPX8<br \/>\nKaal: 3kg<br \/>\n<strong>Seadme eeldatav tarneaeg 1-7 t\u00f6\u00f6p\u00e4eva<\/strong><\/p>\n","protected":false},"featured_media":14554,"template":"","meta":{"inline_featured_image":false},"product_cat":[1041,1090],"product_tag":[1056,137,1055,317,1050,1051],"class_list":{"0":"post-6689","1":"product","2":"type-product","3":"status-publish","4":"has-post-thumbnail","6":"product_brand-cedrus","7":"product_cat-drenaazi-ja-sukelpumbad","8":"product_cat-ehitustehnika","9":"product_tag-cedpz500","10":"product_tag-cedrus","11":"product_tag-musta-vee-pump","12":"product_tag-pump","13":"product_tag-sukelpump","14":"product_tag-tuhjenduspump","16":"first","17":"instock","18":"taxable","19":"shipping-taxable","20":"purchasable","21":"product-type-simple"},"yoast_head":"<!-- This site is optimized with the Yoast SEO plugin v27.4 - https:\/\/yoast.com\/product\/yoast-seo-wordpress\/ -->\n<title>Cedrus 550W sukelpump CEDPZ500<\/title>\n<meta name=\"description\" content=\"Cedrus 550W sukeplump CEDPZ500 Toide: 230V\/50HzV\u00f5imsus: 550W, J\u00f5udlus: 13500l\/h, Max imik\u00f5rgus: 7m, Max t\u00f5stek\u00f5rgus: 7m, \u00dchendus: G1-1\/4&quot;,Kaabli pikkus: 10m\" \/>\n<meta name=\"robots\" content=\"index, follow, max-snippet:-1, max-image-preview:large, max-video-preview:-1\" \/>\n<link rel=\"canonical\" href=\"https:\/\/ranoja.ee\/toode\/cedrus-550w-sukelpump-cedpz500\/\" \/>\n<meta property=\"og:locale\" content=\"en_US\" \/>\n<meta property=\"og:type\" content=\"article\" \/>\n<meta property=\"og:title\" content=\"Cedrus 550W sukelpump CEDPZ500\" \/>\n<meta property=\"og:description\" content=\"Cedrus 550W sukeplump CEDPZ500 Toide: 230V\/50HzV\u00f5imsus: 550W, J\u00f5udlus: 13500l\/h, Max imik\u00f5rgus: 7m, Max t\u00f5stek\u00f5rgus: 7m, \u00dchendus: G1-1\/4&quot;,Kaabli pikkus: 10m\" \/>\n<meta property=\"og:url\" content=\"https:\/\/ranoja.ee\/toode\/cedrus-550w-sukelpump-cedpz500\/\" \/>\n<meta property=\"og:site_name\" content=\"Ranoja\" \/>\n<meta property=\"article:publisher\" content=\"https:\/\/www.facebook.com\/ranoja.ee\" \/>\n<meta property=\"article:modified_time\" content=\"2025-12-10T10:14:45+00:00\" \/>\n<meta property=\"og:image\" content=\"https:\/\/ranoja.ee\/wp-content\/uploads\/2023\/10\/Cedrus-550W-sukelpump-CEDPZ500.jpg\" \/>\n\t<meta property=\"og:image:width\" content=\"800\" \/>\n\t<meta property=\"og:image:height\" content=\"522\" \/>\n\t<meta property=\"og:image:type\" content=\"image\/jpeg\" \/>\n<meta name=\"twitter:card\" content=\"summary_large_image\" \/>\n<meta name=\"twitter:label1\" content=\"Est. reading time\" \/>\n\t<meta name=\"twitter:data1\" content=\"1 minute\" \/>\n<script type=\"application\/ld+json\" class=\"yoast-schema-graph\">{\"@context\":\"https:\\\/\\\/schema.org\",\"@graph\":[{\"@type\":\"WebPage\",\"@id\":\"https:\\\/\\\/ranoja.ee\\\/toode\\\/cedrus-550w-sukelpump-cedpz500\\\/\",\"url\":\"https:\\\/\\\/ranoja.ee\\\/toode\\\/cedrus-550w-sukelpump-cedpz500\\\/\",\"name\":\"Cedrus 550W sukelpump CEDPZ500\",\"isPartOf\":{\"@id\":\"https:\\\/\\\/ranoja.ee\\\/#website\"},\"primaryImageOfPage\":{\"@id\":\"https:\\\/\\\/ranoja.ee\\\/toode\\\/cedrus-550w-sukelpump-cedpz500\\\/#primaryimage\"},\"image\":{\"@id\":\"https:\\\/\\\/ranoja.ee\\\/toode\\\/cedrus-550w-sukelpump-cedpz500\\\/#primaryimage\"},\"thumbnailUrl\":\"https:\\\/\\\/ranoja.ee\\\/wp-content\\\/uploads\\\/2023\\\/10\\\/Cedrus-550W-sukelpump-CEDPZ500.jpg\",\"datePublished\":\"2023-10-28T05:43:48+00:00\",\"dateModified\":\"2025-12-10T10:14:45+00:00\",\"description\":\"Cedrus 550W sukeplump CEDPZ500 Toide: 230V\\\/50HzV\u00f5imsus: 550W, J\u00f5udlus: 13500l\\\/h, Max imik\u00f5rgus: 7m, Max t\u00f5stek\u00f5rgus: 7m, \u00dchendus: G1-1\\\/4\\\",Kaabli pikkus: 10m\",\"breadcrumb\":{\"@id\":\"https:\\\/\\\/ranoja.ee\\\/toode\\\/cedrus-550w-sukelpump-cedpz500\\\/#breadcrumb\"},\"inLanguage\":\"en-US\",\"potentialAction\":[{\"@type\":\"ReadAction\",\"target\":[\"https:\\\/\\\/ranoja.ee\\\/toode\\\/cedrus-550w-sukelpump-cedpz500\\\/\"]}]},{\"@type\":\"ImageObject\",\"inLanguage\":\"en-US\",\"@id\":\"https:\\\/\\\/ranoja.ee\\\/toode\\\/cedrus-550w-sukelpump-cedpz500\\\/#primaryimage\",\"url\":\"https:\\\/\\\/ranoja.ee\\\/wp-content\\\/uploads\\\/2023\\\/10\\\/Cedrus-550W-sukelpump-CEDPZ500.jpg\",\"contentUrl\":\"https:\\\/\\\/ranoja.ee\\\/wp-content\\\/uploads\\\/2023\\\/10\\\/Cedrus-550W-sukelpump-CEDPZ500.jpg\",\"width\":800,\"height\":522,\"caption\":\"Cedrus 550W sukelpump CEDPZ500\"},{\"@type\":\"BreadcrumbList\",\"@id\":\"https:\\\/\\\/ranoja.ee\\\/toode\\\/cedrus-550w-sukelpump-cedpz500\\\/#breadcrumb\",\"itemListElement\":[{\"@type\":\"ListItem\",\"position\":1,\"name\":\"Home\",\"item\":\"https:\\\/\\\/ranoja.ee\\\/\"},{\"@type\":\"ListItem\",\"position\":2,\"name\":\"Shop\",\"item\":\"https:\\\/\\\/ranoja.ee\\\/en\\\/shop\\\/\"},{\"@type\":\"ListItem\",\"position\":3,\"name\":\"Cedrus 550W sukelpump CEDPZ500\"}]},{\"@type\":\"WebSite\",\"@id\":\"https:\\\/\\\/ranoja.ee\\\/#website\",\"url\":\"https:\\\/\\\/ranoja.ee\\\/\",\"name\":\"Ranoja\",\"description\":\"Equipment Shop WooCommerce WordPress Theme for Machine &amp; Tools\",\"publisher\":{\"@id\":\"https:\\\/\\\/ranoja.ee\\\/#organization\"},\"potentialAction\":[{\"@type\":\"SearchAction\",\"target\":{\"@type\":\"EntryPoint\",\"urlTemplate\":\"https:\\\/\\\/ranoja.ee\\\/?s={search_term_string}\"},\"query-input\":{\"@type\":\"PropertyValueSpecification\",\"valueRequired\":true,\"valueName\":\"search_term_string\"}}],\"inLanguage\":\"en-US\"},{\"@type\":\"Organization\",\"@id\":\"https:\\\/\\\/ranoja.ee\\\/#organization\",\"name\":\"Ranoja O\u00dc\",\"url\":\"https:\\\/\\\/ranoja.ee\\\/\",\"logo\":{\"@type\":\"ImageObject\",\"inLanguage\":\"en-US\",\"@id\":\"https:\\\/\\\/ranoja.ee\\\/#\\\/schema\\\/logo\\\/image\\\/\",\"url\":\"https:\\\/\\\/ranoja.ee\\\/wp-content\\\/uploads\\\/2023\\\/11\\\/ranoja-Logo.png\",\"contentUrl\":\"https:\\\/\\\/ranoja.ee\\\/wp-content\\\/uploads\\\/2023\\\/11\\\/ranoja-Logo.png\",\"width\":207,\"height\":58,\"caption\":\"Ranoja O\u00dc\"},\"image\":{\"@id\":\"https:\\\/\\\/ranoja.ee\\\/#\\\/schema\\\/logo\\\/image\\\/\"},\"sameAs\":[\"https:\\\/\\\/www.facebook.com\\\/ranoja.ee\",\"https:\\\/\\\/www.instagram.com\\\/ranoja__\\\/\"]}]}<\/script>\n<!-- \/ Yoast SEO plugin. -->","yoast_head_json":{"title":"Cedrus 550W sukelpump CEDPZ500","description":"Cedrus 550W sukeplump CEDPZ500 Toide: 230V\/50HzV\u00f5imsus: 550W, J\u00f5udlus: 13500l\/h, Max imik\u00f5rgus: 7m, Max t\u00f5stek\u00f5rgus: 7m, \u00dchendus: G1-1\/4\",Kaabli pikkus: 10m","robots":{"index":"index","follow":"follow","max-snippet":"max-snippet:-1","max-image-preview":"max-image-preview:large","max-video-preview":"max-video-preview:-1"},"canonical":"https:\/\/ranoja.ee\/toode\/cedrus-550w-sukelpump-cedpz500\/","og_locale":"en_US","og_type":"article","og_title":"Cedrus 550W sukelpump CEDPZ500","og_description":"Cedrus 550W sukeplump CEDPZ500 Toide: 230V\/50HzV\u00f5imsus: 550W, J\u00f5udlus: 13500l\/h, Max imik\u00f5rgus: 7m, Max t\u00f5stek\u00f5rgus: 7m, \u00dchendus: G1-1\/4\",Kaabli pikkus: 10m","og_url":"https:\/\/ranoja.ee\/toode\/cedrus-550w-sukelpump-cedpz500\/","og_site_name":"Ranoja","article_publisher":"https:\/\/www.facebook.com\/ranoja.ee","article_modified_time":"2025-12-10T10:14:45+00:00","og_image":[{"width":800,"height":522,"url":"https:\/\/ranoja.ee\/wp-content\/uploads\/2023\/10\/Cedrus-550W-sukelpump-CEDPZ500.jpg","type":"image\/jpeg"}],"twitter_card":"summary_large_image","twitter_misc":{"Est. reading time":"1 minute"},"schema":{"@context":"https:\/\/schema.org","@graph":[{"@type":"WebPage","@id":"https:\/\/ranoja.ee\/toode\/cedrus-550w-sukelpump-cedpz500\/","url":"https:\/\/ranoja.ee\/toode\/cedrus-550w-sukelpump-cedpz500\/","name":"Cedrus 550W sukelpump CEDPZ500","isPartOf":{"@id":"https:\/\/ranoja.ee\/#website"},"primaryImageOfPage":{"@id":"https:\/\/ranoja.ee\/toode\/cedrus-550w-sukelpump-cedpz500\/#primaryimage"},"image":{"@id":"https:\/\/ranoja.ee\/toode\/cedrus-550w-sukelpump-cedpz500\/#primaryimage"},"thumbnailUrl":"https:\/\/ranoja.ee\/wp-content\/uploads\/2023\/10\/Cedrus-550W-sukelpump-CEDPZ500.jpg","datePublished":"2023-10-28T05:43:48+00:00","dateModified":"2025-12-10T10:14:45+00:00","description":"Cedrus 550W sukeplump CEDPZ500 Toide: 230V\/50HzV\u00f5imsus: 550W, J\u00f5udlus: 13500l\/h, Max imik\u00f5rgus: 7m, Max t\u00f5stek\u00f5rgus: 7m, \u00dchendus: G1-1\/4\",Kaabli pikkus: 10m","breadcrumb":{"@id":"https:\/\/ranoja.ee\/toode\/cedrus-550w-sukelpump-cedpz500\/#breadcrumb"},"inLanguage":"en-US","potentialAction":[{"@type":"ReadAction","target":["https:\/\/ranoja.ee\/toode\/cedrus-550w-sukelpump-cedpz500\/"]}]},{"@type":"ImageObject","inLanguage":"en-US","@id":"https:\/\/ranoja.ee\/toode\/cedrus-550w-sukelpump-cedpz500\/#primaryimage","url":"https:\/\/ranoja.ee\/wp-content\/uploads\/2023\/10\/Cedrus-550W-sukelpump-CEDPZ500.jpg","contentUrl":"https:\/\/ranoja.ee\/wp-content\/uploads\/2023\/10\/Cedrus-550W-sukelpump-CEDPZ500.jpg","width":800,"height":522,"caption":"Cedrus 550W sukelpump CEDPZ500"},{"@type":"BreadcrumbList","@id":"https:\/\/ranoja.ee\/toode\/cedrus-550w-sukelpump-cedpz500\/#breadcrumb","itemListElement":[{"@type":"ListItem","position":1,"name":"Home","item":"https:\/\/ranoja.ee\/"},{"@type":"ListItem","position":2,"name":"Shop","item":"https:\/\/ranoja.ee\/en\/shop\/"},{"@type":"ListItem","position":3,"name":"Cedrus 550W sukelpump CEDPZ500"}]},{"@type":"WebSite","@id":"https:\/\/ranoja.ee\/#website","url":"https:\/\/ranoja.ee\/","name":"Ranoja","description":"Equipment Shop WooCommerce WordPress Theme for Machine &amp; Tools","publisher":{"@id":"https:\/\/ranoja.ee\/#organization"},"potentialAction":[{"@type":"SearchAction","target":{"@type":"EntryPoint","urlTemplate":"https:\/\/ranoja.ee\/?s={search_term_string}"},"query-input":{"@type":"PropertyValueSpecification","valueRequired":true,"valueName":"search_term_string"}}],"inLanguage":"en-US"},{"@type":"Organization","@id":"https:\/\/ranoja.ee\/#organization","name":"Ranoja O\u00dc","url":"https:\/\/ranoja.ee\/","logo":{"@type":"ImageObject","inLanguage":"en-US","@id":"https:\/\/ranoja.ee\/#\/schema\/logo\/image\/","url":"https:\/\/ranoja.ee\/wp-content\/uploads\/2023\/11\/ranoja-Logo.png","contentUrl":"https:\/\/ranoja.ee\/wp-content\/uploads\/2023\/11\/ranoja-Logo.png","width":207,"height":58,"caption":"Ranoja O\u00dc"},"image":{"@id":"https:\/\/ranoja.ee\/#\/schema\/logo\/image\/"},"sameAs":["https:\/\/www.facebook.com\/ranoja.ee","https:\/\/www.instagram.com\/ranoja__\/"]}]}},"_links":{"self":[{"href":"https:\/\/ranoja.ee\/en\/wp-json\/wp\/v2\/product\/6689","targetHints":{"allow":["GET"]}}],"collection":[{"href":"https:\/\/ranoja.ee\/en\/wp-json\/wp\/v2\/product"}],"about":[{"href":"https:\/\/ranoja.ee\/en\/wp-json\/wp\/v2\/types\/product"}],"wp:featuredmedia":[{"embeddable":true,"href":"https:\/\/ranoja.ee\/en\/wp-json\/wp\/v2\/media\/14554"}],"wp:attachment":[{"href":"https:\/\/ranoja.ee\/en\/wp-json\/wp\/v2\/media?parent=6689"}],"wp:term":[{"taxonomy":"product_cat","embeddable":true,"href":"https:\/\/ranoja.ee\/en\/wp-json\/wp\/v2\/product_cat?post=6689"},{"taxonomy":"product_tag","embeddable":true,"href":"https:\/\/ranoja.ee\/en\/wp-json\/wp\/v2\/product_tag?post=6689"}],"curies":[{"name":"wp","href":"https:\/\/api.w.org\/{rel}","templated":true}]}}