{"id":66161,"date":"2026-04-06T13:53:23","date_gmt":"2026-04-06T10:53:23","guid":{"rendered":"https:\/\/ranoja.ee\/?post_type=product&#038;p=66161"},"modified":"2026-04-06T13:53:24","modified_gmt":"2026-04-06T10:53:24","slug":"akulaadija-ctek-mxt14","status":"publish","type":"product","link":"https:\/\/ranoja.ee\/en\/toode\/akulaadija-ctek-mxt14\/","title":{"rendered":"Akulaadija CTEK MXT14"},"content":{"rendered":"<p>Akulaadija CTEK MXT14  on vajalik seade, mis \u00fchendab endas nii autoakulaadija kui ka k\u00e4ivitusabi funktsionaalsuse. Selle kasutamise vajadus tuleneb sageli aku t\u00fchjenemisest v\u00f5i riketest, mis v\u00f5ivad juhtuda n\u00e4iteks k\u00fclma ilmaga, auto pikaajalise seismise ajal v\u00f5i elektris\u00fcsteemide koormamise tagaj\u00e4rjel. Tavap\u00e4rane olukord on, et auto aku saab ootamatult t\u00fchjaks, j\u00e4ttes juhi olukorda, kus s\u00f5iduki k\u00e4ivitamine pole v\u00f5imalik. Akulaadija-k\u00e4iviti aitab sellistel juhtudel autot kiiresti ja lihtsalt uuesti k\u00e4ivitada.<\/p>\n<p>Lisaks sellele, et seade tagab kiire k\u00e4ivituse ka madala v\u00f5i t\u00fchja aku korral, pakub see ka akulaadimisfunktsiooni, mis aitab pikendada aku eluiga. Seade laeb akut j\u00e4rk-j\u00e4rgult ja turvaliselt, v\u00e4hendades \u00fclekoormuse v\u00f5i \u00fclekuumenemise riske. See on eriti oluline olukordades, kus aku pole t\u00e4ielikult t\u00fchi, kuid vajab pidevat hooldust ja laadimist.<\/p>\n<p>Akulaadija-k\u00e4iviti on kasulik mitte ainult autojuhtidele, vaid ka paadihuvilistele, mootorratturitele ja teistele s\u00f5idukite omanikele, kelle s\u00f5idukitel on sisep\u00f5lemismootor. See on ka mugav abivahend maapiirkondades, kus ligip\u00e4\u00e4s autoabi teenustele v\u00f5ib olla keeruline v\u00f5i kulukas.<\/p>\n<p>Seade on kompaktne ja kergesti transporditav, mis muudab selle h\u00e4davajalikuks lisaks t\u00f6\u00f6riistakomplektile autos. Kiire ja usaldusv\u00e4\u00e4rne akulaadija-k\u00e4iviti v\u00e4hendab ootamatute rikete tekitatud stressi ja tagab muretu s\u00f5idu ka keerulistes tingimustes.<br \/>\nAkulaadija CTEK MXT14 <\/p>\n","protected":false},"excerpt":{"rendered":"<p>Akulaadija CTEK MXT14<br \/>\nKaal: 2.27kg (net 2.27kg)<br \/>\nT\u00fc\u00fcp: MXT14<br \/>\nPinge: 24V<br \/>\nVoolutugevus: 14A<br \/>\nIP klassifikatsioon: IP44<br \/>\nMudeli nimi: MXT14<br \/>\nKirjeldus: Automaatne laadija MXT 14, 8-astmeline, toimib toiteallikana. Hoolduslaadimisega, temperatuurianduriga, 28\u2013300 Ah plii-happe akudele (avatud, hooldusvabad, AGM- ja geelakud), IP44<br \/>\nTarneaeg: 1-7 t\u00f6\u00f6p\u00e4eva <\/p>\n","protected":false},"featured_media":66162,"template":"","meta":{"inline_featured_image":false},"product_cat":[5240],"product_tag":[203,1536,786],"class_list":{"0":"post-66161","1":"product","2":"type-product","3":"status-publish","4":"has-post-thumbnail","6":"product_brand-ctek","7":"product_cat-akud-ja-laadijad-metsa-ning-aiatehnikale","8":"product_tag-akulaadija","9":"product_tag-auto-akulaadija","10":"product_tag-ctek","12":"first","13":"instock","14":"sale","15":"taxable","16":"shipping-taxable","17":"purchasable","18":"product-type-simple"},"yoast_head":"<!-- This site is optimized with the Yoast SEO plugin v27.4 - https:\/\/yoast.com\/product\/yoast-seo-wordpress\/ -->\n<title>Akulaadija CTEK MXT14 - Ranoja<\/title>\n<meta name=\"description\" content=\"Akulaadija CTEK MXT14, 8-astmeline, toimib toiteallikana. Hoolduslaadimisega, temperatuurianduriga, 28\u2013300 Ah plii-happe akudele.\" \/>\n<meta name=\"robots\" content=\"index, follow, max-snippet:-1, max-image-preview:large, max-video-preview:-1\" \/>\n<link rel=\"canonical\" href=\"https:\/\/ranoja.ee\/toode\/akulaadija-ctek-mxt14\/\" \/>\n<meta property=\"og:locale\" content=\"en_US\" \/>\n<meta property=\"og:type\" content=\"article\" \/>\n<meta property=\"og:title\" content=\"Akulaadija CTEK MXT14 - Ranoja\" \/>\n<meta property=\"og:description\" content=\"Akulaadija CTEK MXT14, 8-astmeline, toimib toiteallikana. Hoolduslaadimisega, temperatuurianduriga, 28\u2013300 Ah plii-happe akudele.\" \/>\n<meta property=\"og:url\" content=\"https:\/\/ranoja.ee\/toode\/akulaadija-ctek-mxt14\/\" \/>\n<meta property=\"og:site_name\" content=\"Ranoja\" \/>\n<meta property=\"article:publisher\" content=\"https:\/\/www.facebook.com\/ranoja.ee\" \/>\n<meta property=\"article:modified_time\" content=\"2026-04-06T10:53:24+00:00\" \/>\n<meta property=\"og:image\" content=\"https:\/\/ranoja.ee\/wp-content\/uploads\/2026\/04\/Akulaadija-CTEK-MXT14.jpg\" \/>\n\t<meta property=\"og:image:width\" content=\"400\" \/>\n\t<meta property=\"og:image:height\" content=\"300\" \/>\n\t<meta property=\"og:image:type\" content=\"image\/jpeg\" \/>\n<meta name=\"twitter:card\" content=\"summary_large_image\" \/>\n<meta name=\"twitter:label1\" content=\"Est. reading time\" \/>\n\t<meta name=\"twitter:data1\" content=\"2 minutes\" \/>\n<script type=\"application\/ld+json\" class=\"yoast-schema-graph\">{\"@context\":\"https:\\\/\\\/schema.org\",\"@graph\":[{\"@type\":\"WebPage\",\"@id\":\"https:\\\/\\\/ranoja.ee\\\/toode\\\/akulaadija-ctek-mxt14\\\/\",\"url\":\"https:\\\/\\\/ranoja.ee\\\/toode\\\/akulaadija-ctek-mxt14\\\/\",\"name\":\"Akulaadija CTEK MXT14 - Ranoja\",\"isPartOf\":{\"@id\":\"https:\\\/\\\/ranoja.ee\\\/#website\"},\"primaryImageOfPage\":{\"@id\":\"https:\\\/\\\/ranoja.ee\\\/toode\\\/akulaadija-ctek-mxt14\\\/#primaryimage\"},\"image\":{\"@id\":\"https:\\\/\\\/ranoja.ee\\\/toode\\\/akulaadija-ctek-mxt14\\\/#primaryimage\"},\"thumbnailUrl\":\"https:\\\/\\\/ranoja.ee\\\/wp-content\\\/uploads\\\/2026\\\/04\\\/Akulaadija-CTEK-MXT14.jpg\",\"datePublished\":\"2026-04-06T10:53:23+00:00\",\"dateModified\":\"2026-04-06T10:53:24+00:00\",\"description\":\"Akulaadija CTEK MXT14, 8-astmeline, toimib toiteallikana. Hoolduslaadimisega, temperatuurianduriga, 28\u2013300 Ah plii-happe akudele.\",\"breadcrumb\":{\"@id\":\"https:\\\/\\\/ranoja.ee\\\/toode\\\/akulaadija-ctek-mxt14\\\/#breadcrumb\"},\"inLanguage\":\"en-US\",\"potentialAction\":[{\"@type\":\"ReadAction\",\"target\":[\"https:\\\/\\\/ranoja.ee\\\/toode\\\/akulaadija-ctek-mxt14\\\/\"]}]},{\"@type\":\"ImageObject\",\"inLanguage\":\"en-US\",\"@id\":\"https:\\\/\\\/ranoja.ee\\\/toode\\\/akulaadija-ctek-mxt14\\\/#primaryimage\",\"url\":\"https:\\\/\\\/ranoja.ee\\\/wp-content\\\/uploads\\\/2026\\\/04\\\/Akulaadija-CTEK-MXT14.jpg\",\"contentUrl\":\"https:\\\/\\\/ranoja.ee\\\/wp-content\\\/uploads\\\/2026\\\/04\\\/Akulaadija-CTEK-MXT14.jpg\",\"width\":400,\"height\":300,\"caption\":\"Akulaadija CTEK MXT14\"},{\"@type\":\"BreadcrumbList\",\"@id\":\"https:\\\/\\\/ranoja.ee\\\/toode\\\/akulaadija-ctek-mxt14\\\/#breadcrumb\",\"itemListElement\":[{\"@type\":\"ListItem\",\"position\":1,\"name\":\"Home\",\"item\":\"https:\\\/\\\/ranoja.ee\\\/\"},{\"@type\":\"ListItem\",\"position\":2,\"name\":\"Shop\",\"item\":\"https:\\\/\\\/ranoja.ee\\\/en\\\/shop\\\/\"},{\"@type\":\"ListItem\",\"position\":3,\"name\":\"Akulaadija CTEK MXT14\"}]},{\"@type\":\"WebSite\",\"@id\":\"https:\\\/\\\/ranoja.ee\\\/#website\",\"url\":\"https:\\\/\\\/ranoja.ee\\\/\",\"name\":\"Ranoja\",\"description\":\"Equipment Shop WooCommerce WordPress Theme for Machine &amp; Tools\",\"publisher\":{\"@id\":\"https:\\\/\\\/ranoja.ee\\\/#organization\"},\"potentialAction\":[{\"@type\":\"SearchAction\",\"target\":{\"@type\":\"EntryPoint\",\"urlTemplate\":\"https:\\\/\\\/ranoja.ee\\\/?s={search_term_string}\"},\"query-input\":{\"@type\":\"PropertyValueSpecification\",\"valueRequired\":true,\"valueName\":\"search_term_string\"}}],\"inLanguage\":\"en-US\"},{\"@type\":\"Organization\",\"@id\":\"https:\\\/\\\/ranoja.ee\\\/#organization\",\"name\":\"Ranoja O\u00dc\",\"url\":\"https:\\\/\\\/ranoja.ee\\\/\",\"logo\":{\"@type\":\"ImageObject\",\"inLanguage\":\"en-US\",\"@id\":\"https:\\\/\\\/ranoja.ee\\\/#\\\/schema\\\/logo\\\/image\\\/\",\"url\":\"https:\\\/\\\/ranoja.ee\\\/wp-content\\\/uploads\\\/2023\\\/11\\\/ranoja-Logo.png\",\"contentUrl\":\"https:\\\/\\\/ranoja.ee\\\/wp-content\\\/uploads\\\/2023\\\/11\\\/ranoja-Logo.png\",\"width\":207,\"height\":58,\"caption\":\"Ranoja O\u00dc\"},\"image\":{\"@id\":\"https:\\\/\\\/ranoja.ee\\\/#\\\/schema\\\/logo\\\/image\\\/\"},\"sameAs\":[\"https:\\\/\\\/www.facebook.com\\\/ranoja.ee\",\"https:\\\/\\\/www.instagram.com\\\/ranoja__\\\/\"]}]}<\/script>\n<!-- \/ Yoast SEO plugin. -->","yoast_head_json":{"title":"Akulaadija CTEK MXT14 - Ranoja","description":"Akulaadija CTEK MXT14, 8-astmeline, toimib toiteallikana. Hoolduslaadimisega, temperatuurianduriga, 28\u2013300 Ah plii-happe akudele.","robots":{"index":"index","follow":"follow","max-snippet":"max-snippet:-1","max-image-preview":"max-image-preview:large","max-video-preview":"max-video-preview:-1"},"canonical":"https:\/\/ranoja.ee\/toode\/akulaadija-ctek-mxt14\/","og_locale":"en_US","og_type":"article","og_title":"Akulaadija CTEK MXT14 - Ranoja","og_description":"Akulaadija CTEK MXT14, 8-astmeline, toimib toiteallikana. Hoolduslaadimisega, temperatuurianduriga, 28\u2013300 Ah plii-happe akudele.","og_url":"https:\/\/ranoja.ee\/toode\/akulaadija-ctek-mxt14\/","og_site_name":"Ranoja","article_publisher":"https:\/\/www.facebook.com\/ranoja.ee","article_modified_time":"2026-04-06T10:53:24+00:00","og_image":[{"width":400,"height":300,"url":"https:\/\/ranoja.ee\/wp-content\/uploads\/2026\/04\/Akulaadija-CTEK-MXT14.jpg","type":"image\/jpeg"}],"twitter_card":"summary_large_image","twitter_misc":{"Est. reading time":"2 minutes"},"schema":{"@context":"https:\/\/schema.org","@graph":[{"@type":"WebPage","@id":"https:\/\/ranoja.ee\/toode\/akulaadija-ctek-mxt14\/","url":"https:\/\/ranoja.ee\/toode\/akulaadija-ctek-mxt14\/","name":"Akulaadija CTEK MXT14 - Ranoja","isPartOf":{"@id":"https:\/\/ranoja.ee\/#website"},"primaryImageOfPage":{"@id":"https:\/\/ranoja.ee\/toode\/akulaadija-ctek-mxt14\/#primaryimage"},"image":{"@id":"https:\/\/ranoja.ee\/toode\/akulaadija-ctek-mxt14\/#primaryimage"},"thumbnailUrl":"https:\/\/ranoja.ee\/wp-content\/uploads\/2026\/04\/Akulaadija-CTEK-MXT14.jpg","datePublished":"2026-04-06T10:53:23+00:00","dateModified":"2026-04-06T10:53:24+00:00","description":"Akulaadija CTEK MXT14, 8-astmeline, toimib toiteallikana. Hoolduslaadimisega, temperatuurianduriga, 28\u2013300 Ah plii-happe akudele.","breadcrumb":{"@id":"https:\/\/ranoja.ee\/toode\/akulaadija-ctek-mxt14\/#breadcrumb"},"inLanguage":"en-US","potentialAction":[{"@type":"ReadAction","target":["https:\/\/ranoja.ee\/toode\/akulaadija-ctek-mxt14\/"]}]},{"@type":"ImageObject","inLanguage":"en-US","@id":"https:\/\/ranoja.ee\/toode\/akulaadija-ctek-mxt14\/#primaryimage","url":"https:\/\/ranoja.ee\/wp-content\/uploads\/2026\/04\/Akulaadija-CTEK-MXT14.jpg","contentUrl":"https:\/\/ranoja.ee\/wp-content\/uploads\/2026\/04\/Akulaadija-CTEK-MXT14.jpg","width":400,"height":300,"caption":"Akulaadija CTEK MXT14"},{"@type":"BreadcrumbList","@id":"https:\/\/ranoja.ee\/toode\/akulaadija-ctek-mxt14\/#breadcrumb","itemListElement":[{"@type":"ListItem","position":1,"name":"Home","item":"https:\/\/ranoja.ee\/"},{"@type":"ListItem","position":2,"name":"Shop","item":"https:\/\/ranoja.ee\/en\/shop\/"},{"@type":"ListItem","position":3,"name":"Akulaadija CTEK MXT14"}]},{"@type":"WebSite","@id":"https:\/\/ranoja.ee\/#website","url":"https:\/\/ranoja.ee\/","name":"Ranoja","description":"Equipment Shop WooCommerce WordPress Theme for Machine &amp; Tools","publisher":{"@id":"https:\/\/ranoja.ee\/#organization"},"potentialAction":[{"@type":"SearchAction","target":{"@type":"EntryPoint","urlTemplate":"https:\/\/ranoja.ee\/?s={search_term_string}"},"query-input":{"@type":"PropertyValueSpecification","valueRequired":true,"valueName":"search_term_string"}}],"inLanguage":"en-US"},{"@type":"Organization","@id":"https:\/\/ranoja.ee\/#organization","name":"Ranoja O\u00dc","url":"https:\/\/ranoja.ee\/","logo":{"@type":"ImageObject","inLanguage":"en-US","@id":"https:\/\/ranoja.ee\/#\/schema\/logo\/image\/","url":"https:\/\/ranoja.ee\/wp-content\/uploads\/2023\/11\/ranoja-Logo.png","contentUrl":"https:\/\/ranoja.ee\/wp-content\/uploads\/2023\/11\/ranoja-Logo.png","width":207,"height":58,"caption":"Ranoja O\u00dc"},"image":{"@id":"https:\/\/ranoja.ee\/#\/schema\/logo\/image\/"},"sameAs":["https:\/\/www.facebook.com\/ranoja.ee","https:\/\/www.instagram.com\/ranoja__\/"]}]}},"_links":{"self":[{"href":"https:\/\/ranoja.ee\/en\/wp-json\/wp\/v2\/product\/66161","targetHints":{"allow":["GET"]}}],"collection":[{"href":"https:\/\/ranoja.ee\/en\/wp-json\/wp\/v2\/product"}],"about":[{"href":"https:\/\/ranoja.ee\/en\/wp-json\/wp\/v2\/types\/product"}],"wp:featuredmedia":[{"embeddable":true,"href":"https:\/\/ranoja.ee\/en\/wp-json\/wp\/v2\/media\/66162"}],"wp:attachment":[{"href":"https:\/\/ranoja.ee\/en\/wp-json\/wp\/v2\/media?parent=66161"}],"wp:term":[{"taxonomy":"product_cat","embeddable":true,"href":"https:\/\/ranoja.ee\/en\/wp-json\/wp\/v2\/product_cat?post=66161"},{"taxonomy":"product_tag","embeddable":true,"href":"https:\/\/ranoja.ee\/en\/wp-json\/wp\/v2\/product_tag?post=66161"}],"curies":[{"name":"wp","href":"https:\/\/api.w.org\/{rel}","templated":true}]}}