{"id":6479,"date":"2023-10-24T13:22:16","date_gmt":"2023-10-24T10:22:16","guid":{"rendered":"https:\/\/www.ranoja.ee\/?post_type=product&#038;p=6479"},"modified":"2025-12-10T13:14:45","modified_gmt":"2025-12-10T10:14:45","slug":"cedrus-pinnasetihendaja-cedzg06-25kn","status":"publish","type":"product","link":"https:\/\/ranoja.ee\/en\/toode\/cedrus-pinnasetihendaja-cedzg06-25kn\/","title":{"rendered":"Cedrus pinnasetihendaja CEDZG06 (25kn)"},"content":{"rendered":"<p>Cedrus pinnasetihendaja CEDZG06 (25kn)<br \/>\nPinnasetihendajad on olulised seadmed, mida kasutatakse pinnase tihendamiseks ja stabiliseerimiseks erinevate ehitusprojektide jaoks. Tihendamine on kriitiline samm, kuna see tagab pinnase piisava tugevuse ja stabiilsuse, mis on vajalik aluse kindluse tagamiseks. Pinnasetihendajaid on mitut t\u00fc\u00fcpi ja neid kasutatakse erinevates t\u00f6\u00f6tingimustes.<\/p>\n<p>Pinnasetihendajate t\u00fc\u00fcbid<br \/>\n1. Vibratsiooniplaadid (plaattihendajad)<br \/>\nVibratsiooniplaadid on laialdaselt kasutatavad tihendajad, mis sobivad erinevateks t\u00f6\u00f6deks, alates aiandusest ja maastikukujundusest kuni v\u00e4iksemate teede ja k\u00f5nniteede ehituseni.<\/p>\n<p>Kasutusalad: V\u00e4iksemad ja keskmise suurusega projektid, asfaldiparandused, sillutuskivide paigaldamine.<br \/>\nEelised: Lihtne kasutada, kergesti transporditav, t\u00f5hus v\u00e4iksematel pindadel.<br \/>\n2. Juhitavad rullid<br \/>\nJuhitavad rullid on suuremad ja raskemad tihendajad, mis sobivad suuremate pindade ja teede tihendamiseks. Need v\u00f5ivad olla \u00fche- v\u00f5i kahe trumliga.<\/p>\n<p>Kasutusalad: Teedeehitus, parklad, lennuv\u00e4ljad, suuremad ehitusplatsid.<br \/>\nEelised: Suurem tihendusj\u00f5ud, efektiivne suurematel pindadel.<br \/>\n3. Jalgadega tampimismasinad<br \/>\nNeed tihendajad, tuntud ka kui h\u00fcppavad jalgpukid, on m\u00f5eldud v\u00e4ikeste ja kitsaste alade tihendamiseks. Nad kasutavad vertikaalset liikumist ja on tavaliselt v\u00e4ga man\u00f6\u00f6verdatavad.<\/p>\n<p>Kasutusalad: Kitsad kaevikud, kraavid, v\u00e4ikesed alad, kus suuremad masinad ei mahu.<br \/>\nEelised: V\u00e4ga man\u00f6\u00f6verdatavad, t\u00f5husad kitsastes kohtades.<br \/>\nCedrus pinnasetihendaja CEDZG06 (25kn)<\/p>\n<p>CEDRUS on \u00fcks suurimaid aiandusmasinate, t\u00f6\u00f6riistade ning metsandus tarvikute edasim\u00fc\u00fcjaid Poolas.<br \/>\nMeie eesm\u00e4rk on pakkuda klientidele k\u00f5rgeima kvaliteediga tooteid konkurentsiv\u00f5imeliste hindadega.<br \/>\nAlates 2016. aastast oleme arendanud ka oma kaubam\u00e4rgi all olevat tootesarja Cedrus.<br \/>\nHetkel pakume enam kui 100 t\u00fc\u00fcpi CEDRUS kaubam\u00e4rgi aia- ja ehitusmasinaid, samuti k\u00f5iki hooldustarvikuid ja varuosi.<br \/>\n<img decoding=\"async\" src=\"https:\/\/www.ranoja.ee\/wp-content\/uploads\/2023\/07\/cedrus-logo-vaike-1-300x99.png\" alt=\"\" width=\"300\" height=\"99\" class=\"alignnone size-medium wp-image-5896\" srcset=\"https:\/\/ranoja.ee\/wp-content\/uploads\/2023\/07\/cedrus-logo-vaike-1-300x99.png 300w, https:\/\/ranoja.ee\/wp-content\/uploads\/2023\/07\/cedrus-logo-vaike-1.png 431w\" sizes=\"(max-width: 300px) 100vw, 300px\" \/><\/p>\n","protected":false},"excerpt":{"rendered":"<p>Cedrus pinnasetihendaja CEDZG06 (25kn)<br \/>\nKaal 122kg<br \/>\nBensiini mootoriga 4,1kw, 196cc<br \/>\nK\u00e4sistarter, edasi-tagasi liikumisega<br \/>\nAlusplaat 630x400mm<br \/>\nTransportrattad kaasas<br \/>\nTihendamiss\u00fcgavus kuni 30cm<br \/>\nKummimatt kaasas <\/p>\n<p><span style=\"color: #000000;\"><strong>Garantii 1 aasta (eraisikule 2 aastat)<\/strong><\/span><br \/>\n<strong>Seadme eeldatav tarneaeg 2-3 n\u00e4dalat<\/strong><\/p>\n","protected":false},"featured_media":6480,"template":"","meta":{"inline_featured_image":false},"product_cat":[1090,96],"product_tag":[1027,1030,1028,1031,161,1029,332,1026],"class_list":{"0":"post-6479","1":"product","2":"type-product","3":"status-publish","4":"has-post-thumbnail","6":"product_brand-cedrus","7":"product_cat-ehitustehnika","8":"product_cat-pinnasetihendajad","9":"product_tag-cedzg06","10":"product_tag-edasi-tagasi-liikuv","11":"product_tag-maatihendaja","12":"product_tag-molemasuunaline","13":"product_tag-pinnasetihendaja","14":"product_tag-reverseeritav","15":"product_tag-tihendaja","16":"product_tag-zg06","18":"first","19":"instock","20":"taxable","21":"shipping-taxable","22":"purchasable","23":"product-type-simple"},"yoast_head":"<!-- This site is optimized with the Yoast SEO plugin v27.4 - https:\/\/yoast.com\/product\/yoast-seo-wordpress\/ -->\n<title>Cedrus pinnasetihendaja CEDZG06 (25kn)<\/title>\n<meta name=\"description\" content=\"Bensiini mootoriga 4,1kw, 196cc K\u00e4sistarter, edasi-tagasi liikumisegaAlusplaat 630x400mm Cedrus pinnasetihendaja CEDZG06 (25kn)\" \/>\n<meta name=\"robots\" content=\"index, follow, max-snippet:-1, max-image-preview:large, max-video-preview:-1\" \/>\n<link rel=\"canonical\" href=\"https:\/\/ranoja.ee\/toode\/cedrus-pinnasetihendaja-cedzg06-25kn\/\" \/>\n<meta property=\"og:locale\" content=\"en_US\" \/>\n<meta property=\"og:type\" content=\"article\" \/>\n<meta property=\"og:title\" content=\"Cedrus pinnasetihendaja CEDZG06 (25kn)\" \/>\n<meta property=\"og:description\" content=\"Bensiini mootoriga 4,1kw, 196cc K\u00e4sistarter, edasi-tagasi liikumisegaAlusplaat 630x400mm Cedrus pinnasetihendaja CEDZG06 (25kn)\" \/>\n<meta property=\"og:url\" content=\"https:\/\/ranoja.ee\/toode\/cedrus-pinnasetihendaja-cedzg06-25kn\/\" \/>\n<meta property=\"og:site_name\" content=\"Ranoja\" \/>\n<meta property=\"article:publisher\" content=\"https:\/\/www.facebook.com\/ranoja.ee\" \/>\n<meta property=\"article:modified_time\" content=\"2025-12-10T10:14:45+00:00\" \/>\n<meta property=\"og:image\" content=\"https:\/\/ranoja.ee\/wp-content\/uploads\/2023\/10\/CEDZG06-PINNASETIHENDAJA-2-scaled.jpg\" \/>\n\t<meta property=\"og:image:width\" content=\"2159\" \/>\n\t<meta property=\"og:image:height\" content=\"2560\" \/>\n\t<meta property=\"og:image:type\" content=\"image\/jpeg\" \/>\n<meta name=\"twitter:card\" content=\"summary_large_image\" \/>\n<meta name=\"twitter:label1\" content=\"Est. reading time\" \/>\n\t<meta name=\"twitter:data1\" content=\"2 minutes\" \/>\n<script type=\"application\/ld+json\" class=\"yoast-schema-graph\">{\"@context\":\"https:\\\/\\\/schema.org\",\"@graph\":[{\"@type\":\"WebPage\",\"@id\":\"https:\\\/\\\/ranoja.ee\\\/toode\\\/cedrus-pinnasetihendaja-cedzg06-25kn\\\/\",\"url\":\"https:\\\/\\\/ranoja.ee\\\/toode\\\/cedrus-pinnasetihendaja-cedzg06-25kn\\\/\",\"name\":\"Cedrus pinnasetihendaja CEDZG06 (25kn)\",\"isPartOf\":{\"@id\":\"https:\\\/\\\/ranoja.ee\\\/#website\"},\"primaryImageOfPage\":{\"@id\":\"https:\\\/\\\/ranoja.ee\\\/toode\\\/cedrus-pinnasetihendaja-cedzg06-25kn\\\/#primaryimage\"},\"image\":{\"@id\":\"https:\\\/\\\/ranoja.ee\\\/toode\\\/cedrus-pinnasetihendaja-cedzg06-25kn\\\/#primaryimage\"},\"thumbnailUrl\":\"https:\\\/\\\/ranoja.ee\\\/wp-content\\\/uploads\\\/2023\\\/10\\\/CEDZG06-PINNASETIHENDAJA-2-scaled.jpg\",\"datePublished\":\"2023-10-24T10:22:16+00:00\",\"dateModified\":\"2025-12-10T10:14:45+00:00\",\"description\":\"Bensiini mootoriga 4,1kw, 196cc K\u00e4sistarter, edasi-tagasi liikumisegaAlusplaat 630x400mm Cedrus pinnasetihendaja CEDZG06 (25kn)\",\"breadcrumb\":{\"@id\":\"https:\\\/\\\/ranoja.ee\\\/toode\\\/cedrus-pinnasetihendaja-cedzg06-25kn\\\/#breadcrumb\"},\"inLanguage\":\"en-US\",\"potentialAction\":[{\"@type\":\"ReadAction\",\"target\":[\"https:\\\/\\\/ranoja.ee\\\/toode\\\/cedrus-pinnasetihendaja-cedzg06-25kn\\\/\"]}]},{\"@type\":\"ImageObject\",\"inLanguage\":\"en-US\",\"@id\":\"https:\\\/\\\/ranoja.ee\\\/toode\\\/cedrus-pinnasetihendaja-cedzg06-25kn\\\/#primaryimage\",\"url\":\"https:\\\/\\\/ranoja.ee\\\/wp-content\\\/uploads\\\/2023\\\/10\\\/CEDZG06-PINNASETIHENDAJA-2-scaled.jpg\",\"contentUrl\":\"https:\\\/\\\/ranoja.ee\\\/wp-content\\\/uploads\\\/2023\\\/10\\\/CEDZG06-PINNASETIHENDAJA-2-scaled.jpg\",\"width\":2159,\"height\":2560,\"caption\":\"Cedrus pinnasetihendaja CEDZG06 (25kn)\"},{\"@type\":\"BreadcrumbList\",\"@id\":\"https:\\\/\\\/ranoja.ee\\\/toode\\\/cedrus-pinnasetihendaja-cedzg06-25kn\\\/#breadcrumb\",\"itemListElement\":[{\"@type\":\"ListItem\",\"position\":1,\"name\":\"Home\",\"item\":\"https:\\\/\\\/ranoja.ee\\\/\"},{\"@type\":\"ListItem\",\"position\":2,\"name\":\"Shop\",\"item\":\"https:\\\/\\\/ranoja.ee\\\/en\\\/shop\\\/\"},{\"@type\":\"ListItem\",\"position\":3,\"name\":\"Cedrus pinnasetihendaja CEDZG06 (25kn)\"}]},{\"@type\":\"WebSite\",\"@id\":\"https:\\\/\\\/ranoja.ee\\\/#website\",\"url\":\"https:\\\/\\\/ranoja.ee\\\/\",\"name\":\"Ranoja\",\"description\":\"Equipment Shop WooCommerce WordPress Theme for Machine &amp; Tools\",\"publisher\":{\"@id\":\"https:\\\/\\\/ranoja.ee\\\/#organization\"},\"potentialAction\":[{\"@type\":\"SearchAction\",\"target\":{\"@type\":\"EntryPoint\",\"urlTemplate\":\"https:\\\/\\\/ranoja.ee\\\/?s={search_term_string}\"},\"query-input\":{\"@type\":\"PropertyValueSpecification\",\"valueRequired\":true,\"valueName\":\"search_term_string\"}}],\"inLanguage\":\"en-US\"},{\"@type\":\"Organization\",\"@id\":\"https:\\\/\\\/ranoja.ee\\\/#organization\",\"name\":\"Ranoja O\u00dc\",\"url\":\"https:\\\/\\\/ranoja.ee\\\/\",\"logo\":{\"@type\":\"ImageObject\",\"inLanguage\":\"en-US\",\"@id\":\"https:\\\/\\\/ranoja.ee\\\/#\\\/schema\\\/logo\\\/image\\\/\",\"url\":\"https:\\\/\\\/ranoja.ee\\\/wp-content\\\/uploads\\\/2023\\\/11\\\/ranoja-Logo.png\",\"contentUrl\":\"https:\\\/\\\/ranoja.ee\\\/wp-content\\\/uploads\\\/2023\\\/11\\\/ranoja-Logo.png\",\"width\":207,\"height\":58,\"caption\":\"Ranoja O\u00dc\"},\"image\":{\"@id\":\"https:\\\/\\\/ranoja.ee\\\/#\\\/schema\\\/logo\\\/image\\\/\"},\"sameAs\":[\"https:\\\/\\\/www.facebook.com\\\/ranoja.ee\",\"https:\\\/\\\/www.instagram.com\\\/ranoja__\\\/\"]}]}<\/script>\n<!-- \/ Yoast SEO plugin. -->","yoast_head_json":{"title":"Cedrus pinnasetihendaja CEDZG06 (25kn)","description":"Bensiini mootoriga 4,1kw, 196cc K\u00e4sistarter, edasi-tagasi liikumisegaAlusplaat 630x400mm Cedrus pinnasetihendaja CEDZG06 (25kn)","robots":{"index":"index","follow":"follow","max-snippet":"max-snippet:-1","max-image-preview":"max-image-preview:large","max-video-preview":"max-video-preview:-1"},"canonical":"https:\/\/ranoja.ee\/toode\/cedrus-pinnasetihendaja-cedzg06-25kn\/","og_locale":"en_US","og_type":"article","og_title":"Cedrus pinnasetihendaja CEDZG06 (25kn)","og_description":"Bensiini mootoriga 4,1kw, 196cc K\u00e4sistarter, edasi-tagasi liikumisegaAlusplaat 630x400mm Cedrus pinnasetihendaja CEDZG06 (25kn)","og_url":"https:\/\/ranoja.ee\/toode\/cedrus-pinnasetihendaja-cedzg06-25kn\/","og_site_name":"Ranoja","article_publisher":"https:\/\/www.facebook.com\/ranoja.ee","article_modified_time":"2025-12-10T10:14:45+00:00","og_image":[{"width":2159,"height":2560,"url":"https:\/\/ranoja.ee\/wp-content\/uploads\/2023\/10\/CEDZG06-PINNASETIHENDAJA-2-scaled.jpg","type":"image\/jpeg"}],"twitter_card":"summary_large_image","twitter_misc":{"Est. reading time":"2 minutes"},"schema":{"@context":"https:\/\/schema.org","@graph":[{"@type":"WebPage","@id":"https:\/\/ranoja.ee\/toode\/cedrus-pinnasetihendaja-cedzg06-25kn\/","url":"https:\/\/ranoja.ee\/toode\/cedrus-pinnasetihendaja-cedzg06-25kn\/","name":"Cedrus pinnasetihendaja CEDZG06 (25kn)","isPartOf":{"@id":"https:\/\/ranoja.ee\/#website"},"primaryImageOfPage":{"@id":"https:\/\/ranoja.ee\/toode\/cedrus-pinnasetihendaja-cedzg06-25kn\/#primaryimage"},"image":{"@id":"https:\/\/ranoja.ee\/toode\/cedrus-pinnasetihendaja-cedzg06-25kn\/#primaryimage"},"thumbnailUrl":"https:\/\/ranoja.ee\/wp-content\/uploads\/2023\/10\/CEDZG06-PINNASETIHENDAJA-2-scaled.jpg","datePublished":"2023-10-24T10:22:16+00:00","dateModified":"2025-12-10T10:14:45+00:00","description":"Bensiini mootoriga 4,1kw, 196cc K\u00e4sistarter, edasi-tagasi liikumisegaAlusplaat 630x400mm Cedrus pinnasetihendaja CEDZG06 (25kn)","breadcrumb":{"@id":"https:\/\/ranoja.ee\/toode\/cedrus-pinnasetihendaja-cedzg06-25kn\/#breadcrumb"},"inLanguage":"en-US","potentialAction":[{"@type":"ReadAction","target":["https:\/\/ranoja.ee\/toode\/cedrus-pinnasetihendaja-cedzg06-25kn\/"]}]},{"@type":"ImageObject","inLanguage":"en-US","@id":"https:\/\/ranoja.ee\/toode\/cedrus-pinnasetihendaja-cedzg06-25kn\/#primaryimage","url":"https:\/\/ranoja.ee\/wp-content\/uploads\/2023\/10\/CEDZG06-PINNASETIHENDAJA-2-scaled.jpg","contentUrl":"https:\/\/ranoja.ee\/wp-content\/uploads\/2023\/10\/CEDZG06-PINNASETIHENDAJA-2-scaled.jpg","width":2159,"height":2560,"caption":"Cedrus pinnasetihendaja CEDZG06 (25kn)"},{"@type":"BreadcrumbList","@id":"https:\/\/ranoja.ee\/toode\/cedrus-pinnasetihendaja-cedzg06-25kn\/#breadcrumb","itemListElement":[{"@type":"ListItem","position":1,"name":"Home","item":"https:\/\/ranoja.ee\/"},{"@type":"ListItem","position":2,"name":"Shop","item":"https:\/\/ranoja.ee\/en\/shop\/"},{"@type":"ListItem","position":3,"name":"Cedrus pinnasetihendaja CEDZG06 (25kn)"}]},{"@type":"WebSite","@id":"https:\/\/ranoja.ee\/#website","url":"https:\/\/ranoja.ee\/","name":"Ranoja","description":"Equipment Shop WooCommerce WordPress Theme for Machine &amp; Tools","publisher":{"@id":"https:\/\/ranoja.ee\/#organization"},"potentialAction":[{"@type":"SearchAction","target":{"@type":"EntryPoint","urlTemplate":"https:\/\/ranoja.ee\/?s={search_term_string}"},"query-input":{"@type":"PropertyValueSpecification","valueRequired":true,"valueName":"search_term_string"}}],"inLanguage":"en-US"},{"@type":"Organization","@id":"https:\/\/ranoja.ee\/#organization","name":"Ranoja O\u00dc","url":"https:\/\/ranoja.ee\/","logo":{"@type":"ImageObject","inLanguage":"en-US","@id":"https:\/\/ranoja.ee\/#\/schema\/logo\/image\/","url":"https:\/\/ranoja.ee\/wp-content\/uploads\/2023\/11\/ranoja-Logo.png","contentUrl":"https:\/\/ranoja.ee\/wp-content\/uploads\/2023\/11\/ranoja-Logo.png","width":207,"height":58,"caption":"Ranoja O\u00dc"},"image":{"@id":"https:\/\/ranoja.ee\/#\/schema\/logo\/image\/"},"sameAs":["https:\/\/www.facebook.com\/ranoja.ee","https:\/\/www.instagram.com\/ranoja__\/"]}]}},"_links":{"self":[{"href":"https:\/\/ranoja.ee\/en\/wp-json\/wp\/v2\/product\/6479","targetHints":{"allow":["GET"]}}],"collection":[{"href":"https:\/\/ranoja.ee\/en\/wp-json\/wp\/v2\/product"}],"about":[{"href":"https:\/\/ranoja.ee\/en\/wp-json\/wp\/v2\/types\/product"}],"wp:featuredmedia":[{"embeddable":true,"href":"https:\/\/ranoja.ee\/en\/wp-json\/wp\/v2\/media\/6480"}],"wp:attachment":[{"href":"https:\/\/ranoja.ee\/en\/wp-json\/wp\/v2\/media?parent=6479"}],"wp:term":[{"taxonomy":"product_cat","embeddable":true,"href":"https:\/\/ranoja.ee\/en\/wp-json\/wp\/v2\/product_cat?post=6479"},{"taxonomy":"product_tag","embeddable":true,"href":"https:\/\/ranoja.ee\/en\/wp-json\/wp\/v2\/product_tag?post=6479"}],"curies":[{"name":"wp","href":"https:\/\/api.w.org\/{rel}","templated":true}]}}