{"id":6467,"date":"2023-10-24T12:58:02","date_gmt":"2023-10-24T09:58:02","guid":{"rendered":"https:\/\/www.ranoja.ee\/?post_type=product&#038;p=6467"},"modified":"2025-12-10T11:48:37","modified_gmt":"2025-12-10T08:48:37","slug":"cedrus-bensiinimootoriga-oksapurustaja-cedrb03","status":"publish","type":"product","link":"https:\/\/ranoja.ee\/en\/toode\/cedrus-bensiinimootoriga-oksapurustaja-cedrb03\/","title":{"rendered":"Cedrus bensiinimootoriga oksapurustaja CEDRB03"},"content":{"rendered":"<p>Cedrus bensiinimootoriga oksapurustaja CEDRB03 on tuntud oma v\u00f5imsuse poolest, mis v\u00f5imaldab neil t\u00f5husalt purustada erineva diameetriga oksi. Need seadmed on varustatud tugevate mootoritega, mis tagavad suure j\u00f5udluse ja vastupidavuse. Olgu tegemist siis aia p\u00fcgamisj\u00e4\u00e4tmete v\u00f5i puuokste purustamisega, Cedrus oksapurustaja suudab sellega h\u00f5lpsalt toime tulla.<\/p>\n<p>Turvalisus on Cedrus oksapurustajate disainis esmat\u00e4htis. Need on varustatud mitmete turvafunktsioonidega, sealhulgas automaatse peatamise s\u00fcsteemiga, mis k\u00e4ivitub koheselt, kui avatakse juurdep\u00e4\u00e4s purustuskambrile. See tagab kasutaja ohutuse ja v\u00e4hendab \u00f5nnetuste riski.<\/p>\n<p>Lisaks on Cedrus keskkonnas\u00f5bralikud, p\u00f6\u00f6rates t\u00e4helepanu j\u00e4tkusuutlikkusele. Need oksapurustajad mitte ainult ei aita aiat\u00f6id kiirendada, vaid muudavad ka aiaj\u00e4\u00e4tmed kasulikuks mult\u0161iks v\u00f5i kompostiks, toetades seel\u00e4bi \u00f6koloogilist aiat\u00f6\u00f6d.<\/p>\n<p>Cedrus oksapurustajad on t\u00f5husad ja vastupidavad t\u00f6\u00f6riistad, mis muudavad aiat\u00f6\u00f6de tegemise nauditavaks ja tulemuslikuks. Nende usaldusv\u00e4\u00e4rne j\u00f5udlus ja innovatiivne disain muudavad Cedrus oksapurustajad eelistatuks valikuks neile, kes hindavad kvaliteeti ja soovivad investeerida usaldusv\u00e4\u00e4rsetesse aiat\u00f6\u00f6riistadesse.<\/p>\n<p>aiat\u00f6\u00f6riistu, alates oksapurustajatest ja muruniidukitest kuni trimmerite ja lehepuhuriteni. Iga toode on hoolikalt disainitud, arvestades kasutajate vajadusi ja keskkonnas\u00f5bralikkust.<br \/>\nCedrus panustab j\u00e4tkusuutlikkusse, pakkudes tooteid, mis aitavad v\u00e4hendada aiaj\u00e4\u00e4tmete kogust ja soodustavad taaskasutust. Lisaks on br\u00e4nd tuntud oma klienditeeninduse ja tootekvaliteedi poolest, pakkudes tarbijatele kindlustunnet oma valiku suhtes.<\/p>\n<p>Br\u00e4ndi CEDRUS taga on p\u00fchendunud meeskond, kes usub, et iga aednik peaks saama nautida aiat\u00f6id ilma kompromissideta. Cedrus tooted on loodud selleks, et muuta aiat\u00f6\u00f6d lihtsamaks, t\u00f5husamaks<br \/>\nja nauditavamaks. Olgu tegemist aia korrastamise, rohu niitmise v\u00f5i oksapurustamisega \u2013 Cedrus br\u00e4ndi all leiab iga\u00fcks endale sobiva lahenduse oma aia eest hoolitsemiseks.<\/p>\n<p><img decoding=\"async\" src=\"https:\/\/www.ranoja.ee\/wp-content\/uploads\/2023\/07\/cedrus-logo-vaike-1-300x99.png\" alt=\"\" width=\"300\" height=\"99\" class=\"alignnone size-medium wp-image-5896\" srcset=\"https:\/\/ranoja.ee\/wp-content\/uploads\/2023\/07\/cedrus-logo-vaike-1-300x99.png 300w, https:\/\/ranoja.ee\/wp-content\/uploads\/2023\/07\/cedrus-logo-vaike-1.png 431w\" sizes=\"(max-width: 300px) 100vw, 300px\" \/><\/p>\n","protected":false},"excerpt":{"rendered":"<p>Cedrus bensiinimootoriga oksapurustaja CEDRB03<br \/>\nMootor: G420F Loncin 9.0kW \/ 3600 rpm. \/ min<br \/>\nK\u00fctusepaak 6,5L<br \/>\nK\u00e4sistarter<br \/>\nMaterjali max l\u00e4bim\u00f5\u00f5t 120mm<br \/>\nTrummels\u00fcsteemiga l\u00f5ikes\u00fcsteem mis veab oksad ise sisse<br \/>\nL\u00f5iketerad 300mm x2 tera<br \/>\nEeldatav tootlikud okste purustamisel 4 m3\/h \u2013 6 m3\/h<br \/>\nMustriga \u00f5hkrehvid 16&#215;8-7<br \/>\nTurval\u00fclitid<br \/>\nJ\u00e4relveetav<br \/>\nKaal 185kg<br \/>\nTunnilugeja<br \/>\nMasina m\u00f5\u00f5tmed: k\u00f5rgus 1460 mm, pikkus 1850 mm, laius 800 mm<\/p>\n<p><strong>Tarneaeg 1-7 t\u00f6\u00f6p\u00e4eva<\/strong><\/p>\n","protected":false},"featured_media":6468,"template":"","meta":{"inline_featured_image":false},"product_cat":[1087,85],"product_tag":[375,1025,1022,1024,173,1023,84,378,1021],"class_list":{"0":"post-6467","1":"product","2":"type-product","3":"status-publish","4":"has-post-thumbnail","6":"product_brand-cedrus","7":"product_cat-metsatehnika","8":"product_cat-oksapurustajad","9":"product_tag-bensiinimootoriga-oksapurustaja","10":"product_tag-cedrb03","11":"product_tag-hakkepuit","12":"product_tag-haljastus","13":"product_tag-loncin","14":"product_tag-mults","15":"product_tag-oksapurustaja","16":"product_tag-oksapurusti","17":"product_tag-puiduhakkur","19":"first","20":"instock","21":"taxable","22":"shipping-taxable","23":"purchasable","24":"product-type-simple"},"yoast_head":"<!-- This site is optimized with the Yoast SEO plugin v27.4 - https:\/\/yoast.com\/product\/yoast-seo-wordpress\/ -->\n<title>Cedrus bensiinimootoriga oksapurustaja CEDRB03<\/title>\n<meta name=\"description\" content=\"Cedrus bensiinimootoriga oksapurustaja CEDRB03 Bensiinimootor loncin G420F 9kw, Max. oksal\u00e4bim\u00f5\u00f5t 120mm, j\u00e4relveetav ATV v\u00f5i murutraktori haakes, Kaal 185kg\" \/>\n<meta name=\"robots\" content=\"index, follow, max-snippet:-1, max-image-preview:large, max-video-preview:-1\" \/>\n<link rel=\"canonical\" href=\"https:\/\/ranoja.ee\/toode\/cedrus-bensiinimootoriga-oksapurustaja-cedrb03\/\" \/>\n<meta property=\"og:locale\" content=\"en_US\" \/>\n<meta property=\"og:type\" content=\"article\" \/>\n<meta property=\"og:title\" content=\"Cedrus bensiinimootoriga oksapurustaja CEDRB03\" \/>\n<meta property=\"og:description\" content=\"Cedrus bensiinimootoriga oksapurustaja CEDRB03 Bensiinimootor loncin G420F 9kw, Max. oksal\u00e4bim\u00f5\u00f5t 120mm, j\u00e4relveetav ATV v\u00f5i murutraktori haakes, Kaal 185kg\" \/>\n<meta property=\"og:url\" content=\"https:\/\/ranoja.ee\/toode\/cedrus-bensiinimootoriga-oksapurustaja-cedrb03\/\" \/>\n<meta property=\"og:site_name\" content=\"Ranoja\" \/>\n<meta property=\"article:publisher\" content=\"https:\/\/www.facebook.com\/ranoja.ee\" \/>\n<meta property=\"article:modified_time\" content=\"2025-12-10T08:48:37+00:00\" \/>\n<meta property=\"og:image\" content=\"https:\/\/ranoja.ee\/wp-content\/uploads\/2023\/10\/bensiinimootoriga-oksapurustaja-CEDRB03-8-scaled.jpg\" \/>\n\t<meta property=\"og:image:width\" content=\"2560\" \/>\n\t<meta property=\"og:image:height\" content=\"1695\" \/>\n\t<meta property=\"og:image:type\" content=\"image\/jpeg\" \/>\n<meta name=\"twitter:card\" content=\"summary_large_image\" \/>\n<meta name=\"twitter:label1\" content=\"Est. reading time\" \/>\n\t<meta name=\"twitter:data1\" content=\"2 minutes\" \/>\n<script type=\"application\/ld+json\" class=\"yoast-schema-graph\">{\"@context\":\"https:\\\/\\\/schema.org\",\"@graph\":[{\"@type\":\"WebPage\",\"@id\":\"https:\\\/\\\/ranoja.ee\\\/toode\\\/cedrus-bensiinimootoriga-oksapurustaja-cedrb03\\\/\",\"url\":\"https:\\\/\\\/ranoja.ee\\\/toode\\\/cedrus-bensiinimootoriga-oksapurustaja-cedrb03\\\/\",\"name\":\"Cedrus bensiinimootoriga oksapurustaja CEDRB03\",\"isPartOf\":{\"@id\":\"https:\\\/\\\/ranoja.ee\\\/#website\"},\"primaryImageOfPage\":{\"@id\":\"https:\\\/\\\/ranoja.ee\\\/toode\\\/cedrus-bensiinimootoriga-oksapurustaja-cedrb03\\\/#primaryimage\"},\"image\":{\"@id\":\"https:\\\/\\\/ranoja.ee\\\/toode\\\/cedrus-bensiinimootoriga-oksapurustaja-cedrb03\\\/#primaryimage\"},\"thumbnailUrl\":\"https:\\\/\\\/ranoja.ee\\\/wp-content\\\/uploads\\\/2023\\\/10\\\/bensiinimootoriga-oksapurustaja-CEDRB03-8-scaled.jpg\",\"datePublished\":\"2023-10-24T09:58:02+00:00\",\"dateModified\":\"2025-12-10T08:48:37+00:00\",\"description\":\"Cedrus bensiinimootoriga oksapurustaja CEDRB03 Bensiinimootor loncin G420F 9kw, Max. oksal\u00e4bim\u00f5\u00f5t 120mm, j\u00e4relveetav ATV v\u00f5i murutraktori haakes, Kaal 185kg\",\"breadcrumb\":{\"@id\":\"https:\\\/\\\/ranoja.ee\\\/toode\\\/cedrus-bensiinimootoriga-oksapurustaja-cedrb03\\\/#breadcrumb\"},\"inLanguage\":\"en-US\",\"potentialAction\":[{\"@type\":\"ReadAction\",\"target\":[\"https:\\\/\\\/ranoja.ee\\\/toode\\\/cedrus-bensiinimootoriga-oksapurustaja-cedrb03\\\/\"]}]},{\"@type\":\"ImageObject\",\"inLanguage\":\"en-US\",\"@id\":\"https:\\\/\\\/ranoja.ee\\\/toode\\\/cedrus-bensiinimootoriga-oksapurustaja-cedrb03\\\/#primaryimage\",\"url\":\"https:\\\/\\\/ranoja.ee\\\/wp-content\\\/uploads\\\/2023\\\/10\\\/bensiinimootoriga-oksapurustaja-CEDRB03-8-scaled.jpg\",\"contentUrl\":\"https:\\\/\\\/ranoja.ee\\\/wp-content\\\/uploads\\\/2023\\\/10\\\/bensiinimootoriga-oksapurustaja-CEDRB03-8-scaled.jpg\",\"width\":2560,\"height\":1695,\"caption\":\"cedrus-bensiinimootoriga-oksapurustaja-cedrb03\"},{\"@type\":\"BreadcrumbList\",\"@id\":\"https:\\\/\\\/ranoja.ee\\\/toode\\\/cedrus-bensiinimootoriga-oksapurustaja-cedrb03\\\/#breadcrumb\",\"itemListElement\":[{\"@type\":\"ListItem\",\"position\":1,\"name\":\"Home\",\"item\":\"https:\\\/\\\/ranoja.ee\\\/\"},{\"@type\":\"ListItem\",\"position\":2,\"name\":\"Shop\",\"item\":\"https:\\\/\\\/ranoja.ee\\\/en\\\/shop\\\/\"},{\"@type\":\"ListItem\",\"position\":3,\"name\":\"Cedrus bensiinimootoriga oksapurustaja CEDRB03\"}]},{\"@type\":\"WebSite\",\"@id\":\"https:\\\/\\\/ranoja.ee\\\/#website\",\"url\":\"https:\\\/\\\/ranoja.ee\\\/\",\"name\":\"Ranoja\",\"description\":\"Equipment Shop WooCommerce WordPress Theme for Machine &amp; Tools\",\"publisher\":{\"@id\":\"https:\\\/\\\/ranoja.ee\\\/#organization\"},\"potentialAction\":[{\"@type\":\"SearchAction\",\"target\":{\"@type\":\"EntryPoint\",\"urlTemplate\":\"https:\\\/\\\/ranoja.ee\\\/?s={search_term_string}\"},\"query-input\":{\"@type\":\"PropertyValueSpecification\",\"valueRequired\":true,\"valueName\":\"search_term_string\"}}],\"inLanguage\":\"en-US\"},{\"@type\":\"Organization\",\"@id\":\"https:\\\/\\\/ranoja.ee\\\/#organization\",\"name\":\"Ranoja O\u00dc\",\"url\":\"https:\\\/\\\/ranoja.ee\\\/\",\"logo\":{\"@type\":\"ImageObject\",\"inLanguage\":\"en-US\",\"@id\":\"https:\\\/\\\/ranoja.ee\\\/#\\\/schema\\\/logo\\\/image\\\/\",\"url\":\"https:\\\/\\\/ranoja.ee\\\/wp-content\\\/uploads\\\/2023\\\/11\\\/ranoja-Logo.png\",\"contentUrl\":\"https:\\\/\\\/ranoja.ee\\\/wp-content\\\/uploads\\\/2023\\\/11\\\/ranoja-Logo.png\",\"width\":207,\"height\":58,\"caption\":\"Ranoja O\u00dc\"},\"image\":{\"@id\":\"https:\\\/\\\/ranoja.ee\\\/#\\\/schema\\\/logo\\\/image\\\/\"},\"sameAs\":[\"https:\\\/\\\/www.facebook.com\\\/ranoja.ee\",\"https:\\\/\\\/www.instagram.com\\\/ranoja__\\\/\"]}]}<\/script>\n<!-- \/ Yoast SEO plugin. -->","yoast_head_json":{"title":"Cedrus bensiinimootoriga oksapurustaja CEDRB03","description":"Cedrus bensiinimootoriga oksapurustaja CEDRB03 Bensiinimootor loncin G420F 9kw, Max. oksal\u00e4bim\u00f5\u00f5t 120mm, j\u00e4relveetav ATV v\u00f5i murutraktori haakes, Kaal 185kg","robots":{"index":"index","follow":"follow","max-snippet":"max-snippet:-1","max-image-preview":"max-image-preview:large","max-video-preview":"max-video-preview:-1"},"canonical":"https:\/\/ranoja.ee\/toode\/cedrus-bensiinimootoriga-oksapurustaja-cedrb03\/","og_locale":"en_US","og_type":"article","og_title":"Cedrus bensiinimootoriga oksapurustaja CEDRB03","og_description":"Cedrus bensiinimootoriga oksapurustaja CEDRB03 Bensiinimootor loncin G420F 9kw, Max. oksal\u00e4bim\u00f5\u00f5t 120mm, j\u00e4relveetav ATV v\u00f5i murutraktori haakes, Kaal 185kg","og_url":"https:\/\/ranoja.ee\/toode\/cedrus-bensiinimootoriga-oksapurustaja-cedrb03\/","og_site_name":"Ranoja","article_publisher":"https:\/\/www.facebook.com\/ranoja.ee","article_modified_time":"2025-12-10T08:48:37+00:00","og_image":[{"width":2560,"height":1695,"url":"https:\/\/ranoja.ee\/wp-content\/uploads\/2023\/10\/bensiinimootoriga-oksapurustaja-CEDRB03-8-scaled.jpg","type":"image\/jpeg"}],"twitter_card":"summary_large_image","twitter_misc":{"Est. reading time":"2 minutes"},"schema":{"@context":"https:\/\/schema.org","@graph":[{"@type":"WebPage","@id":"https:\/\/ranoja.ee\/toode\/cedrus-bensiinimootoriga-oksapurustaja-cedrb03\/","url":"https:\/\/ranoja.ee\/toode\/cedrus-bensiinimootoriga-oksapurustaja-cedrb03\/","name":"Cedrus bensiinimootoriga oksapurustaja CEDRB03","isPartOf":{"@id":"https:\/\/ranoja.ee\/#website"},"primaryImageOfPage":{"@id":"https:\/\/ranoja.ee\/toode\/cedrus-bensiinimootoriga-oksapurustaja-cedrb03\/#primaryimage"},"image":{"@id":"https:\/\/ranoja.ee\/toode\/cedrus-bensiinimootoriga-oksapurustaja-cedrb03\/#primaryimage"},"thumbnailUrl":"https:\/\/ranoja.ee\/wp-content\/uploads\/2023\/10\/bensiinimootoriga-oksapurustaja-CEDRB03-8-scaled.jpg","datePublished":"2023-10-24T09:58:02+00:00","dateModified":"2025-12-10T08:48:37+00:00","description":"Cedrus bensiinimootoriga oksapurustaja CEDRB03 Bensiinimootor loncin G420F 9kw, Max. oksal\u00e4bim\u00f5\u00f5t 120mm, j\u00e4relveetav ATV v\u00f5i murutraktori haakes, Kaal 185kg","breadcrumb":{"@id":"https:\/\/ranoja.ee\/toode\/cedrus-bensiinimootoriga-oksapurustaja-cedrb03\/#breadcrumb"},"inLanguage":"en-US","potentialAction":[{"@type":"ReadAction","target":["https:\/\/ranoja.ee\/toode\/cedrus-bensiinimootoriga-oksapurustaja-cedrb03\/"]}]},{"@type":"ImageObject","inLanguage":"en-US","@id":"https:\/\/ranoja.ee\/toode\/cedrus-bensiinimootoriga-oksapurustaja-cedrb03\/#primaryimage","url":"https:\/\/ranoja.ee\/wp-content\/uploads\/2023\/10\/bensiinimootoriga-oksapurustaja-CEDRB03-8-scaled.jpg","contentUrl":"https:\/\/ranoja.ee\/wp-content\/uploads\/2023\/10\/bensiinimootoriga-oksapurustaja-CEDRB03-8-scaled.jpg","width":2560,"height":1695,"caption":"cedrus-bensiinimootoriga-oksapurustaja-cedrb03"},{"@type":"BreadcrumbList","@id":"https:\/\/ranoja.ee\/toode\/cedrus-bensiinimootoriga-oksapurustaja-cedrb03\/#breadcrumb","itemListElement":[{"@type":"ListItem","position":1,"name":"Home","item":"https:\/\/ranoja.ee\/"},{"@type":"ListItem","position":2,"name":"Shop","item":"https:\/\/ranoja.ee\/en\/shop\/"},{"@type":"ListItem","position":3,"name":"Cedrus bensiinimootoriga oksapurustaja CEDRB03"}]},{"@type":"WebSite","@id":"https:\/\/ranoja.ee\/#website","url":"https:\/\/ranoja.ee\/","name":"Ranoja","description":"Equipment Shop WooCommerce WordPress Theme for Machine &amp; Tools","publisher":{"@id":"https:\/\/ranoja.ee\/#organization"},"potentialAction":[{"@type":"SearchAction","target":{"@type":"EntryPoint","urlTemplate":"https:\/\/ranoja.ee\/?s={search_term_string}"},"query-input":{"@type":"PropertyValueSpecification","valueRequired":true,"valueName":"search_term_string"}}],"inLanguage":"en-US"},{"@type":"Organization","@id":"https:\/\/ranoja.ee\/#organization","name":"Ranoja O\u00dc","url":"https:\/\/ranoja.ee\/","logo":{"@type":"ImageObject","inLanguage":"en-US","@id":"https:\/\/ranoja.ee\/#\/schema\/logo\/image\/","url":"https:\/\/ranoja.ee\/wp-content\/uploads\/2023\/11\/ranoja-Logo.png","contentUrl":"https:\/\/ranoja.ee\/wp-content\/uploads\/2023\/11\/ranoja-Logo.png","width":207,"height":58,"caption":"Ranoja O\u00dc"},"image":{"@id":"https:\/\/ranoja.ee\/#\/schema\/logo\/image\/"},"sameAs":["https:\/\/www.facebook.com\/ranoja.ee","https:\/\/www.instagram.com\/ranoja__\/"]}]}},"_links":{"self":[{"href":"https:\/\/ranoja.ee\/en\/wp-json\/wp\/v2\/product\/6467","targetHints":{"allow":["GET"]}}],"collection":[{"href":"https:\/\/ranoja.ee\/en\/wp-json\/wp\/v2\/product"}],"about":[{"href":"https:\/\/ranoja.ee\/en\/wp-json\/wp\/v2\/types\/product"}],"wp:featuredmedia":[{"embeddable":true,"href":"https:\/\/ranoja.ee\/en\/wp-json\/wp\/v2\/media\/6468"}],"wp:attachment":[{"href":"https:\/\/ranoja.ee\/en\/wp-json\/wp\/v2\/media?parent=6467"}],"wp:term":[{"taxonomy":"product_cat","embeddable":true,"href":"https:\/\/ranoja.ee\/en\/wp-json\/wp\/v2\/product_cat?post=6467"},{"taxonomy":"product_tag","embeddable":true,"href":"https:\/\/ranoja.ee\/en\/wp-json\/wp\/v2\/product_tag?post=6467"}],"curies":[{"name":"wp","href":"https:\/\/api.w.org\/{rel}","templated":true}]}}