{"id":64662,"date":"2026-03-26T11:59:28","date_gmt":"2026-03-26T08:59:28","guid":{"rendered":"https:\/\/ranoja.ee\/?post_type=product&#038;p=64662"},"modified":"2026-03-26T11:59:29","modified_gmt":"2026-03-26T08:59:29","slug":"aura-r-2-toitekaabli-pikendus-10m","status":"publish","type":"product","link":"https:\/\/ranoja.ee\/en\/toode\/aura-r-2-toitekaabli-pikendus-10m\/","title":{"rendered":"AURA R-2 toitekaabli pikendus 10m"},"content":{"rendered":"<p>AURA R-2 toitekaabli pikendus 10m<\/p>\n<p>10 m pikenduskaabel AURA-R2 laadimisjaama jaoks. V\u00f5imaldab kaabli paindlikku paigutust aias.<br \/>\nKomplektis on 10 vaia kaabli kindlaks fikseerimiseks.<\/p>\n","protected":false},"excerpt":{"rendered":"<p>AURA R-2 toitekaabli pikendus 10m<br \/>\n10 m pikenduskaabel AURA-R2 laadimisjaama jaoks. <\/p>\n<p>V\u00f5imaldab kaabli paindlikku paigutust aias.<br \/>\nKomplektis on 10 vaia kaabli kindlaks fikseerimiseks.<\/p>\n<p>Sobib k\u00f5ikide EGO POWER + AURA R2 mudelitega!<\/p>\n<p><strong>Eeldatav tarneaeg 1-7 t\u00f6\u00f6p\u00e4eva<\/strong><\/p>\n","protected":false},"featured_media":64663,"template":"","meta":{"inline_featured_image":false},"product_cat":[1079,1080],"product_tag":[5959,1826,3312,4195],"class_list":{"0":"post-64662","1":"product","2":"type-product","3":"status-publish","4":"has-post-thumbnail","6":"product_cat-aiatehnika-ja-niidutehnika","7":"product_cat-robotniidukid","8":"product_tag-aura-r2","9":"product_tag-ego-power","10":"product_tag-kaablivaba","11":"product_tag-kaablivaba-robotniiduk","13":"first","14":"instock","15":"taxable","16":"shipping-taxable","17":"purchasable","18":"product-type-simple"},"yoast_head":"<!-- This site is optimized with the Yoast SEO plugin v27.4 - https:\/\/yoast.com\/product\/yoast-seo-wordpress\/ -->\n<title>AURA R-2 toitekaabli pikendus 10m<\/title>\n<meta name=\"description\" content=\"AURA R-2 toitekaabli pikendus 10m - V\u00f5imaldab kaabli paindlikku paigutust aias.Komplektis on 10 vaia kaabli kindlaks fikseerimiseks.\" \/>\n<meta name=\"robots\" content=\"index, follow, max-snippet:-1, max-image-preview:large, max-video-preview:-1\" \/>\n<link rel=\"canonical\" href=\"https:\/\/ranoja.ee\/toode\/aura-r-2-toitekaabli-pikendus-10m\/\" \/>\n<meta property=\"og:locale\" content=\"en_US\" \/>\n<meta property=\"og:type\" content=\"article\" \/>\n<meta property=\"og:title\" content=\"AURA R-2 toitekaabli pikendus 10m\" \/>\n<meta property=\"og:description\" content=\"AURA R-2 toitekaabli pikendus 10m - V\u00f5imaldab kaabli paindlikku paigutust aias.Komplektis on 10 vaia kaabli kindlaks fikseerimiseks.\" \/>\n<meta property=\"og:url\" content=\"https:\/\/ranoja.ee\/toode\/aura-r-2-toitekaabli-pikendus-10m\/\" \/>\n<meta property=\"og:site_name\" content=\"Ranoja\" \/>\n<meta property=\"article:publisher\" content=\"https:\/\/www.facebook.com\/ranoja.ee\" \/>\n<meta property=\"article:modified_time\" content=\"2026-03-26T08:59:29+00:00\" \/>\n<meta property=\"og:image\" content=\"https:\/\/ranoja.ee\/wp-content\/uploads\/2026\/03\/AURA-R-2-toitekaabli-pikendus-10m-2.png\" \/>\n\t<meta property=\"og:image:width\" content=\"800\" \/>\n\t<meta property=\"og:image:height\" content=\"566\" \/>\n\t<meta property=\"og:image:type\" content=\"image\/png\" \/>\n<meta name=\"twitter:card\" content=\"summary_large_image\" \/>\n<meta name=\"twitter:label1\" content=\"Est. reading time\" \/>\n\t<meta name=\"twitter:data1\" content=\"1 minute\" \/>\n<script type=\"application\/ld+json\" class=\"yoast-schema-graph\">{\"@context\":\"https:\\\/\\\/schema.org\",\"@graph\":[{\"@type\":\"WebPage\",\"@id\":\"https:\\\/\\\/ranoja.ee\\\/toode\\\/aura-r-2-toitekaabli-pikendus-10m\\\/\",\"url\":\"https:\\\/\\\/ranoja.ee\\\/toode\\\/aura-r-2-toitekaabli-pikendus-10m\\\/\",\"name\":\"AURA R-2 toitekaabli pikendus 10m\",\"isPartOf\":{\"@id\":\"https:\\\/\\\/ranoja.ee\\\/#website\"},\"primaryImageOfPage\":{\"@id\":\"https:\\\/\\\/ranoja.ee\\\/toode\\\/aura-r-2-toitekaabli-pikendus-10m\\\/#primaryimage\"},\"image\":{\"@id\":\"https:\\\/\\\/ranoja.ee\\\/toode\\\/aura-r-2-toitekaabli-pikendus-10m\\\/#primaryimage\"},\"thumbnailUrl\":\"https:\\\/\\\/ranoja.ee\\\/wp-content\\\/uploads\\\/2026\\\/03\\\/AURA-R-2-toitekaabli-pikendus-10m-2.png\",\"datePublished\":\"2026-03-26T08:59:28+00:00\",\"dateModified\":\"2026-03-26T08:59:29+00:00\",\"description\":\"AURA R-2 toitekaabli pikendus 10m - V\u00f5imaldab kaabli paindlikku paigutust aias.Komplektis on 10 vaia kaabli kindlaks fikseerimiseks.\",\"breadcrumb\":{\"@id\":\"https:\\\/\\\/ranoja.ee\\\/toode\\\/aura-r-2-toitekaabli-pikendus-10m\\\/#breadcrumb\"},\"inLanguage\":\"en-US\",\"potentialAction\":[{\"@type\":\"ReadAction\",\"target\":[\"https:\\\/\\\/ranoja.ee\\\/toode\\\/aura-r-2-toitekaabli-pikendus-10m\\\/\"]}]},{\"@type\":\"ImageObject\",\"inLanguage\":\"en-US\",\"@id\":\"https:\\\/\\\/ranoja.ee\\\/toode\\\/aura-r-2-toitekaabli-pikendus-10m\\\/#primaryimage\",\"url\":\"https:\\\/\\\/ranoja.ee\\\/wp-content\\\/uploads\\\/2026\\\/03\\\/AURA-R-2-toitekaabli-pikendus-10m-2.png\",\"contentUrl\":\"https:\\\/\\\/ranoja.ee\\\/wp-content\\\/uploads\\\/2026\\\/03\\\/AURA-R-2-toitekaabli-pikendus-10m-2.png\",\"width\":800,\"height\":566,\"caption\":\"AURA R-2 toitekaabli pikendus 10m\"},{\"@type\":\"BreadcrumbList\",\"@id\":\"https:\\\/\\\/ranoja.ee\\\/toode\\\/aura-r-2-toitekaabli-pikendus-10m\\\/#breadcrumb\",\"itemListElement\":[{\"@type\":\"ListItem\",\"position\":1,\"name\":\"Home\",\"item\":\"https:\\\/\\\/ranoja.ee\\\/\"},{\"@type\":\"ListItem\",\"position\":2,\"name\":\"Shop\",\"item\":\"https:\\\/\\\/ranoja.ee\\\/en\\\/shop\\\/\"},{\"@type\":\"ListItem\",\"position\":3,\"name\":\"AURA R-2 toitekaabli pikendus 10m\"}]},{\"@type\":\"WebSite\",\"@id\":\"https:\\\/\\\/ranoja.ee\\\/#website\",\"url\":\"https:\\\/\\\/ranoja.ee\\\/\",\"name\":\"Ranoja\",\"description\":\"Equipment Shop WooCommerce WordPress Theme for Machine &amp; Tools\",\"publisher\":{\"@id\":\"https:\\\/\\\/ranoja.ee\\\/#organization\"},\"potentialAction\":[{\"@type\":\"SearchAction\",\"target\":{\"@type\":\"EntryPoint\",\"urlTemplate\":\"https:\\\/\\\/ranoja.ee\\\/?s={search_term_string}\"},\"query-input\":{\"@type\":\"PropertyValueSpecification\",\"valueRequired\":true,\"valueName\":\"search_term_string\"}}],\"inLanguage\":\"en-US\"},{\"@type\":\"Organization\",\"@id\":\"https:\\\/\\\/ranoja.ee\\\/#organization\",\"name\":\"Ranoja O\u00dc\",\"url\":\"https:\\\/\\\/ranoja.ee\\\/\",\"logo\":{\"@type\":\"ImageObject\",\"inLanguage\":\"en-US\",\"@id\":\"https:\\\/\\\/ranoja.ee\\\/#\\\/schema\\\/logo\\\/image\\\/\",\"url\":\"https:\\\/\\\/ranoja.ee\\\/wp-content\\\/uploads\\\/2023\\\/11\\\/ranoja-Logo.png\",\"contentUrl\":\"https:\\\/\\\/ranoja.ee\\\/wp-content\\\/uploads\\\/2023\\\/11\\\/ranoja-Logo.png\",\"width\":207,\"height\":58,\"caption\":\"Ranoja O\u00dc\"},\"image\":{\"@id\":\"https:\\\/\\\/ranoja.ee\\\/#\\\/schema\\\/logo\\\/image\\\/\"},\"sameAs\":[\"https:\\\/\\\/www.facebook.com\\\/ranoja.ee\",\"https:\\\/\\\/www.instagram.com\\\/ranoja__\\\/\"]}]}<\/script>\n<!-- \/ Yoast SEO plugin. -->","yoast_head_json":{"title":"AURA R-2 toitekaabli pikendus 10m","description":"AURA R-2 toitekaabli pikendus 10m - V\u00f5imaldab kaabli paindlikku paigutust aias.Komplektis on 10 vaia kaabli kindlaks fikseerimiseks.","robots":{"index":"index","follow":"follow","max-snippet":"max-snippet:-1","max-image-preview":"max-image-preview:large","max-video-preview":"max-video-preview:-1"},"canonical":"https:\/\/ranoja.ee\/toode\/aura-r-2-toitekaabli-pikendus-10m\/","og_locale":"en_US","og_type":"article","og_title":"AURA R-2 toitekaabli pikendus 10m","og_description":"AURA R-2 toitekaabli pikendus 10m - V\u00f5imaldab kaabli paindlikku paigutust aias.Komplektis on 10 vaia kaabli kindlaks fikseerimiseks.","og_url":"https:\/\/ranoja.ee\/toode\/aura-r-2-toitekaabli-pikendus-10m\/","og_site_name":"Ranoja","article_publisher":"https:\/\/www.facebook.com\/ranoja.ee","article_modified_time":"2026-03-26T08:59:29+00:00","og_image":[{"width":800,"height":566,"url":"https:\/\/ranoja.ee\/wp-content\/uploads\/2026\/03\/AURA-R-2-toitekaabli-pikendus-10m-2.png","type":"image\/png"}],"twitter_card":"summary_large_image","twitter_misc":{"Est. reading time":"1 minute"},"schema":{"@context":"https:\/\/schema.org","@graph":[{"@type":"WebPage","@id":"https:\/\/ranoja.ee\/toode\/aura-r-2-toitekaabli-pikendus-10m\/","url":"https:\/\/ranoja.ee\/toode\/aura-r-2-toitekaabli-pikendus-10m\/","name":"AURA R-2 toitekaabli pikendus 10m","isPartOf":{"@id":"https:\/\/ranoja.ee\/#website"},"primaryImageOfPage":{"@id":"https:\/\/ranoja.ee\/toode\/aura-r-2-toitekaabli-pikendus-10m\/#primaryimage"},"image":{"@id":"https:\/\/ranoja.ee\/toode\/aura-r-2-toitekaabli-pikendus-10m\/#primaryimage"},"thumbnailUrl":"https:\/\/ranoja.ee\/wp-content\/uploads\/2026\/03\/AURA-R-2-toitekaabli-pikendus-10m-2.png","datePublished":"2026-03-26T08:59:28+00:00","dateModified":"2026-03-26T08:59:29+00:00","description":"AURA R-2 toitekaabli pikendus 10m - V\u00f5imaldab kaabli paindlikku paigutust aias.Komplektis on 10 vaia kaabli kindlaks fikseerimiseks.","breadcrumb":{"@id":"https:\/\/ranoja.ee\/toode\/aura-r-2-toitekaabli-pikendus-10m\/#breadcrumb"},"inLanguage":"en-US","potentialAction":[{"@type":"ReadAction","target":["https:\/\/ranoja.ee\/toode\/aura-r-2-toitekaabli-pikendus-10m\/"]}]},{"@type":"ImageObject","inLanguage":"en-US","@id":"https:\/\/ranoja.ee\/toode\/aura-r-2-toitekaabli-pikendus-10m\/#primaryimage","url":"https:\/\/ranoja.ee\/wp-content\/uploads\/2026\/03\/AURA-R-2-toitekaabli-pikendus-10m-2.png","contentUrl":"https:\/\/ranoja.ee\/wp-content\/uploads\/2026\/03\/AURA-R-2-toitekaabli-pikendus-10m-2.png","width":800,"height":566,"caption":"AURA R-2 toitekaabli pikendus 10m"},{"@type":"BreadcrumbList","@id":"https:\/\/ranoja.ee\/toode\/aura-r-2-toitekaabli-pikendus-10m\/#breadcrumb","itemListElement":[{"@type":"ListItem","position":1,"name":"Home","item":"https:\/\/ranoja.ee\/"},{"@type":"ListItem","position":2,"name":"Shop","item":"https:\/\/ranoja.ee\/en\/shop\/"},{"@type":"ListItem","position":3,"name":"AURA R-2 toitekaabli pikendus 10m"}]},{"@type":"WebSite","@id":"https:\/\/ranoja.ee\/#website","url":"https:\/\/ranoja.ee\/","name":"Ranoja","description":"Equipment Shop WooCommerce WordPress Theme for Machine &amp; Tools","publisher":{"@id":"https:\/\/ranoja.ee\/#organization"},"potentialAction":[{"@type":"SearchAction","target":{"@type":"EntryPoint","urlTemplate":"https:\/\/ranoja.ee\/?s={search_term_string}"},"query-input":{"@type":"PropertyValueSpecification","valueRequired":true,"valueName":"search_term_string"}}],"inLanguage":"en-US"},{"@type":"Organization","@id":"https:\/\/ranoja.ee\/#organization","name":"Ranoja O\u00dc","url":"https:\/\/ranoja.ee\/","logo":{"@type":"ImageObject","inLanguage":"en-US","@id":"https:\/\/ranoja.ee\/#\/schema\/logo\/image\/","url":"https:\/\/ranoja.ee\/wp-content\/uploads\/2023\/11\/ranoja-Logo.png","contentUrl":"https:\/\/ranoja.ee\/wp-content\/uploads\/2023\/11\/ranoja-Logo.png","width":207,"height":58,"caption":"Ranoja O\u00dc"},"image":{"@id":"https:\/\/ranoja.ee\/#\/schema\/logo\/image\/"},"sameAs":["https:\/\/www.facebook.com\/ranoja.ee","https:\/\/www.instagram.com\/ranoja__\/"]}]}},"_links":{"self":[{"href":"https:\/\/ranoja.ee\/en\/wp-json\/wp\/v2\/product\/64662","targetHints":{"allow":["GET"]}}],"collection":[{"href":"https:\/\/ranoja.ee\/en\/wp-json\/wp\/v2\/product"}],"about":[{"href":"https:\/\/ranoja.ee\/en\/wp-json\/wp\/v2\/types\/product"}],"wp:featuredmedia":[{"embeddable":true,"href":"https:\/\/ranoja.ee\/en\/wp-json\/wp\/v2\/media\/64663"}],"wp:attachment":[{"href":"https:\/\/ranoja.ee\/en\/wp-json\/wp\/v2\/media?parent=64662"}],"wp:term":[{"taxonomy":"product_cat","embeddable":true,"href":"https:\/\/ranoja.ee\/en\/wp-json\/wp\/v2\/product_cat?post=64662"},{"taxonomy":"product_tag","embeddable":true,"href":"https:\/\/ranoja.ee\/en\/wp-json\/wp\/v2\/product_tag?post=64662"}],"curies":[{"name":"wp","href":"https:\/\/api.w.org\/{rel}","templated":true}]}}