{"id":6396,"date":"2023-10-13T10:11:21","date_gmt":"2023-10-13T07:11:21","guid":{"rendered":"https:\/\/www.ranoja.ee\/?post_type=product&#038;p=6396"},"modified":"2025-12-10T16:10:36","modified_gmt":"2025-12-10T13:10:36","slug":"lisatulede-kinnitus-luhikene","status":"publish","type":"product","link":"https:\/\/ranoja.ee\/en\/toode\/lisatulede-kinnitus-luhikene\/","title":{"rendered":"Lisatulede kinnitus l\u00fchikene"},"content":{"rendered":"<p>Lisatulede kinnitus l\u00fchikene <\/p>\n<p>M\u00f5eldud toetama valgusribasid v\u00f5i lisatulesid s\u00f5iduki ees. See lisatule raam on umbes 430 mm pikk, mis tagab piisava pikkuse, et mahutada n\u00e4iteks keskmise laiusega lisatuled, hoides samas paigalduse kompaktse ja stabiilsena. <\/p>\n<p>Materjalina kasutatakse tugevat metalli, mis peab vastu vibratsioonile ja pikaajalisemale koormusele, olles samas piisavalt kerge. See tagab stabiilse, kuid mitte liigse koormuse. <\/p>\n<p>Kasutuspraktikas sobib h\u00e4sti neile, kes paigaldavad lisatulesid, n\u00e4iteks LED-bar\u2019e v\u00f5i t\u00f6\u00f6- ja kaugtulesid s\u00f5iduki esiosale. Selle abil saab lisatuled kinnitada infrapunkti, mis asub k\u00f5rgemal v\u00f5i eemale tavap\u00e4rasest tuletorust, v\u00f5imaldades hea valgusevihu ja optimaalse suunamise. Raami pikkus ja disain muudavad selle paigaldamise paindlikuks. Saad valida sobiva nurga ja k\u00f5rguse, et maksimeerida valgustuse efektiivsust.<\/p>\n<p>Lisatulede kinnitus l\u00fchikene <\/p>\n","protected":false},"excerpt":{"rendered":"<p>Lisatulede kinnitus l\u00fchikene<br \/>\nM\u00f5\u00f5tmed: 430 mm<br \/>\nSobib l\u00fchematele paneeltuledele paigaldamiseks<br \/>\nLisatule raam kinnitub EU numbrim\u00e4rgi taha<br \/>\nTule raami v\u00e4rvus on must<br \/>\nKaal: 1.5 kg<br \/>\n<strong><span style=\"color: #339966;\">Seadme eeldatav tarneaeg 3-4 t\u00f6\u00f6p\u00e4eva<\/span><\/strong><\/p>\n","protected":false},"featured_media":6397,"template":"","meta":{"inline_featured_image":false},"product_cat":[1116,1119],"product_tag":[978,956,958,948,955,954,957],"class_list":{"0":"post-6396","1":"product","2":"type-product","3":"status-publish","4":"has-post-thumbnail","6":"product_cat-lisaseadmed-ehitusseadmed-led-lisatuled-cb-raadiod-lallar","7":"product_cat-tulede-tarvikud","8":"product_tag-1605-3042","9":"product_tag-430mm","10":"product_tag-eu","11":"product_tag-lisatulede-kinnitus","12":"product_tag-lisatulede-kinnitus-luhike","13":"product_tag-numbrialus","14":"product_tag-numbritagune-kinnitus","16":"first","17":"instock","18":"taxable","19":"shipping-taxable","20":"purchasable","21":"product-type-simple"},"yoast_head":"<!-- This site is optimized with the Yoast SEO plugin v27.4 - https:\/\/yoast.com\/product\/yoast-seo-wordpress\/ -->\n<title>Lisatulede kinnitus l\u00fchikene<\/title>\n<meta name=\"description\" content=\"Lisatulede kinnitus l\u00fchikene Lisatule raam kinnitub EU numbrim\u00e4rgi taha. Lisatule raam sobib l\u00fchematele paneeltuledele paigaldamiseks\" \/>\n<meta name=\"robots\" content=\"index, follow, max-snippet:-1, max-image-preview:large, max-video-preview:-1\" \/>\n<link rel=\"canonical\" href=\"https:\/\/ranoja.ee\/toode\/lisatulede-kinnitus-luhikene\/\" \/>\n<meta property=\"og:locale\" content=\"en_US\" \/>\n<meta property=\"og:type\" content=\"article\" \/>\n<meta property=\"og:title\" content=\"Lisatulede kinnitus l\u00fchikene\" \/>\n<meta property=\"og:description\" content=\"Lisatulede kinnitus l\u00fchikene Lisatule raam kinnitub EU numbrim\u00e4rgi taha. Lisatule raam sobib l\u00fchematele paneeltuledele paigaldamiseks\" \/>\n<meta property=\"og:url\" content=\"https:\/\/ranoja.ee\/toode\/lisatulede-kinnitus-luhikene\/\" \/>\n<meta property=\"og:site_name\" content=\"Ranoja\" \/>\n<meta property=\"article:publisher\" content=\"https:\/\/www.facebook.com\/ranoja.ee\" \/>\n<meta property=\"article:modified_time\" content=\"2025-12-10T13:10:36+00:00\" \/>\n<meta property=\"og:image\" content=\"https:\/\/ranoja.ee\/wp-content\/uploads\/2023\/10\/1605-3042.jpg\" \/>\n\t<meta property=\"og:image:width\" content=\"400\" \/>\n\t<meta property=\"og:image:height\" content=\"300\" \/>\n\t<meta property=\"og:image:type\" content=\"image\/jpeg\" \/>\n<meta name=\"twitter:card\" content=\"summary_large_image\" \/>\n<meta name=\"twitter:label1\" content=\"Est. reading time\" \/>\n\t<meta name=\"twitter:data1\" content=\"1 minute\" \/>\n<script type=\"application\/ld+json\" class=\"yoast-schema-graph\">{\"@context\":\"https:\\\/\\\/schema.org\",\"@graph\":[{\"@type\":\"WebPage\",\"@id\":\"https:\\\/\\\/ranoja.ee\\\/toode\\\/lisatulede-kinnitus-luhikene\\\/\",\"url\":\"https:\\\/\\\/ranoja.ee\\\/toode\\\/lisatulede-kinnitus-luhikene\\\/\",\"name\":\"Lisatulede kinnitus l\u00fchikene\",\"isPartOf\":{\"@id\":\"https:\\\/\\\/ranoja.ee\\\/#website\"},\"primaryImageOfPage\":{\"@id\":\"https:\\\/\\\/ranoja.ee\\\/toode\\\/lisatulede-kinnitus-luhikene\\\/#primaryimage\"},\"image\":{\"@id\":\"https:\\\/\\\/ranoja.ee\\\/toode\\\/lisatulede-kinnitus-luhikene\\\/#primaryimage\"},\"thumbnailUrl\":\"https:\\\/\\\/ranoja.ee\\\/wp-content\\\/uploads\\\/2023\\\/10\\\/1605-3042.jpg\",\"datePublished\":\"2023-10-13T07:11:21+00:00\",\"dateModified\":\"2025-12-10T13:10:36+00:00\",\"description\":\"Lisatulede kinnitus l\u00fchikene Lisatule raam kinnitub EU numbrim\u00e4rgi taha. Lisatule raam sobib l\u00fchematele paneeltuledele paigaldamiseks\",\"breadcrumb\":{\"@id\":\"https:\\\/\\\/ranoja.ee\\\/toode\\\/lisatulede-kinnitus-luhikene\\\/#breadcrumb\"},\"inLanguage\":\"en-US\",\"potentialAction\":[{\"@type\":\"ReadAction\",\"target\":[\"https:\\\/\\\/ranoja.ee\\\/toode\\\/lisatulede-kinnitus-luhikene\\\/\"]}]},{\"@type\":\"ImageObject\",\"inLanguage\":\"en-US\",\"@id\":\"https:\\\/\\\/ranoja.ee\\\/toode\\\/lisatulede-kinnitus-luhikene\\\/#primaryimage\",\"url\":\"https:\\\/\\\/ranoja.ee\\\/wp-content\\\/uploads\\\/2023\\\/10\\\/1605-3042.jpg\",\"contentUrl\":\"https:\\\/\\\/ranoja.ee\\\/wp-content\\\/uploads\\\/2023\\\/10\\\/1605-3042.jpg\",\"width\":400,\"height\":300},{\"@type\":\"BreadcrumbList\",\"@id\":\"https:\\\/\\\/ranoja.ee\\\/toode\\\/lisatulede-kinnitus-luhikene\\\/#breadcrumb\",\"itemListElement\":[{\"@type\":\"ListItem\",\"position\":1,\"name\":\"Home\",\"item\":\"https:\\\/\\\/ranoja.ee\\\/\"},{\"@type\":\"ListItem\",\"position\":2,\"name\":\"Shop\",\"item\":\"https:\\\/\\\/ranoja.ee\\\/en\\\/shop\\\/\"},{\"@type\":\"ListItem\",\"position\":3,\"name\":\"Lisatulede kinnitus l\u00fchikene\"}]},{\"@type\":\"WebSite\",\"@id\":\"https:\\\/\\\/ranoja.ee\\\/#website\",\"url\":\"https:\\\/\\\/ranoja.ee\\\/\",\"name\":\"Ranoja\",\"description\":\"Equipment Shop WooCommerce WordPress Theme for Machine &amp; Tools\",\"publisher\":{\"@id\":\"https:\\\/\\\/ranoja.ee\\\/#organization\"},\"potentialAction\":[{\"@type\":\"SearchAction\",\"target\":{\"@type\":\"EntryPoint\",\"urlTemplate\":\"https:\\\/\\\/ranoja.ee\\\/?s={search_term_string}\"},\"query-input\":{\"@type\":\"PropertyValueSpecification\",\"valueRequired\":true,\"valueName\":\"search_term_string\"}}],\"inLanguage\":\"en-US\"},{\"@type\":\"Organization\",\"@id\":\"https:\\\/\\\/ranoja.ee\\\/#organization\",\"name\":\"Ranoja O\u00dc\",\"url\":\"https:\\\/\\\/ranoja.ee\\\/\",\"logo\":{\"@type\":\"ImageObject\",\"inLanguage\":\"en-US\",\"@id\":\"https:\\\/\\\/ranoja.ee\\\/#\\\/schema\\\/logo\\\/image\\\/\",\"url\":\"https:\\\/\\\/ranoja.ee\\\/wp-content\\\/uploads\\\/2023\\\/11\\\/ranoja-Logo.png\",\"contentUrl\":\"https:\\\/\\\/ranoja.ee\\\/wp-content\\\/uploads\\\/2023\\\/11\\\/ranoja-Logo.png\",\"width\":207,\"height\":58,\"caption\":\"Ranoja O\u00dc\"},\"image\":{\"@id\":\"https:\\\/\\\/ranoja.ee\\\/#\\\/schema\\\/logo\\\/image\\\/\"},\"sameAs\":[\"https:\\\/\\\/www.facebook.com\\\/ranoja.ee\",\"https:\\\/\\\/www.instagram.com\\\/ranoja__\\\/\"]}]}<\/script>\n<!-- \/ Yoast SEO plugin. -->","yoast_head_json":{"title":"Lisatulede kinnitus l\u00fchikene","description":"Lisatulede kinnitus l\u00fchikene Lisatule raam kinnitub EU numbrim\u00e4rgi taha. Lisatule raam sobib l\u00fchematele paneeltuledele paigaldamiseks","robots":{"index":"index","follow":"follow","max-snippet":"max-snippet:-1","max-image-preview":"max-image-preview:large","max-video-preview":"max-video-preview:-1"},"canonical":"https:\/\/ranoja.ee\/toode\/lisatulede-kinnitus-luhikene\/","og_locale":"en_US","og_type":"article","og_title":"Lisatulede kinnitus l\u00fchikene","og_description":"Lisatulede kinnitus l\u00fchikene Lisatule raam kinnitub EU numbrim\u00e4rgi taha. Lisatule raam sobib l\u00fchematele paneeltuledele paigaldamiseks","og_url":"https:\/\/ranoja.ee\/toode\/lisatulede-kinnitus-luhikene\/","og_site_name":"Ranoja","article_publisher":"https:\/\/www.facebook.com\/ranoja.ee","article_modified_time":"2025-12-10T13:10:36+00:00","og_image":[{"width":400,"height":300,"url":"https:\/\/ranoja.ee\/wp-content\/uploads\/2023\/10\/1605-3042.jpg","type":"image\/jpeg"}],"twitter_card":"summary_large_image","twitter_misc":{"Est. reading time":"1 minute"},"schema":{"@context":"https:\/\/schema.org","@graph":[{"@type":"WebPage","@id":"https:\/\/ranoja.ee\/toode\/lisatulede-kinnitus-luhikene\/","url":"https:\/\/ranoja.ee\/toode\/lisatulede-kinnitus-luhikene\/","name":"Lisatulede kinnitus l\u00fchikene","isPartOf":{"@id":"https:\/\/ranoja.ee\/#website"},"primaryImageOfPage":{"@id":"https:\/\/ranoja.ee\/toode\/lisatulede-kinnitus-luhikene\/#primaryimage"},"image":{"@id":"https:\/\/ranoja.ee\/toode\/lisatulede-kinnitus-luhikene\/#primaryimage"},"thumbnailUrl":"https:\/\/ranoja.ee\/wp-content\/uploads\/2023\/10\/1605-3042.jpg","datePublished":"2023-10-13T07:11:21+00:00","dateModified":"2025-12-10T13:10:36+00:00","description":"Lisatulede kinnitus l\u00fchikene Lisatule raam kinnitub EU numbrim\u00e4rgi taha. Lisatule raam sobib l\u00fchematele paneeltuledele paigaldamiseks","breadcrumb":{"@id":"https:\/\/ranoja.ee\/toode\/lisatulede-kinnitus-luhikene\/#breadcrumb"},"inLanguage":"en-US","potentialAction":[{"@type":"ReadAction","target":["https:\/\/ranoja.ee\/toode\/lisatulede-kinnitus-luhikene\/"]}]},{"@type":"ImageObject","inLanguage":"en-US","@id":"https:\/\/ranoja.ee\/toode\/lisatulede-kinnitus-luhikene\/#primaryimage","url":"https:\/\/ranoja.ee\/wp-content\/uploads\/2023\/10\/1605-3042.jpg","contentUrl":"https:\/\/ranoja.ee\/wp-content\/uploads\/2023\/10\/1605-3042.jpg","width":400,"height":300},{"@type":"BreadcrumbList","@id":"https:\/\/ranoja.ee\/toode\/lisatulede-kinnitus-luhikene\/#breadcrumb","itemListElement":[{"@type":"ListItem","position":1,"name":"Home","item":"https:\/\/ranoja.ee\/"},{"@type":"ListItem","position":2,"name":"Shop","item":"https:\/\/ranoja.ee\/en\/shop\/"},{"@type":"ListItem","position":3,"name":"Lisatulede kinnitus l\u00fchikene"}]},{"@type":"WebSite","@id":"https:\/\/ranoja.ee\/#website","url":"https:\/\/ranoja.ee\/","name":"Ranoja","description":"Equipment Shop WooCommerce WordPress Theme for Machine &amp; Tools","publisher":{"@id":"https:\/\/ranoja.ee\/#organization"},"potentialAction":[{"@type":"SearchAction","target":{"@type":"EntryPoint","urlTemplate":"https:\/\/ranoja.ee\/?s={search_term_string}"},"query-input":{"@type":"PropertyValueSpecification","valueRequired":true,"valueName":"search_term_string"}}],"inLanguage":"en-US"},{"@type":"Organization","@id":"https:\/\/ranoja.ee\/#organization","name":"Ranoja O\u00dc","url":"https:\/\/ranoja.ee\/","logo":{"@type":"ImageObject","inLanguage":"en-US","@id":"https:\/\/ranoja.ee\/#\/schema\/logo\/image\/","url":"https:\/\/ranoja.ee\/wp-content\/uploads\/2023\/11\/ranoja-Logo.png","contentUrl":"https:\/\/ranoja.ee\/wp-content\/uploads\/2023\/11\/ranoja-Logo.png","width":207,"height":58,"caption":"Ranoja O\u00dc"},"image":{"@id":"https:\/\/ranoja.ee\/#\/schema\/logo\/image\/"},"sameAs":["https:\/\/www.facebook.com\/ranoja.ee","https:\/\/www.instagram.com\/ranoja__\/"]}]}},"_links":{"self":[{"href":"https:\/\/ranoja.ee\/en\/wp-json\/wp\/v2\/product\/6396","targetHints":{"allow":["GET"]}}],"collection":[{"href":"https:\/\/ranoja.ee\/en\/wp-json\/wp\/v2\/product"}],"about":[{"href":"https:\/\/ranoja.ee\/en\/wp-json\/wp\/v2\/types\/product"}],"wp:featuredmedia":[{"embeddable":true,"href":"https:\/\/ranoja.ee\/en\/wp-json\/wp\/v2\/media\/6397"}],"wp:attachment":[{"href":"https:\/\/ranoja.ee\/en\/wp-json\/wp\/v2\/media?parent=6396"}],"wp:term":[{"taxonomy":"product_cat","embeddable":true,"href":"https:\/\/ranoja.ee\/en\/wp-json\/wp\/v2\/product_cat?post=6396"},{"taxonomy":"product_tag","embeddable":true,"href":"https:\/\/ranoja.ee\/en\/wp-json\/wp\/v2\/product_tag?post=6396"}],"curies":[{"name":"wp","href":"https:\/\/api.w.org\/{rel}","templated":true}]}}