{"id":6374,"date":"2023-10-13T09:08:43","date_gmt":"2023-10-13T06:08:43","guid":{"rendered":"https:\/\/www.ranoja.ee\/?post_type=product&#038;p=6374"},"modified":"2025-12-10T16:10:36","modified_gmt":"2025-12-10T13:10:36","slug":"autoline-juhtmestik-kolmele-tulele","status":"publish","type":"product","link":"https:\/\/ranoja.ee\/en\/toode\/autoline-juhtmestik-kolmele-tulele\/","title":{"rendered":"AUTOLINE juhtmestik kolmele tulele"},"content":{"rendered":"<p>AUTOLINE juhtmestik kolmele tulele  <\/p>\n<p>See juhtmekomplekt tagab usaldusv\u00e4\u00e4rse ja turvalise \u00fchenduse lisatud LED-tuledele. Sobib h\u00e4sti neile, kes kasutavad kolme lisatuld. N\u00e4iteks t\u00f6\u00f6tulede, kaugtulede v\u00f5i maastikutulede kombinatsioonis. Komplekt kasutab kvaliteetseid 4 mm\u00b2 kaableid, mis suudavad \u00fcle kanda suurt voolutugevust, mis on vajalik v\u00f5imsamate lisatulede puhul. <\/p>\n<p>Lisaks sisaldab komplekt 12 V 40 A releed, mis tagab, et toiteallikast tulev vool juhitakse korralikult tuledesse, ilma et aku v\u00f5i muu elektris\u00fcsteem oleks \u00fclekoormatud. Komplektis on ka 30 A kaitse (fuse), mis lisab turvalisust ja kaitseb vooluringi v\u00f5imalike \u00fclekoormuste korral. <\/p>\n<p>Pistikud on Deutsch-t\u00fc\u00fcpi \u2013 need on v\u00e4ga t\u00f6\u00f6kindlad, ilmastikukindlad ja sobivad karmidesse tingimustesse (nt maastikus\u00f5it). See tagab hea \u00fchenduse ja langeb minimaalselt voolukaod. Komplekt ei pruugi olla E-tunnustatud (v\u00f5ib s\u00f5ltuda kasutusest\/off-road kasutusest), nii et tasub kontrollida kohalikke seadusandlusi, kui paigaldad neid avalikel teedel. <\/p>\n<p>Samuti pakub juhtmekomplekt paigalduspaindlikkust: kuna juhtmeid ja \u00fchendusi on kolmele pisuturule, saad s\u00e4ttida tuled nii, et valgusjaotus oleks optimaalne ja sobiks kokku sinu s\u00f5iduki esiosaga. Juhtmestik v\u00f5imaldab elegantselt integreerida lisatuled ilma, et peaksid tegema improviseeritud v\u00f5i lahtiseid \u00fchendusi \u2014 see aitab hoida paigalduse professionaalse ja turvalisena.<\/p>\n<p>AUTOLINE juhtmestik kolmele tulele  <\/p>\n","protected":false},"excerpt":{"rendered":"<p>AUTOLINE juhtmestik kolmele tulele<br \/>\nPinge: 12 V<br \/>\n4-klemmiga DT Deutsch juhtmekomplekt kolmele tulele<br \/>\nJuhtmed: 4 mm\u00b2<br \/>\n4-klemmiga 12V 40A relee, kaitse 30 A<br \/>\nKaal: 226 g<br \/>\n<strong><span style=\"color: #339966;\">Seadme eeldatav tarneaeg 3-4 t\u00f6\u00f6p\u00e4eva<\/span><\/strong><\/p>\n","protected":false},"featured_media":6375,"template":"","meta":{"inline_featured_image":false},"product_cat":[1116,1119],"product_tag":[982,919,945,698,946],"class_list":{"0":"post-6374","1":"product","2":"type-product","3":"status-publish","4":"has-post-thumbnail","6":"product_brand-autoline","7":"product_cat-lisaseadmed-ehitusseadmed-led-lisatuled-cb-raadiod-lallar","8":"product_cat-tulede-tarvikud","9":"product_tag-1605-wk065","10":"product_tag-autoline","11":"product_tag-autoline-juhtmestik-kolmele-tulele","12":"product_tag-juhtmestik","13":"product_tag-tulede-uhendus-komplekt","15":"first","16":"instock","17":"taxable","18":"shipping-taxable","19":"purchasable","20":"product-type-simple"},"yoast_head":"<!-- This site is optimized with the Yoast SEO plugin v27.4 - https:\/\/yoast.com\/product\/yoast-seo-wordpress\/ -->\n<title>AUTOLINE juhtmestik kolmele tulele<\/title>\n<meta name=\"description\" content=\"AUTOLINE juhtmestik kolmele tulele Komplekt sisaldab 12 V 40 A releed, mis tagab, et toiteallikast tulev vool juhitakse korralikult tuledesse.\" \/>\n<meta name=\"robots\" content=\"index, follow, max-snippet:-1, max-image-preview:large, max-video-preview:-1\" \/>\n<link rel=\"canonical\" href=\"https:\/\/ranoja.ee\/toode\/autoline-juhtmestik-kolmele-tulele\/\" \/>\n<meta property=\"og:locale\" content=\"en_US\" \/>\n<meta property=\"og:type\" content=\"article\" \/>\n<meta property=\"og:title\" content=\"AUTOLINE juhtmestik kolmele tulele\" \/>\n<meta property=\"og:description\" content=\"AUTOLINE juhtmestik kolmele tulele Komplekt sisaldab 12 V 40 A releed, mis tagab, et toiteallikast tulev vool juhitakse korralikult tuledesse.\" \/>\n<meta property=\"og:url\" content=\"https:\/\/ranoja.ee\/toode\/autoline-juhtmestik-kolmele-tulele\/\" \/>\n<meta property=\"og:site_name\" content=\"Ranoja\" \/>\n<meta property=\"article:publisher\" content=\"https:\/\/www.facebook.com\/ranoja.ee\" \/>\n<meta property=\"article:modified_time\" content=\"2025-12-10T13:10:36+00:00\" \/>\n<meta property=\"og:image\" content=\"https:\/\/ranoja.ee\/wp-content\/uploads\/2023\/10\/1605-WK065_002.jpg\" \/>\n\t<meta property=\"og:image:width\" content=\"800\" \/>\n\t<meta property=\"og:image:height\" content=\"600\" \/>\n\t<meta property=\"og:image:type\" content=\"image\/jpeg\" \/>\n<meta name=\"twitter:card\" content=\"summary_large_image\" \/>\n<meta name=\"twitter:label1\" content=\"Est. reading time\" \/>\n\t<meta name=\"twitter:data1\" content=\"1 minute\" \/>\n<script type=\"application\/ld+json\" class=\"yoast-schema-graph\">{\"@context\":\"https:\\\/\\\/schema.org\",\"@graph\":[{\"@type\":\"WebPage\",\"@id\":\"https:\\\/\\\/ranoja.ee\\\/toode\\\/autoline-juhtmestik-kolmele-tulele\\\/\",\"url\":\"https:\\\/\\\/ranoja.ee\\\/toode\\\/autoline-juhtmestik-kolmele-tulele\\\/\",\"name\":\"AUTOLINE juhtmestik kolmele tulele\",\"isPartOf\":{\"@id\":\"https:\\\/\\\/ranoja.ee\\\/#website\"},\"primaryImageOfPage\":{\"@id\":\"https:\\\/\\\/ranoja.ee\\\/toode\\\/autoline-juhtmestik-kolmele-tulele\\\/#primaryimage\"},\"image\":{\"@id\":\"https:\\\/\\\/ranoja.ee\\\/toode\\\/autoline-juhtmestik-kolmele-tulele\\\/#primaryimage\"},\"thumbnailUrl\":\"https:\\\/\\\/ranoja.ee\\\/wp-content\\\/uploads\\\/2023\\\/10\\\/1605-WK065_002.jpg\",\"datePublished\":\"2023-10-13T06:08:43+00:00\",\"dateModified\":\"2025-12-10T13:10:36+00:00\",\"description\":\"AUTOLINE juhtmestik kolmele tulele Komplekt sisaldab 12 V 40 A releed, mis tagab, et toiteallikast tulev vool juhitakse korralikult tuledesse.\",\"breadcrumb\":{\"@id\":\"https:\\\/\\\/ranoja.ee\\\/toode\\\/autoline-juhtmestik-kolmele-tulele\\\/#breadcrumb\"},\"inLanguage\":\"en-US\",\"potentialAction\":[{\"@type\":\"ReadAction\",\"target\":[\"https:\\\/\\\/ranoja.ee\\\/toode\\\/autoline-juhtmestik-kolmele-tulele\\\/\"]}]},{\"@type\":\"ImageObject\",\"inLanguage\":\"en-US\",\"@id\":\"https:\\\/\\\/ranoja.ee\\\/toode\\\/autoline-juhtmestik-kolmele-tulele\\\/#primaryimage\",\"url\":\"https:\\\/\\\/ranoja.ee\\\/wp-content\\\/uploads\\\/2023\\\/10\\\/1605-WK065_002.jpg\",\"contentUrl\":\"https:\\\/\\\/ranoja.ee\\\/wp-content\\\/uploads\\\/2023\\\/10\\\/1605-WK065_002.jpg\",\"width\":800,\"height\":600},{\"@type\":\"BreadcrumbList\",\"@id\":\"https:\\\/\\\/ranoja.ee\\\/toode\\\/autoline-juhtmestik-kolmele-tulele\\\/#breadcrumb\",\"itemListElement\":[{\"@type\":\"ListItem\",\"position\":1,\"name\":\"Home\",\"item\":\"https:\\\/\\\/ranoja.ee\\\/\"},{\"@type\":\"ListItem\",\"position\":2,\"name\":\"Shop\",\"item\":\"https:\\\/\\\/ranoja.ee\\\/en\\\/shop\\\/\"},{\"@type\":\"ListItem\",\"position\":3,\"name\":\"AUTOLINE juhtmestik kolmele tulele\"}]},{\"@type\":\"WebSite\",\"@id\":\"https:\\\/\\\/ranoja.ee\\\/#website\",\"url\":\"https:\\\/\\\/ranoja.ee\\\/\",\"name\":\"Ranoja\",\"description\":\"Equipment Shop WooCommerce WordPress Theme for Machine &amp; Tools\",\"publisher\":{\"@id\":\"https:\\\/\\\/ranoja.ee\\\/#organization\"},\"potentialAction\":[{\"@type\":\"SearchAction\",\"target\":{\"@type\":\"EntryPoint\",\"urlTemplate\":\"https:\\\/\\\/ranoja.ee\\\/?s={search_term_string}\"},\"query-input\":{\"@type\":\"PropertyValueSpecification\",\"valueRequired\":true,\"valueName\":\"search_term_string\"}}],\"inLanguage\":\"en-US\"},{\"@type\":\"Organization\",\"@id\":\"https:\\\/\\\/ranoja.ee\\\/#organization\",\"name\":\"Ranoja O\u00dc\",\"url\":\"https:\\\/\\\/ranoja.ee\\\/\",\"logo\":{\"@type\":\"ImageObject\",\"inLanguage\":\"en-US\",\"@id\":\"https:\\\/\\\/ranoja.ee\\\/#\\\/schema\\\/logo\\\/image\\\/\",\"url\":\"https:\\\/\\\/ranoja.ee\\\/wp-content\\\/uploads\\\/2023\\\/11\\\/ranoja-Logo.png\",\"contentUrl\":\"https:\\\/\\\/ranoja.ee\\\/wp-content\\\/uploads\\\/2023\\\/11\\\/ranoja-Logo.png\",\"width\":207,\"height\":58,\"caption\":\"Ranoja O\u00dc\"},\"image\":{\"@id\":\"https:\\\/\\\/ranoja.ee\\\/#\\\/schema\\\/logo\\\/image\\\/\"},\"sameAs\":[\"https:\\\/\\\/www.facebook.com\\\/ranoja.ee\",\"https:\\\/\\\/www.instagram.com\\\/ranoja__\\\/\"]}]}<\/script>\n<!-- \/ Yoast SEO plugin. -->","yoast_head_json":{"title":"AUTOLINE juhtmestik kolmele tulele","description":"AUTOLINE juhtmestik kolmele tulele Komplekt sisaldab 12 V 40 A releed, mis tagab, et toiteallikast tulev vool juhitakse korralikult tuledesse.","robots":{"index":"index","follow":"follow","max-snippet":"max-snippet:-1","max-image-preview":"max-image-preview:large","max-video-preview":"max-video-preview:-1"},"canonical":"https:\/\/ranoja.ee\/toode\/autoline-juhtmestik-kolmele-tulele\/","og_locale":"en_US","og_type":"article","og_title":"AUTOLINE juhtmestik kolmele tulele","og_description":"AUTOLINE juhtmestik kolmele tulele Komplekt sisaldab 12 V 40 A releed, mis tagab, et toiteallikast tulev vool juhitakse korralikult tuledesse.","og_url":"https:\/\/ranoja.ee\/toode\/autoline-juhtmestik-kolmele-tulele\/","og_site_name":"Ranoja","article_publisher":"https:\/\/www.facebook.com\/ranoja.ee","article_modified_time":"2025-12-10T13:10:36+00:00","og_image":[{"width":800,"height":600,"url":"https:\/\/ranoja.ee\/wp-content\/uploads\/2023\/10\/1605-WK065_002.jpg","type":"image\/jpeg"}],"twitter_card":"summary_large_image","twitter_misc":{"Est. reading time":"1 minute"},"schema":{"@context":"https:\/\/schema.org","@graph":[{"@type":"WebPage","@id":"https:\/\/ranoja.ee\/toode\/autoline-juhtmestik-kolmele-tulele\/","url":"https:\/\/ranoja.ee\/toode\/autoline-juhtmestik-kolmele-tulele\/","name":"AUTOLINE juhtmestik kolmele tulele","isPartOf":{"@id":"https:\/\/ranoja.ee\/#website"},"primaryImageOfPage":{"@id":"https:\/\/ranoja.ee\/toode\/autoline-juhtmestik-kolmele-tulele\/#primaryimage"},"image":{"@id":"https:\/\/ranoja.ee\/toode\/autoline-juhtmestik-kolmele-tulele\/#primaryimage"},"thumbnailUrl":"https:\/\/ranoja.ee\/wp-content\/uploads\/2023\/10\/1605-WK065_002.jpg","datePublished":"2023-10-13T06:08:43+00:00","dateModified":"2025-12-10T13:10:36+00:00","description":"AUTOLINE juhtmestik kolmele tulele Komplekt sisaldab 12 V 40 A releed, mis tagab, et toiteallikast tulev vool juhitakse korralikult tuledesse.","breadcrumb":{"@id":"https:\/\/ranoja.ee\/toode\/autoline-juhtmestik-kolmele-tulele\/#breadcrumb"},"inLanguage":"en-US","potentialAction":[{"@type":"ReadAction","target":["https:\/\/ranoja.ee\/toode\/autoline-juhtmestik-kolmele-tulele\/"]}]},{"@type":"ImageObject","inLanguage":"en-US","@id":"https:\/\/ranoja.ee\/toode\/autoline-juhtmestik-kolmele-tulele\/#primaryimage","url":"https:\/\/ranoja.ee\/wp-content\/uploads\/2023\/10\/1605-WK065_002.jpg","contentUrl":"https:\/\/ranoja.ee\/wp-content\/uploads\/2023\/10\/1605-WK065_002.jpg","width":800,"height":600},{"@type":"BreadcrumbList","@id":"https:\/\/ranoja.ee\/toode\/autoline-juhtmestik-kolmele-tulele\/#breadcrumb","itemListElement":[{"@type":"ListItem","position":1,"name":"Home","item":"https:\/\/ranoja.ee\/"},{"@type":"ListItem","position":2,"name":"Shop","item":"https:\/\/ranoja.ee\/en\/shop\/"},{"@type":"ListItem","position":3,"name":"AUTOLINE juhtmestik kolmele tulele"}]},{"@type":"WebSite","@id":"https:\/\/ranoja.ee\/#website","url":"https:\/\/ranoja.ee\/","name":"Ranoja","description":"Equipment Shop WooCommerce WordPress Theme for Machine &amp; Tools","publisher":{"@id":"https:\/\/ranoja.ee\/#organization"},"potentialAction":[{"@type":"SearchAction","target":{"@type":"EntryPoint","urlTemplate":"https:\/\/ranoja.ee\/?s={search_term_string}"},"query-input":{"@type":"PropertyValueSpecification","valueRequired":true,"valueName":"search_term_string"}}],"inLanguage":"en-US"},{"@type":"Organization","@id":"https:\/\/ranoja.ee\/#organization","name":"Ranoja O\u00dc","url":"https:\/\/ranoja.ee\/","logo":{"@type":"ImageObject","inLanguage":"en-US","@id":"https:\/\/ranoja.ee\/#\/schema\/logo\/image\/","url":"https:\/\/ranoja.ee\/wp-content\/uploads\/2023\/11\/ranoja-Logo.png","contentUrl":"https:\/\/ranoja.ee\/wp-content\/uploads\/2023\/11\/ranoja-Logo.png","width":207,"height":58,"caption":"Ranoja O\u00dc"},"image":{"@id":"https:\/\/ranoja.ee\/#\/schema\/logo\/image\/"},"sameAs":["https:\/\/www.facebook.com\/ranoja.ee","https:\/\/www.instagram.com\/ranoja__\/"]}]}},"_links":{"self":[{"href":"https:\/\/ranoja.ee\/en\/wp-json\/wp\/v2\/product\/6374","targetHints":{"allow":["GET"]}}],"collection":[{"href":"https:\/\/ranoja.ee\/en\/wp-json\/wp\/v2\/product"}],"about":[{"href":"https:\/\/ranoja.ee\/en\/wp-json\/wp\/v2\/types\/product"}],"wp:featuredmedia":[{"embeddable":true,"href":"https:\/\/ranoja.ee\/en\/wp-json\/wp\/v2\/media\/6375"}],"wp:attachment":[{"href":"https:\/\/ranoja.ee\/en\/wp-json\/wp\/v2\/media?parent=6374"}],"wp:term":[{"taxonomy":"product_cat","embeddable":true,"href":"https:\/\/ranoja.ee\/en\/wp-json\/wp\/v2\/product_cat?post=6374"},{"taxonomy":"product_tag","embeddable":true,"href":"https:\/\/ranoja.ee\/en\/wp-json\/wp\/v2\/product_tag?post=6374"}],"curies":[{"name":"wp","href":"https:\/\/api.w.org\/{rel}","templated":true}]}}