{"id":6369,"date":"2023-10-13T08:48:57","date_gmt":"2023-10-13T05:48:57","guid":{"rendered":"https:\/\/www.ranoja.ee\/?post_type=product&#038;p=6369"},"modified":"2025-12-10T16:10:37","modified_gmt":"2025-12-10T13:10:37","slug":"optibeam-juhtmestik-kahele-tulele-4-pin-dtp","status":"publish","type":"product","link":"https:\/\/ranoja.ee\/en\/toode\/optibeam-juhtmestik-kahele-tulele-4-pin-dtp\/","title":{"rendered":"OPTIBEAM juhtmestik kahele tulele 4-pin DTP"},"content":{"rendered":"<p>OPTIBEAM juhtmestik kahele tulele 4-pin DTP<\/p>\n<p>See komplekt sisaldab kvaliteetseid juhtmeid ja \u00fchendusliideseid \u2014 n\u00e4iteks 2 \u00d7 4-pin Deutsch DTP pistikut, mis tagavad usaldusv\u00e4\u00e4rse elektri\u00fchenduse ja ilmastikukindluse. <\/p>\n<p>Komplekti on loodud nii 12 V kui 24 V s\u00fcsteemidele. Sobides seega nii tavap\u00e4rastele autodele kui ka suurema elektriv\u00f5imsusega t\u00f6\u00f6- v\u00f5i veoautodele. 12 V s\u00fcsteemis kahe tuledena s\u00fcsteem v\u00f5ib toetada oluliselt suuremat koormust kui komplekti komponendid. <\/p>\n<p>Juhtmestik on ette n\u00e4htud kiireks paigaldamiseks. \u201cPlug-and-play\u201d stiilis lahendus, mille abil v\u00e4heneb vigade v\u00f5imalus nagu kehv \u00fchendus v\u00f5i liiga v\u00e4ike juhtme sektsioon. T\u00e4nu sellele sobib see h\u00e4sti ka off-road v\u00f5i raskemates tingimustes kasutatavatele s\u00f5idukitele. <\/p>\n<p>Paigaldamisel on soovitatav kasutada korralikku maandust ja veenduda, et aku- ja generaatoris\u00fcsteem suudab v\u00f5imsusega toime tulla. Kahe lisa-tulega v\u00f5ivad tekkida m\u00e4rkimisv\u00e4\u00e4rsed voolutugevused. Juhtmestiku korralik fikseerimine ning korrektne kinnitus ja isolatsioon tagavad pikaajalise t\u00f6\u00f6kindluse ja turvalisuse.<\/p>\n<p>Kokkuv\u00f5tlikult on 1605-WK055 juhtmestikukomplekt praktiline, t\u00f6\u00f6kindel ja standardiseeritud valik neile. Kes paigaldavad kaks lisatuledena s\u00fcsteemi ja soovivad seda teha korrektselt ning vastavuses t\u00e4nap\u00e4evaste \u00fchendus- ja paigaldusstandarditega.<\/p>\n<p>OPTIBEAM juhtmestik kahele tulele 4-pin DTP<\/p>\n","protected":false},"excerpt":{"rendered":"<p>OPTIBEAM juhtmestik kahele tulele 4-pin DTP<br \/>\nPinge: 12\/24 V<br \/>\n12V: 2 x 150 W, 24V: 2 x 300 W<br \/>\nPistiku t\u00fc\u00fcp: 4-pin DTP<br \/>\nKirjeldus: 2 x 4-pin Deutsch DTP -pistikut<br \/>\nkiireim viis lisatulede \u00fchendamiseks<br \/>\nCAN \u00fchilduv<br \/>\nKorrosiooni eest kaitstud juhtmestik<br \/>\n<strong><span style=\"color: #339966;\">Seadme eeldatav tarneaeg 3-4 t\u00f6\u00f6p\u00e4eva<\/span><\/strong><\/p>\n","protected":false},"featured_media":6370,"template":"","meta":{"inline_featured_image":false},"product_cat":[1116,1119],"product_tag":[983,698,675,922,944],"class_list":{"0":"post-6369","1":"product","2":"type-product","3":"status-publish","4":"has-post-thumbnail","6":"product_brand-optibeam","7":"product_cat-lisaseadmed-ehitusseadmed-led-lisatuled-cb-raadiod-lallar","8":"product_cat-tulede-tarvikud","9":"product_tag-1605-wk055","10":"product_tag-juhtmestik","11":"product_tag-optibeam","12":"product_tag-optibeam-juhtmestik-lisatulele","13":"product_tag-savage-12","15":"first","16":"instock","17":"taxable","18":"shipping-taxable","19":"purchasable","20":"product-type-simple"},"yoast_head":"<!-- This site is optimized with the Yoast SEO plugin v27.4 - https:\/\/yoast.com\/product\/yoast-seo-wordpress\/ -->\n<title>OPTIBEAM juhtmestik kahele tulele 4-pin DTP<\/title>\n<meta name=\"description\" content=\"OPTIBEAM juhtmestik kahele tulele 4-pin DTP Juhtmestiku komplekt sobib kasutamiseks 12 V kui ka 24 V elektri s\u00fcsteemidele.\" \/>\n<meta name=\"robots\" content=\"index, follow, max-snippet:-1, max-image-preview:large, max-video-preview:-1\" \/>\n<link rel=\"canonical\" href=\"https:\/\/ranoja.ee\/toode\/optibeam-juhtmestik-kahele-tulele-4-pin-dtp\/\" \/>\n<meta property=\"og:locale\" content=\"en_US\" \/>\n<meta property=\"og:type\" content=\"article\" \/>\n<meta property=\"og:title\" content=\"OPTIBEAM juhtmestik kahele tulele 4-pin DTP\" \/>\n<meta property=\"og:description\" content=\"OPTIBEAM juhtmestik kahele tulele 4-pin DTP Juhtmestiku komplekt sobib kasutamiseks 12 V kui ka 24 V elektri s\u00fcsteemidele.\" \/>\n<meta property=\"og:url\" content=\"https:\/\/ranoja.ee\/toode\/optibeam-juhtmestik-kahele-tulele-4-pin-dtp\/\" \/>\n<meta property=\"og:site_name\" content=\"Ranoja\" \/>\n<meta property=\"article:publisher\" content=\"https:\/\/www.facebook.com\/ranoja.ee\" \/>\n<meta property=\"article:modified_time\" content=\"2025-12-10T13:10:37+00:00\" \/>\n<meta property=\"og:image\" content=\"https:\/\/ranoja.ee\/wp-content\/uploads\/2023\/10\/1605-WK055_002.jpg\" \/>\n\t<meta property=\"og:image:width\" content=\"800\" \/>\n\t<meta property=\"og:image:height\" content=\"600\" \/>\n\t<meta property=\"og:image:type\" content=\"image\/jpeg\" \/>\n<meta name=\"twitter:card\" content=\"summary_large_image\" \/>\n<meta name=\"twitter:label1\" content=\"Est. reading time\" \/>\n\t<meta name=\"twitter:data1\" content=\"1 minute\" \/>\n<script type=\"application\/ld+json\" class=\"yoast-schema-graph\">{\"@context\":\"https:\\\/\\\/schema.org\",\"@graph\":[{\"@type\":\"WebPage\",\"@id\":\"https:\\\/\\\/ranoja.ee\\\/toode\\\/optibeam-juhtmestik-kahele-tulele-4-pin-dtp\\\/\",\"url\":\"https:\\\/\\\/ranoja.ee\\\/toode\\\/optibeam-juhtmestik-kahele-tulele-4-pin-dtp\\\/\",\"name\":\"OPTIBEAM juhtmestik kahele tulele 4-pin DTP\",\"isPartOf\":{\"@id\":\"https:\\\/\\\/ranoja.ee\\\/#website\"},\"primaryImageOfPage\":{\"@id\":\"https:\\\/\\\/ranoja.ee\\\/toode\\\/optibeam-juhtmestik-kahele-tulele-4-pin-dtp\\\/#primaryimage\"},\"image\":{\"@id\":\"https:\\\/\\\/ranoja.ee\\\/toode\\\/optibeam-juhtmestik-kahele-tulele-4-pin-dtp\\\/#primaryimage\"},\"thumbnailUrl\":\"https:\\\/\\\/ranoja.ee\\\/wp-content\\\/uploads\\\/2023\\\/10\\\/1605-WK055_002.jpg\",\"datePublished\":\"2023-10-13T05:48:57+00:00\",\"dateModified\":\"2025-12-10T13:10:37+00:00\",\"description\":\"OPTIBEAM juhtmestik kahele tulele 4-pin DTP Juhtmestiku komplekt sobib kasutamiseks 12 V kui ka 24 V elektri s\u00fcsteemidele.\",\"breadcrumb\":{\"@id\":\"https:\\\/\\\/ranoja.ee\\\/toode\\\/optibeam-juhtmestik-kahele-tulele-4-pin-dtp\\\/#breadcrumb\"},\"inLanguage\":\"en-US\",\"potentialAction\":[{\"@type\":\"ReadAction\",\"target\":[\"https:\\\/\\\/ranoja.ee\\\/toode\\\/optibeam-juhtmestik-kahele-tulele-4-pin-dtp\\\/\"]}]},{\"@type\":\"ImageObject\",\"inLanguage\":\"en-US\",\"@id\":\"https:\\\/\\\/ranoja.ee\\\/toode\\\/optibeam-juhtmestik-kahele-tulele-4-pin-dtp\\\/#primaryimage\",\"url\":\"https:\\\/\\\/ranoja.ee\\\/wp-content\\\/uploads\\\/2023\\\/10\\\/1605-WK055_002.jpg\",\"contentUrl\":\"https:\\\/\\\/ranoja.ee\\\/wp-content\\\/uploads\\\/2023\\\/10\\\/1605-WK055_002.jpg\",\"width\":800,\"height\":600},{\"@type\":\"BreadcrumbList\",\"@id\":\"https:\\\/\\\/ranoja.ee\\\/toode\\\/optibeam-juhtmestik-kahele-tulele-4-pin-dtp\\\/#breadcrumb\",\"itemListElement\":[{\"@type\":\"ListItem\",\"position\":1,\"name\":\"Home\",\"item\":\"https:\\\/\\\/ranoja.ee\\\/\"},{\"@type\":\"ListItem\",\"position\":2,\"name\":\"Shop\",\"item\":\"https:\\\/\\\/ranoja.ee\\\/en\\\/shop\\\/\"},{\"@type\":\"ListItem\",\"position\":3,\"name\":\"OPTIBEAM juhtmestik kahele tulele 4-pin DTP\"}]},{\"@type\":\"WebSite\",\"@id\":\"https:\\\/\\\/ranoja.ee\\\/#website\",\"url\":\"https:\\\/\\\/ranoja.ee\\\/\",\"name\":\"Ranoja\",\"description\":\"Equipment Shop WooCommerce WordPress Theme for Machine &amp; Tools\",\"publisher\":{\"@id\":\"https:\\\/\\\/ranoja.ee\\\/#organization\"},\"potentialAction\":[{\"@type\":\"SearchAction\",\"target\":{\"@type\":\"EntryPoint\",\"urlTemplate\":\"https:\\\/\\\/ranoja.ee\\\/?s={search_term_string}\"},\"query-input\":{\"@type\":\"PropertyValueSpecification\",\"valueRequired\":true,\"valueName\":\"search_term_string\"}}],\"inLanguage\":\"en-US\"},{\"@type\":\"Organization\",\"@id\":\"https:\\\/\\\/ranoja.ee\\\/#organization\",\"name\":\"Ranoja O\u00dc\",\"url\":\"https:\\\/\\\/ranoja.ee\\\/\",\"logo\":{\"@type\":\"ImageObject\",\"inLanguage\":\"en-US\",\"@id\":\"https:\\\/\\\/ranoja.ee\\\/#\\\/schema\\\/logo\\\/image\\\/\",\"url\":\"https:\\\/\\\/ranoja.ee\\\/wp-content\\\/uploads\\\/2023\\\/11\\\/ranoja-Logo.png\",\"contentUrl\":\"https:\\\/\\\/ranoja.ee\\\/wp-content\\\/uploads\\\/2023\\\/11\\\/ranoja-Logo.png\",\"width\":207,\"height\":58,\"caption\":\"Ranoja O\u00dc\"},\"image\":{\"@id\":\"https:\\\/\\\/ranoja.ee\\\/#\\\/schema\\\/logo\\\/image\\\/\"},\"sameAs\":[\"https:\\\/\\\/www.facebook.com\\\/ranoja.ee\",\"https:\\\/\\\/www.instagram.com\\\/ranoja__\\\/\"]}]}<\/script>\n<!-- \/ Yoast SEO plugin. -->","yoast_head_json":{"title":"OPTIBEAM juhtmestik kahele tulele 4-pin DTP","description":"OPTIBEAM juhtmestik kahele tulele 4-pin DTP Juhtmestiku komplekt sobib kasutamiseks 12 V kui ka 24 V elektri s\u00fcsteemidele.","robots":{"index":"index","follow":"follow","max-snippet":"max-snippet:-1","max-image-preview":"max-image-preview:large","max-video-preview":"max-video-preview:-1"},"canonical":"https:\/\/ranoja.ee\/toode\/optibeam-juhtmestik-kahele-tulele-4-pin-dtp\/","og_locale":"en_US","og_type":"article","og_title":"OPTIBEAM juhtmestik kahele tulele 4-pin DTP","og_description":"OPTIBEAM juhtmestik kahele tulele 4-pin DTP Juhtmestiku komplekt sobib kasutamiseks 12 V kui ka 24 V elektri s\u00fcsteemidele.","og_url":"https:\/\/ranoja.ee\/toode\/optibeam-juhtmestik-kahele-tulele-4-pin-dtp\/","og_site_name":"Ranoja","article_publisher":"https:\/\/www.facebook.com\/ranoja.ee","article_modified_time":"2025-12-10T13:10:37+00:00","og_image":[{"width":800,"height":600,"url":"https:\/\/ranoja.ee\/wp-content\/uploads\/2023\/10\/1605-WK055_002.jpg","type":"image\/jpeg"}],"twitter_card":"summary_large_image","twitter_misc":{"Est. reading time":"1 minute"},"schema":{"@context":"https:\/\/schema.org","@graph":[{"@type":"WebPage","@id":"https:\/\/ranoja.ee\/toode\/optibeam-juhtmestik-kahele-tulele-4-pin-dtp\/","url":"https:\/\/ranoja.ee\/toode\/optibeam-juhtmestik-kahele-tulele-4-pin-dtp\/","name":"OPTIBEAM juhtmestik kahele tulele 4-pin DTP","isPartOf":{"@id":"https:\/\/ranoja.ee\/#website"},"primaryImageOfPage":{"@id":"https:\/\/ranoja.ee\/toode\/optibeam-juhtmestik-kahele-tulele-4-pin-dtp\/#primaryimage"},"image":{"@id":"https:\/\/ranoja.ee\/toode\/optibeam-juhtmestik-kahele-tulele-4-pin-dtp\/#primaryimage"},"thumbnailUrl":"https:\/\/ranoja.ee\/wp-content\/uploads\/2023\/10\/1605-WK055_002.jpg","datePublished":"2023-10-13T05:48:57+00:00","dateModified":"2025-12-10T13:10:37+00:00","description":"OPTIBEAM juhtmestik kahele tulele 4-pin DTP Juhtmestiku komplekt sobib kasutamiseks 12 V kui ka 24 V elektri s\u00fcsteemidele.","breadcrumb":{"@id":"https:\/\/ranoja.ee\/toode\/optibeam-juhtmestik-kahele-tulele-4-pin-dtp\/#breadcrumb"},"inLanguage":"en-US","potentialAction":[{"@type":"ReadAction","target":["https:\/\/ranoja.ee\/toode\/optibeam-juhtmestik-kahele-tulele-4-pin-dtp\/"]}]},{"@type":"ImageObject","inLanguage":"en-US","@id":"https:\/\/ranoja.ee\/toode\/optibeam-juhtmestik-kahele-tulele-4-pin-dtp\/#primaryimage","url":"https:\/\/ranoja.ee\/wp-content\/uploads\/2023\/10\/1605-WK055_002.jpg","contentUrl":"https:\/\/ranoja.ee\/wp-content\/uploads\/2023\/10\/1605-WK055_002.jpg","width":800,"height":600},{"@type":"BreadcrumbList","@id":"https:\/\/ranoja.ee\/toode\/optibeam-juhtmestik-kahele-tulele-4-pin-dtp\/#breadcrumb","itemListElement":[{"@type":"ListItem","position":1,"name":"Home","item":"https:\/\/ranoja.ee\/"},{"@type":"ListItem","position":2,"name":"Shop","item":"https:\/\/ranoja.ee\/en\/shop\/"},{"@type":"ListItem","position":3,"name":"OPTIBEAM juhtmestik kahele tulele 4-pin DTP"}]},{"@type":"WebSite","@id":"https:\/\/ranoja.ee\/#website","url":"https:\/\/ranoja.ee\/","name":"Ranoja","description":"Equipment Shop WooCommerce WordPress Theme for Machine &amp; Tools","publisher":{"@id":"https:\/\/ranoja.ee\/#organization"},"potentialAction":[{"@type":"SearchAction","target":{"@type":"EntryPoint","urlTemplate":"https:\/\/ranoja.ee\/?s={search_term_string}"},"query-input":{"@type":"PropertyValueSpecification","valueRequired":true,"valueName":"search_term_string"}}],"inLanguage":"en-US"},{"@type":"Organization","@id":"https:\/\/ranoja.ee\/#organization","name":"Ranoja O\u00dc","url":"https:\/\/ranoja.ee\/","logo":{"@type":"ImageObject","inLanguage":"en-US","@id":"https:\/\/ranoja.ee\/#\/schema\/logo\/image\/","url":"https:\/\/ranoja.ee\/wp-content\/uploads\/2023\/11\/ranoja-Logo.png","contentUrl":"https:\/\/ranoja.ee\/wp-content\/uploads\/2023\/11\/ranoja-Logo.png","width":207,"height":58,"caption":"Ranoja O\u00dc"},"image":{"@id":"https:\/\/ranoja.ee\/#\/schema\/logo\/image\/"},"sameAs":["https:\/\/www.facebook.com\/ranoja.ee","https:\/\/www.instagram.com\/ranoja__\/"]}]}},"_links":{"self":[{"href":"https:\/\/ranoja.ee\/en\/wp-json\/wp\/v2\/product\/6369","targetHints":{"allow":["GET"]}}],"collection":[{"href":"https:\/\/ranoja.ee\/en\/wp-json\/wp\/v2\/product"}],"about":[{"href":"https:\/\/ranoja.ee\/en\/wp-json\/wp\/v2\/types\/product"}],"wp:featuredmedia":[{"embeddable":true,"href":"https:\/\/ranoja.ee\/en\/wp-json\/wp\/v2\/media\/6370"}],"wp:attachment":[{"href":"https:\/\/ranoja.ee\/en\/wp-json\/wp\/v2\/media?parent=6369"}],"wp:term":[{"taxonomy":"product_cat","embeddable":true,"href":"https:\/\/ranoja.ee\/en\/wp-json\/wp\/v2\/product_cat?post=6369"},{"taxonomy":"product_tag","embeddable":true,"href":"https:\/\/ranoja.ee\/en\/wp-json\/wp\/v2\/product_tag?post=6369"}],"curies":[{"name":"wp","href":"https:\/\/api.w.org\/{rel}","templated":true}]}}